{"id":13326,"date":"2022-04-12T15:06:39","date_gmt":"2022-04-12T13:06:39","guid":{"rendered":"https:\/\/pb.edu.pl\/sjo\/?page_id=13326"},"modified":"2022-09-16T13:26:01","modified_gmt":"2022-09-16T11:26:01","slug":"intensywny-kurs-a2","status":"publish","type":"page","link":"https:\/\/pb.edu.pl\/sjo\/polilingua\/intensywny-kurs-a2\/","title":{"rendered":"Intensywny kurs A2"},"content":{"rendered":"<p><strong><img loading=\"lazy\" decoding=\"async\" class=\"alignleft wp-image-13431\" src=\"https:\/\/pb.edu.pl\/sjo\/wp-content\/uploads\/sites\/9\/2022\/04\/2-300x200.png\" alt=\"\" width=\"350\" height=\"233\" srcset=\"https:\/\/pb.edu.pl\/sjo\/wp-content\/uploads\/sites\/9\/2022\/04\/2-300x200.png 300w, https:\/\/pb.edu.pl\/sjo\/wp-content\/uploads\/sites\/9\/2022\/04\/2-768x512.png 768w, https:\/\/pb.edu.pl\/sjo\/wp-content\/uploads\/sites\/9\/2022\/04\/2-480x320.png 480w, https:\/\/pb.edu.pl\/sjo\/wp-content\/uploads\/sites\/9\/2022\/04\/2.png 799w\" sizes=\"auto, (max-width: 350px) 100vw, 350px\" \/>Intensive English Language Course dla pocz\u0105tkuj\u0105cych <\/strong>(pre-intermediate) dost\u0119pny jest dla ka\u017cdego. Zapraszamy zar\u00f3wno osoby z Politechniki Bia\u0142ostockiej, jak i spoza uczelni.<br \/>\nKurs obejmuje <strong>100 godzin zaj\u0119\u0107<\/strong>, 8h tygodniowo oraz 10h pracy w\u0142asnej kursanta.<\/p>\n<p>Zaj\u0119cia odbywaj\u0105 si\u0119 <a href=\"https:\/\/www.britishcouncil.pl\/angielski\/poziomy-dorosli\/a2\">na poziomie A2<\/a>.<\/p>\n<div>&nbsp;<\/div>\n<div>&nbsp;<\/div>\n<div class=\"h2\">Intensywny kurs j\u0119zyka angielskiego w POLILINGUA to:<\/div>\n<ul>\n<li>\u015bwietny spos\u00f3b na zanurzenie si\u0119 w j\u0119zyku<\/li>\n<li>zaj\u0119cia przygotowane oraz prowadzone przez do\u015bwiadczon\u0105 kadr\u0119 Studium J\u0119zyk\u00f3w Obcych<\/li>\n<li>atrakcyjne materia\u0142y dydaktyczne<\/li>\n<li>du\u017co praktycznej wiedzy<\/li>\n<li>nacisk na m\u00f3wienie i aktywne u\u017cywanie j\u0119zyka<\/li>\n<\/ul>\n<p>Zaj\u0119cia odbywaj\u0105 si\u0119 w przystosowanych salach dydaktycznych Centrum Nowoczesnego Kszta\u0142cenia Politechniki Bia\u0142ostockiej.<\/p>\n<p><a href=\"https:\/\/pb.edu.pl\/sjo\/wp-content\/uploads\/sites\/9\/2022\/04\/PROGRAM-A2.pdf\">PROGRAM INTENSYWNEGO KURSU J\u0118ZYKA ANGIELSKIEGO NA POZIOMIE A2\/INTENSIVE ENGLISH LANGUAGE COURSE PRE-INTERMEDIATE<\/a><\/p>\n<p><strong><a href=\"https:\/\/pb.edu.pl\/sjo\/polilingua\/kontakt\/\">Zapraszamy do kontaktu.<\/a><\/strong><\/p>\n","protected":false},"excerpt":{"rendered":"<p>Intensive English Language Course dla pocz\u0105tkuj\u0105cych (pre-intermediate) dost\u0119pny jest dla ka\u017cdego. Zapraszamy zar\u00f3wno osoby z<\/p>\n","protected":false},"author":38,"featured_media":0,"parent":13364,"menu_order":0,"comment_status":"closed","ping_status":"closed","template":"","meta":{"_acf_changed":false,"ngg_post_thumbnail":0,"footnotes":""},"class_list":["post-13326","page","type-page","status-publish","hentry"],"acf":[],"yoast_head":"<!-- This site is optimized with the Yoast SEO plugin v27.0 - https:\/\/yoast.com\/product\/yoast-seo-wordpress\/ -->\n<title>Intensywny kurs A2 - Studium J\u0119zyk\u00f3w Obcych<\/title>\n<meta name=\"description\" content=\"Intensive English Language Course dla pocz\u0105tkuj\u0105cych (pre-intermediate) dost\u0119pny jest dla ka\u017cdego. Zapraszamy zar\u00f3wno osoby z Politechniki Bia\u0142ostockiej,\" \/>\n<meta name=\"robots\" content=\"index, follow, max-snippet:-1, max-image-preview:large, max-video-preview:-1\" \/>\n<link rel=\"canonical\" href=\"https:\/\/pb.edu.pl\/sjo\/polilingua\/intensywny-kurs-a2\/\" \/>\n<meta property=\"og:locale\" content=\"pl_PL\" \/>\n<meta property=\"og:type\" content=\"article\" \/>\n<meta property=\"og:title\" content=\"Intensywny kurs A2 - Studium J\u0119zyk\u00f3w Obcych\" \/>\n<meta property=\"og:description\" content=\"Intensive English Language Course dla pocz\u0105tkuj\u0105cych (pre-intermediate) dost\u0119pny jest dla ka\u017cdego. Zapraszamy zar\u00f3wno osoby z Politechniki Bia\u0142ostockiej,\" \/>\n<meta property=\"og:url\" content=\"https:\/\/pb.edu.pl\/sjo\/polilingua\/intensywny-kurs-a2\/\" \/>\n<meta property=\"og:site_name\" content=\"Studium J\u0119zyk\u00f3w Obcych\" \/>\n<meta property=\"article:modified_time\" content=\"2022-09-16T11:26:01+00:00\" \/>\n<meta property=\"og:image\" content=\"https:\/\/pb.edu.pl\/sjo\/wp-content\/uploads\/sites\/9\/2022\/04\/2-300x200.png\" \/>\n<meta name=\"twitter:label1\" content=\"Szacowany czas czytania\" \/>\n\t<meta name=\"twitter:data1\" content=\"1 minuta\" \/>\n<script type=\"application\/ld+json\" class=\"yoast-schema-graph\">{\"@context\":\"https:\/\/schema.org\",\"@graph\":[{\"@type\":\"WebPage\",\"@id\":\"https:\/\/pb.edu.pl\/sjo\/polilingua\/intensywny-kurs-a2\/\",\"url\":\"https:\/\/pb.edu.pl\/sjo\/polilingua\/intensywny-kurs-a2\/\",\"name\":\"Intensywny kurs A2 - Studium J\u0119zyk\u00f3w Obcych\",\"isPartOf\":{\"@id\":\"https:\/\/pb.edu.pl\/sjo\/#website\"},\"primaryImageOfPage\":{\"@id\":\"https:\/\/pb.edu.pl\/sjo\/polilingua\/intensywny-kurs-a2\/#primaryimage\"},\"image\":{\"@id\":\"https:\/\/pb.edu.pl\/sjo\/polilingua\/intensywny-kurs-a2\/#primaryimage\"},\"thumbnailUrl\":\"https:\/\/pb.edu.pl\/sjo\/wp-content\/uploads\/sites\/9\/2022\/04\/2-300x200.png\",\"datePublished\":\"2022-04-12T13:06:39+00:00\",\"dateModified\":\"2022-09-16T11:26:01+00:00\",\"description\":\"Intensive English Language Course dla pocz\u0105tkuj\u0105cych (pre-intermediate) dost\u0119pny jest dla ka\u017cdego. Zapraszamy zar\u00f3wno osoby z Politechniki Bia\u0142ostockiej,\",\"breadcrumb\":{\"@id\":\"https:\/\/pb.edu.pl\/sjo\/polilingua\/intensywny-kurs-a2\/#breadcrumb\"},\"inLanguage\":\"pl-PL\",\"potentialAction\":[{\"@type\":\"ReadAction\",\"target\":[\"https:\/\/pb.edu.pl\/sjo\/polilingua\/intensywny-kurs-a2\/\"]}]},{\"@type\":\"ImageObject\",\"inLanguage\":\"pl-PL\",\"@id\":\"https:\/\/pb.edu.pl\/sjo\/polilingua\/intensywny-kurs-a2\/#primaryimage\",\"url\":\"https:\/\/pb.edu.pl\/sjo\/wp-content\/uploads\/sites\/9\/2022\/04\/2.png\",\"contentUrl\":\"https:\/\/pb.edu.pl\/sjo\/wp-content\/uploads\/sites\/9\/2022\/04\/2.png\",\"width\":799,\"height\":533},{\"@type\":\"BreadcrumbList\",\"@id\":\"https:\/\/pb.edu.pl\/sjo\/polilingua\/intensywny-kurs-a2\/#breadcrumb\",\"itemListElement\":[{\"@type\":\"ListItem\",\"position\":1,\"name\":\"Home\",\"item\":\"https:\/\/pb.edu.pl\/sjo\/\"},{\"@type\":\"ListItem\",\"position\":2,\"name\":\"Polilingua\",\"item\":\"https:\/\/pb.edu.pl\/sjo\/polilingua\/\"},{\"@type\":\"ListItem\",\"position\":3,\"name\":\"Intensywny kurs A2\"}]},{\"@type\":\"WebSite\",\"@id\":\"https:\/\/pb.edu.pl\/sjo\/#website\",\"url\":\"https:\/\/pb.edu.pl\/sjo\/\",\"name\":\"Studium J\u0119zyk\u00f3w Obcych\",\"description\":\"\",\"potentialAction\":[{\"@type\":\"SearchAction\",\"target\":{\"@type\":\"EntryPoint\",\"urlTemplate\":\"https:\/\/pb.edu.pl\/sjo\/?s={search_term_string}\"},\"query-input\":{\"@type\":\"PropertyValueSpecification\",\"valueRequired\":true,\"valueName\":\"search_term_string\"}}],\"inLanguage\":\"pl-PL\"}]}<\/script>\n<!-- \/ Yoast SEO plugin. -->","yoast_head_json":{"title":"Intensywny kurs A2 - Studium J\u0119zyk\u00f3w Obcych","description":"Intensive English Language Course dla pocz\u0105tkuj\u0105cych (pre-intermediate) dost\u0119pny jest dla ka\u017cdego. Zapraszamy zar\u00f3wno osoby z Politechniki Bia\u0142ostockiej,","robots":{"index":"index","follow":"follow","max-snippet":"max-snippet:-1","max-image-preview":"max-image-preview:large","max-video-preview":"max-video-preview:-1"},"canonical":"https:\/\/pb.edu.pl\/sjo\/polilingua\/intensywny-kurs-a2\/","og_locale":"pl_PL","og_type":"article","og_title":"Intensywny kurs A2 - Studium J\u0119zyk\u00f3w Obcych","og_description":"Intensive English Language Course dla pocz\u0105tkuj\u0105cych (pre-intermediate) dost\u0119pny jest dla ka\u017cdego. Zapraszamy zar\u00f3wno osoby z Politechniki Bia\u0142ostockiej,","og_url":"https:\/\/pb.edu.pl\/sjo\/polilingua\/intensywny-kurs-a2\/","og_site_name":"Studium J\u0119zyk\u00f3w Obcych","article_modified_time":"2022-09-16T11:26:01+00:00","og_image":[{"url":"https:\/\/pb.edu.pl\/sjo\/wp-content\/uploads\/sites\/9\/2022\/04\/2-300x200.png","type":"","width":"","height":""}],"twitter_misc":{"Szacowany czas czytania":"1 minuta"},"schema":{"@context":"https:\/\/schema.org","@graph":[{"@type":"WebPage","@id":"https:\/\/pb.edu.pl\/sjo\/polilingua\/intensywny-kurs-a2\/","url":"https:\/\/pb.edu.pl\/sjo\/polilingua\/intensywny-kurs-a2\/","name":"Intensywny kurs A2 - Studium J\u0119zyk\u00f3w Obcych","isPartOf":{"@id":"https:\/\/pb.edu.pl\/sjo\/#website"},"primaryImageOfPage":{"@id":"https:\/\/pb.edu.pl\/sjo\/polilingua\/intensywny-kurs-a2\/#primaryimage"},"image":{"@id":"https:\/\/pb.edu.pl\/sjo\/polilingua\/intensywny-kurs-a2\/#primaryimage"},"thumbnailUrl":"https:\/\/pb.edu.pl\/sjo\/wp-content\/uploads\/sites\/9\/2022\/04\/2-300x200.png","datePublished":"2022-04-12T13:06:39+00:00","dateModified":"2022-09-16T11:26:01+00:00","description":"Intensive English Language Course dla pocz\u0105tkuj\u0105cych (pre-intermediate) dost\u0119pny jest dla ka\u017cdego. Zapraszamy zar\u00f3wno osoby z Politechniki Bia\u0142ostockiej,","breadcrumb":{"@id":"https:\/\/pb.edu.pl\/sjo\/polilingua\/intensywny-kurs-a2\/#breadcrumb"},"inLanguage":"pl-PL","potentialAction":[{"@type":"ReadAction","target":["https:\/\/pb.edu.pl\/sjo\/polilingua\/intensywny-kurs-a2\/"]}]},{"@type":"ImageObject","inLanguage":"pl-PL","@id":"https:\/\/pb.edu.pl\/sjo\/polilingua\/intensywny-kurs-a2\/#primaryimage","url":"https:\/\/pb.edu.pl\/sjo\/wp-content\/uploads\/sites\/9\/2022\/04\/2.png","contentUrl":"https:\/\/pb.edu.pl\/sjo\/wp-content\/uploads\/sites\/9\/2022\/04\/2.png","width":799,"height":533},{"@type":"BreadcrumbList","@id":"https:\/\/pb.edu.pl\/sjo\/polilingua\/intensywny-kurs-a2\/#breadcrumb","itemListElement":[{"@type":"ListItem","position":1,"name":"Home","item":"https:\/\/pb.edu.pl\/sjo\/"},{"@type":"ListItem","position":2,"name":"Polilingua","item":"https:\/\/pb.edu.pl\/sjo\/polilingua\/"},{"@type":"ListItem","position":3,"name":"Intensywny kurs A2"}]},{"@type":"WebSite","@id":"https:\/\/pb.edu.pl\/sjo\/#website","url":"https:\/\/pb.edu.pl\/sjo\/","name":"Studium J\u0119zyk\u00f3w Obcych","description":"","potentialAction":[{"@type":"SearchAction","target":{"@type":"EntryPoint","urlTemplate":"https:\/\/pb.edu.pl\/sjo\/?s={search_term_string}"},"query-input":{"@type":"PropertyValueSpecification","valueRequired":true,"valueName":"search_term_string"}}],"inLanguage":"pl-PL"}]}},"_links":{"self":[{"href":"https:\/\/pb.edu.pl\/sjo\/wp-json\/wp\/v2\/pages\/13326","targetHints":{"allow":["GET"]}}],"collection":[{"href":"https:\/\/pb.edu.pl\/sjo\/wp-json\/wp\/v2\/pages"}],"about":[{"href":"https:\/\/pb.edu.pl\/sjo\/wp-json\/wp\/v2\/types\/page"}],"author":[{"embeddable":true,"href":"https:\/\/pb.edu.pl\/sjo\/wp-json\/wp\/v2\/users\/38"}],"replies":[{"embeddable":true,"href":"https:\/\/pb.edu.pl\/sjo\/wp-json\/wp\/v2\/comments?post=13326"}],"version-history":[{"count":0,"href":"https:\/\/pb.edu.pl\/sjo\/wp-json\/wp\/v2\/pages\/13326\/revisions"}],"up":[{"embeddable":true,"href":"https:\/\/pb.edu.pl\/sjo\/wp-json\/wp\/v2\/pages\/13364"}],"wp:attachment":[{"href":"https:\/\/pb.edu.pl\/sjo\/wp-json\/wp\/v2\/media?parent=13326"}],"curies":[{"name":"wp","href":"https:\/\/api.w.org\/{rel}","templated":true}]}}