{"id":13319,"date":"2022-04-08T11:42:49","date_gmt":"2022-04-08T09:42:49","guid":{"rendered":"https:\/\/pb.edu.pl\/sjo\/?page_id=13319"},"modified":"2022-04-08T12:02:18","modified_gmt":"2022-04-08T10:02:18","slug":"informacja-o-studium-jezykow-obcych-w-tekscie-latwym-do-czytania-etr","status":"publish","type":"page","link":"https:\/\/pb.edu.pl\/sjo\/o-nas\/informacja-o-studium-jezykow-obcych-w-tekscie-latwym-do-czytania-etr\/","title":{"rendered":"Informacja o Studium J\u0119zyk\u00f3w Obcych w tek\u015bcie \u0142atwym do czytania \u2013 ETR"},"content":{"rendered":"<p><span style=\"font-size: 14pt\">Studium J\u0119zyk\u00f3w Obcych to jednostka Politechniki Bia\u0142ostockiej, kt\u00f3ra:<\/span><\/p>\n<ul>\n<li><span style=\"font-size: 14pt\">prowadzi zaj\u0119cia dla student\u00f3w z j\u0119zyk\u00f3w: angielski, niemiecki, rosyjski oraz hiszpa\u0144ski;<\/span><\/li>\n<li><span style=\"font-size: 14pt\">przeprowadza egzaminy z j\u0119zyk\u00f3w: angielski, rosyjski i niemiecki;<\/span><\/li>\n<li><span style=\"font-size: 14pt\">organizuje spotkania kulturowe<\/span><\/li>\n<li><span style=\"font-size: 14pt\">bierze udzia\u0142 w projektach j\u0119zykowych<\/span><\/li>\n<li><span style=\"font-size: 14pt\">t\u0142umaczy teksty z j\u0119zyk\u00f3w: angielski, rosyjski<\/span><\/li>\n<li><span style=\"font-size: 14pt\">przeprowadza egzaminy ETS Global jako jedyna w regionie.<\/span><\/li>\n<\/ul>\n<p><span style=\"font-size: 14pt\">W Studium dzia\u0142a Centrum J\u0119zyka i Kultury Polskiej POLISH LAB. Prowadzi kursy j\u0119zyka polskiego jako obcego oraz organizuje egzaminy pa\u0144stwowe.<\/span><\/p>\n<p><span style=\"font-size: 14pt\">Je\u015bli chcesz si\u0119 skontaktowa\u0107 ze Studium mo\u017cesz:<\/span><\/p>\n<ul>\n<li><span style=\"font-size: 14pt\">napisa\u0107 pismo i wys\u0142a\u0107 je na adres:<\/span><br \/>\n<span style=\"font-size: 14pt\">Studium J\u0119zyk\u00f3w Obcych<\/span><br \/>\n<span style=\"font-size: 14pt\">ul. Zwierzyniecka 16<\/span><br \/>\n<span style=\"font-size: 14pt\">15-333 Bia\u0142ystok<\/span><\/li>\n<li><span style=\"font-size: 14pt\">wys\u0142a\u0107 e-mail na adres: sjo@pb.edu.pl<\/span><\/li>\n<li><span style=\"font-size: 14pt\">zadzwoni\u0107 sam lub przy pomocy innej osoby na numer telefonu: 85 746 90 21<\/span><\/li>\n<li><span style=\"font-size: 14pt\">Studium znajduje si\u0119 w budynku CNK, przy ulicy Zwierzynieckiej 16, w pokoju 13 na drugim pi\u0119trze.<\/span><\/li>\n<\/ul>\n","protected":false},"excerpt":{"rendered":"<p>Studium J\u0119zyk\u00f3w Obcych to jednostka Politechniki Bia\u0142ostockiej, kt\u00f3ra: prowadzi zaj\u0119cia dla student\u00f3w z j\u0119zyk\u00f3w: angielski,<\/p>\n","protected":false},"author":38,"featured_media":0,"parent":14,"menu_order":0,"comment_status":"closed","ping_status":"closed","template":"","meta":{"_acf_changed":false,"ngg_post_thumbnail":0,"footnotes":""},"class_list":["post-13319","page","type-page","status-publish","hentry"],"acf":[],"yoast_head":"<!-- This site is optimized with the Yoast SEO plugin v27.0 - https:\/\/yoast.com\/product\/yoast-seo-wordpress\/ -->\n<title>Informacja o Studium J\u0119zyk\u00f3w Obcych w tek\u015bcie \u0142atwym do czytania \u2013 ETR - Studium J\u0119zyk\u00f3w Obcych<\/title>\n<meta name=\"description\" content=\"Studium J\u0119zyk\u00f3w Obcych to jednostka Politechniki Bia\u0142ostockiej, kt\u00f3ra: prowadzi zaj\u0119cia dla student\u00f3w z j\u0119zyk\u00f3w: angielski, niemiecki, rosyjski oraz\" \/>\n<meta name=\"robots\" content=\"index, follow, max-snippet:-1, max-image-preview:large, max-video-preview:-1\" \/>\n<link rel=\"canonical\" href=\"https:\/\/pb.edu.pl\/sjo\/o-nas\/informacja-o-studium-jezykow-obcych-w-tekscie-latwym-do-czytania-etr\/\" \/>\n<meta property=\"og:locale\" content=\"pl_PL\" \/>\n<meta property=\"og:type\" content=\"article\" \/>\n<meta property=\"og:title\" content=\"Informacja o Studium J\u0119zyk\u00f3w Obcych w tek\u015bcie \u0142atwym do czytania \u2013 ETR - Studium J\u0119zyk\u00f3w Obcych\" \/>\n<meta property=\"og:description\" content=\"Studium J\u0119zyk\u00f3w Obcych to jednostka Politechniki Bia\u0142ostockiej, kt\u00f3ra: prowadzi zaj\u0119cia dla student\u00f3w z j\u0119zyk\u00f3w: angielski, niemiecki, rosyjski oraz\" \/>\n<meta property=\"og:url\" content=\"https:\/\/pb.edu.pl\/sjo\/o-nas\/informacja-o-studium-jezykow-obcych-w-tekscie-latwym-do-czytania-etr\/\" \/>\n<meta property=\"og:site_name\" content=\"Studium J\u0119zyk\u00f3w Obcych\" \/>\n<meta property=\"article:modified_time\" content=\"2022-04-08T10:02:18+00:00\" \/>\n<meta name=\"twitter:label1\" content=\"Szacowany czas czytania\" \/>\n\t<meta name=\"twitter:data1\" content=\"1 minuta\" \/>\n<script type=\"application\/ld+json\" class=\"yoast-schema-graph\">{\"@context\":\"https:\/\/schema.org\",\"@graph\":[{\"@type\":\"WebPage\",\"@id\":\"https:\/\/pb.edu.pl\/sjo\/o-nas\/informacja-o-studium-jezykow-obcych-w-tekscie-latwym-do-czytania-etr\/\",\"url\":\"https:\/\/pb.edu.pl\/sjo\/o-nas\/informacja-o-studium-jezykow-obcych-w-tekscie-latwym-do-czytania-etr\/\",\"name\":\"Informacja o Studium J\u0119zyk\u00f3w Obcych w tek\u015bcie \u0142atwym do czytania \u2013 ETR - Studium J\u0119zyk\u00f3w Obcych\",\"isPartOf\":{\"@id\":\"https:\/\/pb.edu.pl\/sjo\/#website\"},\"datePublished\":\"2022-04-08T09:42:49+00:00\",\"dateModified\":\"2022-04-08T10:02:18+00:00\",\"description\":\"Studium J\u0119zyk\u00f3w Obcych to jednostka Politechniki Bia\u0142ostockiej, kt\u00f3ra: prowadzi zaj\u0119cia dla student\u00f3w z j\u0119zyk\u00f3w: angielski, niemiecki, rosyjski oraz\",\"breadcrumb\":{\"@id\":\"https:\/\/pb.edu.pl\/sjo\/o-nas\/informacja-o-studium-jezykow-obcych-w-tekscie-latwym-do-czytania-etr\/#breadcrumb\"},\"inLanguage\":\"pl-PL\",\"potentialAction\":[{\"@type\":\"ReadAction\",\"target\":[\"https:\/\/pb.edu.pl\/sjo\/o-nas\/informacja-o-studium-jezykow-obcych-w-tekscie-latwym-do-czytania-etr\/\"]}]},{\"@type\":\"BreadcrumbList\",\"@id\":\"https:\/\/pb.edu.pl\/sjo\/o-nas\/informacja-o-studium-jezykow-obcych-w-tekscie-latwym-do-czytania-etr\/#breadcrumb\",\"itemListElement\":[{\"@type\":\"ListItem\",\"position\":1,\"name\":\"Home\",\"item\":\"https:\/\/pb.edu.pl\/sjo\/\"},{\"@type\":\"ListItem\",\"position\":2,\"name\":\"O nas\",\"item\":\"https:\/\/pb.edu.pl\/sjo\/o-nas\/\"},{\"@type\":\"ListItem\",\"position\":3,\"name\":\"Informacja o Studium J\u0119zyk\u00f3w Obcych w tek\u015bcie \u0142atwym do czytania \u2013 ETR\"}]},{\"@type\":\"WebSite\",\"@id\":\"https:\/\/pb.edu.pl\/sjo\/#website\",\"url\":\"https:\/\/pb.edu.pl\/sjo\/\",\"name\":\"Studium J\u0119zyk\u00f3w Obcych\",\"description\":\"\",\"potentialAction\":[{\"@type\":\"SearchAction\",\"target\":{\"@type\":\"EntryPoint\",\"urlTemplate\":\"https:\/\/pb.edu.pl\/sjo\/?s={search_term_string}\"},\"query-input\":{\"@type\":\"PropertyValueSpecification\",\"valueRequired\":true,\"valueName\":\"search_term_string\"}}],\"inLanguage\":\"pl-PL\"}]}<\/script>\n<!-- \/ Yoast SEO plugin. -->","yoast_head_json":{"title":"Informacja o Studium J\u0119zyk\u00f3w Obcych w tek\u015bcie \u0142atwym do czytania \u2013 ETR - Studium J\u0119zyk\u00f3w Obcych","description":"Studium J\u0119zyk\u00f3w Obcych to jednostka Politechniki Bia\u0142ostockiej, kt\u00f3ra: prowadzi zaj\u0119cia dla student\u00f3w z j\u0119zyk\u00f3w: angielski, niemiecki, rosyjski oraz","robots":{"index":"index","follow":"follow","max-snippet":"max-snippet:-1","max-image-preview":"max-image-preview:large","max-video-preview":"max-video-preview:-1"},"canonical":"https:\/\/pb.edu.pl\/sjo\/o-nas\/informacja-o-studium-jezykow-obcych-w-tekscie-latwym-do-czytania-etr\/","og_locale":"pl_PL","og_type":"article","og_title":"Informacja o Studium J\u0119zyk\u00f3w Obcych w tek\u015bcie \u0142atwym do czytania \u2013 ETR - Studium J\u0119zyk\u00f3w Obcych","og_description":"Studium J\u0119zyk\u00f3w Obcych to jednostka Politechniki Bia\u0142ostockiej, kt\u00f3ra: prowadzi zaj\u0119cia dla student\u00f3w z j\u0119zyk\u00f3w: angielski, niemiecki, rosyjski oraz","og_url":"https:\/\/pb.edu.pl\/sjo\/o-nas\/informacja-o-studium-jezykow-obcych-w-tekscie-latwym-do-czytania-etr\/","og_site_name":"Studium J\u0119zyk\u00f3w Obcych","article_modified_time":"2022-04-08T10:02:18+00:00","twitter_misc":{"Szacowany czas czytania":"1 minuta"},"schema":{"@context":"https:\/\/schema.org","@graph":[{"@type":"WebPage","@id":"https:\/\/pb.edu.pl\/sjo\/o-nas\/informacja-o-studium-jezykow-obcych-w-tekscie-latwym-do-czytania-etr\/","url":"https:\/\/pb.edu.pl\/sjo\/o-nas\/informacja-o-studium-jezykow-obcych-w-tekscie-latwym-do-czytania-etr\/","name":"Informacja o Studium J\u0119zyk\u00f3w Obcych w tek\u015bcie \u0142atwym do czytania \u2013 ETR - Studium J\u0119zyk\u00f3w Obcych","isPartOf":{"@id":"https:\/\/pb.edu.pl\/sjo\/#website"},"datePublished":"2022-04-08T09:42:49+00:00","dateModified":"2022-04-08T10:02:18+00:00","description":"Studium J\u0119zyk\u00f3w Obcych to jednostka Politechniki Bia\u0142ostockiej, kt\u00f3ra: prowadzi zaj\u0119cia dla student\u00f3w z j\u0119zyk\u00f3w: angielski, niemiecki, rosyjski oraz","breadcrumb":{"@id":"https:\/\/pb.edu.pl\/sjo\/o-nas\/informacja-o-studium-jezykow-obcych-w-tekscie-latwym-do-czytania-etr\/#breadcrumb"},"inLanguage":"pl-PL","potentialAction":[{"@type":"ReadAction","target":["https:\/\/pb.edu.pl\/sjo\/o-nas\/informacja-o-studium-jezykow-obcych-w-tekscie-latwym-do-czytania-etr\/"]}]},{"@type":"BreadcrumbList","@id":"https:\/\/pb.edu.pl\/sjo\/o-nas\/informacja-o-studium-jezykow-obcych-w-tekscie-latwym-do-czytania-etr\/#breadcrumb","itemListElement":[{"@type":"ListItem","position":1,"name":"Home","item":"https:\/\/pb.edu.pl\/sjo\/"},{"@type":"ListItem","position":2,"name":"O nas","item":"https:\/\/pb.edu.pl\/sjo\/o-nas\/"},{"@type":"ListItem","position":3,"name":"Informacja o Studium J\u0119zyk\u00f3w Obcych w tek\u015bcie \u0142atwym do czytania \u2013 ETR"}]},{"@type":"WebSite","@id":"https:\/\/pb.edu.pl\/sjo\/#website","url":"https:\/\/pb.edu.pl\/sjo\/","name":"Studium J\u0119zyk\u00f3w Obcych","description":"","potentialAction":[{"@type":"SearchAction","target":{"@type":"EntryPoint","urlTemplate":"https:\/\/pb.edu.pl\/sjo\/?s={search_term_string}"},"query-input":{"@type":"PropertyValueSpecification","valueRequired":true,"valueName":"search_term_string"}}],"inLanguage":"pl-PL"}]}},"_links":{"self":[{"href":"https:\/\/pb.edu.pl\/sjo\/wp-json\/wp\/v2\/pages\/13319","targetHints":{"allow":["GET"]}}],"collection":[{"href":"https:\/\/pb.edu.pl\/sjo\/wp-json\/wp\/v2\/pages"}],"about":[{"href":"https:\/\/pb.edu.pl\/sjo\/wp-json\/wp\/v2\/types\/page"}],"author":[{"embeddable":true,"href":"https:\/\/pb.edu.pl\/sjo\/wp-json\/wp\/v2\/users\/38"}],"replies":[{"embeddable":true,"href":"https:\/\/pb.edu.pl\/sjo\/wp-json\/wp\/v2\/comments?post=13319"}],"version-history":[{"count":0,"href":"https:\/\/pb.edu.pl\/sjo\/wp-json\/wp\/v2\/pages\/13319\/revisions"}],"up":[{"embeddable":true,"href":"https:\/\/pb.edu.pl\/sjo\/wp-json\/wp\/v2\/pages\/14"}],"wp:attachment":[{"href":"https:\/\/pb.edu.pl\/sjo\/wp-json\/wp\/v2\/media?parent=13319"}],"curies":[{"name":"wp","href":"https:\/\/api.w.org\/{rel}","templated":true}]}}