{"id":13225,"date":"2022-04-20T11:35:31","date_gmt":"2022-04-20T09:35:31","guid":{"rendered":"https:\/\/pb.edu.pl\/sjo\/?page_id=13225"},"modified":"2022-05-30T10:28:55","modified_gmt":"2022-05-30T08:28:55","slug":"mock-job-interview-2022-opis","status":"publish","type":"page","link":"https:\/\/pb.edu.pl\/sjo\/wydarzenia-sjo\/mock-2022\/mock-job-interview-2022-opis\/","title":{"rendered":"Mock Job Interview 2022 &#8211; przygotuj si\u0119 do rozmowy o prac\u0119 w j\u0119zyku angielskim"},"content":{"rendered":"<table style=\"border-collapse: collapse;width: 100%;height: 61px\">\n<tbody>\n<tr style=\"height: 61px\">\n<td style=\"width: 50%;text-align: right;vertical-align: middle;height: 61px\">Do\u0142\u0105cz do wydarzenia&nbsp;<\/td>\n<td style=\"width: 50%;vertical-align: middle;height: 61px\"><a title=\"Otworzy si\u0119 w nowej karcie\" href=\"https:\/\/www.facebook.com\/events\/395820282546028\/?active_tab=discussion\" target=\"_blank\" rel=\"noopener\"><img loading=\"lazy\" decoding=\"async\" class=\"wp-image-8501 alignleft\" src=\"https:\/\/pb.edu.pl\/wp-content\/uploads\/2020\/07\/PB_socialicon_fb.png\" alt=\"\" width=\"56\" height=\"56\"><\/a><\/td>\n<\/tr>\n<\/tbody>\n<\/table>\n<p>Czy zastanawia\u0142e\u015b\/a\u015b si\u0119 nad <strong>prac\u0105 w mi\u0119dzynarodowym \u015brodowisku<\/strong>?<br \/>\nCzy wiesz, \u017ce w wielu firmach <strong>podczas rozmowy kwalifikacyjnej sprawdzany jest j\u0119zyk angielski<\/strong> (nawet je\u017celi p\u00f3\u017aniej nie jest wykorzystywany)?<br \/>\n&nbsp;<br \/>\nNiewa\u017cne czy planujesz mieszka\u0107 pod Bia\u0142ymstokiem, we Wroc\u0142awiu, w Wenecji czy na Hawajach, w obecnych czasach pracowa\u0107 mo\u017cesz z ka\u017cdego miejsca na ziemi. Stoj\u0105 przed Tob\u0105 otworem nie tylko firmy zagraniczne, ale te\u017c polskie, w kt\u00f3rych niejednokrotnie pracuj\u0105 osoby z ca\u0142ego \u015bwiata.<br \/>\nWiedza oraz kompetencje, kt\u00f3re zdobywasz na studiach na Politechnice Bia\u0142ostockiej to \u015bwietna przepustka do sta\u017cy i pracy w wielu ciekawych firmach.<br \/>\n&nbsp;<br \/>\nRozmowy ze studentami wskazuj\u0105, \u017ce cz\u0119sto boimy si\u0119 tego pierwszego kroku, czyli rozmowy o prac\u0119.<br \/>\nChcemy Ci pokaza\u0107, \u017ce to \u0142atwiejsze ni\u017c Ci si\u0119 wydaje!<\/p>\n<h2>Studium J\u0119zyk\u00f3w Obcych oraz Biuro Karier zapraszaj\u0105 na Mock Job Interview &#8211; wydarzenie, podczas kt\u00f3rego przygotujesz si\u0119 do rozmowy kwalifikacyjnej, a nast\u0119pnie we\u017amiesz udzia\u0142 w takiej rozmowie w j\u0119zyku angielskim z rekruterem z przedsi\u0119biorstwa.&nbsp;<\/h2>\n<h2>Mock Job Interview to:<\/h2>\n<ul>\n<li>warsztaty i prezentacje dotycz\u0105ce przygotowania si\u0119 do rozmowy o prac\u0119<\/li>\n<li>indywidualne konsultacje z doradc\u0105 zawodowym odno\u015bnie profilu LinkedIn oraz tworzenia warto\u015bciowego CV<\/li>\n<li>symulacje rozm\u00f3w o prac\u0119 z native speaker&#8217;em z SJO<\/li>\n<li>symulacje rozm\u00f3w o prac\u0119 w j\u0119zyku angielskim z rekruterami z firm wsp\u00f3\u0142pracuj\u0105cych z PB<\/li>\n<li>profesjonalna sesja zdj\u0119ciowa &#8211; zdj\u0119cia do CV, LinkedIn<\/li>\n<\/ul>\n<h2>Kiedy?<\/h2>\n<p>19 maja 2022 r. (czwartek) w godzinach 9.00 &#8211; 14.00.<\/p>\n<p><strong>9.00 &#8211; 12.00 blok j\u0119zykowo-merytoryczny<\/strong> przygotowuj\u0105cy student\u00f3w do rozm\u00f3w &#8211; seria prezentacji i kr\u00f3tkich warsztat\u00f3w dot. zagadnie\u0144 zwi\u0105zanych z udzia\u0142em w rozmowach kwalifikacyjnych, poprawno\u015bci\u0105 j\u0119zykow\u0105, itd., przeprowadzona przez ekspert\u00f3w ze Studium J\u0119zyk\u00f3w Obcych oraz Biura Karier<br \/>\n<strong>12.00 &#8211; 14.00 blok praktyczny<\/strong> &#8211; symulacje rozm\u00f3w o prac\u0119 w j.angielskim z przedstawicielami zaproszonych firm.<br \/>\n&nbsp;<\/p>\n<h2>Gdzie?<\/h2>\n<p>Centrum Nowoczesnego Kszta\u0142cenia, ul. Zwierzyniecka 16, Bia\u0142ystok<br \/>\notwarta przestrze\u0144 oraz sale na II pi\u0119trze<br \/>\n&nbsp;<\/p>\n<h2>Kto?<\/h2>\n<p>Wydarzenie skierowane jest do wszystkich <strong>student\u00f3w<\/strong>, <strong>doktorant\u00f3w<\/strong> i <strong>absolwent\u00f3w<\/strong> Politechniki Bia\u0142ostockiej i innych uczelni.<br \/>\nPoznaj <a href=\"https:\/\/pb.edu.pl\/sjo\/wydarzenia-sjo\/mock-2022\/mock-2022-eksperci\/\">ekspert\u00f3w ze Studium J\u0119zyk\u00f3w Obcych i Biura Karier<\/a> oraz <a href=\"https:\/\/pb.edu.pl\/sjo\/wydarzenia-sjo\/mock-2022\/mock-2022-pracodawcy\/\">firmy<\/a>, kt\u00f3re wezm\u0105 udzia\u0142 w wydarzeniu.<br \/>\n&nbsp;<\/p>\n<h2><a href=\"https:\/\/pb.edu.pl\/sjo\/wydarzenia-sjo\/mock-2022\/mock-2022-rejestracja\/\">Zarejestruj si\u0119 na wydarzenie<\/a>.<\/h2>\n","protected":false},"excerpt":{"rendered":"<p>Do\u0142\u0105cz do wydarzenia&nbsp; Czy zastanawia\u0142e\u015b\/a\u015b si\u0119 nad prac\u0105 w mi\u0119dzynarodowym \u015brodowisku? Czy wiesz, \u017ce w<\/p>\n","protected":false},"author":6,"featured_media":0,"parent":13222,"menu_order":0,"comment_status":"closed","ping_status":"closed","template":"","meta":{"_acf_changed":false,"ngg_post_thumbnail":0,"footnotes":""},"class_list":["post-13225","page","type-page","status-publish","hentry"],"acf":[],"yoast_head":"<!-- This site is optimized with the Yoast SEO plugin v27.0 - https:\/\/yoast.com\/product\/yoast-seo-wordpress\/ -->\n<title>Mock Job Interview 2022 - przygotuj si\u0119 do rozmowy o prac\u0119 w j\u0119zyku angielskim - Studium J\u0119zyk\u00f3w Obcych<\/title>\n<meta name=\"description\" content=\"Do\u0142\u0105cz do wydarzenia&nbsp; Czy zastanawia\u0142e\u015b\/a\u015b si\u0119 nad prac\u0105 w mi\u0119dzynarodowym \u015brodowisku? Czy wiesz, \u017ce w wielu firmach podczas rozmowy kwalifikacyjnej\" \/>\n<meta name=\"robots\" content=\"index, follow, max-snippet:-1, max-image-preview:large, max-video-preview:-1\" \/>\n<link rel=\"canonical\" href=\"https:\/\/pb.edu.pl\/sjo\/wydarzenia-sjo\/mock-2022\/mock-job-interview-2022-opis\/\" \/>\n<meta property=\"og:locale\" content=\"pl_PL\" \/>\n<meta property=\"og:type\" content=\"article\" \/>\n<meta property=\"og:title\" content=\"Mock Job Interview 2022 - przygotuj si\u0119 do rozmowy o prac\u0119 w j\u0119zyku angielskim - Studium J\u0119zyk\u00f3w Obcych\" \/>\n<meta property=\"og:description\" content=\"Do\u0142\u0105cz do wydarzenia&nbsp; Czy zastanawia\u0142e\u015b\/a\u015b si\u0119 nad prac\u0105 w mi\u0119dzynarodowym \u015brodowisku? Czy wiesz, \u017ce w wielu firmach podczas rozmowy kwalifikacyjnej\" \/>\n<meta property=\"og:url\" content=\"https:\/\/pb.edu.pl\/sjo\/wydarzenia-sjo\/mock-2022\/mock-job-interview-2022-opis\/\" \/>\n<meta property=\"og:site_name\" content=\"Studium J\u0119zyk\u00f3w Obcych\" \/>\n<meta property=\"article:modified_time\" content=\"2022-05-30T08:28:55+00:00\" \/>\n<meta property=\"og:image\" content=\"https:\/\/pb.edu.pl\/wp-content\/uploads\/2020\/07\/PB_socialicon_fb.png\" \/>\n<meta name=\"twitter:label1\" content=\"Szacowany czas czytania\" \/>\n\t<meta name=\"twitter:data1\" content=\"2 minuty\" \/>\n<script type=\"application\/ld+json\" class=\"yoast-schema-graph\">{\"@context\":\"https:\/\/schema.org\",\"@graph\":[{\"@type\":\"WebPage\",\"@id\":\"https:\/\/pb.edu.pl\/sjo\/wydarzenia-sjo\/mock-2022\/mock-job-interview-2022-opis\/\",\"url\":\"https:\/\/pb.edu.pl\/sjo\/wydarzenia-sjo\/mock-2022\/mock-job-interview-2022-opis\/\",\"name\":\"Mock Job Interview 2022 - przygotuj si\u0119 do rozmowy o prac\u0119 w j\u0119zyku angielskim - Studium J\u0119zyk\u00f3w Obcych\",\"isPartOf\":{\"@id\":\"https:\/\/pb.edu.pl\/sjo\/#website\"},\"primaryImageOfPage\":{\"@id\":\"https:\/\/pb.edu.pl\/sjo\/wydarzenia-sjo\/mock-2022\/mock-job-interview-2022-opis\/#primaryimage\"},\"image\":{\"@id\":\"https:\/\/pb.edu.pl\/sjo\/wydarzenia-sjo\/mock-2022\/mock-job-interview-2022-opis\/#primaryimage\"},\"thumbnailUrl\":\"https:\/\/pb.edu.pl\/wp-content\/uploads\/2020\/07\/PB_socialicon_fb.png\",\"datePublished\":\"2022-04-20T09:35:31+00:00\",\"dateModified\":\"2022-05-30T08:28:55+00:00\",\"description\":\"Do\u0142\u0105cz do wydarzenia&nbsp; Czy zastanawia\u0142e\u015b\/a\u015b si\u0119 nad prac\u0105 w mi\u0119dzynarodowym \u015brodowisku? Czy wiesz, \u017ce w wielu firmach podczas rozmowy kwalifikacyjnej\",\"breadcrumb\":{\"@id\":\"https:\/\/pb.edu.pl\/sjo\/wydarzenia-sjo\/mock-2022\/mock-job-interview-2022-opis\/#breadcrumb\"},\"inLanguage\":\"pl-PL\",\"potentialAction\":[{\"@type\":\"ReadAction\",\"target\":[\"https:\/\/pb.edu.pl\/sjo\/wydarzenia-sjo\/mock-2022\/mock-job-interview-2022-opis\/\"]}]},{\"@type\":\"ImageObject\",\"inLanguage\":\"pl-PL\",\"@id\":\"https:\/\/pb.edu.pl\/sjo\/wydarzenia-sjo\/mock-2022\/mock-job-interview-2022-opis\/#primaryimage\",\"url\":\"https:\/\/pb.edu.pl\/wp-content\/uploads\/2020\/07\/PB_socialicon_fb.png\",\"contentUrl\":\"https:\/\/pb.edu.pl\/wp-content\/uploads\/2020\/07\/PB_socialicon_fb.png\"},{\"@type\":\"BreadcrumbList\",\"@id\":\"https:\/\/pb.edu.pl\/sjo\/wydarzenia-sjo\/mock-2022\/mock-job-interview-2022-opis\/#breadcrumb\",\"itemListElement\":[{\"@type\":\"ListItem\",\"position\":1,\"name\":\"Home\",\"item\":\"https:\/\/pb.edu.pl\/sjo\/\"},{\"@type\":\"ListItem\",\"position\":2,\"name\":\"Wydarzenia SJO\",\"item\":\"https:\/\/pb.edu.pl\/sjo\/wydarzenia-sjo\/\"},{\"@type\":\"ListItem\",\"position\":3,\"name\":\"Mock Job Interview 2022\",\"item\":\"https:\/\/pb.edu.pl\/sjo\/wydarzenia-sjo\/mock-2022\/\"},{\"@type\":\"ListItem\",\"position\":4,\"name\":\"Mock Job Interview 2022 &#8211; przygotuj si\u0119 do rozmowy o prac\u0119 w j\u0119zyku angielskim\"}]},{\"@type\":\"WebSite\",\"@id\":\"https:\/\/pb.edu.pl\/sjo\/#website\",\"url\":\"https:\/\/pb.edu.pl\/sjo\/\",\"name\":\"Studium J\u0119zyk\u00f3w Obcych\",\"description\":\"\",\"potentialAction\":[{\"@type\":\"SearchAction\",\"target\":{\"@type\":\"EntryPoint\",\"urlTemplate\":\"https:\/\/pb.edu.pl\/sjo\/?s={search_term_string}\"},\"query-input\":{\"@type\":\"PropertyValueSpecification\",\"valueRequired\":true,\"valueName\":\"search_term_string\"}}],\"inLanguage\":\"pl-PL\"}]}<\/script>\n<!-- \/ Yoast SEO plugin. -->","yoast_head_json":{"title":"Mock Job Interview 2022 - przygotuj si\u0119 do rozmowy o prac\u0119 w j\u0119zyku angielskim - Studium J\u0119zyk\u00f3w Obcych","description":"Do\u0142\u0105cz do wydarzenia&nbsp; Czy zastanawia\u0142e\u015b\/a\u015b si\u0119 nad prac\u0105 w mi\u0119dzynarodowym \u015brodowisku? Czy wiesz, \u017ce w wielu firmach podczas rozmowy kwalifikacyjnej","robots":{"index":"index","follow":"follow","max-snippet":"max-snippet:-1","max-image-preview":"max-image-preview:large","max-video-preview":"max-video-preview:-1"},"canonical":"https:\/\/pb.edu.pl\/sjo\/wydarzenia-sjo\/mock-2022\/mock-job-interview-2022-opis\/","og_locale":"pl_PL","og_type":"article","og_title":"Mock Job Interview 2022 - przygotuj si\u0119 do rozmowy o prac\u0119 w j\u0119zyku angielskim - Studium J\u0119zyk\u00f3w Obcych","og_description":"Do\u0142\u0105cz do wydarzenia&nbsp; Czy zastanawia\u0142e\u015b\/a\u015b si\u0119 nad prac\u0105 w mi\u0119dzynarodowym \u015brodowisku? Czy wiesz, \u017ce w wielu firmach podczas rozmowy kwalifikacyjnej","og_url":"https:\/\/pb.edu.pl\/sjo\/wydarzenia-sjo\/mock-2022\/mock-job-interview-2022-opis\/","og_site_name":"Studium J\u0119zyk\u00f3w Obcych","article_modified_time":"2022-05-30T08:28:55+00:00","og_image":[{"url":"https:\/\/pb.edu.pl\/wp-content\/uploads\/2020\/07\/PB_socialicon_fb.png","type":"","width":"","height":""}],"twitter_misc":{"Szacowany czas czytania":"2 minuty"},"schema":{"@context":"https:\/\/schema.org","@graph":[{"@type":"WebPage","@id":"https:\/\/pb.edu.pl\/sjo\/wydarzenia-sjo\/mock-2022\/mock-job-interview-2022-opis\/","url":"https:\/\/pb.edu.pl\/sjo\/wydarzenia-sjo\/mock-2022\/mock-job-interview-2022-opis\/","name":"Mock Job Interview 2022 - przygotuj si\u0119 do rozmowy o prac\u0119 w j\u0119zyku angielskim - Studium J\u0119zyk\u00f3w Obcych","isPartOf":{"@id":"https:\/\/pb.edu.pl\/sjo\/#website"},"primaryImageOfPage":{"@id":"https:\/\/pb.edu.pl\/sjo\/wydarzenia-sjo\/mock-2022\/mock-job-interview-2022-opis\/#primaryimage"},"image":{"@id":"https:\/\/pb.edu.pl\/sjo\/wydarzenia-sjo\/mock-2022\/mock-job-interview-2022-opis\/#primaryimage"},"thumbnailUrl":"https:\/\/pb.edu.pl\/wp-content\/uploads\/2020\/07\/PB_socialicon_fb.png","datePublished":"2022-04-20T09:35:31+00:00","dateModified":"2022-05-30T08:28:55+00:00","description":"Do\u0142\u0105cz do wydarzenia&nbsp; Czy zastanawia\u0142e\u015b\/a\u015b si\u0119 nad prac\u0105 w mi\u0119dzynarodowym \u015brodowisku? Czy wiesz, \u017ce w wielu firmach podczas rozmowy kwalifikacyjnej","breadcrumb":{"@id":"https:\/\/pb.edu.pl\/sjo\/wydarzenia-sjo\/mock-2022\/mock-job-interview-2022-opis\/#breadcrumb"},"inLanguage":"pl-PL","potentialAction":[{"@type":"ReadAction","target":["https:\/\/pb.edu.pl\/sjo\/wydarzenia-sjo\/mock-2022\/mock-job-interview-2022-opis\/"]}]},{"@type":"ImageObject","inLanguage":"pl-PL","@id":"https:\/\/pb.edu.pl\/sjo\/wydarzenia-sjo\/mock-2022\/mock-job-interview-2022-opis\/#primaryimage","url":"https:\/\/pb.edu.pl\/wp-content\/uploads\/2020\/07\/PB_socialicon_fb.png","contentUrl":"https:\/\/pb.edu.pl\/wp-content\/uploads\/2020\/07\/PB_socialicon_fb.png"},{"@type":"BreadcrumbList","@id":"https:\/\/pb.edu.pl\/sjo\/wydarzenia-sjo\/mock-2022\/mock-job-interview-2022-opis\/#breadcrumb","itemListElement":[{"@type":"ListItem","position":1,"name":"Home","item":"https:\/\/pb.edu.pl\/sjo\/"},{"@type":"ListItem","position":2,"name":"Wydarzenia SJO","item":"https:\/\/pb.edu.pl\/sjo\/wydarzenia-sjo\/"},{"@type":"ListItem","position":3,"name":"Mock Job Interview 2022","item":"https:\/\/pb.edu.pl\/sjo\/wydarzenia-sjo\/mock-2022\/"},{"@type":"ListItem","position":4,"name":"Mock Job Interview 2022 &#8211; przygotuj si\u0119 do rozmowy o prac\u0119 w j\u0119zyku angielskim"}]},{"@type":"WebSite","@id":"https:\/\/pb.edu.pl\/sjo\/#website","url":"https:\/\/pb.edu.pl\/sjo\/","name":"Studium J\u0119zyk\u00f3w Obcych","description":"","potentialAction":[{"@type":"SearchAction","target":{"@type":"EntryPoint","urlTemplate":"https:\/\/pb.edu.pl\/sjo\/?s={search_term_string}"},"query-input":{"@type":"PropertyValueSpecification","valueRequired":true,"valueName":"search_term_string"}}],"inLanguage":"pl-PL"}]}},"_links":{"self":[{"href":"https:\/\/pb.edu.pl\/sjo\/wp-json\/wp\/v2\/pages\/13225","targetHints":{"allow":["GET"]}}],"collection":[{"href":"https:\/\/pb.edu.pl\/sjo\/wp-json\/wp\/v2\/pages"}],"about":[{"href":"https:\/\/pb.edu.pl\/sjo\/wp-json\/wp\/v2\/types\/page"}],"author":[{"embeddable":true,"href":"https:\/\/pb.edu.pl\/sjo\/wp-json\/wp\/v2\/users\/6"}],"replies":[{"embeddable":true,"href":"https:\/\/pb.edu.pl\/sjo\/wp-json\/wp\/v2\/comments?post=13225"}],"version-history":[{"count":0,"href":"https:\/\/pb.edu.pl\/sjo\/wp-json\/wp\/v2\/pages\/13225\/revisions"}],"up":[{"embeddable":true,"href":"https:\/\/pb.edu.pl\/sjo\/wp-json\/wp\/v2\/pages\/13222"}],"wp:attachment":[{"href":"https:\/\/pb.edu.pl\/sjo\/wp-json\/wp\/v2\/media?parent=13225"}],"curies":[{"name":"wp","href":"https:\/\/api.w.org\/{rel}","templated":true}]}}