{"id":1291,"date":"2017-12-05T20:08:32","date_gmt":"2017-12-05T19:08:32","guid":{"rendered":"https:\/\/pb.edu.pl\/sjo\/?page_id=1291"},"modified":"2022-05-04T11:04:19","modified_gmt":"2022-05-04T09:04:19","slug":"linki-jezyk-niemiecki","status":"publish","type":"page","link":"https:\/\/pb.edu.pl\/sjo\/dla-studenta\/ciekawe-uzyteczne\/linki\/linki-jezyk-niemiecki\/","title":{"rendered":"Linki &#8211; j\u0119zyk niemiecki"},"content":{"rendered":"<p><a href=\"https:\/\/www.duden.de\/woerterbuch\">DUDEN online<\/a><\/p>\n<p><a href=\"https:\/\/pl.pons.com\/t%C5%82umaczenie\/polski-niemiecki\">PONS<\/a><\/p>\n<p><a href=\"https:\/\/woerterbuch.langenscheidt.de\/ssc\/search\/free.html\">Langenscheidt online<\/a><\/p>\n<p><a href=\"http:\/\/e-book.ahk.pl\/#book\/\">S\u0142ownik termin\u00f3w technicznych polsko-niemiecko-angielski<\/a><\/p>\n<p><a href=\"http:\/\/www.mechanik.media.pl\/slownik-narzedziowca.html\">S\u0142ownik narz\u0119dziowca<\/a><\/p>\n<p><a href=\"https:\/\/www.deutschland.de\/de\">DE &#8211; Magazin Deutschland<\/a><\/p>\n","protected":false},"excerpt":{"rendered":"<p>DUDEN online PONS Langenscheidt online S\u0142ownik termin\u00f3w technicznych polsko-niemiecko-angielski S\u0142ownik narz\u0119dziowca DE &#8211; Magazin Deutschland<\/p>\n","protected":false},"author":6,"featured_media":0,"parent":7212,"menu_order":2,"comment_status":"closed","ping_status":"closed","template":"","meta":{"_acf_changed":false,"ngg_post_thumbnail":0,"footnotes":""},"class_list":["post-1291","page","type-page","status-publish","hentry"],"acf":[],"yoast_head":"<!-- This site is optimized with the Yoast SEO plugin v27.0 - https:\/\/yoast.com\/product\/yoast-seo-wordpress\/ -->\n<title>Linki - j\u0119zyk niemiecki - Studium J\u0119zyk\u00f3w Obcych<\/title>\n<meta name=\"description\" content=\"DUDEN online  PONS  Langenscheidt online  S\u0142ownik termin\u00f3w technicznych polsko-niemiecko-angielski  S\u0142ownik narz\u0119dziowca  DE - Magazin Deutschland\" \/>\n<meta name=\"robots\" content=\"index, follow, max-snippet:-1, max-image-preview:large, max-video-preview:-1\" \/>\n<link rel=\"canonical\" href=\"https:\/\/pb.edu.pl\/sjo\/dla-studenta\/ciekawe-uzyteczne\/linki\/linki-jezyk-niemiecki\/\" \/>\n<meta property=\"og:locale\" content=\"pl_PL\" \/>\n<meta property=\"og:type\" content=\"article\" \/>\n<meta property=\"og:title\" content=\"Linki - j\u0119zyk niemiecki - Studium J\u0119zyk\u00f3w Obcych\" \/>\n<meta property=\"og:description\" content=\"DUDEN online  PONS  Langenscheidt online  S\u0142ownik termin\u00f3w technicznych polsko-niemiecko-angielski  S\u0142ownik narz\u0119dziowca  DE - Magazin Deutschland\" \/>\n<meta property=\"og:url\" content=\"https:\/\/pb.edu.pl\/sjo\/dla-studenta\/ciekawe-uzyteczne\/linki\/linki-jezyk-niemiecki\/\" \/>\n<meta property=\"og:site_name\" content=\"Studium J\u0119zyk\u00f3w Obcych\" \/>\n<meta property=\"article:modified_time\" content=\"2022-05-04T09:04:19+00:00\" \/>\n<script type=\"application\/ld+json\" class=\"yoast-schema-graph\">{\"@context\":\"https:\/\/schema.org\",\"@graph\":[{\"@type\":\"WebPage\",\"@id\":\"https:\/\/pb.edu.pl\/sjo\/dla-studenta\/ciekawe-uzyteczne\/linki\/linki-jezyk-niemiecki\/\",\"url\":\"https:\/\/pb.edu.pl\/sjo\/dla-studenta\/ciekawe-uzyteczne\/linki\/linki-jezyk-niemiecki\/\",\"name\":\"Linki - j\u0119zyk niemiecki - Studium J\u0119zyk\u00f3w Obcych\",\"isPartOf\":{\"@id\":\"https:\/\/pb.edu.pl\/sjo\/#website\"},\"datePublished\":\"2017-12-05T19:08:32+00:00\",\"dateModified\":\"2022-05-04T09:04:19+00:00\",\"description\":\"DUDEN online PONS Langenscheidt online S\u0142ownik termin\u00f3w technicznych polsko-niemiecko-angielski S\u0142ownik narz\u0119dziowca DE - Magazin Deutschland\",\"breadcrumb\":{\"@id\":\"https:\/\/pb.edu.pl\/sjo\/dla-studenta\/ciekawe-uzyteczne\/linki\/linki-jezyk-niemiecki\/#breadcrumb\"},\"inLanguage\":\"pl-PL\",\"potentialAction\":[{\"@type\":\"ReadAction\",\"target\":[\"https:\/\/pb.edu.pl\/sjo\/dla-studenta\/ciekawe-uzyteczne\/linki\/linki-jezyk-niemiecki\/\"]}]},{\"@type\":\"BreadcrumbList\",\"@id\":\"https:\/\/pb.edu.pl\/sjo\/dla-studenta\/ciekawe-uzyteczne\/linki\/linki-jezyk-niemiecki\/#breadcrumb\",\"itemListElement\":[{\"@type\":\"ListItem\",\"position\":1,\"name\":\"Home\",\"item\":\"https:\/\/pb.edu.pl\/sjo\/\"},{\"@type\":\"ListItem\",\"position\":2,\"name\":\"Studiuj\u0119 w PB\",\"item\":\"https:\/\/pb.edu.pl\/sjo\/dla-studenta\/\"},{\"@type\":\"ListItem\",\"position\":3,\"name\":\"Ciekawe i u\u017cyteczne\",\"item\":\"https:\/\/pb.edu.pl\/sjo\/dla-studenta\/ciekawe-uzyteczne\/\"},{\"@type\":\"ListItem\",\"position\":4,\"name\":\"Pomocne linki\",\"item\":\"https:\/\/pb.edu.pl\/sjo\/dla-studenta\/ciekawe-uzyteczne\/linki\/\"},{\"@type\":\"ListItem\",\"position\":5,\"name\":\"Linki &#8211; j\u0119zyk niemiecki\"}]},{\"@type\":\"WebSite\",\"@id\":\"https:\/\/pb.edu.pl\/sjo\/#website\",\"url\":\"https:\/\/pb.edu.pl\/sjo\/\",\"name\":\"Studium J\u0119zyk\u00f3w Obcych\",\"description\":\"\",\"potentialAction\":[{\"@type\":\"SearchAction\",\"target\":{\"@type\":\"EntryPoint\",\"urlTemplate\":\"https:\/\/pb.edu.pl\/sjo\/?s={search_term_string}\"},\"query-input\":{\"@type\":\"PropertyValueSpecification\",\"valueRequired\":true,\"valueName\":\"search_term_string\"}}],\"inLanguage\":\"pl-PL\"}]}<\/script>\n<!-- \/ Yoast SEO plugin. -->","yoast_head_json":{"title":"Linki - j\u0119zyk niemiecki - Studium J\u0119zyk\u00f3w Obcych","description":"DUDEN online  PONS  Langenscheidt online  S\u0142ownik termin\u00f3w technicznych polsko-niemiecko-angielski  S\u0142ownik narz\u0119dziowca  DE - Magazin Deutschland","robots":{"index":"index","follow":"follow","max-snippet":"max-snippet:-1","max-image-preview":"max-image-preview:large","max-video-preview":"max-video-preview:-1"},"canonical":"https:\/\/pb.edu.pl\/sjo\/dla-studenta\/ciekawe-uzyteczne\/linki\/linki-jezyk-niemiecki\/","og_locale":"pl_PL","og_type":"article","og_title":"Linki - j\u0119zyk niemiecki - Studium J\u0119zyk\u00f3w Obcych","og_description":"DUDEN online  PONS  Langenscheidt online  S\u0142ownik termin\u00f3w technicznych polsko-niemiecko-angielski  S\u0142ownik narz\u0119dziowca  DE - Magazin Deutschland","og_url":"https:\/\/pb.edu.pl\/sjo\/dla-studenta\/ciekawe-uzyteczne\/linki\/linki-jezyk-niemiecki\/","og_site_name":"Studium J\u0119zyk\u00f3w Obcych","article_modified_time":"2022-05-04T09:04:19+00:00","schema":{"@context":"https:\/\/schema.org","@graph":[{"@type":"WebPage","@id":"https:\/\/pb.edu.pl\/sjo\/dla-studenta\/ciekawe-uzyteczne\/linki\/linki-jezyk-niemiecki\/","url":"https:\/\/pb.edu.pl\/sjo\/dla-studenta\/ciekawe-uzyteczne\/linki\/linki-jezyk-niemiecki\/","name":"Linki - j\u0119zyk niemiecki - Studium J\u0119zyk\u00f3w Obcych","isPartOf":{"@id":"https:\/\/pb.edu.pl\/sjo\/#website"},"datePublished":"2017-12-05T19:08:32+00:00","dateModified":"2022-05-04T09:04:19+00:00","description":"DUDEN online PONS Langenscheidt online S\u0142ownik termin\u00f3w technicznych polsko-niemiecko-angielski S\u0142ownik narz\u0119dziowca DE - Magazin Deutschland","breadcrumb":{"@id":"https:\/\/pb.edu.pl\/sjo\/dla-studenta\/ciekawe-uzyteczne\/linki\/linki-jezyk-niemiecki\/#breadcrumb"},"inLanguage":"pl-PL","potentialAction":[{"@type":"ReadAction","target":["https:\/\/pb.edu.pl\/sjo\/dla-studenta\/ciekawe-uzyteczne\/linki\/linki-jezyk-niemiecki\/"]}]},{"@type":"BreadcrumbList","@id":"https:\/\/pb.edu.pl\/sjo\/dla-studenta\/ciekawe-uzyteczne\/linki\/linki-jezyk-niemiecki\/#breadcrumb","itemListElement":[{"@type":"ListItem","position":1,"name":"Home","item":"https:\/\/pb.edu.pl\/sjo\/"},{"@type":"ListItem","position":2,"name":"Studiuj\u0119 w PB","item":"https:\/\/pb.edu.pl\/sjo\/dla-studenta\/"},{"@type":"ListItem","position":3,"name":"Ciekawe i u\u017cyteczne","item":"https:\/\/pb.edu.pl\/sjo\/dla-studenta\/ciekawe-uzyteczne\/"},{"@type":"ListItem","position":4,"name":"Pomocne linki","item":"https:\/\/pb.edu.pl\/sjo\/dla-studenta\/ciekawe-uzyteczne\/linki\/"},{"@type":"ListItem","position":5,"name":"Linki &#8211; j\u0119zyk niemiecki"}]},{"@type":"WebSite","@id":"https:\/\/pb.edu.pl\/sjo\/#website","url":"https:\/\/pb.edu.pl\/sjo\/","name":"Studium J\u0119zyk\u00f3w Obcych","description":"","potentialAction":[{"@type":"SearchAction","target":{"@type":"EntryPoint","urlTemplate":"https:\/\/pb.edu.pl\/sjo\/?s={search_term_string}"},"query-input":{"@type":"PropertyValueSpecification","valueRequired":true,"valueName":"search_term_string"}}],"inLanguage":"pl-PL"}]}},"_links":{"self":[{"href":"https:\/\/pb.edu.pl\/sjo\/wp-json\/wp\/v2\/pages\/1291","targetHints":{"allow":["GET"]}}],"collection":[{"href":"https:\/\/pb.edu.pl\/sjo\/wp-json\/wp\/v2\/pages"}],"about":[{"href":"https:\/\/pb.edu.pl\/sjo\/wp-json\/wp\/v2\/types\/page"}],"author":[{"embeddable":true,"href":"https:\/\/pb.edu.pl\/sjo\/wp-json\/wp\/v2\/users\/6"}],"replies":[{"embeddable":true,"href":"https:\/\/pb.edu.pl\/sjo\/wp-json\/wp\/v2\/comments?post=1291"}],"version-history":[{"count":0,"href":"https:\/\/pb.edu.pl\/sjo\/wp-json\/wp\/v2\/pages\/1291\/revisions"}],"up":[{"embeddable":true,"href":"https:\/\/pb.edu.pl\/sjo\/wp-json\/wp\/v2\/pages\/7212"}],"wp:attachment":[{"href":"https:\/\/pb.edu.pl\/sjo\/wp-json\/wp\/v2\/media?parent=1291"}],"curies":[{"name":"wp","href":"https:\/\/api.w.org\/{rel}","templated":true}]}}