{"id":12849,"date":"2022-02-28T10:42:48","date_gmt":"2022-02-28T09:42:48","guid":{"rendered":"https:\/\/pb.edu.pl\/sjo\/?page_id=12849"},"modified":"2022-02-28T11:44:11","modified_gmt":"2022-02-28T10:44:11","slug":"wizyty-partnerow","status":"publish","type":"page","link":"https:\/\/pb.edu.pl\/sjo\/dla-pracownika\/wspolpraca-z-zagranica\/wizyty-partnerow\/","title":{"rendered":"Wizyty partner\u00f3w"},"content":{"rendered":"<p>Politechnika Bia\u0142ostocka k\u0142adzie du\u017cy nacisk na wsp\u00f3\u0142prac\u0119 z uczelniami z ca\u0142ego \u015bwiata. Kontakty z uczelniami partnerskimi s\u0105 cenione i wspierane przez W\u0142adze Uczelni.<\/p>\n<p>Cz\u0119sto go\u015bcimy partner\u00f3w z innych uczelni. Wymieniamy si\u0119 do\u015bwiadczeniami, dzielimy wiedz\u0105 i dobrymi praktykami.<\/p>\nngg_shortcode_0_placeholder\n<p>Wi\u0119cej informacji <a href=\"https:\/\/pb.edu.pl\/bwm\/\">na stronie Biura ds.Wsp\u00f3\u0142pracy Mi\u0119dzynarodowej<\/a>.<\/p>\n","protected":false},"excerpt":{"rendered":"<p>Politechnika Bia\u0142ostocka k\u0142adzie du\u017cy nacisk na wsp\u00f3\u0142prac\u0119 z uczelniami z ca\u0142ego \u015bwiata. Kontakty z uczelniami<\/p>\n","protected":false},"author":6,"featured_media":0,"parent":5020,"menu_order":0,"comment_status":"closed","ping_status":"closed","template":"","meta":{"_acf_changed":false,"ngg_post_thumbnail":0,"footnotes":""},"class_list":["post-12849","page","type-page","status-publish","hentry"],"acf":[],"yoast_head":"<!-- This site is optimized with the Yoast SEO plugin v27.0 - https:\/\/yoast.com\/product\/yoast-seo-wordpress\/ -->\n<title>Wizyty partner\u00f3w - Studium J\u0119zyk\u00f3w Obcych<\/title>\n<meta name=\"description\" content=\"Politechnika Bia\u0142ostocka k\u0142adzie du\u017cy nacisk na wsp\u00f3\u0142prac\u0119 z uczelniami z ca\u0142ego \u015bwiata. Kontakty z uczelniami partnerskimi s\u0105 cenione i wspierane przez\" \/>\n<meta name=\"robots\" content=\"index, follow, max-snippet:-1, max-image-preview:large, max-video-preview:-1\" \/>\n<link rel=\"canonical\" href=\"https:\/\/pb.edu.pl\/sjo\/dla-pracownika\/wspolpraca-z-zagranica\/wizyty-partnerow\/\" \/>\n<meta property=\"og:locale\" content=\"pl_PL\" \/>\n<meta property=\"og:type\" content=\"article\" \/>\n<meta property=\"og:title\" content=\"Wizyty partner\u00f3w - Studium J\u0119zyk\u00f3w Obcych\" \/>\n<meta property=\"og:description\" content=\"Politechnika Bia\u0142ostocka k\u0142adzie du\u017cy nacisk na wsp\u00f3\u0142prac\u0119 z uczelniami z ca\u0142ego \u015bwiata. Kontakty z uczelniami partnerskimi s\u0105 cenione i wspierane przez\" \/>\n<meta property=\"og:url\" content=\"https:\/\/pb.edu.pl\/sjo\/dla-pracownika\/wspolpraca-z-zagranica\/wizyty-partnerow\/\" \/>\n<meta property=\"og:site_name\" content=\"Studium J\u0119zyk\u00f3w Obcych\" \/>\n<meta property=\"article:modified_time\" content=\"2022-02-28T10:44:11+00:00\" \/>\n<script type=\"application\/ld+json\" class=\"yoast-schema-graph\">{\"@context\":\"https:\/\/schema.org\",\"@graph\":[{\"@type\":\"WebPage\",\"@id\":\"https:\/\/pb.edu.pl\/sjo\/dla-pracownika\/wspolpraca-z-zagranica\/wizyty-partnerow\/\",\"url\":\"https:\/\/pb.edu.pl\/sjo\/dla-pracownika\/wspolpraca-z-zagranica\/wizyty-partnerow\/\",\"name\":\"Wizyty partner\u00f3w - Studium J\u0119zyk\u00f3w Obcych\",\"isPartOf\":{\"@id\":\"https:\/\/pb.edu.pl\/sjo\/#website\"},\"datePublished\":\"2022-02-28T09:42:48+00:00\",\"dateModified\":\"2022-02-28T10:44:11+00:00\",\"description\":\"Politechnika Bia\u0142ostocka k\u0142adzie du\u017cy nacisk na wsp\u00f3\u0142prac\u0119 z uczelniami z ca\u0142ego \u015bwiata. Kontakty z uczelniami partnerskimi s\u0105 cenione i wspierane przez\",\"breadcrumb\":{\"@id\":\"https:\/\/pb.edu.pl\/sjo\/dla-pracownika\/wspolpraca-z-zagranica\/wizyty-partnerow\/#breadcrumb\"},\"inLanguage\":\"pl-PL\",\"potentialAction\":[{\"@type\":\"ReadAction\",\"target\":[\"https:\/\/pb.edu.pl\/sjo\/dla-pracownika\/wspolpraca-z-zagranica\/wizyty-partnerow\/\"]}]},{\"@type\":\"BreadcrumbList\",\"@id\":\"https:\/\/pb.edu.pl\/sjo\/dla-pracownika\/wspolpraca-z-zagranica\/wizyty-partnerow\/#breadcrumb\",\"itemListElement\":[{\"@type\":\"ListItem\",\"position\":1,\"name\":\"Home\",\"item\":\"https:\/\/pb.edu.pl\/sjo\/\"},{\"@type\":\"ListItem\",\"position\":2,\"name\":\"Pracuj\u0119 w PB\",\"item\":\"https:\/\/pb.edu.pl\/sjo\/dla-pracownika\/\"},{\"@type\":\"ListItem\",\"position\":3,\"name\":\"Wsp\u00f3\u0142praca z zagranic\u0105\",\"item\":\"https:\/\/pb.edu.pl\/sjo\/dla-pracownika\/wspolpraca-z-zagranica\/\"},{\"@type\":\"ListItem\",\"position\":4,\"name\":\"Wizyty partner\u00f3w\"}]},{\"@type\":\"WebSite\",\"@id\":\"https:\/\/pb.edu.pl\/sjo\/#website\",\"url\":\"https:\/\/pb.edu.pl\/sjo\/\",\"name\":\"Studium J\u0119zyk\u00f3w Obcych\",\"description\":\"\",\"potentialAction\":[{\"@type\":\"SearchAction\",\"target\":{\"@type\":\"EntryPoint\",\"urlTemplate\":\"https:\/\/pb.edu.pl\/sjo\/?s={search_term_string}\"},\"query-input\":{\"@type\":\"PropertyValueSpecification\",\"valueRequired\":true,\"valueName\":\"search_term_string\"}}],\"inLanguage\":\"pl-PL\"}]}<\/script>\n<!-- \/ Yoast SEO plugin. -->","yoast_head_json":{"title":"Wizyty partner\u00f3w - Studium J\u0119zyk\u00f3w Obcych","description":"Politechnika Bia\u0142ostocka k\u0142adzie du\u017cy nacisk na wsp\u00f3\u0142prac\u0119 z uczelniami z ca\u0142ego \u015bwiata. Kontakty z uczelniami partnerskimi s\u0105 cenione i wspierane przez","robots":{"index":"index","follow":"follow","max-snippet":"max-snippet:-1","max-image-preview":"max-image-preview:large","max-video-preview":"max-video-preview:-1"},"canonical":"https:\/\/pb.edu.pl\/sjo\/dla-pracownika\/wspolpraca-z-zagranica\/wizyty-partnerow\/","og_locale":"pl_PL","og_type":"article","og_title":"Wizyty partner\u00f3w - Studium J\u0119zyk\u00f3w Obcych","og_description":"Politechnika Bia\u0142ostocka k\u0142adzie du\u017cy nacisk na wsp\u00f3\u0142prac\u0119 z uczelniami z ca\u0142ego \u015bwiata. Kontakty z uczelniami partnerskimi s\u0105 cenione i wspierane przez","og_url":"https:\/\/pb.edu.pl\/sjo\/dla-pracownika\/wspolpraca-z-zagranica\/wizyty-partnerow\/","og_site_name":"Studium J\u0119zyk\u00f3w Obcych","article_modified_time":"2022-02-28T10:44:11+00:00","schema":{"@context":"https:\/\/schema.org","@graph":[{"@type":"WebPage","@id":"https:\/\/pb.edu.pl\/sjo\/dla-pracownika\/wspolpraca-z-zagranica\/wizyty-partnerow\/","url":"https:\/\/pb.edu.pl\/sjo\/dla-pracownika\/wspolpraca-z-zagranica\/wizyty-partnerow\/","name":"Wizyty partner\u00f3w - Studium J\u0119zyk\u00f3w Obcych","isPartOf":{"@id":"https:\/\/pb.edu.pl\/sjo\/#website"},"datePublished":"2022-02-28T09:42:48+00:00","dateModified":"2022-02-28T10:44:11+00:00","description":"Politechnika Bia\u0142ostocka k\u0142adzie du\u017cy nacisk na wsp\u00f3\u0142prac\u0119 z uczelniami z ca\u0142ego \u015bwiata. Kontakty z uczelniami partnerskimi s\u0105 cenione i wspierane przez","breadcrumb":{"@id":"https:\/\/pb.edu.pl\/sjo\/dla-pracownika\/wspolpraca-z-zagranica\/wizyty-partnerow\/#breadcrumb"},"inLanguage":"pl-PL","potentialAction":[{"@type":"ReadAction","target":["https:\/\/pb.edu.pl\/sjo\/dla-pracownika\/wspolpraca-z-zagranica\/wizyty-partnerow\/"]}]},{"@type":"BreadcrumbList","@id":"https:\/\/pb.edu.pl\/sjo\/dla-pracownika\/wspolpraca-z-zagranica\/wizyty-partnerow\/#breadcrumb","itemListElement":[{"@type":"ListItem","position":1,"name":"Home","item":"https:\/\/pb.edu.pl\/sjo\/"},{"@type":"ListItem","position":2,"name":"Pracuj\u0119 w PB","item":"https:\/\/pb.edu.pl\/sjo\/dla-pracownika\/"},{"@type":"ListItem","position":3,"name":"Wsp\u00f3\u0142praca z zagranic\u0105","item":"https:\/\/pb.edu.pl\/sjo\/dla-pracownika\/wspolpraca-z-zagranica\/"},{"@type":"ListItem","position":4,"name":"Wizyty partner\u00f3w"}]},{"@type":"WebSite","@id":"https:\/\/pb.edu.pl\/sjo\/#website","url":"https:\/\/pb.edu.pl\/sjo\/","name":"Studium J\u0119zyk\u00f3w Obcych","description":"","potentialAction":[{"@type":"SearchAction","target":{"@type":"EntryPoint","urlTemplate":"https:\/\/pb.edu.pl\/sjo\/?s={search_term_string}"},"query-input":{"@type":"PropertyValueSpecification","valueRequired":true,"valueName":"search_term_string"}}],"inLanguage":"pl-PL"}]}},"_links":{"self":[{"href":"https:\/\/pb.edu.pl\/sjo\/wp-json\/wp\/v2\/pages\/12849","targetHints":{"allow":["GET"]}}],"collection":[{"href":"https:\/\/pb.edu.pl\/sjo\/wp-json\/wp\/v2\/pages"}],"about":[{"href":"https:\/\/pb.edu.pl\/sjo\/wp-json\/wp\/v2\/types\/page"}],"author":[{"embeddable":true,"href":"https:\/\/pb.edu.pl\/sjo\/wp-json\/wp\/v2\/users\/6"}],"replies":[{"embeddable":true,"href":"https:\/\/pb.edu.pl\/sjo\/wp-json\/wp\/v2\/comments?post=12849"}],"version-history":[{"count":0,"href":"https:\/\/pb.edu.pl\/sjo\/wp-json\/wp\/v2\/pages\/12849\/revisions"}],"up":[{"embeddable":true,"href":"https:\/\/pb.edu.pl\/sjo\/wp-json\/wp\/v2\/pages\/5020"}],"wp:attachment":[{"href":"https:\/\/pb.edu.pl\/sjo\/wp-json\/wp\/v2\/media?parent=12849"}],"curies":[{"name":"wp","href":"https:\/\/api.w.org\/{rel}","templated":true}]}}