{"id":1284,"date":"2017-12-05T20:03:00","date_gmt":"2017-12-05T19:03:00","guid":{"rendered":"https:\/\/pb.edu.pl\/sjo\/?page_id=1284"},"modified":"2022-05-04T11:03:51","modified_gmt":"2022-05-04T09:03:51","slug":"linki-jezyk-angielski","status":"publish","type":"page","link":"https:\/\/pb.edu.pl\/sjo\/dla-studenta\/ciekawe-uzyteczne\/linki\/linki-jezyk-angielski\/","title":{"rendered":"Linki &#8211; j\u0119zyk angielski"},"content":{"rendered":"<p><strong>S\u0141OWNIKI<\/strong><br \/>\n<a href=\"https:\/\/www.macmillandictionary.com\/\">Macmillan Dictionary<\/a><br \/>\n<a href=\"https:\/\/www.ldoceonline.com\/\">Longman Dictionary<\/a><br \/>\n<a href=\"https:\/\/www.oxfordlearnersdictionaries.com\/\">Oxford Learner&#8217;s Dictionaries<\/a><br \/>\n<a href=\"https:\/\/dictionary.cambridge.org\/\">Cambridge Dictionaries<\/a><br \/>\n<a href=\"https:\/\/www.diki.pl\/\">Diki.pl<\/a><br \/>\n<a href=\"http:\/\/www.tech-dict.pl\/\">TECH-DICT.PL: s\u0142ownik termin\u00f3w technicznych<\/a><br \/>\n<a href=\"http:\/\/www.freecollocation.com\/\">Collocation Dictionary<\/a><\/p>\n<p>&nbsp;<\/p>\n<p><a href=\"http:\/\/www.bbc.co.uk\/learningenglish\/\">BBC Learning English<\/a><br \/>\n<a href=\"https:\/\/www.ted.com\/\"> TED: Ideas worth spreading<\/a><br \/>\n<a href=\"https:\/\/www.economist.com\/\">The Economist<\/a><br \/>\n<a href=\"https:\/\/www.theguardian.com\/uk\">The Guardian<\/a><br \/>\n<a href=\"https:\/\/www.newyorker.com\/\">The New Yorker<\/a><br \/>\n<a href=\"https:\/\/www.ft.com\/\">Financial Times<\/a><br \/>\n<a href=\"https:\/\/www.nationalgeographic.com\/\">National Geographic<\/a><\/p>\n<p>&nbsp;<\/p>\n<p><a href=\"https:\/\/pb.edu.pl\/sjo\/dla-studenta\/ciekawe-uzyteczne\/linki\/linki-jezyk-angielski\/materialy-dydaktyczne\/\">Teaching materials<\/a><\/p>\n","protected":false},"excerpt":{"rendered":"<p>S\u0141OWNIKI Macmillan Dictionary Longman Dictionary Oxford Learner&#8217;s Dictionaries Cambridge Dictionaries Diki.pl TECH-DICT.PL: s\u0142ownik termin\u00f3w technicznych<\/p>\n","protected":false},"author":6,"featured_media":0,"parent":7212,"menu_order":1,"comment_status":"closed","ping_status":"closed","template":"","meta":{"_acf_changed":false,"ngg_post_thumbnail":0,"footnotes":""},"class_list":["post-1284","page","type-page","status-publish","hentry"],"acf":[],"yoast_head":"<!-- This site is optimized with the Yoast SEO plugin v27.0 - https:\/\/yoast.com\/product\/yoast-seo-wordpress\/ -->\n<title>Linki - j\u0119zyk angielski - Studium J\u0119zyk\u00f3w Obcych<\/title>\n<meta name=\"description\" content=\"S\u0141OWNIKI Macmillan Dictionary Longman Dictionary Oxford Learner&#039;s Dictionaries Cambridge Dictionaries Diki.pl TECH-DICT.PL: s\u0142ownik termin\u00f3w technicznych\" \/>\n<meta name=\"robots\" content=\"noindex, nofollow\" \/>\n<meta property=\"og:locale\" content=\"pl_PL\" \/>\n<meta property=\"og:type\" content=\"article\" \/>\n<meta property=\"og:title\" content=\"Linki - j\u0119zyk angielski - Studium J\u0119zyk\u00f3w Obcych\" \/>\n<meta property=\"og:description\" content=\"S\u0141OWNIKI Macmillan Dictionary Longman Dictionary Oxford Learner&#039;s Dictionaries Cambridge Dictionaries Diki.pl TECH-DICT.PL: s\u0142ownik termin\u00f3w technicznych\" \/>\n<meta property=\"og:url\" content=\"https:\/\/pb.edu.pl\/sjo\/dla-studenta\/ciekawe-uzyteczne\/linki\/linki-jezyk-angielski\/\" \/>\n<meta property=\"og:site_name\" content=\"Studium J\u0119zyk\u00f3w Obcych\" \/>\n<meta property=\"article:modified_time\" content=\"2022-05-04T09:03:51+00:00\" \/>\n<meta name=\"twitter:label1\" content=\"Szacowany czas czytania\" \/>\n\t<meta name=\"twitter:data1\" content=\"1 minuta\" \/>\n<script type=\"application\/ld+json\" class=\"yoast-schema-graph\">{\"@context\":\"https:\/\/schema.org\",\"@graph\":[{\"@type\":\"WebPage\",\"@id\":\"https:\/\/pb.edu.pl\/sjo\/dla-studenta\/ciekawe-uzyteczne\/linki\/linki-jezyk-angielski\/\",\"url\":\"https:\/\/pb.edu.pl\/sjo\/dla-studenta\/ciekawe-uzyteczne\/linki\/linki-jezyk-angielski\/\",\"name\":\"Linki - j\u0119zyk angielski - Studium J\u0119zyk\u00f3w Obcych\",\"isPartOf\":{\"@id\":\"https:\/\/pb.edu.pl\/sjo\/#website\"},\"datePublished\":\"2017-12-05T19:03:00+00:00\",\"dateModified\":\"2022-05-04T09:03:51+00:00\",\"description\":\"S\u0141OWNIKI Macmillan Dictionary Longman Dictionary Oxford Learner's Dictionaries Cambridge Dictionaries Diki.pl TECH-DICT.PL: s\u0142ownik termin\u00f3w technicznych\",\"breadcrumb\":{\"@id\":\"https:\/\/pb.edu.pl\/sjo\/dla-studenta\/ciekawe-uzyteczne\/linki\/linki-jezyk-angielski\/#breadcrumb\"},\"inLanguage\":\"pl-PL\",\"potentialAction\":[{\"@type\":\"ReadAction\",\"target\":[\"https:\/\/pb.edu.pl\/sjo\/dla-studenta\/ciekawe-uzyteczne\/linki\/linki-jezyk-angielski\/\"]}]},{\"@type\":\"BreadcrumbList\",\"@id\":\"https:\/\/pb.edu.pl\/sjo\/dla-studenta\/ciekawe-uzyteczne\/linki\/linki-jezyk-angielski\/#breadcrumb\",\"itemListElement\":[{\"@type\":\"ListItem\",\"position\":1,\"name\":\"Home\",\"item\":\"https:\/\/pb.edu.pl\/sjo\/\"},{\"@type\":\"ListItem\",\"position\":2,\"name\":\"Studiuj\u0119 w PB\",\"item\":\"https:\/\/pb.edu.pl\/sjo\/dla-studenta\/\"},{\"@type\":\"ListItem\",\"position\":3,\"name\":\"Ciekawe i u\u017cyteczne\",\"item\":\"https:\/\/pb.edu.pl\/sjo\/dla-studenta\/ciekawe-uzyteczne\/\"},{\"@type\":\"ListItem\",\"position\":4,\"name\":\"Pomocne linki\",\"item\":\"https:\/\/pb.edu.pl\/sjo\/dla-studenta\/ciekawe-uzyteczne\/linki\/\"},{\"@type\":\"ListItem\",\"position\":5,\"name\":\"Linki &#8211; j\u0119zyk angielski\"}]},{\"@type\":\"WebSite\",\"@id\":\"https:\/\/pb.edu.pl\/sjo\/#website\",\"url\":\"https:\/\/pb.edu.pl\/sjo\/\",\"name\":\"Studium J\u0119zyk\u00f3w Obcych\",\"description\":\"\",\"potentialAction\":[{\"@type\":\"SearchAction\",\"target\":{\"@type\":\"EntryPoint\",\"urlTemplate\":\"https:\/\/pb.edu.pl\/sjo\/?s={search_term_string}\"},\"query-input\":{\"@type\":\"PropertyValueSpecification\",\"valueRequired\":true,\"valueName\":\"search_term_string\"}}],\"inLanguage\":\"pl-PL\"}]}<\/script>\n<!-- \/ Yoast SEO plugin. -->","yoast_head_json":{"title":"Linki - j\u0119zyk angielski - Studium J\u0119zyk\u00f3w Obcych","description":"S\u0141OWNIKI Macmillan Dictionary Longman Dictionary Oxford Learner's Dictionaries Cambridge Dictionaries Diki.pl TECH-DICT.PL: s\u0142ownik termin\u00f3w technicznych","robots":{"index":"noindex","follow":"nofollow"},"og_locale":"pl_PL","og_type":"article","og_title":"Linki - j\u0119zyk angielski - Studium J\u0119zyk\u00f3w Obcych","og_description":"S\u0141OWNIKI Macmillan Dictionary Longman Dictionary Oxford Learner's Dictionaries Cambridge Dictionaries Diki.pl TECH-DICT.PL: s\u0142ownik termin\u00f3w technicznych","og_url":"https:\/\/pb.edu.pl\/sjo\/dla-studenta\/ciekawe-uzyteczne\/linki\/linki-jezyk-angielski\/","og_site_name":"Studium J\u0119zyk\u00f3w Obcych","article_modified_time":"2022-05-04T09:03:51+00:00","twitter_misc":{"Szacowany czas czytania":"1 minuta"},"schema":{"@context":"https:\/\/schema.org","@graph":[{"@type":"WebPage","@id":"https:\/\/pb.edu.pl\/sjo\/dla-studenta\/ciekawe-uzyteczne\/linki\/linki-jezyk-angielski\/","url":"https:\/\/pb.edu.pl\/sjo\/dla-studenta\/ciekawe-uzyteczne\/linki\/linki-jezyk-angielski\/","name":"Linki - j\u0119zyk angielski - Studium J\u0119zyk\u00f3w Obcych","isPartOf":{"@id":"https:\/\/pb.edu.pl\/sjo\/#website"},"datePublished":"2017-12-05T19:03:00+00:00","dateModified":"2022-05-04T09:03:51+00:00","description":"S\u0141OWNIKI Macmillan Dictionary Longman Dictionary Oxford Learner's Dictionaries Cambridge Dictionaries Diki.pl TECH-DICT.PL: s\u0142ownik termin\u00f3w technicznych","breadcrumb":{"@id":"https:\/\/pb.edu.pl\/sjo\/dla-studenta\/ciekawe-uzyteczne\/linki\/linki-jezyk-angielski\/#breadcrumb"},"inLanguage":"pl-PL","potentialAction":[{"@type":"ReadAction","target":["https:\/\/pb.edu.pl\/sjo\/dla-studenta\/ciekawe-uzyteczne\/linki\/linki-jezyk-angielski\/"]}]},{"@type":"BreadcrumbList","@id":"https:\/\/pb.edu.pl\/sjo\/dla-studenta\/ciekawe-uzyteczne\/linki\/linki-jezyk-angielski\/#breadcrumb","itemListElement":[{"@type":"ListItem","position":1,"name":"Home","item":"https:\/\/pb.edu.pl\/sjo\/"},{"@type":"ListItem","position":2,"name":"Studiuj\u0119 w PB","item":"https:\/\/pb.edu.pl\/sjo\/dla-studenta\/"},{"@type":"ListItem","position":3,"name":"Ciekawe i u\u017cyteczne","item":"https:\/\/pb.edu.pl\/sjo\/dla-studenta\/ciekawe-uzyteczne\/"},{"@type":"ListItem","position":4,"name":"Pomocne linki","item":"https:\/\/pb.edu.pl\/sjo\/dla-studenta\/ciekawe-uzyteczne\/linki\/"},{"@type":"ListItem","position":5,"name":"Linki &#8211; j\u0119zyk angielski"}]},{"@type":"WebSite","@id":"https:\/\/pb.edu.pl\/sjo\/#website","url":"https:\/\/pb.edu.pl\/sjo\/","name":"Studium J\u0119zyk\u00f3w Obcych","description":"","potentialAction":[{"@type":"SearchAction","target":{"@type":"EntryPoint","urlTemplate":"https:\/\/pb.edu.pl\/sjo\/?s={search_term_string}"},"query-input":{"@type":"PropertyValueSpecification","valueRequired":true,"valueName":"search_term_string"}}],"inLanguage":"pl-PL"}]}},"_links":{"self":[{"href":"https:\/\/pb.edu.pl\/sjo\/wp-json\/wp\/v2\/pages\/1284","targetHints":{"allow":["GET"]}}],"collection":[{"href":"https:\/\/pb.edu.pl\/sjo\/wp-json\/wp\/v2\/pages"}],"about":[{"href":"https:\/\/pb.edu.pl\/sjo\/wp-json\/wp\/v2\/types\/page"}],"author":[{"embeddable":true,"href":"https:\/\/pb.edu.pl\/sjo\/wp-json\/wp\/v2\/users\/6"}],"replies":[{"embeddable":true,"href":"https:\/\/pb.edu.pl\/sjo\/wp-json\/wp\/v2\/comments?post=1284"}],"version-history":[{"count":0,"href":"https:\/\/pb.edu.pl\/sjo\/wp-json\/wp\/v2\/pages\/1284\/revisions"}],"up":[{"embeddable":true,"href":"https:\/\/pb.edu.pl\/sjo\/wp-json\/wp\/v2\/pages\/7212"}],"wp:attachment":[{"href":"https:\/\/pb.edu.pl\/sjo\/wp-json\/wp\/v2\/media?parent=1284"}],"curies":[{"name":"wp","href":"https:\/\/api.w.org\/{rel}","templated":true}]}}