{"id":12723,"date":"2022-02-18T08:44:57","date_gmt":"2022-02-18T07:44:57","guid":{"rendered":"https:\/\/pb.edu.pl\/sjo\/?page_id=12723"},"modified":"2022-05-04T11:53:56","modified_gmt":"2022-05-04T09:53:56","slug":"ciekawostki-o-niemczech","status":"publish","type":"page","link":"https:\/\/pb.edu.pl\/sjo\/dla-studenta\/ciekawe-uzyteczne\/ciekawostki-2\/ciekawostki-o-niemczech\/","title":{"rendered":"O Niemczech"},"content":{"rendered":"<p>Niezale\u017cnie od tego czy masz ochot\u0119 pozwiedza\u0107 Niemcy, sp\u0119dzi\u0107 tam semestr na uczelni w ramach programu Erasmus+, ogl\u0105da\u0107 niemieckie filmy w oryginale, czy mo\u017ce my\u015blisz o zdobyciu do\u015bwiadczenia na niemieckim rynku pracy, nauka j\u0119zyka zawsze daje nowe mo\u017cliwo\u015bci. Na Politechnice Bia\u0142ostockiej j\u0119zyka <strong>mo\u017cesz si\u0119 uczy\u0107 zupe\u0142nie za darmo<\/strong>. Zapraszamy na zaj\u0119cia!<\/p>\n<h2>Dlaczego warto uczy\u0107 si\u0119 j\u0119zyka niemieckiego?<\/h2>\n<h4><span class=\"StrongEmphasis\"><img loading=\"lazy\" decoding=\"async\" class=\"alignleft wp-image-12736\" src=\"https:\/\/pb.edu.pl\/sjo\/wp-content\/uploads\/sites\/9\/2022\/02\/1-2-300x300.png\" alt=\"\" width=\"150\" height=\"150\" srcset=\"https:\/\/pb.edu.pl\/sjo\/wp-content\/uploads\/sites\/9\/2022\/02\/1-2-300x300.png 300w, https:\/\/pb.edu.pl\/sjo\/wp-content\/uploads\/sites\/9\/2022\/02\/1-2.png 500w\" sizes=\"auto, (max-width: 150px) 100vw, 150px\" \/>J\u0119zyk niemiecki jest jednym z najcz\u0119\u015bciej u\u017cywanych j\u0119zyk\u00f3w w Europie.<\/span><\/h4>\n<p class=\"Textbody\">Wi\u0119cej ludzi m\u00f3wi w j\u0119zyku niemieckim ni\u017c w jakim\u015b innym j\u0119zyku europejskim. Oko\u0142o 81 milion\u00f3w mieszka\u0144c\u00f3w Niemiec sprawia, \u017ce jest to najbardziej zaludnione pa\u0144stwo w Europie. A przecie\u017c po niemiecku m\u00f3wi\u0105 nie tylko mieszka\u0144cy Niemiec, ale i Austrii, Szwajcarii, Luksemburgu i Lichtensteinu. J\u0119zyk niemiecki jest tak\u017ce j\u0119zykiem ojczystym wielu ludzi mieszkaj\u0105cych w p\u00f3\u0142nocnych W\u0142oszech, wschodniej Belgii, Holandii, Danii, wschodniej Francji, w cz\u0119\u015bci Polski, w Czechach, Rosji i Rumunii, jak r\u00f3wnie\u017c w innych krajach Europy.<\/p>\n<p class=\"Textbody\">Ucz\u0105c si\u0119 j\u0119zyka niemieckiego, mo\u017cesz kontaktowa\u0107 si\u0119 z ponad 120 milionem os\u00f3b, dla kt\u00f3rych niemiecki jest j\u0119zykiem ojczystym. Wielu ludzi uczy si\u0119 tego j\u0119zyka jako j\u0119zyka obcego. W ko\u0144cu jest to jeden z najcz\u0119\u015bciej nauczanych j\u0119zyk\u00f3w.<\/p>\n<p>&nbsp;<\/p>\n<h4><span class=\"StrongEmphasis\"><img loading=\"lazy\" decoding=\"async\" class=\"alignleft wp-image-12737\" src=\"https:\/\/pb.edu.pl\/sjo\/wp-content\/uploads\/sites\/9\/2022\/02\/2-3-300x300.png\" alt=\"\" width=\"150\" height=\"150\" srcset=\"https:\/\/pb.edu.pl\/sjo\/wp-content\/uploads\/sites\/9\/2022\/02\/2-3-300x300.png 300w, https:\/\/pb.edu.pl\/sjo\/wp-content\/uploads\/sites\/9\/2022\/02\/2-3.png 500w\" sizes=\"auto, (max-width: 150px) 100vw, 150px\" \/>Niemcy nale\u017c\u0105 do najsilniejszych pod wzgl\u0119dem gospodarczym kraj\u00f3w na \u015bwiecie.<\/span><\/h4>\n<p class=\"Textbody\">Niemcy s\u0105 najwi\u0119ksz\u0105 pot\u0119g\u0105 gospodarcz\u0105 w Unii Europejskiej i czwartym najlepiej rozwini\u0119tym gospodarczo krajem na \u015bwiecie. W skali \u015bwiatowej s\u0105 drugim najwi\u0119kszym eksporterem. Niemieckie przedsi\u0119biorstwa ciesz\u0105 si\u0119 doskona\u0142\u0105 renom\u0105 na skal\u0119 mi\u0119dzynarodow\u0105. Wa\u017cnymi bran\u017cami s\u0105 m.in. produkcja samochod\u00f3w i budowa maszyn, elektrotechnika, chemia oraz technologie ochrony \u015brodowiska i nanotechnologia.<\/p>\n<p class=\"Textbody\">I nie zapomnijmy o tym, \u017ce Szwajcaria, inny kraj niemieckoj\u0119zyczny, ma jeden z najwy\u017cszych standard\u00f3w \u017cycia na \u015bwiecie.<\/p>\n<p>&nbsp;<\/p>\n<h4><span class=\"StrongEmphasis\"><img loading=\"lazy\" decoding=\"async\" class=\"wp-image-12738 alignleft\" src=\"https:\/\/pb.edu.pl\/sjo\/wp-content\/uploads\/sites\/9\/2022\/02\/3-2-300x300.png\" alt=\"\" width=\"150\" height=\"150\" srcset=\"https:\/\/pb.edu.pl\/sjo\/wp-content\/uploads\/sites\/9\/2022\/02\/3-2-300x300.png 300w, https:\/\/pb.edu.pl\/sjo\/wp-content\/uploads\/sites\/9\/2022\/02\/3-2.png 500w\" sizes=\"auto, (max-width: 150px) 100vw, 150px\" \/>Znajomo\u015b\u0107 j\u0119zyka niemieckiego otwiera mo\u017cliwo\u015bci biznesowe<\/span><\/h4>\n<p class=\"Textbody\">Si\u0142a gospodarcza Niemiec otwiera sporo mo\u017cliwo\u015bci biznesowych. Niemcy s\u0105 atrakcyjnym o\u015brodkiem dla inwestor\u00f3w zagranicznych. Na ich terenie obecnych jest 500 najwi\u0119kszych na \u015bwiecie firm. \u0141\u0105cznie dzia\u0142a tutaj 45 tys. przedsi\u0119biorstw zagranicznych. Najbardziej znane firmy to: BMW, Daimler, Siemens, Lufthansa, SAP, Bosch, Infineon, BASF. Japo\u0144czycy, kt\u00f3rzy maj\u0105 drug\u0105 najpot\u0119\u017cniejsz\u0105 gospodark\u0119 na \u015bwiecie, zrozumieli jakie korzy\u015bci mo\u017ce im przynie\u015b\u0107 nauka j\u0119zyka niemieckiego: a\u017c 68% student\u00f3w japo\u0144skich uczy si\u0119 j\u0119zyka naszych s\u0105siad\u00f3w.<\/p>\n<p class=\"Textbody\">Je\u015bli szukasz pracy w Stanach Zjednoczonych, znajomo\u015b\u0107 niemieckiego bardzo Ci si\u0119 przyda. Niemieckie firmy stworzy\u0142y ok. 700 000 miejsc pracy w Stanach Zjednoczonych. Wi\u0119kszo\u015b\u0107 ankietowanych firm w Stanach zdecydowanie wybra\u0142oby kandydata do pracy, kt\u00f3ry zna j\u0119zyk niemiecki, ni\u017c innego o podobnych kwalifikacjach, ale bez znajomo\u015bci niemieckiego.<\/p>\n<p>&nbsp;<\/p>\n<h4><span class=\"StrongEmphasis\"><img loading=\"lazy\" decoding=\"async\" class=\"wp-image-12739 alignleft\" src=\"https:\/\/pb.edu.pl\/sjo\/wp-content\/uploads\/sites\/9\/2022\/02\/4-3-300x300.png\" alt=\"\" width=\"150\" height=\"150\" srcset=\"https:\/\/pb.edu.pl\/sjo\/wp-content\/uploads\/sites\/9\/2022\/02\/4-3-300x300.png 300w, https:\/\/pb.edu.pl\/sjo\/wp-content\/uploads\/sites\/9\/2022\/02\/4-3.png 500w\" sizes=\"auto, (max-width: 150px) 100vw, 150px\" \/>Niemcy s\u0105 innowatorami.<\/span><\/h4>\n<p class=\"Textbody\">Od prasy drukarskiej Gutenberga po wynalezienie przez Hertza fal elektromagnetycznych, od rozwoju chemioterapii przez Ehrlicha po teori\u0119 wzgl\u0119dno\u015bci Einsteina i stworzenie tak popularnego w muzyce formatu MP3. Historia Niemiec pokazuje, \u017ce Niemcy byli i s\u0105 do dzi\u015b wielkimi innowatorami praktycznie w ka\u017cdej dziedzinie. Cztery z 10 najbardziej innowacyjnych firm maj\u0105 swoje siedziby w Niemczech. Kraj ten zajmuje 3 miejsce w liczbie \u015bwiatowych zg\u0142osze\u0144 patentowych. W zwi\u0105zku z tym ka\u017cdego roku a\u017c 200000 przedsi\u0119biorstw wprowadza na rynek nowe produkty.<\/p>\n<p class=\"Textbody\">Jako nar\u00f3d zaanga\u017cowany w badania i rozw\u00f3j, Niemcy s\u0105 w czo\u0142\u00f3wce kraj\u00f3w zajmuj\u0105cych si\u0119 nowymi technologiami. Niemcy eksportuj\u0105 znacznie wi\u0119cej produkt\u00f3w high-tech ni\u017c jakiekolwiek inne kraje (poza USA oczywi\u015bcie), a ponad 600 firm, kt\u00f3re zajmuj\u0105 si\u0119 nowatorsk\u0105 dziedzin\u0105 \u2013 biotechnologi\u0105. Tylko w Monachium znajdziemy 115 z nich. Drezno sta\u0142o si\u0119 centrum mikroprocesor\u00f3w z ponad 765 firmami zajmuj\u0105cymi si\u0119 p\u00f3\u0142przewodnikami.<\/p>\n<p class=\"Textbody\">Bior\u0105c pod uwag\u0119 zaanga\u017cowanie Niemc\u00f3w w innowacje, rozw\u00f3j, nie mo\u017ce dziwi\u0107 fakt, \u017ce dwie trzecie spo\u015br\u00f3d wiod\u0105cych mi\u0119dzynarodowych targ\u00f3w odbywa si\u0119 w\u0142a\u015bnie w Niemczech. W\u015br\u00f3d nich warto wymieni\u0107 CeBIT i IFA.<\/p>\n<p>&nbsp;<\/p>\n<h4><span class=\"StrongEmphasis\"><img loading=\"lazy\" decoding=\"async\" class=\"alignleft wp-image-12740\" src=\"https:\/\/pb.edu.pl\/sjo\/wp-content\/uploads\/sites\/9\/2022\/02\/5-2-300x300.png\" alt=\"\" width=\"150\" height=\"150\" srcset=\"https:\/\/pb.edu.pl\/sjo\/wp-content\/uploads\/sites\/9\/2022\/02\/5-2-300x300.png 300w, https:\/\/pb.edu.pl\/sjo\/wp-content\/uploads\/sites\/9\/2022\/02\/5-2.png 500w\" sizes=\"auto, (max-width: 150px) 100vw, 150px\" \/>Niemcy wydaj\u0105 najwi\u0119cej pieni\u0119dzy na podr\u00f3\u017ce ni\u017c inne narodowo\u015bci<\/span><\/h4>\n<p class=\"Textbody\">Jedno trzeba Niemcom przyzna\u0107. Maj\u0105 oni sporo czasu (6 tygodni urlopu) i pieni\u0119dzy na podr\u00f3\u017ce\u2026 I podr\u00f3\u017cuj\u0105! A jak\u017ce! Je\u015bli podr\u00f3\u017cujesz, masz spore szans\u0119 na spotkanie w trakcie swojej wycieczki kogo\u015b z Niemiec. Praktycznie \u00be swoich wszystkich urlop\u00f3w Niemcy sp\u0119dzaj\u0105 w innych krajach. Wydaj\u0105 oni znacznie wi\u0119cej pieni\u0119dzy na zagraniczne podr\u00f3\u017ce ni\u017c inne narody.<\/p>\n<p class=\"Textbody\">Bardzo lubi\u0105 \u015br\u00f3dziemnomorskie klimaty, dlatego mo\u017cna ich spotka\u0107 w Hiszpanii, we W\u0142oszech, Grecji czy Turcji. Tak\u017ce Europa Wschodnia staje si\u0119 u nich coraz bardziej popularnym celem. Du\u017co podr\u00f3\u017cuj\u0105 te\u017c do USA. Zaraz po Brytyjczykach i Japo\u0144czykach s\u0105 najcz\u0119stszymi bywalcami za Oceanem. Najpopularniejszymi miejscami s\u0105 Floryda, Nowy Jork i Kalifornia. Biura podr\u00f3\u017cy, hotele, linie lotnicze czy te\u017c wypo\u017cyczalnie samochod\u00f3w zyskuj\u0105 bardzo du\u017co, je\u015bli ich pracownicy m\u00f3wi\u0105 w j\u0119zyku niemieckim.<\/p>\n<p>&nbsp;<\/p>\n<h4><span class=\"StrongEmphasis\"><img loading=\"lazy\" decoding=\"async\" class=\"wp-image-12742 alignleft\" src=\"https:\/\/pb.edu.pl\/sjo\/wp-content\/uploads\/sites\/9\/2022\/02\/7-1-300x300.png\" alt=\"nuty\" width=\"150\" height=\"150\" srcset=\"https:\/\/pb.edu.pl\/sjo\/wp-content\/uploads\/sites\/9\/2022\/02\/7-1-300x300.png 300w, https:\/\/pb.edu.pl\/sjo\/wp-content\/uploads\/sites\/9\/2022\/02\/7-1.png 500w\" sizes=\"auto, (max-width: 150px) 100vw, 150px\" \/>Jedna na dziesi\u0119\u0107 ksi\u0105\u017cek jest publikowana w j\u0119zyku niemieckim<\/span><\/h4>\n<p class=\"Textbody\">J\u0119zyk niemiecki nie tylko jest j\u0119zykiem przesz\u0142o\u015bci. Niemieckie ksi\u0119garnie publikuj\u0105 a\u017c 80 000 nowych ksi\u0105\u017cek rocznie. Wielu naukowc\u00f3w i badaczy pos\u0142uguje si\u0119 tym j\u0119zykiem i w nim w\u0142a\u015bnie pisze. A poniewa\u017c tylko niewielki odsetek ksi\u0105\u017cek jest t\u0142umaczony na inne j\u0119zyki, tylko znajomo\u015b\u0107 j\u0119zyka niemieckiego pozwala na poznanie tych tytu\u0142\u00f3w.<\/p>\n<p>&nbsp;<\/p>\n<p>&nbsp;<\/p>\n<h4><img loading=\"lazy\" decoding=\"async\" class=\"wp-image-12743 alignleft\" src=\"https:\/\/pb.edu.pl\/sjo\/wp-content\/uploads\/sites\/9\/2022\/02\/8-1-300x300.png\" alt=\"\" width=\"150\" height=\"150\" srcset=\"https:\/\/pb.edu.pl\/sjo\/wp-content\/uploads\/sites\/9\/2022\/02\/8-1-300x300.png 300w, https:\/\/pb.edu.pl\/sjo\/wp-content\/uploads\/sites\/9\/2022\/02\/8-1.png 500w\" sizes=\"auto, (max-width: 150px) 100vw, 150px\" \/>Niemiecki nie jest tak trudny jak my\u015blisz<\/h4>\n<p>Je\u017celi znasz j\u0119zyk angielski, to masz znaczn\u0105 przewag\u0119 w nauce niemieckiego. Zar\u00f3wno wsp\u00f3\u0142czesny j\u0119zyk niemiecki, jak i wsp\u00f3\u0142czesny j\u0119zyk angielski maj\u0105 wsp\u00f3lnego przodka \u2013 j\u0119zyk germa\u0144ski. Te dwa j\u0119zyki maj\u0105 wiele podobie\u0144stw w gramatyce i w s\u0142ownictwie. Je\u015bli jeste\u015b w stanie zrozumie\u0107 cokolwiek z tego:<\/p>\n<p><em>Meine Schwester hat braunes Haar. <\/em><em>Sie ist intelligent. Sie studiert Medizin in Berlin. <\/em><em>Sie kann gut singen.<\/em><\/p>\n<p>\u2026. to ju\u017c znasz troch\u0119 niemieckiego!<\/p>\n<p>Ponadto j\u0119zyk niemiecki jest zapisany fonetycznie. Jak si\u0119 ju\u017c raz nauczysz wymowy, \u0142atwo odgadniesz, jak zapisa\u0107 us\u0142yszany w\u0142a\u015bnie wyraz lub jak odczyta\u0107 niemieckie s\u0142owo.<\/p>\n<p><span style=\"font-size: 8pt\">\u0179r\u00f3d\u0142o: https:\/\/niemieckasofa.pl\/2013\/09\/8-powodow-dlaczego-warto-uczyc-sie-jezyka-niemieckiego\/<\/span><\/p>\n<p>&nbsp;<\/p>\n<p><strong>Je\u015bli Ci\u0119 to zaciekawi\u0142o, skontaktuj si\u0119 z wyk\u0142adowcami j\u0119zyka niemieckiego w SJO i zapisz si\u0119 na lektorat.<\/strong><\/p>\n<div class=\"table-responsive\">\n<table class=\"table table-striped table borderless\">\n<tbody>\n<tr>\n<td>mgr Artur<strong>&nbsp;Ku\u017amicz<\/strong><\/td>\n<td><i class=\"fa fa-envelope-o\" aria-hidden=\"true\"><\/i>&nbsp;a.kuzmicz@pb.edu.pl<\/td>\n<td><i class=\"fa fa-phone\" aria-hidden=\"true\"><\/i>&nbsp;85 746 90 66<\/td>\n<td>pok\u00f3j P1\/04<\/td>\n<\/tr>\n<tr>\n<td>mgr Janusz&nbsp;<strong>Suchocki<\/strong><\/td>\n<td><i class=\"fa fa-envelope-o\" aria-hidden=\"true\"><\/i>&nbsp;j.suchocki@pb.edu.pl<\/td>\n<td><i class=\"fa fa-phone\" aria-hidden=\"true\"><\/i>&nbsp;85 746 91 38<\/td>\n<td>pok\u00f3j P1\/04<\/td>\n<\/tr>\n<\/tbody>\n<\/table>\n<\/div>\n<h2>Niemiecki rynek pracy<\/h2>\n<p>O perspektywach pracy z j\u0119zykiem niemieckim przeczytaj w serwisie <a href=\"https:\/\/www.eurostudent.pl\/perspektywy-pracy-dla-osob-poslugujacych-sie-jezykiem-niemieckim\/\">EUROSTUDENT<\/a>.<\/p>\n<p>Je\u015bli masz ochot\u0119 podszkoli\u0107 sw\u00f3j niemiecki, a jednocze\u015bnie zdoby\u0107 do\u015bwiadczenie, pozna\u0107 fajnych ludzi i prze\u017cy\u0107 przygod\u0119, zapoznaj si\u0119 z <a href=\"https:\/\/pb.edu.pl\/sjo\/2022\/02\/17\/pomysl-na-wakacje\/\">ofert\u0105 pracy wakacyjnej dla student\u00f3w<\/a>.<\/p>\n<p>Pracownicy z j\u0119zykiem niemieckim s\u0105 poszukiwani na rynku pracy. Tu czeka na Ciebie <a href=\"https:\/\/pb.edu.pl\/sjo\/wp-content\/uploads\/sites\/9\/2022\/02\/Praca-z-jezykiem-niemieckim.doc\">zestawienie r\u00f3\u017cnych ofert pracy<\/a>.<\/p>\n<h2>Wsp\u00f3\u0142czesna literatura niemiecka<\/h2>\n<p>Czy znasz wsp\u00f3\u0142czesn\u0105 literatur\u0119 niemieck\u0105? <a href=\"https:\/\/pb.edu.pl\/sjo\/wp-content\/uploads\/sites\/9\/2022\/02\/wspolczesna-literatura-niemiecka.odt\">Przeczytaj<\/a>, mo\u017ce si\u0119 zainspirujesz.<\/p>\n<h2>Ciekawostki o Niemczech<\/h2>\nngg_shortcode_0_placeholder\n<h2>10 GR\u00dcNDE F\u00dcR DEUTSCH<\/h2>\n<p><img decoding=\"async\" src=\"https:\/\/www.goethe.de\/resources\/files\/jpg980\/plakat.jpg\"><\/p>\n","protected":false},"excerpt":{"rendered":"<p>Niezale\u017cnie od tego czy masz ochot\u0119 pozwiedza\u0107 Niemcy, sp\u0119dzi\u0107 tam semestr na uczelni w ramach<\/p>\n","protected":false},"author":6,"featured_media":0,"parent":7216,"menu_order":0,"comment_status":"closed","ping_status":"closed","template":"","meta":{"_acf_changed":false,"ngg_post_thumbnail":0,"footnotes":""},"class_list":["post-12723","page","type-page","status-publish","hentry"],"acf":[],"yoast_head":"<!-- This site is optimized with the Yoast SEO plugin v27.0 - https:\/\/yoast.com\/product\/yoast-seo-wordpress\/ -->\n<title>O Niemczech - Studium J\u0119zyk\u00f3w Obcych<\/title>\n<meta name=\"description\" content=\"Niezale\u017cnie od tego czy masz ochot\u0119 pozwiedza\u0107 Niemcy, sp\u0119dzi\u0107 tam semestr na uczelni w ramach programu Erasmus+, ogl\u0105da\u0107 niemieckie filmy w oryginale,\" \/>\n<meta name=\"robots\" content=\"index, follow, max-snippet:-1, max-image-preview:large, max-video-preview:-1\" \/>\n<link rel=\"canonical\" href=\"https:\/\/pb.edu.pl\/sjo\/dla-studenta\/ciekawe-uzyteczne\/ciekawostki-2\/ciekawostki-o-niemczech\/\" \/>\n<meta property=\"og:locale\" content=\"pl_PL\" \/>\n<meta property=\"og:type\" content=\"article\" \/>\n<meta property=\"og:title\" content=\"O Niemczech - Studium J\u0119zyk\u00f3w Obcych\" \/>\n<meta property=\"og:description\" content=\"Niezale\u017cnie od tego czy masz ochot\u0119 pozwiedza\u0107 Niemcy, sp\u0119dzi\u0107 tam semestr na uczelni w ramach programu Erasmus+, ogl\u0105da\u0107 niemieckie filmy w oryginale,\" \/>\n<meta property=\"og:url\" content=\"https:\/\/pb.edu.pl\/sjo\/dla-studenta\/ciekawe-uzyteczne\/ciekawostki-2\/ciekawostki-o-niemczech\/\" \/>\n<meta property=\"og:site_name\" content=\"Studium J\u0119zyk\u00f3w Obcych\" \/>\n<meta property=\"article:modified_time\" content=\"2022-05-04T09:53:56+00:00\" \/>\n<meta property=\"og:image\" content=\"https:\/\/pb.edu.pl\/sjo\/wp-content\/uploads\/sites\/9\/2022\/02\/1-2-300x300.png\" \/>\n<meta name=\"twitter:label1\" content=\"Szacowany czas czytania\" \/>\n\t<meta name=\"twitter:data1\" content=\"6 minut\" \/>\n<script type=\"application\/ld+json\" class=\"yoast-schema-graph\">{\"@context\":\"https:\/\/schema.org\",\"@graph\":[{\"@type\":\"WebPage\",\"@id\":\"https:\/\/pb.edu.pl\/sjo\/dla-studenta\/ciekawe-uzyteczne\/ciekawostki-2\/ciekawostki-o-niemczech\/\",\"url\":\"https:\/\/pb.edu.pl\/sjo\/dla-studenta\/ciekawe-uzyteczne\/ciekawostki-2\/ciekawostki-o-niemczech\/\",\"name\":\"O Niemczech - Studium J\u0119zyk\u00f3w Obcych\",\"isPartOf\":{\"@id\":\"https:\/\/pb.edu.pl\/sjo\/#website\"},\"primaryImageOfPage\":{\"@id\":\"https:\/\/pb.edu.pl\/sjo\/dla-studenta\/ciekawe-uzyteczne\/ciekawostki-2\/ciekawostki-o-niemczech\/#primaryimage\"},\"image\":{\"@id\":\"https:\/\/pb.edu.pl\/sjo\/dla-studenta\/ciekawe-uzyteczne\/ciekawostki-2\/ciekawostki-o-niemczech\/#primaryimage\"},\"thumbnailUrl\":\"https:\/\/pb.edu.pl\/sjo\/wp-content\/uploads\/sites\/9\/2022\/02\/1-2-300x300.png\",\"datePublished\":\"2022-02-18T07:44:57+00:00\",\"dateModified\":\"2022-05-04T09:53:56+00:00\",\"description\":\"Niezale\u017cnie od tego czy masz ochot\u0119 pozwiedza\u0107 Niemcy, sp\u0119dzi\u0107 tam semestr na uczelni w ramach programu Erasmus+, ogl\u0105da\u0107 niemieckie filmy w oryginale,\",\"breadcrumb\":{\"@id\":\"https:\/\/pb.edu.pl\/sjo\/dla-studenta\/ciekawe-uzyteczne\/ciekawostki-2\/ciekawostki-o-niemczech\/#breadcrumb\"},\"inLanguage\":\"pl-PL\",\"potentialAction\":[{\"@type\":\"ReadAction\",\"target\":[\"https:\/\/pb.edu.pl\/sjo\/dla-studenta\/ciekawe-uzyteczne\/ciekawostki-2\/ciekawostki-o-niemczech\/\"]}]},{\"@type\":\"ImageObject\",\"inLanguage\":\"pl-PL\",\"@id\":\"https:\/\/pb.edu.pl\/sjo\/dla-studenta\/ciekawe-uzyteczne\/ciekawostki-2\/ciekawostki-o-niemczech\/#primaryimage\",\"url\":\"https:\/\/pb.edu.pl\/sjo\/wp-content\/uploads\/sites\/9\/2022\/02\/1-2.png\",\"contentUrl\":\"https:\/\/pb.edu.pl\/sjo\/wp-content\/uploads\/sites\/9\/2022\/02\/1-2.png\",\"width\":500,\"height\":500},{\"@type\":\"BreadcrumbList\",\"@id\":\"https:\/\/pb.edu.pl\/sjo\/dla-studenta\/ciekawe-uzyteczne\/ciekawostki-2\/ciekawostki-o-niemczech\/#breadcrumb\",\"itemListElement\":[{\"@type\":\"ListItem\",\"position\":1,\"name\":\"Home\",\"item\":\"https:\/\/pb.edu.pl\/sjo\/\"},{\"@type\":\"ListItem\",\"position\":2,\"name\":\"Studiuj\u0119 w PB\",\"item\":\"https:\/\/pb.edu.pl\/sjo\/dla-studenta\/\"},{\"@type\":\"ListItem\",\"position\":3,\"name\":\"Ciekawe i u\u017cyteczne\",\"item\":\"https:\/\/pb.edu.pl\/sjo\/dla-studenta\/ciekawe-uzyteczne\/\"},{\"@type\":\"ListItem\",\"position\":4,\"name\":\"Ciekawostki\",\"item\":\"https:\/\/pb.edu.pl\/sjo\/dla-studenta\/ciekawe-uzyteczne\/ciekawostki-2\/\"},{\"@type\":\"ListItem\",\"position\":5,\"name\":\"O Niemczech\"}]},{\"@type\":\"WebSite\",\"@id\":\"https:\/\/pb.edu.pl\/sjo\/#website\",\"url\":\"https:\/\/pb.edu.pl\/sjo\/\",\"name\":\"Studium J\u0119zyk\u00f3w Obcych\",\"description\":\"\",\"potentialAction\":[{\"@type\":\"SearchAction\",\"target\":{\"@type\":\"EntryPoint\",\"urlTemplate\":\"https:\/\/pb.edu.pl\/sjo\/?s={search_term_string}\"},\"query-input\":{\"@type\":\"PropertyValueSpecification\",\"valueRequired\":true,\"valueName\":\"search_term_string\"}}],\"inLanguage\":\"pl-PL\"}]}<\/script>\n<!-- \/ Yoast SEO plugin. -->","yoast_head_json":{"title":"O Niemczech - Studium J\u0119zyk\u00f3w Obcych","description":"Niezale\u017cnie od tego czy masz ochot\u0119 pozwiedza\u0107 Niemcy, sp\u0119dzi\u0107 tam semestr na uczelni w ramach programu Erasmus+, ogl\u0105da\u0107 niemieckie filmy w oryginale,","robots":{"index":"index","follow":"follow","max-snippet":"max-snippet:-1","max-image-preview":"max-image-preview:large","max-video-preview":"max-video-preview:-1"},"canonical":"https:\/\/pb.edu.pl\/sjo\/dla-studenta\/ciekawe-uzyteczne\/ciekawostki-2\/ciekawostki-o-niemczech\/","og_locale":"pl_PL","og_type":"article","og_title":"O Niemczech - Studium J\u0119zyk\u00f3w Obcych","og_description":"Niezale\u017cnie od tego czy masz ochot\u0119 pozwiedza\u0107 Niemcy, sp\u0119dzi\u0107 tam semestr na uczelni w ramach programu Erasmus+, ogl\u0105da\u0107 niemieckie filmy w oryginale,","og_url":"https:\/\/pb.edu.pl\/sjo\/dla-studenta\/ciekawe-uzyteczne\/ciekawostki-2\/ciekawostki-o-niemczech\/","og_site_name":"Studium J\u0119zyk\u00f3w Obcych","article_modified_time":"2022-05-04T09:53:56+00:00","og_image":[{"url":"https:\/\/pb.edu.pl\/sjo\/wp-content\/uploads\/sites\/9\/2022\/02\/1-2-300x300.png","type":"","width":"","height":""}],"twitter_misc":{"Szacowany czas czytania":"6 minut"},"schema":{"@context":"https:\/\/schema.org","@graph":[{"@type":"WebPage","@id":"https:\/\/pb.edu.pl\/sjo\/dla-studenta\/ciekawe-uzyteczne\/ciekawostki-2\/ciekawostki-o-niemczech\/","url":"https:\/\/pb.edu.pl\/sjo\/dla-studenta\/ciekawe-uzyteczne\/ciekawostki-2\/ciekawostki-o-niemczech\/","name":"O Niemczech - Studium J\u0119zyk\u00f3w Obcych","isPartOf":{"@id":"https:\/\/pb.edu.pl\/sjo\/#website"},"primaryImageOfPage":{"@id":"https:\/\/pb.edu.pl\/sjo\/dla-studenta\/ciekawe-uzyteczne\/ciekawostki-2\/ciekawostki-o-niemczech\/#primaryimage"},"image":{"@id":"https:\/\/pb.edu.pl\/sjo\/dla-studenta\/ciekawe-uzyteczne\/ciekawostki-2\/ciekawostki-o-niemczech\/#primaryimage"},"thumbnailUrl":"https:\/\/pb.edu.pl\/sjo\/wp-content\/uploads\/sites\/9\/2022\/02\/1-2-300x300.png","datePublished":"2022-02-18T07:44:57+00:00","dateModified":"2022-05-04T09:53:56+00:00","description":"Niezale\u017cnie od tego czy masz ochot\u0119 pozwiedza\u0107 Niemcy, sp\u0119dzi\u0107 tam semestr na uczelni w ramach programu Erasmus+, ogl\u0105da\u0107 niemieckie filmy w oryginale,","breadcrumb":{"@id":"https:\/\/pb.edu.pl\/sjo\/dla-studenta\/ciekawe-uzyteczne\/ciekawostki-2\/ciekawostki-o-niemczech\/#breadcrumb"},"inLanguage":"pl-PL","potentialAction":[{"@type":"ReadAction","target":["https:\/\/pb.edu.pl\/sjo\/dla-studenta\/ciekawe-uzyteczne\/ciekawostki-2\/ciekawostki-o-niemczech\/"]}]},{"@type":"ImageObject","inLanguage":"pl-PL","@id":"https:\/\/pb.edu.pl\/sjo\/dla-studenta\/ciekawe-uzyteczne\/ciekawostki-2\/ciekawostki-o-niemczech\/#primaryimage","url":"https:\/\/pb.edu.pl\/sjo\/wp-content\/uploads\/sites\/9\/2022\/02\/1-2.png","contentUrl":"https:\/\/pb.edu.pl\/sjo\/wp-content\/uploads\/sites\/9\/2022\/02\/1-2.png","width":500,"height":500},{"@type":"BreadcrumbList","@id":"https:\/\/pb.edu.pl\/sjo\/dla-studenta\/ciekawe-uzyteczne\/ciekawostki-2\/ciekawostki-o-niemczech\/#breadcrumb","itemListElement":[{"@type":"ListItem","position":1,"name":"Home","item":"https:\/\/pb.edu.pl\/sjo\/"},{"@type":"ListItem","position":2,"name":"Studiuj\u0119 w PB","item":"https:\/\/pb.edu.pl\/sjo\/dla-studenta\/"},{"@type":"ListItem","position":3,"name":"Ciekawe i u\u017cyteczne","item":"https:\/\/pb.edu.pl\/sjo\/dla-studenta\/ciekawe-uzyteczne\/"},{"@type":"ListItem","position":4,"name":"Ciekawostki","item":"https:\/\/pb.edu.pl\/sjo\/dla-studenta\/ciekawe-uzyteczne\/ciekawostki-2\/"},{"@type":"ListItem","position":5,"name":"O Niemczech"}]},{"@type":"WebSite","@id":"https:\/\/pb.edu.pl\/sjo\/#website","url":"https:\/\/pb.edu.pl\/sjo\/","name":"Studium J\u0119zyk\u00f3w Obcych","description":"","potentialAction":[{"@type":"SearchAction","target":{"@type":"EntryPoint","urlTemplate":"https:\/\/pb.edu.pl\/sjo\/?s={search_term_string}"},"query-input":{"@type":"PropertyValueSpecification","valueRequired":true,"valueName":"search_term_string"}}],"inLanguage":"pl-PL"}]}},"_links":{"self":[{"href":"https:\/\/pb.edu.pl\/sjo\/wp-json\/wp\/v2\/pages\/12723","targetHints":{"allow":["GET"]}}],"collection":[{"href":"https:\/\/pb.edu.pl\/sjo\/wp-json\/wp\/v2\/pages"}],"about":[{"href":"https:\/\/pb.edu.pl\/sjo\/wp-json\/wp\/v2\/types\/page"}],"author":[{"embeddable":true,"href":"https:\/\/pb.edu.pl\/sjo\/wp-json\/wp\/v2\/users\/6"}],"replies":[{"embeddable":true,"href":"https:\/\/pb.edu.pl\/sjo\/wp-json\/wp\/v2\/comments?post=12723"}],"version-history":[{"count":0,"href":"https:\/\/pb.edu.pl\/sjo\/wp-json\/wp\/v2\/pages\/12723\/revisions"}],"up":[{"embeddable":true,"href":"https:\/\/pb.edu.pl\/sjo\/wp-json\/wp\/v2\/pages\/7216"}],"wp:attachment":[{"href":"https:\/\/pb.edu.pl\/sjo\/wp-json\/wp\/v2\/media?parent=12723"}],"curies":[{"name":"wp","href":"https:\/\/api.w.org\/{rel}","templated":true}]}}