{"id":126,"date":"2017-11-21T10:39:42","date_gmt":"2017-11-21T09:39:42","guid":{"rendered":"https:\/\/pb.edu.pl\/sjo\/?page_id=126"},"modified":"2025-09-17T11:15:32","modified_gmt":"2025-09-17T09:15:32","slug":"kierownictwo","status":"publish","type":"page","link":"https:\/\/pb.edu.pl\/sjo\/o-nas\/kierownictwo\/","title":{"rendered":"Kierownictwo i Kolegium"},"content":{"rendered":"<div class=\"h3\" style=\"margin-top: 0px\"><span style=\"font-family: verdana, geneva, sans-serif;font-size: 12pt\"><img loading=\"lazy\" decoding=\"async\" class=\"alignleft wp-image-19916 size-medium\" src=\"https:\/\/pb.edu.pl\/sjo\/wp-content\/uploads\/sites\/9\/2023\/04\/VG2-300x300.png\" alt=\"\" width=\"300\" height=\"300\" srcset=\"https:\/\/pb.edu.pl\/sjo\/wp-content\/uploads\/sites\/9\/2023\/04\/VG2-300x300.png 300w, https:\/\/pb.edu.pl\/sjo\/wp-content\/uploads\/sites\/9\/2023\/04\/VG2.png 500w\" sizes=\"auto, (max-width: 300px) 100vw, 300px\" \/><\/span><\/div>\n<div>&nbsp;<\/div>\n<div>&nbsp;<\/div>\n<div class=\"h2\" style=\"margin-top: 0px\"><strong><span style=\"font-family: verdana, geneva, sans-serif;font-size: 18pt\">Kierownik SJO<\/span><\/strong><\/div>\n<p><strong>mgr Violetta Grabi\u0144ska<\/strong><br \/>\n<span style=\"font-family: verdana, geneva, sans-serif;font-size: 12pt\"><i class=\"fal fa-phone\"><\/i> 85 746 90 61<br \/>\n<span style=\"font-family: verdana, geneva, sans-serif;font-size: 12pt\"><i class=\"fal fa-envelope\"> <\/i> <a href=\"#\" rel=\"nofollow\"  onclick=\"this.href='mailto:' + 'sjo' + '@' + 'pb.edu.pl'\">sjo [at] pb.edu.pl<\/a><\/span><\/span><\/p>\n<p><span style=\"font-family: verdana, geneva, sans-serif;font-size: 12pt\">CNK &#8211; II pi\u0119tro, pok\u00f3j 13<\/span><\/p>\n<p>&nbsp;<\/p>\n<p>&nbsp;<\/p>\n<p>&nbsp;<\/p>\n<div class=\"h3\" style=\"margin-top: 0px\"><span style=\"font-family: verdana, geneva, sans-serif;font-size: 12pt\"><img loading=\"lazy\" decoding=\"async\" class=\"wp-image-17425 size-medium alignleft\" src=\"https:\/\/pb.edu.pl\/sjo\/wp-content\/uploads\/sites\/9\/2022\/11\/MK-300x300.png\" alt=\"\" width=\"300\" height=\"300\" srcset=\"https:\/\/pb.edu.pl\/sjo\/wp-content\/uploads\/sites\/9\/2022\/11\/MK-300x300.png 300w, https:\/\/pb.edu.pl\/sjo\/wp-content\/uploads\/sites\/9\/2022\/11\/MK.png 500w\" sizes=\"auto, (max-width: 300px) 100vw, 300px\" \/><\/span><\/div>\n<div>&nbsp;<\/div>\n<div>&nbsp;<\/div>\n<div>&nbsp;<\/div>\n<div class=\"h2\" style=\"margin-top: 0px\"><strong><span style=\"font-family: verdana, geneva, sans-serif;font-size: 18pt\">Zast\u0119pca kierownika SJO<\/span><\/strong><\/div>\n<p><span style=\"font-family: verdana, geneva, sans-serif;font-size: 12pt\"><strong>mgr Ma\u0142gorzata Komarewska<\/strong><\/span><br \/>\n<span style=\"font-family: verdana, geneva, sans-serif;font-size: 12pt\"><i class=\"fal fa-phone\"><\/i> 85 746 96 29<\/span><br \/>\n<span style=\"font-family: verdana, geneva, sans-serif;font-size: 12pt\"><i class=\"fal fa-envelope\"> <\/i> <a href=\"#\" rel=\"nofollow\"  onclick=\"this.href='mailto:' + 'sjo' + '@' + 'pb.edu.pl'\">sjo [at] pb.edu.pl<\/a><\/span><\/p>\n<p><span style=\"font-family: verdana, geneva, sans-serif;font-size: 12pt\">CNK &#8211; II pi\u0119tro, pok\u00f3j 11<\/span><\/p>\n<p>&nbsp;<\/p>\n<p>&nbsp;<\/p>\n<div>&nbsp;<\/div>\n<div class=\"h2\" style=\"font-family: verdana, geneva, sans-serif;font-size: 14pt\"><strong>Kolegium Studium na kadencj\u0119 2024 &#8211; 2028<\/strong><\/div>\n<div>\n<table style=\"border-collapse: collapse;width: 100%;height: 512px\">\n<tbody>\n<tr style=\"height: 22px\">\n<td style=\"width: 19.8949%;height: 22px\"><img loading=\"lazy\" decoding=\"async\" class=\"alignnone wp-image-19916\" src=\"https:\/\/pb.edu.pl\/sjo\/wp-content\/uploads\/sites\/9\/2023\/04\/VG2-300x300.png\" alt=\"\" width=\"200\" height=\"200\" srcset=\"https:\/\/pb.edu.pl\/sjo\/wp-content\/uploads\/sites\/9\/2023\/04\/VG2-300x300.png 300w, https:\/\/pb.edu.pl\/sjo\/wp-content\/uploads\/sites\/9\/2023\/04\/VG2.png 500w\" sizes=\"auto, (max-width: 200px) 100vw, 200px\" \/><\/td>\n<td style=\"width: 80.1051%;height: 22px\">mgr Violetta Grabi\u0144ska &#8211; kierownik Studium, przewodnicz\u0105cy Kolegium, przedstawiciel zespo\u0142u dydaktycznego j\u0119zyka hiszpa\u0144skiego<\/td>\n<\/tr>\n<tr style=\"height: 22px\">\n<td style=\"width: 19.8949%;height: 22px\"><img loading=\"lazy\" decoding=\"async\" class=\"alignnone wp-image-17425\" src=\"https:\/\/pb.edu.pl\/sjo\/wp-content\/uploads\/sites\/9\/2022\/11\/MK-300x300.png\" alt=\"\" width=\"200\" height=\"200\" srcset=\"https:\/\/pb.edu.pl\/sjo\/wp-content\/uploads\/sites\/9\/2022\/11\/MK-300x300.png 300w, https:\/\/pb.edu.pl\/sjo\/wp-content\/uploads\/sites\/9\/2022\/11\/MK.png 500w\" sizes=\"auto, (max-width: 200px) 100vw, 200px\" \/><\/td>\n<td style=\"width: 80.1051%;height: 22px\">mgr Ma\u0142gorzata Komarewska &#8211; zast\u0119pca kierownika Studium<\/td>\n<\/tr>\n<tr style=\"height: 22px\">\n<td style=\"width: 19.8949%;height: 22px\"><img loading=\"lazy\" decoding=\"async\" class=\"alignnone wp-image-12620\" src=\"https:\/\/pb.edu.pl\/sjo\/wp-content\/uploads\/sites\/9\/2024\/10\/MS-okragle.png\" alt=\"Profil M\u015aleszy\u0144ska\" width=\"200\" height=\"200\"><\/td>\n<td style=\"width: 80.1051%;height: 22px\">dr Monika \u015aleszy\u0144ska &#8211; przedstawiciel zespo\u0142u dydaktycznego j\u0119zyka angielskiego<\/td>\n<\/tr>\n<tr style=\"height: 22px\">\n<td style=\"width: 19.8949%;height: 22px\"><img loading=\"lazy\" decoding=\"async\" class=\"alignnone wp-image-25701\" src=\"https:\/\/pb.edu.pl\/sjo\/wp-content\/uploads\/sites\/9\/2024\/04\/Sylwia-D-300x300.png\" alt=\"\" width=\"200\" height=\"200\" srcset=\"https:\/\/pb.edu.pl\/sjo\/wp-content\/uploads\/sites\/9\/2024\/04\/Sylwia-D-300x300.png 300w, https:\/\/pb.edu.pl\/sjo\/wp-content\/uploads\/sites\/9\/2024\/04\/Sylwia-D.png 500w\" sizes=\"auto, (max-width: 200px) 100vw, 200px\" \/><\/td>\n<td style=\"width: 80.1051%;height: 22px\">mgr Sylwia Dobkowska &#8211; przedstawiciel zespo\u0142u dydaktycznego j\u0119zyka angielskiego<\/td>\n<\/tr>\n<tr style=\"height: 22px\">\n<td style=\"width: 19.8949%;height: 22px\"><img loading=\"lazy\" decoding=\"async\" class=\"alignnone wp-image-13301\" src=\"https:\/\/pb.edu.pl\/sjo\/wp-content\/uploads\/sites\/9\/2022\/04\/DSJ-300x300.png\" alt=\"Profil_DSzuperJakubiuk\" width=\"200\" height=\"200\" srcset=\"https:\/\/pb.edu.pl\/sjo\/wp-content\/uploads\/sites\/9\/2022\/04\/DSJ-300x300.png 300w, https:\/\/pb.edu.pl\/sjo\/wp-content\/uploads\/sites\/9\/2022\/04\/DSJ.png 500w\" sizes=\"auto, (max-width: 200px) 100vw, 200px\" \/><\/td>\n<td style=\"width: 80.1051%;height: 22px\">mgr Dorota Szuper-Jakubiuk \u2013 przedstawiciel zespo\u0142u dydaktycznego j\u0119zyka niemieckiego, rosyjskiego i ukrai\u0144skiego<\/td>\n<\/tr>\n<tr style=\"height: 22px\">\n<td style=\"width: 19.8949%;height: 22px\"><img loading=\"lazy\" decoding=\"async\" class=\"alignnone wp-image-16519\" src=\"https:\/\/pb.edu.pl\/sjo\/wp-content\/uploads\/sites\/9\/2022\/09\/AJD-2-300x300.png\" alt=\"\" width=\"200\" height=\"200\" srcset=\"https:\/\/pb.edu.pl\/sjo\/wp-content\/uploads\/sites\/9\/2022\/09\/AJD-2-300x300.png 300w, https:\/\/pb.edu.pl\/sjo\/wp-content\/uploads\/sites\/9\/2022\/09\/AJD-2.png 500w\" sizes=\"auto, (max-width: 200px) 100vw, 200px\" \/><\/td>\n<td style=\"width: 80.1051%;height: 22px\">mgr Alina Jab\u0142o\u0144ska Domurat \u2013 przedstawiciel Centrum POLISH LAB<\/td>\n<\/tr>\n<tr style=\"height: 22px\">\n<td style=\"width: 19.8949%;height: 22px\"><img loading=\"lazy\" decoding=\"async\" class=\"alignnone wp-image-12608\" src=\"https:\/\/pb.edu.pl\/sjo\/wp-content\/uploads\/sites\/9\/2023\/04\/DJ-300x300.png\" alt=\"Profil DJerlecka\" width=\"200\" height=\"200\"><\/td>\n<td style=\"width: 80.1051%;height: 22px\">mgr Dorota Jerlecka \u2013 przedstawiciel nieb\u0119d\u0105cy nauczycielem akademickim<\/td>\n<\/tr>\n<\/tbody>\n<\/table>\n<\/div>\n","protected":false},"excerpt":{"rendered":"<p>&nbsp; &nbsp; Kierownik SJO mgr Violetta Grabi\u0144ska 85 746 90 61 CNK &#8211; II pi\u0119tro,<\/p>\n","protected":false},"author":2,"featured_media":0,"parent":14,"menu_order":2,"comment_status":"closed","ping_status":"closed","template":"","meta":{"_acf_changed":false,"ngg_post_thumbnail":0,"footnotes":""},"class_list":["post-126","page","type-page","status-publish","hentry"],"acf":[],"yoast_head":"<!-- This site is optimized with the Yoast SEO plugin v27.0 - https:\/\/yoast.com\/product\/yoast-seo-wordpress\/ -->\n<title>Kierownictwo i Kolegium - Studium J\u0119zyk\u00f3w Obcych<\/title>\n<meta name=\"description\" content=\"&nbsp; &nbsp; Kierownik SJO mgr Violetta Grabi\u0144ska 85 746 90 61 CNK - II pi\u0119tro, pok\u00f3j 13 &nbsp; &nbsp; &nbsp; &nbsp; &nbsp; &nbsp; Zast\u0119pca kierownika\" \/>\n<meta name=\"robots\" content=\"index, follow, max-snippet:-1, max-image-preview:large, max-video-preview:-1\" \/>\n<link rel=\"canonical\" href=\"https:\/\/pb.edu.pl\/sjo\/o-nas\/kierownictwo\/\" \/>\n<meta property=\"og:locale\" content=\"pl_PL\" \/>\n<meta property=\"og:type\" content=\"article\" \/>\n<meta property=\"og:title\" content=\"Kierownictwo i Kolegium - Studium J\u0119zyk\u00f3w Obcych\" \/>\n<meta property=\"og:description\" content=\"&nbsp; &nbsp; Kierownik SJO mgr Violetta Grabi\u0144ska 85 746 90 61 CNK - II pi\u0119tro, pok\u00f3j 13 &nbsp; &nbsp; &nbsp; &nbsp; &nbsp; &nbsp; Zast\u0119pca kierownika\" \/>\n<meta property=\"og:url\" content=\"https:\/\/pb.edu.pl\/sjo\/o-nas\/kierownictwo\/\" \/>\n<meta property=\"og:site_name\" content=\"Studium J\u0119zyk\u00f3w Obcych\" \/>\n<meta property=\"article:modified_time\" content=\"2025-09-17T09:15:32+00:00\" \/>\n<meta property=\"og:image\" content=\"https:\/\/pb.edu.pl\/sjo\/wp-content\/uploads\/sites\/9\/2023\/04\/VG2.png\" \/>\n\t<meta property=\"og:image:width\" content=\"500\" \/>\n\t<meta property=\"og:image:height\" content=\"500\" \/>\n\t<meta property=\"og:image:type\" content=\"image\/png\" \/>\n<meta name=\"twitter:label1\" content=\"Szacowany czas czytania\" \/>\n\t<meta name=\"twitter:data1\" content=\"3 minuty\" \/>\n<script type=\"application\/ld+json\" class=\"yoast-schema-graph\">{\"@context\":\"https:\/\/schema.org\",\"@graph\":[{\"@type\":\"WebPage\",\"@id\":\"https:\/\/pb.edu.pl\/sjo\/o-nas\/kierownictwo\/\",\"url\":\"https:\/\/pb.edu.pl\/sjo\/o-nas\/kierownictwo\/\",\"name\":\"Kierownictwo i Kolegium - Studium J\u0119zyk\u00f3w Obcych\",\"isPartOf\":{\"@id\":\"https:\/\/pb.edu.pl\/sjo\/#website\"},\"primaryImageOfPage\":{\"@id\":\"https:\/\/pb.edu.pl\/sjo\/o-nas\/kierownictwo\/#primaryimage\"},\"image\":{\"@id\":\"https:\/\/pb.edu.pl\/sjo\/o-nas\/kierownictwo\/#primaryimage\"},\"thumbnailUrl\":\"https:\/\/pb.edu.pl\/sjo\/wp-content\/uploads\/sites\/9\/2023\/04\/VG2-300x300.png\",\"datePublished\":\"2017-11-21T09:39:42+00:00\",\"dateModified\":\"2025-09-17T09:15:32+00:00\",\"description\":\"&nbsp; &nbsp; Kierownik SJO mgr Violetta Grabi\u0144ska 85 746 90 61 CNK - II pi\u0119tro, pok\u00f3j 13 &nbsp; &nbsp; &nbsp; &nbsp; &nbsp; &nbsp; Zast\u0119pca kierownika\",\"breadcrumb\":{\"@id\":\"https:\/\/pb.edu.pl\/sjo\/o-nas\/kierownictwo\/#breadcrumb\"},\"inLanguage\":\"pl-PL\",\"potentialAction\":[{\"@type\":\"ReadAction\",\"target\":[\"https:\/\/pb.edu.pl\/sjo\/o-nas\/kierownictwo\/\"]}]},{\"@type\":\"ImageObject\",\"inLanguage\":\"pl-PL\",\"@id\":\"https:\/\/pb.edu.pl\/sjo\/o-nas\/kierownictwo\/#primaryimage\",\"url\":\"https:\/\/pb.edu.pl\/sjo\/wp-content\/uploads\/sites\/9\/2023\/04\/VG2.png\",\"contentUrl\":\"https:\/\/pb.edu.pl\/sjo\/wp-content\/uploads\/sites\/9\/2023\/04\/VG2.png\",\"width\":500,\"height\":500},{\"@type\":\"BreadcrumbList\",\"@id\":\"https:\/\/pb.edu.pl\/sjo\/o-nas\/kierownictwo\/#breadcrumb\",\"itemListElement\":[{\"@type\":\"ListItem\",\"position\":1,\"name\":\"Home\",\"item\":\"https:\/\/pb.edu.pl\/sjo\/\"},{\"@type\":\"ListItem\",\"position\":2,\"name\":\"O nas\",\"item\":\"https:\/\/pb.edu.pl\/sjo\/o-nas\/\"},{\"@type\":\"ListItem\",\"position\":3,\"name\":\"Kierownictwo i Kolegium\"}]},{\"@type\":\"WebSite\",\"@id\":\"https:\/\/pb.edu.pl\/sjo\/#website\",\"url\":\"https:\/\/pb.edu.pl\/sjo\/\",\"name\":\"Studium J\u0119zyk\u00f3w Obcych\",\"description\":\"\",\"potentialAction\":[{\"@type\":\"SearchAction\",\"target\":{\"@type\":\"EntryPoint\",\"urlTemplate\":\"https:\/\/pb.edu.pl\/sjo\/?s={search_term_string}\"},\"query-input\":{\"@type\":\"PropertyValueSpecification\",\"valueRequired\":true,\"valueName\":\"search_term_string\"}}],\"inLanguage\":\"pl-PL\"}]}<\/script>\n<!-- \/ Yoast SEO plugin. -->","yoast_head_json":{"title":"Kierownictwo i Kolegium - Studium J\u0119zyk\u00f3w Obcych","description":"&nbsp; &nbsp; Kierownik SJO mgr Violetta Grabi\u0144ska 85 746 90 61 CNK - II pi\u0119tro, pok\u00f3j 13 &nbsp; &nbsp; &nbsp; &nbsp; &nbsp; &nbsp; Zast\u0119pca kierownika","robots":{"index":"index","follow":"follow","max-snippet":"max-snippet:-1","max-image-preview":"max-image-preview:large","max-video-preview":"max-video-preview:-1"},"canonical":"https:\/\/pb.edu.pl\/sjo\/o-nas\/kierownictwo\/","og_locale":"pl_PL","og_type":"article","og_title":"Kierownictwo i Kolegium - Studium J\u0119zyk\u00f3w Obcych","og_description":"&nbsp; &nbsp; Kierownik SJO mgr Violetta Grabi\u0144ska 85 746 90 61 CNK - II pi\u0119tro, pok\u00f3j 13 &nbsp; &nbsp; &nbsp; &nbsp; &nbsp; &nbsp; Zast\u0119pca kierownika","og_url":"https:\/\/pb.edu.pl\/sjo\/o-nas\/kierownictwo\/","og_site_name":"Studium J\u0119zyk\u00f3w Obcych","article_modified_time":"2025-09-17T09:15:32+00:00","og_image":[{"width":500,"height":500,"url":"https:\/\/pb.edu.pl\/sjo\/wp-content\/uploads\/sites\/9\/2023\/04\/VG2.png","type":"image\/png"}],"twitter_misc":{"Szacowany czas czytania":"3 minuty"},"schema":{"@context":"https:\/\/schema.org","@graph":[{"@type":"WebPage","@id":"https:\/\/pb.edu.pl\/sjo\/o-nas\/kierownictwo\/","url":"https:\/\/pb.edu.pl\/sjo\/o-nas\/kierownictwo\/","name":"Kierownictwo i Kolegium - Studium J\u0119zyk\u00f3w Obcych","isPartOf":{"@id":"https:\/\/pb.edu.pl\/sjo\/#website"},"primaryImageOfPage":{"@id":"https:\/\/pb.edu.pl\/sjo\/o-nas\/kierownictwo\/#primaryimage"},"image":{"@id":"https:\/\/pb.edu.pl\/sjo\/o-nas\/kierownictwo\/#primaryimage"},"thumbnailUrl":"https:\/\/pb.edu.pl\/sjo\/wp-content\/uploads\/sites\/9\/2023\/04\/VG2-300x300.png","datePublished":"2017-11-21T09:39:42+00:00","dateModified":"2025-09-17T09:15:32+00:00","description":"&nbsp; &nbsp; Kierownik SJO mgr Violetta Grabi\u0144ska 85 746 90 61 CNK - II pi\u0119tro, pok\u00f3j 13 &nbsp; &nbsp; &nbsp; &nbsp; &nbsp; &nbsp; Zast\u0119pca kierownika","breadcrumb":{"@id":"https:\/\/pb.edu.pl\/sjo\/o-nas\/kierownictwo\/#breadcrumb"},"inLanguage":"pl-PL","potentialAction":[{"@type":"ReadAction","target":["https:\/\/pb.edu.pl\/sjo\/o-nas\/kierownictwo\/"]}]},{"@type":"ImageObject","inLanguage":"pl-PL","@id":"https:\/\/pb.edu.pl\/sjo\/o-nas\/kierownictwo\/#primaryimage","url":"https:\/\/pb.edu.pl\/sjo\/wp-content\/uploads\/sites\/9\/2023\/04\/VG2.png","contentUrl":"https:\/\/pb.edu.pl\/sjo\/wp-content\/uploads\/sites\/9\/2023\/04\/VG2.png","width":500,"height":500},{"@type":"BreadcrumbList","@id":"https:\/\/pb.edu.pl\/sjo\/o-nas\/kierownictwo\/#breadcrumb","itemListElement":[{"@type":"ListItem","position":1,"name":"Home","item":"https:\/\/pb.edu.pl\/sjo\/"},{"@type":"ListItem","position":2,"name":"O nas","item":"https:\/\/pb.edu.pl\/sjo\/o-nas\/"},{"@type":"ListItem","position":3,"name":"Kierownictwo i Kolegium"}]},{"@type":"WebSite","@id":"https:\/\/pb.edu.pl\/sjo\/#website","url":"https:\/\/pb.edu.pl\/sjo\/","name":"Studium J\u0119zyk\u00f3w Obcych","description":"","potentialAction":[{"@type":"SearchAction","target":{"@type":"EntryPoint","urlTemplate":"https:\/\/pb.edu.pl\/sjo\/?s={search_term_string}"},"query-input":{"@type":"PropertyValueSpecification","valueRequired":true,"valueName":"search_term_string"}}],"inLanguage":"pl-PL"}]}},"_links":{"self":[{"href":"https:\/\/pb.edu.pl\/sjo\/wp-json\/wp\/v2\/pages\/126","targetHints":{"allow":["GET"]}}],"collection":[{"href":"https:\/\/pb.edu.pl\/sjo\/wp-json\/wp\/v2\/pages"}],"about":[{"href":"https:\/\/pb.edu.pl\/sjo\/wp-json\/wp\/v2\/types\/page"}],"author":[{"embeddable":true,"href":"https:\/\/pb.edu.pl\/sjo\/wp-json\/wp\/v2\/users\/2"}],"replies":[{"embeddable":true,"href":"https:\/\/pb.edu.pl\/sjo\/wp-json\/wp\/v2\/comments?post=126"}],"version-history":[{"count":0,"href":"https:\/\/pb.edu.pl\/sjo\/wp-json\/wp\/v2\/pages\/126\/revisions"}],"up":[{"embeddable":true,"href":"https:\/\/pb.edu.pl\/sjo\/wp-json\/wp\/v2\/pages\/14"}],"wp:attachment":[{"href":"https:\/\/pb.edu.pl\/sjo\/wp-json\/wp\/v2\/media?parent=126"}],"curies":[{"name":"wp","href":"https:\/\/api.w.org\/{rel}","templated":true}]}}