{"id":12538,"date":"2022-02-11T12:06:13","date_gmt":"2022-02-11T11:06:13","guid":{"rendered":"https:\/\/pb.edu.pl\/sjo\/?page_id=12538"},"modified":"2023-02-15T10:11:13","modified_gmt":"2023-02-15T09:11:13","slug":"konkurs-photograph-your-english","status":"publish","type":"page","link":"https:\/\/pb.edu.pl\/sjo\/wydarzenia-sjo\/konkurs-photograph-your-english\/","title":{"rendered":"Konkurs &#8222;Photograph your English&#8221;"},"content":{"rendered":"<p data-wp-editing=\"1\"><img loading=\"lazy\" decoding=\"async\" class=\"alignleft wp-image-13022\" src=\"https:\/\/pb.edu.pl\/sjo\/wp-content\/uploads\/sites\/9\/2022\/03\/Photograph-your-English_bx-1-300x200.png\" alt=\"\" width=\"450\" height=\"300\" srcset=\"https:\/\/pb.edu.pl\/sjo\/wp-content\/uploads\/sites\/9\/2022\/03\/Photograph-your-English_bx-1-300x200.png 300w, https:\/\/pb.edu.pl\/sjo\/wp-content\/uploads\/sites\/9\/2022\/03\/Photograph-your-English_bx-1-768x512.png 768w, https:\/\/pb.edu.pl\/sjo\/wp-content\/uploads\/sites\/9\/2022\/03\/Photograph-your-English_bx-1-480x320.png 480w, https:\/\/pb.edu.pl\/sjo\/wp-content\/uploads\/sites\/9\/2022\/03\/Photograph-your-English_bx-1.png 799w\" sizes=\"auto, (max-width: 450px) 100vw, 450px\" \/>Je\u015bli studiujesz w Politechnice Bia\u0142ostockiej i masz ochot\u0119 na odrobin\u0119 zabawy oraz fajne nagrody to <strong>zapraszamy do konkursu fotograficzno-j\u0119zykowego<\/strong> &#8222;Photograph your English&#8221;!<\/p>\n<p>&nbsp;<\/p>\n<p>Twoim zadaniem jest zrobienie <strong>ciekawej fotografii zwi\u0105zanej z j\u0119zykiem i\/lub kultur\u0105 kraj\u00f3w angloj\u0119zycznych<\/strong>. Zinterpretuj temat konkursu wg w\u0142asnego uznania. Nadaj fotografii tytu\u0142 i opatrz zwi\u0119z\u0142ym opisem (1-2 zdania).<\/p>\n<p><strong>Liczy si\u0119 pomys\u0142owo\u015b\u0107!<\/strong><\/p>\n<p>Zg\u0142o\u015b si\u0119 do konkursu wype\u0142niaj\u0105c formularz na dole strony.<\/p>\n<p><strong>Konkurs trwa od 10 marca do 10 kwietnia 2022.<\/strong><\/p>\n<h2>Najfajniejsze zdj\u0119cia otrzymaj\u0105 super nagrody!<\/h2>\n<p>Nie mo\u017cemy zdradzi\u0107 co to za nagrody, ale jeste\u015bmy pewni, \u017ce b\u0119dziecie zadowoleni <span class=\"ui-provider tz b c d e f g h i j k l m n o p q r s t bef beg w x y z ab ac ae af ag ah ai aj ak\" dir=\"ltr\"><img decoding=\"async\" src=\"https:\/\/statics.teams.cdn.office.net\/evergreen-assets\/personal-expressions\/v1\/assets\/emoticons\/winktongueout\/default\/30_f.png?v9\" alt=\"?\" width=\"20\"><\/span><\/p>\n<p><strong>I miejsce<\/strong> &#8211; super nagroda rzeczowa o warto\u015bci 300z\u0142 oraz druga super nagroda rzeczowa o warto\u015bci 70z\u0142<\/p>\n<p><strong>II miejsce<\/strong> &#8211; super nagroda rzeczowa o warto\u015bci 200z\u0142 oraz druga super nagroda rzeczowa o warto\u015bci 70z\u0142<\/p>\n<p><strong>III miejsce<\/strong> &#8211; super nagroda rzeczowa o warto\u015bci 100z\u0142 oraz druga super nagroda rzeczowa o warto\u015bci 70z\u0142<\/p>\n<p><strong>Nagroda Publiczno\u015bci<\/strong> &#8211; super nagroda rzeczowa o warto\u015bci 100z\u0142 oraz druga super nagroda rzeczowa o warto\u015bci 70z\u0142<\/p>\n<p>&nbsp;<\/p>\n<p>Najlepsze zdj\u0119cia wybiera\u0107 b\u0119dzie jury, natomiast <strong>Nagrod\u0119 Publiczno\u015bci<\/strong> otrzyma Wasz faworyt.<\/p>\n<p>Na profilu <a href=\"https:\/\/www.facebook.com\/StudiumJezykowObcychPB\">facebook SJO<\/a> zamie\u015bcimy nades\u0142ane zdj\u0119cia, na kt\u00f3re b\u0119dziecie mogli zag\u0142osowa\u0107. Autor\/ka fotografii z najwi\u0119ksza liczb\u0105 polubie\u0144 otrzyma Nagrod\u0119 Publiczno\u015bci.<br \/>\n&nbsp;<br \/>\n<a href=\"https:\/\/pb.edu.pl\/sjo\/wp-content\/uploads\/sites\/9\/2022\/03\/REGULAMIN_KONKURSU__Photograph_Your_English.pdf\"><strong>Regulamin konkursu<\/strong> &#8222;Photograph your English&#8221;<\/a>.<br \/>\n&nbsp;<br \/>\nEwentualne <strong>pytania<\/strong> kierujcie na adres: <i class=\"fa fa-envelope-o\" aria-hidden=\"true\"><\/i> sjo@pb.edu.pl<br \/>\n&nbsp;<br \/>\n<a id=\"formularz\"><\/a><br \/>\n&nbsp;<\/p>\n<p>&nbsp;<br \/>\n&nbsp;<br \/>\n&nbsp;<br \/>\n&nbsp;<br \/>\n&nbsp;<br \/>\n&nbsp;<\/p>\n","protected":false},"excerpt":{"rendered":"<p>Je\u015bli studiujesz w Politechnice Bia\u0142ostockiej i masz ochot\u0119 na odrobin\u0119 zabawy oraz fajne nagrody to<\/p>\n","protected":false},"author":6,"featured_media":0,"parent":10915,"menu_order":0,"comment_status":"closed","ping_status":"closed","template":"","meta":{"_acf_changed":false,"ngg_post_thumbnail":0,"footnotes":""},"class_list":["post-12538","page","type-page","status-publish","hentry"],"acf":[],"yoast_head":"<!-- This site is optimized with the Yoast SEO plugin v27.0 - https:\/\/yoast.com\/product\/yoast-seo-wordpress\/ -->\n<title>Konkurs &quot;Photograph your English&quot; - Studium J\u0119zyk\u00f3w Obcych<\/title>\n<meta name=\"description\" content=\"Je\u015bli studiujesz w Politechnice Bia\u0142ostockiej i masz ochot\u0119 na odrobin\u0119 zabawy oraz fajne nagrody to zapraszamy do konkursu fotograficzno-j\u0119zykowego\" \/>\n<meta name=\"robots\" content=\"index, follow, max-snippet:-1, max-image-preview:large, max-video-preview:-1\" \/>\n<link rel=\"canonical\" href=\"https:\/\/pb.edu.pl\/sjo\/wydarzenia-sjo\/konkurs-photograph-your-english\/\" \/>\n<meta property=\"og:locale\" content=\"pl_PL\" \/>\n<meta property=\"og:type\" content=\"article\" \/>\n<meta property=\"og:title\" content=\"Konkurs &quot;Photograph your English&quot; - Studium J\u0119zyk\u00f3w Obcych\" \/>\n<meta property=\"og:description\" content=\"Je\u015bli studiujesz w Politechnice Bia\u0142ostockiej i masz ochot\u0119 na odrobin\u0119 zabawy oraz fajne nagrody to zapraszamy do konkursu fotograficzno-j\u0119zykowego\" \/>\n<meta property=\"og:url\" content=\"https:\/\/pb.edu.pl\/sjo\/wydarzenia-sjo\/konkurs-photograph-your-english\/\" \/>\n<meta property=\"og:site_name\" content=\"Studium J\u0119zyk\u00f3w Obcych\" \/>\n<meta property=\"article:modified_time\" content=\"2023-02-15T09:11:13+00:00\" \/>\n<meta property=\"og:image\" content=\"https:\/\/pb.edu.pl\/sjo\/wp-content\/uploads\/sites\/9\/2022\/03\/Photograph-your-English_bx-1-300x200.png\" \/>\n<meta name=\"twitter:label1\" content=\"Szacowany czas czytania\" \/>\n\t<meta name=\"twitter:data1\" content=\"2 minuty\" \/>\n<script type=\"application\/ld+json\" class=\"yoast-schema-graph\">{\"@context\":\"https:\/\/schema.org\",\"@graph\":[{\"@type\":\"WebPage\",\"@id\":\"https:\/\/pb.edu.pl\/sjo\/wydarzenia-sjo\/konkurs-photograph-your-english\/\",\"url\":\"https:\/\/pb.edu.pl\/sjo\/wydarzenia-sjo\/konkurs-photograph-your-english\/\",\"name\":\"Konkurs \\\"Photograph your English\\\" - Studium J\u0119zyk\u00f3w Obcych\",\"isPartOf\":{\"@id\":\"https:\/\/pb.edu.pl\/sjo\/#website\"},\"primaryImageOfPage\":{\"@id\":\"https:\/\/pb.edu.pl\/sjo\/wydarzenia-sjo\/konkurs-photograph-your-english\/#primaryimage\"},\"image\":{\"@id\":\"https:\/\/pb.edu.pl\/sjo\/wydarzenia-sjo\/konkurs-photograph-your-english\/#primaryimage\"},\"thumbnailUrl\":\"https:\/\/pb.edu.pl\/sjo\/wp-content\/uploads\/sites\/9\/2022\/03\/Photograph-your-English_bx-1-300x200.png\",\"datePublished\":\"2022-02-11T11:06:13+00:00\",\"dateModified\":\"2023-02-15T09:11:13+00:00\",\"description\":\"Je\u015bli studiujesz w Politechnice Bia\u0142ostockiej i masz ochot\u0119 na odrobin\u0119 zabawy oraz fajne nagrody to zapraszamy do konkursu fotograficzno-j\u0119zykowego\",\"breadcrumb\":{\"@id\":\"https:\/\/pb.edu.pl\/sjo\/wydarzenia-sjo\/konkurs-photograph-your-english\/#breadcrumb\"},\"inLanguage\":\"pl-PL\",\"potentialAction\":[{\"@type\":\"ReadAction\",\"target\":[\"https:\/\/pb.edu.pl\/sjo\/wydarzenia-sjo\/konkurs-photograph-your-english\/\"]}]},{\"@type\":\"ImageObject\",\"inLanguage\":\"pl-PL\",\"@id\":\"https:\/\/pb.edu.pl\/sjo\/wydarzenia-sjo\/konkurs-photograph-your-english\/#primaryimage\",\"url\":\"https:\/\/pb.edu.pl\/sjo\/wp-content\/uploads\/sites\/9\/2022\/03\/Photograph-your-English_bx-1.png\",\"contentUrl\":\"https:\/\/pb.edu.pl\/sjo\/wp-content\/uploads\/sites\/9\/2022\/03\/Photograph-your-English_bx-1.png\",\"width\":799,\"height\":533},{\"@type\":\"BreadcrumbList\",\"@id\":\"https:\/\/pb.edu.pl\/sjo\/wydarzenia-sjo\/konkurs-photograph-your-english\/#breadcrumb\",\"itemListElement\":[{\"@type\":\"ListItem\",\"position\":1,\"name\":\"Home\",\"item\":\"https:\/\/pb.edu.pl\/sjo\/\"},{\"@type\":\"ListItem\",\"position\":2,\"name\":\"Wydarzenia SJO\",\"item\":\"https:\/\/pb.edu.pl\/sjo\/wydarzenia-sjo\/\"},{\"@type\":\"ListItem\",\"position\":3,\"name\":\"Konkurs &#8222;Photograph your English&#8221;\"}]},{\"@type\":\"WebSite\",\"@id\":\"https:\/\/pb.edu.pl\/sjo\/#website\",\"url\":\"https:\/\/pb.edu.pl\/sjo\/\",\"name\":\"Studium J\u0119zyk\u00f3w Obcych\",\"description\":\"\",\"potentialAction\":[{\"@type\":\"SearchAction\",\"target\":{\"@type\":\"EntryPoint\",\"urlTemplate\":\"https:\/\/pb.edu.pl\/sjo\/?s={search_term_string}\"},\"query-input\":{\"@type\":\"PropertyValueSpecification\",\"valueRequired\":true,\"valueName\":\"search_term_string\"}}],\"inLanguage\":\"pl-PL\"}]}<\/script>\n<!-- \/ Yoast SEO plugin. -->","yoast_head_json":{"title":"Konkurs \"Photograph your English\" - Studium J\u0119zyk\u00f3w Obcych","description":"Je\u015bli studiujesz w Politechnice Bia\u0142ostockiej i masz ochot\u0119 na odrobin\u0119 zabawy oraz fajne nagrody to zapraszamy do konkursu fotograficzno-j\u0119zykowego","robots":{"index":"index","follow":"follow","max-snippet":"max-snippet:-1","max-image-preview":"max-image-preview:large","max-video-preview":"max-video-preview:-1"},"canonical":"https:\/\/pb.edu.pl\/sjo\/wydarzenia-sjo\/konkurs-photograph-your-english\/","og_locale":"pl_PL","og_type":"article","og_title":"Konkurs \"Photograph your English\" - Studium J\u0119zyk\u00f3w Obcych","og_description":"Je\u015bli studiujesz w Politechnice Bia\u0142ostockiej i masz ochot\u0119 na odrobin\u0119 zabawy oraz fajne nagrody to zapraszamy do konkursu fotograficzno-j\u0119zykowego","og_url":"https:\/\/pb.edu.pl\/sjo\/wydarzenia-sjo\/konkurs-photograph-your-english\/","og_site_name":"Studium J\u0119zyk\u00f3w Obcych","article_modified_time":"2023-02-15T09:11:13+00:00","og_image":[{"url":"https:\/\/pb.edu.pl\/sjo\/wp-content\/uploads\/sites\/9\/2022\/03\/Photograph-your-English_bx-1-300x200.png","type":"","width":"","height":""}],"twitter_misc":{"Szacowany czas czytania":"2 minuty"},"schema":{"@context":"https:\/\/schema.org","@graph":[{"@type":"WebPage","@id":"https:\/\/pb.edu.pl\/sjo\/wydarzenia-sjo\/konkurs-photograph-your-english\/","url":"https:\/\/pb.edu.pl\/sjo\/wydarzenia-sjo\/konkurs-photograph-your-english\/","name":"Konkurs \"Photograph your English\" - Studium J\u0119zyk\u00f3w Obcych","isPartOf":{"@id":"https:\/\/pb.edu.pl\/sjo\/#website"},"primaryImageOfPage":{"@id":"https:\/\/pb.edu.pl\/sjo\/wydarzenia-sjo\/konkurs-photograph-your-english\/#primaryimage"},"image":{"@id":"https:\/\/pb.edu.pl\/sjo\/wydarzenia-sjo\/konkurs-photograph-your-english\/#primaryimage"},"thumbnailUrl":"https:\/\/pb.edu.pl\/sjo\/wp-content\/uploads\/sites\/9\/2022\/03\/Photograph-your-English_bx-1-300x200.png","datePublished":"2022-02-11T11:06:13+00:00","dateModified":"2023-02-15T09:11:13+00:00","description":"Je\u015bli studiujesz w Politechnice Bia\u0142ostockiej i masz ochot\u0119 na odrobin\u0119 zabawy oraz fajne nagrody to zapraszamy do konkursu fotograficzno-j\u0119zykowego","breadcrumb":{"@id":"https:\/\/pb.edu.pl\/sjo\/wydarzenia-sjo\/konkurs-photograph-your-english\/#breadcrumb"},"inLanguage":"pl-PL","potentialAction":[{"@type":"ReadAction","target":["https:\/\/pb.edu.pl\/sjo\/wydarzenia-sjo\/konkurs-photograph-your-english\/"]}]},{"@type":"ImageObject","inLanguage":"pl-PL","@id":"https:\/\/pb.edu.pl\/sjo\/wydarzenia-sjo\/konkurs-photograph-your-english\/#primaryimage","url":"https:\/\/pb.edu.pl\/sjo\/wp-content\/uploads\/sites\/9\/2022\/03\/Photograph-your-English_bx-1.png","contentUrl":"https:\/\/pb.edu.pl\/sjo\/wp-content\/uploads\/sites\/9\/2022\/03\/Photograph-your-English_bx-1.png","width":799,"height":533},{"@type":"BreadcrumbList","@id":"https:\/\/pb.edu.pl\/sjo\/wydarzenia-sjo\/konkurs-photograph-your-english\/#breadcrumb","itemListElement":[{"@type":"ListItem","position":1,"name":"Home","item":"https:\/\/pb.edu.pl\/sjo\/"},{"@type":"ListItem","position":2,"name":"Wydarzenia SJO","item":"https:\/\/pb.edu.pl\/sjo\/wydarzenia-sjo\/"},{"@type":"ListItem","position":3,"name":"Konkurs &#8222;Photograph your English&#8221;"}]},{"@type":"WebSite","@id":"https:\/\/pb.edu.pl\/sjo\/#website","url":"https:\/\/pb.edu.pl\/sjo\/","name":"Studium J\u0119zyk\u00f3w Obcych","description":"","potentialAction":[{"@type":"SearchAction","target":{"@type":"EntryPoint","urlTemplate":"https:\/\/pb.edu.pl\/sjo\/?s={search_term_string}"},"query-input":{"@type":"PropertyValueSpecification","valueRequired":true,"valueName":"search_term_string"}}],"inLanguage":"pl-PL"}]}},"_links":{"self":[{"href":"https:\/\/pb.edu.pl\/sjo\/wp-json\/wp\/v2\/pages\/12538","targetHints":{"allow":["GET"]}}],"collection":[{"href":"https:\/\/pb.edu.pl\/sjo\/wp-json\/wp\/v2\/pages"}],"about":[{"href":"https:\/\/pb.edu.pl\/sjo\/wp-json\/wp\/v2\/types\/page"}],"author":[{"embeddable":true,"href":"https:\/\/pb.edu.pl\/sjo\/wp-json\/wp\/v2\/users\/6"}],"replies":[{"embeddable":true,"href":"https:\/\/pb.edu.pl\/sjo\/wp-json\/wp\/v2\/comments?post=12538"}],"version-history":[{"count":0,"href":"https:\/\/pb.edu.pl\/sjo\/wp-json\/wp\/v2\/pages\/12538\/revisions"}],"up":[{"embeddable":true,"href":"https:\/\/pb.edu.pl\/sjo\/wp-json\/wp\/v2\/pages\/10915"}],"wp:attachment":[{"href":"https:\/\/pb.edu.pl\/sjo\/wp-json\/wp\/v2\/media?parent=12538"}],"curies":[{"name":"wp","href":"https:\/\/api.w.org\/{rel}","templated":true}]}}