{"id":12505,"date":"2022-02-10T20:32:19","date_gmt":"2022-02-10T19:32:19","guid":{"rendered":"https:\/\/pb.edu.pl\/sjo\/?page_id=12505"},"modified":"2026-03-09T08:34:59","modified_gmt":"2026-03-09T07:34:59","slug":"metodyka","status":"publish","type":"page","link":"https:\/\/pb.edu.pl\/sjo\/polish-lab\/kursy-jezyka-polskiego-jako-obcego-2\/metodyka\/","title":{"rendered":"Metodyka nauczania"},"content":{"rendered":"<p><strong><img loading=\"lazy\" decoding=\"async\" class=\"alignleft wp-image-12442\" src=\"https:\/\/pb.edu.pl\/sjo\/wp-content\/uploads\/sites\/9\/2022\/02\/Kopia-Boks-centrum-jezyka-i-kultury-polskiej-zaprasza-Wpis-na-Facebooku-799\u00d7533-px-300x200.png\" alt=\"METODYKA\" width=\"500\" height=\"334\" srcset=\"https:\/\/pb.edu.pl\/sjo\/wp-content\/uploads\/sites\/9\/2022\/02\/Kopia-Boks-centrum-jezyka-i-kultury-polskiej-zaprasza-Wpis-na-Facebooku-799\u00d7533-px-300x200.png 300w, https:\/\/pb.edu.pl\/sjo\/wp-content\/uploads\/sites\/9\/2022\/02\/Kopia-Boks-centrum-jezyka-i-kultury-polskiej-zaprasza-Wpis-na-Facebooku-799\u00d7533-px-768x512.png 768w, https:\/\/pb.edu.pl\/sjo\/wp-content\/uploads\/sites\/9\/2022\/02\/Kopia-Boks-centrum-jezyka-i-kultury-polskiej-zaprasza-Wpis-na-Facebooku-799\u00d7533-px-480x320.png 480w, https:\/\/pb.edu.pl\/sjo\/wp-content\/uploads\/sites\/9\/2022\/02\/Kopia-Boks-centrum-jezyka-i-kultury-polskiej-zaprasza-Wpis-na-Facebooku-799\u00d7533-px.png 799w\" sizes=\"auto, (max-width: 500px) 100vw, 500px\" \/>Metodyka nauczania<\/strong>&nbsp;w naszym o\u015brodku oparta jest na komunikacji, ale te\u017c lektorzy podchodz\u0105 indywidualnie do potrzeb s\u0142uchaczy. Podczas zaj\u0119\u0107 kursanci rozwijaj\u0105 wszystkie sprawno\u015bci j\u0119zykowe r\u00f3wnolegle, pracuj\u0105c w indywidualnie, w parach, w ma\u0142ych grupach oraz z ca\u0142\u0105 grup\u0105. J\u0119zykiem wyk\u0142adowym jest j\u0119zyk polski, ale polecenia s\u0105 t\u0142umaczone na j\u0119zyk angielski lub rosyjski, je\u017celi jest to konieczne.<\/p>\n<p>Zaj\u0119cia prowadz\u0105 do\u015bwiadczeni lektorzy, b\u0119d\u0105cy r\u00f3wnie\u017c egzaminatorami podczas pa\u0144stwowych egzamin\u00f3w z j\u0119zyka polskiego jako obcego.<\/p>\n<p>Kursy standardowo odbywaj\u0105 si\u0119 w grupach od 6 do 10 os\u00f3b.<\/p>\n<p>Koszt kurs\u00f3w zale\u017cy od liczby uczestnik\u00f3w oraz od liczby godzin, zwykle pomi\u0119dzy 25 z\u0142 a 36 z\u0142 za godzin\u0119 lekcyjn\u0105.<\/p>\n<p>Zapraszamy do <a href=\"https:\/\/pb.edu.pl\/sjo\/polish-lab\/kontakt\/\">kontaktu<\/a>.<\/p>\n<p>&nbsp;<\/p>\n<p><span style=\"color: #808080\"><strong>Methodology of teaching Polish language<\/strong>&nbsp;is based on communicative approach. Students develop all four language skills (speaking, listening, reading and writing) simultaneously. Students work individually, in small groups, in pairs or with the whole class. The working language in the classroom is Polish, but if necessary, the instructions are repeated in English or in Russian.<\/span><\/p>\n<p><span style=\"color: #808080\">Classes are run by experienced teachers who are examiners at the state examinations in Polish as a foreign language.<\/span><\/p>\n<p><span style=\"color: #808080\">Courses normally take place in groups of 6 to 10 people.<\/span><\/p>\n<p><span style=\"color: #808080\">The cost of courses depends on the number of participants and the number of hours, usually between PLN 25 and PLN 36 per hour.<\/span><\/p>\n<p><a href=\"https:\/\/pb.edu.pl\/sjo\/polish-lab\/kontakt\/\"><span style=\"color: #808080\">Contact us.<\/span><\/a><\/p>\n","protected":false},"excerpt":{"rendered":"<p>Metodyka nauczania&nbsp;w naszym o\u015brodku oparta jest na komunikacji, ale te\u017c lektorzy podchodz\u0105 indywidualnie do potrzeb<\/p>\n","protected":false},"author":6,"featured_media":0,"parent":25995,"menu_order":0,"comment_status":"closed","ping_status":"closed","template":"","meta":{"_acf_changed":false,"ngg_post_thumbnail":0,"footnotes":""},"class_list":["post-12505","page","type-page","status-publish","hentry"],"acf":[],"yoast_head":"<!-- This site is optimized with the Yoast SEO plugin v27.0 - https:\/\/yoast.com\/product\/yoast-seo-wordpress\/ -->\n<title>Metodyka nauczania - Studium J\u0119zyk\u00f3w Obcych<\/title>\n<meta name=\"description\" content=\"Metodyka nauczania&nbsp;w naszym o\u015brodku oparta jest na komunikacji, ale te\u017c lektorzy podchodz\u0105 indywidualnie do potrzeb s\u0142uchaczy. Podczas zaj\u0119\u0107 kursanci\" \/>\n<meta name=\"robots\" content=\"index, follow, max-snippet:-1, max-image-preview:large, max-video-preview:-1\" \/>\n<link rel=\"canonical\" href=\"https:\/\/pb.edu.pl\/sjo\/polish-lab\/kursy-jezyka-polskiego-jako-obcego-2\/metodyka\/\" \/>\n<meta property=\"og:locale\" content=\"pl_PL\" \/>\n<meta property=\"og:type\" content=\"article\" \/>\n<meta property=\"og:title\" content=\"Metodyka nauczania - Studium J\u0119zyk\u00f3w Obcych\" \/>\n<meta property=\"og:description\" content=\"Metodyka nauczania&nbsp;w naszym o\u015brodku oparta jest na komunikacji, ale te\u017c lektorzy podchodz\u0105 indywidualnie do potrzeb s\u0142uchaczy. Podczas zaj\u0119\u0107 kursanci\" \/>\n<meta property=\"og:url\" content=\"https:\/\/pb.edu.pl\/sjo\/polish-lab\/kursy-jezyka-polskiego-jako-obcego-2\/metodyka\/\" \/>\n<meta property=\"og:site_name\" content=\"Studium J\u0119zyk\u00f3w Obcych\" \/>\n<meta property=\"article:modified_time\" content=\"2026-03-09T07:34:59+00:00\" \/>\n<meta name=\"twitter:label1\" content=\"Szacowany czas czytania\" \/>\n\t<meta name=\"twitter:data1\" content=\"2 minuty\" \/>\n<script type=\"application\/ld+json\" class=\"yoast-schema-graph\">{\"@context\":\"https:\/\/schema.org\",\"@graph\":[{\"@type\":\"WebPage\",\"@id\":\"https:\/\/pb.edu.pl\/sjo\/polish-lab\/kursy-jezyka-polskiego-jako-obcego-2\/metodyka\/\",\"url\":\"https:\/\/pb.edu.pl\/sjo\/polish-lab\/kursy-jezyka-polskiego-jako-obcego-2\/metodyka\/\",\"name\":\"Metodyka nauczania - Studium J\u0119zyk\u00f3w Obcych\",\"isPartOf\":{\"@id\":\"https:\/\/pb.edu.pl\/sjo\/#website\"},\"datePublished\":\"2022-02-10T19:32:19+00:00\",\"dateModified\":\"2026-03-09T07:34:59+00:00\",\"description\":\"Metodyka nauczania&nbsp;w naszym o\u015brodku oparta jest na komunikacji, ale te\u017c lektorzy podchodz\u0105 indywidualnie do potrzeb s\u0142uchaczy. Podczas zaj\u0119\u0107 kursanci\",\"breadcrumb\":{\"@id\":\"https:\/\/pb.edu.pl\/sjo\/polish-lab\/kursy-jezyka-polskiego-jako-obcego-2\/metodyka\/#breadcrumb\"},\"inLanguage\":\"pl-PL\",\"potentialAction\":[{\"@type\":\"ReadAction\",\"target\":[\"https:\/\/pb.edu.pl\/sjo\/polish-lab\/kursy-jezyka-polskiego-jako-obcego-2\/metodyka\/\"]}]},{\"@type\":\"BreadcrumbList\",\"@id\":\"https:\/\/pb.edu.pl\/sjo\/polish-lab\/kursy-jezyka-polskiego-jako-obcego-2\/metodyka\/#breadcrumb\",\"itemListElement\":[{\"@type\":\"ListItem\",\"position\":1,\"name\":\"Home\",\"item\":\"https:\/\/pb.edu.pl\/sjo\/\"},{\"@type\":\"ListItem\",\"position\":2,\"name\":\"Centrum J\u0119zyka i Kultury Polskiej POLISH LAB\",\"item\":\"https:\/\/pb.edu.pl\/sjo\/polish-lab\/\"},{\"@type\":\"ListItem\",\"position\":3,\"name\":\"Kursy j\u0119zyka polskiego jako obcego\",\"item\":\"https:\/\/pb.edu.pl\/sjo\/polish-lab\/kursy-jezyka-polskiego-jako-obcego-2\/\"},{\"@type\":\"ListItem\",\"position\":4,\"name\":\"Metodyka nauczania\"}]},{\"@type\":\"WebSite\",\"@id\":\"https:\/\/pb.edu.pl\/sjo\/#website\",\"url\":\"https:\/\/pb.edu.pl\/sjo\/\",\"name\":\"Studium J\u0119zyk\u00f3w Obcych\",\"description\":\"\",\"potentialAction\":[{\"@type\":\"SearchAction\",\"target\":{\"@type\":\"EntryPoint\",\"urlTemplate\":\"https:\/\/pb.edu.pl\/sjo\/?s={search_term_string}\"},\"query-input\":{\"@type\":\"PropertyValueSpecification\",\"valueRequired\":true,\"valueName\":\"search_term_string\"}}],\"inLanguage\":\"pl-PL\"}]}<\/script>\n<!-- \/ Yoast SEO plugin. -->","yoast_head_json":{"title":"Metodyka nauczania - Studium J\u0119zyk\u00f3w Obcych","description":"Metodyka nauczania&nbsp;w naszym o\u015brodku oparta jest na komunikacji, ale te\u017c lektorzy podchodz\u0105 indywidualnie do potrzeb s\u0142uchaczy. Podczas zaj\u0119\u0107 kursanci","robots":{"index":"index","follow":"follow","max-snippet":"max-snippet:-1","max-image-preview":"max-image-preview:large","max-video-preview":"max-video-preview:-1"},"canonical":"https:\/\/pb.edu.pl\/sjo\/polish-lab\/kursy-jezyka-polskiego-jako-obcego-2\/metodyka\/","og_locale":"pl_PL","og_type":"article","og_title":"Metodyka nauczania - Studium J\u0119zyk\u00f3w Obcych","og_description":"Metodyka nauczania&nbsp;w naszym o\u015brodku oparta jest na komunikacji, ale te\u017c lektorzy podchodz\u0105 indywidualnie do potrzeb s\u0142uchaczy. Podczas zaj\u0119\u0107 kursanci","og_url":"https:\/\/pb.edu.pl\/sjo\/polish-lab\/kursy-jezyka-polskiego-jako-obcego-2\/metodyka\/","og_site_name":"Studium J\u0119zyk\u00f3w Obcych","article_modified_time":"2026-03-09T07:34:59+00:00","twitter_misc":{"Szacowany czas czytania":"2 minuty"},"schema":{"@context":"https:\/\/schema.org","@graph":[{"@type":"WebPage","@id":"https:\/\/pb.edu.pl\/sjo\/polish-lab\/kursy-jezyka-polskiego-jako-obcego-2\/metodyka\/","url":"https:\/\/pb.edu.pl\/sjo\/polish-lab\/kursy-jezyka-polskiego-jako-obcego-2\/metodyka\/","name":"Metodyka nauczania - Studium J\u0119zyk\u00f3w Obcych","isPartOf":{"@id":"https:\/\/pb.edu.pl\/sjo\/#website"},"datePublished":"2022-02-10T19:32:19+00:00","dateModified":"2026-03-09T07:34:59+00:00","description":"Metodyka nauczania&nbsp;w naszym o\u015brodku oparta jest na komunikacji, ale te\u017c lektorzy podchodz\u0105 indywidualnie do potrzeb s\u0142uchaczy. Podczas zaj\u0119\u0107 kursanci","breadcrumb":{"@id":"https:\/\/pb.edu.pl\/sjo\/polish-lab\/kursy-jezyka-polskiego-jako-obcego-2\/metodyka\/#breadcrumb"},"inLanguage":"pl-PL","potentialAction":[{"@type":"ReadAction","target":["https:\/\/pb.edu.pl\/sjo\/polish-lab\/kursy-jezyka-polskiego-jako-obcego-2\/metodyka\/"]}]},{"@type":"BreadcrumbList","@id":"https:\/\/pb.edu.pl\/sjo\/polish-lab\/kursy-jezyka-polskiego-jako-obcego-2\/metodyka\/#breadcrumb","itemListElement":[{"@type":"ListItem","position":1,"name":"Home","item":"https:\/\/pb.edu.pl\/sjo\/"},{"@type":"ListItem","position":2,"name":"Centrum J\u0119zyka i Kultury Polskiej POLISH LAB","item":"https:\/\/pb.edu.pl\/sjo\/polish-lab\/"},{"@type":"ListItem","position":3,"name":"Kursy j\u0119zyka polskiego jako obcego","item":"https:\/\/pb.edu.pl\/sjo\/polish-lab\/kursy-jezyka-polskiego-jako-obcego-2\/"},{"@type":"ListItem","position":4,"name":"Metodyka nauczania"}]},{"@type":"WebSite","@id":"https:\/\/pb.edu.pl\/sjo\/#website","url":"https:\/\/pb.edu.pl\/sjo\/","name":"Studium J\u0119zyk\u00f3w Obcych","description":"","potentialAction":[{"@type":"SearchAction","target":{"@type":"EntryPoint","urlTemplate":"https:\/\/pb.edu.pl\/sjo\/?s={search_term_string}"},"query-input":{"@type":"PropertyValueSpecification","valueRequired":true,"valueName":"search_term_string"}}],"inLanguage":"pl-PL"}]}},"_links":{"self":[{"href":"https:\/\/pb.edu.pl\/sjo\/wp-json\/wp\/v2\/pages\/12505","targetHints":{"allow":["GET"]}}],"collection":[{"href":"https:\/\/pb.edu.pl\/sjo\/wp-json\/wp\/v2\/pages"}],"about":[{"href":"https:\/\/pb.edu.pl\/sjo\/wp-json\/wp\/v2\/types\/page"}],"author":[{"embeddable":true,"href":"https:\/\/pb.edu.pl\/sjo\/wp-json\/wp\/v2\/users\/6"}],"replies":[{"embeddable":true,"href":"https:\/\/pb.edu.pl\/sjo\/wp-json\/wp\/v2\/comments?post=12505"}],"version-history":[{"count":2,"href":"https:\/\/pb.edu.pl\/sjo\/wp-json\/wp\/v2\/pages\/12505\/revisions"}],"predecessor-version":[{"id":31046,"href":"https:\/\/pb.edu.pl\/sjo\/wp-json\/wp\/v2\/pages\/12505\/revisions\/31046"}],"up":[{"embeddable":true,"href":"https:\/\/pb.edu.pl\/sjo\/wp-json\/wp\/v2\/pages\/25995"}],"wp:attachment":[{"href":"https:\/\/pb.edu.pl\/sjo\/wp-json\/wp\/v2\/media?parent=12505"}],"curies":[{"name":"wp","href":"https:\/\/api.w.org\/{rel}","templated":true}]}}