{"id":12502,"date":"2022-02-10T20:29:32","date_gmt":"2022-02-10T19:29:32","guid":{"rendered":"https:\/\/pb.edu.pl\/sjo\/?page_id=12502"},"modified":"2025-08-26T20:28:06","modified_gmt":"2025-08-26T18:28:06","slug":"60h-b1","status":"publish","type":"page","link":"https:\/\/pb.edu.pl\/sjo\/polish-lab\/kursy-jezyka-polskiego-jako-obcego-2\/kursy-jesienne\/60h-b1\/","title":{"rendered":"60-godzinny kurs B1 &#8211; 1. cz\u0119\u015b\u0107 kursu przygotowuj\u0105cego do egzaminu certyfikatowego"},"content":{"rendered":"<div>\n<div><span style=\"font-family: verdana, geneva, sans-serif;font-size: 12pt\">Pe\u0142ny program kursu B1 obejmuje 120 godzin nauki i sk\u0142ada si\u0119 z dw\u00f3ch cz\u0119\u015bci: 60-godzinnego kursu B1(a) realizowanego w semestrze jesiennym oraz 60-godzinnego kursu B1(b) \u2014 w semestrze wiosennym.<\/span><\/div>\n<div>&nbsp;<\/div>\n<div><span style=\"font-family: verdana, geneva, sans-serif;font-size: 12pt\"><strong>Rekrutacja rozpocznie si\u0119 27 sierpnia poprzez internetow\u0105 rejestracj\u0119 kandydat\u00f3w<span style=\"color: #0000ff\"> <a style=\"color: #0000ff\" href=\"https:\/\/irk2.uci.pb.edu.pl\/pl\/offer\/KURSY_BEZ_2025_2026\/programme\/POLISH_LAB_KURS_ST_2025_2026_ZIMOWY\/\">IRK<\/a>&nbsp;<\/span><\/strong><\/span><\/div>\n<\/div>\n<div class=\"h2\">Dla kogo przeznaczony jest ten kurs?<\/div>\n<p><span style=\"font-size: 12pt;font-family: verdana, geneva, sans-serif\">Kurs j\u0119zyka polskiego na poziomie B1 oferowany jest cudzoziemcom znaj\u0105cym ju\u017c podstawy j\u0119zyka polskiego.<\/span><\/p>\n<p><span style=\"font-size: 12pt;font-family: verdana, geneva, sans-serif\">Szczeg\u00f3lnym zainteresowaniem cieszy si\u0119 w\u015br\u00f3d os\u00f3b planuj\u0105cych uzyskanie Certyfikatu Polskiego, nauk\u0119 w polskich szko\u0142ach czy podj\u0119cie pracy na terenie Polski. Jest to pierwsza z dw\u00f3ch cz\u0119\u015bci kursu przygotowuj\u0105cego do pa\u0144stwowego egzaminu certyfikatowego, kt\u00f3ry odbywa si\u0119 w czerwcu ka\u017cdego roku.<br \/>\n<\/span><\/p>\n<div class=\"h2\">Kiedy odbywaj\u0105 si\u0119 zaj\u0119cia?<\/div>\n<p><span style=\"font-size: 12pt;font-family: verdana, geneva, sans-serif\">Zaj\u0119cia prowadzone s\u0105 dwa razy w tygodniu, w godzinach popo\u0142udniowych, w grupach 6-10 osobowych, od pa\u017adziernika 2025 r do lutego 2026 r.<\/span><\/p>\n<p><span style=\"font-family: verdana, geneva, sans-serif;font-size: 12pt\">Cena zale\u017cy od liczby os\u00f3b: w grupie 8-10 osobowej wynosi 1560 z\u0142. Oferujemy atrakcyjne zni\u017cki przy p\u0142atno\u015bci jednorazowej z g\u00f3ry oraz za kontynuacj\u0119 nauki w naszym o\u015brodku.<\/span><\/p>\n<p><span style=\"font-family: verdana, geneva, sans-serif;font-size: 12pt\">Lektor jest nauczycielem j\u0119zyka polskiego jako obcego z d\u0142ugoletnim sta\u017cem, ponadto posiada uprawnienia egzaminatora pa\u0144stwowych egzamin\u00f3w z j\u0119zyka polskiego.<\/span><\/p>\n<p><span style=\"font-size: 12pt;font-family: verdana, geneva, sans-serif\"> Je\u015bli jeste\u015b zainteresowany zaj\u0119ciami z j\u0119zyka polskiego, napisz do nas na <a href=\"mailto:kursypl@pb.edu.pl\">kursypl@pb.edu.pl<\/a>.<br \/>\n<\/span><\/p>\n<p>&nbsp;<\/p>\n<div class=\"h2\">Czego mog\u0119 si\u0119 spodziewa\u0107 po kursie?<\/div>\n<p><span style=\"font-size: 12pt\">Osoba pos\u0142uguj\u0105ca si\u0119 j\u0119zykiem na poziomie B1:<\/span><\/p>\n<ul>\n<li><span style=\"font-size: 12pt\">rozumie znaczenie g\u0142\u00f3wnych w\u0105tk\u00f3w przekazu zawartego w jasnych, standardowych wypowiedziach, dotycz\u0105cych znanych jej spraw i zdarze\u0144 typowych dla pracy, szko\u0142y, czasu wolnego itd.<\/span><\/li>\n<li><span style=\"font-size: 12pt\">potrafi radzi\u0107 sobie w wi\u0119kszo\u015bci sytuacji komunikacyjnych, zwi\u0105zanych z podr\u00f3\u017c\u0105 do Polski<\/span><\/li>\n<li><span style=\"font-size: 12pt\">potrafi tworzy\u0107 proste, sp\u00f3jne wypowiedzi ustne i pisemne na znane lub interesuj\u0105ce j\u0105 tematy<\/span><\/li>\n<li><span style=\"font-size: 12pt\">potrafi opisywa\u0107 do\u015bwiadczenia, zdarzenia, a tak\u017ce plany i marzenia<\/span><\/li>\n<li><span style=\"font-size: 12pt\">potrafi kr\u00f3tko uzasadni\u0107 i wyja\u015bni\u0107 swoje opinie i zamierzenia.<\/span><\/li>\n<\/ul>\n<p><span style=\"font-size: 12pt\">Sprawd\u017a dok\u0142adny <a href=\"https:\/\/pb.edu.pl\/sjo\/wp-content\/uploads\/sites\/9\/2022\/09\/PROGRAM-B1.pdf\">program kursu<\/a>.<\/span><\/p>\n<p>&nbsp;<\/p>\n<p>&nbsp;<\/p>\n<p><span style=\"font-family: verdana, geneva, sans-serif;font-size: 14pt;color: #808080\"><strong>60-hour Polish language course at B1 level<\/strong><\/span><\/p>\n<div><span style=\"font-family: verdana, geneva, sans-serif;font-size: 12pt;color: #808080\">The full B1 course includes 120 hours of study and consists of two parts: A 60-hour B1(a) course taken in the autumn semester and a 60-hour B1(b) course taken in the spring semester.<\/span><\/div>\n<div>&nbsp;<\/div>\n<div><span style=\"font-family: verdana, geneva, sans-serif;font-size: 12pt;color: #808080\">Registration starts on 27 August 2025 through <a href=\"https:\/\/irk2.uci.pb.edu.pl\/en-gb\/offer\/KURSY_BEZ_2025_2026\/programme\/POLISH_LAB_KURS_ST_2025_2026_ZIMOWY\/\"><span style=\"color: #0000ff\">IRK<\/span><\/a>.<\/span><\/div>\n<div>&nbsp;<\/div>\n<p><span style=\"font-size: 18pt;color: #808080\">Who is this course for?<\/span><\/p>\n<p><span style=\"font-size: 12pt;color: #808080\">The Polish language course at B1 level is designed for foreigners who already know the basics of the Polish language.<\/span><\/p>\n<p><span style=\"font-size: 12pt;color: #808080\">It is of particular interest to those who are planning to obtain a Polish language certificate, to study in Polish schools or to work in Poland. This is the first of two parts of the course preparing for the State Certificate Examination, which takes place in June every year.<br \/>\n<\/span><\/p>\n<p><span style=\"font-size: 18pt;color: #808080\">When do the classes take place?<\/span><\/p>\n<p><span style=\"font-family: verdana, geneva, sans-serif;font-size: 12pt;color: #808080\">Classes are held twice a week in the afternoon from October 2025 till February 2026, in groups of 6-10 students.<\/span><\/p>\n<p><span style=\"font-family: verdana, geneva, sans-serif;font-size: 12pt;color: #808080\">The fee depends on the number of participants: in a group of 8-10 students it is 1560 PLN. Discounts apply for one-time payment in advance and for continued study at our center.<\/span><\/p>\n<p><span style=\"color: #808080\"><span style=\"font-family: verdana, geneva, sans-serif;font-size: 12pt\"> Feel free to contact us and enroll at <a style=\"color: #808080\" href=\"mailto:kursypl@pb.edu.pl\">kursypl@pb.edu.pl<\/a>.<\/span><\/span><\/p>\n<p><span style=\"font-size: 18pt;color: #808080\">What can I expect from the course?<\/span><\/p>\n<p><span style=\"font-size: 12pt;color: #808080\">A B1-level speaker:<\/span><\/p>\n<p><span style=\"font-size: 12pt;color: #808080\">&#8211; understands the meaning of the main ideas contained in clear, standard statements on familiar matters and events typical of work, school, leisure, etc.<\/span><br \/>\n<span style=\"font-size: 12pt;color: #808080\">&#8211; can deal with most communication situations related to travelling in Poland<\/span><br \/>\n<span style=\"font-size: 12pt;color: #808080\">&#8211; can produce simple connected text on topics that are familiar or of interest<\/span><br \/>\n<span style=\"font-size: 12pt;color: #808080\">&#8211; can describe experiences, events, plans and dreams<\/span><br \/>\n<span style=\"font-size: 12pt;color: #808080\">&#8211; briefly justify and explain opinions and intentions.<\/span><\/p>\n<p><span style=\"font-size: 12pt;color: #808080\">See the detailed course syllabus above.<\/span><\/p>\n<div id='gallery-1' class='gallery galleryid-12502 gallery-columns-4 gallery-size-medium'><figure class='gallery-item'>\n\t\t\t<div class='gallery-icon landscape'>\n\t\t\t\t<a href='https:\/\/pb.edu.pl\/sjo\/polish-lab\/kursy-jezyka-polskiego-jako-obcego-2\/kursy-jesienne\/30h-b1-certyfikat\/img_20230509_173934\/'><img loading=\"lazy\" decoding=\"async\" width=\"300\" height=\"169\" src=\"https:\/\/pb.edu.pl\/sjo\/wp-content\/uploads\/sites\/9\/2023\/08\/IMG_20230509_173934-300x169.jpg\" class=\"attachment-medium size-medium\" alt=\"\" srcset=\"https:\/\/pb.edu.pl\/sjo\/wp-content\/uploads\/sites\/9\/2023\/08\/IMG_20230509_173934-300x169.jpg 300w, https:\/\/pb.edu.pl\/sjo\/wp-content\/uploads\/sites\/9\/2023\/08\/IMG_20230509_173934-1024x576.jpg 1024w, https:\/\/pb.edu.pl\/sjo\/wp-content\/uploads\/sites\/9\/2023\/08\/IMG_20230509_173934-768x432.jpg 768w, https:\/\/pb.edu.pl\/sjo\/wp-content\/uploads\/sites\/9\/2023\/08\/IMG_20230509_173934-1536x864.jpg 1536w, https:\/\/pb.edu.pl\/sjo\/wp-content\/uploads\/sites\/9\/2023\/08\/IMG_20230509_173934-2048x1152.jpg 2048w\" sizes=\"auto, (max-width: 300px) 100vw, 300px\" \/><\/a>\n\t\t\t<\/div><\/figure><figure class='gallery-item'>\n\t\t\t<div class='gallery-icon landscape'>\n\t\t\t\t<a href='https:\/\/pb.edu.pl\/sjo\/polish-lab\/kursy-jezyka-polskiego-jako-obcego-2\/kursy-jesienne\/30h-b1-certyfikat\/img_20230509_173927\/'><img loading=\"lazy\" decoding=\"async\" width=\"300\" height=\"169\" src=\"https:\/\/pb.edu.pl\/sjo\/wp-content\/uploads\/sites\/9\/2023\/08\/IMG_20230509_173927-300x169.jpg\" class=\"attachment-medium size-medium\" alt=\"\" srcset=\"https:\/\/pb.edu.pl\/sjo\/wp-content\/uploads\/sites\/9\/2023\/08\/IMG_20230509_173927-300x169.jpg 300w, https:\/\/pb.edu.pl\/sjo\/wp-content\/uploads\/sites\/9\/2023\/08\/IMG_20230509_173927-1024x576.jpg 1024w, https:\/\/pb.edu.pl\/sjo\/wp-content\/uploads\/sites\/9\/2023\/08\/IMG_20230509_173927-768x432.jpg 768w, https:\/\/pb.edu.pl\/sjo\/wp-content\/uploads\/sites\/9\/2023\/08\/IMG_20230509_173927-1536x864.jpg 1536w, https:\/\/pb.edu.pl\/sjo\/wp-content\/uploads\/sites\/9\/2023\/08\/IMG_20230509_173927-2048x1152.jpg 2048w\" sizes=\"auto, (max-width: 300px) 100vw, 300px\" \/><\/a>\n\t\t\t<\/div><\/figure><figure class='gallery-item'>\n\t\t\t<div class='gallery-icon landscape'>\n\t\t\t\t<a href='https:\/\/pb.edu.pl\/sjo\/polish-lab\/kursy-jezyka-polskiego-jako-obcego-2\/kursy-jesienne\/30h-b1-certyfikat\/img_20230509_173913\/'><img loading=\"lazy\" decoding=\"async\" width=\"300\" height=\"169\" src=\"https:\/\/pb.edu.pl\/sjo\/wp-content\/uploads\/sites\/9\/2023\/08\/IMG_20230509_173913-300x169.jpg\" class=\"attachment-medium size-medium\" alt=\"\" srcset=\"https:\/\/pb.edu.pl\/sjo\/wp-content\/uploads\/sites\/9\/2023\/08\/IMG_20230509_173913-300x169.jpg 300w, https:\/\/pb.edu.pl\/sjo\/wp-content\/uploads\/sites\/9\/2023\/08\/IMG_20230509_173913-1024x576.jpg 1024w, https:\/\/pb.edu.pl\/sjo\/wp-content\/uploads\/sites\/9\/2023\/08\/IMG_20230509_173913-768x432.jpg 768w, https:\/\/pb.edu.pl\/sjo\/wp-content\/uploads\/sites\/9\/2023\/08\/IMG_20230509_173913-1536x864.jpg 1536w, https:\/\/pb.edu.pl\/sjo\/wp-content\/uploads\/sites\/9\/2023\/08\/IMG_20230509_173913-2048x1152.jpg 2048w\" sizes=\"auto, (max-width: 300px) 100vw, 300px\" \/><\/a>\n\t\t\t<\/div><\/figure><figure class='gallery-item'>\n\t\t\t<div class='gallery-icon landscape'>\n\t\t\t\t<a href='https:\/\/pb.edu.pl\/sjo\/polish-lab\/kursy-jezyka-polskiego-jako-obcego-2\/kursy-jesienne\/30h-b1-certyfikat\/img_20230509_173905\/'><img loading=\"lazy\" decoding=\"async\" width=\"300\" height=\"169\" src=\"https:\/\/pb.edu.pl\/sjo\/wp-content\/uploads\/sites\/9\/2023\/08\/IMG_20230509_173905-300x169.jpg\" class=\"attachment-medium size-medium\" alt=\"grupa os\u00f3b doros\u0142ych w sali lekcyjnej\" srcset=\"https:\/\/pb.edu.pl\/sjo\/wp-content\/uploads\/sites\/9\/2023\/08\/IMG_20230509_173905-300x169.jpg 300w, https:\/\/pb.edu.pl\/sjo\/wp-content\/uploads\/sites\/9\/2023\/08\/IMG_20230509_173905-1024x576.jpg 1024w, https:\/\/pb.edu.pl\/sjo\/wp-content\/uploads\/sites\/9\/2023\/08\/IMG_20230509_173905-768x432.jpg 768w, https:\/\/pb.edu.pl\/sjo\/wp-content\/uploads\/sites\/9\/2023\/08\/IMG_20230509_173905-1536x864.jpg 1536w, https:\/\/pb.edu.pl\/sjo\/wp-content\/uploads\/sites\/9\/2023\/08\/IMG_20230509_173905-2048x1152.jpg 2048w\" sizes=\"auto, (max-width: 300px) 100vw, 300px\" \/><\/a>\n\t\t\t<\/div><\/figure>\n\t\t<\/div>\n\n","protected":false},"excerpt":{"rendered":"<p>Pe\u0142ny program kursu B1 obejmuje 120 godzin nauki i sk\u0142ada si\u0119 z dw\u00f3ch cz\u0119\u015bci: 60-godzinnego<\/p>\n","protected":false},"author":6,"featured_media":0,"parent":25999,"menu_order":0,"comment_status":"closed","ping_status":"closed","template":"","meta":{"_acf_changed":false,"ngg_post_thumbnail":0,"footnotes":""},"class_list":["post-12502","page","type-page","status-publish","hentry"],"acf":[],"yoast_head":"<!-- This site is optimized with the Yoast SEO plugin v27.0 - https:\/\/yoast.com\/product\/yoast-seo-wordpress\/ -->\n<title>60-godzinny kurs B1 - 1. cz\u0119\u015b\u0107 kursu przygotowuj\u0105cego do egzaminu certyfikatowego - Studium J\u0119zyk\u00f3w Obcych<\/title>\n<meta name=\"description\" content=\"Pe\u0142ny program kursu B1 obejmuje 120 godzin nauki i sk\u0142ada si\u0119 z dw\u00f3ch cz\u0119\u015bci: 60-godzinnego kursu B1(a) realizowanego w semestrze jesiennym oraz\" \/>\n<meta name=\"robots\" content=\"index, follow, max-snippet:-1, max-image-preview:large, max-video-preview:-1\" \/>\n<link rel=\"canonical\" href=\"https:\/\/pb.edu.pl\/sjo\/polish-lab\/kursy-jezyka-polskiego-jako-obcego-2\/kursy-jesienne\/60h-b1\/\" \/>\n<meta property=\"og:locale\" content=\"pl_PL\" \/>\n<meta property=\"og:type\" content=\"article\" \/>\n<meta property=\"og:title\" content=\"60-godzinny kurs B1 - 1. cz\u0119\u015b\u0107 kursu przygotowuj\u0105cego do egzaminu certyfikatowego - Studium J\u0119zyk\u00f3w Obcych\" \/>\n<meta property=\"og:description\" content=\"Pe\u0142ny program kursu B1 obejmuje 120 godzin nauki i sk\u0142ada si\u0119 z dw\u00f3ch cz\u0119\u015bci: 60-godzinnego kursu B1(a) realizowanego w semestrze jesiennym oraz\" \/>\n<meta property=\"og:url\" content=\"https:\/\/pb.edu.pl\/sjo\/polish-lab\/kursy-jezyka-polskiego-jako-obcego-2\/kursy-jesienne\/60h-b1\/\" \/>\n<meta property=\"og:site_name\" content=\"Studium J\u0119zyk\u00f3w Obcych\" \/>\n<meta property=\"article:modified_time\" content=\"2025-08-26T18:28:06+00:00\" \/>\n<meta property=\"og:image\" content=\"https:\/\/pb.edu.pl\/sjo\/wp-content\/uploads\/sites\/9\/2023\/08\/IMG_20230509_173934-300x169.jpg\" \/>\n<meta name=\"twitter:label1\" content=\"Szacowany czas czytania\" \/>\n\t<meta name=\"twitter:data1\" content=\"4 minuty\" \/>\n<script type=\"application\/ld+json\" class=\"yoast-schema-graph\">{\"@context\":\"https:\/\/schema.org\",\"@graph\":[{\"@type\":\"WebPage\",\"@id\":\"https:\/\/pb.edu.pl\/sjo\/polish-lab\/kursy-jezyka-polskiego-jako-obcego-2\/kursy-jesienne\/60h-b1\/\",\"url\":\"https:\/\/pb.edu.pl\/sjo\/polish-lab\/kursy-jezyka-polskiego-jako-obcego-2\/kursy-jesienne\/60h-b1\/\",\"name\":\"60-godzinny kurs B1 - 1. cz\u0119\u015b\u0107 kursu przygotowuj\u0105cego do egzaminu certyfikatowego - Studium J\u0119zyk\u00f3w Obcych\",\"isPartOf\":{\"@id\":\"https:\/\/pb.edu.pl\/sjo\/#website\"},\"datePublished\":\"2022-02-10T19:29:32+00:00\",\"dateModified\":\"2025-08-26T18:28:06+00:00\",\"description\":\"Pe\u0142ny program kursu B1 obejmuje 120 godzin nauki i sk\u0142ada si\u0119 z dw\u00f3ch cz\u0119\u015bci: 60-godzinnego kursu B1(a) realizowanego w semestrze jesiennym oraz\",\"breadcrumb\":{\"@id\":\"https:\/\/pb.edu.pl\/sjo\/polish-lab\/kursy-jezyka-polskiego-jako-obcego-2\/kursy-jesienne\/60h-b1\/#breadcrumb\"},\"inLanguage\":\"pl-PL\",\"potentialAction\":[{\"@type\":\"ReadAction\",\"target\":[\"https:\/\/pb.edu.pl\/sjo\/polish-lab\/kursy-jezyka-polskiego-jako-obcego-2\/kursy-jesienne\/60h-b1\/\"]}]},{\"@type\":\"BreadcrumbList\",\"@id\":\"https:\/\/pb.edu.pl\/sjo\/polish-lab\/kursy-jezyka-polskiego-jako-obcego-2\/kursy-jesienne\/60h-b1\/#breadcrumb\",\"itemListElement\":[{\"@type\":\"ListItem\",\"position\":1,\"name\":\"Home\",\"item\":\"https:\/\/pb.edu.pl\/sjo\/\"},{\"@type\":\"ListItem\",\"position\":2,\"name\":\"Centrum J\u0119zyka i Kultury Polskiej POLISH LAB\",\"item\":\"https:\/\/pb.edu.pl\/sjo\/polish-lab\/\"},{\"@type\":\"ListItem\",\"position\":3,\"name\":\"Kursy j\u0119zyka polskiego jako obcego\",\"item\":\"https:\/\/pb.edu.pl\/sjo\/polish-lab\/kursy-jezyka-polskiego-jako-obcego-2\/\"},{\"@type\":\"ListItem\",\"position\":4,\"name\":\"Kursy jesienne\",\"item\":\"https:\/\/pb.edu.pl\/sjo\/polish-lab\/kursy-jezyka-polskiego-jako-obcego-2\/kursy-jesienne\/\"},{\"@type\":\"ListItem\",\"position\":5,\"name\":\"60-godzinny kurs B1 &#8211; 1. cz\u0119\u015b\u0107 kursu przygotowuj\u0105cego do egzaminu certyfikatowego\"}]},{\"@type\":\"WebSite\",\"@id\":\"https:\/\/pb.edu.pl\/sjo\/#website\",\"url\":\"https:\/\/pb.edu.pl\/sjo\/\",\"name\":\"Studium J\u0119zyk\u00f3w Obcych\",\"description\":\"\",\"potentialAction\":[{\"@type\":\"SearchAction\",\"target\":{\"@type\":\"EntryPoint\",\"urlTemplate\":\"https:\/\/pb.edu.pl\/sjo\/?s={search_term_string}\"},\"query-input\":{\"@type\":\"PropertyValueSpecification\",\"valueRequired\":true,\"valueName\":\"search_term_string\"}}],\"inLanguage\":\"pl-PL\"}]}<\/script>\n<!-- \/ Yoast SEO plugin. -->","yoast_head_json":{"title":"60-godzinny kurs B1 - 1. cz\u0119\u015b\u0107 kursu przygotowuj\u0105cego do egzaminu certyfikatowego - Studium J\u0119zyk\u00f3w Obcych","description":"Pe\u0142ny program kursu B1 obejmuje 120 godzin nauki i sk\u0142ada si\u0119 z dw\u00f3ch cz\u0119\u015bci: 60-godzinnego kursu B1(a) realizowanego w semestrze jesiennym oraz","robots":{"index":"index","follow":"follow","max-snippet":"max-snippet:-1","max-image-preview":"max-image-preview:large","max-video-preview":"max-video-preview:-1"},"canonical":"https:\/\/pb.edu.pl\/sjo\/polish-lab\/kursy-jezyka-polskiego-jako-obcego-2\/kursy-jesienne\/60h-b1\/","og_locale":"pl_PL","og_type":"article","og_title":"60-godzinny kurs B1 - 1. cz\u0119\u015b\u0107 kursu przygotowuj\u0105cego do egzaminu certyfikatowego - Studium J\u0119zyk\u00f3w Obcych","og_description":"Pe\u0142ny program kursu B1 obejmuje 120 godzin nauki i sk\u0142ada si\u0119 z dw\u00f3ch cz\u0119\u015bci: 60-godzinnego kursu B1(a) realizowanego w semestrze jesiennym oraz","og_url":"https:\/\/pb.edu.pl\/sjo\/polish-lab\/kursy-jezyka-polskiego-jako-obcego-2\/kursy-jesienne\/60h-b1\/","og_site_name":"Studium J\u0119zyk\u00f3w Obcych","article_modified_time":"2025-08-26T18:28:06+00:00","og_image":[{"url":"https:\/\/pb.edu.pl\/sjo\/wp-content\/uploads\/sites\/9\/2023\/08\/IMG_20230509_173934-300x169.jpg","type":"","width":"","height":""}],"twitter_misc":{"Szacowany czas czytania":"4 minuty"},"schema":{"@context":"https:\/\/schema.org","@graph":[{"@type":"WebPage","@id":"https:\/\/pb.edu.pl\/sjo\/polish-lab\/kursy-jezyka-polskiego-jako-obcego-2\/kursy-jesienne\/60h-b1\/","url":"https:\/\/pb.edu.pl\/sjo\/polish-lab\/kursy-jezyka-polskiego-jako-obcego-2\/kursy-jesienne\/60h-b1\/","name":"60-godzinny kurs B1 - 1. cz\u0119\u015b\u0107 kursu przygotowuj\u0105cego do egzaminu certyfikatowego - Studium J\u0119zyk\u00f3w Obcych","isPartOf":{"@id":"https:\/\/pb.edu.pl\/sjo\/#website"},"datePublished":"2022-02-10T19:29:32+00:00","dateModified":"2025-08-26T18:28:06+00:00","description":"Pe\u0142ny program kursu B1 obejmuje 120 godzin nauki i sk\u0142ada si\u0119 z dw\u00f3ch cz\u0119\u015bci: 60-godzinnego kursu B1(a) realizowanego w semestrze jesiennym oraz","breadcrumb":{"@id":"https:\/\/pb.edu.pl\/sjo\/polish-lab\/kursy-jezyka-polskiego-jako-obcego-2\/kursy-jesienne\/60h-b1\/#breadcrumb"},"inLanguage":"pl-PL","potentialAction":[{"@type":"ReadAction","target":["https:\/\/pb.edu.pl\/sjo\/polish-lab\/kursy-jezyka-polskiego-jako-obcego-2\/kursy-jesienne\/60h-b1\/"]}]},{"@type":"BreadcrumbList","@id":"https:\/\/pb.edu.pl\/sjo\/polish-lab\/kursy-jezyka-polskiego-jako-obcego-2\/kursy-jesienne\/60h-b1\/#breadcrumb","itemListElement":[{"@type":"ListItem","position":1,"name":"Home","item":"https:\/\/pb.edu.pl\/sjo\/"},{"@type":"ListItem","position":2,"name":"Centrum J\u0119zyka i Kultury Polskiej POLISH LAB","item":"https:\/\/pb.edu.pl\/sjo\/polish-lab\/"},{"@type":"ListItem","position":3,"name":"Kursy j\u0119zyka polskiego jako obcego","item":"https:\/\/pb.edu.pl\/sjo\/polish-lab\/kursy-jezyka-polskiego-jako-obcego-2\/"},{"@type":"ListItem","position":4,"name":"Kursy jesienne","item":"https:\/\/pb.edu.pl\/sjo\/polish-lab\/kursy-jezyka-polskiego-jako-obcego-2\/kursy-jesienne\/"},{"@type":"ListItem","position":5,"name":"60-godzinny kurs B1 &#8211; 1. cz\u0119\u015b\u0107 kursu przygotowuj\u0105cego do egzaminu certyfikatowego"}]},{"@type":"WebSite","@id":"https:\/\/pb.edu.pl\/sjo\/#website","url":"https:\/\/pb.edu.pl\/sjo\/","name":"Studium J\u0119zyk\u00f3w Obcych","description":"","potentialAction":[{"@type":"SearchAction","target":{"@type":"EntryPoint","urlTemplate":"https:\/\/pb.edu.pl\/sjo\/?s={search_term_string}"},"query-input":{"@type":"PropertyValueSpecification","valueRequired":true,"valueName":"search_term_string"}}],"inLanguage":"pl-PL"}]}},"_links":{"self":[{"href":"https:\/\/pb.edu.pl\/sjo\/wp-json\/wp\/v2\/pages\/12502","targetHints":{"allow":["GET"]}}],"collection":[{"href":"https:\/\/pb.edu.pl\/sjo\/wp-json\/wp\/v2\/pages"}],"about":[{"href":"https:\/\/pb.edu.pl\/sjo\/wp-json\/wp\/v2\/types\/page"}],"author":[{"embeddable":true,"href":"https:\/\/pb.edu.pl\/sjo\/wp-json\/wp\/v2\/users\/6"}],"replies":[{"embeddable":true,"href":"https:\/\/pb.edu.pl\/sjo\/wp-json\/wp\/v2\/comments?post=12502"}],"version-history":[{"count":0,"href":"https:\/\/pb.edu.pl\/sjo\/wp-json\/wp\/v2\/pages\/12502\/revisions"}],"up":[{"embeddable":true,"href":"https:\/\/pb.edu.pl\/sjo\/wp-json\/wp\/v2\/pages\/25999"}],"wp:attachment":[{"href":"https:\/\/pb.edu.pl\/sjo\/wp-json\/wp\/v2\/media?parent=12502"}],"curies":[{"name":"wp","href":"https:\/\/api.w.org\/{rel}","templated":true}]}}