{"id":12499,"date":"2022-02-10T20:28:16","date_gmt":"2022-02-10T19:28:16","guid":{"rendered":"https:\/\/pb.edu.pl\/sjo\/?page_id=12499"},"modified":"2025-08-26T18:13:14","modified_gmt":"2025-08-26T16:13:14","slug":"intensywny-150h-b2","status":"publish","type":"page","link":"https:\/\/pb.edu.pl\/sjo\/polish-lab\/kursy-jezyka-polskiego-jako-obcego-2\/kursy-jesienne\/intensywny-150h-b2\/","title":{"rendered":"Intensywny 150-godzinny kurs B2"},"content":{"rendered":"<p><strong><img loading=\"lazy\" decoding=\"async\" class=\"wp-image-12459 alignleft\" src=\"https:\/\/pb.edu.pl\/sjo\/wp-content\/uploads\/sites\/9\/2022\/02\/150b2-300x200.png\" alt=\"150h int B2\" width=\"500\" height=\"334\" srcset=\"https:\/\/pb.edu.pl\/sjo\/wp-content\/uploads\/sites\/9\/2022\/02\/150b2-300x200.png 300w, https:\/\/pb.edu.pl\/sjo\/wp-content\/uploads\/sites\/9\/2022\/02\/150b2-768x512.png 768w, https:\/\/pb.edu.pl\/sjo\/wp-content\/uploads\/sites\/9\/2022\/02\/150b2-480x320.png 480w, https:\/\/pb.edu.pl\/sjo\/wp-content\/uploads\/sites\/9\/2022\/02\/150b2.png 799w\" sizes=\"auto, (max-width: 500px) 100vw, 500px\" \/><span style=\"font-family: verdana, geneva, sans-serif;font-size: 12pt\">Intensywny 150-godzinny kurs &#8211; poziom docelowy B2<\/span><br \/>\n<\/strong><\/p>\n<p><span style=\"font-family: verdana, geneva, sans-serif;font-size: 12pt\"><strong>UWAGA!<\/strong><\/span><\/p>\n<p><span style=\"font-family: verdana, geneva, sans-serif;font-size: 12pt\"><strong>Rekrutacja w trybie ci\u0105g\u0142ym od 25 sierpnia do 30 listopada 2025<\/strong> poprzez e-mail z tematem: <em>&#8222;150-godzinny kurs B2&#8221;<\/em> na adres <a href=\"mailto:iplc@pb.edu.pl\">iplc@pb.edu.pl<\/a>.<\/span><\/p>\n<p><span style=\"font-family: verdana, geneva, sans-serif;font-size: 12pt\">Kurs przygotowuj\u0105cy student\u00f3w zagranicznych do podj\u0119cia studi\u00f3w w j\u0119zyku polskim. W zale\u017cno\u015bci od pocz\u0105tkowej kompetencji j\u0119zykowej s\u0142uchaczy, kurs mo\u017ce trwa\u0107 1 lub 2 semestry.<\/span><br \/>\n<span style=\"font-family: verdana, geneva, sans-serif;font-size: 12pt\">Zaj\u0119cia ko\u0144cz\u0105 si\u0119 egzaminem pisemnym i ustnym. <\/span><\/p>\n<p><span style=\"font-family: verdana, geneva, sans-serif;font-size: 12pt\">Rekrutacja polega na sprawdzeniu i ocenie poziomu kompetencji kandydat\u00f3w w mowie i pi\u015bmie przez metodyka w naszym o\u015brodku.<\/span><\/p>\n<p><span style=\"font-family: verdana, geneva, sans-serif;font-size: 12pt\">Zaj\u0119cia obejmuj\u0105 10 godzin tygodniowo i trwaj\u0105 przez 15 tygodni. Dodatkowo program przewiduje tygodniowo minimum 15 godzin pracy w\u0142asnej student\u00f3w.<\/span><\/p>\n<p><span style=\"font-family: verdana, geneva, sans-serif;font-size: 12pt\"><strong>Planowany termin rozpocz\u0119cia kursu: stycze\u0144 2026 r., a zako\u0144czenia: kwiecie\u0144 2026 r.<\/strong><\/span><\/p>\n<p><span style=\"font-family: verdana, geneva, sans-serif;font-size: 12pt\">Koszt: 4950 z\u0142 w grupie 6-7 osobowej. W wi\u0119kszej grupie cena b\u0119dzie odpowiednio ni\u017csza. Obowi\u0105zuje zni\u017cka 5% przy p\u0142atno\u015bci jednorazowej przed rozpocz\u0119ciem kursu. Mo\u017cliwo\u015b\u0107 roz\u0142o\u017cenia na 2 raty.<\/span><\/p>\n<p><span style=\"font-family: verdana, geneva, sans-serif;font-size: 12pt\">W sprawie szczeg\u00f3\u0142\u00f3w zapraszamy do <a href=\"mailto:iplc@pb.edu.pl\">kontaktu<\/a>.<\/span><\/p>\n<p><span style=\"font-size: 10pt\"><em>Aktualizacja: 21.07.2025<\/em><\/span><\/p>\n<p>&nbsp;<\/p>\n<p><span style=\"color: #808080;font-family: verdana, geneva, sans-serif;font-size: 12pt\"><strong>Intensive 150-hour-per-semester course aiming at B2 level<\/strong><\/span><\/p>\n<p><span style=\"color: #808080;font-family: verdana, geneva, sans-serif;font-size: 12pt\"><strong>Recruitment on a continuous basis from August 25 to November 30, 2025<\/strong> via email with the subject line: <em>\u201c150-godzinny kurs B2\u201d<\/em> at <span style=\"color: #0000ff\"><a style=\"color: #0000ff\" href=\"mailto:iplc@pb.edu.pl\">iplc@pb.edu.pl<\/a><\/span>.<\/span><\/p>\n<p><span style=\"color: #808080;font-family: verdana, geneva, sans-serif;font-size: 12pt\">The course is designed to prepare foreign students for studying in Polish. Depending on the participants\u2019 initial language ability, it may be necessary to take 2&nbsp; semesters of the course to achieve the desired level of competence B2.<br \/>\n<\/span><\/p>\n<p><span style=\"color: #808080;font-family: verdana, geneva, sans-serif;font-size: 12pt\">The course ends with a written and oral examination.<\/span><\/p>\n<p><span style=\"color: #808080;font-family: verdana, geneva, sans-serif;font-size: 12pt\">Recruitment consists of checking and evaluating the candidates&#8217; level of competence in speaking and writing by a methodologist at our center.<\/span><\/p>\n<p><span style=\"color: #808080;font-family: verdana, geneva, sans-serif;font-size: 12pt\">Classes include tuition of 10 hours per week. They will last for 15 weeks. In addition, the program provides for a minimum of 15 hours of students&#8217; own work per week.<\/span><\/p>\n<p><strong><span style=\"color: #808080;font-family: verdana, geneva, sans-serif;font-size: 12pt\">Planned start of the course is in January 2026 and completion in April 2026.<\/span><\/strong><\/p>\n<p><span style=\"color: #808080;font-family: verdana, geneva, sans-serif;font-size: 12pt\">Cost: PLN 4950 in a group of 6-7 participants. In a larger group, the price will be respectively lower. A 5% discount applies for a one-time payment before the start of the course. There is a possibility of spreading the cost into 2 installments.<\/span><\/p>\n<p><span style=\"font-family: verdana, geneva, sans-serif;font-size: 12pt;color: #808080\">Please <a style=\"color: #808080\" href=\"mailto:iplc@pb.edu.pl\">contact us for details<\/a><\/span><\/p>\n<p>&nbsp;<\/p>\n<p><span style=\"font-size: 10pt\"><em>Updated: 21.07.2025<\/em><\/span><\/p>\n","protected":false},"excerpt":{"rendered":"<p>Intensywny 150-godzinny kurs &#8211; poziom docelowy B2 UWAGA! Rekrutacja w trybie ci\u0105g\u0142ym od 25 sierpnia<\/p>\n","protected":false},"author":6,"featured_media":0,"parent":25999,"menu_order":0,"comment_status":"closed","ping_status":"closed","template":"","meta":{"_acf_changed":false,"ngg_post_thumbnail":0,"footnotes":""},"class_list":["post-12499","page","type-page","status-publish","hentry"],"acf":[],"yoast_head":"<!-- This site is optimized with the Yoast SEO plugin v27.0 - https:\/\/yoast.com\/product\/yoast-seo-wordpress\/ -->\n<title>Intensywny 150-godzinny kurs B2 - Studium J\u0119zyk\u00f3w Obcych<\/title>\n<meta name=\"description\" content=\"Intensywny 150-godzinny kurs - poziom docelowy B2 UWAGA! Rekrutacja w trybie ci\u0105g\u0142ym od 25 sierpnia do 30 listopada 2025 poprzez e-mail z tematem:\" \/>\n<meta name=\"robots\" content=\"index, follow, max-snippet:-1, max-image-preview:large, max-video-preview:-1\" \/>\n<link rel=\"canonical\" href=\"https:\/\/pb.edu.pl\/sjo\/polish-lab\/kursy-jezyka-polskiego-jako-obcego-2\/kursy-jesienne\/intensywny-150h-b2\/\" \/>\n<meta property=\"og:locale\" content=\"pl_PL\" \/>\n<meta property=\"og:type\" content=\"article\" \/>\n<meta property=\"og:title\" content=\"Intensywny 150-godzinny kurs B2 - Studium J\u0119zyk\u00f3w Obcych\" \/>\n<meta property=\"og:description\" content=\"Intensywny 150-godzinny kurs - poziom docelowy B2 UWAGA! Rekrutacja w trybie ci\u0105g\u0142ym od 25 sierpnia do 30 listopada 2025 poprzez e-mail z tematem:\" \/>\n<meta property=\"og:url\" content=\"https:\/\/pb.edu.pl\/sjo\/polish-lab\/kursy-jezyka-polskiego-jako-obcego-2\/kursy-jesienne\/intensywny-150h-b2\/\" \/>\n<meta property=\"og:site_name\" content=\"Studium J\u0119zyk\u00f3w Obcych\" \/>\n<meta property=\"article:modified_time\" content=\"2025-08-26T16:13:14+00:00\" \/>\n<meta property=\"og:image\" content=\"https:\/\/pb.edu.pl\/sjo\/wp-content\/uploads\/sites\/9\/2022\/02\/150b2.png\" \/>\n\t<meta property=\"og:image:width\" content=\"799\" \/>\n\t<meta property=\"og:image:height\" content=\"533\" \/>\n\t<meta property=\"og:image:type\" content=\"image\/png\" \/>\n<meta name=\"twitter:label1\" content=\"Szacowany czas czytania\" \/>\n\t<meta name=\"twitter:data1\" content=\"3 minuty\" \/>\n<script type=\"application\/ld+json\" class=\"yoast-schema-graph\">{\"@context\":\"https:\/\/schema.org\",\"@graph\":[{\"@type\":\"WebPage\",\"@id\":\"https:\/\/pb.edu.pl\/sjo\/polish-lab\/kursy-jezyka-polskiego-jako-obcego-2\/kursy-jesienne\/intensywny-150h-b2\/\",\"url\":\"https:\/\/pb.edu.pl\/sjo\/polish-lab\/kursy-jezyka-polskiego-jako-obcego-2\/kursy-jesienne\/intensywny-150h-b2\/\",\"name\":\"Intensywny 150-godzinny kurs B2 - Studium J\u0119zyk\u00f3w Obcych\",\"isPartOf\":{\"@id\":\"https:\/\/pb.edu.pl\/sjo\/#website\"},\"primaryImageOfPage\":{\"@id\":\"https:\/\/pb.edu.pl\/sjo\/polish-lab\/kursy-jezyka-polskiego-jako-obcego-2\/kursy-jesienne\/intensywny-150h-b2\/#primaryimage\"},\"image\":{\"@id\":\"https:\/\/pb.edu.pl\/sjo\/polish-lab\/kursy-jezyka-polskiego-jako-obcego-2\/kursy-jesienne\/intensywny-150h-b2\/#primaryimage\"},\"thumbnailUrl\":\"https:\/\/pb.edu.pl\/sjo\/wp-content\/uploads\/sites\/9\/2022\/02\/150b2-300x200.png\",\"datePublished\":\"2022-02-10T19:28:16+00:00\",\"dateModified\":\"2025-08-26T16:13:14+00:00\",\"description\":\"Intensywny 150-godzinny kurs - poziom docelowy B2 UWAGA! Rekrutacja w trybie ci\u0105g\u0142ym od 25 sierpnia do 30 listopada 2025 poprzez e-mail z tematem:\",\"breadcrumb\":{\"@id\":\"https:\/\/pb.edu.pl\/sjo\/polish-lab\/kursy-jezyka-polskiego-jako-obcego-2\/kursy-jesienne\/intensywny-150h-b2\/#breadcrumb\"},\"inLanguage\":\"pl-PL\",\"potentialAction\":[{\"@type\":\"ReadAction\",\"target\":[\"https:\/\/pb.edu.pl\/sjo\/polish-lab\/kursy-jezyka-polskiego-jako-obcego-2\/kursy-jesienne\/intensywny-150h-b2\/\"]}]},{\"@type\":\"ImageObject\",\"inLanguage\":\"pl-PL\",\"@id\":\"https:\/\/pb.edu.pl\/sjo\/polish-lab\/kursy-jezyka-polskiego-jako-obcego-2\/kursy-jesienne\/intensywny-150h-b2\/#primaryimage\",\"url\":\"https:\/\/pb.edu.pl\/sjo\/wp-content\/uploads\/sites\/9\/2022\/02\/150b2.png\",\"contentUrl\":\"https:\/\/pb.edu.pl\/sjo\/wp-content\/uploads\/sites\/9\/2022\/02\/150b2.png\",\"width\":799,\"height\":533,\"caption\":\"150h int B2\"},{\"@type\":\"BreadcrumbList\",\"@id\":\"https:\/\/pb.edu.pl\/sjo\/polish-lab\/kursy-jezyka-polskiego-jako-obcego-2\/kursy-jesienne\/intensywny-150h-b2\/#breadcrumb\",\"itemListElement\":[{\"@type\":\"ListItem\",\"position\":1,\"name\":\"Home\",\"item\":\"https:\/\/pb.edu.pl\/sjo\/\"},{\"@type\":\"ListItem\",\"position\":2,\"name\":\"Centrum J\u0119zyka i Kultury Polskiej POLISH LAB\",\"item\":\"https:\/\/pb.edu.pl\/sjo\/polish-lab\/\"},{\"@type\":\"ListItem\",\"position\":3,\"name\":\"Kursy j\u0119zyka polskiego jako obcego\",\"item\":\"https:\/\/pb.edu.pl\/sjo\/polish-lab\/kursy-jezyka-polskiego-jako-obcego-2\/\"},{\"@type\":\"ListItem\",\"position\":4,\"name\":\"Kursy jesienne\",\"item\":\"https:\/\/pb.edu.pl\/sjo\/polish-lab\/kursy-jezyka-polskiego-jako-obcego-2\/kursy-jesienne\/\"},{\"@type\":\"ListItem\",\"position\":5,\"name\":\"Intensywny 150-godzinny kurs B2\"}]},{\"@type\":\"WebSite\",\"@id\":\"https:\/\/pb.edu.pl\/sjo\/#website\",\"url\":\"https:\/\/pb.edu.pl\/sjo\/\",\"name\":\"Studium J\u0119zyk\u00f3w Obcych\",\"description\":\"\",\"potentialAction\":[{\"@type\":\"SearchAction\",\"target\":{\"@type\":\"EntryPoint\",\"urlTemplate\":\"https:\/\/pb.edu.pl\/sjo\/?s={search_term_string}\"},\"query-input\":{\"@type\":\"PropertyValueSpecification\",\"valueRequired\":true,\"valueName\":\"search_term_string\"}}],\"inLanguage\":\"pl-PL\"}]}<\/script>\n<!-- \/ Yoast SEO plugin. -->","yoast_head_json":{"title":"Intensywny 150-godzinny kurs B2 - Studium J\u0119zyk\u00f3w Obcych","description":"Intensywny 150-godzinny kurs - poziom docelowy B2 UWAGA! Rekrutacja w trybie ci\u0105g\u0142ym od 25 sierpnia do 30 listopada 2025 poprzez e-mail z tematem:","robots":{"index":"index","follow":"follow","max-snippet":"max-snippet:-1","max-image-preview":"max-image-preview:large","max-video-preview":"max-video-preview:-1"},"canonical":"https:\/\/pb.edu.pl\/sjo\/polish-lab\/kursy-jezyka-polskiego-jako-obcego-2\/kursy-jesienne\/intensywny-150h-b2\/","og_locale":"pl_PL","og_type":"article","og_title":"Intensywny 150-godzinny kurs B2 - Studium J\u0119zyk\u00f3w Obcych","og_description":"Intensywny 150-godzinny kurs - poziom docelowy B2 UWAGA! Rekrutacja w trybie ci\u0105g\u0142ym od 25 sierpnia do 30 listopada 2025 poprzez e-mail z tematem:","og_url":"https:\/\/pb.edu.pl\/sjo\/polish-lab\/kursy-jezyka-polskiego-jako-obcego-2\/kursy-jesienne\/intensywny-150h-b2\/","og_site_name":"Studium J\u0119zyk\u00f3w Obcych","article_modified_time":"2025-08-26T16:13:14+00:00","og_image":[{"width":799,"height":533,"url":"https:\/\/pb.edu.pl\/sjo\/wp-content\/uploads\/sites\/9\/2022\/02\/150b2.png","type":"image\/png"}],"twitter_misc":{"Szacowany czas czytania":"3 minuty"},"schema":{"@context":"https:\/\/schema.org","@graph":[{"@type":"WebPage","@id":"https:\/\/pb.edu.pl\/sjo\/polish-lab\/kursy-jezyka-polskiego-jako-obcego-2\/kursy-jesienne\/intensywny-150h-b2\/","url":"https:\/\/pb.edu.pl\/sjo\/polish-lab\/kursy-jezyka-polskiego-jako-obcego-2\/kursy-jesienne\/intensywny-150h-b2\/","name":"Intensywny 150-godzinny kurs B2 - Studium J\u0119zyk\u00f3w Obcych","isPartOf":{"@id":"https:\/\/pb.edu.pl\/sjo\/#website"},"primaryImageOfPage":{"@id":"https:\/\/pb.edu.pl\/sjo\/polish-lab\/kursy-jezyka-polskiego-jako-obcego-2\/kursy-jesienne\/intensywny-150h-b2\/#primaryimage"},"image":{"@id":"https:\/\/pb.edu.pl\/sjo\/polish-lab\/kursy-jezyka-polskiego-jako-obcego-2\/kursy-jesienne\/intensywny-150h-b2\/#primaryimage"},"thumbnailUrl":"https:\/\/pb.edu.pl\/sjo\/wp-content\/uploads\/sites\/9\/2022\/02\/150b2-300x200.png","datePublished":"2022-02-10T19:28:16+00:00","dateModified":"2025-08-26T16:13:14+00:00","description":"Intensywny 150-godzinny kurs - poziom docelowy B2 UWAGA! Rekrutacja w trybie ci\u0105g\u0142ym od 25 sierpnia do 30 listopada 2025 poprzez e-mail z tematem:","breadcrumb":{"@id":"https:\/\/pb.edu.pl\/sjo\/polish-lab\/kursy-jezyka-polskiego-jako-obcego-2\/kursy-jesienne\/intensywny-150h-b2\/#breadcrumb"},"inLanguage":"pl-PL","potentialAction":[{"@type":"ReadAction","target":["https:\/\/pb.edu.pl\/sjo\/polish-lab\/kursy-jezyka-polskiego-jako-obcego-2\/kursy-jesienne\/intensywny-150h-b2\/"]}]},{"@type":"ImageObject","inLanguage":"pl-PL","@id":"https:\/\/pb.edu.pl\/sjo\/polish-lab\/kursy-jezyka-polskiego-jako-obcego-2\/kursy-jesienne\/intensywny-150h-b2\/#primaryimage","url":"https:\/\/pb.edu.pl\/sjo\/wp-content\/uploads\/sites\/9\/2022\/02\/150b2.png","contentUrl":"https:\/\/pb.edu.pl\/sjo\/wp-content\/uploads\/sites\/9\/2022\/02\/150b2.png","width":799,"height":533,"caption":"150h int B2"},{"@type":"BreadcrumbList","@id":"https:\/\/pb.edu.pl\/sjo\/polish-lab\/kursy-jezyka-polskiego-jako-obcego-2\/kursy-jesienne\/intensywny-150h-b2\/#breadcrumb","itemListElement":[{"@type":"ListItem","position":1,"name":"Home","item":"https:\/\/pb.edu.pl\/sjo\/"},{"@type":"ListItem","position":2,"name":"Centrum J\u0119zyka i Kultury Polskiej POLISH LAB","item":"https:\/\/pb.edu.pl\/sjo\/polish-lab\/"},{"@type":"ListItem","position":3,"name":"Kursy j\u0119zyka polskiego jako obcego","item":"https:\/\/pb.edu.pl\/sjo\/polish-lab\/kursy-jezyka-polskiego-jako-obcego-2\/"},{"@type":"ListItem","position":4,"name":"Kursy jesienne","item":"https:\/\/pb.edu.pl\/sjo\/polish-lab\/kursy-jezyka-polskiego-jako-obcego-2\/kursy-jesienne\/"},{"@type":"ListItem","position":5,"name":"Intensywny 150-godzinny kurs B2"}]},{"@type":"WebSite","@id":"https:\/\/pb.edu.pl\/sjo\/#website","url":"https:\/\/pb.edu.pl\/sjo\/","name":"Studium J\u0119zyk\u00f3w Obcych","description":"","potentialAction":[{"@type":"SearchAction","target":{"@type":"EntryPoint","urlTemplate":"https:\/\/pb.edu.pl\/sjo\/?s={search_term_string}"},"query-input":{"@type":"PropertyValueSpecification","valueRequired":true,"valueName":"search_term_string"}}],"inLanguage":"pl-PL"}]}},"_links":{"self":[{"href":"https:\/\/pb.edu.pl\/sjo\/wp-json\/wp\/v2\/pages\/12499","targetHints":{"allow":["GET"]}}],"collection":[{"href":"https:\/\/pb.edu.pl\/sjo\/wp-json\/wp\/v2\/pages"}],"about":[{"href":"https:\/\/pb.edu.pl\/sjo\/wp-json\/wp\/v2\/types\/page"}],"author":[{"embeddable":true,"href":"https:\/\/pb.edu.pl\/sjo\/wp-json\/wp\/v2\/users\/6"}],"replies":[{"embeddable":true,"href":"https:\/\/pb.edu.pl\/sjo\/wp-json\/wp\/v2\/comments?post=12499"}],"version-history":[{"count":0,"href":"https:\/\/pb.edu.pl\/sjo\/wp-json\/wp\/v2\/pages\/12499\/revisions"}],"up":[{"embeddable":true,"href":"https:\/\/pb.edu.pl\/sjo\/wp-json\/wp\/v2\/pages\/25999"}],"wp:attachment":[{"href":"https:\/\/pb.edu.pl\/sjo\/wp-json\/wp\/v2\/media?parent=12499"}],"curies":[{"name":"wp","href":"https:\/\/api.w.org\/{rel}","templated":true}]}}