{"id":12483,"date":"2022-02-10T20:20:52","date_gmt":"2022-02-10T19:20:52","guid":{"rendered":"https:\/\/pb.edu.pl\/sjo\/?page_id=12483"},"modified":"2026-02-13T19:09:07","modified_gmt":"2026-02-13T18:09:07","slug":"60h-a2-plus","status":"publish","type":"page","link":"https:\/\/pb.edu.pl\/sjo\/polish-lab\/kursy-jezyka-polskiego-jako-obcego-2\/kursy-wiosenne\/60h-a2-plus\/","title":{"rendered":"60-godzinny kurs A2(b)"},"content":{"rendered":"<p><strong><img loading=\"lazy\" decoding=\"async\" class=\"alignleft wp-image-12437\" src=\"https:\/\/pb.edu.pl\/sjo\/wp-content\/uploads\/sites\/9\/2026\/01\/Kopia-Boks-centrum-jezyka-i-kultury-polskiej-zaprasza-Wpis-na-Facebooku-799\u00d7533-px3.png\" alt=\"60A2+\" width=\"500\" height=\"334\"><span style=\"font-family: verdana, geneva, sans-serif;font-size: 12pt\">60-godzinny kurs j\u0119zyka polskiego A2(b)<\/span><\/strong><\/p>\n<p><span style=\"font-family: verdana, geneva, sans-serif;font-size: 12pt\">Kontynuacja kursu A2(a) z semestru zimowego.<\/span><\/p>\n<p><span style=\"font-family: verdana, geneva, sans-serif;font-size: 12pt\">Pe\u0142ny program kursu A2 obejmuje 120 godzin nauki i sk\u0142ada si\u0119 z dw\u00f3ch cz\u0119\u015bci: 60-godzinnego kursu A2(a) realizowanego w semestrze zimowym oraz 60-godzinnego kursu A2(b) \u2014 w semestrze wiosennym.<\/span><\/p>\n<p><span style=\"font-family: verdana, geneva, sans-serif;font-size: 12pt\">Podczas tego kursu pog\u0142\u0119bisz swoj\u0105 umiej\u0119tno\u015b\u0107 pos\u0142ugiwania si\u0119 polsk\u0105 gramatyk\u0105 i prze\u0107wiczysz umiej\u0119tno\u015bci skutecznego, konstruktywnego i pewnego porozumiewania si\u0119 w mowie i pi\u015bmie w r\u00f3\u017cnych sytuacjach komunikacyjnych.&nbsp; <\/span><\/p>\n<p><span style=\"font-family: verdana, geneva, sans-serif;font-size: 12pt\">Zaj\u0119cia odbywaj\u0105 si\u0119 2 razy w tygodniu we wtorki i czwartki w godzinach wieczornych, w terminie: od 10 marca do 25 czerwca 2026 r.<\/span><\/p>\n<p><span style=\"font-family: verdana, geneva, sans-serif;font-size: 12pt\">J\u0119zyk instrukta\u017cu \u2013 polski, nauczyciel wspomaga si\u0119 j\u0119zykiem angielskim i rosyjskim. Lektor jest nauczycielem j\u0119zyka polskiego jako obcego z ponad dziesi\u0119cioletnim sta\u017cem, ponadto ma uprawnienia egzaminatora pa\u0144stwowych egzamin\u00f3w z j\u0119zyka polskiego.<\/span><\/p>\n<p><span style=\"font-family: verdana, geneva, sans-serif;font-size: 12pt\">Cena zale\u017cy od liczby os\u00f3b w grupie. <strong>Nowy cennik<\/strong> b\u0119dzie dost\u0119pny po uruchomieniu platformy rekrutacyjnej IRK. <\/span><\/p>\n<p><span style=\"font-family: verdana, geneva, sans-serif;font-size: 12pt\">Grupy 6-7-osobowe oraz&nbsp; 8-10-osobowe. Oferujemy atrakcyjne zni\u017cki przy p\u0142atno\u015bci jednorazowej z g\u00f3ry oraz za kontynuacj\u0119 nauki w naszym o\u015brodku.<\/span><\/p>\n<p><span style=\"font-family: verdana, geneva, sans-serif;font-size: 12pt\">Z przyczyn technicznych pocz\u0105tek rekrutacji na kursy zosta\u0142 przesuni\u0119ty na drugi tydzie\u0144 lutego 2026 r. <\/span><\/p>\n<p><span style=\"color: #ff0000\"><strong><span style=\"font-family: verdana, geneva, sans-serif;font-size: 12pt\">Zapisy na wszystkie kursy rozpoczynaj\u0105 si\u0119 16 lutego 2026 r. przez platform\u0119 <\/span><a style=\"color: #ff0000\" href=\"https:\/\/irk2.uci.pb.edu.pl\/pl\/offer\/KURSY_BEZ_2025_2026\/programme\/POLISH_LAB_KURS_ST_2026_LETNI\/\"><span style=\"font-family: verdana, geneva, sans-serif;font-size: 12pt\">IRK<\/span><\/a><\/strong><\/span><\/p>\n<p><span style=\"font-family: verdana, geneva, sans-serif;font-size: 12pt\"><span style=\"color: #ff0000\">Rejestracja b\u0119dzie otwarta do 27 lutego<\/span>.<\/span><\/p>\n<p><span style=\"font-family: verdana, geneva, sans-serif;font-size: 12pt\">Zapraszamy do kontaktu telefonicznego i mailowego w terminach podanych w <a href=\"https:\/\/pb.edu.pl\/sjo\/polish-lab\/kontakt\/\">KONTAKT<\/a><\/span><\/p>\n<p>&nbsp;<\/p>\n<p><em><span style=\"font-size: 10pt\">Aktualizacja 13.02.2026 r.<\/span><\/em><\/p>\n<p>&nbsp;<\/p>\n<p><span style=\"color: #666699;font-family: verdana, geneva, sans-serif;font-size: 12pt\"><strong>60-hour Polish language course at level A2(b)&nbsp;<\/strong> <\/span><\/p>\n<p><span style=\"font-family: verdana, geneva, sans-serif;font-size: 12pt;color: #666699\">Continuation of the A2(a) course from the winter semester.<\/span><\/p>\n<p><span style=\"font-family: verdana, geneva, sans-serif;font-size: 12pt;color: #666699\">The full A2 course programme comprises 120 hours of study and consists of two parts: a 60-hour A2(a) course in the winter semester and a 60-hour A2(b) course in the spring semester.<\/span><\/p>\n<p><span style=\"font-family: verdana, geneva, sans-serif;font-size: 12pt;color: #666699\">During this course, you will deepen your knowledge of Polish grammar and practise effective, constructive and confident communication skills in speech and writing in various communicative situations.<\/span><\/p>\n<p><span style=\"font-family: verdana, geneva, sans-serif;font-size: 12pt;color: #666699\">Classes are held twice a week on Tuesdays and Thursdays in the evenings, from 10 March to 25 June 2026.<\/span><\/p>\n<p><span style=\"font-family: verdana, geneva, sans-serif;font-size: 12pt;color: #666699\">The language of instruction is Polish, with the lecturer also using English and Russian. The lecturer is a teacher of Polish as a foreign language with over ten years of experience and is also a certified examiner for state Polish language exams.<\/span><\/p>\n<p><span style=\"font-family: verdana, geneva, sans-serif;font-size: 12pt;color: #666699\">The price depends on the number of people in the group. <strong>The new price list<\/strong> will be available after the launch of the IRK recruitment platform. <\/span><\/p>\n<p><span style=\"font-family: verdana, geneva, sans-serif;font-size: 12pt;color: #666699\">Groups of 6-7 and 8-10 people. We offer attractive discounts for one-off payments in advance and for continuing your education at our centre.<\/span><\/p>\n<p><span style=\"font-family: verdana, geneva, sans-serif;font-size: 12pt;color: #666699\">For technical reasons, the start of recruitment for courses has been postponed to the second week of February 2026. <\/span><\/p>\n<p>&nbsp;<\/p>\n<p><span style=\"color: #ff0000\"><strong><span style=\"font-family: verdana, geneva, sans-serif;font-size: 12pt\">Registration for all courses begins on 16 February 2026, at 8:00, <\/span><\/strong><strong><span style=\"font-family: verdana, geneva, sans-serif;font-size: 12pt\">through online platform <a style=\"color: #ff0000\" title=\"\" href=\"https:\/\/irk2.uci.pb.edu.pl\/pl\/offer\/KURSY_BEZ_2025_2026\/programme\/POLISH_LAB_KURS_ST_2025_2026_ZIMOWY\/https:\/\/irk2.uci.pb.edu.pl\/pl\/offer\/KURSY_BEZ_2025_2026\/programme\/POLISH_LAB_KURS_ST_2026_LETNI\/\">IRK<\/a><\/span><\/strong><\/span><\/p>\n<p><span style=\"font-size: 12pt;font-family: verdana, geneva, sans-serif;color: #ff0000\">Registration will be open only until 27 February.<\/span><\/p>\n<p><span style=\"font-family: verdana, geneva, sans-serif;font-size: 12pt;color: #666699\"><a style=\"color: #666699\" href=\"https:\/\/pb.edu.pl\/sjo\/polish-lab\/kontakt\/\">Contact us.<\/a><\/span><\/p>\n<p>&nbsp;<\/p>\n<p>&nbsp;<\/p>\n","protected":false},"excerpt":{"rendered":"<p>60-godzinny kurs j\u0119zyka polskiego A2(b) Kontynuacja kursu A2(a) z semestru zimowego. Pe\u0142ny program kursu A2<\/p>\n","protected":false},"author":6,"featured_media":0,"parent":26001,"menu_order":0,"comment_status":"closed","ping_status":"closed","template":"","meta":{"_acf_changed":false,"ngg_post_thumbnail":0,"footnotes":""},"class_list":["post-12483","page","type-page","status-publish","hentry"],"acf":[],"yoast_head":"<!-- This site is optimized with the Yoast SEO plugin v27.0 - https:\/\/yoast.com\/product\/yoast-seo-wordpress\/ -->\n<title>60-godzinny kurs A2(b) - Studium J\u0119zyk\u00f3w Obcych<\/title>\n<meta name=\"description\" content=\"60-godzinny kurs j\u0119zyka polskiego A2(b) Kontynuacja kursu A2(a) z semestru zimowego. Pe\u0142ny program kursu A2 obejmuje 120 godzin nauki i sk\u0142ada si\u0119 z dw\u00f3ch\" \/>\n<meta name=\"robots\" content=\"index, follow, max-snippet:-1, max-image-preview:large, max-video-preview:-1\" \/>\n<link rel=\"canonical\" href=\"https:\/\/pb.edu.pl\/sjo\/polish-lab\/kursy-jezyka-polskiego-jako-obcego-2\/kursy-wiosenne\/60h-a2-plus\/\" \/>\n<meta property=\"og:locale\" content=\"pl_PL\" \/>\n<meta property=\"og:type\" content=\"article\" \/>\n<meta property=\"og:title\" content=\"60-godzinny kurs A2(b) - Studium J\u0119zyk\u00f3w Obcych\" \/>\n<meta property=\"og:description\" content=\"60-godzinny kurs j\u0119zyka polskiego A2(b) Kontynuacja kursu A2(a) z semestru zimowego. Pe\u0142ny program kursu A2 obejmuje 120 godzin nauki i sk\u0142ada si\u0119 z dw\u00f3ch\" \/>\n<meta property=\"og:url\" content=\"https:\/\/pb.edu.pl\/sjo\/polish-lab\/kursy-jezyka-polskiego-jako-obcego-2\/kursy-wiosenne\/60h-a2-plus\/\" \/>\n<meta property=\"og:site_name\" content=\"Studium J\u0119zyk\u00f3w Obcych\" \/>\n<meta property=\"article:modified_time\" content=\"2026-02-13T18:09:07+00:00\" \/>\n<meta name=\"twitter:label1\" content=\"Szacowany czas czytania\" \/>\n\t<meta name=\"twitter:data1\" content=\"3 minuty\" \/>\n<script type=\"application\/ld+json\" class=\"yoast-schema-graph\">{\"@context\":\"https:\/\/schema.org\",\"@graph\":[{\"@type\":\"WebPage\",\"@id\":\"https:\/\/pb.edu.pl\/sjo\/polish-lab\/kursy-jezyka-polskiego-jako-obcego-2\/kursy-wiosenne\/60h-a2-plus\/\",\"url\":\"https:\/\/pb.edu.pl\/sjo\/polish-lab\/kursy-jezyka-polskiego-jako-obcego-2\/kursy-wiosenne\/60h-a2-plus\/\",\"name\":\"60-godzinny kurs A2(b) - Studium J\u0119zyk\u00f3w Obcych\",\"isPartOf\":{\"@id\":\"https:\/\/pb.edu.pl\/sjo\/#website\"},\"datePublished\":\"2022-02-10T19:20:52+00:00\",\"dateModified\":\"2026-02-13T18:09:07+00:00\",\"description\":\"60-godzinny kurs j\u0119zyka polskiego A2(b) Kontynuacja kursu A2(a) z semestru zimowego. Pe\u0142ny program kursu A2 obejmuje 120 godzin nauki i sk\u0142ada si\u0119 z dw\u00f3ch\",\"breadcrumb\":{\"@id\":\"https:\/\/pb.edu.pl\/sjo\/polish-lab\/kursy-jezyka-polskiego-jako-obcego-2\/kursy-wiosenne\/60h-a2-plus\/#breadcrumb\"},\"inLanguage\":\"pl-PL\",\"potentialAction\":[{\"@type\":\"ReadAction\",\"target\":[\"https:\/\/pb.edu.pl\/sjo\/polish-lab\/kursy-jezyka-polskiego-jako-obcego-2\/kursy-wiosenne\/60h-a2-plus\/\"]}]},{\"@type\":\"BreadcrumbList\",\"@id\":\"https:\/\/pb.edu.pl\/sjo\/polish-lab\/kursy-jezyka-polskiego-jako-obcego-2\/kursy-wiosenne\/60h-a2-plus\/#breadcrumb\",\"itemListElement\":[{\"@type\":\"ListItem\",\"position\":1,\"name\":\"Home\",\"item\":\"https:\/\/pb.edu.pl\/sjo\/\"},{\"@type\":\"ListItem\",\"position\":2,\"name\":\"Centrum J\u0119zyka i Kultury Polskiej POLISH LAB\",\"item\":\"https:\/\/pb.edu.pl\/sjo\/polish-lab\/\"},{\"@type\":\"ListItem\",\"position\":3,\"name\":\"Kursy j\u0119zyka polskiego jako obcego\",\"item\":\"https:\/\/pb.edu.pl\/sjo\/polish-lab\/kursy-jezyka-polskiego-jako-obcego-2\/\"},{\"@type\":\"ListItem\",\"position\":4,\"name\":\"Kursy wiosenne\",\"item\":\"https:\/\/pb.edu.pl\/sjo\/polish-lab\/kursy-jezyka-polskiego-jako-obcego-2\/kursy-wiosenne\/\"},{\"@type\":\"ListItem\",\"position\":5,\"name\":\"60-godzinny kurs A2(b)\"}]},{\"@type\":\"WebSite\",\"@id\":\"https:\/\/pb.edu.pl\/sjo\/#website\",\"url\":\"https:\/\/pb.edu.pl\/sjo\/\",\"name\":\"Studium J\u0119zyk\u00f3w Obcych\",\"description\":\"\",\"potentialAction\":[{\"@type\":\"SearchAction\",\"target\":{\"@type\":\"EntryPoint\",\"urlTemplate\":\"https:\/\/pb.edu.pl\/sjo\/?s={search_term_string}\"},\"query-input\":{\"@type\":\"PropertyValueSpecification\",\"valueRequired\":true,\"valueName\":\"search_term_string\"}}],\"inLanguage\":\"pl-PL\"}]}<\/script>\n<!-- \/ Yoast SEO plugin. -->","yoast_head_json":{"title":"60-godzinny kurs A2(b) - Studium J\u0119zyk\u00f3w Obcych","description":"60-godzinny kurs j\u0119zyka polskiego A2(b) Kontynuacja kursu A2(a) z semestru zimowego. Pe\u0142ny program kursu A2 obejmuje 120 godzin nauki i sk\u0142ada si\u0119 z dw\u00f3ch","robots":{"index":"index","follow":"follow","max-snippet":"max-snippet:-1","max-image-preview":"max-image-preview:large","max-video-preview":"max-video-preview:-1"},"canonical":"https:\/\/pb.edu.pl\/sjo\/polish-lab\/kursy-jezyka-polskiego-jako-obcego-2\/kursy-wiosenne\/60h-a2-plus\/","og_locale":"pl_PL","og_type":"article","og_title":"60-godzinny kurs A2(b) - Studium J\u0119zyk\u00f3w Obcych","og_description":"60-godzinny kurs j\u0119zyka polskiego A2(b) Kontynuacja kursu A2(a) z semestru zimowego. Pe\u0142ny program kursu A2 obejmuje 120 godzin nauki i sk\u0142ada si\u0119 z dw\u00f3ch","og_url":"https:\/\/pb.edu.pl\/sjo\/polish-lab\/kursy-jezyka-polskiego-jako-obcego-2\/kursy-wiosenne\/60h-a2-plus\/","og_site_name":"Studium J\u0119zyk\u00f3w Obcych","article_modified_time":"2026-02-13T18:09:07+00:00","twitter_misc":{"Szacowany czas czytania":"3 minuty"},"schema":{"@context":"https:\/\/schema.org","@graph":[{"@type":"WebPage","@id":"https:\/\/pb.edu.pl\/sjo\/polish-lab\/kursy-jezyka-polskiego-jako-obcego-2\/kursy-wiosenne\/60h-a2-plus\/","url":"https:\/\/pb.edu.pl\/sjo\/polish-lab\/kursy-jezyka-polskiego-jako-obcego-2\/kursy-wiosenne\/60h-a2-plus\/","name":"60-godzinny kurs A2(b) - Studium J\u0119zyk\u00f3w Obcych","isPartOf":{"@id":"https:\/\/pb.edu.pl\/sjo\/#website"},"datePublished":"2022-02-10T19:20:52+00:00","dateModified":"2026-02-13T18:09:07+00:00","description":"60-godzinny kurs j\u0119zyka polskiego A2(b) Kontynuacja kursu A2(a) z semestru zimowego. Pe\u0142ny program kursu A2 obejmuje 120 godzin nauki i sk\u0142ada si\u0119 z dw\u00f3ch","breadcrumb":{"@id":"https:\/\/pb.edu.pl\/sjo\/polish-lab\/kursy-jezyka-polskiego-jako-obcego-2\/kursy-wiosenne\/60h-a2-plus\/#breadcrumb"},"inLanguage":"pl-PL","potentialAction":[{"@type":"ReadAction","target":["https:\/\/pb.edu.pl\/sjo\/polish-lab\/kursy-jezyka-polskiego-jako-obcego-2\/kursy-wiosenne\/60h-a2-plus\/"]}]},{"@type":"BreadcrumbList","@id":"https:\/\/pb.edu.pl\/sjo\/polish-lab\/kursy-jezyka-polskiego-jako-obcego-2\/kursy-wiosenne\/60h-a2-plus\/#breadcrumb","itemListElement":[{"@type":"ListItem","position":1,"name":"Home","item":"https:\/\/pb.edu.pl\/sjo\/"},{"@type":"ListItem","position":2,"name":"Centrum J\u0119zyka i Kultury Polskiej POLISH LAB","item":"https:\/\/pb.edu.pl\/sjo\/polish-lab\/"},{"@type":"ListItem","position":3,"name":"Kursy j\u0119zyka polskiego jako obcego","item":"https:\/\/pb.edu.pl\/sjo\/polish-lab\/kursy-jezyka-polskiego-jako-obcego-2\/"},{"@type":"ListItem","position":4,"name":"Kursy wiosenne","item":"https:\/\/pb.edu.pl\/sjo\/polish-lab\/kursy-jezyka-polskiego-jako-obcego-2\/kursy-wiosenne\/"},{"@type":"ListItem","position":5,"name":"60-godzinny kurs A2(b)"}]},{"@type":"WebSite","@id":"https:\/\/pb.edu.pl\/sjo\/#website","url":"https:\/\/pb.edu.pl\/sjo\/","name":"Studium J\u0119zyk\u00f3w Obcych","description":"","potentialAction":[{"@type":"SearchAction","target":{"@type":"EntryPoint","urlTemplate":"https:\/\/pb.edu.pl\/sjo\/?s={search_term_string}"},"query-input":{"@type":"PropertyValueSpecification","valueRequired":true,"valueName":"search_term_string"}}],"inLanguage":"pl-PL"}]}},"_links":{"self":[{"href":"https:\/\/pb.edu.pl\/sjo\/wp-json\/wp\/v2\/pages\/12483","targetHints":{"allow":["GET"]}}],"collection":[{"href":"https:\/\/pb.edu.pl\/sjo\/wp-json\/wp\/v2\/pages"}],"about":[{"href":"https:\/\/pb.edu.pl\/sjo\/wp-json\/wp\/v2\/types\/page"}],"author":[{"embeddable":true,"href":"https:\/\/pb.edu.pl\/sjo\/wp-json\/wp\/v2\/users\/6"}],"replies":[{"embeddable":true,"href":"https:\/\/pb.edu.pl\/sjo\/wp-json\/wp\/v2\/comments?post=12483"}],"version-history":[{"count":5,"href":"https:\/\/pb.edu.pl\/sjo\/wp-json\/wp\/v2\/pages\/12483\/revisions"}],"predecessor-version":[{"id":30665,"href":"https:\/\/pb.edu.pl\/sjo\/wp-json\/wp\/v2\/pages\/12483\/revisions\/30665"}],"up":[{"embeddable":true,"href":"https:\/\/pb.edu.pl\/sjo\/wp-json\/wp\/v2\/pages\/26001"}],"wp:attachment":[{"href":"https:\/\/pb.edu.pl\/sjo\/wp-json\/wp\/v2\/media?parent=12483"}],"curies":[{"name":"wp","href":"https:\/\/api.w.org\/{rel}","templated":true}]}}