{"id":12480,"date":"2022-02-10T20:18:52","date_gmt":"2022-02-10T19:18:52","guid":{"rendered":"https:\/\/pb.edu.pl\/sjo\/?page_id=12480"},"modified":"2026-02-13T18:58:14","modified_gmt":"2026-02-13T17:58:14","slug":"60h-a1-plus","status":"publish","type":"page","link":"https:\/\/pb.edu.pl\/sjo\/polish-lab\/kursy-jezyka-polskiego-jako-obcego-2\/kursy-wiosenne\/60h-a1-plus\/","title":{"rendered":"60-godzinny kurs A1(b)"},"content":{"rendered":"<p><strong><img loading=\"lazy\" decoding=\"async\" class=\"wp-image-12436 alignleft\" src=\"https:\/\/pb.edu.pl\/sjo\/wp-content\/uploads\/sites\/9\/2026\/01\/Kopia-Boks-centrum-jezyka-i-kultury-polskiej-zaprasza-Wpis-na-Facebooku-799\u00d7533-px2.png\" alt=\"60A1+\" width=\"500\" height=\"334\"><span style=\"font-family: verdana, geneva, sans-serif;font-size: 12pt\">60-godzinny kurs j\u0119zyka polskiego na poziomie A1(b)<\/span><\/strong><span style=\"font-family: verdana, geneva, sans-serif;font-size: 12pt\"> czyli dla wszystkich, kt\u00f3rzy pocz\u0105tki maj\u0105 ju\u017c za sob\u0105. Podczas tego kursu b\u0119dziesz kontynuowa\u0107 nauk\u0119 j\u0119zyka polskiego i \u0107wiczy\u0107 umiej\u0119tno\u015b\u0107 porozumiewania si\u0119 w typowych sytuacjach \u017cycia codziennego, a tak\u017ce zapoznasz si\u0119 z elementami polskiej sztuki, kultury, obyczaj\u00f3w, geografii i historii.<\/span><\/p>\n<p><span style=\"font-family: verdana, geneva, sans-serif;font-size: 12pt\">Zaj\u0119cia odbywaj\u0105 si\u0119 2 razy w tygodniu w poniedzia\u0142ki i \u015brody po 2 godziny lekcyjne, w godzinach wieczornych.<\/span><\/p>\n<p><span style=\"font-family: verdana, geneva, sans-serif;font-size: 12pt\">Jest to kontynuacja kursu A1(a). Pierwsze\u0144stwo maj\u0105 s\u0142uchacze, kt\u00f3rzy kontynuuj\u0105 nauk\u0119. <\/span><\/p>\n<p><span style=\"font-family: verdana, geneva, sans-serif;font-size: 12pt\">Cena zale\u017cy od liczy uczestnik\u00f3w w grupie.<\/span><\/p>\n<p><span style=\"font-family: verdana, geneva, sans-serif;font-size: 12pt\"><strong>Nowy cennik kurs\u00f3w<\/strong> og\u0142osimy na pocz\u0105tku lutego &#8211; na platformie rekrutacyjnej IRK w sekcji Op\u0142aty poka\u017c\u0105 si\u0119 nowe ceny wszystkich naszych kurs\u00f3w i szkole\u0144 \u2013 niestety, s\u0105 nieco wy\u017csze ni\u017c w semestrze zimowym.<\/span><\/p>\n<p><span style=\"font-family: verdana, geneva, sans-serif;font-size: 12pt\">Kurs rozpoczyna si\u0119 9 marca 2026 r. Zako\u0144czenie przewidziane jest na 24 czerwca 2026 r.<\/span><\/p>\n<p><a href=\"https:\/\/pb.edu.pl\/sjo\/wp-content\/uploads\/sites\/9\/2022\/02\/PROGRAM-NAUCZANIA-JEZYK-POLSKI-A1.pdf\">PROGRAM NAUCZANIA J\u0118ZYK POLSKI A1(b)<\/a><\/p>\n<div>&nbsp;<\/div>\n<p><span style=\"font-family: verdana, geneva, sans-serif;font-size: 12pt\">Rejestracja przez <\/span><a href=\"https:\/\/irk2.uci.pb.edu.pl\/pl\/offer\/KURSY_BEZ_2025_2026\/programme\/POLISH_LAB_KURS_ST_2026_LETNI\/\"><strong><span style=\"font-family: verdana, geneva, sans-serif;font-size: 12pt\">IRK<\/span><\/strong><\/a><span style=\"font-family: verdana, geneva, sans-serif;font-size: 12pt\"> w dniach 16-27 lutego 2026 r.&nbsp;<\/span><\/p>\n<p><strong><span style=\"font-family: verdana, geneva, sans-serif;font-size: 12pt;color: #ff0000\">Pocz\u0105tek rejestracji: 16 lutego o godzinie 8:00.<\/span><\/strong><\/p>\n<p>&nbsp;<\/p>\n<p><span style=\"color: #808080;font-family: verdana, geneva, sans-serif;font-size: 12pt\"><strong>60-hour Polish language course for beginners A1(b)<\/strong><\/span><\/p>\n<p><span style=\"color: #808080;font-family: verdana, geneva, sans-serif;font-size: 12pt\">During this course you will continue learning Polish and practice your ability to communicate in typical everyday situations.You will also get acquainted with elements of Polish art, culture, customs, geography and history.<\/span><\/p>\n<p><span style=\"color: #808080;font-family: verdana, geneva, sans-serif;font-size: 12pt\">The course runs twice a week on Mondays and Wednesdays x 2 academic hours of study.<\/span><\/p>\n<p><span style=\"color: #808080;font-family: verdana, geneva, sans-serif;font-size: 12pt\">This is a continuation of the A1(a) course. Priority is given to students who continue their education.<\/span><\/p>\n<p>&nbsp;<\/p>\n<p><span style=\"color: #808080;font-family: verdana, geneva, sans-serif;font-size: 12pt\">The price depends on the number of participants in the group.<\/span><\/p>\n<p><span style=\"font-family: verdana, geneva, sans-serif;font-size: 12pt;color: #808080\"><strong>The new course price list<\/strong> will be announced at the beginning of February \u2013 the new prices for all our courses and training programmes will be displayed on the IRK recruitment platform in the Fees section \u2013 unfortunately, they are slightly higher than in the winter semester.<\/span><\/p>\n<p><span style=\"font-family: verdana, geneva, sans-serif;font-size: 12pt;color: #808080\">The course starts on 9 March 2026 and is scheduled to end on 24 June 2026.<\/span><\/p>\n<p><a href=\"https:\/\/pb.edu.pl\/sjo\/wp-content\/uploads\/sites\/9\/2022\/02\/PROGRAM-NAUCZANIA-JEZYK-POLSKI-A1.pdf\">POLISH LANGUAGE TEACHING PROGRAMME A1(b)<\/a><\/p>\n<p><strong><span style=\"color: #ff0000\"><span style=\"font-family: verdana, geneva, sans-serif;font-size: 12pt\">Registration <\/span><span style=\"font-family: verdana, geneva, sans-serif;font-size: 12pt\">starts on 16 February 2026, at 8:00,<\/span><\/span><\/strong><span style=\"font-family: verdana, geneva, sans-serif;font-size: 12pt;color: #808080\"><strong><span style=\"color: #ff0000\">&nbsp;through<\/span><\/strong>&nbsp;<strong><a title=\"\" href=\"https:\/\/irk2.uci.pb.edu.pl\/pl\/offer\/KURSY_BEZ_2025_2026\/programme\/POLISH_LAB_KURS_ST_2026_LETNI\/\">IRK<\/a><\/strong><\/span><\/p>\n<p>If you are interested in learning Polish with us, do not delay your decision, because registration will be open only until 27 February.<\/p>\n<p>&nbsp;<\/p>\n<p><em><span style=\"font-size: 10pt\">13.02.2026<\/span><\/em><\/p>\n","protected":false},"excerpt":{"rendered":"<p>60-godzinny kurs j\u0119zyka polskiego na poziomie A1(b) czyli dla wszystkich, kt\u00f3rzy pocz\u0105tki maj\u0105 ju\u017c za<\/p>\n","protected":false},"author":6,"featured_media":0,"parent":26001,"menu_order":0,"comment_status":"closed","ping_status":"closed","template":"","meta":{"_acf_changed":false,"ngg_post_thumbnail":0,"footnotes":""},"class_list":["post-12480","page","type-page","status-publish","hentry"],"acf":[],"yoast_head":"<!-- This site is optimized with the Yoast SEO plugin v27.0 - https:\/\/yoast.com\/product\/yoast-seo-wordpress\/ -->\n<title>60-godzinny kurs A1(b) - Studium J\u0119zyk\u00f3w Obcych<\/title>\n<meta name=\"description\" content=\"60-godzinny kurs j\u0119zyka polskiego na poziomie A1(b) czyli dla wszystkich, kt\u00f3rzy pocz\u0105tki maj\u0105 ju\u017c za sob\u0105. Podczas tego kursu b\u0119dziesz kontynuowa\u0107 nauk\u0119\" \/>\n<meta name=\"robots\" content=\"index, follow, max-snippet:-1, max-image-preview:large, max-video-preview:-1\" \/>\n<link rel=\"canonical\" href=\"https:\/\/pb.edu.pl\/sjo\/polish-lab\/kursy-jezyka-polskiego-jako-obcego-2\/kursy-wiosenne\/60h-a1-plus\/\" \/>\n<meta property=\"og:locale\" content=\"pl_PL\" \/>\n<meta property=\"og:type\" content=\"article\" \/>\n<meta property=\"og:title\" content=\"60-godzinny kurs A1(b) - Studium J\u0119zyk\u00f3w Obcych\" \/>\n<meta property=\"og:description\" content=\"60-godzinny kurs j\u0119zyka polskiego na poziomie A1(b) czyli dla wszystkich, kt\u00f3rzy pocz\u0105tki maj\u0105 ju\u017c za sob\u0105. Podczas tego kursu b\u0119dziesz kontynuowa\u0107 nauk\u0119\" \/>\n<meta property=\"og:url\" content=\"https:\/\/pb.edu.pl\/sjo\/polish-lab\/kursy-jezyka-polskiego-jako-obcego-2\/kursy-wiosenne\/60h-a1-plus\/\" \/>\n<meta property=\"og:site_name\" content=\"Studium J\u0119zyk\u00f3w Obcych\" \/>\n<meta property=\"article:modified_time\" content=\"2026-02-13T17:58:14+00:00\" \/>\n<meta name=\"twitter:label1\" content=\"Szacowany czas czytania\" \/>\n\t<meta name=\"twitter:data1\" content=\"3 minuty\" \/>\n<script type=\"application\/ld+json\" class=\"yoast-schema-graph\">{\"@context\":\"https:\/\/schema.org\",\"@graph\":[{\"@type\":\"WebPage\",\"@id\":\"https:\/\/pb.edu.pl\/sjo\/polish-lab\/kursy-jezyka-polskiego-jako-obcego-2\/kursy-wiosenne\/60h-a1-plus\/\",\"url\":\"https:\/\/pb.edu.pl\/sjo\/polish-lab\/kursy-jezyka-polskiego-jako-obcego-2\/kursy-wiosenne\/60h-a1-plus\/\",\"name\":\"60-godzinny kurs A1(b) - Studium J\u0119zyk\u00f3w Obcych\",\"isPartOf\":{\"@id\":\"https:\/\/pb.edu.pl\/sjo\/#website\"},\"datePublished\":\"2022-02-10T19:18:52+00:00\",\"dateModified\":\"2026-02-13T17:58:14+00:00\",\"description\":\"60-godzinny kurs j\u0119zyka polskiego na poziomie A1(b) czyli dla wszystkich, kt\u00f3rzy pocz\u0105tki maj\u0105 ju\u017c za sob\u0105. Podczas tego kursu b\u0119dziesz kontynuowa\u0107 nauk\u0119\",\"breadcrumb\":{\"@id\":\"https:\/\/pb.edu.pl\/sjo\/polish-lab\/kursy-jezyka-polskiego-jako-obcego-2\/kursy-wiosenne\/60h-a1-plus\/#breadcrumb\"},\"inLanguage\":\"pl-PL\",\"potentialAction\":[{\"@type\":\"ReadAction\",\"target\":[\"https:\/\/pb.edu.pl\/sjo\/polish-lab\/kursy-jezyka-polskiego-jako-obcego-2\/kursy-wiosenne\/60h-a1-plus\/\"]}]},{\"@type\":\"BreadcrumbList\",\"@id\":\"https:\/\/pb.edu.pl\/sjo\/polish-lab\/kursy-jezyka-polskiego-jako-obcego-2\/kursy-wiosenne\/60h-a1-plus\/#breadcrumb\",\"itemListElement\":[{\"@type\":\"ListItem\",\"position\":1,\"name\":\"Home\",\"item\":\"https:\/\/pb.edu.pl\/sjo\/\"},{\"@type\":\"ListItem\",\"position\":2,\"name\":\"Centrum J\u0119zyka i Kultury Polskiej POLISH LAB\",\"item\":\"https:\/\/pb.edu.pl\/sjo\/polish-lab\/\"},{\"@type\":\"ListItem\",\"position\":3,\"name\":\"Kursy j\u0119zyka polskiego jako obcego\",\"item\":\"https:\/\/pb.edu.pl\/sjo\/polish-lab\/kursy-jezyka-polskiego-jako-obcego-2\/\"},{\"@type\":\"ListItem\",\"position\":4,\"name\":\"Kursy wiosenne\",\"item\":\"https:\/\/pb.edu.pl\/sjo\/polish-lab\/kursy-jezyka-polskiego-jako-obcego-2\/kursy-wiosenne\/\"},{\"@type\":\"ListItem\",\"position\":5,\"name\":\"60-godzinny kurs A1(b)\"}]},{\"@type\":\"WebSite\",\"@id\":\"https:\/\/pb.edu.pl\/sjo\/#website\",\"url\":\"https:\/\/pb.edu.pl\/sjo\/\",\"name\":\"Studium J\u0119zyk\u00f3w Obcych\",\"description\":\"\",\"potentialAction\":[{\"@type\":\"SearchAction\",\"target\":{\"@type\":\"EntryPoint\",\"urlTemplate\":\"https:\/\/pb.edu.pl\/sjo\/?s={search_term_string}\"},\"query-input\":{\"@type\":\"PropertyValueSpecification\",\"valueRequired\":true,\"valueName\":\"search_term_string\"}}],\"inLanguage\":\"pl-PL\"}]}<\/script>\n<!-- \/ Yoast SEO plugin. -->","yoast_head_json":{"title":"60-godzinny kurs A1(b) - Studium J\u0119zyk\u00f3w Obcych","description":"60-godzinny kurs j\u0119zyka polskiego na poziomie A1(b) czyli dla wszystkich, kt\u00f3rzy pocz\u0105tki maj\u0105 ju\u017c za sob\u0105. Podczas tego kursu b\u0119dziesz kontynuowa\u0107 nauk\u0119","robots":{"index":"index","follow":"follow","max-snippet":"max-snippet:-1","max-image-preview":"max-image-preview:large","max-video-preview":"max-video-preview:-1"},"canonical":"https:\/\/pb.edu.pl\/sjo\/polish-lab\/kursy-jezyka-polskiego-jako-obcego-2\/kursy-wiosenne\/60h-a1-plus\/","og_locale":"pl_PL","og_type":"article","og_title":"60-godzinny kurs A1(b) - Studium J\u0119zyk\u00f3w Obcych","og_description":"60-godzinny kurs j\u0119zyka polskiego na poziomie A1(b) czyli dla wszystkich, kt\u00f3rzy pocz\u0105tki maj\u0105 ju\u017c za sob\u0105. Podczas tego kursu b\u0119dziesz kontynuowa\u0107 nauk\u0119","og_url":"https:\/\/pb.edu.pl\/sjo\/polish-lab\/kursy-jezyka-polskiego-jako-obcego-2\/kursy-wiosenne\/60h-a1-plus\/","og_site_name":"Studium J\u0119zyk\u00f3w Obcych","article_modified_time":"2026-02-13T17:58:14+00:00","twitter_misc":{"Szacowany czas czytania":"3 minuty"},"schema":{"@context":"https:\/\/schema.org","@graph":[{"@type":"WebPage","@id":"https:\/\/pb.edu.pl\/sjo\/polish-lab\/kursy-jezyka-polskiego-jako-obcego-2\/kursy-wiosenne\/60h-a1-plus\/","url":"https:\/\/pb.edu.pl\/sjo\/polish-lab\/kursy-jezyka-polskiego-jako-obcego-2\/kursy-wiosenne\/60h-a1-plus\/","name":"60-godzinny kurs A1(b) - Studium J\u0119zyk\u00f3w Obcych","isPartOf":{"@id":"https:\/\/pb.edu.pl\/sjo\/#website"},"datePublished":"2022-02-10T19:18:52+00:00","dateModified":"2026-02-13T17:58:14+00:00","description":"60-godzinny kurs j\u0119zyka polskiego na poziomie A1(b) czyli dla wszystkich, kt\u00f3rzy pocz\u0105tki maj\u0105 ju\u017c za sob\u0105. Podczas tego kursu b\u0119dziesz kontynuowa\u0107 nauk\u0119","breadcrumb":{"@id":"https:\/\/pb.edu.pl\/sjo\/polish-lab\/kursy-jezyka-polskiego-jako-obcego-2\/kursy-wiosenne\/60h-a1-plus\/#breadcrumb"},"inLanguage":"pl-PL","potentialAction":[{"@type":"ReadAction","target":["https:\/\/pb.edu.pl\/sjo\/polish-lab\/kursy-jezyka-polskiego-jako-obcego-2\/kursy-wiosenne\/60h-a1-plus\/"]}]},{"@type":"BreadcrumbList","@id":"https:\/\/pb.edu.pl\/sjo\/polish-lab\/kursy-jezyka-polskiego-jako-obcego-2\/kursy-wiosenne\/60h-a1-plus\/#breadcrumb","itemListElement":[{"@type":"ListItem","position":1,"name":"Home","item":"https:\/\/pb.edu.pl\/sjo\/"},{"@type":"ListItem","position":2,"name":"Centrum J\u0119zyka i Kultury Polskiej POLISH LAB","item":"https:\/\/pb.edu.pl\/sjo\/polish-lab\/"},{"@type":"ListItem","position":3,"name":"Kursy j\u0119zyka polskiego jako obcego","item":"https:\/\/pb.edu.pl\/sjo\/polish-lab\/kursy-jezyka-polskiego-jako-obcego-2\/"},{"@type":"ListItem","position":4,"name":"Kursy wiosenne","item":"https:\/\/pb.edu.pl\/sjo\/polish-lab\/kursy-jezyka-polskiego-jako-obcego-2\/kursy-wiosenne\/"},{"@type":"ListItem","position":5,"name":"60-godzinny kurs A1(b)"}]},{"@type":"WebSite","@id":"https:\/\/pb.edu.pl\/sjo\/#website","url":"https:\/\/pb.edu.pl\/sjo\/","name":"Studium J\u0119zyk\u00f3w Obcych","description":"","potentialAction":[{"@type":"SearchAction","target":{"@type":"EntryPoint","urlTemplate":"https:\/\/pb.edu.pl\/sjo\/?s={search_term_string}"},"query-input":{"@type":"PropertyValueSpecification","valueRequired":true,"valueName":"search_term_string"}}],"inLanguage":"pl-PL"}]}},"_links":{"self":[{"href":"https:\/\/pb.edu.pl\/sjo\/wp-json\/wp\/v2\/pages\/12480","targetHints":{"allow":["GET"]}}],"collection":[{"href":"https:\/\/pb.edu.pl\/sjo\/wp-json\/wp\/v2\/pages"}],"about":[{"href":"https:\/\/pb.edu.pl\/sjo\/wp-json\/wp\/v2\/types\/page"}],"author":[{"embeddable":true,"href":"https:\/\/pb.edu.pl\/sjo\/wp-json\/wp\/v2\/users\/6"}],"replies":[{"embeddable":true,"href":"https:\/\/pb.edu.pl\/sjo\/wp-json\/wp\/v2\/comments?post=12480"}],"version-history":[{"count":17,"href":"https:\/\/pb.edu.pl\/sjo\/wp-json\/wp\/v2\/pages\/12480\/revisions"}],"predecessor-version":[{"id":30663,"href":"https:\/\/pb.edu.pl\/sjo\/wp-json\/wp\/v2\/pages\/12480\/revisions\/30663"}],"up":[{"embeddable":true,"href":"https:\/\/pb.edu.pl\/sjo\/wp-json\/wp\/v2\/pages\/26001"}],"wp:attachment":[{"href":"https:\/\/pb.edu.pl\/sjo\/wp-json\/wp\/v2\/media?parent=12480"}],"curies":[{"name":"wp","href":"https:\/\/api.w.org\/{rel}","templated":true}]}}