{"id":12471,"date":"2022-02-10T20:14:21","date_gmt":"2022-02-10T19:14:21","guid":{"rendered":"https:\/\/pb.edu.pl\/sjo\/?page_id=12471"},"modified":"2025-08-26T20:19:19","modified_gmt":"2025-08-26T18:19:19","slug":"60h-a1","status":"publish","type":"page","link":"https:\/\/pb.edu.pl\/sjo\/polish-lab\/kursy-jezyka-polskiego-jako-obcego-2\/kursy-jesienne\/60h-a1\/","title":{"rendered":"60-godzinny kurs A1"},"content":{"rendered":"<p><strong>W semestrze jesiennym 2025\/2026 oferujemy Pa\u0144stwu dwa kursy na poziomie podstawowym:<\/strong><\/p>\n<p><strong>1.<\/strong><\/p>\n<p><strong>60-godzinny kurs j\u0119zyka polskiego dla pocz\u0105tkuj\u0105cych &#8211; poziom A1(a)<\/strong><\/p>\n<div>Pe\u0142ny program kursu A1 obejmuje 120 godzin nauki i sk\u0142ada si\u0119 z dw\u00f3ch cz\u0119\u015bci: 60-godzinnego kursu A1(a) realizowanego w semestrze jesiennym oraz 60-godzinnego kursu A1(b) \u2014 w semestrze wiosennym.<\/div>\n<div>&nbsp;<\/div>\n<div><strong>2.<\/strong><\/div>\n<div><strong>60-godzinny kurs j\u0119zyka polskiego dla pocz\u0105tkuj\u0105cych &#8211; poziom A1(b)<\/strong><\/div>\n<div>&nbsp;<\/div>\n<div>jest to druga cz\u0119\u015b\u0107 kursu, kt\u00f3ry rozpocz\u0105\u0142 si\u0119 w marcu 2025 r.<\/div>\n<div>&nbsp;<\/div>\n<div>&nbsp;<\/div>\n<div><strong>Zapisy na wszystkie kursy rozpoczynaj\u0105 si\u0119 27 sierpnia 2025 roku przez platform\u0119 <a href=\"https:\/\/irk2.uci.pb.edu.pl\/pl\/offer\/KURSY_BEZ_2025_2026\/programme\/POLISH_LAB_KURS_ST_2025_2026_ZIMOWY\/\"><span style=\"color: #0000ff\">IRK<\/span><\/a><\/strong><\/div>\n<div>&nbsp;<\/div>\n<p>Podczas kursu uczestnicy zdob\u0119d\u0105 podstawowe umiej\u0119tno\u015bci komunikowania si\u0119 w sytuacjach codziennych, np. w sklepie, w autobusie, w hotelu, w restauracji, naucz\u0105 si\u0119 pyta\u0107 o drog\u0119, sk\u0142ada\u0107 zam\u00f3wienie w restauracji, czyta\u0107 i formu\u0142owa\u0107 proste smsy, itp. Podczas nauki dowiedz\u0105 si\u0119 r\u00f3wnie\u017c o wybranych elementach polskiej kultury, obyczaj\u00f3w i aktualnych problemach spo\u0142eczno-ekonomicznych.<\/p>\n<p>Zaj\u0119cia odbywaj\u0105 si\u0119 2 razy w tygodniu w godzinach popo\u0142udniowych; trwaj\u0105 od pa\u017adziernika 2024 do lutego 2025 r. z mo\u017cliwo\u015bci\u0105 kontynuacji w semestrze letnim, gdy\u017c jest to kurs przewidziany na rok nauki.<\/p>\n<p>Cena zale\u017cy od liczby os\u00f3b: w grupie 8-10 osobowej wynosi 1440 z\u0142. Oferujemy atrakcyjne zni\u017cki przy p\u0142atno\u015bci jednorazowej z g\u00f3ry oraz za kontynuacj\u0119 nauki w naszym o\u015brodku.<\/p>\n<p>Lektor jest nauczycielem j\u0119zyka polskiego jako obcego z d\u0142ugoletnim sta\u017cem, ponadto posiada uprawnienia egzaminatora pa\u0144stwowych egzamin\u00f3w z j\u0119zyka polskiego.<\/p>\n<p>Je\u015bli jeste\u015b zainteresowany zaj\u0119ciami z j\u0119zyka polskiego na poziomie podstawowym, napisz do nas na <a href=\"mailto:kursypl@pb.edu.pl\"><span style=\"color: #0000ff\">kursypl@pb.edu.pl<\/span><\/a><span style=\"color: #0000ff\">.&nbsp;<\/span><\/p>\n<p>Rejestracja odbywa si\u0119 poprzez platform\u0119 <a href=\"https:\/\/irk2.uci.pb.edu.pl\/pl\/offer\/KURSY_BEZ_2025_2026\/programme\/POLISH_LAB_KURS_ST_2025_2026_ZIMOWY\/\">I<span style=\"color: #0000ff\">RK<\/span><\/a><span style=\"color: #0000ff\">,<\/span> od 27 sierpnia.&nbsp;<\/p>\n<p>&nbsp;<\/p>\n<p>&nbsp;<\/p>\n<p><span style=\"color: #808080\"><strong>In the autumn semester of&nbsp; academic year 2025\/2026 we offer two couses at elementary level:<\/strong><\/span><\/p>\n<p><span style=\"color: #808080\"><strong>1.<\/strong><\/span><\/p>\n<p><span style=\"color: #808080\"><strong>60-hour course of Polish for complete beginners &#8211; level A1(a)<\/strong><\/span><\/p>\n<p><span style=\"color: #808080\">The full A1 course program includes 120 hours of study and consists of two parts: A 60-hour A1(a) course taught in the autumn semester and a 60-hour A1(b) course taught in the spring semester.<\/span><\/p>\n<p><span style=\"color: #808080\"><strong>2.<\/strong><\/span><\/p>\n<p><span style=\"color: #808080\"><strong>60-hour course of Polish for beginners &#8211; level A1(b)<\/strong><\/span><\/p>\n<p><span style=\"color: #808080\">This is&nbsp; the second part of a course which started in March 2025.&nbsp;<\/span><\/p>\n<p>&nbsp;<\/p>\n<p><span style=\"color: #808080\"><strong>Enrollmet on both courses \u2014 from 27 August 2025&nbsp;<\/strong>through electronic platform <a style=\"color: #808080\" href=\"https:\/\/irk2.uci.pb.edu.pl\/pl\/offer\/KURSY_BEZ_2025_2026\/programme\/POLISH_LAB_KURS_ST_2025_2026_ZIMOWY\/\"><span style=\"color: #0000ff\">I<\/span><\/a><\/span><span style=\"color: #808080\"><a style=\"color: #808080\" href=\"https:\/\/irk2.uci.pb.edu.pl\/en-gb\/offer\/KURSY_BEZ_2025_2026\/programme\/POLISH_LAB_KURS_ST_2025_2026_ZIMOWY\/\"><span style=\"color: #0000ff\">RK<\/span><\/a><\/span><\/p>\n<p>&nbsp;<\/p>\n<p><span style=\"color: #808080\">During this course you will acquire basic ability to communicate in typical everyday situations, e.g. in a shop, on the bus, at the railway station, at the dean\u2019s office, you\u2019ll practice asking the way, ordering meals, understanding weather forecast, reading and writing simple text messages, etc. You will also get acquainted with some elements of Polish culture, customs and contemporary socio-economic issues.&nbsp; &nbsp;&nbsp; &nbsp;<\/span><\/p>\n<p><span style=\"color: #808080\">The course starts in October 2025 and finishes in February 2026, with the prospect of continuing in the summer semester. Classes run twice a week, eg. on Mondays and Wednesdays or Tuesdays and Thursdays.<\/span><\/p>\n<p><span style=\"color: #808080\">If you are interested in the course, have any questions or would like to book a place in it &#8211; contact us at: <a style=\"color: #808080\" href=\"mailto:kursypl@pb.edu.pl\">kursypl@pb.edu.pl<\/a>.<\/span><\/p>\n<p><span style=\"color: #808080\">Recruitment starts o 27th August 2025&nbsp;<\/span><\/p>\n<p><span style=\"color: #808080;font-size: 12pt\">&nbsp;<\/span><\/p>\n<p><a href=\"https:\/\/pb.edu.pl\/sjo\/polish-lab\/kontakt\/\"><span style=\"color: #808080\">Contact us.<\/span><\/a><\/p>\n<div id='gallery-1' class='gallery galleryid-12471 gallery-columns-3 gallery-size-large'><figure class='gallery-item'>\n\t\t\t<div class='gallery-icon landscape'>\n\t\t\t\t<a href='https:\/\/pb.edu.pl\/sjo\/polish-lab\/kursy-jezyka-polskiego-jako-obcego-2\/kursy-jesienne\/60h-a2\/img_20230518_190435\/'><img loading=\"lazy\" decoding=\"async\" width=\"1024\" height=\"576\" src=\"https:\/\/pb.edu.pl\/sjo\/wp-content\/uploads\/sites\/9\/2023\/08\/IMG_20230518_190435-1024x576.jpg\" class=\"attachment-large size-large\" alt=\"\" srcset=\"https:\/\/pb.edu.pl\/sjo\/wp-content\/uploads\/sites\/9\/2023\/08\/IMG_20230518_190435-1024x576.jpg 1024w, https:\/\/pb.edu.pl\/sjo\/wp-content\/uploads\/sites\/9\/2023\/08\/IMG_20230518_190435-300x169.jpg 300w, https:\/\/pb.edu.pl\/sjo\/wp-content\/uploads\/sites\/9\/2023\/08\/IMG_20230518_190435-768x432.jpg 768w, https:\/\/pb.edu.pl\/sjo\/wp-content\/uploads\/sites\/9\/2023\/08\/IMG_20230518_190435-1536x864.jpg 1536w, https:\/\/pb.edu.pl\/sjo\/wp-content\/uploads\/sites\/9\/2023\/08\/IMG_20230518_190435-2048x1152.jpg 2048w\" sizes=\"auto, (max-width: 1024px) 100vw, 1024px\" \/><\/a>\n\t\t\t<\/div><\/figure><figure class='gallery-item'>\n\t\t\t<div class='gallery-icon landscape'>\n\t\t\t\t<a href='https:\/\/pb.edu.pl\/sjo\/polish-lab\/kursy-jezyka-polskiego-jako-obcego-2\/kursy-jesienne\/60h-a2\/img_20230518_190441\/'><img loading=\"lazy\" decoding=\"async\" width=\"1024\" height=\"576\" src=\"https:\/\/pb.edu.pl\/sjo\/wp-content\/uploads\/sites\/9\/2023\/08\/IMG_20230518_190441-1024x576.jpg\" class=\"attachment-large size-large\" alt=\"\" srcset=\"https:\/\/pb.edu.pl\/sjo\/wp-content\/uploads\/sites\/9\/2023\/08\/IMG_20230518_190441-1024x576.jpg 1024w, https:\/\/pb.edu.pl\/sjo\/wp-content\/uploads\/sites\/9\/2023\/08\/IMG_20230518_190441-300x169.jpg 300w, https:\/\/pb.edu.pl\/sjo\/wp-content\/uploads\/sites\/9\/2023\/08\/IMG_20230518_190441-768x432.jpg 768w, https:\/\/pb.edu.pl\/sjo\/wp-content\/uploads\/sites\/9\/2023\/08\/IMG_20230518_190441-1536x864.jpg 1536w, https:\/\/pb.edu.pl\/sjo\/wp-content\/uploads\/sites\/9\/2023\/08\/IMG_20230518_190441-2048x1152.jpg 2048w\" sizes=\"auto, (max-width: 1024px) 100vw, 1024px\" \/><\/a>\n\t\t\t<\/div><\/figure><figure class='gallery-item'>\n\t\t\t<div class='gallery-icon landscape'>\n\t\t\t\t<a href='https:\/\/pb.edu.pl\/sjo\/polish-lab\/kursy-jezyka-polskiego-jako-obcego-2\/kursy-jesienne\/60h-a2\/img_20230518_190453\/'><img loading=\"lazy\" decoding=\"async\" width=\"1024\" height=\"576\" src=\"https:\/\/pb.edu.pl\/sjo\/wp-content\/uploads\/sites\/9\/2023\/08\/IMG_20230518_190453-1024x576.jpg\" class=\"attachment-large size-large\" alt=\"\" srcset=\"https:\/\/pb.edu.pl\/sjo\/wp-content\/uploads\/sites\/9\/2023\/08\/IMG_20230518_190453-1024x576.jpg 1024w, https:\/\/pb.edu.pl\/sjo\/wp-content\/uploads\/sites\/9\/2023\/08\/IMG_20230518_190453-300x169.jpg 300w, https:\/\/pb.edu.pl\/sjo\/wp-content\/uploads\/sites\/9\/2023\/08\/IMG_20230518_190453-768x432.jpg 768w, https:\/\/pb.edu.pl\/sjo\/wp-content\/uploads\/sites\/9\/2023\/08\/IMG_20230518_190453-1536x864.jpg 1536w, https:\/\/pb.edu.pl\/sjo\/wp-content\/uploads\/sites\/9\/2023\/08\/IMG_20230518_190453-2048x1152.jpg 2048w\" sizes=\"auto, (max-width: 1024px) 100vw, 1024px\" \/><\/a>\n\t\t\t<\/div><\/figure><figure class='gallery-item'>\n\t\t\t<div class='gallery-icon landscape'>\n\t\t\t\t<a href='https:\/\/pb.edu.pl\/sjo\/polish-lab\/kursy-jezyka-polskiego-jako-obcego-2\/kursy-jesienne\/60h-a2\/img_20230518_190430\/'><img loading=\"lazy\" decoding=\"async\" width=\"1024\" height=\"576\" src=\"https:\/\/pb.edu.pl\/sjo\/wp-content\/uploads\/sites\/9\/2023\/08\/IMG_20230518_190430-1024x576.jpg\" class=\"attachment-large size-large\" alt=\"grupa student\u00f3w ucz\u0105ca si\u0119 w sali lekcyjnej\" srcset=\"https:\/\/pb.edu.pl\/sjo\/wp-content\/uploads\/sites\/9\/2023\/08\/IMG_20230518_190430-1024x576.jpg 1024w, https:\/\/pb.edu.pl\/sjo\/wp-content\/uploads\/sites\/9\/2023\/08\/IMG_20230518_190430-300x169.jpg 300w, https:\/\/pb.edu.pl\/sjo\/wp-content\/uploads\/sites\/9\/2023\/08\/IMG_20230518_190430-768x432.jpg 768w, https:\/\/pb.edu.pl\/sjo\/wp-content\/uploads\/sites\/9\/2023\/08\/IMG_20230518_190430-1536x864.jpg 1536w, https:\/\/pb.edu.pl\/sjo\/wp-content\/uploads\/sites\/9\/2023\/08\/IMG_20230518_190430-2048x1152.jpg 2048w\" sizes=\"auto, (max-width: 1024px) 100vw, 1024px\" \/><\/a>\n\t\t\t<\/div><\/figure><figure class='gallery-item'>\n\t\t\t<div class='gallery-icon landscape'>\n\t\t\t\t<a href='https:\/\/pb.edu.pl\/sjo\/polish-lab\/kursy-jezyka-polskiego-jako-obcego-2\/kursy-jesienne\/60h-a2\/img_20230518_190451\/'><img loading=\"lazy\" decoding=\"async\" width=\"1024\" height=\"576\" src=\"https:\/\/pb.edu.pl\/sjo\/wp-content\/uploads\/sites\/9\/2023\/08\/IMG_20230518_190451-1024x576.jpg\" class=\"attachment-large size-large\" alt=\"\" srcset=\"https:\/\/pb.edu.pl\/sjo\/wp-content\/uploads\/sites\/9\/2023\/08\/IMG_20230518_190451-1024x576.jpg 1024w, https:\/\/pb.edu.pl\/sjo\/wp-content\/uploads\/sites\/9\/2023\/08\/IMG_20230518_190451-300x169.jpg 300w, https:\/\/pb.edu.pl\/sjo\/wp-content\/uploads\/sites\/9\/2023\/08\/IMG_20230518_190451-768x432.jpg 768w, https:\/\/pb.edu.pl\/sjo\/wp-content\/uploads\/sites\/9\/2023\/08\/IMG_20230518_190451-1536x864.jpg 1536w, https:\/\/pb.edu.pl\/sjo\/wp-content\/uploads\/sites\/9\/2023\/08\/IMG_20230518_190451-2048x1152.jpg 2048w\" sizes=\"auto, (max-width: 1024px) 100vw, 1024px\" \/><\/a>\n\t\t\t<\/div><\/figure>\n\t\t<\/div>\n\n","protected":false},"excerpt":{"rendered":"<p>W semestrze jesiennym 2025\/2026 oferujemy Pa\u0144stwu dwa kursy na poziomie podstawowym: 1. 60-godzinny kurs j\u0119zyka<\/p>\n","protected":false},"author":6,"featured_media":0,"parent":25999,"menu_order":0,"comment_status":"closed","ping_status":"closed","template":"","meta":{"_acf_changed":false,"ngg_post_thumbnail":0,"footnotes":""},"class_list":["post-12471","page","type-page","status-publish","hentry"],"acf":[],"yoast_head":"<!-- This site is optimized with the Yoast SEO plugin v27.0 - https:\/\/yoast.com\/product\/yoast-seo-wordpress\/ -->\n<title>60-godzinny kurs A1 - Studium J\u0119zyk\u00f3w Obcych<\/title>\n<meta name=\"description\" content=\"W semestrze jesiennym 2025\/2026 oferujemy Pa\u0144stwu dwa kursy na poziomie podstawowym: 1. 60-godzinny kurs j\u0119zyka polskiego dla pocz\u0105tkuj\u0105cych - poziom\" \/>\n<meta name=\"robots\" content=\"index, follow, max-snippet:-1, max-image-preview:large, max-video-preview:-1\" \/>\n<link rel=\"canonical\" href=\"https:\/\/pb.edu.pl\/sjo\/polish-lab\/kursy-jezyka-polskiego-jako-obcego-2\/kursy-jesienne\/60h-a1\/\" \/>\n<meta property=\"og:locale\" content=\"pl_PL\" \/>\n<meta property=\"og:type\" content=\"article\" \/>\n<meta property=\"og:title\" content=\"60-godzinny kurs A1 - Studium J\u0119zyk\u00f3w Obcych\" \/>\n<meta property=\"og:description\" content=\"W semestrze jesiennym 2025\/2026 oferujemy Pa\u0144stwu dwa kursy na poziomie podstawowym: 1. 60-godzinny kurs j\u0119zyka polskiego dla pocz\u0105tkuj\u0105cych - poziom\" \/>\n<meta property=\"og:url\" content=\"https:\/\/pb.edu.pl\/sjo\/polish-lab\/kursy-jezyka-polskiego-jako-obcego-2\/kursy-jesienne\/60h-a1\/\" \/>\n<meta property=\"og:site_name\" content=\"Studium J\u0119zyk\u00f3w Obcych\" \/>\n<meta property=\"article:modified_time\" content=\"2025-08-26T18:19:19+00:00\" \/>\n<meta property=\"og:image\" content=\"https:\/\/pb.edu.pl\/sjo\/wp-content\/uploads\/sites\/9\/2023\/08\/IMG_20230518_190435-1024x576.jpg\" \/>\n<meta name=\"twitter:label1\" content=\"Szacowany czas czytania\" \/>\n\t<meta name=\"twitter:data1\" content=\"3 minuty\" \/>\n<script type=\"application\/ld+json\" class=\"yoast-schema-graph\">{\"@context\":\"https:\/\/schema.org\",\"@graph\":[{\"@type\":\"WebPage\",\"@id\":\"https:\/\/pb.edu.pl\/sjo\/polish-lab\/kursy-jezyka-polskiego-jako-obcego-2\/kursy-jesienne\/60h-a1\/\",\"url\":\"https:\/\/pb.edu.pl\/sjo\/polish-lab\/kursy-jezyka-polskiego-jako-obcego-2\/kursy-jesienne\/60h-a1\/\",\"name\":\"60-godzinny kurs A1 - Studium J\u0119zyk\u00f3w Obcych\",\"isPartOf\":{\"@id\":\"https:\/\/pb.edu.pl\/sjo\/#website\"},\"datePublished\":\"2022-02-10T19:14:21+00:00\",\"dateModified\":\"2025-08-26T18:19:19+00:00\",\"description\":\"W semestrze jesiennym 2025\/2026 oferujemy Pa\u0144stwu dwa kursy na poziomie podstawowym: 1. 60-godzinny kurs j\u0119zyka polskiego dla pocz\u0105tkuj\u0105cych - poziom\",\"breadcrumb\":{\"@id\":\"https:\/\/pb.edu.pl\/sjo\/polish-lab\/kursy-jezyka-polskiego-jako-obcego-2\/kursy-jesienne\/60h-a1\/#breadcrumb\"},\"inLanguage\":\"pl-PL\",\"potentialAction\":[{\"@type\":\"ReadAction\",\"target\":[\"https:\/\/pb.edu.pl\/sjo\/polish-lab\/kursy-jezyka-polskiego-jako-obcego-2\/kursy-jesienne\/60h-a1\/\"]}]},{\"@type\":\"BreadcrumbList\",\"@id\":\"https:\/\/pb.edu.pl\/sjo\/polish-lab\/kursy-jezyka-polskiego-jako-obcego-2\/kursy-jesienne\/60h-a1\/#breadcrumb\",\"itemListElement\":[{\"@type\":\"ListItem\",\"position\":1,\"name\":\"Home\",\"item\":\"https:\/\/pb.edu.pl\/sjo\/\"},{\"@type\":\"ListItem\",\"position\":2,\"name\":\"Centrum J\u0119zyka i Kultury Polskiej POLISH LAB\",\"item\":\"https:\/\/pb.edu.pl\/sjo\/polish-lab\/\"},{\"@type\":\"ListItem\",\"position\":3,\"name\":\"Kursy j\u0119zyka polskiego jako obcego\",\"item\":\"https:\/\/pb.edu.pl\/sjo\/polish-lab\/kursy-jezyka-polskiego-jako-obcego-2\/\"},{\"@type\":\"ListItem\",\"position\":4,\"name\":\"Kursy jesienne\",\"item\":\"https:\/\/pb.edu.pl\/sjo\/polish-lab\/kursy-jezyka-polskiego-jako-obcego-2\/kursy-jesienne\/\"},{\"@type\":\"ListItem\",\"position\":5,\"name\":\"60-godzinny kurs A1\"}]},{\"@type\":\"WebSite\",\"@id\":\"https:\/\/pb.edu.pl\/sjo\/#website\",\"url\":\"https:\/\/pb.edu.pl\/sjo\/\",\"name\":\"Studium J\u0119zyk\u00f3w Obcych\",\"description\":\"\",\"potentialAction\":[{\"@type\":\"SearchAction\",\"target\":{\"@type\":\"EntryPoint\",\"urlTemplate\":\"https:\/\/pb.edu.pl\/sjo\/?s={search_term_string}\"},\"query-input\":{\"@type\":\"PropertyValueSpecification\",\"valueRequired\":true,\"valueName\":\"search_term_string\"}}],\"inLanguage\":\"pl-PL\"}]}<\/script>\n<!-- \/ Yoast SEO plugin. -->","yoast_head_json":{"title":"60-godzinny kurs A1 - Studium J\u0119zyk\u00f3w Obcych","description":"W semestrze jesiennym 2025\/2026 oferujemy Pa\u0144stwu dwa kursy na poziomie podstawowym: 1. 60-godzinny kurs j\u0119zyka polskiego dla pocz\u0105tkuj\u0105cych - poziom","robots":{"index":"index","follow":"follow","max-snippet":"max-snippet:-1","max-image-preview":"max-image-preview:large","max-video-preview":"max-video-preview:-1"},"canonical":"https:\/\/pb.edu.pl\/sjo\/polish-lab\/kursy-jezyka-polskiego-jako-obcego-2\/kursy-jesienne\/60h-a1\/","og_locale":"pl_PL","og_type":"article","og_title":"60-godzinny kurs A1 - Studium J\u0119zyk\u00f3w Obcych","og_description":"W semestrze jesiennym 2025\/2026 oferujemy Pa\u0144stwu dwa kursy na poziomie podstawowym: 1. 60-godzinny kurs j\u0119zyka polskiego dla pocz\u0105tkuj\u0105cych - poziom","og_url":"https:\/\/pb.edu.pl\/sjo\/polish-lab\/kursy-jezyka-polskiego-jako-obcego-2\/kursy-jesienne\/60h-a1\/","og_site_name":"Studium J\u0119zyk\u00f3w Obcych","article_modified_time":"2025-08-26T18:19:19+00:00","og_image":[{"url":"https:\/\/pb.edu.pl\/sjo\/wp-content\/uploads\/sites\/9\/2023\/08\/IMG_20230518_190435-1024x576.jpg","type":"","width":"","height":""}],"twitter_misc":{"Szacowany czas czytania":"3 minuty"},"schema":{"@context":"https:\/\/schema.org","@graph":[{"@type":"WebPage","@id":"https:\/\/pb.edu.pl\/sjo\/polish-lab\/kursy-jezyka-polskiego-jako-obcego-2\/kursy-jesienne\/60h-a1\/","url":"https:\/\/pb.edu.pl\/sjo\/polish-lab\/kursy-jezyka-polskiego-jako-obcego-2\/kursy-jesienne\/60h-a1\/","name":"60-godzinny kurs A1 - Studium J\u0119zyk\u00f3w Obcych","isPartOf":{"@id":"https:\/\/pb.edu.pl\/sjo\/#website"},"datePublished":"2022-02-10T19:14:21+00:00","dateModified":"2025-08-26T18:19:19+00:00","description":"W semestrze jesiennym 2025\/2026 oferujemy Pa\u0144stwu dwa kursy na poziomie podstawowym: 1. 60-godzinny kurs j\u0119zyka polskiego dla pocz\u0105tkuj\u0105cych - poziom","breadcrumb":{"@id":"https:\/\/pb.edu.pl\/sjo\/polish-lab\/kursy-jezyka-polskiego-jako-obcego-2\/kursy-jesienne\/60h-a1\/#breadcrumb"},"inLanguage":"pl-PL","potentialAction":[{"@type":"ReadAction","target":["https:\/\/pb.edu.pl\/sjo\/polish-lab\/kursy-jezyka-polskiego-jako-obcego-2\/kursy-jesienne\/60h-a1\/"]}]},{"@type":"BreadcrumbList","@id":"https:\/\/pb.edu.pl\/sjo\/polish-lab\/kursy-jezyka-polskiego-jako-obcego-2\/kursy-jesienne\/60h-a1\/#breadcrumb","itemListElement":[{"@type":"ListItem","position":1,"name":"Home","item":"https:\/\/pb.edu.pl\/sjo\/"},{"@type":"ListItem","position":2,"name":"Centrum J\u0119zyka i Kultury Polskiej POLISH LAB","item":"https:\/\/pb.edu.pl\/sjo\/polish-lab\/"},{"@type":"ListItem","position":3,"name":"Kursy j\u0119zyka polskiego jako obcego","item":"https:\/\/pb.edu.pl\/sjo\/polish-lab\/kursy-jezyka-polskiego-jako-obcego-2\/"},{"@type":"ListItem","position":4,"name":"Kursy jesienne","item":"https:\/\/pb.edu.pl\/sjo\/polish-lab\/kursy-jezyka-polskiego-jako-obcego-2\/kursy-jesienne\/"},{"@type":"ListItem","position":5,"name":"60-godzinny kurs A1"}]},{"@type":"WebSite","@id":"https:\/\/pb.edu.pl\/sjo\/#website","url":"https:\/\/pb.edu.pl\/sjo\/","name":"Studium J\u0119zyk\u00f3w Obcych","description":"","potentialAction":[{"@type":"SearchAction","target":{"@type":"EntryPoint","urlTemplate":"https:\/\/pb.edu.pl\/sjo\/?s={search_term_string}"},"query-input":{"@type":"PropertyValueSpecification","valueRequired":true,"valueName":"search_term_string"}}],"inLanguage":"pl-PL"}]}},"_links":{"self":[{"href":"https:\/\/pb.edu.pl\/sjo\/wp-json\/wp\/v2\/pages\/12471","targetHints":{"allow":["GET"]}}],"collection":[{"href":"https:\/\/pb.edu.pl\/sjo\/wp-json\/wp\/v2\/pages"}],"about":[{"href":"https:\/\/pb.edu.pl\/sjo\/wp-json\/wp\/v2\/types\/page"}],"author":[{"embeddable":true,"href":"https:\/\/pb.edu.pl\/sjo\/wp-json\/wp\/v2\/users\/6"}],"replies":[{"embeddable":true,"href":"https:\/\/pb.edu.pl\/sjo\/wp-json\/wp\/v2\/comments?post=12471"}],"version-history":[{"count":0,"href":"https:\/\/pb.edu.pl\/sjo\/wp-json\/wp\/v2\/pages\/12471\/revisions"}],"up":[{"embeddable":true,"href":"https:\/\/pb.edu.pl\/sjo\/wp-json\/wp\/v2\/pages\/25999"}],"wp:attachment":[{"href":"https:\/\/pb.edu.pl\/sjo\/wp-json\/wp\/v2\/media?parent=12471"}],"curies":[{"name":"wp","href":"https:\/\/api.w.org\/{rel}","templated":true}]}}