{"id":12461,"date":"2022-02-10T19:57:20","date_gmt":"2022-02-10T18:57:20","guid":{"rendered":"https:\/\/pb.edu.pl\/sjo\/?page_id=12461"},"modified":"2025-08-26T20:25:09","modified_gmt":"2025-08-26T18:25:09","slug":"30h-b1-certyfikat","status":"publish","type":"page","link":"https:\/\/pb.edu.pl\/sjo\/polish-lab\/kursy-jezyka-polskiego-jako-obcego-2\/kursy-jesienne\/30h-b1-certyfikat\/","title":{"rendered":"30-godzinny kurs B1 przygotowuj\u0105cy do egzaminu certyfikatowego"},"content":{"rendered":"<p><strong><span style=\"font-family: verdana, geneva, sans-serif;font-size: 12pt\"><span style=\"color: #000000\"><strong>Terminy zaj\u0119\u0107:<\/strong><\/span><\/span><\/strong><strong><span style=\"font-family: verdana, geneva, sans-serif;font-size: 12pt\"><span style=\"color: #000000\"><strong> pa\u017adziernik 2025 &#8211; stycze\u0144 2026 r.&nbsp;<br \/>\n<\/strong><\/span><\/span><\/strong><\/p>\n<p><strong><span style=\"font-family: verdana, geneva, sans-serif;font-size: 12pt\">Termin egzaminu: 14-15 lutego 2026 r.<\/span><\/strong><\/p>\n<p><strong><span style=\"font-family: verdana, geneva, sans-serif;font-size: 12pt;color: #000000\">Rekrutacja od 9 wrze\u015bnia przez elektroniczny formularz rejestracyjny <\/span><a href=\"https:\/\/irk2.uci.pb.edu.pl\/pl\/offer\/KURSY_BEZ_2025_2026\/programme\/POLISH_LAB_KURS_ST_2025_2026_ZIMOWY\/\"><span style=\"font-family: verdana, geneva, sans-serif;font-size: 12pt;color: #0000ff\">IRK<\/span><\/a><span style=\"font-family: verdana, geneva, sans-serif;font-size: 12pt\"><span style=\"color: #000000\"><strong><span style=\"color: #ff0000\"><br \/>\n<\/span><\/strong><\/span><\/span><\/strong><\/p>\n<p>&nbsp;<\/p>\n<p><span style=\"font-family: verdana, geneva, sans-serif;font-size: 12pt\">Zaj\u0119cia prowadzone s\u0105 <strong>raz w tygodniu,<\/strong> w ma\u0142ych grupach, stacjonarnie, ale mo\u017cliwe jest te\u017c utworzenie grupy prowadzonej zdalnie. <\/span><\/p>\n<p><span style=\"font-family: verdana, geneva, sans-serif;font-size: 12pt\">Termin zaj\u0119\u0107 dostosowany do potrzeb s\u0142uchaczy: zwykle w dni robocze w godzinach wieczornych, ale mo\u017cliwe jest r\u00f3wnie\u017c prowadzenie zaj\u0119\u0107 w soboty przed po\u0142udniem.<br \/>\n<\/span><\/p>\n<p><span style=\"font-family: verdana, geneva, sans-serif;font-size: 12pt\">Cena zale\u017cy od liczby os\u00f3b: w grupie 8-10-osobowej wynosi 820 z\u0142. Oferujemy zni\u017cki przy p\u0142atno\u015bci jednorazowej z g\u00f3ry oraz za kontynuacj\u0119 nauki w naszym o\u015brodku. Je\u015bli jeste\u015b zainteresowany zaj\u0119ciami z j\u0119zyka polskiego, napisz do nas na <a href=\"mailto:kursypl@pb.edu.pl\">kursypl@pb.edu.pl<\/a>.&nbsp;<\/span><\/p>\n<p><span style=\"font-family: verdana, geneva, sans-serif;font-size: 12pt\">Podczas kursu rozwijane s\u0105 wszystkie umiej\u0119tno\u015bci j\u0119zykowe, kt\u00f3re testowane s\u0105 na pa\u0144stwowym egzaminie z j\u0119zyka polskiego jako obcego. <\/span><\/p>\n<p><span style=\"font-family: verdana, geneva, sans-serif;font-size: 12pt\">Wymagany poziom znajomo\u015bci j\u0119zyka polskiego: A2+. Kandydaci przejd\u0105 kwalifikacj\u0119 w formie pisemnej, mo\u017cliwy b\u0119dzie r\u00f3wnie\u017c test kompetencji j\u0119zykowej.&nbsp; <\/span><\/p>\n<p><span style=\"font-family: verdana, geneva, sans-serif;font-size: 12pt\">Lektorem jest osoba posiadaj\u0105ca kwalifikacje egzaminatora. <\/span><\/p>\n<p><span style=\"font-family: verdana, geneva, sans-serif;font-size: 12pt\"><a href=\"https:\/\/pb.edu.pl\/sjo\/wp-content\/uploads\/sites\/9\/2021\/03\/PROGRAM-KURSU-B1.pdf\">PROGRAM KURS<span style=\"font-size: 8pt;font-family: terminal, monaco, monospace\"><span style=\"font-size: 12pt\">U B<\/span>1<\/span><\/a><\/span><\/p>\n<p>&nbsp;<\/p>\n<p><span style=\"color: #696666;font-family: verdana, geneva, sans-serif;font-size: 12pt\"><strong>30-hour course at B1 level preparing for the state examination in Polish language <\/strong><\/span><\/p>\n<p><span style=\"color: #696666;font-family: verdana, geneva, sans-serif;font-size: 12pt\"><strong>Duration<\/strong><\/span><span style=\"color: #696666;font-family: verdana, geneva, sans-serif;font-size: 12pt\"><strong>:&nbsp; October<\/strong><\/span><span style=\"color: #696666;font-family: verdana, geneva, sans-serif;font-size: 12pt\"><strong> 2025 &#8211; January 2026<\/strong><\/span><\/p>\n<p><span style=\"color: #808080\"><strong><span style=\"font-family: verdana, geneva, sans-serif;font-size: 12pt\">Examination date: 14-15 February 2026<\/span><\/strong><\/span><\/p>\n<p><span style=\"color: #808080\"><strong><span style=\"font-family: verdana, geneva, sans-serif;font-size: 12pt\"><span style=\"color: #000000\">Enrollment will start on 9 September through electronic registration platform: <a href=\"https:\/\/irk2.uci.pb.edu.pl\/en-gb\/offer\/KURSY_BEZ_2025_2026\/programme\/POLISH_LAB_KURS_ST_2025_2026_ZIMOWY\/\"><span style=\"color: #0000ff\">IRK<\/span><\/a><\/span><br \/>\n<\/span><\/strong><\/span><\/p>\n<p>&nbsp;<\/p>\n<p><span style=\"font-family: verdana, geneva, sans-serif;font-size: 12pt\">Classes are held once a week, in small groups, on site, but it is also possible to create a group taught remotely.<\/span><\/p>\n<p><span style=\"font-family: verdana, geneva, sans-serif;font-size: 12pt\">Timing of classes adapted to the needs of the students: usually on weekdays in the evening, but it is also possible to run classes on Saturdays before noon.<\/span><\/p>\n<p><span style=\"color: #696666;font-family: verdana, geneva, sans-serif;font-size: 12pt\">The course includes developing all language skills that are tested at the national examination: listening, reading, grammar, writing and speaking. <\/span><\/p>\n<p><span style=\"color: #696666;font-family: verdana, geneva, sans-serif;font-size: 12pt\">Required level of competence in Polish: A2+. Candidates will undergo a written qualification; a language competency test will also be possible.&nbsp;<br \/>\n<\/span><\/p>\n<p><span style=\"color: #6b6969\"><span style=\"font-family: verdana, geneva, sans-serif;font-size: 12pt\">The fee depends on the number of participants: in a group of 8-10 students it is 820 PLN. Discounts apply for one-time payment in advance and for continued study at our center.<\/span><\/span><\/p>\n<p><span style=\"color: #6b6969\"><span style=\"font-size: 12pt\">Course program<\/span><span style=\"font-size: 12pt\"> can be found in Polish language above.<\/span><\/span><\/p>\n<p><span style=\"font-family: verdana, geneva, sans-serif;font-size: 12pt\">&nbsp;<\/span><\/p>\n<p><span style=\"font-size: 12pt\">&nbsp;<\/span><\/p>\n<div id='gallery-1' class='gallery galleryid-12461 gallery-columns-3 gallery-size-large'><figure class='gallery-item'>\n\t\t\t<div class='gallery-icon landscape'>\n\t\t\t\t<a href='https:\/\/pb.edu.pl\/sjo\/polish-lab\/kursy-jezyka-polskiego-jako-obcego-2\/kursy-jesienne\/30h-b1-certyfikat\/20230610_135902\/'><img loading=\"lazy\" decoding=\"async\" width=\"1024\" height=\"592\" src=\"https:\/\/pb.edu.pl\/sjo\/wp-content\/uploads\/sites\/9\/2023\/08\/20230610_135902-1024x592.jpg\" class=\"attachment-large size-large\" alt=\"\" srcset=\"https:\/\/pb.edu.pl\/sjo\/wp-content\/uploads\/sites\/9\/2023\/08\/20230610_135902-1024x592.jpg 1024w, https:\/\/pb.edu.pl\/sjo\/wp-content\/uploads\/sites\/9\/2023\/08\/20230610_135902-300x174.jpg 300w, https:\/\/pb.edu.pl\/sjo\/wp-content\/uploads\/sites\/9\/2023\/08\/20230610_135902-768x444.jpg 768w, https:\/\/pb.edu.pl\/sjo\/wp-content\/uploads\/sites\/9\/2023\/08\/20230610_135902-1536x889.jpg 1536w, https:\/\/pb.edu.pl\/sjo\/wp-content\/uploads\/sites\/9\/2023\/08\/20230610_135902-2048x1185.jpg 2048w\" sizes=\"auto, (max-width: 1024px) 100vw, 1024px\" \/><\/a>\n\t\t\t<\/div><\/figure><figure class='gallery-item'>\n\t\t\t<div class='gallery-icon landscape'>\n\t\t\t\t<a href='https:\/\/pb.edu.pl\/sjo\/polish-lab\/kursy-jezyka-polskiego-jako-obcego-2\/kursy-jesienne\/30h-b1-certyfikat\/20230610_140200-1\/'><img loading=\"lazy\" decoding=\"async\" width=\"1024\" height=\"576\" src=\"https:\/\/pb.edu.pl\/sjo\/wp-content\/uploads\/sites\/9\/2023\/08\/20230610_140200-1-1024x576.jpg\" class=\"attachment-large size-large\" alt=\"\" srcset=\"https:\/\/pb.edu.pl\/sjo\/wp-content\/uploads\/sites\/9\/2023\/08\/20230610_140200-1-1024x576.jpg 1024w, https:\/\/pb.edu.pl\/sjo\/wp-content\/uploads\/sites\/9\/2023\/08\/20230610_140200-1-300x169.jpg 300w, https:\/\/pb.edu.pl\/sjo\/wp-content\/uploads\/sites\/9\/2023\/08\/20230610_140200-1-768x432.jpg 768w, https:\/\/pb.edu.pl\/sjo\/wp-content\/uploads\/sites\/9\/2023\/08\/20230610_140200-1-1536x864.jpg 1536w, https:\/\/pb.edu.pl\/sjo\/wp-content\/uploads\/sites\/9\/2023\/08\/20230610_140200-1-2048x1152.jpg 2048w\" sizes=\"auto, (max-width: 1024px) 100vw, 1024px\" \/><\/a>\n\t\t\t<\/div><\/figure><figure class='gallery-item'>\n\t\t\t<div class='gallery-icon landscape'>\n\t\t\t\t<a href='https:\/\/pb.edu.pl\/sjo\/polish-lab\/kursy-jezyka-polskiego-jako-obcego-2\/kursy-jesienne\/30h-b1-certyfikat\/20230610_140038\/'><img loading=\"lazy\" decoding=\"async\" width=\"1024\" height=\"576\" src=\"https:\/\/pb.edu.pl\/sjo\/wp-content\/uploads\/sites\/9\/2023\/08\/20230610_140038-1024x576.jpg\" class=\"attachment-large size-large\" alt=\"\" srcset=\"https:\/\/pb.edu.pl\/sjo\/wp-content\/uploads\/sites\/9\/2023\/08\/20230610_140038-1024x576.jpg 1024w, https:\/\/pb.edu.pl\/sjo\/wp-content\/uploads\/sites\/9\/2023\/08\/20230610_140038-300x169.jpg 300w, https:\/\/pb.edu.pl\/sjo\/wp-content\/uploads\/sites\/9\/2023\/08\/20230610_140038-768x432.jpg 768w, https:\/\/pb.edu.pl\/sjo\/wp-content\/uploads\/sites\/9\/2023\/08\/20230610_140038-1536x864.jpg 1536w, https:\/\/pb.edu.pl\/sjo\/wp-content\/uploads\/sites\/9\/2023\/08\/20230610_140038-2048x1152.jpg 2048w\" sizes=\"auto, (max-width: 1024px) 100vw, 1024px\" \/><\/a>\n\t\t\t<\/div><\/figure><figure class='gallery-item'>\n\t\t\t<div class='gallery-icon landscape'>\n\t\t\t\t<a href='https:\/\/pb.edu.pl\/sjo\/polish-lab\/kursy-jezyka-polskiego-jako-obcego-2\/kursy-jesienne\/30h-b1-certyfikat\/20230610_140009-1\/'><img loading=\"lazy\" decoding=\"async\" width=\"1024\" height=\"576\" src=\"https:\/\/pb.edu.pl\/sjo\/wp-content\/uploads\/sites\/9\/2023\/08\/20230610_140009-1-1024x576.jpg\" class=\"attachment-large size-large\" alt=\"\" srcset=\"https:\/\/pb.edu.pl\/sjo\/wp-content\/uploads\/sites\/9\/2023\/08\/20230610_140009-1-1024x576.jpg 1024w, https:\/\/pb.edu.pl\/sjo\/wp-content\/uploads\/sites\/9\/2023\/08\/20230610_140009-1-300x169.jpg 300w, https:\/\/pb.edu.pl\/sjo\/wp-content\/uploads\/sites\/9\/2023\/08\/20230610_140009-1-768x432.jpg 768w, https:\/\/pb.edu.pl\/sjo\/wp-content\/uploads\/sites\/9\/2023\/08\/20230610_140009-1-1536x864.jpg 1536w, https:\/\/pb.edu.pl\/sjo\/wp-content\/uploads\/sites\/9\/2023\/08\/20230610_140009-1-2048x1152.jpg 2048w\" sizes=\"auto, (max-width: 1024px) 100vw, 1024px\" \/><\/a>\n\t\t\t<\/div><\/figure><figure class='gallery-item'>\n\t\t\t<div class='gallery-icon landscape'>\n\t\t\t\t<a href='https:\/\/pb.edu.pl\/sjo\/polish-lab\/kursy-jezyka-polskiego-jako-obcego-2\/kursy-jesienne\/30h-b1-certyfikat\/20230610_125620\/'><img loading=\"lazy\" decoding=\"async\" width=\"1024\" height=\"576\" src=\"https:\/\/pb.edu.pl\/sjo\/wp-content\/uploads\/sites\/9\/2023\/08\/20230610_125620-1024x576.jpg\" class=\"attachment-large size-large\" alt=\"\" srcset=\"https:\/\/pb.edu.pl\/sjo\/wp-content\/uploads\/sites\/9\/2023\/08\/20230610_125620-1024x576.jpg 1024w, https:\/\/pb.edu.pl\/sjo\/wp-content\/uploads\/sites\/9\/2023\/08\/20230610_125620-300x169.jpg 300w, https:\/\/pb.edu.pl\/sjo\/wp-content\/uploads\/sites\/9\/2023\/08\/20230610_125620-768x432.jpg 768w, https:\/\/pb.edu.pl\/sjo\/wp-content\/uploads\/sites\/9\/2023\/08\/20230610_125620-1536x864.jpg 1536w, https:\/\/pb.edu.pl\/sjo\/wp-content\/uploads\/sites\/9\/2023\/08\/20230610_125620-2048x1152.jpg 2048w\" sizes=\"auto, (max-width: 1024px) 100vw, 1024px\" \/><\/a>\n\t\t\t<\/div><\/figure><figure class='gallery-item'>\n\t\t\t<div class='gallery-icon landscape'>\n\t\t\t\t<a href='https:\/\/pb.edu.pl\/sjo\/polish-lab\/kursy-jezyka-polskiego-jako-obcego-2\/kursy-jesienne\/30h-b1-certyfikat\/20230610_113715\/'><img loading=\"lazy\" decoding=\"async\" width=\"1024\" height=\"576\" src=\"https:\/\/pb.edu.pl\/sjo\/wp-content\/uploads\/sites\/9\/2023\/08\/20230610_113715-1024x576.jpg\" class=\"attachment-large size-large\" alt=\"grupa os\u00f3b doros\u0142ych trzymaj\u0105ca w r\u0119kach certyfikaty\" srcset=\"https:\/\/pb.edu.pl\/sjo\/wp-content\/uploads\/sites\/9\/2023\/08\/20230610_113715-1024x576.jpg 1024w, https:\/\/pb.edu.pl\/sjo\/wp-content\/uploads\/sites\/9\/2023\/08\/20230610_113715-300x169.jpg 300w, https:\/\/pb.edu.pl\/sjo\/wp-content\/uploads\/sites\/9\/2023\/08\/20230610_113715-768x432.jpg 768w, https:\/\/pb.edu.pl\/sjo\/wp-content\/uploads\/sites\/9\/2023\/08\/20230610_113715-1536x864.jpg 1536w, https:\/\/pb.edu.pl\/sjo\/wp-content\/uploads\/sites\/9\/2023\/08\/20230610_113715-2048x1152.jpg 2048w\" sizes=\"auto, (max-width: 1024px) 100vw, 1024px\" \/><\/a>\n\t\t\t<\/div><\/figure><figure class='gallery-item'>\n\t\t\t<div class='gallery-icon landscape'>\n\t\t\t\t<a href='https:\/\/pb.edu.pl\/sjo\/polish-lab\/kursy-jezyka-polskiego-jako-obcego-2\/kursy-jesienne\/30h-b1-certyfikat\/20230610_140421\/'><img loading=\"lazy\" decoding=\"async\" width=\"1024\" height=\"768\" src=\"https:\/\/pb.edu.pl\/sjo\/wp-content\/uploads\/sites\/9\/2023\/08\/20230610_140421-1024x768.jpg\" class=\"attachment-large size-large\" alt=\"\" srcset=\"https:\/\/pb.edu.pl\/sjo\/wp-content\/uploads\/sites\/9\/2023\/08\/20230610_140421-1024x768.jpg 1024w, https:\/\/pb.edu.pl\/sjo\/wp-content\/uploads\/sites\/9\/2023\/08\/20230610_140421-300x225.jpg 300w, https:\/\/pb.edu.pl\/sjo\/wp-content\/uploads\/sites\/9\/2023\/08\/20230610_140421-768x576.jpg 768w, https:\/\/pb.edu.pl\/sjo\/wp-content\/uploads\/sites\/9\/2023\/08\/20230610_140421-1536x1152.jpg 1536w, https:\/\/pb.edu.pl\/sjo\/wp-content\/uploads\/sites\/9\/2023\/08\/20230610_140421-2048x1536.jpg 2048w\" sizes=\"auto, (max-width: 1024px) 100vw, 1024px\" \/><\/a>\n\t\t\t<\/div><\/figure><figure class='gallery-item'>\n\t\t\t<div class='gallery-icon portrait'>\n\t\t\t\t<a href='https:\/\/pb.edu.pl\/sjo\/polish-lab\/kursy-jezyka-polskiego-jako-obcego-2\/kursy-jesienne\/30h-b1-certyfikat\/20230610_150358\/'><img loading=\"lazy\" decoding=\"async\" width=\"768\" height=\"1024\" src=\"https:\/\/pb.edu.pl\/sjo\/wp-content\/uploads\/sites\/9\/2023\/08\/20230610_150358-768x1024.jpg\" class=\"attachment-large size-large\" alt=\"\" srcset=\"https:\/\/pb.edu.pl\/sjo\/wp-content\/uploads\/sites\/9\/2023\/08\/20230610_150358-768x1024.jpg 768w, https:\/\/pb.edu.pl\/sjo\/wp-content\/uploads\/sites\/9\/2023\/08\/20230610_150358-225x300.jpg 225w, https:\/\/pb.edu.pl\/sjo\/wp-content\/uploads\/sites\/9\/2023\/08\/20230610_150358-1152x1536.jpg 1152w, https:\/\/pb.edu.pl\/sjo\/wp-content\/uploads\/sites\/9\/2023\/08\/20230610_150358-1536x2048.jpg 1536w, https:\/\/pb.edu.pl\/sjo\/wp-content\/uploads\/sites\/9\/2023\/08\/20230610_150358-scaled.jpg 1920w\" sizes=\"auto, (max-width: 768px) 100vw, 768px\" \/><\/a>\n\t\t\t<\/div><\/figure>\n\t\t<\/div>\n\n<p><em><span style=\"font-size: 10pt\">&nbsp;<\/span><\/em><\/p>\n","protected":false},"excerpt":{"rendered":"<p>Terminy zaj\u0119\u0107: pa\u017adziernik 2025 &#8211; stycze\u0144 2026 r.&nbsp; Termin egzaminu: 14-15 lutego 2026 r. Rekrutacja<\/p>\n","protected":false},"author":6,"featured_media":0,"parent":25999,"menu_order":0,"comment_status":"closed","ping_status":"closed","template":"","meta":{"_acf_changed":false,"ngg_post_thumbnail":0,"footnotes":""},"class_list":["post-12461","page","type-page","status-publish","hentry"],"acf":[],"yoast_head":"<!-- This site is optimized with the Yoast SEO plugin v27.0 - https:\/\/yoast.com\/product\/yoast-seo-wordpress\/ -->\n<title>30-godzinny kurs B1 przygotowuj\u0105cy do egzaminu certyfikatowego - Studium J\u0119zyk\u00f3w Obcych<\/title>\n<meta name=\"description\" content=\"Terminy zaj\u0119\u0107: pa\u017adziernik 2025 - stycze\u0144 2026 r.&nbsp; Termin egzaminu: 14-15 lutego 2026 r. Rekrutacja od 9 wrze\u015bnia przez elektroniczny formularz\" \/>\n<meta name=\"robots\" content=\"index, follow, max-snippet:-1, max-image-preview:large, max-video-preview:-1\" \/>\n<link rel=\"canonical\" href=\"https:\/\/pb.edu.pl\/sjo\/polish-lab\/kursy-jezyka-polskiego-jako-obcego-2\/kursy-jesienne\/30h-b1-certyfikat\/\" \/>\n<meta property=\"og:locale\" content=\"pl_PL\" \/>\n<meta property=\"og:type\" content=\"article\" \/>\n<meta property=\"og:title\" content=\"30-godzinny kurs B1 przygotowuj\u0105cy do egzaminu certyfikatowego - Studium J\u0119zyk\u00f3w Obcych\" \/>\n<meta property=\"og:description\" content=\"Terminy zaj\u0119\u0107: pa\u017adziernik 2025 - stycze\u0144 2026 r.&nbsp; Termin egzaminu: 14-15 lutego 2026 r. Rekrutacja od 9 wrze\u015bnia przez elektroniczny formularz\" \/>\n<meta property=\"og:url\" content=\"https:\/\/pb.edu.pl\/sjo\/polish-lab\/kursy-jezyka-polskiego-jako-obcego-2\/kursy-jesienne\/30h-b1-certyfikat\/\" \/>\n<meta property=\"og:site_name\" content=\"Studium J\u0119zyk\u00f3w Obcych\" \/>\n<meta property=\"article:modified_time\" content=\"2025-08-26T18:25:09+00:00\" \/>\n<meta property=\"og:image\" content=\"https:\/\/pb.edu.pl\/sjo\/wp-content\/uploads\/sites\/9\/2023\/08\/20230610_135902-1024x592.jpg\" \/>\n<meta name=\"twitter:label1\" content=\"Szacowany czas czytania\" \/>\n\t<meta name=\"twitter:data1\" content=\"2 minuty\" \/>\n<script type=\"application\/ld+json\" class=\"yoast-schema-graph\">{\"@context\":\"https:\/\/schema.org\",\"@graph\":[{\"@type\":\"WebPage\",\"@id\":\"https:\/\/pb.edu.pl\/sjo\/polish-lab\/kursy-jezyka-polskiego-jako-obcego-2\/kursy-jesienne\/30h-b1-certyfikat\/\",\"url\":\"https:\/\/pb.edu.pl\/sjo\/polish-lab\/kursy-jezyka-polskiego-jako-obcego-2\/kursy-jesienne\/30h-b1-certyfikat\/\",\"name\":\"30-godzinny kurs B1 przygotowuj\u0105cy do egzaminu certyfikatowego - Studium J\u0119zyk\u00f3w Obcych\",\"isPartOf\":{\"@id\":\"https:\/\/pb.edu.pl\/sjo\/#website\"},\"datePublished\":\"2022-02-10T18:57:20+00:00\",\"dateModified\":\"2025-08-26T18:25:09+00:00\",\"description\":\"Terminy zaj\u0119\u0107: pa\u017adziernik 2025 - stycze\u0144 2026 r.&nbsp; Termin egzaminu: 14-15 lutego 2026 r. Rekrutacja od 9 wrze\u015bnia przez elektroniczny formularz\",\"breadcrumb\":{\"@id\":\"https:\/\/pb.edu.pl\/sjo\/polish-lab\/kursy-jezyka-polskiego-jako-obcego-2\/kursy-jesienne\/30h-b1-certyfikat\/#breadcrumb\"},\"inLanguage\":\"pl-PL\",\"potentialAction\":[{\"@type\":\"ReadAction\",\"target\":[\"https:\/\/pb.edu.pl\/sjo\/polish-lab\/kursy-jezyka-polskiego-jako-obcego-2\/kursy-jesienne\/30h-b1-certyfikat\/\"]}]},{\"@type\":\"BreadcrumbList\",\"@id\":\"https:\/\/pb.edu.pl\/sjo\/polish-lab\/kursy-jezyka-polskiego-jako-obcego-2\/kursy-jesienne\/30h-b1-certyfikat\/#breadcrumb\",\"itemListElement\":[{\"@type\":\"ListItem\",\"position\":1,\"name\":\"Home\",\"item\":\"https:\/\/pb.edu.pl\/sjo\/\"},{\"@type\":\"ListItem\",\"position\":2,\"name\":\"Centrum J\u0119zyka i Kultury Polskiej POLISH LAB\",\"item\":\"https:\/\/pb.edu.pl\/sjo\/polish-lab\/\"},{\"@type\":\"ListItem\",\"position\":3,\"name\":\"Kursy j\u0119zyka polskiego jako obcego\",\"item\":\"https:\/\/pb.edu.pl\/sjo\/polish-lab\/kursy-jezyka-polskiego-jako-obcego-2\/\"},{\"@type\":\"ListItem\",\"position\":4,\"name\":\"Kursy jesienne\",\"item\":\"https:\/\/pb.edu.pl\/sjo\/polish-lab\/kursy-jezyka-polskiego-jako-obcego-2\/kursy-jesienne\/\"},{\"@type\":\"ListItem\",\"position\":5,\"name\":\"30-godzinny kurs B1 przygotowuj\u0105cy do egzaminu certyfikatowego\"}]},{\"@type\":\"WebSite\",\"@id\":\"https:\/\/pb.edu.pl\/sjo\/#website\",\"url\":\"https:\/\/pb.edu.pl\/sjo\/\",\"name\":\"Studium J\u0119zyk\u00f3w Obcych\",\"description\":\"\",\"potentialAction\":[{\"@type\":\"SearchAction\",\"target\":{\"@type\":\"EntryPoint\",\"urlTemplate\":\"https:\/\/pb.edu.pl\/sjo\/?s={search_term_string}\"},\"query-input\":{\"@type\":\"PropertyValueSpecification\",\"valueRequired\":true,\"valueName\":\"search_term_string\"}}],\"inLanguage\":\"pl-PL\"}]}<\/script>\n<!-- \/ Yoast SEO plugin. -->","yoast_head_json":{"title":"30-godzinny kurs B1 przygotowuj\u0105cy do egzaminu certyfikatowego - Studium J\u0119zyk\u00f3w Obcych","description":"Terminy zaj\u0119\u0107: pa\u017adziernik 2025 - stycze\u0144 2026 r.&nbsp; Termin egzaminu: 14-15 lutego 2026 r. Rekrutacja od 9 wrze\u015bnia przez elektroniczny formularz","robots":{"index":"index","follow":"follow","max-snippet":"max-snippet:-1","max-image-preview":"max-image-preview:large","max-video-preview":"max-video-preview:-1"},"canonical":"https:\/\/pb.edu.pl\/sjo\/polish-lab\/kursy-jezyka-polskiego-jako-obcego-2\/kursy-jesienne\/30h-b1-certyfikat\/","og_locale":"pl_PL","og_type":"article","og_title":"30-godzinny kurs B1 przygotowuj\u0105cy do egzaminu certyfikatowego - Studium J\u0119zyk\u00f3w Obcych","og_description":"Terminy zaj\u0119\u0107: pa\u017adziernik 2025 - stycze\u0144 2026 r.&nbsp; Termin egzaminu: 14-15 lutego 2026 r. Rekrutacja od 9 wrze\u015bnia przez elektroniczny formularz","og_url":"https:\/\/pb.edu.pl\/sjo\/polish-lab\/kursy-jezyka-polskiego-jako-obcego-2\/kursy-jesienne\/30h-b1-certyfikat\/","og_site_name":"Studium J\u0119zyk\u00f3w Obcych","article_modified_time":"2025-08-26T18:25:09+00:00","og_image":[{"url":"https:\/\/pb.edu.pl\/sjo\/wp-content\/uploads\/sites\/9\/2023\/08\/20230610_135902-1024x592.jpg","type":"","width":"","height":""}],"twitter_misc":{"Szacowany czas czytania":"2 minuty"},"schema":{"@context":"https:\/\/schema.org","@graph":[{"@type":"WebPage","@id":"https:\/\/pb.edu.pl\/sjo\/polish-lab\/kursy-jezyka-polskiego-jako-obcego-2\/kursy-jesienne\/30h-b1-certyfikat\/","url":"https:\/\/pb.edu.pl\/sjo\/polish-lab\/kursy-jezyka-polskiego-jako-obcego-2\/kursy-jesienne\/30h-b1-certyfikat\/","name":"30-godzinny kurs B1 przygotowuj\u0105cy do egzaminu certyfikatowego - Studium J\u0119zyk\u00f3w Obcych","isPartOf":{"@id":"https:\/\/pb.edu.pl\/sjo\/#website"},"datePublished":"2022-02-10T18:57:20+00:00","dateModified":"2025-08-26T18:25:09+00:00","description":"Terminy zaj\u0119\u0107: pa\u017adziernik 2025 - stycze\u0144 2026 r.&nbsp; Termin egzaminu: 14-15 lutego 2026 r. Rekrutacja od 9 wrze\u015bnia przez elektroniczny formularz","breadcrumb":{"@id":"https:\/\/pb.edu.pl\/sjo\/polish-lab\/kursy-jezyka-polskiego-jako-obcego-2\/kursy-jesienne\/30h-b1-certyfikat\/#breadcrumb"},"inLanguage":"pl-PL","potentialAction":[{"@type":"ReadAction","target":["https:\/\/pb.edu.pl\/sjo\/polish-lab\/kursy-jezyka-polskiego-jako-obcego-2\/kursy-jesienne\/30h-b1-certyfikat\/"]}]},{"@type":"BreadcrumbList","@id":"https:\/\/pb.edu.pl\/sjo\/polish-lab\/kursy-jezyka-polskiego-jako-obcego-2\/kursy-jesienne\/30h-b1-certyfikat\/#breadcrumb","itemListElement":[{"@type":"ListItem","position":1,"name":"Home","item":"https:\/\/pb.edu.pl\/sjo\/"},{"@type":"ListItem","position":2,"name":"Centrum J\u0119zyka i Kultury Polskiej POLISH LAB","item":"https:\/\/pb.edu.pl\/sjo\/polish-lab\/"},{"@type":"ListItem","position":3,"name":"Kursy j\u0119zyka polskiego jako obcego","item":"https:\/\/pb.edu.pl\/sjo\/polish-lab\/kursy-jezyka-polskiego-jako-obcego-2\/"},{"@type":"ListItem","position":4,"name":"Kursy jesienne","item":"https:\/\/pb.edu.pl\/sjo\/polish-lab\/kursy-jezyka-polskiego-jako-obcego-2\/kursy-jesienne\/"},{"@type":"ListItem","position":5,"name":"30-godzinny kurs B1 przygotowuj\u0105cy do egzaminu certyfikatowego"}]},{"@type":"WebSite","@id":"https:\/\/pb.edu.pl\/sjo\/#website","url":"https:\/\/pb.edu.pl\/sjo\/","name":"Studium J\u0119zyk\u00f3w Obcych","description":"","potentialAction":[{"@type":"SearchAction","target":{"@type":"EntryPoint","urlTemplate":"https:\/\/pb.edu.pl\/sjo\/?s={search_term_string}"},"query-input":{"@type":"PropertyValueSpecification","valueRequired":true,"valueName":"search_term_string"}}],"inLanguage":"pl-PL"}]}},"_links":{"self":[{"href":"https:\/\/pb.edu.pl\/sjo\/wp-json\/wp\/v2\/pages\/12461","targetHints":{"allow":["GET"]}}],"collection":[{"href":"https:\/\/pb.edu.pl\/sjo\/wp-json\/wp\/v2\/pages"}],"about":[{"href":"https:\/\/pb.edu.pl\/sjo\/wp-json\/wp\/v2\/types\/page"}],"author":[{"embeddable":true,"href":"https:\/\/pb.edu.pl\/sjo\/wp-json\/wp\/v2\/users\/6"}],"replies":[{"embeddable":true,"href":"https:\/\/pb.edu.pl\/sjo\/wp-json\/wp\/v2\/comments?post=12461"}],"version-history":[{"count":0,"href":"https:\/\/pb.edu.pl\/sjo\/wp-json\/wp\/v2\/pages\/12461\/revisions"}],"up":[{"embeddable":true,"href":"https:\/\/pb.edu.pl\/sjo\/wp-json\/wp\/v2\/pages\/25999"}],"wp:attachment":[{"href":"https:\/\/pb.edu.pl\/sjo\/wp-json\/wp\/v2\/media?parent=12461"}],"curies":[{"name":"wp","href":"https:\/\/api.w.org\/{rel}","templated":true}]}}