{"id":12348,"date":"2022-02-09T09:02:46","date_gmt":"2022-02-09T08:02:46","guid":{"rendered":"https:\/\/pb.edu.pl\/sjo\/?page_id=12348"},"modified":"2025-05-27T10:53:07","modified_gmt":"2025-05-27T08:53:07","slug":"warsztaty-pisania-ikon","status":"publish","type":"page","link":"https:\/\/pb.edu.pl\/sjo\/polish-lab\/wydarzenia-kulturalne\/warsztaty-kulturowe\/warsztaty-pisania-ikon\/","title":{"rendered":"Warsztaty pisania ikon"},"content":{"rendered":"<p><span style=\"font-family: verdana, geneva, sans-serif;font-size: 12pt\">Zaj\u0119cia wyjazdowe, organizowane w Muzeum Ikon, kt\u00f3re dzia\u0142a w zabudowaniach m\u0119skiego klasztoru prawos\u0142awnego pw. Zwiastowania Naj\u015bwi\u0119tszej Maryi Panny w Supra\u015blu, nieopodal Bia\u0142egostoku. Jest to obecnie oddzia\u0142 Muzeum Podlaskiego w Bia\u0142ymstoku.<\/span><\/p>\n<p><span style=\"font-family: verdana, geneva, sans-serif;font-size: 12pt\">Studenci poznaj\u0105 tam etapy tworzenia i tajniki pisania ikon, oraz w\u0142asnor\u0119cznie maluj\u0105 ikony, kt\u00f3re bywaj\u0105 ma\u0142ymi dzie\u0142ami sztuki.<\/span><\/p>\n<div id='gallery-1' class='gallery galleryid-12348 gallery-columns-3 gallery-size-full'><figure class='gallery-item'>\n\t\t\t<div class='gallery-icon portrait'>\n\t\t\t\t<a href='https:\/\/pb.edu.pl\/sjo\/wp-content\/uploads\/sites\/9\/2020\/09\/warsztaty-pisania-ikon3.jpg'><img loading=\"lazy\" decoding=\"async\" width=\"1080\" height=\"1620\" src=\"https:\/\/pb.edu.pl\/sjo\/wp-content\/uploads\/sites\/9\/2020\/09\/warsztaty-pisania-ikon3.jpg\" class=\"attachment-full size-full\" alt=\"\" srcset=\"https:\/\/pb.edu.pl\/sjo\/wp-content\/uploads\/sites\/9\/2020\/09\/warsztaty-pisania-ikon3.jpg 1080w, https:\/\/pb.edu.pl\/sjo\/wp-content\/uploads\/sites\/9\/2020\/09\/warsztaty-pisania-ikon3-200x300.jpg 200w, https:\/\/pb.edu.pl\/sjo\/wp-content\/uploads\/sites\/9\/2020\/09\/warsztaty-pisania-ikon3-683x1024.jpg 683w, https:\/\/pb.edu.pl\/sjo\/wp-content\/uploads\/sites\/9\/2020\/09\/warsztaty-pisania-ikon3-768x1152.jpg 768w, https:\/\/pb.edu.pl\/sjo\/wp-content\/uploads\/sites\/9\/2020\/09\/warsztaty-pisania-ikon3-1024x1536.jpg 1024w\" sizes=\"auto, (max-width: 1080px) 100vw, 1080px\" \/><\/a>\n\t\t\t<\/div><\/figure><figure class='gallery-item'>\n\t\t\t<div class='gallery-icon portrait'>\n\t\t\t\t<a href='https:\/\/pb.edu.pl\/sjo\/wp-content\/uploads\/sites\/9\/2020\/09\/warsztaty-pisania-ikon1.jpg'><img loading=\"lazy\" decoding=\"async\" width=\"1080\" height=\"1620\" src=\"https:\/\/pb.edu.pl\/sjo\/wp-content\/uploads\/sites\/9\/2020\/09\/warsztaty-pisania-ikon1.jpg\" class=\"attachment-full size-full\" alt=\"\" srcset=\"https:\/\/pb.edu.pl\/sjo\/wp-content\/uploads\/sites\/9\/2020\/09\/warsztaty-pisania-ikon1.jpg 1080w, https:\/\/pb.edu.pl\/sjo\/wp-content\/uploads\/sites\/9\/2020\/09\/warsztaty-pisania-ikon1-200x300.jpg 200w, https:\/\/pb.edu.pl\/sjo\/wp-content\/uploads\/sites\/9\/2020\/09\/warsztaty-pisania-ikon1-683x1024.jpg 683w, https:\/\/pb.edu.pl\/sjo\/wp-content\/uploads\/sites\/9\/2020\/09\/warsztaty-pisania-ikon1-768x1152.jpg 768w, https:\/\/pb.edu.pl\/sjo\/wp-content\/uploads\/sites\/9\/2020\/09\/warsztaty-pisania-ikon1-1024x1536.jpg 1024w\" sizes=\"auto, (max-width: 1080px) 100vw, 1080px\" \/><\/a>\n\t\t\t<\/div><\/figure><figure class='gallery-item'>\n\t\t\t<div class='gallery-icon portrait'>\n\t\t\t\t<a href='https:\/\/pb.edu.pl\/sjo\/wp-content\/uploads\/sites\/9\/2020\/09\/warsztaty-pisania-ikon2.jpg'><img loading=\"lazy\" decoding=\"async\" width=\"1080\" height=\"1620\" src=\"https:\/\/pb.edu.pl\/sjo\/wp-content\/uploads\/sites\/9\/2020\/09\/warsztaty-pisania-ikon2.jpg\" class=\"attachment-full size-full\" alt=\"\" srcset=\"https:\/\/pb.edu.pl\/sjo\/wp-content\/uploads\/sites\/9\/2020\/09\/warsztaty-pisania-ikon2.jpg 1080w, https:\/\/pb.edu.pl\/sjo\/wp-content\/uploads\/sites\/9\/2020\/09\/warsztaty-pisania-ikon2-200x300.jpg 200w, https:\/\/pb.edu.pl\/sjo\/wp-content\/uploads\/sites\/9\/2020\/09\/warsztaty-pisania-ikon2-683x1024.jpg 683w, https:\/\/pb.edu.pl\/sjo\/wp-content\/uploads\/sites\/9\/2020\/09\/warsztaty-pisania-ikon2-768x1152.jpg 768w, https:\/\/pb.edu.pl\/sjo\/wp-content\/uploads\/sites\/9\/2020\/09\/warsztaty-pisania-ikon2-1024x1536.jpg 1024w\" sizes=\"auto, (max-width: 1080px) 100vw, 1080px\" \/><\/a>\n\t\t\t<\/div><\/figure><figure class='gallery-item'>\n\t\t\t<div class='gallery-icon landscape'>\n\t\t\t\t<a href='https:\/\/pb.edu.pl\/sjo\/wp-content\/uploads\/sites\/9\/2020\/09\/warsztaty-pisania-ikon8.jpg'><img loading=\"lazy\" decoding=\"async\" width=\"1620\" height=\"1080\" src=\"https:\/\/pb.edu.pl\/sjo\/wp-content\/uploads\/sites\/9\/2020\/09\/warsztaty-pisania-ikon8.jpg\" class=\"attachment-full size-full\" alt=\"\" srcset=\"https:\/\/pb.edu.pl\/sjo\/wp-content\/uploads\/sites\/9\/2020\/09\/warsztaty-pisania-ikon8.jpg 1620w, https:\/\/pb.edu.pl\/sjo\/wp-content\/uploads\/sites\/9\/2020\/09\/warsztaty-pisania-ikon8-300x200.jpg 300w, https:\/\/pb.edu.pl\/sjo\/wp-content\/uploads\/sites\/9\/2020\/09\/warsztaty-pisania-ikon8-1024x683.jpg 1024w, https:\/\/pb.edu.pl\/sjo\/wp-content\/uploads\/sites\/9\/2020\/09\/warsztaty-pisania-ikon8-768x512.jpg 768w, https:\/\/pb.edu.pl\/sjo\/wp-content\/uploads\/sites\/9\/2020\/09\/warsztaty-pisania-ikon8-1536x1024.jpg 1536w, https:\/\/pb.edu.pl\/sjo\/wp-content\/uploads\/sites\/9\/2020\/09\/warsztaty-pisania-ikon8-480x320.jpg 480w\" sizes=\"auto, (max-width: 1620px) 100vw, 1620px\" \/><\/a>\n\t\t\t<\/div><\/figure><figure class='gallery-item'>\n\t\t\t<div class='gallery-icon landscape'>\n\t\t\t\t<a href='https:\/\/pb.edu.pl\/sjo\/wp-content\/uploads\/sites\/9\/2020\/09\/warsztaty-pisania-ikon9.jpg'><img loading=\"lazy\" decoding=\"async\" width=\"1620\" height=\"1080\" src=\"https:\/\/pb.edu.pl\/sjo\/wp-content\/uploads\/sites\/9\/2020\/09\/warsztaty-pisania-ikon9.jpg\" class=\"attachment-full size-full\" alt=\"\" srcset=\"https:\/\/pb.edu.pl\/sjo\/wp-content\/uploads\/sites\/9\/2020\/09\/warsztaty-pisania-ikon9.jpg 1620w, https:\/\/pb.edu.pl\/sjo\/wp-content\/uploads\/sites\/9\/2020\/09\/warsztaty-pisania-ikon9-300x200.jpg 300w, https:\/\/pb.edu.pl\/sjo\/wp-content\/uploads\/sites\/9\/2020\/09\/warsztaty-pisania-ikon9-1024x683.jpg 1024w, https:\/\/pb.edu.pl\/sjo\/wp-content\/uploads\/sites\/9\/2020\/09\/warsztaty-pisania-ikon9-768x512.jpg 768w, https:\/\/pb.edu.pl\/sjo\/wp-content\/uploads\/sites\/9\/2020\/09\/warsztaty-pisania-ikon9-1536x1024.jpg 1536w, https:\/\/pb.edu.pl\/sjo\/wp-content\/uploads\/sites\/9\/2020\/09\/warsztaty-pisania-ikon9-480x320.jpg 480w\" sizes=\"auto, (max-width: 1620px) 100vw, 1620px\" \/><\/a>\n\t\t\t<\/div><\/figure><figure class='gallery-item'>\n\t\t\t<div class='gallery-icon landscape'>\n\t\t\t\t<a href='https:\/\/pb.edu.pl\/sjo\/wp-content\/uploads\/sites\/9\/2020\/09\/warsztaty-pisania-ikon5.jpg'><img loading=\"lazy\" decoding=\"async\" width=\"1620\" height=\"1080\" src=\"https:\/\/pb.edu.pl\/sjo\/wp-content\/uploads\/sites\/9\/2020\/09\/warsztaty-pisania-ikon5.jpg\" class=\"attachment-full size-full\" alt=\"\" srcset=\"https:\/\/pb.edu.pl\/sjo\/wp-content\/uploads\/sites\/9\/2020\/09\/warsztaty-pisania-ikon5.jpg 1620w, https:\/\/pb.edu.pl\/sjo\/wp-content\/uploads\/sites\/9\/2020\/09\/warsztaty-pisania-ikon5-300x200.jpg 300w, https:\/\/pb.edu.pl\/sjo\/wp-content\/uploads\/sites\/9\/2020\/09\/warsztaty-pisania-ikon5-1024x683.jpg 1024w, https:\/\/pb.edu.pl\/sjo\/wp-content\/uploads\/sites\/9\/2020\/09\/warsztaty-pisania-ikon5-768x512.jpg 768w, https:\/\/pb.edu.pl\/sjo\/wp-content\/uploads\/sites\/9\/2020\/09\/warsztaty-pisania-ikon5-1536x1024.jpg 1536w, https:\/\/pb.edu.pl\/sjo\/wp-content\/uploads\/sites\/9\/2020\/09\/warsztaty-pisania-ikon5-480x320.jpg 480w\" sizes=\"auto, (max-width: 1620px) 100vw, 1620px\" \/><\/a>\n\t\t\t<\/div><\/figure><figure class='gallery-item'>\n\t\t\t<div class='gallery-icon landscape'>\n\t\t\t\t<a href='https:\/\/pb.edu.pl\/sjo\/wp-content\/uploads\/sites\/9\/2020\/09\/warsztaty-pisania-ikon6.jpg'><img loading=\"lazy\" decoding=\"async\" width=\"1620\" height=\"1080\" src=\"https:\/\/pb.edu.pl\/sjo\/wp-content\/uploads\/sites\/9\/2020\/09\/warsztaty-pisania-ikon6.jpg\" class=\"attachment-full size-full\" alt=\"\" srcset=\"https:\/\/pb.edu.pl\/sjo\/wp-content\/uploads\/sites\/9\/2020\/09\/warsztaty-pisania-ikon6.jpg 1620w, https:\/\/pb.edu.pl\/sjo\/wp-content\/uploads\/sites\/9\/2020\/09\/warsztaty-pisania-ikon6-300x200.jpg 300w, https:\/\/pb.edu.pl\/sjo\/wp-content\/uploads\/sites\/9\/2020\/09\/warsztaty-pisania-ikon6-1024x683.jpg 1024w, https:\/\/pb.edu.pl\/sjo\/wp-content\/uploads\/sites\/9\/2020\/09\/warsztaty-pisania-ikon6-768x512.jpg 768w, https:\/\/pb.edu.pl\/sjo\/wp-content\/uploads\/sites\/9\/2020\/09\/warsztaty-pisania-ikon6-1536x1024.jpg 1536w, https:\/\/pb.edu.pl\/sjo\/wp-content\/uploads\/sites\/9\/2020\/09\/warsztaty-pisania-ikon6-480x320.jpg 480w\" sizes=\"auto, (max-width: 1620px) 100vw, 1620px\" \/><\/a>\n\t\t\t<\/div><\/figure><figure class='gallery-item'>\n\t\t\t<div class='gallery-icon landscape'>\n\t\t\t\t<a href='https:\/\/pb.edu.pl\/sjo\/wp-content\/uploads\/sites\/9\/2020\/09\/warsztaty-pisania-ikon7.jpg'><img loading=\"lazy\" decoding=\"async\" width=\"1620\" height=\"1080\" src=\"https:\/\/pb.edu.pl\/sjo\/wp-content\/uploads\/sites\/9\/2020\/09\/warsztaty-pisania-ikon7.jpg\" class=\"attachment-full size-full\" alt=\"\" srcset=\"https:\/\/pb.edu.pl\/sjo\/wp-content\/uploads\/sites\/9\/2020\/09\/warsztaty-pisania-ikon7.jpg 1620w, https:\/\/pb.edu.pl\/sjo\/wp-content\/uploads\/sites\/9\/2020\/09\/warsztaty-pisania-ikon7-300x200.jpg 300w, https:\/\/pb.edu.pl\/sjo\/wp-content\/uploads\/sites\/9\/2020\/09\/warsztaty-pisania-ikon7-1024x683.jpg 1024w, https:\/\/pb.edu.pl\/sjo\/wp-content\/uploads\/sites\/9\/2020\/09\/warsztaty-pisania-ikon7-768x512.jpg 768w, https:\/\/pb.edu.pl\/sjo\/wp-content\/uploads\/sites\/9\/2020\/09\/warsztaty-pisania-ikon7-1536x1024.jpg 1536w, https:\/\/pb.edu.pl\/sjo\/wp-content\/uploads\/sites\/9\/2020\/09\/warsztaty-pisania-ikon7-480x320.jpg 480w\" sizes=\"auto, (max-width: 1620px) 100vw, 1620px\" \/><\/a>\n\t\t\t<\/div><\/figure><figure class='gallery-item'>\n\t\t\t<div class='gallery-icon landscape'>\n\t\t\t\t<a href='https:\/\/pb.edu.pl\/sjo\/wp-content\/uploads\/sites\/9\/2020\/09\/warsztaty-pisania-ikon4.jpg'><img loading=\"lazy\" decoding=\"async\" width=\"1620\" height=\"1080\" src=\"https:\/\/pb.edu.pl\/sjo\/wp-content\/uploads\/sites\/9\/2020\/09\/warsztaty-pisania-ikon4.jpg\" class=\"attachment-full size-full\" alt=\"\" srcset=\"https:\/\/pb.edu.pl\/sjo\/wp-content\/uploads\/sites\/9\/2020\/09\/warsztaty-pisania-ikon4.jpg 1620w, https:\/\/pb.edu.pl\/sjo\/wp-content\/uploads\/sites\/9\/2020\/09\/warsztaty-pisania-ikon4-300x200.jpg 300w, https:\/\/pb.edu.pl\/sjo\/wp-content\/uploads\/sites\/9\/2020\/09\/warsztaty-pisania-ikon4-1024x683.jpg 1024w, https:\/\/pb.edu.pl\/sjo\/wp-content\/uploads\/sites\/9\/2020\/09\/warsztaty-pisania-ikon4-768x512.jpg 768w, https:\/\/pb.edu.pl\/sjo\/wp-content\/uploads\/sites\/9\/2020\/09\/warsztaty-pisania-ikon4-1536x1024.jpg 1536w, https:\/\/pb.edu.pl\/sjo\/wp-content\/uploads\/sites\/9\/2020\/09\/warsztaty-pisania-ikon4-480x320.jpg 480w\" sizes=\"auto, (max-width: 1620px) 100vw, 1620px\" \/><\/a>\n\t\t\t<\/div><\/figure>\n\t\t<\/div>\n\n","protected":false},"excerpt":{"rendered":"<p>Zaj\u0119cia wyjazdowe, organizowane w Muzeum Ikon, kt\u00f3re dzia\u0142a w zabudowaniach m\u0119skiego klasztoru prawos\u0142awnego pw. Zwiastowania<\/p>\n","protected":false},"author":6,"featured_media":0,"parent":26308,"menu_order":0,"comment_status":"closed","ping_status":"closed","template":"","meta":{"_acf_changed":false,"ngg_post_thumbnail":0,"footnotes":""},"class_list":["post-12348","page","type-page","status-publish","hentry"],"acf":[],"yoast_head":"<!-- This site is optimized with the Yoast SEO plugin v27.0 - https:\/\/yoast.com\/product\/yoast-seo-wordpress\/ -->\n<title>Warsztaty pisania ikon - Studium J\u0119zyk\u00f3w Obcych<\/title>\n<meta name=\"description\" content=\"Zaj\u0119cia wyjazdowe, organizowane w Muzeum Ikon, kt\u00f3re dzia\u0142a w zabudowaniach m\u0119skiego klasztoru prawos\u0142awnego pw. Zwiastowania Naj\u015bwi\u0119tszej Maryi Panny w\" \/>\n<meta name=\"robots\" content=\"index, follow, max-snippet:-1, max-image-preview:large, max-video-preview:-1\" \/>\n<link rel=\"canonical\" href=\"https:\/\/pb.edu.pl\/sjo\/polish-lab\/wydarzenia-kulturalne\/warsztaty-kulturowe\/warsztaty-pisania-ikon\/\" \/>\n<meta property=\"og:locale\" content=\"pl_PL\" \/>\n<meta property=\"og:type\" content=\"article\" \/>\n<meta property=\"og:title\" content=\"Warsztaty pisania ikon - Studium J\u0119zyk\u00f3w Obcych\" \/>\n<meta property=\"og:description\" content=\"Zaj\u0119cia wyjazdowe, organizowane w Muzeum Ikon, kt\u00f3re dzia\u0142a w zabudowaniach m\u0119skiego klasztoru prawos\u0142awnego pw. Zwiastowania Naj\u015bwi\u0119tszej Maryi Panny w\" \/>\n<meta property=\"og:url\" content=\"https:\/\/pb.edu.pl\/sjo\/polish-lab\/wydarzenia-kulturalne\/warsztaty-kulturowe\/warsztaty-pisania-ikon\/\" \/>\n<meta property=\"og:site_name\" content=\"Studium J\u0119zyk\u00f3w Obcych\" \/>\n<meta property=\"article:modified_time\" content=\"2025-05-27T08:53:07+00:00\" \/>\n<meta property=\"og:image\" content=\"https:\/\/pb.edu.pl\/sjo\/wp-content\/uploads\/sites\/9\/2020\/09\/warsztaty-pisania-ikon3.jpg\" \/>\n<meta name=\"twitter:label1\" content=\"Szacowany czas czytania\" \/>\n\t<meta name=\"twitter:data1\" content=\"1 minuta\" \/>\n<script type=\"application\/ld+json\" class=\"yoast-schema-graph\">{\"@context\":\"https:\/\/schema.org\",\"@graph\":[{\"@type\":\"WebPage\",\"@id\":\"https:\/\/pb.edu.pl\/sjo\/polish-lab\/wydarzenia-kulturalne\/warsztaty-kulturowe\/warsztaty-pisania-ikon\/\",\"url\":\"https:\/\/pb.edu.pl\/sjo\/polish-lab\/wydarzenia-kulturalne\/warsztaty-kulturowe\/warsztaty-pisania-ikon\/\",\"name\":\"Warsztaty pisania ikon - Studium J\u0119zyk\u00f3w Obcych\",\"isPartOf\":{\"@id\":\"https:\/\/pb.edu.pl\/sjo\/#website\"},\"datePublished\":\"2022-02-09T08:02:46+00:00\",\"dateModified\":\"2025-05-27T08:53:07+00:00\",\"description\":\"Zaj\u0119cia wyjazdowe, organizowane w Muzeum Ikon, kt\u00f3re dzia\u0142a w zabudowaniach m\u0119skiego klasztoru prawos\u0142awnego pw. Zwiastowania Naj\u015bwi\u0119tszej Maryi Panny w\",\"breadcrumb\":{\"@id\":\"https:\/\/pb.edu.pl\/sjo\/polish-lab\/wydarzenia-kulturalne\/warsztaty-kulturowe\/warsztaty-pisania-ikon\/#breadcrumb\"},\"inLanguage\":\"pl-PL\",\"potentialAction\":[{\"@type\":\"ReadAction\",\"target\":[\"https:\/\/pb.edu.pl\/sjo\/polish-lab\/wydarzenia-kulturalne\/warsztaty-kulturowe\/warsztaty-pisania-ikon\/\"]}]},{\"@type\":\"BreadcrumbList\",\"@id\":\"https:\/\/pb.edu.pl\/sjo\/polish-lab\/wydarzenia-kulturalne\/warsztaty-kulturowe\/warsztaty-pisania-ikon\/#breadcrumb\",\"itemListElement\":[{\"@type\":\"ListItem\",\"position\":1,\"name\":\"Home\",\"item\":\"https:\/\/pb.edu.pl\/sjo\/\"},{\"@type\":\"ListItem\",\"position\":2,\"name\":\"Centrum J\u0119zyka i Kultury Polskiej POLISH LAB\",\"item\":\"https:\/\/pb.edu.pl\/sjo\/polish-lab\/\"},{\"@type\":\"ListItem\",\"position\":3,\"name\":\"Wydarzenia kulturalne\",\"item\":\"https:\/\/pb.edu.pl\/sjo\/polish-lab\/wydarzenia-kulturalne\/\"},{\"@type\":\"ListItem\",\"position\":4,\"name\":\"Warsztaty kulturowe\",\"item\":\"https:\/\/pb.edu.pl\/sjo\/polish-lab\/wydarzenia-kulturalne\/warsztaty-kulturowe\/\"},{\"@type\":\"ListItem\",\"position\":5,\"name\":\"Warsztaty pisania ikon\"}]},{\"@type\":\"WebSite\",\"@id\":\"https:\/\/pb.edu.pl\/sjo\/#website\",\"url\":\"https:\/\/pb.edu.pl\/sjo\/\",\"name\":\"Studium J\u0119zyk\u00f3w Obcych\",\"description\":\"\",\"potentialAction\":[{\"@type\":\"SearchAction\",\"target\":{\"@type\":\"EntryPoint\",\"urlTemplate\":\"https:\/\/pb.edu.pl\/sjo\/?s={search_term_string}\"},\"query-input\":{\"@type\":\"PropertyValueSpecification\",\"valueRequired\":true,\"valueName\":\"search_term_string\"}}],\"inLanguage\":\"pl-PL\"}]}<\/script>\n<!-- \/ Yoast SEO plugin. -->","yoast_head_json":{"title":"Warsztaty pisania ikon - Studium J\u0119zyk\u00f3w Obcych","description":"Zaj\u0119cia wyjazdowe, organizowane w Muzeum Ikon, kt\u00f3re dzia\u0142a w zabudowaniach m\u0119skiego klasztoru prawos\u0142awnego pw. Zwiastowania Naj\u015bwi\u0119tszej Maryi Panny w","robots":{"index":"index","follow":"follow","max-snippet":"max-snippet:-1","max-image-preview":"max-image-preview:large","max-video-preview":"max-video-preview:-1"},"canonical":"https:\/\/pb.edu.pl\/sjo\/polish-lab\/wydarzenia-kulturalne\/warsztaty-kulturowe\/warsztaty-pisania-ikon\/","og_locale":"pl_PL","og_type":"article","og_title":"Warsztaty pisania ikon - Studium J\u0119zyk\u00f3w Obcych","og_description":"Zaj\u0119cia wyjazdowe, organizowane w Muzeum Ikon, kt\u00f3re dzia\u0142a w zabudowaniach m\u0119skiego klasztoru prawos\u0142awnego pw. Zwiastowania Naj\u015bwi\u0119tszej Maryi Panny w","og_url":"https:\/\/pb.edu.pl\/sjo\/polish-lab\/wydarzenia-kulturalne\/warsztaty-kulturowe\/warsztaty-pisania-ikon\/","og_site_name":"Studium J\u0119zyk\u00f3w Obcych","article_modified_time":"2025-05-27T08:53:07+00:00","og_image":[{"url":"https:\/\/pb.edu.pl\/sjo\/wp-content\/uploads\/sites\/9\/2020\/09\/warsztaty-pisania-ikon3.jpg","type":"","width":"","height":""}],"twitter_misc":{"Szacowany czas czytania":"1 minuta"},"schema":{"@context":"https:\/\/schema.org","@graph":[{"@type":"WebPage","@id":"https:\/\/pb.edu.pl\/sjo\/polish-lab\/wydarzenia-kulturalne\/warsztaty-kulturowe\/warsztaty-pisania-ikon\/","url":"https:\/\/pb.edu.pl\/sjo\/polish-lab\/wydarzenia-kulturalne\/warsztaty-kulturowe\/warsztaty-pisania-ikon\/","name":"Warsztaty pisania ikon - Studium J\u0119zyk\u00f3w Obcych","isPartOf":{"@id":"https:\/\/pb.edu.pl\/sjo\/#website"},"datePublished":"2022-02-09T08:02:46+00:00","dateModified":"2025-05-27T08:53:07+00:00","description":"Zaj\u0119cia wyjazdowe, organizowane w Muzeum Ikon, kt\u00f3re dzia\u0142a w zabudowaniach m\u0119skiego klasztoru prawos\u0142awnego pw. Zwiastowania Naj\u015bwi\u0119tszej Maryi Panny w","breadcrumb":{"@id":"https:\/\/pb.edu.pl\/sjo\/polish-lab\/wydarzenia-kulturalne\/warsztaty-kulturowe\/warsztaty-pisania-ikon\/#breadcrumb"},"inLanguage":"pl-PL","potentialAction":[{"@type":"ReadAction","target":["https:\/\/pb.edu.pl\/sjo\/polish-lab\/wydarzenia-kulturalne\/warsztaty-kulturowe\/warsztaty-pisania-ikon\/"]}]},{"@type":"BreadcrumbList","@id":"https:\/\/pb.edu.pl\/sjo\/polish-lab\/wydarzenia-kulturalne\/warsztaty-kulturowe\/warsztaty-pisania-ikon\/#breadcrumb","itemListElement":[{"@type":"ListItem","position":1,"name":"Home","item":"https:\/\/pb.edu.pl\/sjo\/"},{"@type":"ListItem","position":2,"name":"Centrum J\u0119zyka i Kultury Polskiej POLISH LAB","item":"https:\/\/pb.edu.pl\/sjo\/polish-lab\/"},{"@type":"ListItem","position":3,"name":"Wydarzenia kulturalne","item":"https:\/\/pb.edu.pl\/sjo\/polish-lab\/wydarzenia-kulturalne\/"},{"@type":"ListItem","position":4,"name":"Warsztaty kulturowe","item":"https:\/\/pb.edu.pl\/sjo\/polish-lab\/wydarzenia-kulturalne\/warsztaty-kulturowe\/"},{"@type":"ListItem","position":5,"name":"Warsztaty pisania ikon"}]},{"@type":"WebSite","@id":"https:\/\/pb.edu.pl\/sjo\/#website","url":"https:\/\/pb.edu.pl\/sjo\/","name":"Studium J\u0119zyk\u00f3w Obcych","description":"","potentialAction":[{"@type":"SearchAction","target":{"@type":"EntryPoint","urlTemplate":"https:\/\/pb.edu.pl\/sjo\/?s={search_term_string}"},"query-input":{"@type":"PropertyValueSpecification","valueRequired":true,"valueName":"search_term_string"}}],"inLanguage":"pl-PL"}]}},"_links":{"self":[{"href":"https:\/\/pb.edu.pl\/sjo\/wp-json\/wp\/v2\/pages\/12348","targetHints":{"allow":["GET"]}}],"collection":[{"href":"https:\/\/pb.edu.pl\/sjo\/wp-json\/wp\/v2\/pages"}],"about":[{"href":"https:\/\/pb.edu.pl\/sjo\/wp-json\/wp\/v2\/types\/page"}],"author":[{"embeddable":true,"href":"https:\/\/pb.edu.pl\/sjo\/wp-json\/wp\/v2\/users\/6"}],"replies":[{"embeddable":true,"href":"https:\/\/pb.edu.pl\/sjo\/wp-json\/wp\/v2\/comments?post=12348"}],"version-history":[{"count":0,"href":"https:\/\/pb.edu.pl\/sjo\/wp-json\/wp\/v2\/pages\/12348\/revisions"}],"up":[{"embeddable":true,"href":"https:\/\/pb.edu.pl\/sjo\/wp-json\/wp\/v2\/pages\/26308"}],"wp:attachment":[{"href":"https:\/\/pb.edu.pl\/sjo\/wp-json\/wp\/v2\/media?parent=12348"}],"curies":[{"name":"wp","href":"https:\/\/api.w.org\/{rel}","templated":true}]}}