{"id":12342,"date":"2022-02-09T09:01:51","date_gmt":"2022-02-09T08:01:51","guid":{"rendered":"https:\/\/pb.edu.pl\/sjo\/?page_id=12342"},"modified":"2025-05-27T10:51:05","modified_gmt":"2025-05-27T08:51:05","slug":"warsztaty-kulturowe-dla-studentow-zagranicznych","status":"publish","type":"page","link":"https:\/\/pb.edu.pl\/sjo\/polish-lab\/wydarzenia-kulturalne\/warsztaty-kulturowe\/warsztaty-kulturowe-dla-studentow-zagranicznych\/","title":{"rendered":"Warsztaty kulturowe dla student\u00f3w zagranicznych"},"content":{"rendered":"<p><span style=\"font-family: verdana, geneva, sans-serif;font-size: 12pt\">Uczestnicy zawsze z uwag\u0105 s\u0142uchaj\u0105 informacji oraz ciekawostek o Polsce, naszych obyczajach, \u015bwi\u0119tach i \u017cyciu codziennym ch\u0119tnie zabieraj\u0105c g\u0142os, robi\u0105c cz\u0119sto odniesienia do swoich kultur i zwracaj\u0105c uwag\u0119 zw\u0142aszcza na podobie\u0144stwa z obyczajami w ich krajach rodzinnych. Du\u017ce zainteresowanie wzbudza polska muzyka wsp\u00f3\u0142czesna, zw\u0142aszcza popularna. Studenci wk\u0142adaj\u0105 mn\u00f3stwo wysi\u0142ku, \u017ceby nauczy\u0107 si\u0119 podstawowych wyra\u017ce\u0144 z zakresu okre\u015blanego powszechnie&nbsp; \u2018survival Polish language\u2019. Trivia quiz o Polsce, z nagrodami dla 2-3 os\u00f3b z najwy\u017cszym wynikiem punktowym pobudza emocje i jest dobrym wst\u0119pem do rozpocz\u0119cia nauki na naszej uczelni.<\/span><\/p>\n<p><span style=\"font-family: verdana, geneva, sans-serif;font-size: 12pt\">Czas pandemii w 2020 r. ograniczy\u0142 mo\u017cliwo\u015bci propagowania naszej kultury, ale ich nie wyeliminowa\u0142. Odbywa\u0142y si\u0119 warsztaty w systemie zdalnym, ale zar\u00f3wno nagrody, jak i uczta pierogowa by\u0142y jak najbardziej realne \ud83d\ude42<\/span><\/p>\n<div id='gallery-1' class='gallery galleryid-12342 gallery-columns-3 gallery-size-full'><figure class='gallery-item'>\n\t\t\t<div class='gallery-icon landscape'>\n\t\t\t\t<a href='https:\/\/pb.edu.pl\/sjo\/wp-content\/uploads\/sites\/9\/2020\/09\/warsztaty-kulturtowe-dla-student\u00f3w5.jpg'><img loading=\"lazy\" decoding=\"async\" width=\"1620\" height=\"1080\" src=\"https:\/\/pb.edu.pl\/sjo\/wp-content\/uploads\/sites\/9\/2020\/09\/warsztaty-kulturtowe-dla-student\u00f3w5.jpg\" class=\"attachment-full size-full\" alt=\"\" srcset=\"https:\/\/pb.edu.pl\/sjo\/wp-content\/uploads\/sites\/9\/2020\/09\/warsztaty-kulturtowe-dla-student\u00f3w5.jpg 1620w, https:\/\/pb.edu.pl\/sjo\/wp-content\/uploads\/sites\/9\/2020\/09\/warsztaty-kulturtowe-dla-student\u00f3w5-300x200.jpg 300w, https:\/\/pb.edu.pl\/sjo\/wp-content\/uploads\/sites\/9\/2020\/09\/warsztaty-kulturtowe-dla-student\u00f3w5-1024x683.jpg 1024w, https:\/\/pb.edu.pl\/sjo\/wp-content\/uploads\/sites\/9\/2020\/09\/warsztaty-kulturtowe-dla-student\u00f3w5-768x512.jpg 768w, https:\/\/pb.edu.pl\/sjo\/wp-content\/uploads\/sites\/9\/2020\/09\/warsztaty-kulturtowe-dla-student\u00f3w5-1536x1024.jpg 1536w, https:\/\/pb.edu.pl\/sjo\/wp-content\/uploads\/sites\/9\/2020\/09\/warsztaty-kulturtowe-dla-student\u00f3w5-480x320.jpg 480w\" sizes=\"auto, (max-width: 1620px) 100vw, 1620px\" \/><\/a>\n\t\t\t<\/div><\/figure><figure class='gallery-item'>\n\t\t\t<div class='gallery-icon landscape'>\n\t\t\t\t<a href='https:\/\/pb.edu.pl\/sjo\/wp-content\/uploads\/sites\/9\/2020\/09\/warsztaty-kulturtowe-dla-student\u00f3w4.jpg'><img loading=\"lazy\" decoding=\"async\" width=\"1620\" height=\"1080\" src=\"https:\/\/pb.edu.pl\/sjo\/wp-content\/uploads\/sites\/9\/2020\/09\/warsztaty-kulturtowe-dla-student\u00f3w4.jpg\" class=\"attachment-full size-full\" alt=\"\" srcset=\"https:\/\/pb.edu.pl\/sjo\/wp-content\/uploads\/sites\/9\/2020\/09\/warsztaty-kulturtowe-dla-student\u00f3w4.jpg 1620w, https:\/\/pb.edu.pl\/sjo\/wp-content\/uploads\/sites\/9\/2020\/09\/warsztaty-kulturtowe-dla-student\u00f3w4-300x200.jpg 300w, https:\/\/pb.edu.pl\/sjo\/wp-content\/uploads\/sites\/9\/2020\/09\/warsztaty-kulturtowe-dla-student\u00f3w4-1024x683.jpg 1024w, https:\/\/pb.edu.pl\/sjo\/wp-content\/uploads\/sites\/9\/2020\/09\/warsztaty-kulturtowe-dla-student\u00f3w4-768x512.jpg 768w, https:\/\/pb.edu.pl\/sjo\/wp-content\/uploads\/sites\/9\/2020\/09\/warsztaty-kulturtowe-dla-student\u00f3w4-1536x1024.jpg 1536w, https:\/\/pb.edu.pl\/sjo\/wp-content\/uploads\/sites\/9\/2020\/09\/warsztaty-kulturtowe-dla-student\u00f3w4-480x320.jpg 480w\" sizes=\"auto, (max-width: 1620px) 100vw, 1620px\" \/><\/a>\n\t\t\t<\/div><\/figure><figure class='gallery-item'>\n\t\t\t<div class='gallery-icon landscape'>\n\t\t\t\t<a href='https:\/\/pb.edu.pl\/sjo\/wp-content\/uploads\/sites\/9\/2020\/09\/warsztaty-kulturtowe-dla-student\u00f3w8.jpg'><img loading=\"lazy\" decoding=\"async\" width=\"1620\" height=\"1080\" src=\"https:\/\/pb.edu.pl\/sjo\/wp-content\/uploads\/sites\/9\/2020\/09\/warsztaty-kulturtowe-dla-student\u00f3w8.jpg\" class=\"attachment-full size-full\" alt=\"\" srcset=\"https:\/\/pb.edu.pl\/sjo\/wp-content\/uploads\/sites\/9\/2020\/09\/warsztaty-kulturtowe-dla-student\u00f3w8.jpg 1620w, https:\/\/pb.edu.pl\/sjo\/wp-content\/uploads\/sites\/9\/2020\/09\/warsztaty-kulturtowe-dla-student\u00f3w8-300x200.jpg 300w, https:\/\/pb.edu.pl\/sjo\/wp-content\/uploads\/sites\/9\/2020\/09\/warsztaty-kulturtowe-dla-student\u00f3w8-1024x683.jpg 1024w, https:\/\/pb.edu.pl\/sjo\/wp-content\/uploads\/sites\/9\/2020\/09\/warsztaty-kulturtowe-dla-student\u00f3w8-768x512.jpg 768w, https:\/\/pb.edu.pl\/sjo\/wp-content\/uploads\/sites\/9\/2020\/09\/warsztaty-kulturtowe-dla-student\u00f3w8-1536x1024.jpg 1536w, https:\/\/pb.edu.pl\/sjo\/wp-content\/uploads\/sites\/9\/2020\/09\/warsztaty-kulturtowe-dla-student\u00f3w8-480x320.jpg 480w\" sizes=\"auto, (max-width: 1620px) 100vw, 1620px\" \/><\/a>\n\t\t\t<\/div><\/figure><figure class='gallery-item'>\n\t\t\t<div class='gallery-icon landscape'>\n\t\t\t\t<a href='https:\/\/pb.edu.pl\/sjo\/wp-content\/uploads\/sites\/9\/2020\/09\/warsztaty-kulturtowe-dla-student\u00f3w6.jpg'><img loading=\"lazy\" decoding=\"async\" width=\"1631\" height=\"1080\" src=\"https:\/\/pb.edu.pl\/sjo\/wp-content\/uploads\/sites\/9\/2020\/09\/warsztaty-kulturtowe-dla-student\u00f3w6.jpg\" class=\"attachment-full size-full\" alt=\"\" srcset=\"https:\/\/pb.edu.pl\/sjo\/wp-content\/uploads\/sites\/9\/2020\/09\/warsztaty-kulturtowe-dla-student\u00f3w6.jpg 1631w, https:\/\/pb.edu.pl\/sjo\/wp-content\/uploads\/sites\/9\/2020\/09\/warsztaty-kulturtowe-dla-student\u00f3w6-300x200.jpg 300w, https:\/\/pb.edu.pl\/sjo\/wp-content\/uploads\/sites\/9\/2020\/09\/warsztaty-kulturtowe-dla-student\u00f3w6-1024x678.jpg 1024w, https:\/\/pb.edu.pl\/sjo\/wp-content\/uploads\/sites\/9\/2020\/09\/warsztaty-kulturtowe-dla-student\u00f3w6-768x509.jpg 768w, https:\/\/pb.edu.pl\/sjo\/wp-content\/uploads\/sites\/9\/2020\/09\/warsztaty-kulturtowe-dla-student\u00f3w6-1536x1017.jpg 1536w\" sizes=\"auto, (max-width: 1631px) 100vw, 1631px\" \/><\/a>\n\t\t\t<\/div><\/figure><figure class='gallery-item'>\n\t\t\t<div class='gallery-icon landscape'>\n\t\t\t\t<a href='https:\/\/pb.edu.pl\/sjo\/wp-content\/uploads\/sites\/9\/2020\/09\/warsztaty-kulturtowe-dla-student\u00f3w7.jpg'><img loading=\"lazy\" decoding=\"async\" width=\"1631\" height=\"1080\" src=\"https:\/\/pb.edu.pl\/sjo\/wp-content\/uploads\/sites\/9\/2020\/09\/warsztaty-kulturtowe-dla-student\u00f3w7.jpg\" class=\"attachment-full size-full\" alt=\"\" srcset=\"https:\/\/pb.edu.pl\/sjo\/wp-content\/uploads\/sites\/9\/2020\/09\/warsztaty-kulturtowe-dla-student\u00f3w7.jpg 1631w, https:\/\/pb.edu.pl\/sjo\/wp-content\/uploads\/sites\/9\/2020\/09\/warsztaty-kulturtowe-dla-student\u00f3w7-300x200.jpg 300w, https:\/\/pb.edu.pl\/sjo\/wp-content\/uploads\/sites\/9\/2020\/09\/warsztaty-kulturtowe-dla-student\u00f3w7-1024x678.jpg 1024w, https:\/\/pb.edu.pl\/sjo\/wp-content\/uploads\/sites\/9\/2020\/09\/warsztaty-kulturtowe-dla-student\u00f3w7-768x509.jpg 768w, https:\/\/pb.edu.pl\/sjo\/wp-content\/uploads\/sites\/9\/2020\/09\/warsztaty-kulturtowe-dla-student\u00f3w7-1536x1017.jpg 1536w\" sizes=\"auto, (max-width: 1631px) 100vw, 1631px\" \/><\/a>\n\t\t\t<\/div><\/figure><figure class='gallery-item'>\n\t\t\t<div class='gallery-icon landscape'>\n\t\t\t\t<a href='https:\/\/pb.edu.pl\/sjo\/wp-content\/uploads\/sites\/9\/2020\/09\/warsztaty-kulturtowe-dla-student\u00f3w2.jpg'><img loading=\"lazy\" decoding=\"async\" width=\"1620\" height=\"1080\" src=\"https:\/\/pb.edu.pl\/sjo\/wp-content\/uploads\/sites\/9\/2020\/09\/warsztaty-kulturtowe-dla-student\u00f3w2.jpg\" class=\"attachment-full size-full\" alt=\"\" srcset=\"https:\/\/pb.edu.pl\/sjo\/wp-content\/uploads\/sites\/9\/2020\/09\/warsztaty-kulturtowe-dla-student\u00f3w2.jpg 1620w, https:\/\/pb.edu.pl\/sjo\/wp-content\/uploads\/sites\/9\/2020\/09\/warsztaty-kulturtowe-dla-student\u00f3w2-300x200.jpg 300w, https:\/\/pb.edu.pl\/sjo\/wp-content\/uploads\/sites\/9\/2020\/09\/warsztaty-kulturtowe-dla-student\u00f3w2-1024x683.jpg 1024w, https:\/\/pb.edu.pl\/sjo\/wp-content\/uploads\/sites\/9\/2020\/09\/warsztaty-kulturtowe-dla-student\u00f3w2-768x512.jpg 768w, https:\/\/pb.edu.pl\/sjo\/wp-content\/uploads\/sites\/9\/2020\/09\/warsztaty-kulturtowe-dla-student\u00f3w2-1536x1024.jpg 1536w, https:\/\/pb.edu.pl\/sjo\/wp-content\/uploads\/sites\/9\/2020\/09\/warsztaty-kulturtowe-dla-student\u00f3w2-480x320.jpg 480w\" sizes=\"auto, (max-width: 1620px) 100vw, 1620px\" \/><\/a>\n\t\t\t<\/div><\/figure><figure class='gallery-item'>\n\t\t\t<div class='gallery-icon landscape'>\n\t\t\t\t<a href='https:\/\/pb.edu.pl\/sjo\/wp-content\/uploads\/sites\/9\/2020\/09\/warsztaty-kulturtowe-dla-student\u00f3w1.jpg'><img loading=\"lazy\" decoding=\"async\" width=\"1279\" height=\"853\" src=\"https:\/\/pb.edu.pl\/sjo\/wp-content\/uploads\/sites\/9\/2020\/09\/warsztaty-kulturtowe-dla-student\u00f3w1.jpg\" class=\"attachment-full size-full\" alt=\"\" srcset=\"https:\/\/pb.edu.pl\/sjo\/wp-content\/uploads\/sites\/9\/2020\/09\/warsztaty-kulturtowe-dla-student\u00f3w1.jpg 1279w, https:\/\/pb.edu.pl\/sjo\/wp-content\/uploads\/sites\/9\/2020\/09\/warsztaty-kulturtowe-dla-student\u00f3w1-300x200.jpg 300w, https:\/\/pb.edu.pl\/sjo\/wp-content\/uploads\/sites\/9\/2020\/09\/warsztaty-kulturtowe-dla-student\u00f3w1-1024x683.jpg 1024w, https:\/\/pb.edu.pl\/sjo\/wp-content\/uploads\/sites\/9\/2020\/09\/warsztaty-kulturtowe-dla-student\u00f3w1-768x512.jpg 768w, https:\/\/pb.edu.pl\/sjo\/wp-content\/uploads\/sites\/9\/2020\/09\/warsztaty-kulturtowe-dla-student\u00f3w1-480x320.jpg 480w\" sizes=\"auto, (max-width: 1279px) 100vw, 1279px\" \/><\/a>\n\t\t\t<\/div><\/figure><figure class='gallery-item'>\n\t\t\t<div class='gallery-icon landscape'>\n\t\t\t\t<a href='https:\/\/pb.edu.pl\/sjo\/wp-content\/uploads\/sites\/9\/2020\/09\/warsztaty-kulturtowe-dla-student\u00f3w10.jpg'><img loading=\"lazy\" decoding=\"async\" width=\"1620\" height=\"1080\" src=\"https:\/\/pb.edu.pl\/sjo\/wp-content\/uploads\/sites\/9\/2020\/09\/warsztaty-kulturtowe-dla-student\u00f3w10.jpg\" class=\"attachment-full size-full\" alt=\"\" srcset=\"https:\/\/pb.edu.pl\/sjo\/wp-content\/uploads\/sites\/9\/2020\/09\/warsztaty-kulturtowe-dla-student\u00f3w10.jpg 1620w, https:\/\/pb.edu.pl\/sjo\/wp-content\/uploads\/sites\/9\/2020\/09\/warsztaty-kulturtowe-dla-student\u00f3w10-300x200.jpg 300w, https:\/\/pb.edu.pl\/sjo\/wp-content\/uploads\/sites\/9\/2020\/09\/warsztaty-kulturtowe-dla-student\u00f3w10-1024x683.jpg 1024w, https:\/\/pb.edu.pl\/sjo\/wp-content\/uploads\/sites\/9\/2020\/09\/warsztaty-kulturtowe-dla-student\u00f3w10-768x512.jpg 768w, https:\/\/pb.edu.pl\/sjo\/wp-content\/uploads\/sites\/9\/2020\/09\/warsztaty-kulturtowe-dla-student\u00f3w10-1536x1024.jpg 1536w, https:\/\/pb.edu.pl\/sjo\/wp-content\/uploads\/sites\/9\/2020\/09\/warsztaty-kulturtowe-dla-student\u00f3w10-480x320.jpg 480w\" sizes=\"auto, (max-width: 1620px) 100vw, 1620px\" \/><\/a>\n\t\t\t<\/div><\/figure><figure class='gallery-item'>\n\t\t\t<div class='gallery-icon landscape'>\n\t\t\t\t<a href='https:\/\/pb.edu.pl\/sjo\/wp-content\/uploads\/sites\/9\/2020\/09\/warsztaty-kulturtowe-dla-student\u00f3w3.jpg'><img loading=\"lazy\" decoding=\"async\" width=\"1620\" height=\"1080\" src=\"https:\/\/pb.edu.pl\/sjo\/wp-content\/uploads\/sites\/9\/2020\/09\/warsztaty-kulturtowe-dla-student\u00f3w3.jpg\" class=\"attachment-full size-full\" alt=\"\" srcset=\"https:\/\/pb.edu.pl\/sjo\/wp-content\/uploads\/sites\/9\/2020\/09\/warsztaty-kulturtowe-dla-student\u00f3w3.jpg 1620w, https:\/\/pb.edu.pl\/sjo\/wp-content\/uploads\/sites\/9\/2020\/09\/warsztaty-kulturtowe-dla-student\u00f3w3-300x200.jpg 300w, https:\/\/pb.edu.pl\/sjo\/wp-content\/uploads\/sites\/9\/2020\/09\/warsztaty-kulturtowe-dla-student\u00f3w3-1024x683.jpg 1024w, https:\/\/pb.edu.pl\/sjo\/wp-content\/uploads\/sites\/9\/2020\/09\/warsztaty-kulturtowe-dla-student\u00f3w3-768x512.jpg 768w, https:\/\/pb.edu.pl\/sjo\/wp-content\/uploads\/sites\/9\/2020\/09\/warsztaty-kulturtowe-dla-student\u00f3w3-1536x1024.jpg 1536w, https:\/\/pb.edu.pl\/sjo\/wp-content\/uploads\/sites\/9\/2020\/09\/warsztaty-kulturtowe-dla-student\u00f3w3-480x320.jpg 480w\" sizes=\"auto, (max-width: 1620px) 100vw, 1620px\" \/><\/a>\n\t\t\t<\/div><\/figure>\n\t\t<\/div>\n\n","protected":false},"excerpt":{"rendered":"<p>Uczestnicy zawsze z uwag\u0105 s\u0142uchaj\u0105 informacji oraz ciekawostek o Polsce, naszych obyczajach, \u015bwi\u0119tach i \u017cyciu<\/p>\n","protected":false},"author":6,"featured_media":0,"parent":26308,"menu_order":0,"comment_status":"closed","ping_status":"closed","template":"","meta":{"_acf_changed":false,"ngg_post_thumbnail":0,"footnotes":""},"class_list":["post-12342","page","type-page","status-publish","hentry"],"acf":[],"yoast_head":"<!-- This site is optimized with the Yoast SEO plugin v27.0 - https:\/\/yoast.com\/product\/yoast-seo-wordpress\/ -->\n<title>Warsztaty kulturowe dla student\u00f3w zagranicznych - Studium J\u0119zyk\u00f3w Obcych<\/title>\n<meta name=\"description\" content=\"Uczestnicy zawsze z uwag\u0105 s\u0142uchaj\u0105 informacji oraz ciekawostek o Polsce, naszych obyczajach, \u015bwi\u0119tach i \u017cyciu codziennym ch\u0119tnie zabieraj\u0105c g\u0142os, robi\u0105c\" \/>\n<meta name=\"robots\" content=\"index, follow, max-snippet:-1, max-image-preview:large, max-video-preview:-1\" \/>\n<link rel=\"canonical\" href=\"https:\/\/pb.edu.pl\/sjo\/polish-lab\/wydarzenia-kulturalne\/warsztaty-kulturowe\/warsztaty-kulturowe-dla-studentow-zagranicznych\/\" \/>\n<meta property=\"og:locale\" content=\"pl_PL\" \/>\n<meta property=\"og:type\" content=\"article\" \/>\n<meta property=\"og:title\" content=\"Warsztaty kulturowe dla student\u00f3w zagranicznych - Studium J\u0119zyk\u00f3w Obcych\" \/>\n<meta property=\"og:description\" content=\"Uczestnicy zawsze z uwag\u0105 s\u0142uchaj\u0105 informacji oraz ciekawostek o Polsce, naszych obyczajach, \u015bwi\u0119tach i \u017cyciu codziennym ch\u0119tnie zabieraj\u0105c g\u0142os, robi\u0105c\" \/>\n<meta property=\"og:url\" content=\"https:\/\/pb.edu.pl\/sjo\/polish-lab\/wydarzenia-kulturalne\/warsztaty-kulturowe\/warsztaty-kulturowe-dla-studentow-zagranicznych\/\" \/>\n<meta property=\"og:site_name\" content=\"Studium J\u0119zyk\u00f3w Obcych\" \/>\n<meta property=\"article:modified_time\" content=\"2025-05-27T08:51:05+00:00\" \/>\n<meta property=\"og:image\" content=\"https:\/\/pb.edu.pl\/sjo\/wp-content\/uploads\/sites\/9\/2020\/09\/warsztaty-kulturtowe-dla-student\u00f3w5.jpg\" \/>\n<meta name=\"twitter:label1\" content=\"Szacowany czas czytania\" \/>\n\t<meta name=\"twitter:data1\" content=\"1 minuta\" \/>\n<script type=\"application\/ld+json\" class=\"yoast-schema-graph\">{\"@context\":\"https:\/\/schema.org\",\"@graph\":[{\"@type\":\"WebPage\",\"@id\":\"https:\/\/pb.edu.pl\/sjo\/polish-lab\/wydarzenia-kulturalne\/warsztaty-kulturowe\/warsztaty-kulturowe-dla-studentow-zagranicznych\/\",\"url\":\"https:\/\/pb.edu.pl\/sjo\/polish-lab\/wydarzenia-kulturalne\/warsztaty-kulturowe\/warsztaty-kulturowe-dla-studentow-zagranicznych\/\",\"name\":\"Warsztaty kulturowe dla student\u00f3w zagranicznych - Studium J\u0119zyk\u00f3w Obcych\",\"isPartOf\":{\"@id\":\"https:\/\/pb.edu.pl\/sjo\/#website\"},\"datePublished\":\"2022-02-09T08:01:51+00:00\",\"dateModified\":\"2025-05-27T08:51:05+00:00\",\"description\":\"Uczestnicy zawsze z uwag\u0105 s\u0142uchaj\u0105 informacji oraz ciekawostek o Polsce, naszych obyczajach, \u015bwi\u0119tach i \u017cyciu codziennym ch\u0119tnie zabieraj\u0105c g\u0142os, robi\u0105c\",\"breadcrumb\":{\"@id\":\"https:\/\/pb.edu.pl\/sjo\/polish-lab\/wydarzenia-kulturalne\/warsztaty-kulturowe\/warsztaty-kulturowe-dla-studentow-zagranicznych\/#breadcrumb\"},\"inLanguage\":\"pl-PL\",\"potentialAction\":[{\"@type\":\"ReadAction\",\"target\":[\"https:\/\/pb.edu.pl\/sjo\/polish-lab\/wydarzenia-kulturalne\/warsztaty-kulturowe\/warsztaty-kulturowe-dla-studentow-zagranicznych\/\"]}]},{\"@type\":\"BreadcrumbList\",\"@id\":\"https:\/\/pb.edu.pl\/sjo\/polish-lab\/wydarzenia-kulturalne\/warsztaty-kulturowe\/warsztaty-kulturowe-dla-studentow-zagranicznych\/#breadcrumb\",\"itemListElement\":[{\"@type\":\"ListItem\",\"position\":1,\"name\":\"Home\",\"item\":\"https:\/\/pb.edu.pl\/sjo\/\"},{\"@type\":\"ListItem\",\"position\":2,\"name\":\"Centrum J\u0119zyka i Kultury Polskiej POLISH LAB\",\"item\":\"https:\/\/pb.edu.pl\/sjo\/polish-lab\/\"},{\"@type\":\"ListItem\",\"position\":3,\"name\":\"Wydarzenia kulturalne\",\"item\":\"https:\/\/pb.edu.pl\/sjo\/polish-lab\/wydarzenia-kulturalne\/\"},{\"@type\":\"ListItem\",\"position\":4,\"name\":\"Warsztaty kulturowe\",\"item\":\"https:\/\/pb.edu.pl\/sjo\/polish-lab\/wydarzenia-kulturalne\/warsztaty-kulturowe\/\"},{\"@type\":\"ListItem\",\"position\":5,\"name\":\"Warsztaty kulturowe dla student\u00f3w zagranicznych\"}]},{\"@type\":\"WebSite\",\"@id\":\"https:\/\/pb.edu.pl\/sjo\/#website\",\"url\":\"https:\/\/pb.edu.pl\/sjo\/\",\"name\":\"Studium J\u0119zyk\u00f3w Obcych\",\"description\":\"\",\"potentialAction\":[{\"@type\":\"SearchAction\",\"target\":{\"@type\":\"EntryPoint\",\"urlTemplate\":\"https:\/\/pb.edu.pl\/sjo\/?s={search_term_string}\"},\"query-input\":{\"@type\":\"PropertyValueSpecification\",\"valueRequired\":true,\"valueName\":\"search_term_string\"}}],\"inLanguage\":\"pl-PL\"}]}<\/script>\n<!-- \/ Yoast SEO plugin. -->","yoast_head_json":{"title":"Warsztaty kulturowe dla student\u00f3w zagranicznych - Studium J\u0119zyk\u00f3w Obcych","description":"Uczestnicy zawsze z uwag\u0105 s\u0142uchaj\u0105 informacji oraz ciekawostek o Polsce, naszych obyczajach, \u015bwi\u0119tach i \u017cyciu codziennym ch\u0119tnie zabieraj\u0105c g\u0142os, robi\u0105c","robots":{"index":"index","follow":"follow","max-snippet":"max-snippet:-1","max-image-preview":"max-image-preview:large","max-video-preview":"max-video-preview:-1"},"canonical":"https:\/\/pb.edu.pl\/sjo\/polish-lab\/wydarzenia-kulturalne\/warsztaty-kulturowe\/warsztaty-kulturowe-dla-studentow-zagranicznych\/","og_locale":"pl_PL","og_type":"article","og_title":"Warsztaty kulturowe dla student\u00f3w zagranicznych - Studium J\u0119zyk\u00f3w Obcych","og_description":"Uczestnicy zawsze z uwag\u0105 s\u0142uchaj\u0105 informacji oraz ciekawostek o Polsce, naszych obyczajach, \u015bwi\u0119tach i \u017cyciu codziennym ch\u0119tnie zabieraj\u0105c g\u0142os, robi\u0105c","og_url":"https:\/\/pb.edu.pl\/sjo\/polish-lab\/wydarzenia-kulturalne\/warsztaty-kulturowe\/warsztaty-kulturowe-dla-studentow-zagranicznych\/","og_site_name":"Studium J\u0119zyk\u00f3w Obcych","article_modified_time":"2025-05-27T08:51:05+00:00","og_image":[{"url":"https:\/\/pb.edu.pl\/sjo\/wp-content\/uploads\/sites\/9\/2020\/09\/warsztaty-kulturtowe-dla-student\u00f3w5.jpg","type":"","width":"","height":""}],"twitter_misc":{"Szacowany czas czytania":"1 minuta"},"schema":{"@context":"https:\/\/schema.org","@graph":[{"@type":"WebPage","@id":"https:\/\/pb.edu.pl\/sjo\/polish-lab\/wydarzenia-kulturalne\/warsztaty-kulturowe\/warsztaty-kulturowe-dla-studentow-zagranicznych\/","url":"https:\/\/pb.edu.pl\/sjo\/polish-lab\/wydarzenia-kulturalne\/warsztaty-kulturowe\/warsztaty-kulturowe-dla-studentow-zagranicznych\/","name":"Warsztaty kulturowe dla student\u00f3w zagranicznych - Studium J\u0119zyk\u00f3w Obcych","isPartOf":{"@id":"https:\/\/pb.edu.pl\/sjo\/#website"},"datePublished":"2022-02-09T08:01:51+00:00","dateModified":"2025-05-27T08:51:05+00:00","description":"Uczestnicy zawsze z uwag\u0105 s\u0142uchaj\u0105 informacji oraz ciekawostek o Polsce, naszych obyczajach, \u015bwi\u0119tach i \u017cyciu codziennym ch\u0119tnie zabieraj\u0105c g\u0142os, robi\u0105c","breadcrumb":{"@id":"https:\/\/pb.edu.pl\/sjo\/polish-lab\/wydarzenia-kulturalne\/warsztaty-kulturowe\/warsztaty-kulturowe-dla-studentow-zagranicznych\/#breadcrumb"},"inLanguage":"pl-PL","potentialAction":[{"@type":"ReadAction","target":["https:\/\/pb.edu.pl\/sjo\/polish-lab\/wydarzenia-kulturalne\/warsztaty-kulturowe\/warsztaty-kulturowe-dla-studentow-zagranicznych\/"]}]},{"@type":"BreadcrumbList","@id":"https:\/\/pb.edu.pl\/sjo\/polish-lab\/wydarzenia-kulturalne\/warsztaty-kulturowe\/warsztaty-kulturowe-dla-studentow-zagranicznych\/#breadcrumb","itemListElement":[{"@type":"ListItem","position":1,"name":"Home","item":"https:\/\/pb.edu.pl\/sjo\/"},{"@type":"ListItem","position":2,"name":"Centrum J\u0119zyka i Kultury Polskiej POLISH LAB","item":"https:\/\/pb.edu.pl\/sjo\/polish-lab\/"},{"@type":"ListItem","position":3,"name":"Wydarzenia kulturalne","item":"https:\/\/pb.edu.pl\/sjo\/polish-lab\/wydarzenia-kulturalne\/"},{"@type":"ListItem","position":4,"name":"Warsztaty kulturowe","item":"https:\/\/pb.edu.pl\/sjo\/polish-lab\/wydarzenia-kulturalne\/warsztaty-kulturowe\/"},{"@type":"ListItem","position":5,"name":"Warsztaty kulturowe dla student\u00f3w zagranicznych"}]},{"@type":"WebSite","@id":"https:\/\/pb.edu.pl\/sjo\/#website","url":"https:\/\/pb.edu.pl\/sjo\/","name":"Studium J\u0119zyk\u00f3w Obcych","description":"","potentialAction":[{"@type":"SearchAction","target":{"@type":"EntryPoint","urlTemplate":"https:\/\/pb.edu.pl\/sjo\/?s={search_term_string}"},"query-input":{"@type":"PropertyValueSpecification","valueRequired":true,"valueName":"search_term_string"}}],"inLanguage":"pl-PL"}]}},"_links":{"self":[{"href":"https:\/\/pb.edu.pl\/sjo\/wp-json\/wp\/v2\/pages\/12342","targetHints":{"allow":["GET"]}}],"collection":[{"href":"https:\/\/pb.edu.pl\/sjo\/wp-json\/wp\/v2\/pages"}],"about":[{"href":"https:\/\/pb.edu.pl\/sjo\/wp-json\/wp\/v2\/types\/page"}],"author":[{"embeddable":true,"href":"https:\/\/pb.edu.pl\/sjo\/wp-json\/wp\/v2\/users\/6"}],"replies":[{"embeddable":true,"href":"https:\/\/pb.edu.pl\/sjo\/wp-json\/wp\/v2\/comments?post=12342"}],"version-history":[{"count":0,"href":"https:\/\/pb.edu.pl\/sjo\/wp-json\/wp\/v2\/pages\/12342\/revisions"}],"up":[{"embeddable":true,"href":"https:\/\/pb.edu.pl\/sjo\/wp-json\/wp\/v2\/pages\/26308"}],"wp:attachment":[{"href":"https:\/\/pb.edu.pl\/sjo\/wp-json\/wp\/v2\/media?parent=12342"}],"curies":[{"name":"wp","href":"https:\/\/api.w.org\/{rel}","templated":true}]}}