{"id":12340,"date":"2022-02-09T09:00:05","date_gmt":"2022-02-09T08:00:05","guid":{"rendered":"https:\/\/pb.edu.pl\/sjo\/?page_id=12340"},"modified":"2025-05-27T10:50:27","modified_gmt":"2025-05-27T08:50:27","slug":"warszaty-kulturowe-dla-pracownikow-zagranicznych-uczelni","status":"publish","type":"page","link":"https:\/\/pb.edu.pl\/sjo\/polish-lab\/wydarzenia-kulturalne\/warsztaty-kulturowe\/warszaty-kulturowe-dla-pracownikow-zagranicznych-uczelni\/","title":{"rendered":"Warszaty kulturowe dla pracownik\u00f3w zagranicznych uczelni"},"content":{"rendered":"<p><span style=\"font-family: verdana, geneva, sans-serif;font-size: 12pt\">Warsztaty pt. Polish Language and Culture Workshops realizowane s\u0105 cyklicznie dla przedstawicieli uczelni partnerskich z r\u00f3\u017cnych stron \u015bwiata. Uczestnicy warsztat\u00f3w to go\u015bcie International Staff Weeks (organizowane przez BWM PB), a ich sta\u0142ym elementem jest zapoznanie go\u015bci z wybranymi aspektami polskiej kultury oraz lekcja j\u0119zyka polskiego. W scenografii z motywami folklorystycznymi uczestnicy zapoznaj\u0105 si\u0119 m.in. z polskimi zwyczajami, cechami narodowymi, upodobaniami, kuchni\u0105, \u017cyciem codziennym, \u015bwi\u0119tami, wyj\u0105tkowymi miejscami na mapie naszego kraju, muzyk\u0105 popularn\u0105 i nierzadko zaskakuj\u0105cymi faktami na temat Polak\u00f3w. Nasi go\u015bcie aktywnie uczestnicz\u0105 w warsztatach, ucz\u0105c si\u0119 podstawowych polskich zwrot\u00f3w, jak r\u00f3wnie\u017c \u015bpiewaj\u0105c fragment polskiej piosenki. Na koniec nie mo\u017ce zabrakn\u0105\u0107 testu wiedzy o Polsce \u2013 z nagrodami, jak r\u00f3wnie\u017c degustacji tradycyjnej polskiej szarlotki. Sesje prowadzi zazwyczaj mgr Alina Jab\u0142o\u0144ska Domurat.<\/span><\/p>\n<p><span style=\"font-family: verdana, geneva, sans-serif;font-size: 12pt\">Na naszych warsztatach go\u015bcili\u015bmy ju\u017c rektor\u00f3w, dziekan\u00f3w, nauczycieli akademickich i pracownik\u00f3w biur wsp\u00f3\u0142pracy mi\u0119dzynarodowej uczelni m.in. z Albanii, Algierii, Argentyny, Armenii, Bia\u0142orusi, Bhutanu, Boliwii, Brazylii, Chin, Ekwadoru, Indonezji, Kolumbii, Malezji, Meksyku, Mo\u0142dawii, Nepalu, Paragwaju, Rosji, Serbii, Tajlandii, Tunezji, Ukrainy oraz Wietnamu.<\/span><\/p>\n<div id='gallery-1' class='gallery galleryid-12340 gallery-columns-3 gallery-size-full'><figure class='gallery-item'>\n\t\t\t<div class='gallery-icon landscape'>\n\t\t\t\t<a href='https:\/\/pb.edu.pl\/sjo\/wp-content\/uploads\/sites\/9\/2020\/09\/warsztaty-kulturowe-dla-pracownik\u00f3w5.jpg'><img loading=\"lazy\" decoding=\"async\" width=\"1620\" height=\"1080\" src=\"https:\/\/pb.edu.pl\/sjo\/wp-content\/uploads\/sites\/9\/2020\/09\/warsztaty-kulturowe-dla-pracownik\u00f3w5.jpg\" class=\"attachment-full size-full\" alt=\"\" srcset=\"https:\/\/pb.edu.pl\/sjo\/wp-content\/uploads\/sites\/9\/2020\/09\/warsztaty-kulturowe-dla-pracownik\u00f3w5.jpg 1620w, https:\/\/pb.edu.pl\/sjo\/wp-content\/uploads\/sites\/9\/2020\/09\/warsztaty-kulturowe-dla-pracownik\u00f3w5-300x200.jpg 300w, https:\/\/pb.edu.pl\/sjo\/wp-content\/uploads\/sites\/9\/2020\/09\/warsztaty-kulturowe-dla-pracownik\u00f3w5-1024x683.jpg 1024w, https:\/\/pb.edu.pl\/sjo\/wp-content\/uploads\/sites\/9\/2020\/09\/warsztaty-kulturowe-dla-pracownik\u00f3w5-768x512.jpg 768w, https:\/\/pb.edu.pl\/sjo\/wp-content\/uploads\/sites\/9\/2020\/09\/warsztaty-kulturowe-dla-pracownik\u00f3w5-1536x1024.jpg 1536w, https:\/\/pb.edu.pl\/sjo\/wp-content\/uploads\/sites\/9\/2020\/09\/warsztaty-kulturowe-dla-pracownik\u00f3w5-480x320.jpg 480w\" sizes=\"auto, (max-width: 1620px) 100vw, 1620px\" \/><\/a>\n\t\t\t<\/div><\/figure><figure class='gallery-item'>\n\t\t\t<div class='gallery-icon landscape'>\n\t\t\t\t<a href='https:\/\/pb.edu.pl\/sjo\/wp-content\/uploads\/sites\/9\/2020\/09\/warsztaty-kulturowe-dla-pracownik\u00f3w1.jpg'><img loading=\"lazy\" decoding=\"async\" width=\"1620\" height=\"1080\" src=\"https:\/\/pb.edu.pl\/sjo\/wp-content\/uploads\/sites\/9\/2020\/09\/warsztaty-kulturowe-dla-pracownik\u00f3w1.jpg\" class=\"attachment-full size-full\" alt=\"\" srcset=\"https:\/\/pb.edu.pl\/sjo\/wp-content\/uploads\/sites\/9\/2020\/09\/warsztaty-kulturowe-dla-pracownik\u00f3w1.jpg 1620w, https:\/\/pb.edu.pl\/sjo\/wp-content\/uploads\/sites\/9\/2020\/09\/warsztaty-kulturowe-dla-pracownik\u00f3w1-300x200.jpg 300w, https:\/\/pb.edu.pl\/sjo\/wp-content\/uploads\/sites\/9\/2020\/09\/warsztaty-kulturowe-dla-pracownik\u00f3w1-1024x683.jpg 1024w, https:\/\/pb.edu.pl\/sjo\/wp-content\/uploads\/sites\/9\/2020\/09\/warsztaty-kulturowe-dla-pracownik\u00f3w1-768x512.jpg 768w, https:\/\/pb.edu.pl\/sjo\/wp-content\/uploads\/sites\/9\/2020\/09\/warsztaty-kulturowe-dla-pracownik\u00f3w1-1536x1024.jpg 1536w, https:\/\/pb.edu.pl\/sjo\/wp-content\/uploads\/sites\/9\/2020\/09\/warsztaty-kulturowe-dla-pracownik\u00f3w1-480x320.jpg 480w\" sizes=\"auto, (max-width: 1620px) 100vw, 1620px\" \/><\/a>\n\t\t\t<\/div><\/figure><figure class='gallery-item'>\n\t\t\t<div class='gallery-icon landscape'>\n\t\t\t\t<a href='https:\/\/pb.edu.pl\/sjo\/wp-content\/uploads\/sites\/9\/2020\/09\/warsztaty-kulturowe-dla-pracownik\u00f3w4.jpg'><img loading=\"lazy\" decoding=\"async\" width=\"1620\" height=\"1080\" src=\"https:\/\/pb.edu.pl\/sjo\/wp-content\/uploads\/sites\/9\/2020\/09\/warsztaty-kulturowe-dla-pracownik\u00f3w4.jpg\" class=\"attachment-full size-full\" alt=\"\" srcset=\"https:\/\/pb.edu.pl\/sjo\/wp-content\/uploads\/sites\/9\/2020\/09\/warsztaty-kulturowe-dla-pracownik\u00f3w4.jpg 1620w, https:\/\/pb.edu.pl\/sjo\/wp-content\/uploads\/sites\/9\/2020\/09\/warsztaty-kulturowe-dla-pracownik\u00f3w4-300x200.jpg 300w, https:\/\/pb.edu.pl\/sjo\/wp-content\/uploads\/sites\/9\/2020\/09\/warsztaty-kulturowe-dla-pracownik\u00f3w4-1024x683.jpg 1024w, https:\/\/pb.edu.pl\/sjo\/wp-content\/uploads\/sites\/9\/2020\/09\/warsztaty-kulturowe-dla-pracownik\u00f3w4-768x512.jpg 768w, https:\/\/pb.edu.pl\/sjo\/wp-content\/uploads\/sites\/9\/2020\/09\/warsztaty-kulturowe-dla-pracownik\u00f3w4-1536x1024.jpg 1536w, https:\/\/pb.edu.pl\/sjo\/wp-content\/uploads\/sites\/9\/2020\/09\/warsztaty-kulturowe-dla-pracownik\u00f3w4-480x320.jpg 480w\" sizes=\"auto, (max-width: 1620px) 100vw, 1620px\" \/><\/a>\n\t\t\t<\/div><\/figure><figure class='gallery-item'>\n\t\t\t<div class='gallery-icon landscape'>\n\t\t\t\t<a href='https:\/\/pb.edu.pl\/sjo\/wp-content\/uploads\/sites\/9\/2020\/09\/warsztaty-kulturowe-dla-pracownik\u00f3w7.jpg'><img loading=\"lazy\" decoding=\"async\" width=\"1620\" height=\"1080\" src=\"https:\/\/pb.edu.pl\/sjo\/wp-content\/uploads\/sites\/9\/2020\/09\/warsztaty-kulturowe-dla-pracownik\u00f3w7.jpg\" class=\"attachment-full size-full\" alt=\"\" srcset=\"https:\/\/pb.edu.pl\/sjo\/wp-content\/uploads\/sites\/9\/2020\/09\/warsztaty-kulturowe-dla-pracownik\u00f3w7.jpg 1620w, https:\/\/pb.edu.pl\/sjo\/wp-content\/uploads\/sites\/9\/2020\/09\/warsztaty-kulturowe-dla-pracownik\u00f3w7-300x200.jpg 300w, https:\/\/pb.edu.pl\/sjo\/wp-content\/uploads\/sites\/9\/2020\/09\/warsztaty-kulturowe-dla-pracownik\u00f3w7-1024x683.jpg 1024w, https:\/\/pb.edu.pl\/sjo\/wp-content\/uploads\/sites\/9\/2020\/09\/warsztaty-kulturowe-dla-pracownik\u00f3w7-768x512.jpg 768w, https:\/\/pb.edu.pl\/sjo\/wp-content\/uploads\/sites\/9\/2020\/09\/warsztaty-kulturowe-dla-pracownik\u00f3w7-1536x1024.jpg 1536w, https:\/\/pb.edu.pl\/sjo\/wp-content\/uploads\/sites\/9\/2020\/09\/warsztaty-kulturowe-dla-pracownik\u00f3w7-480x320.jpg 480w\" sizes=\"auto, (max-width: 1620px) 100vw, 1620px\" \/><\/a>\n\t\t\t<\/div><\/figure><figure class='gallery-item'>\n\t\t\t<div class='gallery-icon landscape'>\n\t\t\t\t<a href='https:\/\/pb.edu.pl\/sjo\/wp-content\/uploads\/sites\/9\/2020\/09\/warsztaty-kulturowe-dla-pracownik\u00f3w9.jpg'><img loading=\"lazy\" decoding=\"async\" width=\"1620\" height=\"1080\" src=\"https:\/\/pb.edu.pl\/sjo\/wp-content\/uploads\/sites\/9\/2020\/09\/warsztaty-kulturowe-dla-pracownik\u00f3w9.jpg\" class=\"attachment-full size-full\" alt=\"\" srcset=\"https:\/\/pb.edu.pl\/sjo\/wp-content\/uploads\/sites\/9\/2020\/09\/warsztaty-kulturowe-dla-pracownik\u00f3w9.jpg 1620w, https:\/\/pb.edu.pl\/sjo\/wp-content\/uploads\/sites\/9\/2020\/09\/warsztaty-kulturowe-dla-pracownik\u00f3w9-300x200.jpg 300w, https:\/\/pb.edu.pl\/sjo\/wp-content\/uploads\/sites\/9\/2020\/09\/warsztaty-kulturowe-dla-pracownik\u00f3w9-1024x683.jpg 1024w, https:\/\/pb.edu.pl\/sjo\/wp-content\/uploads\/sites\/9\/2020\/09\/warsztaty-kulturowe-dla-pracownik\u00f3w9-768x512.jpg 768w, https:\/\/pb.edu.pl\/sjo\/wp-content\/uploads\/sites\/9\/2020\/09\/warsztaty-kulturowe-dla-pracownik\u00f3w9-1536x1024.jpg 1536w, https:\/\/pb.edu.pl\/sjo\/wp-content\/uploads\/sites\/9\/2020\/09\/warsztaty-kulturowe-dla-pracownik\u00f3w9-480x320.jpg 480w\" sizes=\"auto, (max-width: 1620px) 100vw, 1620px\" \/><\/a>\n\t\t\t<\/div><\/figure><figure class='gallery-item'>\n\t\t\t<div class='gallery-icon landscape'>\n\t\t\t\t<a href='https:\/\/pb.edu.pl\/sjo\/wp-content\/uploads\/sites\/9\/2020\/09\/warsztaty-kulturowe-dla-pracownik\u00f3w10.jpg'><img loading=\"lazy\" decoding=\"async\" width=\"1620\" height=\"1080\" src=\"https:\/\/pb.edu.pl\/sjo\/wp-content\/uploads\/sites\/9\/2020\/09\/warsztaty-kulturowe-dla-pracownik\u00f3w10.jpg\" class=\"attachment-full size-full\" alt=\"\" srcset=\"https:\/\/pb.edu.pl\/sjo\/wp-content\/uploads\/sites\/9\/2020\/09\/warsztaty-kulturowe-dla-pracownik\u00f3w10.jpg 1620w, https:\/\/pb.edu.pl\/sjo\/wp-content\/uploads\/sites\/9\/2020\/09\/warsztaty-kulturowe-dla-pracownik\u00f3w10-300x200.jpg 300w, https:\/\/pb.edu.pl\/sjo\/wp-content\/uploads\/sites\/9\/2020\/09\/warsztaty-kulturowe-dla-pracownik\u00f3w10-1024x683.jpg 1024w, https:\/\/pb.edu.pl\/sjo\/wp-content\/uploads\/sites\/9\/2020\/09\/warsztaty-kulturowe-dla-pracownik\u00f3w10-768x512.jpg 768w, https:\/\/pb.edu.pl\/sjo\/wp-content\/uploads\/sites\/9\/2020\/09\/warsztaty-kulturowe-dla-pracownik\u00f3w10-1536x1024.jpg 1536w, https:\/\/pb.edu.pl\/sjo\/wp-content\/uploads\/sites\/9\/2020\/09\/warsztaty-kulturowe-dla-pracownik\u00f3w10-480x320.jpg 480w\" sizes=\"auto, (max-width: 1620px) 100vw, 1620px\" \/><\/a>\n\t\t\t<\/div><\/figure><figure class='gallery-item'>\n\t\t\t<div class='gallery-icon landscape'>\n\t\t\t\t<a href='https:\/\/pb.edu.pl\/sjo\/wp-content\/uploads\/sites\/9\/2020\/09\/warsztaty-kulturowe-dla-pracownik\u00f3w2.jpg'><img loading=\"lazy\" decoding=\"async\" width=\"1620\" height=\"1080\" src=\"https:\/\/pb.edu.pl\/sjo\/wp-content\/uploads\/sites\/9\/2020\/09\/warsztaty-kulturowe-dla-pracownik\u00f3w2.jpg\" class=\"attachment-full size-full\" alt=\"\" srcset=\"https:\/\/pb.edu.pl\/sjo\/wp-content\/uploads\/sites\/9\/2020\/09\/warsztaty-kulturowe-dla-pracownik\u00f3w2.jpg 1620w, https:\/\/pb.edu.pl\/sjo\/wp-content\/uploads\/sites\/9\/2020\/09\/warsztaty-kulturowe-dla-pracownik\u00f3w2-300x200.jpg 300w, https:\/\/pb.edu.pl\/sjo\/wp-content\/uploads\/sites\/9\/2020\/09\/warsztaty-kulturowe-dla-pracownik\u00f3w2-1024x683.jpg 1024w, https:\/\/pb.edu.pl\/sjo\/wp-content\/uploads\/sites\/9\/2020\/09\/warsztaty-kulturowe-dla-pracownik\u00f3w2-768x512.jpg 768w, https:\/\/pb.edu.pl\/sjo\/wp-content\/uploads\/sites\/9\/2020\/09\/warsztaty-kulturowe-dla-pracownik\u00f3w2-1536x1024.jpg 1536w, https:\/\/pb.edu.pl\/sjo\/wp-content\/uploads\/sites\/9\/2020\/09\/warsztaty-kulturowe-dla-pracownik\u00f3w2-480x320.jpg 480w\" sizes=\"auto, (max-width: 1620px) 100vw, 1620px\" \/><\/a>\n\t\t\t<\/div><\/figure><figure class='gallery-item'>\n\t\t\t<div class='gallery-icon landscape'>\n\t\t\t\t<a href='https:\/\/pb.edu.pl\/sjo\/wp-content\/uploads\/sites\/9\/2020\/09\/warsztaty-kulturowe-dla-pracownik\u00f3w6.jpg'><img loading=\"lazy\" decoding=\"async\" width=\"1620\" height=\"1080\" src=\"https:\/\/pb.edu.pl\/sjo\/wp-content\/uploads\/sites\/9\/2020\/09\/warsztaty-kulturowe-dla-pracownik\u00f3w6.jpg\" class=\"attachment-full size-full\" alt=\"\" srcset=\"https:\/\/pb.edu.pl\/sjo\/wp-content\/uploads\/sites\/9\/2020\/09\/warsztaty-kulturowe-dla-pracownik\u00f3w6.jpg 1620w, https:\/\/pb.edu.pl\/sjo\/wp-content\/uploads\/sites\/9\/2020\/09\/warsztaty-kulturowe-dla-pracownik\u00f3w6-300x200.jpg 300w, https:\/\/pb.edu.pl\/sjo\/wp-content\/uploads\/sites\/9\/2020\/09\/warsztaty-kulturowe-dla-pracownik\u00f3w6-1024x683.jpg 1024w, https:\/\/pb.edu.pl\/sjo\/wp-content\/uploads\/sites\/9\/2020\/09\/warsztaty-kulturowe-dla-pracownik\u00f3w6-768x512.jpg 768w, https:\/\/pb.edu.pl\/sjo\/wp-content\/uploads\/sites\/9\/2020\/09\/warsztaty-kulturowe-dla-pracownik\u00f3w6-1536x1024.jpg 1536w, https:\/\/pb.edu.pl\/sjo\/wp-content\/uploads\/sites\/9\/2020\/09\/warsztaty-kulturowe-dla-pracownik\u00f3w6-480x320.jpg 480w\" sizes=\"auto, (max-width: 1620px) 100vw, 1620px\" \/><\/a>\n\t\t\t<\/div><\/figure><figure class='gallery-item'>\n\t\t\t<div class='gallery-icon landscape'>\n\t\t\t\t<a href='https:\/\/pb.edu.pl\/sjo\/wp-content\/uploads\/sites\/9\/2020\/09\/warsztaty-kulturowe-dla-pracownik\u00f3w3.jpg'><img loading=\"lazy\" decoding=\"async\" width=\"1620\" height=\"1080\" src=\"https:\/\/pb.edu.pl\/sjo\/wp-content\/uploads\/sites\/9\/2020\/09\/warsztaty-kulturowe-dla-pracownik\u00f3w3.jpg\" class=\"attachment-full size-full\" alt=\"\" srcset=\"https:\/\/pb.edu.pl\/sjo\/wp-content\/uploads\/sites\/9\/2020\/09\/warsztaty-kulturowe-dla-pracownik\u00f3w3.jpg 1620w, https:\/\/pb.edu.pl\/sjo\/wp-content\/uploads\/sites\/9\/2020\/09\/warsztaty-kulturowe-dla-pracownik\u00f3w3-300x200.jpg 300w, https:\/\/pb.edu.pl\/sjo\/wp-content\/uploads\/sites\/9\/2020\/09\/warsztaty-kulturowe-dla-pracownik\u00f3w3-1024x683.jpg 1024w, https:\/\/pb.edu.pl\/sjo\/wp-content\/uploads\/sites\/9\/2020\/09\/warsztaty-kulturowe-dla-pracownik\u00f3w3-768x512.jpg 768w, https:\/\/pb.edu.pl\/sjo\/wp-content\/uploads\/sites\/9\/2020\/09\/warsztaty-kulturowe-dla-pracownik\u00f3w3-1536x1024.jpg 1536w, https:\/\/pb.edu.pl\/sjo\/wp-content\/uploads\/sites\/9\/2020\/09\/warsztaty-kulturowe-dla-pracownik\u00f3w3-480x320.jpg 480w\" sizes=\"auto, (max-width: 1620px) 100vw, 1620px\" \/><\/a>\n\t\t\t<\/div><\/figure><figure class='gallery-item'>\n\t\t\t<div class='gallery-icon landscape'>\n\t\t\t\t<a href='https:\/\/pb.edu.pl\/sjo\/wp-content\/uploads\/sites\/9\/2020\/09\/warsztaty-kulturowe-dla-pracownik\u00f3w11.jpg'><img loading=\"lazy\" decoding=\"async\" width=\"1620\" height=\"1080\" src=\"https:\/\/pb.edu.pl\/sjo\/wp-content\/uploads\/sites\/9\/2020\/09\/warsztaty-kulturowe-dla-pracownik\u00f3w11.jpg\" class=\"attachment-full size-full\" alt=\"\" srcset=\"https:\/\/pb.edu.pl\/sjo\/wp-content\/uploads\/sites\/9\/2020\/09\/warsztaty-kulturowe-dla-pracownik\u00f3w11.jpg 1620w, https:\/\/pb.edu.pl\/sjo\/wp-content\/uploads\/sites\/9\/2020\/09\/warsztaty-kulturowe-dla-pracownik\u00f3w11-300x200.jpg 300w, https:\/\/pb.edu.pl\/sjo\/wp-content\/uploads\/sites\/9\/2020\/09\/warsztaty-kulturowe-dla-pracownik\u00f3w11-1024x683.jpg 1024w, https:\/\/pb.edu.pl\/sjo\/wp-content\/uploads\/sites\/9\/2020\/09\/warsztaty-kulturowe-dla-pracownik\u00f3w11-768x512.jpg 768w, https:\/\/pb.edu.pl\/sjo\/wp-content\/uploads\/sites\/9\/2020\/09\/warsztaty-kulturowe-dla-pracownik\u00f3w11-1536x1024.jpg 1536w, https:\/\/pb.edu.pl\/sjo\/wp-content\/uploads\/sites\/9\/2020\/09\/warsztaty-kulturowe-dla-pracownik\u00f3w11-480x320.jpg 480w\" sizes=\"auto, (max-width: 1620px) 100vw, 1620px\" \/><\/a>\n\t\t\t<\/div><\/figure><figure class='gallery-item'>\n\t\t\t<div class='gallery-icon landscape'>\n\t\t\t\t<a href='https:\/\/pb.edu.pl\/sjo\/wp-content\/uploads\/sites\/9\/2020\/09\/warsztaty-kulturowe-dla-pracownik\u00f3w8.jpg'><img loading=\"lazy\" decoding=\"async\" width=\"1620\" height=\"1080\" src=\"https:\/\/pb.edu.pl\/sjo\/wp-content\/uploads\/sites\/9\/2020\/09\/warsztaty-kulturowe-dla-pracownik\u00f3w8.jpg\" class=\"attachment-full size-full\" alt=\"\" srcset=\"https:\/\/pb.edu.pl\/sjo\/wp-content\/uploads\/sites\/9\/2020\/09\/warsztaty-kulturowe-dla-pracownik\u00f3w8.jpg 1620w, https:\/\/pb.edu.pl\/sjo\/wp-content\/uploads\/sites\/9\/2020\/09\/warsztaty-kulturowe-dla-pracownik\u00f3w8-300x200.jpg 300w, https:\/\/pb.edu.pl\/sjo\/wp-content\/uploads\/sites\/9\/2020\/09\/warsztaty-kulturowe-dla-pracownik\u00f3w8-1024x683.jpg 1024w, https:\/\/pb.edu.pl\/sjo\/wp-content\/uploads\/sites\/9\/2020\/09\/warsztaty-kulturowe-dla-pracownik\u00f3w8-768x512.jpg 768w, https:\/\/pb.edu.pl\/sjo\/wp-content\/uploads\/sites\/9\/2020\/09\/warsztaty-kulturowe-dla-pracownik\u00f3w8-1536x1024.jpg 1536w, https:\/\/pb.edu.pl\/sjo\/wp-content\/uploads\/sites\/9\/2020\/09\/warsztaty-kulturowe-dla-pracownik\u00f3w8-480x320.jpg 480w\" sizes=\"auto, (max-width: 1620px) 100vw, 1620px\" \/><\/a>\n\t\t\t<\/div><\/figure><figure class='gallery-item'>\n\t\t\t<div class='gallery-icon landscape'>\n\t\t\t\t<a href='https:\/\/pb.edu.pl\/sjo\/wp-content\/uploads\/sites\/9\/2020\/09\/warsztaty-kulturowe-dla-pracownik\u00f3w12.jpg'><img loading=\"lazy\" decoding=\"async\" width=\"1631\" height=\"1080\" src=\"https:\/\/pb.edu.pl\/sjo\/wp-content\/uploads\/sites\/9\/2020\/09\/warsztaty-kulturowe-dla-pracownik\u00f3w12.jpg\" class=\"attachment-full size-full\" alt=\"\" srcset=\"https:\/\/pb.edu.pl\/sjo\/wp-content\/uploads\/sites\/9\/2020\/09\/warsztaty-kulturowe-dla-pracownik\u00f3w12.jpg 1631w, https:\/\/pb.edu.pl\/sjo\/wp-content\/uploads\/sites\/9\/2020\/09\/warsztaty-kulturowe-dla-pracownik\u00f3w12-300x200.jpg 300w, https:\/\/pb.edu.pl\/sjo\/wp-content\/uploads\/sites\/9\/2020\/09\/warsztaty-kulturowe-dla-pracownik\u00f3w12-1024x678.jpg 1024w, https:\/\/pb.edu.pl\/sjo\/wp-content\/uploads\/sites\/9\/2020\/09\/warsztaty-kulturowe-dla-pracownik\u00f3w12-768x509.jpg 768w, https:\/\/pb.edu.pl\/sjo\/wp-content\/uploads\/sites\/9\/2020\/09\/warsztaty-kulturowe-dla-pracownik\u00f3w12-1536x1017.jpg 1536w\" sizes=\"auto, (max-width: 1631px) 100vw, 1631px\" \/><\/a>\n\t\t\t<\/div><\/figure>\n\t\t<\/div>\n\n","protected":false},"excerpt":{"rendered":"<p>Warsztaty pt. Polish Language and Culture Workshops realizowane s\u0105 cyklicznie dla przedstawicieli uczelni partnerskich z<\/p>\n","protected":false},"author":6,"featured_media":0,"parent":26308,"menu_order":0,"comment_status":"closed","ping_status":"closed","template":"","meta":{"_acf_changed":false,"ngg_post_thumbnail":0,"footnotes":""},"class_list":["post-12340","page","type-page","status-publish","hentry"],"acf":[],"yoast_head":"<!-- This site is optimized with the Yoast SEO plugin v27.0 - https:\/\/yoast.com\/product\/yoast-seo-wordpress\/ -->\n<title>Warszaty kulturowe dla pracownik\u00f3w zagranicznych uczelni - Studium J\u0119zyk\u00f3w Obcych<\/title>\n<meta name=\"description\" content=\"Warsztaty pt. Polish Language and Culture Workshops realizowane s\u0105 cyklicznie dla przedstawicieli uczelni partnerskich z r\u00f3\u017cnych stron \u015bwiata. Uczestnicy\" \/>\n<meta name=\"robots\" content=\"index, follow, max-snippet:-1, max-image-preview:large, max-video-preview:-1\" \/>\n<link rel=\"canonical\" href=\"https:\/\/pb.edu.pl\/sjo\/polish-lab\/wydarzenia-kulturalne\/warsztaty-kulturowe\/warszaty-kulturowe-dla-pracownikow-zagranicznych-uczelni\/\" \/>\n<meta property=\"og:locale\" content=\"pl_PL\" \/>\n<meta property=\"og:type\" content=\"article\" \/>\n<meta property=\"og:title\" content=\"Warszaty kulturowe dla pracownik\u00f3w zagranicznych uczelni - Studium J\u0119zyk\u00f3w Obcych\" \/>\n<meta property=\"og:description\" content=\"Warsztaty pt. Polish Language and Culture Workshops realizowane s\u0105 cyklicznie dla przedstawicieli uczelni partnerskich z r\u00f3\u017cnych stron \u015bwiata. Uczestnicy\" \/>\n<meta property=\"og:url\" content=\"https:\/\/pb.edu.pl\/sjo\/polish-lab\/wydarzenia-kulturalne\/warsztaty-kulturowe\/warszaty-kulturowe-dla-pracownikow-zagranicznych-uczelni\/\" \/>\n<meta property=\"og:site_name\" content=\"Studium J\u0119zyk\u00f3w Obcych\" \/>\n<meta property=\"article:modified_time\" content=\"2025-05-27T08:50:27+00:00\" \/>\n<meta property=\"og:image\" content=\"https:\/\/pb.edu.pl\/sjo\/wp-content\/uploads\/sites\/9\/2020\/09\/warsztaty-kulturowe-dla-pracownik\u00f3w5.jpg\" \/>\n<meta name=\"twitter:label1\" content=\"Szacowany czas czytania\" \/>\n\t<meta name=\"twitter:data1\" content=\"1 minuta\" \/>\n<script type=\"application\/ld+json\" class=\"yoast-schema-graph\">{\"@context\":\"https:\/\/schema.org\",\"@graph\":[{\"@type\":\"WebPage\",\"@id\":\"https:\/\/pb.edu.pl\/sjo\/polish-lab\/wydarzenia-kulturalne\/warsztaty-kulturowe\/warszaty-kulturowe-dla-pracownikow-zagranicznych-uczelni\/\",\"url\":\"https:\/\/pb.edu.pl\/sjo\/polish-lab\/wydarzenia-kulturalne\/warsztaty-kulturowe\/warszaty-kulturowe-dla-pracownikow-zagranicznych-uczelni\/\",\"name\":\"Warszaty kulturowe dla pracownik\u00f3w zagranicznych uczelni - Studium J\u0119zyk\u00f3w Obcych\",\"isPartOf\":{\"@id\":\"https:\/\/pb.edu.pl\/sjo\/#website\"},\"datePublished\":\"2022-02-09T08:00:05+00:00\",\"dateModified\":\"2025-05-27T08:50:27+00:00\",\"description\":\"Warsztaty pt. Polish Language and Culture Workshops realizowane s\u0105 cyklicznie dla przedstawicieli uczelni partnerskich z r\u00f3\u017cnych stron \u015bwiata. Uczestnicy\",\"breadcrumb\":{\"@id\":\"https:\/\/pb.edu.pl\/sjo\/polish-lab\/wydarzenia-kulturalne\/warsztaty-kulturowe\/warszaty-kulturowe-dla-pracownikow-zagranicznych-uczelni\/#breadcrumb\"},\"inLanguage\":\"pl-PL\",\"potentialAction\":[{\"@type\":\"ReadAction\",\"target\":[\"https:\/\/pb.edu.pl\/sjo\/polish-lab\/wydarzenia-kulturalne\/warsztaty-kulturowe\/warszaty-kulturowe-dla-pracownikow-zagranicznych-uczelni\/\"]}]},{\"@type\":\"BreadcrumbList\",\"@id\":\"https:\/\/pb.edu.pl\/sjo\/polish-lab\/wydarzenia-kulturalne\/warsztaty-kulturowe\/warszaty-kulturowe-dla-pracownikow-zagranicznych-uczelni\/#breadcrumb\",\"itemListElement\":[{\"@type\":\"ListItem\",\"position\":1,\"name\":\"Home\",\"item\":\"https:\/\/pb.edu.pl\/sjo\/\"},{\"@type\":\"ListItem\",\"position\":2,\"name\":\"Centrum J\u0119zyka i Kultury Polskiej POLISH LAB\",\"item\":\"https:\/\/pb.edu.pl\/sjo\/polish-lab\/\"},{\"@type\":\"ListItem\",\"position\":3,\"name\":\"Wydarzenia kulturalne\",\"item\":\"https:\/\/pb.edu.pl\/sjo\/polish-lab\/wydarzenia-kulturalne\/\"},{\"@type\":\"ListItem\",\"position\":4,\"name\":\"Warsztaty kulturowe\",\"item\":\"https:\/\/pb.edu.pl\/sjo\/polish-lab\/wydarzenia-kulturalne\/warsztaty-kulturowe\/\"},{\"@type\":\"ListItem\",\"position\":5,\"name\":\"Warszaty kulturowe dla pracownik\u00f3w zagranicznych uczelni\"}]},{\"@type\":\"WebSite\",\"@id\":\"https:\/\/pb.edu.pl\/sjo\/#website\",\"url\":\"https:\/\/pb.edu.pl\/sjo\/\",\"name\":\"Studium J\u0119zyk\u00f3w Obcych\",\"description\":\"\",\"potentialAction\":[{\"@type\":\"SearchAction\",\"target\":{\"@type\":\"EntryPoint\",\"urlTemplate\":\"https:\/\/pb.edu.pl\/sjo\/?s={search_term_string}\"},\"query-input\":{\"@type\":\"PropertyValueSpecification\",\"valueRequired\":true,\"valueName\":\"search_term_string\"}}],\"inLanguage\":\"pl-PL\"}]}<\/script>\n<!-- \/ Yoast SEO plugin. -->","yoast_head_json":{"title":"Warszaty kulturowe dla pracownik\u00f3w zagranicznych uczelni - Studium J\u0119zyk\u00f3w Obcych","description":"Warsztaty pt. Polish Language and Culture Workshops realizowane s\u0105 cyklicznie dla przedstawicieli uczelni partnerskich z r\u00f3\u017cnych stron \u015bwiata. Uczestnicy","robots":{"index":"index","follow":"follow","max-snippet":"max-snippet:-1","max-image-preview":"max-image-preview:large","max-video-preview":"max-video-preview:-1"},"canonical":"https:\/\/pb.edu.pl\/sjo\/polish-lab\/wydarzenia-kulturalne\/warsztaty-kulturowe\/warszaty-kulturowe-dla-pracownikow-zagranicznych-uczelni\/","og_locale":"pl_PL","og_type":"article","og_title":"Warszaty kulturowe dla pracownik\u00f3w zagranicznych uczelni - Studium J\u0119zyk\u00f3w Obcych","og_description":"Warsztaty pt. Polish Language and Culture Workshops realizowane s\u0105 cyklicznie dla przedstawicieli uczelni partnerskich z r\u00f3\u017cnych stron \u015bwiata. Uczestnicy","og_url":"https:\/\/pb.edu.pl\/sjo\/polish-lab\/wydarzenia-kulturalne\/warsztaty-kulturowe\/warszaty-kulturowe-dla-pracownikow-zagranicznych-uczelni\/","og_site_name":"Studium J\u0119zyk\u00f3w Obcych","article_modified_time":"2025-05-27T08:50:27+00:00","og_image":[{"url":"https:\/\/pb.edu.pl\/sjo\/wp-content\/uploads\/sites\/9\/2020\/09\/warsztaty-kulturowe-dla-pracownik\u00f3w5.jpg","type":"","width":"","height":""}],"twitter_misc":{"Szacowany czas czytania":"1 minuta"},"schema":{"@context":"https:\/\/schema.org","@graph":[{"@type":"WebPage","@id":"https:\/\/pb.edu.pl\/sjo\/polish-lab\/wydarzenia-kulturalne\/warsztaty-kulturowe\/warszaty-kulturowe-dla-pracownikow-zagranicznych-uczelni\/","url":"https:\/\/pb.edu.pl\/sjo\/polish-lab\/wydarzenia-kulturalne\/warsztaty-kulturowe\/warszaty-kulturowe-dla-pracownikow-zagranicznych-uczelni\/","name":"Warszaty kulturowe dla pracownik\u00f3w zagranicznych uczelni - Studium J\u0119zyk\u00f3w Obcych","isPartOf":{"@id":"https:\/\/pb.edu.pl\/sjo\/#website"},"datePublished":"2022-02-09T08:00:05+00:00","dateModified":"2025-05-27T08:50:27+00:00","description":"Warsztaty pt. Polish Language and Culture Workshops realizowane s\u0105 cyklicznie dla przedstawicieli uczelni partnerskich z r\u00f3\u017cnych stron \u015bwiata. Uczestnicy","breadcrumb":{"@id":"https:\/\/pb.edu.pl\/sjo\/polish-lab\/wydarzenia-kulturalne\/warsztaty-kulturowe\/warszaty-kulturowe-dla-pracownikow-zagranicznych-uczelni\/#breadcrumb"},"inLanguage":"pl-PL","potentialAction":[{"@type":"ReadAction","target":["https:\/\/pb.edu.pl\/sjo\/polish-lab\/wydarzenia-kulturalne\/warsztaty-kulturowe\/warszaty-kulturowe-dla-pracownikow-zagranicznych-uczelni\/"]}]},{"@type":"BreadcrumbList","@id":"https:\/\/pb.edu.pl\/sjo\/polish-lab\/wydarzenia-kulturalne\/warsztaty-kulturowe\/warszaty-kulturowe-dla-pracownikow-zagranicznych-uczelni\/#breadcrumb","itemListElement":[{"@type":"ListItem","position":1,"name":"Home","item":"https:\/\/pb.edu.pl\/sjo\/"},{"@type":"ListItem","position":2,"name":"Centrum J\u0119zyka i Kultury Polskiej POLISH LAB","item":"https:\/\/pb.edu.pl\/sjo\/polish-lab\/"},{"@type":"ListItem","position":3,"name":"Wydarzenia kulturalne","item":"https:\/\/pb.edu.pl\/sjo\/polish-lab\/wydarzenia-kulturalne\/"},{"@type":"ListItem","position":4,"name":"Warsztaty kulturowe","item":"https:\/\/pb.edu.pl\/sjo\/polish-lab\/wydarzenia-kulturalne\/warsztaty-kulturowe\/"},{"@type":"ListItem","position":5,"name":"Warszaty kulturowe dla pracownik\u00f3w zagranicznych uczelni"}]},{"@type":"WebSite","@id":"https:\/\/pb.edu.pl\/sjo\/#website","url":"https:\/\/pb.edu.pl\/sjo\/","name":"Studium J\u0119zyk\u00f3w Obcych","description":"","potentialAction":[{"@type":"SearchAction","target":{"@type":"EntryPoint","urlTemplate":"https:\/\/pb.edu.pl\/sjo\/?s={search_term_string}"},"query-input":{"@type":"PropertyValueSpecification","valueRequired":true,"valueName":"search_term_string"}}],"inLanguage":"pl-PL"}]}},"_links":{"self":[{"href":"https:\/\/pb.edu.pl\/sjo\/wp-json\/wp\/v2\/pages\/12340","targetHints":{"allow":["GET"]}}],"collection":[{"href":"https:\/\/pb.edu.pl\/sjo\/wp-json\/wp\/v2\/pages"}],"about":[{"href":"https:\/\/pb.edu.pl\/sjo\/wp-json\/wp\/v2\/types\/page"}],"author":[{"embeddable":true,"href":"https:\/\/pb.edu.pl\/sjo\/wp-json\/wp\/v2\/users\/6"}],"replies":[{"embeddable":true,"href":"https:\/\/pb.edu.pl\/sjo\/wp-json\/wp\/v2\/comments?post=12340"}],"version-history":[{"count":0,"href":"https:\/\/pb.edu.pl\/sjo\/wp-json\/wp\/v2\/pages\/12340\/revisions"}],"up":[{"embeddable":true,"href":"https:\/\/pb.edu.pl\/sjo\/wp-json\/wp\/v2\/pages\/26308"}],"wp:attachment":[{"href":"https:\/\/pb.edu.pl\/sjo\/wp-json\/wp\/v2\/media?parent=12340"}],"curies":[{"name":"wp","href":"https:\/\/api.w.org\/{rel}","templated":true}]}}