{"id":12296,"date":"2022-01-24T11:44:13","date_gmt":"2022-01-24T10:44:13","guid":{"rendered":"https:\/\/pb.edu.pl\/sjo\/?page_id=12296"},"modified":"2022-05-04T11:08:19","modified_gmt":"2022-05-04T09:08:19","slug":"porady-jezykowe","status":"publish","type":"page","link":"https:\/\/pb.edu.pl\/sjo\/dla-studenta\/ciekawe-uzyteczne\/ciekawostki-2\/porady-jezykowe\/","title":{"rendered":"Porady j\u0119zykowe"},"content":{"rendered":"<p><a href=\"https:\/\/pb.edu.pl\/sjo\/dla-studenta\/ciekawe-uzyteczne\/quizy-z-windy\/quiz-1\/\"><span style=\"font-size: 12pt\">Czasy w j\u0119zyku angielskim<\/span><\/a><\/p>\n<p><a href=\"https:\/\/pb.edu.pl\/sjo\/dla-studenta\/ciekawe-uzyteczne\/quizy-z-windy\/quiz-2\/\">Przeczenie<\/a><\/p>\n<p><a href=\"https:\/\/pb.edu.pl\/sjo\/dla-studenta\/ciekawe-uzyteczne\/quizy-z-windy\/quiz-3\/\"><span style=\"font-size: 12pt\">Jak zacz\u0105\u0107 email?<\/span><\/a><\/p>\n<p><a href=\"https:\/\/www.profi-lingua.pl\/blog\/list-po-angielsku-przyklady-i-przydatne-zwroty\"><span style=\"font-size: 12pt\">List po angielsku &#8211; przyk\u0142ady i przydatne zwroty<\/span><\/a><\/p>\n","protected":false},"excerpt":{"rendered":"<p>Czasy w j\u0119zyku angielskim Przeczenie Jak zacz\u0105\u0107 email? List po angielsku &#8211; przyk\u0142ady i przydatne<\/p>\n","protected":false},"author":6,"featured_media":0,"parent":7216,"menu_order":0,"comment_status":"closed","ping_status":"closed","template":"","meta":{"_acf_changed":false,"ngg_post_thumbnail":0,"footnotes":""},"class_list":["post-12296","page","type-page","status-publish","hentry"],"acf":[],"yoast_head":"<!-- This site is optimized with the Yoast SEO plugin v27.0 - https:\/\/yoast.com\/product\/yoast-seo-wordpress\/ -->\n<title>Porady j\u0119zykowe - Studium J\u0119zyk\u00f3w Obcych<\/title>\n<meta name=\"description\" content=\"Czasy w j\u0119zyku angielskim  Przeczenie  Jak zacz\u0105\u0107 email?  List po angielsku - przyk\u0142ady i przydatne zwroty\" \/>\n<meta name=\"robots\" content=\"index, follow, max-snippet:-1, max-image-preview:large, max-video-preview:-1\" \/>\n<link rel=\"canonical\" href=\"https:\/\/pb.edu.pl\/sjo\/dla-studenta\/ciekawe-uzyteczne\/ciekawostki-2\/porady-jezykowe\/\" \/>\n<meta property=\"og:locale\" content=\"pl_PL\" \/>\n<meta property=\"og:type\" content=\"article\" \/>\n<meta property=\"og:title\" content=\"Porady j\u0119zykowe - Studium J\u0119zyk\u00f3w Obcych\" \/>\n<meta property=\"og:description\" content=\"Czasy w j\u0119zyku angielskim  Przeczenie  Jak zacz\u0105\u0107 email?  List po angielsku - przyk\u0142ady i przydatne zwroty\" \/>\n<meta property=\"og:url\" content=\"https:\/\/pb.edu.pl\/sjo\/dla-studenta\/ciekawe-uzyteczne\/ciekawostki-2\/porady-jezykowe\/\" \/>\n<meta property=\"og:site_name\" content=\"Studium J\u0119zyk\u00f3w Obcych\" \/>\n<meta property=\"article:modified_time\" content=\"2022-05-04T09:08:19+00:00\" \/>\n<script type=\"application\/ld+json\" class=\"yoast-schema-graph\">{\"@context\":\"https:\/\/schema.org\",\"@graph\":[{\"@type\":\"WebPage\",\"@id\":\"https:\/\/pb.edu.pl\/sjo\/dla-studenta\/ciekawe-uzyteczne\/ciekawostki-2\/porady-jezykowe\/\",\"url\":\"https:\/\/pb.edu.pl\/sjo\/dla-studenta\/ciekawe-uzyteczne\/ciekawostki-2\/porady-jezykowe\/\",\"name\":\"Porady j\u0119zykowe - Studium J\u0119zyk\u00f3w Obcych\",\"isPartOf\":{\"@id\":\"https:\/\/pb.edu.pl\/sjo\/#website\"},\"datePublished\":\"2022-01-24T10:44:13+00:00\",\"dateModified\":\"2022-05-04T09:08:19+00:00\",\"description\":\"Czasy w j\u0119zyku angielskim Przeczenie Jak zacz\u0105\u0107 email? List po angielsku - przyk\u0142ady i przydatne zwroty\",\"breadcrumb\":{\"@id\":\"https:\/\/pb.edu.pl\/sjo\/dla-studenta\/ciekawe-uzyteczne\/ciekawostki-2\/porady-jezykowe\/#breadcrumb\"},\"inLanguage\":\"pl-PL\",\"potentialAction\":[{\"@type\":\"ReadAction\",\"target\":[\"https:\/\/pb.edu.pl\/sjo\/dla-studenta\/ciekawe-uzyteczne\/ciekawostki-2\/porady-jezykowe\/\"]}]},{\"@type\":\"BreadcrumbList\",\"@id\":\"https:\/\/pb.edu.pl\/sjo\/dla-studenta\/ciekawe-uzyteczne\/ciekawostki-2\/porady-jezykowe\/#breadcrumb\",\"itemListElement\":[{\"@type\":\"ListItem\",\"position\":1,\"name\":\"Home\",\"item\":\"https:\/\/pb.edu.pl\/sjo\/\"},{\"@type\":\"ListItem\",\"position\":2,\"name\":\"Studiuj\u0119 w PB\",\"item\":\"https:\/\/pb.edu.pl\/sjo\/dla-studenta\/\"},{\"@type\":\"ListItem\",\"position\":3,\"name\":\"Ciekawe i u\u017cyteczne\",\"item\":\"https:\/\/pb.edu.pl\/sjo\/dla-studenta\/ciekawe-uzyteczne\/\"},{\"@type\":\"ListItem\",\"position\":4,\"name\":\"Ciekawostki\",\"item\":\"https:\/\/pb.edu.pl\/sjo\/dla-studenta\/ciekawe-uzyteczne\/ciekawostki-2\/\"},{\"@type\":\"ListItem\",\"position\":5,\"name\":\"Porady j\u0119zykowe\"}]},{\"@type\":\"WebSite\",\"@id\":\"https:\/\/pb.edu.pl\/sjo\/#website\",\"url\":\"https:\/\/pb.edu.pl\/sjo\/\",\"name\":\"Studium J\u0119zyk\u00f3w Obcych\",\"description\":\"\",\"potentialAction\":[{\"@type\":\"SearchAction\",\"target\":{\"@type\":\"EntryPoint\",\"urlTemplate\":\"https:\/\/pb.edu.pl\/sjo\/?s={search_term_string}\"},\"query-input\":{\"@type\":\"PropertyValueSpecification\",\"valueRequired\":true,\"valueName\":\"search_term_string\"}}],\"inLanguage\":\"pl-PL\"}]}<\/script>\n<!-- \/ Yoast SEO plugin. -->","yoast_head_json":{"title":"Porady j\u0119zykowe - Studium J\u0119zyk\u00f3w Obcych","description":"Czasy w j\u0119zyku angielskim  Przeczenie  Jak zacz\u0105\u0107 email?  List po angielsku - przyk\u0142ady i przydatne zwroty","robots":{"index":"index","follow":"follow","max-snippet":"max-snippet:-1","max-image-preview":"max-image-preview:large","max-video-preview":"max-video-preview:-1"},"canonical":"https:\/\/pb.edu.pl\/sjo\/dla-studenta\/ciekawe-uzyteczne\/ciekawostki-2\/porady-jezykowe\/","og_locale":"pl_PL","og_type":"article","og_title":"Porady j\u0119zykowe - Studium J\u0119zyk\u00f3w Obcych","og_description":"Czasy w j\u0119zyku angielskim  Przeczenie  Jak zacz\u0105\u0107 email?  List po angielsku - przyk\u0142ady i przydatne zwroty","og_url":"https:\/\/pb.edu.pl\/sjo\/dla-studenta\/ciekawe-uzyteczne\/ciekawostki-2\/porady-jezykowe\/","og_site_name":"Studium J\u0119zyk\u00f3w Obcych","article_modified_time":"2022-05-04T09:08:19+00:00","schema":{"@context":"https:\/\/schema.org","@graph":[{"@type":"WebPage","@id":"https:\/\/pb.edu.pl\/sjo\/dla-studenta\/ciekawe-uzyteczne\/ciekawostki-2\/porady-jezykowe\/","url":"https:\/\/pb.edu.pl\/sjo\/dla-studenta\/ciekawe-uzyteczne\/ciekawostki-2\/porady-jezykowe\/","name":"Porady j\u0119zykowe - Studium J\u0119zyk\u00f3w Obcych","isPartOf":{"@id":"https:\/\/pb.edu.pl\/sjo\/#website"},"datePublished":"2022-01-24T10:44:13+00:00","dateModified":"2022-05-04T09:08:19+00:00","description":"Czasy w j\u0119zyku angielskim Przeczenie Jak zacz\u0105\u0107 email? List po angielsku - przyk\u0142ady i przydatne zwroty","breadcrumb":{"@id":"https:\/\/pb.edu.pl\/sjo\/dla-studenta\/ciekawe-uzyteczne\/ciekawostki-2\/porady-jezykowe\/#breadcrumb"},"inLanguage":"pl-PL","potentialAction":[{"@type":"ReadAction","target":["https:\/\/pb.edu.pl\/sjo\/dla-studenta\/ciekawe-uzyteczne\/ciekawostki-2\/porady-jezykowe\/"]}]},{"@type":"BreadcrumbList","@id":"https:\/\/pb.edu.pl\/sjo\/dla-studenta\/ciekawe-uzyteczne\/ciekawostki-2\/porady-jezykowe\/#breadcrumb","itemListElement":[{"@type":"ListItem","position":1,"name":"Home","item":"https:\/\/pb.edu.pl\/sjo\/"},{"@type":"ListItem","position":2,"name":"Studiuj\u0119 w PB","item":"https:\/\/pb.edu.pl\/sjo\/dla-studenta\/"},{"@type":"ListItem","position":3,"name":"Ciekawe i u\u017cyteczne","item":"https:\/\/pb.edu.pl\/sjo\/dla-studenta\/ciekawe-uzyteczne\/"},{"@type":"ListItem","position":4,"name":"Ciekawostki","item":"https:\/\/pb.edu.pl\/sjo\/dla-studenta\/ciekawe-uzyteczne\/ciekawostki-2\/"},{"@type":"ListItem","position":5,"name":"Porady j\u0119zykowe"}]},{"@type":"WebSite","@id":"https:\/\/pb.edu.pl\/sjo\/#website","url":"https:\/\/pb.edu.pl\/sjo\/","name":"Studium J\u0119zyk\u00f3w Obcych","description":"","potentialAction":[{"@type":"SearchAction","target":{"@type":"EntryPoint","urlTemplate":"https:\/\/pb.edu.pl\/sjo\/?s={search_term_string}"},"query-input":{"@type":"PropertyValueSpecification","valueRequired":true,"valueName":"search_term_string"}}],"inLanguage":"pl-PL"}]}},"_links":{"self":[{"href":"https:\/\/pb.edu.pl\/sjo\/wp-json\/wp\/v2\/pages\/12296","targetHints":{"allow":["GET"]}}],"collection":[{"href":"https:\/\/pb.edu.pl\/sjo\/wp-json\/wp\/v2\/pages"}],"about":[{"href":"https:\/\/pb.edu.pl\/sjo\/wp-json\/wp\/v2\/types\/page"}],"author":[{"embeddable":true,"href":"https:\/\/pb.edu.pl\/sjo\/wp-json\/wp\/v2\/users\/6"}],"replies":[{"embeddable":true,"href":"https:\/\/pb.edu.pl\/sjo\/wp-json\/wp\/v2\/comments?post=12296"}],"version-history":[{"count":0,"href":"https:\/\/pb.edu.pl\/sjo\/wp-json\/wp\/v2\/pages\/12296\/revisions"}],"up":[{"embeddable":true,"href":"https:\/\/pb.edu.pl\/sjo\/wp-json\/wp\/v2\/pages\/7216"}],"wp:attachment":[{"href":"https:\/\/pb.edu.pl\/sjo\/wp-json\/wp\/v2\/media?parent=12296"}],"curies":[{"name":"wp","href":"https:\/\/api.w.org\/{rel}","templated":true}]}}