{"id":12219,"date":"2021-12-31T16:40:24","date_gmt":"2021-12-31T15:40:24","guid":{"rendered":"https:\/\/pb.edu.pl\/sjo\/?page_id=12219"},"modified":"2024-02-02T09:57:15","modified_gmt":"2024-02-02T08:57:15","slug":"wosp","status":"publish","type":"page","link":"https:\/\/pb.edu.pl\/sjo\/polish-lab\/czy-wiecie-ze\/wosp\/","title":{"rendered":"Ciekawe"},"content":{"rendered":"<p><img loading=\"lazy\" decoding=\"async\" class=\"alignright wp-image-12220\" src=\"https:\/\/pb.edu.pl\/sjo\/wp-content\/uploads\/sites\/9\/2021\/12\/18-logo_WOSP_podglad.jpg\" alt=\"\" width=\"107\" height=\"90\"><\/p>\n<p><span style=\"font-family: verdana, geneva, sans-serif;font-size: 12pt\"><span style=\"font-size: 14pt\"><strong>Wielka Orkiestra \u015awi\u0105tecznej Pomocy<\/strong><\/span> \u2013 jedyna w swoim rodzaju organizacja pozarz\u0105dowa, niezwykle skuteczna w ratowaniu zdrowia i \u017cycia os\u00f3b chorych, w szczeg\u00f3lno\u015bci dzieci, a w ostatnich latach r\u00f3wnie\u017c os\u00f3b starszych.<\/span><\/p>\n<p><span style=\"font-family: verdana, geneva, sans-serif;font-size: 12pt\">Fundacja WO\u015aP najbardziej nam si\u0119 kojarzy ze publiczn\u0105 zbi\u00f3rk\u0105 pieni\u0119dzy zwan\u0105 <a href=\"http:\/\/wosp.org.pl\/final\">Fina\u0142em WO\u015aP.<\/a> Ka\u017cdego roku w styczniu, nawet w najwi\u0119kszy mr\u00f3z i \u015bnie\u017cyc\u0119, na ulice miast, miasteczek i wsi wychodz\u0105 tysi\u0105ce wolontariuszy z puszkami i my, niemal wszyscy Polacy, \u017ceby zbiera\u0107 (lub ofiarowa\u0107) pieni\u0105dze na konkretny cel medyczny. Za wrzucenie jakiejkolwiek kwoty do puszki darczy\u0144cy dostaj\u0105 charakterystyczn\u0105 naklejk\u0119 z czerwonym serduszkiem.<\/span><\/p>\n<p><span style=\"font-family: verdana, geneva, sans-serif;font-size: 12pt\">Ale to nie wszystko. Wielki Fina\u0142 to najbardziej efektowny element pracy du\u017cego zespo\u0142u wspania\u0142ych ludzi. Jednak przez ca\u0142y rok zbieraj\u0105 oni fundusze na najnowocze\u015bniejszy sprz\u0119t medyczny do szpitali w ca\u0142ej Polsce, prowadz\u0105 programy medyczne i edukacyjne, a tak\u017ce organizuj\u0105 coroczny festiwal muzyczny Woodstock z my\u015bl\u0105 o swoich wolontariuszach.<\/span><\/p>\n<p><span style=\"font-family: verdana, geneva, sans-serif;font-size: 12pt\">Fundacja WO\u015aP od pocz\u0105tku, czyli od 1993 r., jest kierowana przez charyzmatycznego Jurka Owsiaka, pomys\u0142odawc\u0119 i g\u0142\u00f3wn\u0105 si\u0142\u0119 nap\u0119dow\u0105 dzia\u0142a\u0144.<\/span><\/p>\n<p><span style=\"font-family: verdana, geneva, sans-serif;font-size: 12pt\">W ci\u0105gu 31 Fina\u0142\u00f3w WO\u015aP Orkiestra zebra\u0142a i przekaza\u0142a na wsparcie polskiej medycyny sum\u0119 prawie <\/span>2 miliardy PLN i kupi\u0142a ponad 71 500 urz\u0105dze\u0144<span style=\"font-family: verdana, geneva, sans-serif;font-size: 12pt\">. W ubieg\u0142ym roku zebrana kwota wynios\u0142a a\u017c 224 376 706 z\u0142!<br \/>\n<\/span><\/p>\n<p><span style=\"font-family: verdana, geneva, sans-serif;font-size: 12pt\"><strong>28 stycznia 2024 r. mia\u0142 miejsce kolejny Fina\u0142 WO\u015aP<\/strong>.Celem 32. Fina\u0142u WO\u015aP s\u0105 \u201e<strong>P\u0142uca po pandemii. Gramy dla dzieci i doros\u0142ych!<\/strong>\u201d.<\/span><\/p>\n<p><span style=\"font-family: verdana, geneva, sans-serif;font-size: 12pt\">Aktualnie trwaj\u0105 aukcje i odbywa si\u0119 liczeni zebranych pieni\u0119dzy. O rezultacie poinformujemy Was w tym miejscu w marcu!<\/span><\/p>\n<p>&nbsp;<\/p>\n<div id='gallery-1' class='gallery galleryid-12219 gallery-columns-4 gallery-size-medium'><figure class='gallery-item'>\n\t\t\t<div class='gallery-icon landscape'>\n\t\t\t\t<a href='https:\/\/pb.edu.pl\/sjo\/polish-lab\/czy-wiecie-ze\/wosp\/09_32_final_wosp_temat_data_1920x1080\/'><img loading=\"lazy\" decoding=\"async\" width=\"300\" height=\"169\" src=\"https:\/\/pb.edu.pl\/sjo\/wp-content\/uploads\/sites\/9\/2024\/02\/09_32_final_wosp_temat_data_1920x1080-300x169.webp\" class=\"attachment-medium size-medium\" alt=\"\" srcset=\"https:\/\/pb.edu.pl\/sjo\/wp-content\/uploads\/sites\/9\/2024\/02\/09_32_final_wosp_temat_data_1920x1080-300x169.webp 300w, https:\/\/pb.edu.pl\/sjo\/wp-content\/uploads\/sites\/9\/2024\/02\/09_32_final_wosp_temat_data_1920x1080-1024x576.webp 1024w, https:\/\/pb.edu.pl\/sjo\/wp-content\/uploads\/sites\/9\/2024\/02\/09_32_final_wosp_temat_data_1920x1080-768x432.webp 768w, https:\/\/pb.edu.pl\/sjo\/wp-content\/uploads\/sites\/9\/2024\/02\/09_32_final_wosp_temat_data_1920x1080-1536x864.webp 1536w, https:\/\/pb.edu.pl\/sjo\/wp-content\/uploads\/sites\/9\/2024\/02\/09_32_final_wosp_temat_data_1920x1080.webp 1600w\" sizes=\"auto, (max-width: 300px) 100vw, 300px\" \/><\/a>\n\t\t\t<\/div><\/figure><figure class='gallery-item'>\n\t\t\t<div class='gallery-icon landscape'>\n\t\t\t\t<a href='https:\/\/pb.edu.pl\/sjo\/polish-lab\/czy-wiecie-ze\/wosp\/18-puszki-2022\/'><img loading=\"lazy\" decoding=\"async\" width=\"300\" height=\"200\" src=\"https:\/\/pb.edu.pl\/sjo\/wp-content\/uploads\/sites\/9\/2021\/12\/18-puszki-2022-300x200.jpg\" class=\"attachment-medium size-medium\" alt=\"puszki WO\u015aP na rok 2022\" srcset=\"https:\/\/pb.edu.pl\/sjo\/wp-content\/uploads\/sites\/9\/2021\/12\/18-puszki-2022-300x200.jpg 300w, https:\/\/pb.edu.pl\/sjo\/wp-content\/uploads\/sites\/9\/2021\/12\/18-puszki-2022-1024x681.jpg 1024w, https:\/\/pb.edu.pl\/sjo\/wp-content\/uploads\/sites\/9\/2021\/12\/18-puszki-2022-768x511.jpg 768w, https:\/\/pb.edu.pl\/sjo\/wp-content\/uploads\/sites\/9\/2021\/12\/18-puszki-2022-1536x1021.jpg 1536w, https:\/\/pb.edu.pl\/sjo\/wp-content\/uploads\/sites\/9\/2021\/12\/18-puszki-2022-480x320.jpg 480w, https:\/\/pb.edu.pl\/sjo\/wp-content\/uploads\/sites\/9\/2021\/12\/18-puszki-2022.jpg 1600w\" sizes=\"auto, (max-width: 300px) 100vw, 300px\" \/><\/a>\n\t\t\t<\/div><\/figure><figure class='gallery-item'>\n\t\t\t<div class='gallery-icon landscape'>\n\t\t\t\t<a href='https:\/\/pb.edu.pl\/sjo\/polish-lab\/czy-wiecie-ze\/wosp\/18-wosp-japon\/'><img loading=\"lazy\" decoding=\"async\" width=\"300\" height=\"200\" src=\"https:\/\/pb.edu.pl\/sjo\/wp-content\/uploads\/sites\/9\/2021\/12\/18-wosp-japon-300x200.jpg\" class=\"attachment-medium size-medium\" alt=\"zdj\u0119cie zbiorowe z wolontaruszami\" srcset=\"https:\/\/pb.edu.pl\/sjo\/wp-content\/uploads\/sites\/9\/2021\/12\/18-wosp-japon-300x200.jpg 300w, https:\/\/pb.edu.pl\/sjo\/wp-content\/uploads\/sites\/9\/2021\/12\/18-wosp-japon-480x320.jpg 480w, https:\/\/pb.edu.pl\/sjo\/wp-content\/uploads\/sites\/9\/2021\/12\/18-wosp-japon.jpg 750w\" sizes=\"auto, (max-width: 300px) 100vw, 300px\" \/><\/a>\n\t\t\t<\/div><\/figure><figure class='gallery-item'>\n\t\t\t<div class='gallery-icon landscape'>\n\t\t\t\t<a href='https:\/\/pb.edu.pl\/sjo\/polish-lab\/czy-wiecie-ze\/wosp\/18-sprzet-med\/'><img loading=\"lazy\" decoding=\"async\" width=\"300\" height=\"200\" src=\"https:\/\/pb.edu.pl\/sjo\/wp-content\/uploads\/sites\/9\/2021\/12\/18-sprzet-med-300x200.jpg\" class=\"attachment-medium size-medium\" alt=\"sprz\u0119t medyczny\" srcset=\"https:\/\/pb.edu.pl\/sjo\/wp-content\/uploads\/sites\/9\/2021\/12\/18-sprzet-med-300x200.jpg 300w, https:\/\/pb.edu.pl\/sjo\/wp-content\/uploads\/sites\/9\/2021\/12\/18-sprzet-med-480x320.jpg 480w, https:\/\/pb.edu.pl\/sjo\/wp-content\/uploads\/sites\/9\/2021\/12\/18-sprzet-med.jpg 750w\" sizes=\"auto, (max-width: 300px) 100vw, 300px\" \/><\/a>\n\t\t\t<\/div><\/figure>\n\t\t<\/div>\n\n<div id='gallery-2' class='gallery galleryid-12219 gallery-columns-4 gallery-size-thumbnail'><figure class='gallery-item'>\n\t\t\t<div class='gallery-icon landscape'>\n\t\t\t\t<a href='https:\/\/pb.edu.pl\/sjo\/polish-lab\/czy-wiecie-ze\/wosp\/18-wosp-wawa\/'><img loading=\"lazy\" decoding=\"async\" width=\"300\" height=\"200\" src=\"https:\/\/pb.edu.pl\/sjo\/wp-content\/uploads\/sites\/9\/2021\/12\/18-wosp-wawa-300x200.jpg\" class=\"attachment-thumbnail size-thumbnail\" alt=\"wolontariusze z puszkami wo\u015bp\" srcset=\"https:\/\/pb.edu.pl\/sjo\/wp-content\/uploads\/sites\/9\/2021\/12\/18-wosp-wawa-300x200.jpg 300w, https:\/\/pb.edu.pl\/sjo\/wp-content\/uploads\/sites\/9\/2021\/12\/18-wosp-wawa-480x320.jpg 480w, https:\/\/pb.edu.pl\/sjo\/wp-content\/uploads\/sites\/9\/2021\/12\/18-wosp-wawa.jpg 750w\" sizes=\"auto, (max-width: 300px) 100vw, 300px\" \/><\/a>\n\t\t\t<\/div><\/figure><figure class='gallery-item'>\n\t\t\t<div class='gallery-icon landscape'>\n\t\t\t\t<a href='https:\/\/pb.edu.pl\/sjo\/polish-lab\/czy-wiecie-ze\/wosp\/18-wosp-studio\/'><img loading=\"lazy\" decoding=\"async\" width=\"300\" height=\"200\" src=\"https:\/\/pb.edu.pl\/sjo\/wp-content\/uploads\/sites\/9\/2021\/12\/18-wosp-studio-300x200.jpg\" class=\"attachment-thumbnail size-thumbnail\" alt=\"\" srcset=\"https:\/\/pb.edu.pl\/sjo\/wp-content\/uploads\/sites\/9\/2021\/12\/18-wosp-studio-300x200.jpg 300w, https:\/\/pb.edu.pl\/sjo\/wp-content\/uploads\/sites\/9\/2021\/12\/18-wosp-studio-480x320.jpg 480w\" sizes=\"auto, (max-width: 300px) 100vw, 300px\" \/><\/a>\n\t\t\t<\/div><\/figure><figure class='gallery-item'>\n\t\t\t<div class='gallery-icon landscape'>\n\t\t\t\t<a href='https:\/\/pb.edu.pl\/sjo\/polish-lab\/czy-wiecie-ze\/wosp\/18-sprzet\/'><img loading=\"lazy\" decoding=\"async\" width=\"300\" height=\"200\" src=\"https:\/\/pb.edu.pl\/sjo\/wp-content\/uploads\/sites\/9\/2021\/12\/18-sprzet-300x200.jpg\" class=\"attachment-thumbnail size-thumbnail\" alt=\"\" srcset=\"https:\/\/pb.edu.pl\/sjo\/wp-content\/uploads\/sites\/9\/2021\/12\/18-sprzet-300x200.jpg 300w, https:\/\/pb.edu.pl\/sjo\/wp-content\/uploads\/sites\/9\/2021\/12\/18-sprzet-480x320.jpg 480w, https:\/\/pb.edu.pl\/sjo\/wp-content\/uploads\/sites\/9\/2021\/12\/18-sprzet.jpg 750w\" sizes=\"auto, (max-width: 300px) 100vw, 300px\" \/><\/a>\n\t\t\t<\/div><\/figure><figure class='gallery-item'>\n\t\t\t<div class='gallery-icon landscape'>\n\t\t\t\t<a href='https:\/\/pb.edu.pl\/sjo\/polish-lab\/czy-wiecie-ze\/wosp\/18-puszka\/'><img loading=\"lazy\" decoding=\"async\" width=\"300\" height=\"200\" src=\"https:\/\/pb.edu.pl\/sjo\/wp-content\/uploads\/sites\/9\/2021\/12\/18-puszka-300x200.jpg\" class=\"attachment-thumbnail size-thumbnail\" alt=\"wolontariusze z puszkami wo\u015bp\" srcset=\"https:\/\/pb.edu.pl\/sjo\/wp-content\/uploads\/sites\/9\/2021\/12\/18-puszka-300x200.jpg 300w, https:\/\/pb.edu.pl\/sjo\/wp-content\/uploads\/sites\/9\/2021\/12\/18-puszka-480x320.jpg 480w, https:\/\/pb.edu.pl\/sjo\/wp-content\/uploads\/sites\/9\/2021\/12\/18-puszka.jpg 750w\" sizes=\"auto, (max-width: 300px) 100vw, 300px\" \/><\/a>\n\t\t\t<\/div><\/figure><figure class='gallery-item'>\n\t\t\t<div class='gallery-icon landscape'>\n\t\t\t\t<a href='https:\/\/pb.edu.pl\/sjo\/polish-lab\/czy-wiecie-ze\/wosp\/18-pr-eduk\/'><img loading=\"lazy\" decoding=\"async\" width=\"300\" height=\"200\" src=\"https:\/\/pb.edu.pl\/sjo\/wp-content\/uploads\/sites\/9\/2021\/12\/18-pr-eduk-300x200.jpg\" class=\"attachment-thumbnail size-thumbnail\" alt=\"dzieci podczas zaj\u0119\u0107 edukacyjnych w namiocie\" srcset=\"https:\/\/pb.edu.pl\/sjo\/wp-content\/uploads\/sites\/9\/2021\/12\/18-pr-eduk-300x200.jpg 300w, https:\/\/pb.edu.pl\/sjo\/wp-content\/uploads\/sites\/9\/2021\/12\/18-pr-eduk-480x320.jpg 480w, https:\/\/pb.edu.pl\/sjo\/wp-content\/uploads\/sites\/9\/2021\/12\/18-pr-eduk.jpg 750w\" sizes=\"auto, (max-width: 300px) 100vw, 300px\" \/><\/a>\n\t\t\t<\/div><\/figure><figure class='gallery-item'>\n\t\t\t<div class='gallery-icon landscape'>\n\t\t\t\t<a href='https:\/\/pb.edu.pl\/sjo\/polish-lab\/czy-wiecie-ze\/wosp\/18-final\/'><img loading=\"lazy\" decoding=\"async\" width=\"300\" height=\"200\" src=\"https:\/\/pb.edu.pl\/sjo\/wp-content\/uploads\/sites\/9\/2021\/12\/18-final-300x200.jpg\" class=\"attachment-thumbnail size-thumbnail\" alt=\"prezenterki tv\" srcset=\"https:\/\/pb.edu.pl\/sjo\/wp-content\/uploads\/sites\/9\/2021\/12\/18-final-300x200.jpg 300w, https:\/\/pb.edu.pl\/sjo\/wp-content\/uploads\/sites\/9\/2021\/12\/18-final-480x320.jpg 480w, https:\/\/pb.edu.pl\/sjo\/wp-content\/uploads\/sites\/9\/2021\/12\/18-final.jpg 750w\" sizes=\"auto, (max-width: 300px) 100vw, 300px\" \/><\/a>\n\t\t\t<\/div><\/figure><figure class='gallery-item'>\n\t\t\t<div class='gallery-icon landscape'>\n\t\t\t\t<a href='https:\/\/pb.edu.pl\/sjo\/polish-lab\/czy-wiecie-ze\/wosp\/attachment\/18\/'><img loading=\"lazy\" decoding=\"async\" width=\"300\" height=\"200\" src=\"https:\/\/pb.edu.pl\/sjo\/wp-content\/uploads\/sites\/9\/2021\/12\/18.-300x200.jpg\" class=\"attachment-thumbnail size-thumbnail\" alt=\"kilkadziesi\u0105t os\u00f3b na scenie odbywa warsztaty muzyczne\" srcset=\"https:\/\/pb.edu.pl\/sjo\/wp-content\/uploads\/sites\/9\/2021\/12\/18.-300x200.jpg 300w, https:\/\/pb.edu.pl\/sjo\/wp-content\/uploads\/sites\/9\/2021\/12\/18.-480x320.jpg 480w\" sizes=\"auto, (max-width: 300px) 100vw, 300px\" \/><\/a>\n\t\t\t<\/div><\/figure><figure class='gallery-item'>\n\t\t\t<div class='gallery-icon portrait'>\n\t\t\t\t<a href='https:\/\/pb.edu.pl\/sjo\/polish-lab\/czy-wiecie-ze\/wosp\/18-owsiak\/'><img loading=\"lazy\" decoding=\"async\" width=\"300\" height=\"200\" src=\"https:\/\/pb.edu.pl\/sjo\/wp-content\/uploads\/sites\/9\/2021\/12\/18-owsiak-300x200.jpg\" class=\"attachment-thumbnail size-thumbnail\" alt=\"jerzy Owsiak\" srcset=\"https:\/\/pb.edu.pl\/sjo\/wp-content\/uploads\/sites\/9\/2021\/12\/18-owsiak-300x200.jpg 300w, https:\/\/pb.edu.pl\/sjo\/wp-content\/uploads\/sites\/9\/2021\/12\/18-owsiak-480x320.jpg 480w\" sizes=\"auto, (max-width: 300px) 100vw, 300px\" \/><\/a>\n\t\t\t<\/div><\/figure>\n\t\t<\/div>\n\n<p><em>all photos from https:\/\/www.wosp.org.pl\/<br \/>\n<\/em><\/p>\n<figure id=\"attachment_18273\" aria-describedby=\"caption-attachment-18273\" style=\"width: 863px\" class=\"wp-caption aligncenter\"><img loading=\"lazy\" decoding=\"async\" class=\"wp-image-18273 size-full\" src=\"https:\/\/pb.edu.pl\/sjo\/wp-content\/uploads\/sites\/9\/2023\/01\/wos-Business-insider.png\" alt=\"grafika przedstawiaj\u0105ca kwoty zebrane przez WO\u015aP w ci\u0105gu 30 lat \" width=\"863\" height=\"825\" srcset=\"https:\/\/pb.edu.pl\/sjo\/wp-content\/uploads\/sites\/9\/2023\/01\/wos-Business-insider.png 863w, https:\/\/pb.edu.pl\/sjo\/wp-content\/uploads\/sites\/9\/2023\/01\/wos-Business-insider-300x287.png 300w, https:\/\/pb.edu.pl\/sjo\/wp-content\/uploads\/sites\/9\/2023\/01\/wos-Business-insider-768x734.png 768w\" sizes=\"auto, (max-width: 863px) 100vw, 863px\" \/><figcaption id=\"caption-attachment-18273\" class=\"wp-caption-text\">wykaz kwot zbieranych co roku przez WO\u015aP w latach 1993 &#8211; 2021 \/ list of amounts of money collected in particular years, https:\/\/businessinsider.com.pl\/<\/figcaption><\/figure>\n","protected":false},"excerpt":{"rendered":"<p>Wielka Orkiestra \u015awi\u0105tecznej Pomocy \u2013 jedyna w swoim rodzaju organizacja pozarz\u0105dowa, niezwykle skuteczna w ratowaniu<\/p>\n","protected":false},"author":77,"featured_media":0,"parent":8281,"menu_order":0,"comment_status":"closed","ping_status":"closed","template":"","meta":{"_acf_changed":false,"ngg_post_thumbnail":0,"footnotes":""},"class_list":["post-12219","page","type-page","status-publish","hentry"],"acf":[],"yoast_head":"<!-- This site is optimized with the Yoast SEO plugin v27.0 - https:\/\/yoast.com\/product\/yoast-seo-wordpress\/ -->\n<title>Ciekawe - Studium J\u0119zyk\u00f3w Obcych<\/title>\n<meta name=\"description\" content=\"Wielka Orkiestra \u015awi\u0105tecznej Pomocy \u2013 jedyna w swoim rodzaju organizacja pozarz\u0105dowa, niezwykle skuteczna w ratowaniu zdrowia i \u017cycia os\u00f3b chorych, w\" \/>\n<meta name=\"robots\" content=\"index, follow, max-snippet:-1, max-image-preview:large, max-video-preview:-1\" \/>\n<link rel=\"canonical\" href=\"https:\/\/pb.edu.pl\/sjo\/polish-lab\/czy-wiecie-ze\/wosp\/\" \/>\n<meta property=\"og:locale\" content=\"pl_PL\" \/>\n<meta property=\"og:type\" content=\"article\" \/>\n<meta property=\"og:title\" content=\"Ciekawe - Studium J\u0119zyk\u00f3w Obcych\" \/>\n<meta property=\"og:description\" content=\"Wielka Orkiestra \u015awi\u0105tecznej Pomocy \u2013 jedyna w swoim rodzaju organizacja pozarz\u0105dowa, niezwykle skuteczna w ratowaniu zdrowia i \u017cycia os\u00f3b chorych, w\" \/>\n<meta property=\"og:url\" content=\"https:\/\/pb.edu.pl\/sjo\/polish-lab\/czy-wiecie-ze\/wosp\/\" \/>\n<meta property=\"og:site_name\" content=\"Studium J\u0119zyk\u00f3w Obcych\" \/>\n<meta property=\"article:modified_time\" content=\"2024-02-02T08:57:15+00:00\" \/>\n<meta property=\"og:image\" content=\"https:\/\/pb.edu.pl\/sjo\/wp-content\/uploads\/sites\/9\/2024\/02\/09_32_final_wosp_temat_data_1920x1080-300x169.webp\" \/>\n<meta name=\"twitter:label1\" content=\"Szacowany czas czytania\" \/>\n\t<meta name=\"twitter:data1\" content=\"3 minuty\" \/>\n<script type=\"application\/ld+json\" class=\"yoast-schema-graph\">{\"@context\":\"https:\/\/schema.org\",\"@graph\":[{\"@type\":\"WebPage\",\"@id\":\"https:\/\/pb.edu.pl\/sjo\/polish-lab\/czy-wiecie-ze\/wosp\/\",\"url\":\"https:\/\/pb.edu.pl\/sjo\/polish-lab\/czy-wiecie-ze\/wosp\/\",\"name\":\"Ciekawe - Studium J\u0119zyk\u00f3w Obcych\",\"isPartOf\":{\"@id\":\"https:\/\/pb.edu.pl\/sjo\/#website\"},\"primaryImageOfPage\":{\"@id\":\"https:\/\/pb.edu.pl\/sjo\/polish-lab\/czy-wiecie-ze\/wosp\/#primaryimage\"},\"image\":{\"@id\":\"https:\/\/pb.edu.pl\/sjo\/polish-lab\/czy-wiecie-ze\/wosp\/#primaryimage\"},\"thumbnailUrl\":\"https:\/\/pb.edu.pl\/sjo\/wp-content\/uploads\/sites\/9\/2021\/12\/18-logo_WOSP_podglad.jpg\",\"datePublished\":\"2021-12-31T15:40:24+00:00\",\"dateModified\":\"2024-02-02T08:57:15+00:00\",\"description\":\"Wielka Orkiestra \u015awi\u0105tecznej Pomocy \u2013 jedyna w swoim rodzaju organizacja pozarz\u0105dowa, niezwykle skuteczna w ratowaniu zdrowia i \u017cycia os\u00f3b chorych, w\",\"breadcrumb\":{\"@id\":\"https:\/\/pb.edu.pl\/sjo\/polish-lab\/czy-wiecie-ze\/wosp\/#breadcrumb\"},\"inLanguage\":\"pl-PL\",\"potentialAction\":[{\"@type\":\"ReadAction\",\"target\":[\"https:\/\/pb.edu.pl\/sjo\/polish-lab\/czy-wiecie-ze\/wosp\/\"]}]},{\"@type\":\"ImageObject\",\"inLanguage\":\"pl-PL\",\"@id\":\"https:\/\/pb.edu.pl\/sjo\/polish-lab\/czy-wiecie-ze\/wosp\/#primaryimage\",\"url\":\"https:\/\/pb.edu.pl\/sjo\/wp-content\/uploads\/sites\/9\/2021\/12\/18-logo_WOSP_podglad.jpg\",\"contentUrl\":\"https:\/\/pb.edu.pl\/sjo\/wp-content\/uploads\/sites\/9\/2021\/12\/18-logo_WOSP_podglad.jpg\",\"width\":1047,\"height\":884},{\"@type\":\"BreadcrumbList\",\"@id\":\"https:\/\/pb.edu.pl\/sjo\/polish-lab\/czy-wiecie-ze\/wosp\/#breadcrumb\",\"itemListElement\":[{\"@type\":\"ListItem\",\"position\":1,\"name\":\"Home\",\"item\":\"https:\/\/pb.edu.pl\/sjo\/\"},{\"@type\":\"ListItem\",\"position\":2,\"name\":\"Centrum J\u0119zyka i Kultury Polskiej POLISH LAB\",\"item\":\"https:\/\/pb.edu.pl\/sjo\/polish-lab\/\"},{\"@type\":\"ListItem\",\"position\":3,\"name\":\"O Polsce i Polakach\",\"item\":\"https:\/\/pb.edu.pl\/sjo\/polish-lab\/czy-wiecie-ze\/\"},{\"@type\":\"ListItem\",\"position\":4,\"name\":\"Ciekawe\"}]},{\"@type\":\"WebSite\",\"@id\":\"https:\/\/pb.edu.pl\/sjo\/#website\",\"url\":\"https:\/\/pb.edu.pl\/sjo\/\",\"name\":\"Studium J\u0119zyk\u00f3w Obcych\",\"description\":\"\",\"potentialAction\":[{\"@type\":\"SearchAction\",\"target\":{\"@type\":\"EntryPoint\",\"urlTemplate\":\"https:\/\/pb.edu.pl\/sjo\/?s={search_term_string}\"},\"query-input\":{\"@type\":\"PropertyValueSpecification\",\"valueRequired\":true,\"valueName\":\"search_term_string\"}}],\"inLanguage\":\"pl-PL\"}]}<\/script>\n<!-- \/ Yoast SEO plugin. -->","yoast_head_json":{"title":"Ciekawe - Studium J\u0119zyk\u00f3w Obcych","description":"Wielka Orkiestra \u015awi\u0105tecznej Pomocy \u2013 jedyna w swoim rodzaju organizacja pozarz\u0105dowa, niezwykle skuteczna w ratowaniu zdrowia i \u017cycia os\u00f3b chorych, w","robots":{"index":"index","follow":"follow","max-snippet":"max-snippet:-1","max-image-preview":"max-image-preview:large","max-video-preview":"max-video-preview:-1"},"canonical":"https:\/\/pb.edu.pl\/sjo\/polish-lab\/czy-wiecie-ze\/wosp\/","og_locale":"pl_PL","og_type":"article","og_title":"Ciekawe - Studium J\u0119zyk\u00f3w Obcych","og_description":"Wielka Orkiestra \u015awi\u0105tecznej Pomocy \u2013 jedyna w swoim rodzaju organizacja pozarz\u0105dowa, niezwykle skuteczna w ratowaniu zdrowia i \u017cycia os\u00f3b chorych, w","og_url":"https:\/\/pb.edu.pl\/sjo\/polish-lab\/czy-wiecie-ze\/wosp\/","og_site_name":"Studium J\u0119zyk\u00f3w Obcych","article_modified_time":"2024-02-02T08:57:15+00:00","og_image":[{"url":"https:\/\/pb.edu.pl\/sjo\/wp-content\/uploads\/sites\/9\/2024\/02\/09_32_final_wosp_temat_data_1920x1080-300x169.webp","type":"","width":"","height":""}],"twitter_misc":{"Szacowany czas czytania":"3 minuty"},"schema":{"@context":"https:\/\/schema.org","@graph":[{"@type":"WebPage","@id":"https:\/\/pb.edu.pl\/sjo\/polish-lab\/czy-wiecie-ze\/wosp\/","url":"https:\/\/pb.edu.pl\/sjo\/polish-lab\/czy-wiecie-ze\/wosp\/","name":"Ciekawe - Studium J\u0119zyk\u00f3w Obcych","isPartOf":{"@id":"https:\/\/pb.edu.pl\/sjo\/#website"},"primaryImageOfPage":{"@id":"https:\/\/pb.edu.pl\/sjo\/polish-lab\/czy-wiecie-ze\/wosp\/#primaryimage"},"image":{"@id":"https:\/\/pb.edu.pl\/sjo\/polish-lab\/czy-wiecie-ze\/wosp\/#primaryimage"},"thumbnailUrl":"https:\/\/pb.edu.pl\/sjo\/wp-content\/uploads\/sites\/9\/2021\/12\/18-logo_WOSP_podglad.jpg","datePublished":"2021-12-31T15:40:24+00:00","dateModified":"2024-02-02T08:57:15+00:00","description":"Wielka Orkiestra \u015awi\u0105tecznej Pomocy \u2013 jedyna w swoim rodzaju organizacja pozarz\u0105dowa, niezwykle skuteczna w ratowaniu zdrowia i \u017cycia os\u00f3b chorych, w","breadcrumb":{"@id":"https:\/\/pb.edu.pl\/sjo\/polish-lab\/czy-wiecie-ze\/wosp\/#breadcrumb"},"inLanguage":"pl-PL","potentialAction":[{"@type":"ReadAction","target":["https:\/\/pb.edu.pl\/sjo\/polish-lab\/czy-wiecie-ze\/wosp\/"]}]},{"@type":"ImageObject","inLanguage":"pl-PL","@id":"https:\/\/pb.edu.pl\/sjo\/polish-lab\/czy-wiecie-ze\/wosp\/#primaryimage","url":"https:\/\/pb.edu.pl\/sjo\/wp-content\/uploads\/sites\/9\/2021\/12\/18-logo_WOSP_podglad.jpg","contentUrl":"https:\/\/pb.edu.pl\/sjo\/wp-content\/uploads\/sites\/9\/2021\/12\/18-logo_WOSP_podglad.jpg","width":1047,"height":884},{"@type":"BreadcrumbList","@id":"https:\/\/pb.edu.pl\/sjo\/polish-lab\/czy-wiecie-ze\/wosp\/#breadcrumb","itemListElement":[{"@type":"ListItem","position":1,"name":"Home","item":"https:\/\/pb.edu.pl\/sjo\/"},{"@type":"ListItem","position":2,"name":"Centrum J\u0119zyka i Kultury Polskiej POLISH LAB","item":"https:\/\/pb.edu.pl\/sjo\/polish-lab\/"},{"@type":"ListItem","position":3,"name":"O Polsce i Polakach","item":"https:\/\/pb.edu.pl\/sjo\/polish-lab\/czy-wiecie-ze\/"},{"@type":"ListItem","position":4,"name":"Ciekawe"}]},{"@type":"WebSite","@id":"https:\/\/pb.edu.pl\/sjo\/#website","url":"https:\/\/pb.edu.pl\/sjo\/","name":"Studium J\u0119zyk\u00f3w Obcych","description":"","potentialAction":[{"@type":"SearchAction","target":{"@type":"EntryPoint","urlTemplate":"https:\/\/pb.edu.pl\/sjo\/?s={search_term_string}"},"query-input":{"@type":"PropertyValueSpecification","valueRequired":true,"valueName":"search_term_string"}}],"inLanguage":"pl-PL"}]}},"_links":{"self":[{"href":"https:\/\/pb.edu.pl\/sjo\/wp-json\/wp\/v2\/pages\/12219","targetHints":{"allow":["GET"]}}],"collection":[{"href":"https:\/\/pb.edu.pl\/sjo\/wp-json\/wp\/v2\/pages"}],"about":[{"href":"https:\/\/pb.edu.pl\/sjo\/wp-json\/wp\/v2\/types\/page"}],"author":[{"embeddable":true,"href":"https:\/\/pb.edu.pl\/sjo\/wp-json\/wp\/v2\/users\/77"}],"replies":[{"embeddable":true,"href":"https:\/\/pb.edu.pl\/sjo\/wp-json\/wp\/v2\/comments?post=12219"}],"version-history":[{"count":0,"href":"https:\/\/pb.edu.pl\/sjo\/wp-json\/wp\/v2\/pages\/12219\/revisions"}],"up":[{"embeddable":true,"href":"https:\/\/pb.edu.pl\/sjo\/wp-json\/wp\/v2\/pages\/8281"}],"wp:attachment":[{"href":"https:\/\/pb.edu.pl\/sjo\/wp-json\/wp\/v2\/media?parent=12219"}],"curies":[{"name":"wp","href":"https:\/\/api.w.org\/{rel}","templated":true}]}}