{"id":12180,"date":"2021-12-31T13:15:12","date_gmt":"2021-12-31T12:15:12","guid":{"rendered":"https:\/\/pb.edu.pl\/sjo\/?page_id=12180"},"modified":"2023-02-06T14:04:12","modified_gmt":"2023-02-06T13:04:12","slug":"jarmark-dominikanski","status":"publish","type":"page","link":"https:\/\/pb.edu.pl\/sjo\/polish-lab\/czy-wiecie-ze\/jarmark-dominikanski\/","title":{"rendered":"Ciekawe"},"content":{"rendered":"<p><span style=\"font-family: verdana, geneva, sans-serif;font-size: 12pt\"><strong>Jarmark Dominika\u0144ski<\/strong> &nbsp;to jedna z najstarszych cyklicznych imprez kulturalno-handlowych w Europie. Odbywa si\u0119 na Starym Mie\u015bcie w Gda\u0144sku ju\u017c od 760 lat!<\/span><\/p>\n<p><span style=\"font-family: verdana, geneva, sans-serif;font-size: 12pt\">Gda\u0144ski Zakon Dominikan\u00f3w w XIII wieku zapocz\u0105tkowa\u0142 festyn ludowy w dzie\u0144 \u015bw. Dominika (w\u00f3wczas by\u0142o to 4 sierpnia), kt\u00f3ry mia\u0142 nak\u0142oni\u0107 wiernych do przyj\u015bcia na msz\u0119 odpustow\u0105, co dawa\u0142o 100 dni zwolnienia z czy\u015b\u0107ca. Po sumiennych modlitwach wierni bawili si\u0119 na festynie, kt\u00f3ry z roku na rok stawa\u0142 si\u0119 d\u0142u\u017cszy i coraz bardziej zyskowny dla w\u0142adz miasta.<\/span><\/p>\n<p><span style=\"font-family: verdana, geneva, sans-serif;font-size: 12pt\">Obecnie Jarmark \u015aw. Dominika zaczyna si\u0119 pod koniec lipca i trwa trzy tygodnie, podczas kt\u00f3rych na straganach mo\u017cna kupi\u0107 niemal wszystko: artystyczne r\u0119kodzie\u0142a, bi\u017cuteri\u0119 (zw\u0142aszcza z bursztynu), smako\u0142yki, zaskakuj\u0105ce zabawki, niezwyk\u0142e starocia i du\u017co wi\u0119cej. Mo\u017cna te\u017c obejrze\u0107 barwne korowody, koncerty, trupy teatralne, kuglarskie, cyrkowe.<\/span><\/p>\n<p><span style=\"font-family: verdana, geneva, sans-serif;font-size: 12pt\">Kupcy i arty\u015bci z r\u00f3\u017cnych stron Polski i Europy pokazuj\u0105 swoje dzie\u0142a na Jarmarku. Tury\u015bci licznie przybywaj\u0105 na t\u0119 imprez\u0119: szacuje si\u0119, \u017ce ok 5-8 milion\u00f3w ludzi rocznie uczestniczy w tym wydarzeniu.<\/span><\/p>\n<p><span style=\"font-family: verdana, geneva, sans-serif;font-size: 12pt\">W nadchodz\u0105cym roku nie mo\u017cna przegapi\u0107 tej imprezy, tote\u017c aktualne informacje znajdziecie na: <a href=\"https:\/\/jarmarkswdominika.pl\/\">https:\/\/jarmarkswdominika.pl\/<\/a><\/span><\/p>\n<div id='gallery-1' class='gallery galleryid-12180 gallery-columns-4 gallery-size-medium'><figure class='gallery-item'>\n\t\t\t<div class='gallery-icon landscape'>\n\t\t\t\t<a href='https:\/\/pb.edu.pl\/sjo\/polish-lab\/czy-wiecie-ze\/jarmark-dominikanski\/jarmark-sw-dominika-2018-4\/'><img loading=\"lazy\" decoding=\"async\" width=\"300\" height=\"185\" src=\"https:\/\/pb.edu.pl\/sjo\/wp-content\/uploads\/sites\/9\/2021\/12\/17-jsdom-fot.-archiwum-MTG-www.jarmarkdominika.pl_-300x185.jpg\" class=\"attachment-medium size-medium\" alt=\"brama zabytkowego budynku\" srcset=\"https:\/\/pb.edu.pl\/sjo\/wp-content\/uploads\/sites\/9\/2021\/12\/17-jsdom-fot.-archiwum-MTG-www.jarmarkdominika.pl_-300x185.jpg 300w, https:\/\/pb.edu.pl\/sjo\/wp-content\/uploads\/sites\/9\/2021\/12\/17-jsdom-fot.-archiwum-MTG-www.jarmarkdominika.pl_-1024x630.jpg 1024w, https:\/\/pb.edu.pl\/sjo\/wp-content\/uploads\/sites\/9\/2021\/12\/17-jsdom-fot.-archiwum-MTG-www.jarmarkdominika.pl_-768x473.jpg 768w, https:\/\/pb.edu.pl\/sjo\/wp-content\/uploads\/sites\/9\/2021\/12\/17-jsdom-fot.-archiwum-MTG-www.jarmarkdominika.pl_-1536x945.jpg 1536w, https:\/\/pb.edu.pl\/sjo\/wp-content\/uploads\/sites\/9\/2021\/12\/17-jsdom-fot.-archiwum-MTG-www.jarmarkdominika.pl_.jpg 1755w\" sizes=\"auto, (max-width: 300px) 100vw, 300px\" \/><\/a>\n\t\t\t<\/div><\/figure><figure class='gallery-item'>\n\t\t\t<div class='gallery-icon landscape'>\n\t\t\t\t<a href='https:\/\/pb.edu.pl\/sjo\/polish-lab\/czy-wiecie-ze\/jarmark-dominikanski\/17-jarmark-sw-dominika-fot-archiwum-mtg-www-jarmarkdominika-pl\/'><img loading=\"lazy\" decoding=\"async\" width=\"300\" height=\"200\" src=\"https:\/\/pb.edu.pl\/sjo\/wp-content\/uploads\/sites\/9\/2021\/12\/17-jarmark-sw-dominika-fot.-archiwum-MTG-www.jarmarkdominika.pl_-300x200.jpg\" class=\"attachment-medium size-medium\" alt=\"parada kolorowo ubranych ludzi\" srcset=\"https:\/\/pb.edu.pl\/sjo\/wp-content\/uploads\/sites\/9\/2021\/12\/17-jarmark-sw-dominika-fot.-archiwum-MTG-www.jarmarkdominika.pl_-300x200.jpg 300w, https:\/\/pb.edu.pl\/sjo\/wp-content\/uploads\/sites\/9\/2021\/12\/17-jarmark-sw-dominika-fot.-archiwum-MTG-www.jarmarkdominika.pl_-1024x683.jpg 1024w, https:\/\/pb.edu.pl\/sjo\/wp-content\/uploads\/sites\/9\/2021\/12\/17-jarmark-sw-dominika-fot.-archiwum-MTG-www.jarmarkdominika.pl_-768x512.jpg 768w, https:\/\/pb.edu.pl\/sjo\/wp-content\/uploads\/sites\/9\/2021\/12\/17-jarmark-sw-dominika-fot.-archiwum-MTG-www.jarmarkdominika.pl_-1536x1024.jpg 1536w, https:\/\/pb.edu.pl\/sjo\/wp-content\/uploads\/sites\/9\/2021\/12\/17-jarmark-sw-dominika-fot.-archiwum-MTG-www.jarmarkdominika.pl_-480x320.jpg 480w, https:\/\/pb.edu.pl\/sjo\/wp-content\/uploads\/sites\/9\/2021\/12\/17-jarmark-sw-dominika-fot.-archiwum-MTG-www.jarmarkdominika.pl_.jpg 1620w\" sizes=\"auto, (max-width: 300px) 100vw, 300px\" \/><\/a>\n\t\t\t<\/div><\/figure><figure class='gallery-item'>\n\t\t\t<div class='gallery-icon landscape'>\n\t\t\t\t<a href='https:\/\/pb.edu.pl\/sjo\/polish-lab\/czy-wiecie-ze\/jarmark-dominikanski\/jarmark-sw-dominika-2018-3\/'><img loading=\"lazy\" decoding=\"async\" width=\"300\" height=\"183\" src=\"https:\/\/pb.edu.pl\/sjo\/wp-content\/uploads\/sites\/9\/2021\/12\/17-j-sw-dominika-fot.-archiwum-MTG-www.jarmarkdominika.pl_-300x183.jpg\" class=\"attachment-medium size-medium\" alt=\"parada kolorowo ubranych uczestnik\u00f3w\" srcset=\"https:\/\/pb.edu.pl\/sjo\/wp-content\/uploads\/sites\/9\/2021\/12\/17-j-sw-dominika-fot.-archiwum-MTG-www.jarmarkdominika.pl_-300x183.jpg 300w, https:\/\/pb.edu.pl\/sjo\/wp-content\/uploads\/sites\/9\/2021\/12\/17-j-sw-dominika-fot.-archiwum-MTG-www.jarmarkdominika.pl_-1024x625.jpg 1024w, https:\/\/pb.edu.pl\/sjo\/wp-content\/uploads\/sites\/9\/2021\/12\/17-j-sw-dominika-fot.-archiwum-MTG-www.jarmarkdominika.pl_-768x469.jpg 768w, https:\/\/pb.edu.pl\/sjo\/wp-content\/uploads\/sites\/9\/2021\/12\/17-j-sw-dominika-fot.-archiwum-MTG-www.jarmarkdominika.pl_-1536x938.jpg 1536w, https:\/\/pb.edu.pl\/sjo\/wp-content\/uploads\/sites\/9\/2021\/12\/17-j-sw-dominika-fot.-archiwum-MTG-www.jarmarkdominika.pl_.jpg 1769w\" sizes=\"auto, (max-width: 300px) 100vw, 300px\" \/><\/a>\n\t\t\t<\/div><\/figure><figure class='gallery-item'>\n\t\t\t<div class='gallery-icon landscape'>\n\t\t\t\t<a href='https:\/\/pb.edu.pl\/sjo\/polish-lab\/czy-wiecie-ze\/jarmark-dominikanski\/gd200725ps\/'><img loading=\"lazy\" decoding=\"async\" width=\"300\" height=\"175\" src=\"https:\/\/pb.edu.pl\/sjo\/wp-content\/uploads\/sites\/9\/2021\/12\/17-dominikanski-jarm-fot.-archiwum-MTG-www.jarmarkdominika.pl28-300x175.jpg\" class=\"attachment-medium size-medium\" alt=\"uliczne wyst\u0119py\" srcset=\"https:\/\/pb.edu.pl\/sjo\/wp-content\/uploads\/sites\/9\/2021\/12\/17-dominikanski-jarm-fot.-archiwum-MTG-www.jarmarkdominika.pl28-300x175.jpg 300w, https:\/\/pb.edu.pl\/sjo\/wp-content\/uploads\/sites\/9\/2021\/12\/17-dominikanski-jarm-fot.-archiwum-MTG-www.jarmarkdominika.pl28-1024x598.jpg 1024w, https:\/\/pb.edu.pl\/sjo\/wp-content\/uploads\/sites\/9\/2021\/12\/17-dominikanski-jarm-fot.-archiwum-MTG-www.jarmarkdominika.pl28-768x448.jpg 768w, https:\/\/pb.edu.pl\/sjo\/wp-content\/uploads\/sites\/9\/2021\/12\/17-dominikanski-jarm-fot.-archiwum-MTG-www.jarmarkdominika.pl28-1536x897.jpg 1536w, https:\/\/pb.edu.pl\/sjo\/wp-content\/uploads\/sites\/9\/2021\/12\/17-dominikanski-jarm-fot.-archiwum-MTG-www.jarmarkdominika.pl28.jpg 1850w\" sizes=\"auto, (max-width: 300px) 100vw, 300px\" \/><\/a>\n\t\t\t<\/div><\/figure>\n\t\t<\/div>\n\n<div id='gallery-2' class='gallery galleryid-12180 gallery-columns-4 gallery-size-medium'><figure class='gallery-item'>\n\t\t\t<div class='gallery-icon landscape'>\n\t\t\t\t<a href='https:\/\/pb.edu.pl\/sjo\/polish-lab\/czy-wiecie-ze\/jarmark-dominikanski\/17-antyki\/'><img loading=\"lazy\" decoding=\"async\" width=\"300\" height=\"200\" src=\"https:\/\/pb.edu.pl\/sjo\/wp-content\/uploads\/sites\/9\/2021\/12\/17-antyki-300x200.jpg\" class=\"attachment-medium size-medium\" alt=\"r\u0119kodzie\u0142o\" srcset=\"https:\/\/pb.edu.pl\/sjo\/wp-content\/uploads\/sites\/9\/2021\/12\/17-antyki-300x200.jpg 300w, https:\/\/pb.edu.pl\/sjo\/wp-content\/uploads\/sites\/9\/2021\/12\/17-antyki-1024x683.jpg 1024w, https:\/\/pb.edu.pl\/sjo\/wp-content\/uploads\/sites\/9\/2021\/12\/17-antyki-768x512.jpg 768w, https:\/\/pb.edu.pl\/sjo\/wp-content\/uploads\/sites\/9\/2021\/12\/17-antyki-1536x1024.jpg 1536w, https:\/\/pb.edu.pl\/sjo\/wp-content\/uploads\/sites\/9\/2021\/12\/17-antyki-480x320.jpg 480w, https:\/\/pb.edu.pl\/sjo\/wp-content\/uploads\/sites\/9\/2021\/12\/17-antyki.jpg 1620w\" sizes=\"auto, (max-width: 300px) 100vw, 300px\" \/><\/a>\n\t\t\t<\/div><\/figure><figure class='gallery-item'>\n\t\t\t<div class='gallery-icon landscape'>\n\t\t\t\t<a href='https:\/\/pb.edu.pl\/sjo\/polish-lab\/czy-wiecie-ze\/jarmark-dominikanski\/17-domin_dsc8967\/'><img loading=\"lazy\" decoding=\"async\" width=\"300\" height=\"200\" src=\"https:\/\/pb.edu.pl\/sjo\/wp-content\/uploads\/sites\/9\/2021\/12\/17-domin_DSC8967-300x200.jpg\" class=\"attachment-medium size-medium\" alt=\"rz\u017cby w drewnie\" srcset=\"https:\/\/pb.edu.pl\/sjo\/wp-content\/uploads\/sites\/9\/2021\/12\/17-domin_DSC8967-300x200.jpg 300w, https:\/\/pb.edu.pl\/sjo\/wp-content\/uploads\/sites\/9\/2021\/12\/17-domin_DSC8967-1024x683.jpg 1024w, https:\/\/pb.edu.pl\/sjo\/wp-content\/uploads\/sites\/9\/2021\/12\/17-domin_DSC8967-768x512.jpg 768w, https:\/\/pb.edu.pl\/sjo\/wp-content\/uploads\/sites\/9\/2021\/12\/17-domin_DSC8967-1536x1024.jpg 1536w, https:\/\/pb.edu.pl\/sjo\/wp-content\/uploads\/sites\/9\/2021\/12\/17-domin_DSC8967-480x320.jpg 480w, https:\/\/pb.edu.pl\/sjo\/wp-content\/uploads\/sites\/9\/2021\/12\/17-domin_DSC8967.jpg 1920w\" sizes=\"auto, (max-width: 300px) 100vw, 300px\" \/><\/a>\n\t\t\t<\/div><\/figure><figure class='gallery-item'>\n\t\t\t<div class='gallery-icon landscape'>\n\t\t\t\t<a href='https:\/\/pb.edu.pl\/sjo\/polish-lab\/czy-wiecie-ze\/jarmark-dominikanski\/17-_mmm2627\/'><img loading=\"lazy\" decoding=\"async\" width=\"300\" height=\"200\" src=\"https:\/\/pb.edu.pl\/sjo\/wp-content\/uploads\/sites\/9\/2021\/12\/17-_MMM2627-300x200.jpg\" class=\"attachment-medium size-medium\" alt=\"obrazy w galerii\" srcset=\"https:\/\/pb.edu.pl\/sjo\/wp-content\/uploads\/sites\/9\/2021\/12\/17-_MMM2627-300x200.jpg 300w, https:\/\/pb.edu.pl\/sjo\/wp-content\/uploads\/sites\/9\/2021\/12\/17-_MMM2627-1024x683.jpg 1024w, https:\/\/pb.edu.pl\/sjo\/wp-content\/uploads\/sites\/9\/2021\/12\/17-_MMM2627-768x512.jpg 768w, https:\/\/pb.edu.pl\/sjo\/wp-content\/uploads\/sites\/9\/2021\/12\/17-_MMM2627-1536x1024.jpg 1536w, https:\/\/pb.edu.pl\/sjo\/wp-content\/uploads\/sites\/9\/2021\/12\/17-_MMM2627-480x320.jpg 480w, https:\/\/pb.edu.pl\/sjo\/wp-content\/uploads\/sites\/9\/2021\/12\/17-_MMM2627.jpg 1620w\" sizes=\"auto, (max-width: 300px) 100vw, 300px\" \/><\/a>\n\t\t\t<\/div><\/figure><figure class='gallery-item'>\n\t\t\t<div class='gallery-icon landscape'>\n\t\t\t\t<a href='https:\/\/pb.edu.pl\/sjo\/polish-lab\/czy-wiecie-ze\/jarmark-dominikanski\/17-fortepian\/'><img loading=\"lazy\" decoding=\"async\" width=\"300\" height=\"200\" src=\"https:\/\/pb.edu.pl\/sjo\/wp-content\/uploads\/sites\/9\/2021\/12\/17-fortepian-300x200.jpg\" class=\"attachment-medium size-medium\" alt=\"\" srcset=\"https:\/\/pb.edu.pl\/sjo\/wp-content\/uploads\/sites\/9\/2021\/12\/17-fortepian-300x200.jpg 300w, https:\/\/pb.edu.pl\/sjo\/wp-content\/uploads\/sites\/9\/2021\/12\/17-fortepian-1024x683.jpg 1024w, https:\/\/pb.edu.pl\/sjo\/wp-content\/uploads\/sites\/9\/2021\/12\/17-fortepian-768x512.jpg 768w, https:\/\/pb.edu.pl\/sjo\/wp-content\/uploads\/sites\/9\/2021\/12\/17-fortepian-1536x1024.jpg 1536w, https:\/\/pb.edu.pl\/sjo\/wp-content\/uploads\/sites\/9\/2021\/12\/17-fortepian-480x320.jpg 480w, https:\/\/pb.edu.pl\/sjo\/wp-content\/uploads\/sites\/9\/2021\/12\/17-fortepian.jpg 1620w\" sizes=\"auto, (max-width: 300px) 100vw, 300px\" \/><\/a>\n\t\t\t<\/div><\/figure><figure class='gallery-item'>\n\t\t\t<div class='gallery-icon portrait'>\n\t\t\t\t<a href='https:\/\/pb.edu.pl\/sjo\/polish-lab\/czy-wiecie-ze\/jarmark-dominikanski\/17_dsc8590-2\/'><img loading=\"lazy\" decoding=\"async\" width=\"200\" height=\"300\" src=\"https:\/\/pb.edu.pl\/sjo\/wp-content\/uploads\/sites\/9\/2021\/12\/17_DSC8590-1-200x300.jpg\" class=\"attachment-medium size-medium\" alt=\"kobieta w stroju mieszczki z p\u00f3\u017cnego \u015bredniowiecza\" srcset=\"https:\/\/pb.edu.pl\/sjo\/wp-content\/uploads\/sites\/9\/2021\/12\/17_DSC8590-1-200x300.jpg 200w, https:\/\/pb.edu.pl\/sjo\/wp-content\/uploads\/sites\/9\/2021\/12\/17_DSC8590-1-683x1024.jpg 683w, https:\/\/pb.edu.pl\/sjo\/wp-content\/uploads\/sites\/9\/2021\/12\/17_DSC8590-1-768x1152.jpg 768w, https:\/\/pb.edu.pl\/sjo\/wp-content\/uploads\/sites\/9\/2021\/12\/17_DSC8590-1-1024x1536.jpg 1024w, https:\/\/pb.edu.pl\/sjo\/wp-content\/uploads\/sites\/9\/2021\/12\/17_DSC8590-1.jpg 1280w\" sizes=\"auto, (max-width: 200px) 100vw, 200px\" \/><\/a>\n\t\t\t<\/div><\/figure><figure class='gallery-item'>\n\t\t\t<div class='gallery-icon portrait'>\n\t\t\t\t<a href='https:\/\/pb.edu.pl\/sjo\/polish-lab\/czy-wiecie-ze\/jarmark-dominikanski\/17_dsc8688\/'><img loading=\"lazy\" decoding=\"async\" width=\"200\" height=\"300\" src=\"https:\/\/pb.edu.pl\/sjo\/wp-content\/uploads\/sites\/9\/2021\/12\/17_DSC8688-200x300.jpg\" class=\"attachment-medium size-medium\" alt=\"kobieta w stroju mieszczki z p\u00f3\u017cnego \u015bredniowiecza\" srcset=\"https:\/\/pb.edu.pl\/sjo\/wp-content\/uploads\/sites\/9\/2021\/12\/17_DSC8688-200x300.jpg 200w, https:\/\/pb.edu.pl\/sjo\/wp-content\/uploads\/sites\/9\/2021\/12\/17_DSC8688-683x1024.jpg 683w, https:\/\/pb.edu.pl\/sjo\/wp-content\/uploads\/sites\/9\/2021\/12\/17_DSC8688-768x1152.jpg 768w, https:\/\/pb.edu.pl\/sjo\/wp-content\/uploads\/sites\/9\/2021\/12\/17_DSC8688-1024x1536.jpg 1024w, https:\/\/pb.edu.pl\/sjo\/wp-content\/uploads\/sites\/9\/2021\/12\/17_DSC8688.jpg 1280w\" sizes=\"auto, (max-width: 200px) 100vw, 200px\" \/><\/a>\n\t\t\t<\/div><\/figure><figure class='gallery-item'>\n\t\t\t<div class='gallery-icon portrait'>\n\t\t\t\t<a href='https:\/\/pb.edu.pl\/sjo\/polish-lab\/czy-wiecie-ze\/jarmark-dominikanski\/17_dsc9054\/'><img loading=\"lazy\" decoding=\"async\" width=\"200\" height=\"300\" src=\"https:\/\/pb.edu.pl\/sjo\/wp-content\/uploads\/sites\/9\/2021\/12\/17_DSC9054-200x300.jpg\" class=\"attachment-medium size-medium\" alt=\"starocia\" srcset=\"https:\/\/pb.edu.pl\/sjo\/wp-content\/uploads\/sites\/9\/2021\/12\/17_DSC9054-200x300.jpg 200w, https:\/\/pb.edu.pl\/sjo\/wp-content\/uploads\/sites\/9\/2021\/12\/17_DSC9054-683x1024.jpg 683w, https:\/\/pb.edu.pl\/sjo\/wp-content\/uploads\/sites\/9\/2021\/12\/17_DSC9054-768x1152.jpg 768w, https:\/\/pb.edu.pl\/sjo\/wp-content\/uploads\/sites\/9\/2021\/12\/17_DSC9054-1024x1536.jpg 1024w, https:\/\/pb.edu.pl\/sjo\/wp-content\/uploads\/sites\/9\/2021\/12\/17_DSC9054-1365x2048.jpg 1365w, https:\/\/pb.edu.pl\/sjo\/wp-content\/uploads\/sites\/9\/2021\/12\/17_DSC9054-scaled.jpg 1707w\" sizes=\"auto, (max-width: 200px) 100vw, 200px\" \/><\/a>\n\t\t\t<\/div><\/figure><figure class='gallery-item'>\n\t\t\t<div class='gallery-icon portrait'>\n\t\t\t\t<a href='https:\/\/pb.edu.pl\/sjo\/polish-lab\/czy-wiecie-ze\/jarmark-dominikanski\/17-jsdomin-fot-archiwum-mtg-www-jarmarkdominika-pl\/'><img loading=\"lazy\" decoding=\"async\" width=\"259\" height=\"300\" src=\"https:\/\/pb.edu.pl\/sjo\/wp-content\/uploads\/sites\/9\/2021\/12\/17-jsdomin-fot.-archiwum-MTG-www.jarmarkdominika.pl_-259x300.jpg\" class=\"attachment-medium size-medium\" alt=\"drewniane kolorowe sowy\" srcset=\"https:\/\/pb.edu.pl\/sjo\/wp-content\/uploads\/sites\/9\/2021\/12\/17-jsdomin-fot.-archiwum-MTG-www.jarmarkdominika.pl_-259x300.jpg 259w, https:\/\/pb.edu.pl\/sjo\/wp-content\/uploads\/sites\/9\/2021\/12\/17-jsdomin-fot.-archiwum-MTG-www.jarmarkdominika.pl_-884x1024.jpg 884w, https:\/\/pb.edu.pl\/sjo\/wp-content\/uploads\/sites\/9\/2021\/12\/17-jsdomin-fot.-archiwum-MTG-www.jarmarkdominika.pl_-768x890.jpg 768w, https:\/\/pb.edu.pl\/sjo\/wp-content\/uploads\/sites\/9\/2021\/12\/17-jsdomin-fot.-archiwum-MTG-www.jarmarkdominika.pl_.jpg 932w\" sizes=\"auto, (max-width: 259px) 100vw, 259px\" \/><\/a>\n\t\t\t<\/div><\/figure>\n\t\t<\/div>\n\n<p><em>zdj\u0119cia z: <a href=\"https:\/\/jarmarkswdominika.pl\/home.qbpage#galleries\">https:\/\/jarmarkswdominika.pl\/home.qbpage#galleries<\/a><\/em><\/p>\n","protected":false},"excerpt":{"rendered":"<p>Jarmark Dominika\u0144ski &nbsp;to jedna z najstarszych cyklicznych imprez kulturalno-handlowych w Europie. Odbywa si\u0119 na Starym<\/p>\n","protected":false},"author":77,"featured_media":0,"parent":8281,"menu_order":0,"comment_status":"closed","ping_status":"closed","template":"","meta":{"_acf_changed":false,"ngg_post_thumbnail":0,"footnotes":""},"class_list":["post-12180","page","type-page","status-publish","hentry"],"acf":[],"yoast_head":"<!-- This site is optimized with the Yoast SEO plugin v27.0 - https:\/\/yoast.com\/product\/yoast-seo-wordpress\/ -->\n<title>Ciekawe - Studium J\u0119zyk\u00f3w Obcych<\/title>\n<meta name=\"description\" content=\"Jarmark Dominika\u0144ski &nbsp;to jedna z najstarszych cyklicznych imprez kulturalno-handlowych w Europie. Odbywa si\u0119 na Starym Mie\u015bcie w Gda\u0144sku ju\u017c od 760\" \/>\n<meta name=\"robots\" content=\"index, follow, max-snippet:-1, max-image-preview:large, max-video-preview:-1\" \/>\n<link rel=\"canonical\" href=\"https:\/\/pb.edu.pl\/sjo\/polish-lab\/czy-wiecie-ze\/jarmark-dominikanski\/\" \/>\n<meta property=\"og:locale\" content=\"pl_PL\" \/>\n<meta property=\"og:type\" content=\"article\" \/>\n<meta property=\"og:title\" content=\"Ciekawe - Studium J\u0119zyk\u00f3w Obcych\" \/>\n<meta property=\"og:description\" content=\"Jarmark Dominika\u0144ski &nbsp;to jedna z najstarszych cyklicznych imprez kulturalno-handlowych w Europie. Odbywa si\u0119 na Starym Mie\u015bcie w Gda\u0144sku ju\u017c od 760\" \/>\n<meta property=\"og:url\" content=\"https:\/\/pb.edu.pl\/sjo\/polish-lab\/czy-wiecie-ze\/jarmark-dominikanski\/\" \/>\n<meta property=\"og:site_name\" content=\"Studium J\u0119zyk\u00f3w Obcych\" \/>\n<meta property=\"article:modified_time\" content=\"2023-02-06T13:04:12+00:00\" \/>\n<meta property=\"og:image\" content=\"https:\/\/pb.edu.pl\/sjo\/wp-content\/uploads\/sites\/9\/2021\/12\/17-jsdom-fot.-archiwum-MTG-www.jarmarkdominika.pl_-300x185.jpg\" \/>\n<meta name=\"twitter:label1\" content=\"Szacowany czas czytania\" \/>\n\t<meta name=\"twitter:data1\" content=\"2 minuty\" \/>\n<script type=\"application\/ld+json\" class=\"yoast-schema-graph\">{\"@context\":\"https:\/\/schema.org\",\"@graph\":[{\"@type\":\"WebPage\",\"@id\":\"https:\/\/pb.edu.pl\/sjo\/polish-lab\/czy-wiecie-ze\/jarmark-dominikanski\/\",\"url\":\"https:\/\/pb.edu.pl\/sjo\/polish-lab\/czy-wiecie-ze\/jarmark-dominikanski\/\",\"name\":\"Ciekawe - Studium J\u0119zyk\u00f3w Obcych\",\"isPartOf\":{\"@id\":\"https:\/\/pb.edu.pl\/sjo\/#website\"},\"datePublished\":\"2021-12-31T12:15:12+00:00\",\"dateModified\":\"2023-02-06T13:04:12+00:00\",\"description\":\"Jarmark Dominika\u0144ski &nbsp;to jedna z najstarszych cyklicznych imprez kulturalno-handlowych w Europie. Odbywa si\u0119 na Starym Mie\u015bcie w Gda\u0144sku ju\u017c od 760\",\"breadcrumb\":{\"@id\":\"https:\/\/pb.edu.pl\/sjo\/polish-lab\/czy-wiecie-ze\/jarmark-dominikanski\/#breadcrumb\"},\"inLanguage\":\"pl-PL\",\"potentialAction\":[{\"@type\":\"ReadAction\",\"target\":[\"https:\/\/pb.edu.pl\/sjo\/polish-lab\/czy-wiecie-ze\/jarmark-dominikanski\/\"]}]},{\"@type\":\"BreadcrumbList\",\"@id\":\"https:\/\/pb.edu.pl\/sjo\/polish-lab\/czy-wiecie-ze\/jarmark-dominikanski\/#breadcrumb\",\"itemListElement\":[{\"@type\":\"ListItem\",\"position\":1,\"name\":\"Home\",\"item\":\"https:\/\/pb.edu.pl\/sjo\/\"},{\"@type\":\"ListItem\",\"position\":2,\"name\":\"Centrum J\u0119zyka i Kultury Polskiej POLISH LAB\",\"item\":\"https:\/\/pb.edu.pl\/sjo\/polish-lab\/\"},{\"@type\":\"ListItem\",\"position\":3,\"name\":\"O Polsce i Polakach\",\"item\":\"https:\/\/pb.edu.pl\/sjo\/polish-lab\/czy-wiecie-ze\/\"},{\"@type\":\"ListItem\",\"position\":4,\"name\":\"Ciekawe\"}]},{\"@type\":\"WebSite\",\"@id\":\"https:\/\/pb.edu.pl\/sjo\/#website\",\"url\":\"https:\/\/pb.edu.pl\/sjo\/\",\"name\":\"Studium J\u0119zyk\u00f3w Obcych\",\"description\":\"\",\"potentialAction\":[{\"@type\":\"SearchAction\",\"target\":{\"@type\":\"EntryPoint\",\"urlTemplate\":\"https:\/\/pb.edu.pl\/sjo\/?s={search_term_string}\"},\"query-input\":{\"@type\":\"PropertyValueSpecification\",\"valueRequired\":true,\"valueName\":\"search_term_string\"}}],\"inLanguage\":\"pl-PL\"}]}<\/script>\n<!-- \/ Yoast SEO plugin. -->","yoast_head_json":{"title":"Ciekawe - Studium J\u0119zyk\u00f3w Obcych","description":"Jarmark Dominika\u0144ski &nbsp;to jedna z najstarszych cyklicznych imprez kulturalno-handlowych w Europie. Odbywa si\u0119 na Starym Mie\u015bcie w Gda\u0144sku ju\u017c od 760","robots":{"index":"index","follow":"follow","max-snippet":"max-snippet:-1","max-image-preview":"max-image-preview:large","max-video-preview":"max-video-preview:-1"},"canonical":"https:\/\/pb.edu.pl\/sjo\/polish-lab\/czy-wiecie-ze\/jarmark-dominikanski\/","og_locale":"pl_PL","og_type":"article","og_title":"Ciekawe - Studium J\u0119zyk\u00f3w Obcych","og_description":"Jarmark Dominika\u0144ski &nbsp;to jedna z najstarszych cyklicznych imprez kulturalno-handlowych w Europie. Odbywa si\u0119 na Starym Mie\u015bcie w Gda\u0144sku ju\u017c od 760","og_url":"https:\/\/pb.edu.pl\/sjo\/polish-lab\/czy-wiecie-ze\/jarmark-dominikanski\/","og_site_name":"Studium J\u0119zyk\u00f3w Obcych","article_modified_time":"2023-02-06T13:04:12+00:00","og_image":[{"url":"https:\/\/pb.edu.pl\/sjo\/wp-content\/uploads\/sites\/9\/2021\/12\/17-jsdom-fot.-archiwum-MTG-www.jarmarkdominika.pl_-300x185.jpg","type":"","width":"","height":""}],"twitter_misc":{"Szacowany czas czytania":"2 minuty"},"schema":{"@context":"https:\/\/schema.org","@graph":[{"@type":"WebPage","@id":"https:\/\/pb.edu.pl\/sjo\/polish-lab\/czy-wiecie-ze\/jarmark-dominikanski\/","url":"https:\/\/pb.edu.pl\/sjo\/polish-lab\/czy-wiecie-ze\/jarmark-dominikanski\/","name":"Ciekawe - Studium J\u0119zyk\u00f3w Obcych","isPartOf":{"@id":"https:\/\/pb.edu.pl\/sjo\/#website"},"datePublished":"2021-12-31T12:15:12+00:00","dateModified":"2023-02-06T13:04:12+00:00","description":"Jarmark Dominika\u0144ski &nbsp;to jedna z najstarszych cyklicznych imprez kulturalno-handlowych w Europie. Odbywa si\u0119 na Starym Mie\u015bcie w Gda\u0144sku ju\u017c od 760","breadcrumb":{"@id":"https:\/\/pb.edu.pl\/sjo\/polish-lab\/czy-wiecie-ze\/jarmark-dominikanski\/#breadcrumb"},"inLanguage":"pl-PL","potentialAction":[{"@type":"ReadAction","target":["https:\/\/pb.edu.pl\/sjo\/polish-lab\/czy-wiecie-ze\/jarmark-dominikanski\/"]}]},{"@type":"BreadcrumbList","@id":"https:\/\/pb.edu.pl\/sjo\/polish-lab\/czy-wiecie-ze\/jarmark-dominikanski\/#breadcrumb","itemListElement":[{"@type":"ListItem","position":1,"name":"Home","item":"https:\/\/pb.edu.pl\/sjo\/"},{"@type":"ListItem","position":2,"name":"Centrum J\u0119zyka i Kultury Polskiej POLISH LAB","item":"https:\/\/pb.edu.pl\/sjo\/polish-lab\/"},{"@type":"ListItem","position":3,"name":"O Polsce i Polakach","item":"https:\/\/pb.edu.pl\/sjo\/polish-lab\/czy-wiecie-ze\/"},{"@type":"ListItem","position":4,"name":"Ciekawe"}]},{"@type":"WebSite","@id":"https:\/\/pb.edu.pl\/sjo\/#website","url":"https:\/\/pb.edu.pl\/sjo\/","name":"Studium J\u0119zyk\u00f3w Obcych","description":"","potentialAction":[{"@type":"SearchAction","target":{"@type":"EntryPoint","urlTemplate":"https:\/\/pb.edu.pl\/sjo\/?s={search_term_string}"},"query-input":{"@type":"PropertyValueSpecification","valueRequired":true,"valueName":"search_term_string"}}],"inLanguage":"pl-PL"}]}},"_links":{"self":[{"href":"https:\/\/pb.edu.pl\/sjo\/wp-json\/wp\/v2\/pages\/12180","targetHints":{"allow":["GET"]}}],"collection":[{"href":"https:\/\/pb.edu.pl\/sjo\/wp-json\/wp\/v2\/pages"}],"about":[{"href":"https:\/\/pb.edu.pl\/sjo\/wp-json\/wp\/v2\/types\/page"}],"author":[{"embeddable":true,"href":"https:\/\/pb.edu.pl\/sjo\/wp-json\/wp\/v2\/users\/77"}],"replies":[{"embeddable":true,"href":"https:\/\/pb.edu.pl\/sjo\/wp-json\/wp\/v2\/comments?post=12180"}],"version-history":[{"count":0,"href":"https:\/\/pb.edu.pl\/sjo\/wp-json\/wp\/v2\/pages\/12180\/revisions"}],"up":[{"embeddable":true,"href":"https:\/\/pb.edu.pl\/sjo\/wp-json\/wp\/v2\/pages\/8281"}],"wp:attachment":[{"href":"https:\/\/pb.edu.pl\/sjo\/wp-json\/wp\/v2\/media?parent=12180"}],"curies":[{"name":"wp","href":"https:\/\/api.w.org\/{rel}","templated":true}]}}