{"id":12154,"date":"2021-12-30T20:34:51","date_gmt":"2021-12-30T19:34:51","guid":{"rendered":"https:\/\/pb.edu.pl\/sjo\/?page_id=12154"},"modified":"2023-05-09T13:58:10","modified_gmt":"2023-05-09T11:58:10","slug":"warszawska-starowka","status":"publish","type":"page","link":"https:\/\/pb.edu.pl\/sjo\/polish-lab\/czy-wiecie-ze\/warszawska-starowka\/","title":{"rendered":"Niezwyk\u0142e"},"content":{"rendered":"<p><span style=\"font-family: verdana, geneva, sans-serif;font-size: 12pt\">Czy wiecie, \u017ce <strong>Star\u00f3wka Warszawska <\/strong>jest jedynym na \u015bwiecie obszarem planowej odbudowy ca\u0142ej zabytkowej dzielnicy miejskiej, kt\u00f3ra do\u015bwiadczy\u0142a olbrzymich zniszcze\u0144 w czasie II wojny \u015bwiatowej, si\u0119gaj\u0105cych 90% zabudowy?<\/span><\/p>\n<p><span style=\"font-family: verdana, geneva, sans-serif;font-size: 12pt\">Poniewa\u017c plany miasta r\u00f3wnie\u017c zosta\u0142y zniszczone przez okupant\u00f3w hitlerowskich podczas dzia\u0142a\u0144 wojennych, zesp\u00f3\u0142 architekt\u00f3w i historyk\u00f3w sztuki wykorzysta\u0142 m.in. obrazy w\u0142oskiego malarza Canaletta do opracowania planu rekonstrukcji miasta. Tote\u017c dzisiejsza Star\u00f3wka wygl\u0105da tak, jak prezentowa\u0142a si\u0119 w XVIII wieku, a nie tak, jak wygl\u0105da\u0142a tu\u017c przed wojn\u0105.<\/span><\/p>\n<p><span style=\"font-family: verdana, geneva, sans-serif;font-size: 12pt\">W 1980 roku odbudowane Stare Miasto zosta\u0142o umieszczone na <a href=\"https:\/\/pl.wikipedia.org\/wiki\/Lista_%C5%9Bwiatowego_dziedzictwa_UNESCO\">li\u015bcie \u015bwiatowego dziedzictwa UNESCO<\/a> jako wyj\u0105tkowy przyk\u0142ad ca\u0142kowitej rekonstrukcji zespo\u0142u historycznego.<\/span><\/p>\n<div id='gallery-1' class='gallery galleryid-12154 gallery-columns-2 gallery-size-large'><figure class='gallery-item'>\n\t\t\t<div class='gallery-icon landscape'>\n\t\t\t\t<a href='https:\/\/pb.edu.pl\/sjo\/polish-lab\/czy-wiecie-ze\/warszawska-starowka\/panoramic-view-of-warsaw-in-a-summer-day-n-poland-old-town-and\/'><img loading=\"lazy\" decoding=\"async\" width=\"1024\" height=\"341\" src=\"https:\/\/pb.edu.pl\/sjo\/wp-content\/uploads\/sites\/9\/2021\/12\/20-AdobeStock_258379808-1024x341.jpeg\" class=\"attachment-large size-large\" alt=\"panorama Star\u00f3wki Warszawskiej\" aria-describedby=\"gallery-1-12161\" srcset=\"https:\/\/pb.edu.pl\/sjo\/wp-content\/uploads\/sites\/9\/2021\/12\/20-AdobeStock_258379808-1024x341.jpeg 1024w, https:\/\/pb.edu.pl\/sjo\/wp-content\/uploads\/sites\/9\/2021\/12\/20-AdobeStock_258379808-300x100.jpeg 300w, https:\/\/pb.edu.pl\/sjo\/wp-content\/uploads\/sites\/9\/2021\/12\/20-AdobeStock_258379808-768x256.jpeg 768w, https:\/\/pb.edu.pl\/sjo\/wp-content\/uploads\/sites\/9\/2021\/12\/20-AdobeStock_258379808-1536x512.jpeg 1536w, https:\/\/pb.edu.pl\/sjo\/wp-content\/uploads\/sites\/9\/2021\/12\/20-AdobeStock_258379808-2048x682.jpeg 2048w\" sizes=\"auto, (max-width: 1024px) 100vw, 1024px\" \/><\/a>\n\t\t\t<\/div>\n\t\t\t\t<figcaption class='wp-caption-text gallery-caption' id='gallery-1-12161'>\n\t\t\t\tPanorama Statego Miasta\n\t\t\t\t<\/figcaption><\/figure><figure class='gallery-item'>\n\t\t\t<div class='gallery-icon landscape'>\n\t\t\t\t<a href='https:\/\/pb.edu.pl\/sjo\/polish-lab\/czy-wiecie-ze\/warszawska-starowka\/warszawa-zamek-krolewski\/'><img loading=\"lazy\" decoding=\"async\" width=\"1024\" height=\"334\" src=\"https:\/\/pb.edu.pl\/sjo\/wp-content\/uploads\/sites\/9\/2021\/12\/20-AdobeStock_85595505-1024x334.jpeg\" class=\"attachment-large size-large\" alt=\"Warszawa, Zamek Kr\u00f3lewski\" aria-describedby=\"gallery-1-12159\" srcset=\"https:\/\/pb.edu.pl\/sjo\/wp-content\/uploads\/sites\/9\/2021\/12\/20-AdobeStock_85595505-1024x334.jpeg 1024w, https:\/\/pb.edu.pl\/sjo\/wp-content\/uploads\/sites\/9\/2021\/12\/20-AdobeStock_85595505-300x98.jpeg 300w, https:\/\/pb.edu.pl\/sjo\/wp-content\/uploads\/sites\/9\/2021\/12\/20-AdobeStock_85595505-768x251.jpeg 768w, https:\/\/pb.edu.pl\/sjo\/wp-content\/uploads\/sites\/9\/2021\/12\/20-AdobeStock_85595505-1536x501.jpeg 1536w, https:\/\/pb.edu.pl\/sjo\/wp-content\/uploads\/sites\/9\/2021\/12\/20-AdobeStock_85595505-2048x668.jpeg 2048w\" sizes=\"auto, (max-width: 1024px) 100vw, 1024px\" \/><\/a>\n\t\t\t<\/div>\n\t\t\t\t<figcaption class='wp-caption-text gallery-caption' id='gallery-1-12159'>\n\t\t\t\tWarszawa, Zamek Kr\u00f3lewski\n\t\t\t\t<\/figcaption><\/figure>\n\t\t<\/div>\n\n<div id='gallery-2' class='gallery galleryid-12154 gallery-columns-5 gallery-size-large'><figure class='gallery-item'>\n\t\t\t<div class='gallery-icon landscape'>\n\t\t\t\t<a href='https:\/\/pb.edu.pl\/sjo\/polish-lab\/czy-wiecie-ze\/warszawska-starowka\/20-canaletto-plac-ordynacki\/'><img loading=\"lazy\" decoding=\"async\" width=\"800\" height=\"535\" src=\"https:\/\/pb.edu.pl\/sjo\/wp-content\/uploads\/sites\/9\/2021\/12\/20-canaletto-Plac-Ordynacki.jpg\" class=\"attachment-large size-large\" alt=\"Warszawa - obraz Canaletta\" srcset=\"https:\/\/pb.edu.pl\/sjo\/wp-content\/uploads\/sites\/9\/2021\/12\/20-canaletto-Plac-Ordynacki.jpg 800w, https:\/\/pb.edu.pl\/sjo\/wp-content\/uploads\/sites\/9\/2021\/12\/20-canaletto-Plac-Ordynacki-300x200.jpg 300w, https:\/\/pb.edu.pl\/sjo\/wp-content\/uploads\/sites\/9\/2021\/12\/20-canaletto-Plac-Ordynacki-768x514.jpg 768w, https:\/\/pb.edu.pl\/sjo\/wp-content\/uploads\/sites\/9\/2021\/12\/20-canaletto-Plac-Ordynacki-480x320.jpg 480w\" sizes=\"auto, (max-width: 800px) 100vw, 800px\" \/><\/a>\n\t\t\t<\/div><\/figure><figure class='gallery-item'>\n\t\t\t<div class='gallery-icon landscape'>\n\t\t\t\t<a href='https:\/\/pb.edu.pl\/sjo\/polish-lab\/czy-wiecie-ze\/warszawska-starowka\/20-canaletto-stare-miasto\/'><img loading=\"lazy\" decoding=\"async\" width=\"800\" height=\"623\" src=\"https:\/\/pb.edu.pl\/sjo\/wp-content\/uploads\/sites\/9\/2021\/12\/20-Canaletto-Stare-MIasto.jpg\" class=\"attachment-large size-large\" alt=\"Warszawa - obraz Canaletta\" srcset=\"https:\/\/pb.edu.pl\/sjo\/wp-content\/uploads\/sites\/9\/2021\/12\/20-Canaletto-Stare-MIasto.jpg 800w, https:\/\/pb.edu.pl\/sjo\/wp-content\/uploads\/sites\/9\/2021\/12\/20-Canaletto-Stare-MIasto-300x234.jpg 300w, https:\/\/pb.edu.pl\/sjo\/wp-content\/uploads\/sites\/9\/2021\/12\/20-Canaletto-Stare-MIasto-768x598.jpg 768w\" sizes=\"auto, (max-width: 800px) 100vw, 800px\" \/><\/a>\n\t\t\t<\/div><\/figure><figure class='gallery-item'>\n\t\t\t<div class='gallery-icon landscape'>\n\t\t\t\t<a href='https:\/\/pb.edu.pl\/sjo\/polish-lab\/czy-wiecie-ze\/warszawska-starowka\/20-canaletto-warszawa\/'><img loading=\"lazy\" decoding=\"async\" width=\"800\" height=\"624\" src=\"https:\/\/pb.edu.pl\/sjo\/wp-content\/uploads\/sites\/9\/2021\/12\/20-Canaletto-Warszawa.jpg\" class=\"attachment-large size-large\" alt=\"Warszawa - obraz Canaletta\" srcset=\"https:\/\/pb.edu.pl\/sjo\/wp-content\/uploads\/sites\/9\/2021\/12\/20-Canaletto-Warszawa.jpg 800w, https:\/\/pb.edu.pl\/sjo\/wp-content\/uploads\/sites\/9\/2021\/12\/20-Canaletto-Warszawa-300x234.jpg 300w, https:\/\/pb.edu.pl\/sjo\/wp-content\/uploads\/sites\/9\/2021\/12\/20-Canaletto-Warszawa-768x599.jpg 768w\" sizes=\"auto, (max-width: 800px) 100vw, 800px\" \/><\/a>\n\t\t\t<\/div><\/figure><figure class='gallery-item'>\n\t\t\t<div class='gallery-icon landscape'>\n\t\t\t\t<a href='https:\/\/pb.edu.pl\/sjo\/polish-lab\/czy-wiecie-ze\/warszawska-starowka\/20-canaletto-wawa\/'><img loading=\"lazy\" decoding=\"async\" width=\"800\" height=\"623\" src=\"https:\/\/pb.edu.pl\/sjo\/wp-content\/uploads\/sites\/9\/2021\/12\/20-Canaletto-Wawa.jpg\" class=\"attachment-large size-large\" alt=\"Warszawa - obraz Canaletta\" srcset=\"https:\/\/pb.edu.pl\/sjo\/wp-content\/uploads\/sites\/9\/2021\/12\/20-Canaletto-Wawa.jpg 800w, https:\/\/pb.edu.pl\/sjo\/wp-content\/uploads\/sites\/9\/2021\/12\/20-Canaletto-Wawa-300x234.jpg 300w, https:\/\/pb.edu.pl\/sjo\/wp-content\/uploads\/sites\/9\/2021\/12\/20-Canaletto-Wawa-768x598.jpg 768w\" sizes=\"auto, (max-width: 800px) 100vw, 800px\" \/><\/a>\n\t\t\t<\/div><\/figure><figure class='gallery-item'>\n\t\t\t<div class='gallery-icon landscape'>\n\t\t\t\t<a href='https:\/\/pb.edu.pl\/sjo\/polish-lab\/czy-wiecie-ze\/warszawska-starowka\/20-canaletto\/'><img loading=\"lazy\" decoding=\"async\" width=\"800\" height=\"529\" src=\"https:\/\/pb.edu.pl\/sjo\/wp-content\/uploads\/sites\/9\/2021\/12\/20-Canaletto.jpg\" class=\"attachment-large size-large\" alt=\"Warszawa - obraz Canaletta\" srcset=\"https:\/\/pb.edu.pl\/sjo\/wp-content\/uploads\/sites\/9\/2021\/12\/20-Canaletto.jpg 800w, https:\/\/pb.edu.pl\/sjo\/wp-content\/uploads\/sites\/9\/2021\/12\/20-Canaletto-300x198.jpg 300w, https:\/\/pb.edu.pl\/sjo\/wp-content\/uploads\/sites\/9\/2021\/12\/20-Canaletto-768x508.jpg 768w\" sizes=\"auto, (max-width: 800px) 100vw, 800px\" \/><\/a>\n\t\t\t<\/div><\/figure>\n\t\t<\/div>\n\n<p><em>&nbsp; Warszawa na obrazach Canaletta &#8211; ze zbior\u00f3w Zamku Kr\u00f3lewskiego w Warszawie<\/em><\/p>\n<p>&nbsp;<\/p>\n<div id='gallery-3' class='gallery galleryid-12154 gallery-columns-3 gallery-size-medium'><figure class='gallery-item'>\n\t\t\t<div class='gallery-icon landscape'>\n\t\t\t\t<a href='https:\/\/pb.edu.pl\/sjo\/polish-lab\/czy-wiecie-ze\/warszawska-starowka\/20-old_town_warsaw-1945\/'><img loading=\"lazy\" decoding=\"async\" width=\"300\" height=\"217\" src=\"https:\/\/pb.edu.pl\/sjo\/wp-content\/uploads\/sites\/9\/2021\/12\/20.-Old_Town_Warsaw-1945-300x217.jpg\" class=\"attachment-medium size-medium\" alt=\"zglliszcza Warszawskiej Star\u00f3wki z 1945 roku\" aria-describedby=\"gallery-3-12156\" srcset=\"https:\/\/pb.edu.pl\/sjo\/wp-content\/uploads\/sites\/9\/2021\/12\/20.-Old_Town_Warsaw-1945-300x217.jpg 300w, https:\/\/pb.edu.pl\/sjo\/wp-content\/uploads\/sites\/9\/2021\/12\/20.-Old_Town_Warsaw-1945-1024x740.jpg 1024w, https:\/\/pb.edu.pl\/sjo\/wp-content\/uploads\/sites\/9\/2021\/12\/20.-Old_Town_Warsaw-1945-768x555.jpg 768w, https:\/\/pb.edu.pl\/sjo\/wp-content\/uploads\/sites\/9\/2021\/12\/20.-Old_Town_Warsaw-1945-1536x1110.jpg 1536w, https:\/\/pb.edu.pl\/sjo\/wp-content\/uploads\/sites\/9\/2021\/12\/20.-Old_Town_Warsaw-1945.jpg 1998w\" sizes=\"auto, (max-width: 300px) 100vw, 300px\" \/><\/a>\n\t\t\t<\/div>\n\t\t\t\t<figcaption class='wp-caption-text gallery-caption' id='gallery-3-12156'>\n\t\t\t\truiny Starowki warszawskiej w 1945\n\t\t\t\t<\/figcaption><\/figure><figure class='gallery-item'>\n\t\t\t<div class='gallery-icon landscape'>\n\t\t\t\t<a href='https:\/\/pb.edu.pl\/sjo\/polish-lab\/czy-wiecie-ze\/warszawska-starowka\/20-starowka-warszawska-ruiny-z-1945-warsaw_old_town_1945\/'><img loading=\"lazy\" decoding=\"async\" width=\"300\" height=\"173\" src=\"https:\/\/pb.edu.pl\/sjo\/wp-content\/uploads\/sites\/9\/2021\/12\/20-Starowka-warszawska-ruiny-z-1945-Warsaw_Old_Town_1945-300x173.jpg\" class=\"attachment-medium size-medium\" alt=\"ruiny Star\u00f3wki warszawskiej w 1945\" aria-describedby=\"gallery-3-12155\" srcset=\"https:\/\/pb.edu.pl\/sjo\/wp-content\/uploads\/sites\/9\/2021\/12\/20-Starowka-warszawska-ruiny-z-1945-Warsaw_Old_Town_1945-300x173.jpg 300w, https:\/\/pb.edu.pl\/sjo\/wp-content\/uploads\/sites\/9\/2021\/12\/20-Starowka-warszawska-ruiny-z-1945-Warsaw_Old_Town_1945-1024x589.jpg 1024w, https:\/\/pb.edu.pl\/sjo\/wp-content\/uploads\/sites\/9\/2021\/12\/20-Starowka-warszawska-ruiny-z-1945-Warsaw_Old_Town_1945-768x442.jpg 768w, https:\/\/pb.edu.pl\/sjo\/wp-content\/uploads\/sites\/9\/2021\/12\/20-Starowka-warszawska-ruiny-z-1945-Warsaw_Old_Town_1945-1536x884.jpg 1536w, https:\/\/pb.edu.pl\/sjo\/wp-content\/uploads\/sites\/9\/2021\/12\/20-Starowka-warszawska-ruiny-z-1945-Warsaw_Old_Town_1945-2048x1178.jpg 2048w\" sizes=\"auto, (max-width: 300px) 100vw, 300px\" \/><\/a>\n\t\t\t<\/div>\n\t\t\t\t<figcaption class='wp-caption-text gallery-caption' id='gallery-3-12155'>\n\t\t\t\truiny Star\u00f3wki warszawskiej w 1945\n\t\t\t\t<\/figcaption><\/figure><figure class='gallery-item'>\n\t\t\t<div class='gallery-icon landscape'>\n\t\t\t\t<a href='https:\/\/pb.edu.pl\/sjo\/polish-lab\/czy-wiecie-ze\/warszawska-starowka\/20-the_saski_palace_warsaw_destroyed_by_germans_in_1944\/'><img loading=\"lazy\" decoding=\"async\" width=\"300\" height=\"244\" src=\"https:\/\/pb.edu.pl\/sjo\/wp-content\/uploads\/sites\/9\/2021\/12\/20-.The_Saski_Palace_Warsaw_destroyed_by_Germans_in_1944-300x244.jpg\" class=\"attachment-medium size-medium\" alt=\"Pa\u0142ac Saski w 1944\" aria-describedby=\"gallery-3-12171\" srcset=\"https:\/\/pb.edu.pl\/sjo\/wp-content\/uploads\/sites\/9\/2021\/12\/20-.The_Saski_Palace_Warsaw_destroyed_by_Germans_in_1944-300x244.jpg 300w, https:\/\/pb.edu.pl\/sjo\/wp-content\/uploads\/sites\/9\/2021\/12\/20-.The_Saski_Palace_Warsaw_destroyed_by_Germans_in_1944-768x625.jpg 768w, https:\/\/pb.edu.pl\/sjo\/wp-content\/uploads\/sites\/9\/2021\/12\/20-.The_Saski_Palace_Warsaw_destroyed_by_Germans_in_1944.jpg 1000w\" sizes=\"auto, (max-width: 300px) 100vw, 300px\" \/><\/a>\n\t\t\t<\/div>\n\t\t\t\t<figcaption class='wp-caption-text gallery-caption' id='gallery-3-12171'>\n\t\t\t\tPa\u0142ac Saski w 1944\n\t\t\t\t<\/figcaption><\/figure>\n\t\t<\/div>\n\n<p><em>photos of&nbsp; the Old Town of today: Adobe Stock unless otherwise stated<\/em><\/p>\n","protected":false},"excerpt":{"rendered":"<p>Czy wiecie, \u017ce Star\u00f3wka Warszawska jest jedynym na \u015bwiecie obszarem planowej odbudowy ca\u0142ej zabytkowej dzielnicy<\/p>\n","protected":false},"author":77,"featured_media":0,"parent":8281,"menu_order":0,"comment_status":"closed","ping_status":"closed","template":"","meta":{"_acf_changed":false,"ngg_post_thumbnail":0,"footnotes":""},"class_list":["post-12154","page","type-page","status-publish","hentry"],"acf":[],"yoast_head":"<!-- This site is optimized with the Yoast SEO plugin v27.0 - https:\/\/yoast.com\/product\/yoast-seo-wordpress\/ -->\n<title>Niezwyk\u0142e - Studium J\u0119zyk\u00f3w Obcych<\/title>\n<meta name=\"description\" content=\"Czy wiecie, \u017ce Star\u00f3wka Warszawska jest jedynym na \u015bwiecie obszarem planowej odbudowy ca\u0142ej zabytkowej dzielnicy miejskiej, kt\u00f3ra do\u015bwiadczy\u0142a olbrzymich\" \/>\n<meta name=\"robots\" content=\"index, follow, max-snippet:-1, max-image-preview:large, max-video-preview:-1\" \/>\n<link rel=\"canonical\" href=\"https:\/\/pb.edu.pl\/sjo\/polish-lab\/czy-wiecie-ze\/warszawska-starowka\/\" \/>\n<meta property=\"og:locale\" content=\"pl_PL\" \/>\n<meta property=\"og:type\" content=\"article\" \/>\n<meta property=\"og:title\" content=\"Niezwyk\u0142e - Studium J\u0119zyk\u00f3w Obcych\" \/>\n<meta property=\"og:description\" content=\"Czy wiecie, \u017ce Star\u00f3wka Warszawska jest jedynym na \u015bwiecie obszarem planowej odbudowy ca\u0142ej zabytkowej dzielnicy miejskiej, kt\u00f3ra do\u015bwiadczy\u0142a olbrzymich\" \/>\n<meta property=\"og:url\" content=\"https:\/\/pb.edu.pl\/sjo\/polish-lab\/czy-wiecie-ze\/warszawska-starowka\/\" \/>\n<meta property=\"og:site_name\" content=\"Studium J\u0119zyk\u00f3w Obcych\" \/>\n<meta property=\"article:modified_time\" content=\"2023-05-09T11:58:10+00:00\" \/>\n<meta property=\"og:image\" content=\"https:\/\/pb.edu.pl\/sjo\/wp-content\/uploads\/sites\/9\/2021\/12\/20-AdobeStock_258379808-1024x341.jpeg\" \/>\n<meta name=\"twitter:label1\" content=\"Szacowany czas czytania\" \/>\n\t<meta name=\"twitter:data1\" content=\"1 minuta\" \/>\n<script type=\"application\/ld+json\" class=\"yoast-schema-graph\">{\"@context\":\"https:\/\/schema.org\",\"@graph\":[{\"@type\":\"WebPage\",\"@id\":\"https:\/\/pb.edu.pl\/sjo\/polish-lab\/czy-wiecie-ze\/warszawska-starowka\/\",\"url\":\"https:\/\/pb.edu.pl\/sjo\/polish-lab\/czy-wiecie-ze\/warszawska-starowka\/\",\"name\":\"Niezwyk\u0142e - Studium J\u0119zyk\u00f3w Obcych\",\"isPartOf\":{\"@id\":\"https:\/\/pb.edu.pl\/sjo\/#website\"},\"datePublished\":\"2021-12-30T19:34:51+00:00\",\"dateModified\":\"2023-05-09T11:58:10+00:00\",\"description\":\"Czy wiecie, \u017ce Star\u00f3wka Warszawska jest jedynym na \u015bwiecie obszarem planowej odbudowy ca\u0142ej zabytkowej dzielnicy miejskiej, kt\u00f3ra do\u015bwiadczy\u0142a olbrzymich\",\"breadcrumb\":{\"@id\":\"https:\/\/pb.edu.pl\/sjo\/polish-lab\/czy-wiecie-ze\/warszawska-starowka\/#breadcrumb\"},\"inLanguage\":\"pl-PL\",\"potentialAction\":[{\"@type\":\"ReadAction\",\"target\":[\"https:\/\/pb.edu.pl\/sjo\/polish-lab\/czy-wiecie-ze\/warszawska-starowka\/\"]}]},{\"@type\":\"BreadcrumbList\",\"@id\":\"https:\/\/pb.edu.pl\/sjo\/polish-lab\/czy-wiecie-ze\/warszawska-starowka\/#breadcrumb\",\"itemListElement\":[{\"@type\":\"ListItem\",\"position\":1,\"name\":\"Home\",\"item\":\"https:\/\/pb.edu.pl\/sjo\/\"},{\"@type\":\"ListItem\",\"position\":2,\"name\":\"Centrum J\u0119zyka i Kultury Polskiej POLISH LAB\",\"item\":\"https:\/\/pb.edu.pl\/sjo\/polish-lab\/\"},{\"@type\":\"ListItem\",\"position\":3,\"name\":\"O Polsce i Polakach\",\"item\":\"https:\/\/pb.edu.pl\/sjo\/polish-lab\/czy-wiecie-ze\/\"},{\"@type\":\"ListItem\",\"position\":4,\"name\":\"Niezwyk\u0142e\"}]},{\"@type\":\"WebSite\",\"@id\":\"https:\/\/pb.edu.pl\/sjo\/#website\",\"url\":\"https:\/\/pb.edu.pl\/sjo\/\",\"name\":\"Studium J\u0119zyk\u00f3w Obcych\",\"description\":\"\",\"potentialAction\":[{\"@type\":\"SearchAction\",\"target\":{\"@type\":\"EntryPoint\",\"urlTemplate\":\"https:\/\/pb.edu.pl\/sjo\/?s={search_term_string}\"},\"query-input\":{\"@type\":\"PropertyValueSpecification\",\"valueRequired\":true,\"valueName\":\"search_term_string\"}}],\"inLanguage\":\"pl-PL\"}]}<\/script>\n<!-- \/ Yoast SEO plugin. -->","yoast_head_json":{"title":"Niezwyk\u0142e - Studium J\u0119zyk\u00f3w Obcych","description":"Czy wiecie, \u017ce Star\u00f3wka Warszawska jest jedynym na \u015bwiecie obszarem planowej odbudowy ca\u0142ej zabytkowej dzielnicy miejskiej, kt\u00f3ra do\u015bwiadczy\u0142a olbrzymich","robots":{"index":"index","follow":"follow","max-snippet":"max-snippet:-1","max-image-preview":"max-image-preview:large","max-video-preview":"max-video-preview:-1"},"canonical":"https:\/\/pb.edu.pl\/sjo\/polish-lab\/czy-wiecie-ze\/warszawska-starowka\/","og_locale":"pl_PL","og_type":"article","og_title":"Niezwyk\u0142e - Studium J\u0119zyk\u00f3w Obcych","og_description":"Czy wiecie, \u017ce Star\u00f3wka Warszawska jest jedynym na \u015bwiecie obszarem planowej odbudowy ca\u0142ej zabytkowej dzielnicy miejskiej, kt\u00f3ra do\u015bwiadczy\u0142a olbrzymich","og_url":"https:\/\/pb.edu.pl\/sjo\/polish-lab\/czy-wiecie-ze\/warszawska-starowka\/","og_site_name":"Studium J\u0119zyk\u00f3w Obcych","article_modified_time":"2023-05-09T11:58:10+00:00","og_image":[{"url":"https:\/\/pb.edu.pl\/sjo\/wp-content\/uploads\/sites\/9\/2021\/12\/20-AdobeStock_258379808-1024x341.jpeg","type":"","width":"","height":""}],"twitter_misc":{"Szacowany czas czytania":"1 minuta"},"schema":{"@context":"https:\/\/schema.org","@graph":[{"@type":"WebPage","@id":"https:\/\/pb.edu.pl\/sjo\/polish-lab\/czy-wiecie-ze\/warszawska-starowka\/","url":"https:\/\/pb.edu.pl\/sjo\/polish-lab\/czy-wiecie-ze\/warszawska-starowka\/","name":"Niezwyk\u0142e - Studium J\u0119zyk\u00f3w Obcych","isPartOf":{"@id":"https:\/\/pb.edu.pl\/sjo\/#website"},"datePublished":"2021-12-30T19:34:51+00:00","dateModified":"2023-05-09T11:58:10+00:00","description":"Czy wiecie, \u017ce Star\u00f3wka Warszawska jest jedynym na \u015bwiecie obszarem planowej odbudowy ca\u0142ej zabytkowej dzielnicy miejskiej, kt\u00f3ra do\u015bwiadczy\u0142a olbrzymich","breadcrumb":{"@id":"https:\/\/pb.edu.pl\/sjo\/polish-lab\/czy-wiecie-ze\/warszawska-starowka\/#breadcrumb"},"inLanguage":"pl-PL","potentialAction":[{"@type":"ReadAction","target":["https:\/\/pb.edu.pl\/sjo\/polish-lab\/czy-wiecie-ze\/warszawska-starowka\/"]}]},{"@type":"BreadcrumbList","@id":"https:\/\/pb.edu.pl\/sjo\/polish-lab\/czy-wiecie-ze\/warszawska-starowka\/#breadcrumb","itemListElement":[{"@type":"ListItem","position":1,"name":"Home","item":"https:\/\/pb.edu.pl\/sjo\/"},{"@type":"ListItem","position":2,"name":"Centrum J\u0119zyka i Kultury Polskiej POLISH LAB","item":"https:\/\/pb.edu.pl\/sjo\/polish-lab\/"},{"@type":"ListItem","position":3,"name":"O Polsce i Polakach","item":"https:\/\/pb.edu.pl\/sjo\/polish-lab\/czy-wiecie-ze\/"},{"@type":"ListItem","position":4,"name":"Niezwyk\u0142e"}]},{"@type":"WebSite","@id":"https:\/\/pb.edu.pl\/sjo\/#website","url":"https:\/\/pb.edu.pl\/sjo\/","name":"Studium J\u0119zyk\u00f3w Obcych","description":"","potentialAction":[{"@type":"SearchAction","target":{"@type":"EntryPoint","urlTemplate":"https:\/\/pb.edu.pl\/sjo\/?s={search_term_string}"},"query-input":{"@type":"PropertyValueSpecification","valueRequired":true,"valueName":"search_term_string"}}],"inLanguage":"pl-PL"}]}},"_links":{"self":[{"href":"https:\/\/pb.edu.pl\/sjo\/wp-json\/wp\/v2\/pages\/12154","targetHints":{"allow":["GET"]}}],"collection":[{"href":"https:\/\/pb.edu.pl\/sjo\/wp-json\/wp\/v2\/pages"}],"about":[{"href":"https:\/\/pb.edu.pl\/sjo\/wp-json\/wp\/v2\/types\/page"}],"author":[{"embeddable":true,"href":"https:\/\/pb.edu.pl\/sjo\/wp-json\/wp\/v2\/users\/77"}],"replies":[{"embeddable":true,"href":"https:\/\/pb.edu.pl\/sjo\/wp-json\/wp\/v2\/comments?post=12154"}],"version-history":[{"count":0,"href":"https:\/\/pb.edu.pl\/sjo\/wp-json\/wp\/v2\/pages\/12154\/revisions"}],"up":[{"embeddable":true,"href":"https:\/\/pb.edu.pl\/sjo\/wp-json\/wp\/v2\/pages\/8281"}],"wp:attachment":[{"href":"https:\/\/pb.edu.pl\/sjo\/wp-json\/wp\/v2\/media?parent=12154"}],"curies":[{"name":"wp","href":"https:\/\/api.w.org\/{rel}","templated":true}]}}