{"id":12106,"date":"2021-12-30T11:39:59","date_gmt":"2021-12-30T10:39:59","guid":{"rendered":"https:\/\/pb.edu.pl\/sjo\/?page_id=12106"},"modified":"2023-02-06T14:03:46","modified_gmt":"2023-02-06T13:03:46","slug":"panorama-raclawicka","status":"publish","type":"page","link":"https:\/\/pb.edu.pl\/sjo\/polish-lab\/czy-wiecie-ze\/panorama-raclawicka\/","title":{"rendered":"Ciekawe"},"content":{"rendered":"<h2><span style=\"font-family: verdana, geneva, sans-serif;font-size: 12pt;color: #000000\"><strong><span style=\"font-size: 14pt\">Panorama Rac\u0142awicka<\/span> <\/strong>to jedyny tego typu obraz i jednocze\u015bnie galeria sztuki w Polsce. Mie\u015bci si\u0119 w centrum Wroc\u0142awia i jest to miejsce niezwyk\u0142e: rotunda wybudowana specjalnie do zaprezentowania jednego obrazu: \u2018Panoramy Rac\u0142awickiej\u2019 Jana Styki i Wojciecha Kossaka, dzie\u0142a uko\u0144czonego w 1894 roku.<\/span><\/h2>\n<p><span style=\"font-family: verdana, geneva, sans-serif;font-size: 12pt;color: #000000\">Obraz jest wyj\u0105tkowy: ma 15 m wysoko\u015bci i 114 m szeroko\u015bci, wa\u017cy 3,5 tony, a jego powierzchnia zajmuje 1800 m<sup>2<\/sup>. Przedstawia zwyci\u0119sk\u0105 bitw\u0119 pod dow\u00f3dztwem genera\u0142a Tadeusza Ko\u015bciuszki nad wojskiem rosyjskim z 1794 r. w czasie walk o zachowanie niepodleg\u0142o\u015bci Polski przed ostatnimi rozbiorami.<\/span><\/p>\n<p><span style=\"font-family: verdana, geneva, sans-serif;font-size: 12pt;color: #000000\">Malowid\u0142o zawieszone jest na \u015bcianie okr\u0105g\u0142ej galerii, a ogl\u0105daj\u0105cy poruszaj\u0105 si\u0119 po platformie. Gra \u015bwiate\u0142 i inne efekty specjalne, dostawione armaty, krzewy oraz kamienie wsp\u00f3\u0142tworz\u0105 wspania\u0142y efekt tr\u00f3jwymiaru.<\/span><\/p>\n<p><span style=\"font-family: verdana, geneva, sans-serif;font-size: 12pt;color: #000000\">O Panoramie, jej historii i zastosowanych efektach specjalnych przeczytacie na: https:\/\/skomplikowane.pl\/na-trasie\/panorama-raclawicka\/<\/span><\/p>\n<div id='gallery-1' class='gallery galleryid-12106 gallery-columns-4 gallery-size-medium'><figure class='gallery-item'>\n\t\t\t<div class='gallery-icon landscape'>\n\t\t\t\t<a href='https:\/\/pb.edu.pl\/sjo\/polish-lab\/czy-wiecie-ze\/panorama-raclawicka\/25-panorama-racl-foto-webandi-2\/'><img loading=\"lazy\" decoding=\"async\" width=\"300\" height=\"200\" src=\"https:\/\/pb.edu.pl\/sjo\/wp-content\/uploads\/sites\/9\/2021\/12\/25-panorama-racl-foto-webandi-1-300x200.jpg\" class=\"attachment-medium size-medium\" alt=\"fragment obrazu Panorama Rac\u0142aiwcka, walka kosynier\u00f3w\" srcset=\"https:\/\/pb.edu.pl\/sjo\/wp-content\/uploads\/sites\/9\/2021\/12\/25-panorama-racl-foto-webandi-1-300x200.jpg 300w, https:\/\/pb.edu.pl\/sjo\/wp-content\/uploads\/sites\/9\/2021\/12\/25-panorama-racl-foto-webandi-1-1024x684.jpg 1024w, https:\/\/pb.edu.pl\/sjo\/wp-content\/uploads\/sites\/9\/2021\/12\/25-panorama-racl-foto-webandi-1-768x513.jpg 768w, https:\/\/pb.edu.pl\/sjo\/wp-content\/uploads\/sites\/9\/2021\/12\/25-panorama-racl-foto-webandi-1-1536x1026.jpg 1536w, https:\/\/pb.edu.pl\/sjo\/wp-content\/uploads\/sites\/9\/2021\/12\/25-panorama-racl-foto-webandi-1-2048x1368.jpg 2048w, https:\/\/pb.edu.pl\/sjo\/wp-content\/uploads\/sites\/9\/2021\/12\/25-panorama-racl-foto-webandi-1-480x320.jpg 480w\" sizes=\"auto, (max-width: 300px) 100vw, 300px\" \/><\/a>\n\t\t\t<\/div><\/figure><figure class='gallery-item'>\n\t\t\t<div class='gallery-icon landscape'>\n\t\t\t\t<a href='https:\/\/pb.edu.pl\/sjo\/polish-lab\/czy-wiecie-ze\/panorama-raclawicka\/25-fragment-panoramy-raclawickiej-we-wroclawiu\/'><img loading=\"lazy\" decoding=\"async\" width=\"300\" height=\"200\" src=\"https:\/\/pb.edu.pl\/sjo\/wp-content\/uploads\/sites\/9\/2021\/12\/25-fragment-Panoramy-Raclawickiej-we-Wroclawiu-300x200.jpg\" class=\"attachment-medium size-medium\" alt=\"fragment obrazu Panorama Rac\u0142aiwcka,\" srcset=\"https:\/\/pb.edu.pl\/sjo\/wp-content\/uploads\/sites\/9\/2021\/12\/25-fragment-Panoramy-Raclawickiej-we-Wroclawiu-300x200.jpg 300w, https:\/\/pb.edu.pl\/sjo\/wp-content\/uploads\/sites\/9\/2021\/12\/25-fragment-Panoramy-Raclawickiej-we-Wroclawiu-768x512.jpg 768w, https:\/\/pb.edu.pl\/sjo\/wp-content\/uploads\/sites\/9\/2021\/12\/25-fragment-Panoramy-Raclawickiej-we-Wroclawiu-480x320.jpg 480w, https:\/\/pb.edu.pl\/sjo\/wp-content\/uploads\/sites\/9\/2021\/12\/25-fragment-Panoramy-Raclawickiej-we-Wroclawiu.jpg 800w\" sizes=\"auto, (max-width: 300px) 100vw, 300px\" \/><\/a>\n\t\t\t<\/div><\/figure><figure class='gallery-item'>\n\t\t\t<div class='gallery-icon landscape'>\n\t\t\t\t<a href='https:\/\/pb.edu.pl\/sjo\/polish-lab\/czy-wiecie-ze\/panorama-raclawicka\/25-panorama-fot-pixabay-2\/'><img loading=\"lazy\" decoding=\"async\" width=\"300\" height=\"200\" src=\"https:\/\/pb.edu.pl\/sjo\/wp-content\/uploads\/sites\/9\/2021\/12\/25-panorama-fot.-Pixabay-1-300x200.jpg\" class=\"attachment-medium size-medium\" alt=\"fragment obrazu Panorama Rac\u0142aiwcka, scena batalistyczna\" srcset=\"https:\/\/pb.edu.pl\/sjo\/wp-content\/uploads\/sites\/9\/2021\/12\/25-panorama-fot.-Pixabay-1-300x200.jpg 300w, https:\/\/pb.edu.pl\/sjo\/wp-content\/uploads\/sites\/9\/2021\/12\/25-panorama-fot.-Pixabay-1-1024x684.jpg 1024w, https:\/\/pb.edu.pl\/sjo\/wp-content\/uploads\/sites\/9\/2021\/12\/25-panorama-fot.-Pixabay-1-768x513.jpg 768w, https:\/\/pb.edu.pl\/sjo\/wp-content\/uploads\/sites\/9\/2021\/12\/25-panorama-fot.-Pixabay-1-1536x1026.jpg 1536w, https:\/\/pb.edu.pl\/sjo\/wp-content\/uploads\/sites\/9\/2021\/12\/25-panorama-fot.-Pixabay-1-2048x1368.jpg 2048w, https:\/\/pb.edu.pl\/sjo\/wp-content\/uploads\/sites\/9\/2021\/12\/25-panorama-fot.-Pixabay-1-480x320.jpg 480w\" sizes=\"auto, (max-width: 300px) 100vw, 300px\" \/><\/a>\n\t\t\t<\/div><\/figure><figure class='gallery-item'>\n\t\t\t<div class='gallery-icon landscape'>\n\t\t\t\t<a href='https:\/\/pb.edu.pl\/sjo\/polish-lab\/czy-wiecie-ze\/panorama-raclawicka\/25-depositphotos_35321149_ds-1m\/'><img loading=\"lazy\" decoding=\"async\" width=\"300\" height=\"200\" src=\"https:\/\/pb.edu.pl\/sjo\/wp-content\/uploads\/sites\/9\/2021\/12\/25-Depositphotos_35321149_DS-1m-300x200.jpg\" class=\"attachment-medium size-medium\" alt=\"fragment obrazu Panorama Rac\u0142aiwcka, walka\" srcset=\"https:\/\/pb.edu.pl\/sjo\/wp-content\/uploads\/sites\/9\/2021\/12\/25-Depositphotos_35321149_DS-1m-300x200.jpg 300w, https:\/\/pb.edu.pl\/sjo\/wp-content\/uploads\/sites\/9\/2021\/12\/25-Depositphotos_35321149_DS-1m-1024x683.jpg 1024w, https:\/\/pb.edu.pl\/sjo\/wp-content\/uploads\/sites\/9\/2021\/12\/25-Depositphotos_35321149_DS-1m-768x512.jpg 768w, https:\/\/pb.edu.pl\/sjo\/wp-content\/uploads\/sites\/9\/2021\/12\/25-Depositphotos_35321149_DS-1m-1536x1024.jpg 1536w, https:\/\/pb.edu.pl\/sjo\/wp-content\/uploads\/sites\/9\/2021\/12\/25-Depositphotos_35321149_DS-1m-480x320.jpg 480w, https:\/\/pb.edu.pl\/sjo\/wp-content\/uploads\/sites\/9\/2021\/12\/25-Depositphotos_35321149_DS-1m.jpg 1773w\" sizes=\"auto, (max-width: 300px) 100vw, 300px\" \/><\/a>\n\t\t\t<\/div><\/figure>\n\t\t<\/div>\n\n<p>&nbsp;<\/p>\n<div id='gallery-2' class='gallery galleryid-12106 gallery-columns-3 gallery-size-medium'><figure class='gallery-item'>\n\t\t\t<div class='gallery-icon landscape'>\n\t\t\t\t<a href='https:\/\/pb.edu.pl\/sjo\/polish-lab\/czy-wiecie-ze\/panorama-raclawicka\/25-depositphotos_456738396_dsm\/'><img loading=\"lazy\" decoding=\"async\" width=\"300\" height=\"148\" src=\"https:\/\/pb.edu.pl\/sjo\/wp-content\/uploads\/sites\/9\/2021\/12\/25-Depositphotos_456738396_DSm-300x148.jpg\" class=\"attachment-medium size-medium\" alt=\"Rotunda Panorama Rac\u0142aiwcka,\" srcset=\"https:\/\/pb.edu.pl\/sjo\/wp-content\/uploads\/sites\/9\/2021\/12\/25-Depositphotos_456738396_DSm-300x148.jpg 300w, https:\/\/pb.edu.pl\/sjo\/wp-content\/uploads\/sites\/9\/2021\/12\/25-Depositphotos_456738396_DSm-1024x507.jpg 1024w, https:\/\/pb.edu.pl\/sjo\/wp-content\/uploads\/sites\/9\/2021\/12\/25-Depositphotos_456738396_DSm-768x380.jpg 768w, https:\/\/pb.edu.pl\/sjo\/wp-content\/uploads\/sites\/9\/2021\/12\/25-Depositphotos_456738396_DSm-1536x760.jpg 1536w, https:\/\/pb.edu.pl\/sjo\/wp-content\/uploads\/sites\/9\/2021\/12\/25-Depositphotos_456738396_DSm-2048x1013.jpg 2048w\" sizes=\"auto, (max-width: 300px) 100vw, 300px\" \/><\/a>\n\t\t\t<\/div><\/figure><figure class='gallery-item'>\n\t\t\t<div class='gallery-icon landscape'>\n\t\t\t\t<a href='https:\/\/pb.edu.pl\/sjo\/polish-lab\/czy-wiecie-ze\/panorama-raclawicka\/25-rotundapanoramyraclawickiej-creative-commons-cc0-license-m\/'><img loading=\"lazy\" decoding=\"async\" width=\"300\" height=\"200\" src=\"https:\/\/pb.edu.pl\/sjo\/wp-content\/uploads\/sites\/9\/2021\/12\/25-RotundaPanoramyRaclawickiej-Creative-Commons-CC0-License-m-300x200.jpg\" class=\"attachment-medium size-medium\" alt=\"Rotunda Panorama Rac\u0142aiwcka z wej\u015bciem do budynku\" aria-describedby=\"gallery-2-12125\" srcset=\"https:\/\/pb.edu.pl\/sjo\/wp-content\/uploads\/sites\/9\/2021\/12\/25-RotundaPanoramyRaclawickiej-Creative-Commons-CC0-License-m-300x200.jpg 300w, https:\/\/pb.edu.pl\/sjo\/wp-content\/uploads\/sites\/9\/2021\/12\/25-RotundaPanoramyRaclawickiej-Creative-Commons-CC0-License-m-768x512.jpg 768w, https:\/\/pb.edu.pl\/sjo\/wp-content\/uploads\/sites\/9\/2021\/12\/25-RotundaPanoramyRaclawickiej-Creative-Commons-CC0-License-m-480x320.jpg 480w, https:\/\/pb.edu.pl\/sjo\/wp-content\/uploads\/sites\/9\/2021\/12\/25-RotundaPanoramyRaclawickiej-Creative-Commons-CC0-License-m.jpg 780w\" sizes=\"auto, (max-width: 300px) 100vw, 300px\" \/><\/a>\n\t\t\t<\/div>\n\t\t\t\t<figcaption class='wp-caption-text gallery-caption' id='gallery-2-12125'>\n\t\t\t\tCreative Commons CC0 License\n\t\t\t\t<\/figcaption><\/figure><figure class='gallery-item'>\n\t\t\t<div class='gallery-icon landscape'>\n\t\t\t\t<a href='https:\/\/pb.edu.pl\/sjo\/polish-lab\/czy-wiecie-ze\/panorama-raclawicka\/25-pa-racl-source-ministry-of-foreign-affairs-of-the-republic-of-poland-cc-by-nc-2-0\/'><img loading=\"lazy\" decoding=\"async\" width=\"300\" height=\"113\" src=\"https:\/\/pb.edu.pl\/sjo\/wp-content\/uploads\/sites\/9\/2021\/12\/25-pa-racl-source-Ministry-of-Foreign-Affairs-of-the-Republic-of-Poland-CC-BY-NC-2.0-300x113.jpg\" class=\"attachment-medium size-medium\" alt=\"Rotunda wewn\u0105trz\" aria-describedby=\"gallery-2-12108\" srcset=\"https:\/\/pb.edu.pl\/sjo\/wp-content\/uploads\/sites\/9\/2021\/12\/25-pa-racl-source-Ministry-of-Foreign-Affairs-of-the-Republic-of-Poland-CC-BY-NC-2.0-300x113.jpg 300w, https:\/\/pb.edu.pl\/sjo\/wp-content\/uploads\/sites\/9\/2021\/12\/25-pa-racl-source-Ministry-of-Foreign-Affairs-of-the-Republic-of-Poland-CC-BY-NC-2.0-1024x385.jpg 1024w, https:\/\/pb.edu.pl\/sjo\/wp-content\/uploads\/sites\/9\/2021\/12\/25-pa-racl-source-Ministry-of-Foreign-Affairs-of-the-Republic-of-Poland-CC-BY-NC-2.0-768x289.jpg 768w, https:\/\/pb.edu.pl\/sjo\/wp-content\/uploads\/sites\/9\/2021\/12\/25-pa-racl-source-Ministry-of-Foreign-Affairs-of-the-Republic-of-Poland-CC-BY-NC-2.0-1536x577.jpg 1536w, https:\/\/pb.edu.pl\/sjo\/wp-content\/uploads\/sites\/9\/2021\/12\/25-pa-racl-source-Ministry-of-Foreign-Affairs-of-the-Republic-of-Poland-CC-BY-NC-2.0-2048x770.jpg 2048w\" sizes=\"auto, (max-width: 300px) 100vw, 300px\" \/><\/a>\n\t\t\t<\/div>\n\t\t\t\t<figcaption class='wp-caption-text gallery-caption' id='gallery-2-12108'>\n\t\t\t\tsource Ministry of Foreign Affairs of the Republic of Poland CC BY-NC 2.0\n\t\t\t\t<\/figcaption><\/figure>\n\t\t<\/div>\n\n<p><em>Pozosta\u0142e zdj\u0119cia: Depositphotos &amp; Pixabay<\/em><\/p>\n","protected":false},"excerpt":{"rendered":"<p>Panorama Rac\u0142awicka to jedyny tego typu obraz i jednocze\u015bnie galeria sztuki w Polsce. Mie\u015bci si\u0119<\/p>\n","protected":false},"author":77,"featured_media":0,"parent":8281,"menu_order":0,"comment_status":"closed","ping_status":"closed","template":"","meta":{"_acf_changed":false,"ngg_post_thumbnail":0,"footnotes":""},"class_list":["post-12106","page","type-page","status-publish","hentry"],"acf":[],"yoast_head":"<!-- This site is optimized with the Yoast SEO plugin v27.0 - https:\/\/yoast.com\/product\/yoast-seo-wordpress\/ -->\n<title>Ciekawe - Studium J\u0119zyk\u00f3w Obcych<\/title>\n<meta name=\"description\" content=\"Panorama Rac\u0142awicka to jedyny tego typu obraz i jednocze\u015bnie galeria sztuki w Polsce. Mie\u015bci si\u0119 w centrum Wroc\u0142awia i jest to miejsce niezwyk\u0142e: rotunda\" \/>\n<meta name=\"robots\" content=\"index, follow, max-snippet:-1, max-image-preview:large, max-video-preview:-1\" \/>\n<link rel=\"canonical\" href=\"https:\/\/pb.edu.pl\/sjo\/polish-lab\/czy-wiecie-ze\/panorama-raclawicka\/\" \/>\n<meta property=\"og:locale\" content=\"pl_PL\" \/>\n<meta property=\"og:type\" content=\"article\" \/>\n<meta property=\"og:title\" content=\"Ciekawe - Studium J\u0119zyk\u00f3w Obcych\" \/>\n<meta property=\"og:description\" content=\"Panorama Rac\u0142awicka to jedyny tego typu obraz i jednocze\u015bnie galeria sztuki w Polsce. Mie\u015bci si\u0119 w centrum Wroc\u0142awia i jest to miejsce niezwyk\u0142e: rotunda\" \/>\n<meta property=\"og:url\" content=\"https:\/\/pb.edu.pl\/sjo\/polish-lab\/czy-wiecie-ze\/panorama-raclawicka\/\" \/>\n<meta property=\"og:site_name\" content=\"Studium J\u0119zyk\u00f3w Obcych\" \/>\n<meta property=\"article:modified_time\" content=\"2023-02-06T13:03:46+00:00\" \/>\n<meta property=\"og:image\" content=\"https:\/\/pb.edu.pl\/sjo\/wp-content\/uploads\/sites\/9\/2021\/12\/25-panorama-racl-foto-webandi-1-300x200.jpg\" \/>\n<meta name=\"twitter:label1\" content=\"Szacowany czas czytania\" \/>\n\t<meta name=\"twitter:data1\" content=\"2 minuty\" \/>\n<script type=\"application\/ld+json\" class=\"yoast-schema-graph\">{\"@context\":\"https:\/\/schema.org\",\"@graph\":[{\"@type\":\"WebPage\",\"@id\":\"https:\/\/pb.edu.pl\/sjo\/polish-lab\/czy-wiecie-ze\/panorama-raclawicka\/\",\"url\":\"https:\/\/pb.edu.pl\/sjo\/polish-lab\/czy-wiecie-ze\/panorama-raclawicka\/\",\"name\":\"Ciekawe - Studium J\u0119zyk\u00f3w Obcych\",\"isPartOf\":{\"@id\":\"https:\/\/pb.edu.pl\/sjo\/#website\"},\"datePublished\":\"2021-12-30T10:39:59+00:00\",\"dateModified\":\"2023-02-06T13:03:46+00:00\",\"description\":\"Panorama Rac\u0142awicka to jedyny tego typu obraz i jednocze\u015bnie galeria sztuki w Polsce. Mie\u015bci si\u0119 w centrum Wroc\u0142awia i jest to miejsce niezwyk\u0142e: rotunda\",\"breadcrumb\":{\"@id\":\"https:\/\/pb.edu.pl\/sjo\/polish-lab\/czy-wiecie-ze\/panorama-raclawicka\/#breadcrumb\"},\"inLanguage\":\"pl-PL\",\"potentialAction\":[{\"@type\":\"ReadAction\",\"target\":[\"https:\/\/pb.edu.pl\/sjo\/polish-lab\/czy-wiecie-ze\/panorama-raclawicka\/\"]}]},{\"@type\":\"BreadcrumbList\",\"@id\":\"https:\/\/pb.edu.pl\/sjo\/polish-lab\/czy-wiecie-ze\/panorama-raclawicka\/#breadcrumb\",\"itemListElement\":[{\"@type\":\"ListItem\",\"position\":1,\"name\":\"Home\",\"item\":\"https:\/\/pb.edu.pl\/sjo\/\"},{\"@type\":\"ListItem\",\"position\":2,\"name\":\"Centrum J\u0119zyka i Kultury Polskiej POLISH LAB\",\"item\":\"https:\/\/pb.edu.pl\/sjo\/polish-lab\/\"},{\"@type\":\"ListItem\",\"position\":3,\"name\":\"O Polsce i Polakach\",\"item\":\"https:\/\/pb.edu.pl\/sjo\/polish-lab\/czy-wiecie-ze\/\"},{\"@type\":\"ListItem\",\"position\":4,\"name\":\"Ciekawe\"}]},{\"@type\":\"WebSite\",\"@id\":\"https:\/\/pb.edu.pl\/sjo\/#website\",\"url\":\"https:\/\/pb.edu.pl\/sjo\/\",\"name\":\"Studium J\u0119zyk\u00f3w Obcych\",\"description\":\"\",\"potentialAction\":[{\"@type\":\"SearchAction\",\"target\":{\"@type\":\"EntryPoint\",\"urlTemplate\":\"https:\/\/pb.edu.pl\/sjo\/?s={search_term_string}\"},\"query-input\":{\"@type\":\"PropertyValueSpecification\",\"valueRequired\":true,\"valueName\":\"search_term_string\"}}],\"inLanguage\":\"pl-PL\"}]}<\/script>\n<!-- \/ Yoast SEO plugin. -->","yoast_head_json":{"title":"Ciekawe - Studium J\u0119zyk\u00f3w Obcych","description":"Panorama Rac\u0142awicka to jedyny tego typu obraz i jednocze\u015bnie galeria sztuki w Polsce. Mie\u015bci si\u0119 w centrum Wroc\u0142awia i jest to miejsce niezwyk\u0142e: rotunda","robots":{"index":"index","follow":"follow","max-snippet":"max-snippet:-1","max-image-preview":"max-image-preview:large","max-video-preview":"max-video-preview:-1"},"canonical":"https:\/\/pb.edu.pl\/sjo\/polish-lab\/czy-wiecie-ze\/panorama-raclawicka\/","og_locale":"pl_PL","og_type":"article","og_title":"Ciekawe - Studium J\u0119zyk\u00f3w Obcych","og_description":"Panorama Rac\u0142awicka to jedyny tego typu obraz i jednocze\u015bnie galeria sztuki w Polsce. Mie\u015bci si\u0119 w centrum Wroc\u0142awia i jest to miejsce niezwyk\u0142e: rotunda","og_url":"https:\/\/pb.edu.pl\/sjo\/polish-lab\/czy-wiecie-ze\/panorama-raclawicka\/","og_site_name":"Studium J\u0119zyk\u00f3w Obcych","article_modified_time":"2023-02-06T13:03:46+00:00","og_image":[{"url":"https:\/\/pb.edu.pl\/sjo\/wp-content\/uploads\/sites\/9\/2021\/12\/25-panorama-racl-foto-webandi-1-300x200.jpg","type":"","width":"","height":""}],"twitter_misc":{"Szacowany czas czytania":"2 minuty"},"schema":{"@context":"https:\/\/schema.org","@graph":[{"@type":"WebPage","@id":"https:\/\/pb.edu.pl\/sjo\/polish-lab\/czy-wiecie-ze\/panorama-raclawicka\/","url":"https:\/\/pb.edu.pl\/sjo\/polish-lab\/czy-wiecie-ze\/panorama-raclawicka\/","name":"Ciekawe - Studium J\u0119zyk\u00f3w Obcych","isPartOf":{"@id":"https:\/\/pb.edu.pl\/sjo\/#website"},"datePublished":"2021-12-30T10:39:59+00:00","dateModified":"2023-02-06T13:03:46+00:00","description":"Panorama Rac\u0142awicka to jedyny tego typu obraz i jednocze\u015bnie galeria sztuki w Polsce. Mie\u015bci si\u0119 w centrum Wroc\u0142awia i jest to miejsce niezwyk\u0142e: rotunda","breadcrumb":{"@id":"https:\/\/pb.edu.pl\/sjo\/polish-lab\/czy-wiecie-ze\/panorama-raclawicka\/#breadcrumb"},"inLanguage":"pl-PL","potentialAction":[{"@type":"ReadAction","target":["https:\/\/pb.edu.pl\/sjo\/polish-lab\/czy-wiecie-ze\/panorama-raclawicka\/"]}]},{"@type":"BreadcrumbList","@id":"https:\/\/pb.edu.pl\/sjo\/polish-lab\/czy-wiecie-ze\/panorama-raclawicka\/#breadcrumb","itemListElement":[{"@type":"ListItem","position":1,"name":"Home","item":"https:\/\/pb.edu.pl\/sjo\/"},{"@type":"ListItem","position":2,"name":"Centrum J\u0119zyka i Kultury Polskiej POLISH LAB","item":"https:\/\/pb.edu.pl\/sjo\/polish-lab\/"},{"@type":"ListItem","position":3,"name":"O Polsce i Polakach","item":"https:\/\/pb.edu.pl\/sjo\/polish-lab\/czy-wiecie-ze\/"},{"@type":"ListItem","position":4,"name":"Ciekawe"}]},{"@type":"WebSite","@id":"https:\/\/pb.edu.pl\/sjo\/#website","url":"https:\/\/pb.edu.pl\/sjo\/","name":"Studium J\u0119zyk\u00f3w Obcych","description":"","potentialAction":[{"@type":"SearchAction","target":{"@type":"EntryPoint","urlTemplate":"https:\/\/pb.edu.pl\/sjo\/?s={search_term_string}"},"query-input":{"@type":"PropertyValueSpecification","valueRequired":true,"valueName":"search_term_string"}}],"inLanguage":"pl-PL"}]}},"_links":{"self":[{"href":"https:\/\/pb.edu.pl\/sjo\/wp-json\/wp\/v2\/pages\/12106","targetHints":{"allow":["GET"]}}],"collection":[{"href":"https:\/\/pb.edu.pl\/sjo\/wp-json\/wp\/v2\/pages"}],"about":[{"href":"https:\/\/pb.edu.pl\/sjo\/wp-json\/wp\/v2\/types\/page"}],"author":[{"embeddable":true,"href":"https:\/\/pb.edu.pl\/sjo\/wp-json\/wp\/v2\/users\/77"}],"replies":[{"embeddable":true,"href":"https:\/\/pb.edu.pl\/sjo\/wp-json\/wp\/v2\/comments?post=12106"}],"version-history":[{"count":0,"href":"https:\/\/pb.edu.pl\/sjo\/wp-json\/wp\/v2\/pages\/12106\/revisions"}],"up":[{"embeddable":true,"href":"https:\/\/pb.edu.pl\/sjo\/wp-json\/wp\/v2\/pages\/8281"}],"wp:attachment":[{"href":"https:\/\/pb.edu.pl\/sjo\/wp-json\/wp\/v2\/media?parent=12106"}],"curies":[{"name":"wp","href":"https:\/\/api.w.org\/{rel}","templated":true}]}}