{"id":11835,"date":"2021-11-22T14:29:40","date_gmt":"2021-11-22T13:29:40","guid":{"rendered":"https:\/\/pb.edu.pl\/sjo\/?page_id=11835"},"modified":"2021-11-25T11:18:14","modified_gmt":"2021-11-25T10:18:14","slug":"oferty-pracy","status":"publish","type":"page","link":"https:\/\/pb.edu.pl\/sjo\/wydarzenia-sjo\/mock\/mock-pracodawcy-2\/oferty-pracy\/","title":{"rendered":"Oferty pracy"},"content":{"rendered":"<p>Zapraszamy do zapoznania si\u0119 z przyk\u0142adowymi ofertami pracy naszych rekruter\u00f3w.<br \/>\nU\u0142atwi to przygotowanie si\u0119 do rozmowy kwalifikacyjnej z wybranym pracodawc\u0105.<\/p>\n<p>&nbsp;<\/p>\n<p><img loading=\"lazy\" decoding=\"async\" class=\"alignnone wp-image-11642\" src=\"https:\/\/pb.edu.pl\/sjo\/wp-content\/uploads\/sites\/9\/2021\/11\/Boksy-na-www-4-1-300x200.png\" alt=\"logo PRONAR\" width=\"250\" height=\"167\" srcset=\"https:\/\/pb.edu.pl\/sjo\/wp-content\/uploads\/sites\/9\/2021\/11\/Boksy-na-www-4-1-300x200.png 300w, https:\/\/pb.edu.pl\/sjo\/wp-content\/uploads\/sites\/9\/2021\/11\/Boksy-na-www-4-1-768x512.png 768w, https:\/\/pb.edu.pl\/sjo\/wp-content\/uploads\/sites\/9\/2021\/11\/Boksy-na-www-4-1-480x320.png 480w, https:\/\/pb.edu.pl\/sjo\/wp-content\/uploads\/sites\/9\/2021\/11\/Boksy-na-www-4-1.png 799w\" sizes=\"auto, (max-width: 250px) 100vw, 250px\" \/><\/p>\n<p><a title=\"\" href=\"https:\/\/pb.edu.pl\/sjo\/wp-content\/uploads\/sites\/9\/2021\/11\/Customer-Support-Specialist_PRONAR.docx.pdf\" target=\"_blank\" rel=\"noopener\">Customer Support Specialist<\/a><\/p>\n<p><a href=\"https:\/\/pb.edu.pl\/sjo\/wp-content\/uploads\/sites\/9\/2021\/11\/Export-Marketing-Specialist_PRONAR.pdf\">Export Marketing Specialist<\/a><\/p>\n<p><a href=\"https:\/\/pb.edu.pl\/sjo\/wp-content\/uploads\/sites\/9\/2021\/11\/Export-Specialist_PRONAR.pdf\">Export Specialist<\/a><\/p>\n<p><a href=\"https:\/\/pb.edu.pl\/sjo\/wp-content\/uploads\/sites\/9\/2021\/11\/Buyer_PRONAR.pdf\">Buyer<\/a><\/p>\n<p><img loading=\"lazy\" decoding=\"async\" class=\"alignnone wp-image-11447\" src=\"https:\/\/pb.edu.pl\/sjo\/wp-content\/uploads\/sites\/9\/2021\/11\/Boksy-na-www-2-300x200.png\" alt=\"logo lbpro\" width=\"250\" height=\"167\" srcset=\"https:\/\/pb.edu.pl\/sjo\/wp-content\/uploads\/sites\/9\/2021\/11\/Boksy-na-www-2-300x200.png 300w, https:\/\/pb.edu.pl\/sjo\/wp-content\/uploads\/sites\/9\/2021\/11\/Boksy-na-www-2-768x512.png 768w, https:\/\/pb.edu.pl\/sjo\/wp-content\/uploads\/sites\/9\/2021\/11\/Boksy-na-www-2-480x320.png 480w, https:\/\/pb.edu.pl\/sjo\/wp-content\/uploads\/sites\/9\/2021\/11\/Boksy-na-www-2.png 799w\" sizes=\"auto, (max-width: 250px) 100vw, 250px\" \/><\/p>\n<p><a href=\"https:\/\/pb.edu.pl\/sjo\/wp-content\/uploads\/sites\/9\/2021\/11\/Administrator-systemow_LBPRO.pdf\">Administrator system\u00f3w<\/a><\/p>\n<p><a href=\"https:\/\/pb.edu.pl\/sjo\/wp-content\/uploads\/sites\/9\/2021\/11\/Junior-Project-Manager_LBPRO.pdf\">Junior Project Manager<\/a><\/p>\n<p><a href=\"https:\/\/pb.edu.pl\/sjo\/wp-content\/uploads\/sites\/9\/2021\/11\/Mobile-and-WEB-Application-Tester__LBPRO.pdf\">Mobile and WEB Application Tester<\/a><\/p>\n<p><a href=\"https:\/\/pb.edu.pl\/sjo\/wp-content\/uploads\/sites\/9\/2021\/11\/Programista-ASP.NET_LBPRO.pdf\">Programista ASP.NET<\/a><\/p>\n<p><img loading=\"lazy\" decoding=\"async\" class=\"alignnone wp-image-11448\" src=\"https:\/\/pb.edu.pl\/sjo\/wp-content\/uploads\/sites\/9\/2021\/11\/Boksy-na-www-1-2-300x200.png\" alt=\"logo Sienko i syn\" width=\"250\" height=\"167\" srcset=\"https:\/\/pb.edu.pl\/sjo\/wp-content\/uploads\/sites\/9\/2021\/11\/Boksy-na-www-1-2-300x200.png 300w, https:\/\/pb.edu.pl\/sjo\/wp-content\/uploads\/sites\/9\/2021\/11\/Boksy-na-www-1-2-768x512.png 768w, https:\/\/pb.edu.pl\/sjo\/wp-content\/uploads\/sites\/9\/2021\/11\/Boksy-na-www-1-2-480x320.png 480w, https:\/\/pb.edu.pl\/sjo\/wp-content\/uploads\/sites\/9\/2021\/11\/Boksy-na-www-1-2.png 799w\" sizes=\"auto, (max-width: 250px) 100vw, 250px\" \/><\/p>\n<p><a href=\"https:\/\/pb.edu.pl\/sjo\/wp-content\/uploads\/sites\/9\/2021\/11\/Car-Salesperson_SIENKO.pdf\">Car Salesperson<\/a><\/p>\n<p><img loading=\"lazy\" decoding=\"async\" class=\"alignnone size-medium wp-image-11600\" src=\"https:\/\/pb.edu.pl\/sjo\/wp-content\/uploads\/sites\/9\/2021\/11\/Boksy-na-www-3-1-300x200.png\" alt=\"logo Biazet\" width=\"250\" height=\"167\" srcset=\"https:\/\/pb.edu.pl\/sjo\/wp-content\/uploads\/sites\/9\/2021\/11\/Boksy-na-www-3-1-300x200.png 300w, https:\/\/pb.edu.pl\/sjo\/wp-content\/uploads\/sites\/9\/2021\/11\/Boksy-na-www-3-1-768x512.png 768w, https:\/\/pb.edu.pl\/sjo\/wp-content\/uploads\/sites\/9\/2021\/11\/Boksy-na-www-3-1-480x320.png 480w, https:\/\/pb.edu.pl\/sjo\/wp-content\/uploads\/sites\/9\/2021\/11\/Boksy-na-www-3-1.png 799w\" sizes=\"auto, (max-width: 250px) 100vw, 250px\" \/><\/p>\n<p><a href=\"https:\/\/pb.edu.pl\/sjo\/wp-content\/uploads\/sites\/9\/2021\/11\/Production-Planning-Specialist_BIAZET.pdf\">Production Planning Specialist<\/a><\/p>\n","protected":false},"excerpt":{"rendered":"<p>Zapraszamy do zapoznania si\u0119 z przyk\u0142adowymi ofertami pracy naszych rekruter\u00f3w. U\u0142atwi to przygotowanie si\u0119 do<\/p>\n","protected":false},"author":6,"featured_media":0,"parent":10978,"menu_order":0,"comment_status":"closed","ping_status":"closed","template":"","meta":{"_acf_changed":false,"ngg_post_thumbnail":0,"footnotes":""},"class_list":["post-11835","page","type-page","status-publish","hentry"],"acf":[],"yoast_head":"<!-- This site is optimized with the Yoast SEO plugin v27.0 - https:\/\/yoast.com\/product\/yoast-seo-wordpress\/ -->\n<title>Oferty pracy - Studium J\u0119zyk\u00f3w Obcych<\/title>\n<meta name=\"description\" content=\"Zapraszamy do zapoznania si\u0119 z przyk\u0142adowymi ofertami pracy naszych rekruter\u00f3w. U\u0142atwi to przygotowanie si\u0119 do rozmowy kwalifikacyjnej z wybranym\" \/>\n<meta name=\"robots\" content=\"index, follow, max-snippet:-1, max-image-preview:large, max-video-preview:-1\" \/>\n<link rel=\"canonical\" href=\"https:\/\/pb.edu.pl\/sjo\/wydarzenia-sjo\/mock\/mock-pracodawcy-2\/oferty-pracy\/\" \/>\n<meta property=\"og:locale\" content=\"pl_PL\" \/>\n<meta property=\"og:type\" content=\"article\" \/>\n<meta property=\"og:title\" content=\"Oferty pracy - Studium J\u0119zyk\u00f3w Obcych\" \/>\n<meta property=\"og:description\" content=\"Zapraszamy do zapoznania si\u0119 z przyk\u0142adowymi ofertami pracy naszych rekruter\u00f3w. U\u0142atwi to przygotowanie si\u0119 do rozmowy kwalifikacyjnej z wybranym\" \/>\n<meta property=\"og:url\" content=\"https:\/\/pb.edu.pl\/sjo\/wydarzenia-sjo\/mock\/mock-pracodawcy-2\/oferty-pracy\/\" \/>\n<meta property=\"og:site_name\" content=\"Studium J\u0119zyk\u00f3w Obcych\" \/>\n<meta property=\"article:modified_time\" content=\"2021-11-25T10:18:14+00:00\" \/>\n<meta property=\"og:image\" content=\"https:\/\/pb.edu.pl\/sjo\/wp-content\/uploads\/sites\/9\/2021\/11\/Boksy-na-www-4-1-300x200.png\" \/>\n<meta name=\"twitter:label1\" content=\"Szacowany czas czytania\" \/>\n\t<meta name=\"twitter:data1\" content=\"1 minuta\" \/>\n<script type=\"application\/ld+json\" class=\"yoast-schema-graph\">{\"@context\":\"https:\/\/schema.org\",\"@graph\":[{\"@type\":\"WebPage\",\"@id\":\"https:\/\/pb.edu.pl\/sjo\/wydarzenia-sjo\/mock\/mock-pracodawcy-2\/oferty-pracy\/\",\"url\":\"https:\/\/pb.edu.pl\/sjo\/wydarzenia-sjo\/mock\/mock-pracodawcy-2\/oferty-pracy\/\",\"name\":\"Oferty pracy - Studium J\u0119zyk\u00f3w Obcych\",\"isPartOf\":{\"@id\":\"https:\/\/pb.edu.pl\/sjo\/#website\"},\"primaryImageOfPage\":{\"@id\":\"https:\/\/pb.edu.pl\/sjo\/wydarzenia-sjo\/mock\/mock-pracodawcy-2\/oferty-pracy\/#primaryimage\"},\"image\":{\"@id\":\"https:\/\/pb.edu.pl\/sjo\/wydarzenia-sjo\/mock\/mock-pracodawcy-2\/oferty-pracy\/#primaryimage\"},\"thumbnailUrl\":\"https:\/\/pb.edu.pl\/sjo\/wp-content\/uploads\/sites\/9\/2021\/11\/Boksy-na-www-4-1-300x200.png\",\"datePublished\":\"2021-11-22T13:29:40+00:00\",\"dateModified\":\"2021-11-25T10:18:14+00:00\",\"description\":\"Zapraszamy do zapoznania si\u0119 z przyk\u0142adowymi ofertami pracy naszych rekruter\u00f3w. U\u0142atwi to przygotowanie si\u0119 do rozmowy kwalifikacyjnej z wybranym\",\"breadcrumb\":{\"@id\":\"https:\/\/pb.edu.pl\/sjo\/wydarzenia-sjo\/mock\/mock-pracodawcy-2\/oferty-pracy\/#breadcrumb\"},\"inLanguage\":\"pl-PL\",\"potentialAction\":[{\"@type\":\"ReadAction\",\"target\":[\"https:\/\/pb.edu.pl\/sjo\/wydarzenia-sjo\/mock\/mock-pracodawcy-2\/oferty-pracy\/\"]}]},{\"@type\":\"ImageObject\",\"inLanguage\":\"pl-PL\",\"@id\":\"https:\/\/pb.edu.pl\/sjo\/wydarzenia-sjo\/mock\/mock-pracodawcy-2\/oferty-pracy\/#primaryimage\",\"url\":\"https:\/\/pb.edu.pl\/sjo\/wp-content\/uploads\/sites\/9\/2021\/11\/Boksy-na-www-4-1.png\",\"contentUrl\":\"https:\/\/pb.edu.pl\/sjo\/wp-content\/uploads\/sites\/9\/2021\/11\/Boksy-na-www-4-1.png\",\"width\":799,\"height\":533,\"caption\":\"logo PRONAR\"},{\"@type\":\"BreadcrumbList\",\"@id\":\"https:\/\/pb.edu.pl\/sjo\/wydarzenia-sjo\/mock\/mock-pracodawcy-2\/oferty-pracy\/#breadcrumb\",\"itemListElement\":[{\"@type\":\"ListItem\",\"position\":1,\"name\":\"Home\",\"item\":\"https:\/\/pb.edu.pl\/sjo\/\"},{\"@type\":\"ListItem\",\"position\":2,\"name\":\"Wydarzenia SJO\",\"item\":\"https:\/\/pb.edu.pl\/sjo\/wydarzenia-sjo\/\"},{\"@type\":\"ListItem\",\"position\":3,\"name\":\"Mock\",\"item\":\"https:\/\/pb.edu.pl\/sjo\/wydarzenia-sjo\/mock\/\"},{\"@type\":\"ListItem\",\"position\":4,\"name\":\"Pracodawcy\",\"item\":\"https:\/\/pb.edu.pl\/sjo\/wydarzenia-sjo\/mock\/mock-pracodawcy-2\/\"},{\"@type\":\"ListItem\",\"position\":5,\"name\":\"Oferty pracy\"}]},{\"@type\":\"WebSite\",\"@id\":\"https:\/\/pb.edu.pl\/sjo\/#website\",\"url\":\"https:\/\/pb.edu.pl\/sjo\/\",\"name\":\"Studium J\u0119zyk\u00f3w Obcych\",\"description\":\"\",\"potentialAction\":[{\"@type\":\"SearchAction\",\"target\":{\"@type\":\"EntryPoint\",\"urlTemplate\":\"https:\/\/pb.edu.pl\/sjo\/?s={search_term_string}\"},\"query-input\":{\"@type\":\"PropertyValueSpecification\",\"valueRequired\":true,\"valueName\":\"search_term_string\"}}],\"inLanguage\":\"pl-PL\"}]}<\/script>\n<!-- \/ Yoast SEO plugin. -->","yoast_head_json":{"title":"Oferty pracy - Studium J\u0119zyk\u00f3w Obcych","description":"Zapraszamy do zapoznania si\u0119 z przyk\u0142adowymi ofertami pracy naszych rekruter\u00f3w. U\u0142atwi to przygotowanie si\u0119 do rozmowy kwalifikacyjnej z wybranym","robots":{"index":"index","follow":"follow","max-snippet":"max-snippet:-1","max-image-preview":"max-image-preview:large","max-video-preview":"max-video-preview:-1"},"canonical":"https:\/\/pb.edu.pl\/sjo\/wydarzenia-sjo\/mock\/mock-pracodawcy-2\/oferty-pracy\/","og_locale":"pl_PL","og_type":"article","og_title":"Oferty pracy - Studium J\u0119zyk\u00f3w Obcych","og_description":"Zapraszamy do zapoznania si\u0119 z przyk\u0142adowymi ofertami pracy naszych rekruter\u00f3w. U\u0142atwi to przygotowanie si\u0119 do rozmowy kwalifikacyjnej z wybranym","og_url":"https:\/\/pb.edu.pl\/sjo\/wydarzenia-sjo\/mock\/mock-pracodawcy-2\/oferty-pracy\/","og_site_name":"Studium J\u0119zyk\u00f3w Obcych","article_modified_time":"2021-11-25T10:18:14+00:00","og_image":[{"url":"https:\/\/pb.edu.pl\/sjo\/wp-content\/uploads\/sites\/9\/2021\/11\/Boksy-na-www-4-1-300x200.png","type":"","width":"","height":""}],"twitter_misc":{"Szacowany czas czytania":"1 minuta"},"schema":{"@context":"https:\/\/schema.org","@graph":[{"@type":"WebPage","@id":"https:\/\/pb.edu.pl\/sjo\/wydarzenia-sjo\/mock\/mock-pracodawcy-2\/oferty-pracy\/","url":"https:\/\/pb.edu.pl\/sjo\/wydarzenia-sjo\/mock\/mock-pracodawcy-2\/oferty-pracy\/","name":"Oferty pracy - Studium J\u0119zyk\u00f3w Obcych","isPartOf":{"@id":"https:\/\/pb.edu.pl\/sjo\/#website"},"primaryImageOfPage":{"@id":"https:\/\/pb.edu.pl\/sjo\/wydarzenia-sjo\/mock\/mock-pracodawcy-2\/oferty-pracy\/#primaryimage"},"image":{"@id":"https:\/\/pb.edu.pl\/sjo\/wydarzenia-sjo\/mock\/mock-pracodawcy-2\/oferty-pracy\/#primaryimage"},"thumbnailUrl":"https:\/\/pb.edu.pl\/sjo\/wp-content\/uploads\/sites\/9\/2021\/11\/Boksy-na-www-4-1-300x200.png","datePublished":"2021-11-22T13:29:40+00:00","dateModified":"2021-11-25T10:18:14+00:00","description":"Zapraszamy do zapoznania si\u0119 z przyk\u0142adowymi ofertami pracy naszych rekruter\u00f3w. U\u0142atwi to przygotowanie si\u0119 do rozmowy kwalifikacyjnej z wybranym","breadcrumb":{"@id":"https:\/\/pb.edu.pl\/sjo\/wydarzenia-sjo\/mock\/mock-pracodawcy-2\/oferty-pracy\/#breadcrumb"},"inLanguage":"pl-PL","potentialAction":[{"@type":"ReadAction","target":["https:\/\/pb.edu.pl\/sjo\/wydarzenia-sjo\/mock\/mock-pracodawcy-2\/oferty-pracy\/"]}]},{"@type":"ImageObject","inLanguage":"pl-PL","@id":"https:\/\/pb.edu.pl\/sjo\/wydarzenia-sjo\/mock\/mock-pracodawcy-2\/oferty-pracy\/#primaryimage","url":"https:\/\/pb.edu.pl\/sjo\/wp-content\/uploads\/sites\/9\/2021\/11\/Boksy-na-www-4-1.png","contentUrl":"https:\/\/pb.edu.pl\/sjo\/wp-content\/uploads\/sites\/9\/2021\/11\/Boksy-na-www-4-1.png","width":799,"height":533,"caption":"logo PRONAR"},{"@type":"BreadcrumbList","@id":"https:\/\/pb.edu.pl\/sjo\/wydarzenia-sjo\/mock\/mock-pracodawcy-2\/oferty-pracy\/#breadcrumb","itemListElement":[{"@type":"ListItem","position":1,"name":"Home","item":"https:\/\/pb.edu.pl\/sjo\/"},{"@type":"ListItem","position":2,"name":"Wydarzenia SJO","item":"https:\/\/pb.edu.pl\/sjo\/wydarzenia-sjo\/"},{"@type":"ListItem","position":3,"name":"Mock","item":"https:\/\/pb.edu.pl\/sjo\/wydarzenia-sjo\/mock\/"},{"@type":"ListItem","position":4,"name":"Pracodawcy","item":"https:\/\/pb.edu.pl\/sjo\/wydarzenia-sjo\/mock\/mock-pracodawcy-2\/"},{"@type":"ListItem","position":5,"name":"Oferty pracy"}]},{"@type":"WebSite","@id":"https:\/\/pb.edu.pl\/sjo\/#website","url":"https:\/\/pb.edu.pl\/sjo\/","name":"Studium J\u0119zyk\u00f3w Obcych","description":"","potentialAction":[{"@type":"SearchAction","target":{"@type":"EntryPoint","urlTemplate":"https:\/\/pb.edu.pl\/sjo\/?s={search_term_string}"},"query-input":{"@type":"PropertyValueSpecification","valueRequired":true,"valueName":"search_term_string"}}],"inLanguage":"pl-PL"}]}},"_links":{"self":[{"href":"https:\/\/pb.edu.pl\/sjo\/wp-json\/wp\/v2\/pages\/11835","targetHints":{"allow":["GET"]}}],"collection":[{"href":"https:\/\/pb.edu.pl\/sjo\/wp-json\/wp\/v2\/pages"}],"about":[{"href":"https:\/\/pb.edu.pl\/sjo\/wp-json\/wp\/v2\/types\/page"}],"author":[{"embeddable":true,"href":"https:\/\/pb.edu.pl\/sjo\/wp-json\/wp\/v2\/users\/6"}],"replies":[{"embeddable":true,"href":"https:\/\/pb.edu.pl\/sjo\/wp-json\/wp\/v2\/comments?post=11835"}],"version-history":[{"count":0,"href":"https:\/\/pb.edu.pl\/sjo\/wp-json\/wp\/v2\/pages\/11835\/revisions"}],"up":[{"embeddable":true,"href":"https:\/\/pb.edu.pl\/sjo\/wp-json\/wp\/v2\/pages\/10978"}],"wp:attachment":[{"href":"https:\/\/pb.edu.pl\/sjo\/wp-json\/wp\/v2\/media?parent=11835"}],"curies":[{"name":"wp","href":"https:\/\/api.w.org\/{rel}","templated":true}]}}