{"id":11681,"date":"2021-11-17T15:41:31","date_gmt":"2021-11-17T14:41:31","guid":{"rendered":"https:\/\/pb.edu.pl\/sjo\/?page_id=11681"},"modified":"2024-09-02T17:54:00","modified_gmt":"2024-09-02T15:54:00","slug":"mooc","status":"publish","type":"page","link":"https:\/\/pb.edu.pl\/sjo\/projekty-2-2\/mooc\/","title":{"rendered":"MOOC"},"content":{"rendered":"<div>\n<p><strong><img loading=\"lazy\" decoding=\"async\" class=\"size-medium wp-image-8620 alignleft\" src=\"https:\/\/pb.edu.pl\/sjo\/wp-content\/uploads\/sites\/9\/2020\/09\/mooc@pb-300x200.png\" alt=\"MOOC@PB\" width=\"300\" height=\"200\" srcset=\"https:\/\/pb.edu.pl\/sjo\/wp-content\/uploads\/sites\/9\/2020\/09\/mooc@pb-300x200.png 300w, https:\/\/pb.edu.pl\/sjo\/wp-content\/uploads\/sites\/9\/2020\/09\/mooc@pb-480x320.png 480w, https:\/\/pb.edu.pl\/sjo\/wp-content\/uploads\/sites\/9\/2020\/09\/mooc@pb.png 540w\" sizes=\"auto, (max-width: 300px) 100vw, 300px\" \/>Studium J\u0119zyk\u00f3w Obcych PB<\/strong> w ramach projektu <strong>MOOC@PB-Nowoczesne technologie<\/strong> w procesie kszta\u0142cenia przygotowa\u0142 <strong>kursy na platform\u0119 e-learningow\u0105<\/strong> dofinansowane z Programu Operacyjnego Wiedza Edukacja Rozw\u00f3j.<\/p>\n<p>Projekt realizowany jest od 01.10.2019 r.<\/p>\n<p>Obszar realizacji projektu: ca\u0142a Polska<\/p>\n<p>&nbsp;<\/p>\n<p>&nbsp;<\/p>\n<p>Kursy przygotowywane w Studium tworzone s\u0105 w trzech zespo\u0142ach i dotycz\u0105 nast\u0119puj\u0105cej tematyki:<\/p>\n<h2>J\u0119zyk polski jako obcy \u2013 wprowadzenie w d\u017awi\u0119ki mowy<\/h2>\n<p><a href=\"https:\/\/pb.edu.pl\/sjo\/2024\/09\/02\/efektywna-nauka-j-polskiego-jako-obcego-tak-zapraszamy-na-kurs-sounds-polish\/\"><span class=\"important-dates-item-text start-date localized_datetime f-14\" data-language=\"pl\" data-format-language=\"pl\" data-format=\"PlDate\" data-datetime=\"2020-10-01T00:00:00+0000\">Sounds Polish &#8211; 1.10.2020<\/span><span class=\"f-14\" aria-hidden=\"true\"> &#8211;<\/span> <span class=\"important-dates-item-text final-date localized_datetime f-14\" data-language=\"pl\" data-format-language=\"pl\" data-format=\"PlDate\" data-datetime=\"2021-01-31T00:00:00+0000\">31.12.2025<\/span><\/a><\/p>\n<h2>J\u0119zyk angielski w biznesie i bran\u017cy IT<\/h2>\n<p><a href=\"https:\/\/navoica.pl\/courses\/course-v1:Politechnika_Bialostocka+PB_100Business+2021_3\/about\">English for Business and IT students &#8211; III edycja (<span class=\"important-dates-item-text start-date localized_datetime f-14\" data-language=\"pl\" data-format-language=\"pl\" data-format=\"PlDate\" data-datetime=\"2022-03-31T22:00:00+0000\">1.04.2022<\/span> <span class=\"f-14\" aria-hidden=\"true\">&#8211;<\/span> 31.12.2025)<\/a><\/p>\n<p><a href=\"https:\/\/pb.edu.pl\/sjo\/2020\/12\/02\/english-for-business-and-it-students-2\/\">English for Business and IT students &#8211; II edycja (15.11.2020 &#8211; 31.01.2021)<\/a><\/p>\n<h2>Kurs pisania akademickiego<\/h2>\n<p><a href=\"https:\/\/pb.edu.pl\/sjo\/2024\/09\/02\/kurs-how-to-write-science-better-ponownie-dostepny\/\">How to write science better &#8211; II edycja (5.10.2021 &#8211; 31.12.2025)<\/a><\/p>\n<p><a href=\"https:\/\/pb.edu.pl\/sjo\/2020\/09\/16\/how-to-write-science-better-2\/\">How to write science better &#8211; I edycja (20.09.2020 &#8211; 03.12.2020)<\/a><\/p>\n<p><strong>Kursy dost\u0119pne s\u0105 <\/strong><a href=\"http:\/\/www.navoica.pl\">na platformie navoica.pl<\/a>.<\/p>\n<p><span class=\"date\">Wi\u0119cej o projekcie przeczytasz <a href=\"https:\/\/pb.edu.pl\/brpm\/fundusze-strukturalne\/projekty-realizowane\/mooc\/\">na stronie Biura ds. Rozwoju i Program\u00f3w Mi\u0119dzynarodowych .<\/a><br \/>\n<\/span><\/p>\n<p>&nbsp;<\/p>\n<div class=\"embed-responsive embed-responsive-16by9\"><iframe loading=\"lazy\" title=\"NCBR online: SUKCESY BENEFICJENT\u00d3W: MOOCna Politechnika Bia\u0142ostocka\" width=\"500\" height=\"281\" src=\"https:\/\/www.youtube.com\/embed\/iokSrgYuXv4?feature=oembed\" frameborder=\"0\" allow=\"accelerometer; autoplay; clipboard-write; encrypted-media; gyroscope; picture-in-picture; web-share\" referrerpolicy=\"strict-origin-when-cross-origin\" allowfullscreen><\/iframe><\/div>\n<\/div>\n","protected":false},"excerpt":{"rendered":"<p>Studium J\u0119zyk\u00f3w Obcych PB w ramach projektu MOOC@PB-Nowoczesne technologie w procesie kszta\u0142cenia przygotowa\u0142 kursy na<\/p>\n","protected":false},"author":6,"featured_media":0,"parent":11674,"menu_order":0,"comment_status":"closed","ping_status":"closed","template":"","meta":{"_acf_changed":false,"ngg_post_thumbnail":0,"footnotes":""},"class_list":["post-11681","page","type-page","status-publish","hentry"],"acf":[],"yoast_head":"<!-- This site is optimized with the Yoast SEO plugin v27.0 - https:\/\/yoast.com\/product\/yoast-seo-wordpress\/ -->\n<title>MOOC - Studium J\u0119zyk\u00f3w Obcych<\/title>\n<meta name=\"description\" content=\"Studium J\u0119zyk\u00f3w Obcych PB w ramach projektu MOOC@PB-Nowoczesne technologie w procesie kszta\u0142cenia przygotowa\u0142 kursy na platform\u0119 e-learningow\u0105\" \/>\n<meta name=\"robots\" content=\"index, follow, max-snippet:-1, max-image-preview:large, max-video-preview:-1\" \/>\n<link rel=\"canonical\" href=\"https:\/\/pb.edu.pl\/sjo\/projekty-2-2\/mooc\/\" \/>\n<meta property=\"og:locale\" content=\"pl_PL\" \/>\n<meta property=\"og:type\" content=\"article\" \/>\n<meta property=\"og:title\" content=\"MOOC - Studium J\u0119zyk\u00f3w Obcych\" \/>\n<meta property=\"og:description\" content=\"Studium J\u0119zyk\u00f3w Obcych PB w ramach projektu MOOC@PB-Nowoczesne technologie w procesie kszta\u0142cenia przygotowa\u0142 kursy na platform\u0119 e-learningow\u0105\" \/>\n<meta property=\"og:url\" content=\"https:\/\/pb.edu.pl\/sjo\/projekty-2-2\/mooc\/\" \/>\n<meta property=\"og:site_name\" content=\"Studium J\u0119zyk\u00f3w Obcych\" \/>\n<meta property=\"article:modified_time\" content=\"2024-09-02T15:54:00+00:00\" \/>\n<meta property=\"og:image\" content=\"https:\/\/pb.edu.pl\/sjo\/wp-content\/uploads\/sites\/9\/2020\/09\/mooc@pb-300x200.png\" \/>\n<meta name=\"twitter:label1\" content=\"Szacowany czas czytania\" \/>\n\t<meta name=\"twitter:data1\" content=\"1 minuta\" \/>\n<script type=\"application\/ld+json\" class=\"yoast-schema-graph\">{\"@context\":\"https:\/\/schema.org\",\"@graph\":[{\"@type\":\"WebPage\",\"@id\":\"https:\/\/pb.edu.pl\/sjo\/projekty-2-2\/mooc\/\",\"url\":\"https:\/\/pb.edu.pl\/sjo\/projekty-2-2\/mooc\/\",\"name\":\"MOOC - Studium J\u0119zyk\u00f3w Obcych\",\"isPartOf\":{\"@id\":\"https:\/\/pb.edu.pl\/sjo\/#website\"},\"primaryImageOfPage\":{\"@id\":\"https:\/\/pb.edu.pl\/sjo\/projekty-2-2\/mooc\/#primaryimage\"},\"image\":{\"@id\":\"https:\/\/pb.edu.pl\/sjo\/projekty-2-2\/mooc\/#primaryimage\"},\"thumbnailUrl\":\"https:\/\/pb.edu.pl\/sjo\/wp-content\/uploads\/sites\/9\/2020\/09\/mooc@pb-300x200.png\",\"datePublished\":\"2021-11-17T14:41:31+00:00\",\"dateModified\":\"2024-09-02T15:54:00+00:00\",\"description\":\"Studium J\u0119zyk\u00f3w Obcych PB w ramach projektu MOOC@PB-Nowoczesne technologie w procesie kszta\u0142cenia przygotowa\u0142 kursy na platform\u0119 e-learningow\u0105\",\"breadcrumb\":{\"@id\":\"https:\/\/pb.edu.pl\/sjo\/projekty-2-2\/mooc\/#breadcrumb\"},\"inLanguage\":\"pl-PL\",\"potentialAction\":[{\"@type\":\"ReadAction\",\"target\":[\"https:\/\/pb.edu.pl\/sjo\/projekty-2-2\/mooc\/\"]}]},{\"@type\":\"ImageObject\",\"inLanguage\":\"pl-PL\",\"@id\":\"https:\/\/pb.edu.pl\/sjo\/projekty-2-2\/mooc\/#primaryimage\",\"url\":\"https:\/\/pb.edu.pl\/sjo\/wp-content\/uploads\/sites\/9\/2020\/09\/mooc@pb.png\",\"contentUrl\":\"https:\/\/pb.edu.pl\/sjo\/wp-content\/uploads\/sites\/9\/2020\/09\/mooc@pb.png\",\"width\":540,\"height\":360,\"caption\":\"MOOC@PB\"},{\"@type\":\"BreadcrumbList\",\"@id\":\"https:\/\/pb.edu.pl\/sjo\/projekty-2-2\/mooc\/#breadcrumb\",\"itemListElement\":[{\"@type\":\"ListItem\",\"position\":1,\"name\":\"Home\",\"item\":\"https:\/\/pb.edu.pl\/sjo\/\"},{\"@type\":\"ListItem\",\"position\":2,\"name\":\"Projekty\",\"item\":\"https:\/\/pb.edu.pl\/sjo\/projekty-2-2\/\"},{\"@type\":\"ListItem\",\"position\":3,\"name\":\"MOOC\"}]},{\"@type\":\"WebSite\",\"@id\":\"https:\/\/pb.edu.pl\/sjo\/#website\",\"url\":\"https:\/\/pb.edu.pl\/sjo\/\",\"name\":\"Studium J\u0119zyk\u00f3w Obcych\",\"description\":\"\",\"potentialAction\":[{\"@type\":\"SearchAction\",\"target\":{\"@type\":\"EntryPoint\",\"urlTemplate\":\"https:\/\/pb.edu.pl\/sjo\/?s={search_term_string}\"},\"query-input\":{\"@type\":\"PropertyValueSpecification\",\"valueRequired\":true,\"valueName\":\"search_term_string\"}}],\"inLanguage\":\"pl-PL\"}]}<\/script>\n<!-- \/ Yoast SEO plugin. -->","yoast_head_json":{"title":"MOOC - Studium J\u0119zyk\u00f3w Obcych","description":"Studium J\u0119zyk\u00f3w Obcych PB w ramach projektu MOOC@PB-Nowoczesne technologie w procesie kszta\u0142cenia przygotowa\u0142 kursy na platform\u0119 e-learningow\u0105","robots":{"index":"index","follow":"follow","max-snippet":"max-snippet:-1","max-image-preview":"max-image-preview:large","max-video-preview":"max-video-preview:-1"},"canonical":"https:\/\/pb.edu.pl\/sjo\/projekty-2-2\/mooc\/","og_locale":"pl_PL","og_type":"article","og_title":"MOOC - Studium J\u0119zyk\u00f3w Obcych","og_description":"Studium J\u0119zyk\u00f3w Obcych PB w ramach projektu MOOC@PB-Nowoczesne technologie w procesie kszta\u0142cenia przygotowa\u0142 kursy na platform\u0119 e-learningow\u0105","og_url":"https:\/\/pb.edu.pl\/sjo\/projekty-2-2\/mooc\/","og_site_name":"Studium J\u0119zyk\u00f3w Obcych","article_modified_time":"2024-09-02T15:54:00+00:00","og_image":[{"url":"https:\/\/pb.edu.pl\/sjo\/wp-content\/uploads\/sites\/9\/2020\/09\/mooc@pb-300x200.png","type":"","width":"","height":""}],"twitter_misc":{"Szacowany czas czytania":"1 minuta"},"schema":{"@context":"https:\/\/schema.org","@graph":[{"@type":"WebPage","@id":"https:\/\/pb.edu.pl\/sjo\/projekty-2-2\/mooc\/","url":"https:\/\/pb.edu.pl\/sjo\/projekty-2-2\/mooc\/","name":"MOOC - Studium J\u0119zyk\u00f3w Obcych","isPartOf":{"@id":"https:\/\/pb.edu.pl\/sjo\/#website"},"primaryImageOfPage":{"@id":"https:\/\/pb.edu.pl\/sjo\/projekty-2-2\/mooc\/#primaryimage"},"image":{"@id":"https:\/\/pb.edu.pl\/sjo\/projekty-2-2\/mooc\/#primaryimage"},"thumbnailUrl":"https:\/\/pb.edu.pl\/sjo\/wp-content\/uploads\/sites\/9\/2020\/09\/mooc@pb-300x200.png","datePublished":"2021-11-17T14:41:31+00:00","dateModified":"2024-09-02T15:54:00+00:00","description":"Studium J\u0119zyk\u00f3w Obcych PB w ramach projektu MOOC@PB-Nowoczesne technologie w procesie kszta\u0142cenia przygotowa\u0142 kursy na platform\u0119 e-learningow\u0105","breadcrumb":{"@id":"https:\/\/pb.edu.pl\/sjo\/projekty-2-2\/mooc\/#breadcrumb"},"inLanguage":"pl-PL","potentialAction":[{"@type":"ReadAction","target":["https:\/\/pb.edu.pl\/sjo\/projekty-2-2\/mooc\/"]}]},{"@type":"ImageObject","inLanguage":"pl-PL","@id":"https:\/\/pb.edu.pl\/sjo\/projekty-2-2\/mooc\/#primaryimage","url":"https:\/\/pb.edu.pl\/sjo\/wp-content\/uploads\/sites\/9\/2020\/09\/mooc@pb.png","contentUrl":"https:\/\/pb.edu.pl\/sjo\/wp-content\/uploads\/sites\/9\/2020\/09\/mooc@pb.png","width":540,"height":360,"caption":"MOOC@PB"},{"@type":"BreadcrumbList","@id":"https:\/\/pb.edu.pl\/sjo\/projekty-2-2\/mooc\/#breadcrumb","itemListElement":[{"@type":"ListItem","position":1,"name":"Home","item":"https:\/\/pb.edu.pl\/sjo\/"},{"@type":"ListItem","position":2,"name":"Projekty","item":"https:\/\/pb.edu.pl\/sjo\/projekty-2-2\/"},{"@type":"ListItem","position":3,"name":"MOOC"}]},{"@type":"WebSite","@id":"https:\/\/pb.edu.pl\/sjo\/#website","url":"https:\/\/pb.edu.pl\/sjo\/","name":"Studium J\u0119zyk\u00f3w Obcych","description":"","potentialAction":[{"@type":"SearchAction","target":{"@type":"EntryPoint","urlTemplate":"https:\/\/pb.edu.pl\/sjo\/?s={search_term_string}"},"query-input":{"@type":"PropertyValueSpecification","valueRequired":true,"valueName":"search_term_string"}}],"inLanguage":"pl-PL"}]}},"_links":{"self":[{"href":"https:\/\/pb.edu.pl\/sjo\/wp-json\/wp\/v2\/pages\/11681","targetHints":{"allow":["GET"]}}],"collection":[{"href":"https:\/\/pb.edu.pl\/sjo\/wp-json\/wp\/v2\/pages"}],"about":[{"href":"https:\/\/pb.edu.pl\/sjo\/wp-json\/wp\/v2\/types\/page"}],"author":[{"embeddable":true,"href":"https:\/\/pb.edu.pl\/sjo\/wp-json\/wp\/v2\/users\/6"}],"replies":[{"embeddable":true,"href":"https:\/\/pb.edu.pl\/sjo\/wp-json\/wp\/v2\/comments?post=11681"}],"version-history":[{"count":0,"href":"https:\/\/pb.edu.pl\/sjo\/wp-json\/wp\/v2\/pages\/11681\/revisions"}],"up":[{"embeddable":true,"href":"https:\/\/pb.edu.pl\/sjo\/wp-json\/wp\/v2\/pages\/11674"}],"wp:attachment":[{"href":"https:\/\/pb.edu.pl\/sjo\/wp-json\/wp\/v2\/media?parent=11681"}],"curies":[{"name":"wp","href":"https:\/\/api.w.org\/{rel}","templated":true}]}}