{"id":116,"date":"2018-05-29T10:20:01","date_gmt":"2018-05-29T08:20:01","guid":{"rendered":"https:\/\/pb.edu.pl\/sjo\/?page_id=116"},"modified":"2026-04-02T14:02:16","modified_gmt":"2026-04-02T12:02:16","slug":"egzamin-toeic","status":"publish","type":"page","link":"https:\/\/pb.edu.pl\/sjo\/dla-studenta\/egzaminy\/egzamin-toeic\/","title":{"rendered":"Egzamin TOEIC"},"content":{"rendered":"<h2><img loading=\"lazy\" decoding=\"async\" class=\"alignleft wp-image-11170\" src=\"https:\/\/pb.edu.pl\/sjo\/wp-content\/uploads\/sites\/9\/2021\/11\/aktualnosci-www-2-300x200.png\" alt=\"\" width=\"350\" height=\"233\" srcset=\"https:\/\/pb.edu.pl\/sjo\/wp-content\/uploads\/sites\/9\/2021\/11\/aktualnosci-www-2-300x200.png 300w, https:\/\/pb.edu.pl\/sjo\/wp-content\/uploads\/sites\/9\/2021\/11\/aktualnosci-www-2.png 480w\" sizes=\"auto, (max-width: 350px) 100vw, 350px\" \/>Wyr\u00f3\u017cnij swoje CV \u015bwietnym certyfikatem j\u0119zykowym!<\/h2>\n<div style=\"clear: both\">&nbsp;<\/div>\n<h3>Najbli\u017csza sesja egzaminu TOEIC odb\u0119dzie si\u0119 24 czerwca br. o godz. 10:00 w Auli 33 CNK.<\/p>\n<p>Rejestracja potrwa do 12 czerwca br. do godz. 10: 00 lub do wyczerpania miejsc.<\/h3>\n<div>&nbsp;<\/div>\n<div>Na sesj\u0119 kandydaci rejestruj\u0105 si\u0119 samodzielnie&nbsp;<a title=\"Otworzy si\u0119 w nowej karcie.\" href=\"https:\/\/www.etsglobal.org\/\" target=\"_blank\" rel=\"noopener\">na stronie ETS<\/a>&nbsp;Global.&nbsp;<\/div>\n<p>&nbsp;<br \/>\nPrzed przyst\u0105pieniem do rejestracji pracownicy, studenci i absolwenci PB proszeni s\u0105 o zg\u0142oszenie si\u0119 drog\u0105 mailow\u0105 na <a href=\"#\" rel=\"nofollow\"  onclick=\"this.href='mailto:' + 'm.komarewska' + '@' + 'pb.edu.pl'\">m.komarewska [at] pb.edu.pl<\/a> w celu uzyskania promo kodu, kt\u00f3ry uprawnia do zni\u017cki. Cena za egzamin (wraz z Raportem Wynik\u00f3w i Certyfikatem) z promo kodem wynosi 316,25 z\u0142. Do zni\u017cki uprawnieni s\u0105 te\u017c, po uzyskaniu promo kodu, studenci innych uczelni \u2013 cena z promo kodem w ich przypadku wynosi 390 z\u0142.<\/p>\n<p><strong>TOEIC<sup>\u00ae <\/sup><\/strong>to Test of English for International Communication &#8211; bardzo popularny na ca\u0142ym \u015bwiecie egzamin, <strong>po\u015bwiadczaj\u0105cy znajomo\u015b\u0107 j\u0119zyka angielskiego w \u015brodowisku pracy<\/strong>. Nie sprawdza og\u00f3lnej znajomo\u015bci j\u0119zyka angielskiego (tak jak np. egzaminy FCE czy CAE), ale <strong>umiej\u0119tno\u015b\u0107 radzenia sobie w sytuacjach zawodowych<\/strong>. Egzamin zosta\u0142 stworzony w odpowiedzi na potrzeby pracodawc\u00f3w, kt\u00f3rzy nie do ko\u0144ca wierzyli, \u017ce kompetencje potwierdzone og\u00f3lnym certyfikatem pracownikowi wystarcz\u0105. Egzamin TOEIC bardziej odpowiada ich oczekiwaniom, dlatego a\u017c kilkana\u015bcie tysi\u0119cy mi\u0119dzynarodowych firm uznaje jego wyniki. Niemniej egzamin TOEIC jest uznawany nie tylko przez firmy \u2013 tak\u017ce np. przez r\u00f3\u017cnego rodzaju organizacje i instytucje pa\u0144stwowe, daj\u0105c kandydatom Certyfikat, kt\u00f3ry <strong>jest cennym dodatkiem do CV<\/strong>.<\/p>\n<p><strong>TOEIC<sup>\u00ae <\/sup><\/strong>jest testem, kt\u00f3rego si\u0119 nie \u201eoblewa\u201d.&nbsp; Mierzy on kompetencje j\u0119zykowe na poziomach od A1 do C1, a kandydat otrzymuje wynik w postaci punkt\u00f3w&nbsp; w skali 10-990. To <strong>test wielokrotnego wyboru<\/strong>, podzielony na dwie cz\u0119\u015bci: rozumienia ze s\u0142uchu (<i>listening comprehension<\/i>) oraz rozumienia tekstu pisanego (<i>reading comprehension<\/i>). Ka\u017cda z cz\u0119\u015bci to 100 pyta\u0144 testowych. Listening comprehension sk\u0142ada si\u0119 z 4 sekcji (interpretacja zdj\u0119\u0107, pytania i odpowiedzi, dialogi oraz d\u0142u\u017csze wypowiedzi). Czas trwania tej sekcji: 45 minut. Reading comprehension trwa 75 minut i sk\u0142ada si\u0119 z 3 sekcji (uzupe\u0142nianie zda\u0144, rozpoznawanie b\u0142\u0119d\u00f3w oraz odpowiedzi do r\u00f3\u017cnej d\u0142ugo\u015bci tekst\u00f3w). Ca\u0142a sesja egzaminacyjna trwa oko\u0142o 2 godzin i 30 minut.<\/p>\n<p>Od listopada 2018 roku <strong>Politechnika Bia\u0142ostocka jest autoryzowanym o\u015brodkiem testowym ETS Global<\/strong>,&nbsp; jedynym tego typu w naszym regionie.<\/p>\n<p><strong>Koordynatorem egzaminu TOEIC<sup>\u00ae<\/sup> na Politechnice Bia\u0142ostockiej<\/strong> jest mgr Ma\u0142gorzata Komarewska <i class=\"fa fa-envelope-o\" aria-hidden=\"true\"><\/i> <a href=\"#\" rel=\"nofollow\"  onclick=\"this.href='mailto:' + 'm.komarewska' + '@' + 'pb.edu.pl'\">m.komarewska [at] pb.edu.pl<\/a>.<\/p>\n<p>&nbsp;<\/p>\n<p>Przeczytaj jak znajomo\u015b\u0107 j\u0119zyka angielskiego wp\u0142ywa na Twoj\u0105 przysz\u0142\u0105 pensj\u0119. Zobacz wyniki <a href=\"https:\/\/biznes.interia.pl\/praca\/news-o-ile-wiecej-mozna-zarobic-znajac-jezyk-angielski,nId,4690513\">Og\u00f3lnopolskiego Badania Wynagrodze\u0144<\/a>.<\/p>\n<p>Wi\u0119cej o egzaminie przeczytasz <a href=\"https:\/\/www.etsglobal.org\/pl\/en\/programme\/toeic-tests\">tutaj<\/a>.<\/p>\n<div id=\"isPasted\">Zapraszamy do samodzielnego wykonania TOEIC sample tests, oto przydatne linki:<\/div>\n<div><a href=\"https:\/\/www.ets.org\/pdfs\/toeic\/toeic-listening-reading-sample-test.pdf\" target=\"_blank\" rel=\"noopener noreferrer\">https:\/\/www.ets.org\/pdfs\/toeic\/toeic-listening-reading-sample-test.pdf<\/a><\/div>\n<div>\n<div><a href=\"https:\/\/www.examenglish.com\/TOEIC\/toeic_listening_and_reading.htm\" target=\"_blank\" rel=\"noopener noreferrer\">https:\/\/www.examenglish.com\/TOEIC\/toeic_listening_and_reading.htm<\/a><\/div>\n<div><a href=\"https:\/\/www.bestmytest.com\/toeic\/practice-test\" target=\"_blank\" rel=\"noopener noreferrer\">https:\/\/www.bestmytest.com\/toeic\/practice-test<\/a><\/div>\n<\/div>\n<div>&nbsp;<\/div>\n<p>Chcesz wiedzie\u0107 <a href=\"https:\/\/www.toeicglobal.com\/\">&#8222;why English matters&#8221;<\/a>?<\/p>\n<div style=\"margin: 0 auto;max-width: 900px\"><div class=\"row\">\n<div class=\"col-md-4\">\n\t<div class=\"boxlink animated zoomIn \">\n\t\t<a href=\"https:\/\/pb.edu.pl\/sjo\/wp-content\/uploads\/sites\/9\/2018\/12\/Wynik-egzaminu-TOEIC-mile-widzialny-w\u015br\u00f3d-pracodawc\u00f3w.pdf\" class=\"no-icon\">\n\t\t\t<div class=\"boxlink-title\"><span>TOEIC mile widziany w\u015br\u00f3d pracodawc\u00f3w<\/span><\/div>\n\t\t\t<div class=\"boxlink-content\">\n\t\t\t\t<img decoding=\"async\" class=\"aligncenter size-full wp-image-10738\" src=\"\/sjo\/wp-content\/uploads\/sites\/9\/2021\/11\/Artykul.png\" alt=\"Wynik egzaminu\">\t\t\t<\/div>\n\t\t<\/a>\n\t<\/div>\n\n<\/div>\n<\/div><\/div>\n<p>&nbsp;<\/p>\n<div><span style=\"font-family: verdana, geneva, sans-serif\"><img loading=\"lazy\" decoding=\"async\" class=\"alignnone wp-image-459 size-full\" src=\"https:\/\/pb.edu.pl\/sjo\/wp-content\/uploads\/sites\/9\/2017\/11\/Profesjonalne-CV-infografika-XL.jpg\" alt=\"Profesjonalne CV infografika\" width=\"1200\" height=\"8001\" srcset=\"https:\/\/pb.edu.pl\/sjo\/wp-content\/uploads\/sites\/9\/2017\/11\/Profesjonalne-CV-infografika-XL.jpg 1200w, https:\/\/pb.edu.pl\/sjo\/wp-content\/uploads\/sites\/9\/2017\/11\/Profesjonalne-CV-infografika-XL-45x300.jpg 45w, https:\/\/pb.edu.pl\/sjo\/wp-content\/uploads\/sites\/9\/2017\/11\/Profesjonalne-CV-infografika-XL-768x5121.jpg 768w\" sizes=\"auto, (max-width: 1200px) 100vw, 1200px\" \/><\/span><\/div>\n","protected":false},"excerpt":{"rendered":"<p>Wyr\u00f3\u017cnij swoje CV \u015bwietnym certyfikatem j\u0119zykowym! &nbsp; Najbli\u017csza sesja egzaminu TOEIC odb\u0119dzie si\u0119 24 czerwca<\/p>\n","protected":false},"author":2,"featured_media":0,"parent":18,"menu_order":0,"comment_status":"closed","ping_status":"closed","template":"","meta":{"_acf_changed":false,"ngg_post_thumbnail":0,"footnotes":""},"class_list":["post-116","page","type-page","status-publish","hentry"],"acf":[],"yoast_head":"<!-- This site is optimized with the Yoast SEO plugin v27.0 - https:\/\/yoast.com\/product\/yoast-seo-wordpress\/ -->\n<title>Egzamin TOEIC - Studium J\u0119zyk\u00f3w Obcych<\/title>\n<meta name=\"description\" content=\"Wyr\u00f3\u017cnij swoje CV \u015bwietnym certyfikatem j\u0119zykowym! &nbsp; Najbli\u017csza sesja egzaminu TOEIC odb\u0119dzie si\u0119 24 czerwca br. o godz. 10:00 w Auli 33 CNK.\" \/>\n<meta name=\"robots\" content=\"index, follow, max-snippet:-1, max-image-preview:large, max-video-preview:-1\" \/>\n<link rel=\"canonical\" href=\"https:\/\/pb.edu.pl\/sjo\/dla-studenta\/egzaminy\/egzamin-toeic\/\" \/>\n<meta property=\"og:locale\" content=\"pl_PL\" \/>\n<meta property=\"og:type\" content=\"article\" \/>\n<meta property=\"og:title\" content=\"Egzamin TOEIC - Studium J\u0119zyk\u00f3w Obcych\" \/>\n<meta property=\"og:description\" content=\"Wyr\u00f3\u017cnij swoje CV \u015bwietnym certyfikatem j\u0119zykowym! &nbsp; Najbli\u017csza sesja egzaminu TOEIC odb\u0119dzie si\u0119 24 czerwca br. o godz. 10:00 w Auli 33 CNK.\" \/>\n<meta property=\"og:url\" content=\"https:\/\/pb.edu.pl\/sjo\/dla-studenta\/egzaminy\/egzamin-toeic\/\" \/>\n<meta property=\"og:site_name\" content=\"Studium J\u0119zyk\u00f3w Obcych\" \/>\n<meta property=\"article:modified_time\" content=\"2026-04-02T12:02:16+00:00\" \/>\n<meta property=\"og:image\" content=\"https:\/\/pb.edu.pl\/sjo\/wp-content\/uploads\/sites\/9\/2021\/11\/aktualnosci-www-2.png\" \/>\n\t<meta property=\"og:image:width\" content=\"480\" \/>\n\t<meta property=\"og:image:height\" content=\"320\" \/>\n\t<meta property=\"og:image:type\" content=\"image\/png\" \/>\n<meta name=\"twitter:label1\" content=\"Szacowany czas czytania\" \/>\n\t<meta name=\"twitter:data1\" content=\"4 minuty\" \/>\n<script type=\"application\/ld+json\" class=\"yoast-schema-graph\">{\"@context\":\"https:\/\/schema.org\",\"@graph\":[{\"@type\":\"WebPage\",\"@id\":\"https:\/\/pb.edu.pl\/sjo\/dla-studenta\/egzaminy\/egzamin-toeic\/\",\"url\":\"https:\/\/pb.edu.pl\/sjo\/dla-studenta\/egzaminy\/egzamin-toeic\/\",\"name\":\"Egzamin TOEIC - Studium J\u0119zyk\u00f3w Obcych\",\"isPartOf\":{\"@id\":\"https:\/\/pb.edu.pl\/sjo\/#website\"},\"primaryImageOfPage\":{\"@id\":\"https:\/\/pb.edu.pl\/sjo\/dla-studenta\/egzaminy\/egzamin-toeic\/#primaryimage\"},\"image\":{\"@id\":\"https:\/\/pb.edu.pl\/sjo\/dla-studenta\/egzaminy\/egzamin-toeic\/#primaryimage\"},\"thumbnailUrl\":\"https:\/\/pb.edu.pl\/sjo\/wp-content\/uploads\/sites\/9\/2021\/11\/aktualnosci-www-2-300x200.png\",\"datePublished\":\"2018-05-29T08:20:01+00:00\",\"dateModified\":\"2026-04-02T12:02:16+00:00\",\"description\":\"Wyr\u00f3\u017cnij swoje CV \u015bwietnym certyfikatem j\u0119zykowym! &nbsp; Najbli\u017csza sesja egzaminu TOEIC odb\u0119dzie si\u0119 24 czerwca br. o godz. 10:00 w Auli 33 CNK.\",\"breadcrumb\":{\"@id\":\"https:\/\/pb.edu.pl\/sjo\/dla-studenta\/egzaminy\/egzamin-toeic\/#breadcrumb\"},\"inLanguage\":\"pl-PL\",\"potentialAction\":[{\"@type\":\"ReadAction\",\"target\":[\"https:\/\/pb.edu.pl\/sjo\/dla-studenta\/egzaminy\/egzamin-toeic\/\"]}]},{\"@type\":\"ImageObject\",\"inLanguage\":\"pl-PL\",\"@id\":\"https:\/\/pb.edu.pl\/sjo\/dla-studenta\/egzaminy\/egzamin-toeic\/#primaryimage\",\"url\":\"https:\/\/pb.edu.pl\/sjo\/wp-content\/uploads\/sites\/9\/2021\/11\/aktualnosci-www-2.png\",\"contentUrl\":\"https:\/\/pb.edu.pl\/sjo\/wp-content\/uploads\/sites\/9\/2021\/11\/aktualnosci-www-2.png\",\"width\":480,\"height\":320},{\"@type\":\"BreadcrumbList\",\"@id\":\"https:\/\/pb.edu.pl\/sjo\/dla-studenta\/egzaminy\/egzamin-toeic\/#breadcrumb\",\"itemListElement\":[{\"@type\":\"ListItem\",\"position\":1,\"name\":\"Home\",\"item\":\"https:\/\/pb.edu.pl\/sjo\/\"},{\"@type\":\"ListItem\",\"position\":2,\"name\":\"Studiuj\u0119 w PB\",\"item\":\"https:\/\/pb.edu.pl\/sjo\/dla-studenta\/\"},{\"@type\":\"ListItem\",\"position\":3,\"name\":\"Egzaminy\",\"item\":\"https:\/\/pb.edu.pl\/sjo\/dla-studenta\/egzaminy\/\"},{\"@type\":\"ListItem\",\"position\":4,\"name\":\"Egzamin TOEIC\"}]},{\"@type\":\"WebSite\",\"@id\":\"https:\/\/pb.edu.pl\/sjo\/#website\",\"url\":\"https:\/\/pb.edu.pl\/sjo\/\",\"name\":\"Studium J\u0119zyk\u00f3w Obcych\",\"description\":\"\",\"potentialAction\":[{\"@type\":\"SearchAction\",\"target\":{\"@type\":\"EntryPoint\",\"urlTemplate\":\"https:\/\/pb.edu.pl\/sjo\/?s={search_term_string}\"},\"query-input\":{\"@type\":\"PropertyValueSpecification\",\"valueRequired\":true,\"valueName\":\"search_term_string\"}}],\"inLanguage\":\"pl-PL\"}]}<\/script>\n<!-- \/ Yoast SEO plugin. -->","yoast_head_json":{"title":"Egzamin TOEIC - Studium J\u0119zyk\u00f3w Obcych","description":"Wyr\u00f3\u017cnij swoje CV \u015bwietnym certyfikatem j\u0119zykowym! &nbsp; Najbli\u017csza sesja egzaminu TOEIC odb\u0119dzie si\u0119 24 czerwca br. o godz. 10:00 w Auli 33 CNK.","robots":{"index":"index","follow":"follow","max-snippet":"max-snippet:-1","max-image-preview":"max-image-preview:large","max-video-preview":"max-video-preview:-1"},"canonical":"https:\/\/pb.edu.pl\/sjo\/dla-studenta\/egzaminy\/egzamin-toeic\/","og_locale":"pl_PL","og_type":"article","og_title":"Egzamin TOEIC - Studium J\u0119zyk\u00f3w Obcych","og_description":"Wyr\u00f3\u017cnij swoje CV \u015bwietnym certyfikatem j\u0119zykowym! &nbsp; Najbli\u017csza sesja egzaminu TOEIC odb\u0119dzie si\u0119 24 czerwca br. o godz. 10:00 w Auli 33 CNK.","og_url":"https:\/\/pb.edu.pl\/sjo\/dla-studenta\/egzaminy\/egzamin-toeic\/","og_site_name":"Studium J\u0119zyk\u00f3w Obcych","article_modified_time":"2026-04-02T12:02:16+00:00","og_image":[{"width":480,"height":320,"url":"https:\/\/pb.edu.pl\/sjo\/wp-content\/uploads\/sites\/9\/2021\/11\/aktualnosci-www-2.png","type":"image\/png"}],"twitter_misc":{"Szacowany czas czytania":"4 minuty"},"schema":{"@context":"https:\/\/schema.org","@graph":[{"@type":"WebPage","@id":"https:\/\/pb.edu.pl\/sjo\/dla-studenta\/egzaminy\/egzamin-toeic\/","url":"https:\/\/pb.edu.pl\/sjo\/dla-studenta\/egzaminy\/egzamin-toeic\/","name":"Egzamin TOEIC - Studium J\u0119zyk\u00f3w Obcych","isPartOf":{"@id":"https:\/\/pb.edu.pl\/sjo\/#website"},"primaryImageOfPage":{"@id":"https:\/\/pb.edu.pl\/sjo\/dla-studenta\/egzaminy\/egzamin-toeic\/#primaryimage"},"image":{"@id":"https:\/\/pb.edu.pl\/sjo\/dla-studenta\/egzaminy\/egzamin-toeic\/#primaryimage"},"thumbnailUrl":"https:\/\/pb.edu.pl\/sjo\/wp-content\/uploads\/sites\/9\/2021\/11\/aktualnosci-www-2-300x200.png","datePublished":"2018-05-29T08:20:01+00:00","dateModified":"2026-04-02T12:02:16+00:00","description":"Wyr\u00f3\u017cnij swoje CV \u015bwietnym certyfikatem j\u0119zykowym! &nbsp; Najbli\u017csza sesja egzaminu TOEIC odb\u0119dzie si\u0119 24 czerwca br. o godz. 10:00 w Auli 33 CNK.","breadcrumb":{"@id":"https:\/\/pb.edu.pl\/sjo\/dla-studenta\/egzaminy\/egzamin-toeic\/#breadcrumb"},"inLanguage":"pl-PL","potentialAction":[{"@type":"ReadAction","target":["https:\/\/pb.edu.pl\/sjo\/dla-studenta\/egzaminy\/egzamin-toeic\/"]}]},{"@type":"ImageObject","inLanguage":"pl-PL","@id":"https:\/\/pb.edu.pl\/sjo\/dla-studenta\/egzaminy\/egzamin-toeic\/#primaryimage","url":"https:\/\/pb.edu.pl\/sjo\/wp-content\/uploads\/sites\/9\/2021\/11\/aktualnosci-www-2.png","contentUrl":"https:\/\/pb.edu.pl\/sjo\/wp-content\/uploads\/sites\/9\/2021\/11\/aktualnosci-www-2.png","width":480,"height":320},{"@type":"BreadcrumbList","@id":"https:\/\/pb.edu.pl\/sjo\/dla-studenta\/egzaminy\/egzamin-toeic\/#breadcrumb","itemListElement":[{"@type":"ListItem","position":1,"name":"Home","item":"https:\/\/pb.edu.pl\/sjo\/"},{"@type":"ListItem","position":2,"name":"Studiuj\u0119 w PB","item":"https:\/\/pb.edu.pl\/sjo\/dla-studenta\/"},{"@type":"ListItem","position":3,"name":"Egzaminy","item":"https:\/\/pb.edu.pl\/sjo\/dla-studenta\/egzaminy\/"},{"@type":"ListItem","position":4,"name":"Egzamin TOEIC"}]},{"@type":"WebSite","@id":"https:\/\/pb.edu.pl\/sjo\/#website","url":"https:\/\/pb.edu.pl\/sjo\/","name":"Studium J\u0119zyk\u00f3w Obcych","description":"","potentialAction":[{"@type":"SearchAction","target":{"@type":"EntryPoint","urlTemplate":"https:\/\/pb.edu.pl\/sjo\/?s={search_term_string}"},"query-input":{"@type":"PropertyValueSpecification","valueRequired":true,"valueName":"search_term_string"}}],"inLanguage":"pl-PL"}]}},"_links":{"self":[{"href":"https:\/\/pb.edu.pl\/sjo\/wp-json\/wp\/v2\/pages\/116","targetHints":{"allow":["GET"]}}],"collection":[{"href":"https:\/\/pb.edu.pl\/sjo\/wp-json\/wp\/v2\/pages"}],"about":[{"href":"https:\/\/pb.edu.pl\/sjo\/wp-json\/wp\/v2\/types\/page"}],"author":[{"embeddable":true,"href":"https:\/\/pb.edu.pl\/sjo\/wp-json\/wp\/v2\/users\/2"}],"replies":[{"embeddable":true,"href":"https:\/\/pb.edu.pl\/sjo\/wp-json\/wp\/v2\/comments?post=116"}],"version-history":[{"count":4,"href":"https:\/\/pb.edu.pl\/sjo\/wp-json\/wp\/v2\/pages\/116\/revisions"}],"predecessor-version":[{"id":30636,"href":"https:\/\/pb.edu.pl\/sjo\/wp-json\/wp\/v2\/pages\/116\/revisions\/30636"}],"up":[{"embeddable":true,"href":"https:\/\/pb.edu.pl\/sjo\/wp-json\/wp\/v2\/pages\/18"}],"wp:attachment":[{"href":"https:\/\/pb.edu.pl\/sjo\/wp-json\/wp\/v2\/media?parent=116"}],"curies":[{"name":"wp","href":"https:\/\/api.w.org\/{rel}","templated":true}]}}