{"id":11500,"date":"2021-11-15T01:38:26","date_gmt":"2021-11-15T00:38:26","guid":{"rendered":"https:\/\/pb.edu.pl\/sjo\/?page_id=11500"},"modified":"2023-03-13T08:11:57","modified_gmt":"2023-03-13T07:11:57","slug":"grzaniec-2","status":"publish","type":"page","link":"https:\/\/pb.edu.pl\/sjo\/grzaniec-2\/","title":{"rendered":"Smaczne"},"content":{"rendered":"<p>&nbsp;<\/p>\n<p><span style=\"color: #000000;font-family: verdana, geneva, sans-serif;font-size: 12pt\">W jesienne zimne, d\u017cd\u017cyste wieczory humor mo\u017ce nam poprawi\u0107 <strong>grzaniec<\/strong>. Nie pr\u00f3bowali\u015bcie jeszcze? To nie zwlekajcie!<\/span><\/p>\n<p><span style=\"color: #000000;font-family: verdana, geneva, sans-serif;font-size: 12pt\">Jest to piwo lub wino serwowane na gor\u0105co z miodem, go\u017adzikami, cynamonem, imbirem, ga\u0142k\u0105 muszkata\u0142ow\u0105 i pomara\u0144cz\u0105. Przyprawy mog\u0105 si\u0119 r\u00f3\u017cni\u0107, ale najwa\u017cniejsze, \u017ce jest to rozgrzewaj\u0105cy s\u0142odki nap\u00f3j alkoholowy, pyszny, ale nie dla wszystkich odpowiedni. Wie\u015b\u0107 ludowa g\u0142osi, \u017ce grzaniec zapobiega przezi\u0119bieniom ?<\/span><\/p>\n<div id='gallery-1' class='gallery galleryid-11500 gallery-columns-3 gallery-size-medium'><figure class='gallery-item'>\n\t\t\t<div class='gallery-icon portrait'>\n\t\t\t\t<a href='https:\/\/pb.edu.pl\/sjo\/grzaniec\/grzaniec\/'><img loading=\"lazy\" decoding=\"async\" width=\"275\" height=\"300\" src=\"https:\/\/pb.edu.pl\/sjo\/wp-content\/uploads\/sites\/9\/2021\/11\/grzaniec-AdobeStock_60043118-275x300.jpeg\" class=\"attachment-medium size-medium\" alt=\"grzaniec\" srcset=\"https:\/\/pb.edu.pl\/sjo\/wp-content\/uploads\/sites\/9\/2021\/11\/grzaniec-AdobeStock_60043118-275x300.jpeg 275w, https:\/\/pb.edu.pl\/sjo\/wp-content\/uploads\/sites\/9\/2021\/11\/grzaniec-AdobeStock_60043118-939x1024.jpeg 939w, https:\/\/pb.edu.pl\/sjo\/wp-content\/uploads\/sites\/9\/2021\/11\/grzaniec-AdobeStock_60043118-768x837.jpeg 768w, https:\/\/pb.edu.pl\/sjo\/wp-content\/uploads\/sites\/9\/2021\/11\/grzaniec-AdobeStock_60043118-1409x1536.jpeg 1409w, https:\/\/pb.edu.pl\/sjo\/wp-content\/uploads\/sites\/9\/2021\/11\/grzaniec-AdobeStock_60043118-1878x2048.jpeg 1878w\" sizes=\"auto, (max-width: 275px) 100vw, 275px\" \/><\/a>\n\t\t\t<\/div><\/figure><figure class='gallery-item'>\n\t\t\t<div class='gallery-icon portrait'>\n\t\t\t\t<a href='https:\/\/pb.edu.pl\/sjo\/grzaniec\/grzaniec-2\/'><img loading=\"lazy\" decoding=\"async\" width=\"240\" height=\"300\" src=\"https:\/\/pb.edu.pl\/sjo\/wp-content\/uploads\/sites\/9\/2021\/11\/grzaniec-240x300.jpg\" class=\"attachment-medium size-medium\" alt=\"\" srcset=\"https:\/\/pb.edu.pl\/sjo\/wp-content\/uploads\/sites\/9\/2021\/11\/grzaniec-240x300.jpg 240w, https:\/\/pb.edu.pl\/sjo\/wp-content\/uploads\/sites\/9\/2021\/11\/grzaniec-819x1024.jpg 819w, https:\/\/pb.edu.pl\/sjo\/wp-content\/uploads\/sites\/9\/2021\/11\/grzaniec-768x961.jpg 768w, https:\/\/pb.edu.pl\/sjo\/wp-content\/uploads\/sites\/9\/2021\/11\/grzaniec-1228x1536.jpg 1228w, https:\/\/pb.edu.pl\/sjo\/wp-content\/uploads\/sites\/9\/2021\/11\/grzaniec-e1678691482111.jpg 1199w\" sizes=\"auto, (max-width: 240px) 100vw, 240px\" \/><\/a>\n\t\t\t<\/div><\/figure><figure class='gallery-item'>\n\t\t\t<div class='gallery-icon landscape'>\n\t\t\t\t<a href='https:\/\/pb.edu.pl\/sjo\/grzaniec\/christmas-drink-mulled-wine-with-orange-cinnamon-and-cloves-on-white-background\/'><img loading=\"lazy\" decoding=\"async\" width=\"300\" height=\"200\" src=\"https:\/\/pb.edu.pl\/sjo\/wp-content\/uploads\/sites\/9\/2021\/11\/grzaniecAdobeStock_239752385-300x200.jpeg\" class=\"attachment-medium size-medium\" alt=\"\" srcset=\"https:\/\/pb.edu.pl\/sjo\/wp-content\/uploads\/sites\/9\/2021\/11\/grzaniecAdobeStock_239752385-300x200.jpeg 300w, https:\/\/pb.edu.pl\/sjo\/wp-content\/uploads\/sites\/9\/2021\/11\/grzaniecAdobeStock_239752385-1024x683.jpeg 1024w, https:\/\/pb.edu.pl\/sjo\/wp-content\/uploads\/sites\/9\/2021\/11\/grzaniecAdobeStock_239752385-768x512.jpeg 768w, https:\/\/pb.edu.pl\/sjo\/wp-content\/uploads\/sites\/9\/2021\/11\/grzaniecAdobeStock_239752385-1536x1024.jpeg 1536w, https:\/\/pb.edu.pl\/sjo\/wp-content\/uploads\/sites\/9\/2021\/11\/grzaniecAdobeStock_239752385-2048x1365.jpeg 2048w, https:\/\/pb.edu.pl\/sjo\/wp-content\/uploads\/sites\/9\/2021\/11\/grzaniecAdobeStock_239752385-480x320.jpeg 480w\" sizes=\"auto, (max-width: 300px) 100vw, 300px\" \/><\/a>\n\t\t\t<\/div><\/figure>\n\t\t<\/div>\n\n<p><em>&nbsp;&nbsp;&nbsp;&nbsp;&nbsp;&nbsp;&nbsp;&nbsp;&nbsp;&nbsp;&nbsp;&nbsp; zdj\u0119cia Adobe Stock<\/em><\/p>\n","protected":false},"excerpt":{"rendered":"<p>&nbsp; W jesienne zimne, d\u017cd\u017cyste wieczory humor mo\u017ce nam poprawi\u0107 grzaniec. Nie pr\u00f3bowali\u015bcie jeszcze? To<\/p>\n","protected":false},"author":77,"featured_media":0,"parent":0,"menu_order":0,"comment_status":"closed","ping_status":"closed","template":"","meta":{"_acf_changed":false,"ngg_post_thumbnail":0,"footnotes":""},"class_list":["post-11500","page","type-page","status-publish","hentry"],"acf":[],"yoast_head":"<!-- This site is optimized with the Yoast SEO plugin v27.0 - https:\/\/yoast.com\/product\/yoast-seo-wordpress\/ -->\n<title>Smaczne - Studium J\u0119zyk\u00f3w Obcych<\/title>\n<meta name=\"description\" content=\"&nbsp; W jesienne zimne, d\u017cd\u017cyste wieczory humor mo\u017ce nam poprawi\u0107 grzaniec. Nie pr\u00f3bowali\u015bcie jeszcze? To nie zwlekajcie! Jest to piwo lub wino serwowane\" \/>\n<meta name=\"robots\" content=\"index, follow, max-snippet:-1, max-image-preview:large, max-video-preview:-1\" \/>\n<link rel=\"canonical\" href=\"https:\/\/pb.edu.pl\/sjo\/grzaniec-2\/\" \/>\n<meta property=\"og:locale\" content=\"pl_PL\" \/>\n<meta property=\"og:type\" content=\"article\" \/>\n<meta property=\"og:title\" content=\"Smaczne - Studium J\u0119zyk\u00f3w Obcych\" \/>\n<meta property=\"og:description\" content=\"&nbsp; W jesienne zimne, d\u017cd\u017cyste wieczory humor mo\u017ce nam poprawi\u0107 grzaniec. Nie pr\u00f3bowali\u015bcie jeszcze? To nie zwlekajcie! Jest to piwo lub wino serwowane\" \/>\n<meta property=\"og:url\" content=\"https:\/\/pb.edu.pl\/sjo\/grzaniec-2\/\" \/>\n<meta property=\"og:site_name\" content=\"Studium J\u0119zyk\u00f3w Obcych\" \/>\n<meta property=\"article:modified_time\" content=\"2023-03-13T07:11:57+00:00\" \/>\n<meta property=\"og:image\" content=\"https:\/\/pb.edu.pl\/sjo\/wp-content\/uploads\/sites\/9\/2021\/11\/grzaniec-AdobeStock_60043118-275x300.jpeg\" \/>\n<script type=\"application\/ld+json\" class=\"yoast-schema-graph\">{\"@context\":\"https:\/\/schema.org\",\"@graph\":[{\"@type\":\"WebPage\",\"@id\":\"https:\/\/pb.edu.pl\/sjo\/grzaniec-2\/\",\"url\":\"https:\/\/pb.edu.pl\/sjo\/grzaniec-2\/\",\"name\":\"Smaczne - Studium J\u0119zyk\u00f3w Obcych\",\"isPartOf\":{\"@id\":\"https:\/\/pb.edu.pl\/sjo\/#website\"},\"datePublished\":\"2021-11-15T00:38:26+00:00\",\"dateModified\":\"2023-03-13T07:11:57+00:00\",\"description\":\"&nbsp; W jesienne zimne, d\u017cd\u017cyste wieczory humor mo\u017ce nam poprawi\u0107 grzaniec. Nie pr\u00f3bowali\u015bcie jeszcze? To nie zwlekajcie! Jest to piwo lub wino serwowane\",\"breadcrumb\":{\"@id\":\"https:\/\/pb.edu.pl\/sjo\/grzaniec-2\/#breadcrumb\"},\"inLanguage\":\"pl-PL\",\"potentialAction\":[{\"@type\":\"ReadAction\",\"target\":[\"https:\/\/pb.edu.pl\/sjo\/grzaniec-2\/\"]}]},{\"@type\":\"BreadcrumbList\",\"@id\":\"https:\/\/pb.edu.pl\/sjo\/grzaniec-2\/#breadcrumb\",\"itemListElement\":[{\"@type\":\"ListItem\",\"position\":1,\"name\":\"Home\",\"item\":\"https:\/\/pb.edu.pl\/sjo\/\"},{\"@type\":\"ListItem\",\"position\":2,\"name\":\"Smaczne\"}]},{\"@type\":\"WebSite\",\"@id\":\"https:\/\/pb.edu.pl\/sjo\/#website\",\"url\":\"https:\/\/pb.edu.pl\/sjo\/\",\"name\":\"Studium J\u0119zyk\u00f3w Obcych\",\"description\":\"\",\"potentialAction\":[{\"@type\":\"SearchAction\",\"target\":{\"@type\":\"EntryPoint\",\"urlTemplate\":\"https:\/\/pb.edu.pl\/sjo\/?s={search_term_string}\"},\"query-input\":{\"@type\":\"PropertyValueSpecification\",\"valueRequired\":true,\"valueName\":\"search_term_string\"}}],\"inLanguage\":\"pl-PL\"}]}<\/script>\n<!-- \/ Yoast SEO plugin. -->","yoast_head_json":{"title":"Smaczne - Studium J\u0119zyk\u00f3w Obcych","description":"&nbsp; W jesienne zimne, d\u017cd\u017cyste wieczory humor mo\u017ce nam poprawi\u0107 grzaniec. Nie pr\u00f3bowali\u015bcie jeszcze? To nie zwlekajcie! Jest to piwo lub wino serwowane","robots":{"index":"index","follow":"follow","max-snippet":"max-snippet:-1","max-image-preview":"max-image-preview:large","max-video-preview":"max-video-preview:-1"},"canonical":"https:\/\/pb.edu.pl\/sjo\/grzaniec-2\/","og_locale":"pl_PL","og_type":"article","og_title":"Smaczne - Studium J\u0119zyk\u00f3w Obcych","og_description":"&nbsp; W jesienne zimne, d\u017cd\u017cyste wieczory humor mo\u017ce nam poprawi\u0107 grzaniec. Nie pr\u00f3bowali\u015bcie jeszcze? To nie zwlekajcie! Jest to piwo lub wino serwowane","og_url":"https:\/\/pb.edu.pl\/sjo\/grzaniec-2\/","og_site_name":"Studium J\u0119zyk\u00f3w Obcych","article_modified_time":"2023-03-13T07:11:57+00:00","og_image":[{"url":"https:\/\/pb.edu.pl\/sjo\/wp-content\/uploads\/sites\/9\/2021\/11\/grzaniec-AdobeStock_60043118-275x300.jpeg","type":"","width":"","height":""}],"schema":{"@context":"https:\/\/schema.org","@graph":[{"@type":"WebPage","@id":"https:\/\/pb.edu.pl\/sjo\/grzaniec-2\/","url":"https:\/\/pb.edu.pl\/sjo\/grzaniec-2\/","name":"Smaczne - Studium J\u0119zyk\u00f3w Obcych","isPartOf":{"@id":"https:\/\/pb.edu.pl\/sjo\/#website"},"datePublished":"2021-11-15T00:38:26+00:00","dateModified":"2023-03-13T07:11:57+00:00","description":"&nbsp; W jesienne zimne, d\u017cd\u017cyste wieczory humor mo\u017ce nam poprawi\u0107 grzaniec. Nie pr\u00f3bowali\u015bcie jeszcze? To nie zwlekajcie! Jest to piwo lub wino serwowane","breadcrumb":{"@id":"https:\/\/pb.edu.pl\/sjo\/grzaniec-2\/#breadcrumb"},"inLanguage":"pl-PL","potentialAction":[{"@type":"ReadAction","target":["https:\/\/pb.edu.pl\/sjo\/grzaniec-2\/"]}]},{"@type":"BreadcrumbList","@id":"https:\/\/pb.edu.pl\/sjo\/grzaniec-2\/#breadcrumb","itemListElement":[{"@type":"ListItem","position":1,"name":"Home","item":"https:\/\/pb.edu.pl\/sjo\/"},{"@type":"ListItem","position":2,"name":"Smaczne"}]},{"@type":"WebSite","@id":"https:\/\/pb.edu.pl\/sjo\/#website","url":"https:\/\/pb.edu.pl\/sjo\/","name":"Studium J\u0119zyk\u00f3w Obcych","description":"","potentialAction":[{"@type":"SearchAction","target":{"@type":"EntryPoint","urlTemplate":"https:\/\/pb.edu.pl\/sjo\/?s={search_term_string}"},"query-input":{"@type":"PropertyValueSpecification","valueRequired":true,"valueName":"search_term_string"}}],"inLanguage":"pl-PL"}]}},"_links":{"self":[{"href":"https:\/\/pb.edu.pl\/sjo\/wp-json\/wp\/v2\/pages\/11500","targetHints":{"allow":["GET"]}}],"collection":[{"href":"https:\/\/pb.edu.pl\/sjo\/wp-json\/wp\/v2\/pages"}],"about":[{"href":"https:\/\/pb.edu.pl\/sjo\/wp-json\/wp\/v2\/types\/page"}],"author":[{"embeddable":true,"href":"https:\/\/pb.edu.pl\/sjo\/wp-json\/wp\/v2\/users\/77"}],"replies":[{"embeddable":true,"href":"https:\/\/pb.edu.pl\/sjo\/wp-json\/wp\/v2\/comments?post=11500"}],"version-history":[{"count":0,"href":"https:\/\/pb.edu.pl\/sjo\/wp-json\/wp\/v2\/pages\/11500\/revisions"}],"wp:attachment":[{"href":"https:\/\/pb.edu.pl\/sjo\/wp-json\/wp\/v2\/media?parent=11500"}],"curies":[{"name":"wp","href":"https:\/\/api.w.org\/{rel}","templated":true}]}}