{"id":11460,"date":"2021-11-12T21:27:33","date_gmt":"2021-11-12T20:27:33","guid":{"rendered":"https:\/\/pb.edu.pl\/sjo\/?page_id=11460"},"modified":"2023-02-06T14:00:41","modified_gmt":"2023-02-06T13:00:41","slug":"srodek-europy","status":"publish","type":"page","link":"https:\/\/pb.edu.pl\/sjo\/polish-lab\/czy-wiecie-ze\/srodek-europy\/","title":{"rendered":"lokalne"},"content":{"rendered":"<p>&nbsp;<\/p>\n<p><span style=\"font-family: verdana, geneva, sans-serif;font-size: 12pt\">Czy wiecie, \u017ce <strong>geograficzny \u015brodek Europy<\/strong> znajduje si\u0119 w wojew\u00f3dztwie podlaskim, w Suchowoli &#8211; niewielklim mie\u015bcie po\u0142o\u017conym oko\u0142o 40 km na p\u00f3\u0142noc od Bia\u0142egostoku?<\/span><\/p>\n<p><span style=\"font-family: verdana, geneva, sans-serif;font-size: 12pt\">Faktem jest, \u017ce ze wzgl\u0119du na niezbyt precyzyjn\u0105 granic\u0119 oddzielaj\u0105c\u0105 Europ\u0119 i Azj\u0119, istnieje kilka punkt\u00f3w uznawanych za mo\u017cliwy \u015brodek Europy. Jeden z nich, zgodnie&nbsp;z obliczeniami kr\u00f3lewskiego astronoma z roku 1775, znajduje si\u0119 w\u0142asnie w Suchowoli.<\/span><\/p>\n<p><span style=\"font-family: verdana, geneva, sans-serif;font-size: 12pt\">Obecnie stoi tu obelisk z p\u0142yt\u0105 pami\u0105tkow\u0105, kt\u00f3ry przypomina mieszka\u0144com i turystom o tym istotnym fakcie.<\/span><\/p>\n<div id='gallery-1' class='gallery galleryid-11460 gallery-columns-3 gallery-size-medium'><figure class='gallery-item'>\n\t\t\t<div class='gallery-icon landscape'>\n\t\t\t\t<a href='https:\/\/pb.edu.pl\/sjo\/suchowola_-_suchowola_-_kosciuszki_-_park_-_kamien_centrum_europy_20110925_01\/'><img loading=\"lazy\" decoding=\"async\" width=\"300\" height=\"225\" src=\"https:\/\/pb.edu.pl\/sjo\/wp-content\/uploads\/sites\/9\/2021\/11\/Suchowola_-_Suchowola_-_Kosciuszki_-_Park_-_Kamien_centrum_Europy_20110925_01-300x225.jpg\" class=\"attachment-medium size-medium\" alt=\"Suchowola pomnik upami\u0119tniaj\u0105cy \u015brodek Europy\" srcset=\"https:\/\/pb.edu.pl\/sjo\/wp-content\/uploads\/sites\/9\/2021\/11\/Suchowola_-_Suchowola_-_Kosciuszki_-_Park_-_Kamien_centrum_Europy_20110925_01-300x225.jpg 300w, https:\/\/pb.edu.pl\/sjo\/wp-content\/uploads\/sites\/9\/2021\/11\/Suchowola_-_Suchowola_-_Kosciuszki_-_Park_-_Kamien_centrum_Europy_20110925_01-768x576.jpg 768w, https:\/\/pb.edu.pl\/sjo\/wp-content\/uploads\/sites\/9\/2021\/11\/Suchowola_-_Suchowola_-_Kosciuszki_-_Park_-_Kamien_centrum_Europy_20110925_01.jpg 1024w\" sizes=\"auto, (max-width: 300px) 100vw, 300px\" \/><\/a>\n\t\t\t<\/div><\/figure><figure class='gallery-item'>\n\t\t\t<div class='gallery-icon landscape'>\n\t\t\t\t<a href='https:\/\/pb.edu.pl\/sjo\/suchowola_-_kosciuszki_-_park_20110925_02-krzysztof-kundzicz-cc-by-sa-3-0\/'><img loading=\"lazy\" decoding=\"async\" width=\"300\" height=\"225\" src=\"https:\/\/pb.edu.pl\/sjo\/wp-content\/uploads\/sites\/9\/2021\/11\/Suchowola_-_Kosciuszki_-_Park_20110925_02-Krzysztof-Kundzicz-CC-BY-SA-3.0-300x225.jpg\" class=\"attachment-medium size-medium\" alt=\"Park Ko\u015bciuszki w Suchowoli\" srcset=\"https:\/\/pb.edu.pl\/sjo\/wp-content\/uploads\/sites\/9\/2021\/11\/Suchowola_-_Kosciuszki_-_Park_20110925_02-Krzysztof-Kundzicz-CC-BY-SA-3.0-300x225.jpg 300w, https:\/\/pb.edu.pl\/sjo\/wp-content\/uploads\/sites\/9\/2021\/11\/Suchowola_-_Kosciuszki_-_Park_20110925_02-Krzysztof-Kundzicz-CC-BY-SA-3.0-1024x768.jpg 1024w, https:\/\/pb.edu.pl\/sjo\/wp-content\/uploads\/sites\/9\/2021\/11\/Suchowola_-_Kosciuszki_-_Park_20110925_02-Krzysztof-Kundzicz-CC-BY-SA-3.0-768x576.jpg 768w, https:\/\/pb.edu.pl\/sjo\/wp-content\/uploads\/sites\/9\/2021\/11\/Suchowola_-_Kosciuszki_-_Park_20110925_02-Krzysztof-Kundzicz-CC-BY-SA-3.0.jpg 1280w\" sizes=\"auto, (max-width: 300px) 100vw, 300px\" \/><\/a>\n\t\t\t<\/div><\/figure><figure class='gallery-item'>\n\t\t\t<div class='gallery-icon landscape'>\n\t\t\t\t<a href='https:\/\/pb.edu.pl\/sjo\/polish-lab\/czy-wiecie-ze\/srodek-europy\/podlaskie_-_suchowola_-_suchowola_-_kosciuszki_-_park_-_luk_papieski_20110925_01\/'><img loading=\"lazy\" decoding=\"async\" width=\"300\" height=\"225\" src=\"https:\/\/pb.edu.pl\/sjo\/wp-content\/uploads\/sites\/9\/2021\/11\/Podlaskie_-_Suchowola_-_Suchowola_-_Kosciuszki_-_Park_-_Luk_papieski_20110925_01-300x225.jpg\" class=\"attachment-medium size-medium\" alt=\"\" srcset=\"https:\/\/pb.edu.pl\/sjo\/wp-content\/uploads\/sites\/9\/2021\/11\/Podlaskie_-_Suchowola_-_Suchowola_-_Kosciuszki_-_Park_-_Luk_papieski_20110925_01-300x225.jpg 300w, https:\/\/pb.edu.pl\/sjo\/wp-content\/uploads\/sites\/9\/2021\/11\/Podlaskie_-_Suchowola_-_Suchowola_-_Kosciuszki_-_Park_-_Luk_papieski_20110925_01-1024x768.jpg 1024w, https:\/\/pb.edu.pl\/sjo\/wp-content\/uploads\/sites\/9\/2021\/11\/Podlaskie_-_Suchowola_-_Suchowola_-_Kosciuszki_-_Park_-_Luk_papieski_20110925_01-768x576.jpg 768w, https:\/\/pb.edu.pl\/sjo\/wp-content\/uploads\/sites\/9\/2021\/11\/Podlaskie_-_Suchowola_-_Suchowola_-_Kosciuszki_-_Park_-_Luk_papieski_20110925_01-1536x1152.jpg 1536w, https:\/\/pb.edu.pl\/sjo\/wp-content\/uploads\/sites\/9\/2021\/11\/Podlaskie_-_Suchowola_-_Suchowola_-_Kosciuszki_-_Park_-_Luk_papieski_20110925_01-2048x1536.jpg 2048w\" sizes=\"auto, (max-width: 300px) 100vw, 300px\" \/><\/a>\n\t\t\t<\/div><\/figure>\n\t\t<\/div>\n\n<p><span style=\"font-size: 10pt\">Zdj\u0119cia: Krzysztof Kundzicz, CC BY-SA 3.0 &lt;https:\/\/creativecommons.org\/licenses\/by-sa\/3.0&gt;, via Wikimedia Commons<\/span><\/p>\n","protected":false},"excerpt":{"rendered":"<p>&nbsp; Czy wiecie, \u017ce geograficzny \u015brodek Europy znajduje si\u0119 w wojew\u00f3dztwie podlaskim, w Suchowoli &#8211;<\/p>\n","protected":false},"author":77,"featured_media":0,"parent":8281,"menu_order":0,"comment_status":"closed","ping_status":"closed","template":"","meta":{"_acf_changed":false,"ngg_post_thumbnail":0,"footnotes":""},"class_list":["post-11460","page","type-page","status-publish","hentry"],"acf":[],"yoast_head":"<!-- This site is optimized with the Yoast SEO plugin v27.0 - https:\/\/yoast.com\/product\/yoast-seo-wordpress\/ -->\n<title>lokalne - Studium J\u0119zyk\u00f3w Obcych<\/title>\n<meta name=\"description\" content=\"&nbsp; Czy wiecie, \u017ce geograficzny \u015brodek Europy znajduje si\u0119 w wojew\u00f3dztwie podlaskim, w Suchowoli - niewielklim mie\u015bcie po\u0142o\u017conym oko\u0142o 40 km na p\u00f3\u0142noc\" \/>\n<meta name=\"robots\" content=\"index, follow, max-snippet:-1, max-image-preview:large, max-video-preview:-1\" \/>\n<link rel=\"canonical\" href=\"https:\/\/pb.edu.pl\/sjo\/polish-lab\/czy-wiecie-ze\/srodek-europy\/\" \/>\n<meta property=\"og:locale\" content=\"pl_PL\" \/>\n<meta property=\"og:type\" content=\"article\" \/>\n<meta property=\"og:title\" content=\"lokalne - Studium J\u0119zyk\u00f3w Obcych\" \/>\n<meta property=\"og:description\" content=\"&nbsp; Czy wiecie, \u017ce geograficzny \u015brodek Europy znajduje si\u0119 w wojew\u00f3dztwie podlaskim, w Suchowoli - niewielklim mie\u015bcie po\u0142o\u017conym oko\u0142o 40 km na p\u00f3\u0142noc\" \/>\n<meta property=\"og:url\" content=\"https:\/\/pb.edu.pl\/sjo\/polish-lab\/czy-wiecie-ze\/srodek-europy\/\" \/>\n<meta property=\"og:site_name\" content=\"Studium J\u0119zyk\u00f3w Obcych\" \/>\n<meta property=\"article:modified_time\" content=\"2023-02-06T13:00:41+00:00\" \/>\n<meta property=\"og:image\" content=\"https:\/\/pb.edu.pl\/sjo\/wp-content\/uploads\/sites\/9\/2021\/11\/Suchowola_-_Suchowola_-_Kosciuszki_-_Park_-_Kamien_centrum_Europy_20110925_01-300x225.jpg\" \/>\n<meta name=\"twitter:label1\" content=\"Szacowany czas czytania\" \/>\n\t<meta name=\"twitter:data1\" content=\"1 minuta\" \/>\n<script type=\"application\/ld+json\" class=\"yoast-schema-graph\">{\"@context\":\"https:\/\/schema.org\",\"@graph\":[{\"@type\":\"WebPage\",\"@id\":\"https:\/\/pb.edu.pl\/sjo\/polish-lab\/czy-wiecie-ze\/srodek-europy\/\",\"url\":\"https:\/\/pb.edu.pl\/sjo\/polish-lab\/czy-wiecie-ze\/srodek-europy\/\",\"name\":\"lokalne - Studium J\u0119zyk\u00f3w Obcych\",\"isPartOf\":{\"@id\":\"https:\/\/pb.edu.pl\/sjo\/#website\"},\"datePublished\":\"2021-11-12T20:27:33+00:00\",\"dateModified\":\"2023-02-06T13:00:41+00:00\",\"description\":\"&nbsp; Czy wiecie, \u017ce geograficzny \u015brodek Europy znajduje si\u0119 w wojew\u00f3dztwie podlaskim, w Suchowoli - niewielklim mie\u015bcie po\u0142o\u017conym oko\u0142o 40 km na p\u00f3\u0142noc\",\"breadcrumb\":{\"@id\":\"https:\/\/pb.edu.pl\/sjo\/polish-lab\/czy-wiecie-ze\/srodek-europy\/#breadcrumb\"},\"inLanguage\":\"pl-PL\",\"potentialAction\":[{\"@type\":\"ReadAction\",\"target\":[\"https:\/\/pb.edu.pl\/sjo\/polish-lab\/czy-wiecie-ze\/srodek-europy\/\"]}]},{\"@type\":\"BreadcrumbList\",\"@id\":\"https:\/\/pb.edu.pl\/sjo\/polish-lab\/czy-wiecie-ze\/srodek-europy\/#breadcrumb\",\"itemListElement\":[{\"@type\":\"ListItem\",\"position\":1,\"name\":\"Home\",\"item\":\"https:\/\/pb.edu.pl\/sjo\/\"},{\"@type\":\"ListItem\",\"position\":2,\"name\":\"Centrum J\u0119zyka i Kultury Polskiej POLISH LAB\",\"item\":\"https:\/\/pb.edu.pl\/sjo\/polish-lab\/\"},{\"@type\":\"ListItem\",\"position\":3,\"name\":\"O Polsce i Polakach\",\"item\":\"https:\/\/pb.edu.pl\/sjo\/polish-lab\/czy-wiecie-ze\/\"},{\"@type\":\"ListItem\",\"position\":4,\"name\":\"lokalne\"}]},{\"@type\":\"WebSite\",\"@id\":\"https:\/\/pb.edu.pl\/sjo\/#website\",\"url\":\"https:\/\/pb.edu.pl\/sjo\/\",\"name\":\"Studium J\u0119zyk\u00f3w Obcych\",\"description\":\"\",\"potentialAction\":[{\"@type\":\"SearchAction\",\"target\":{\"@type\":\"EntryPoint\",\"urlTemplate\":\"https:\/\/pb.edu.pl\/sjo\/?s={search_term_string}\"},\"query-input\":{\"@type\":\"PropertyValueSpecification\",\"valueRequired\":true,\"valueName\":\"search_term_string\"}}],\"inLanguage\":\"pl-PL\"}]}<\/script>\n<!-- \/ Yoast SEO plugin. -->","yoast_head_json":{"title":"lokalne - Studium J\u0119zyk\u00f3w Obcych","description":"&nbsp; Czy wiecie, \u017ce geograficzny \u015brodek Europy znajduje si\u0119 w wojew\u00f3dztwie podlaskim, w Suchowoli - niewielklim mie\u015bcie po\u0142o\u017conym oko\u0142o 40 km na p\u00f3\u0142noc","robots":{"index":"index","follow":"follow","max-snippet":"max-snippet:-1","max-image-preview":"max-image-preview:large","max-video-preview":"max-video-preview:-1"},"canonical":"https:\/\/pb.edu.pl\/sjo\/polish-lab\/czy-wiecie-ze\/srodek-europy\/","og_locale":"pl_PL","og_type":"article","og_title":"lokalne - Studium J\u0119zyk\u00f3w Obcych","og_description":"&nbsp; Czy wiecie, \u017ce geograficzny \u015brodek Europy znajduje si\u0119 w wojew\u00f3dztwie podlaskim, w Suchowoli - niewielklim mie\u015bcie po\u0142o\u017conym oko\u0142o 40 km na p\u00f3\u0142noc","og_url":"https:\/\/pb.edu.pl\/sjo\/polish-lab\/czy-wiecie-ze\/srodek-europy\/","og_site_name":"Studium J\u0119zyk\u00f3w Obcych","article_modified_time":"2023-02-06T13:00:41+00:00","og_image":[{"url":"https:\/\/pb.edu.pl\/sjo\/wp-content\/uploads\/sites\/9\/2021\/11\/Suchowola_-_Suchowola_-_Kosciuszki_-_Park_-_Kamien_centrum_Europy_20110925_01-300x225.jpg","type":"","width":"","height":""}],"twitter_misc":{"Szacowany czas czytania":"1 minuta"},"schema":{"@context":"https:\/\/schema.org","@graph":[{"@type":"WebPage","@id":"https:\/\/pb.edu.pl\/sjo\/polish-lab\/czy-wiecie-ze\/srodek-europy\/","url":"https:\/\/pb.edu.pl\/sjo\/polish-lab\/czy-wiecie-ze\/srodek-europy\/","name":"lokalne - Studium J\u0119zyk\u00f3w Obcych","isPartOf":{"@id":"https:\/\/pb.edu.pl\/sjo\/#website"},"datePublished":"2021-11-12T20:27:33+00:00","dateModified":"2023-02-06T13:00:41+00:00","description":"&nbsp; Czy wiecie, \u017ce geograficzny \u015brodek Europy znajduje si\u0119 w wojew\u00f3dztwie podlaskim, w Suchowoli - niewielklim mie\u015bcie po\u0142o\u017conym oko\u0142o 40 km na p\u00f3\u0142noc","breadcrumb":{"@id":"https:\/\/pb.edu.pl\/sjo\/polish-lab\/czy-wiecie-ze\/srodek-europy\/#breadcrumb"},"inLanguage":"pl-PL","potentialAction":[{"@type":"ReadAction","target":["https:\/\/pb.edu.pl\/sjo\/polish-lab\/czy-wiecie-ze\/srodek-europy\/"]}]},{"@type":"BreadcrumbList","@id":"https:\/\/pb.edu.pl\/sjo\/polish-lab\/czy-wiecie-ze\/srodek-europy\/#breadcrumb","itemListElement":[{"@type":"ListItem","position":1,"name":"Home","item":"https:\/\/pb.edu.pl\/sjo\/"},{"@type":"ListItem","position":2,"name":"Centrum J\u0119zyka i Kultury Polskiej POLISH LAB","item":"https:\/\/pb.edu.pl\/sjo\/polish-lab\/"},{"@type":"ListItem","position":3,"name":"O Polsce i Polakach","item":"https:\/\/pb.edu.pl\/sjo\/polish-lab\/czy-wiecie-ze\/"},{"@type":"ListItem","position":4,"name":"lokalne"}]},{"@type":"WebSite","@id":"https:\/\/pb.edu.pl\/sjo\/#website","url":"https:\/\/pb.edu.pl\/sjo\/","name":"Studium J\u0119zyk\u00f3w Obcych","description":"","potentialAction":[{"@type":"SearchAction","target":{"@type":"EntryPoint","urlTemplate":"https:\/\/pb.edu.pl\/sjo\/?s={search_term_string}"},"query-input":{"@type":"PropertyValueSpecification","valueRequired":true,"valueName":"search_term_string"}}],"inLanguage":"pl-PL"}]}},"_links":{"self":[{"href":"https:\/\/pb.edu.pl\/sjo\/wp-json\/wp\/v2\/pages\/11460","targetHints":{"allow":["GET"]}}],"collection":[{"href":"https:\/\/pb.edu.pl\/sjo\/wp-json\/wp\/v2\/pages"}],"about":[{"href":"https:\/\/pb.edu.pl\/sjo\/wp-json\/wp\/v2\/types\/page"}],"author":[{"embeddable":true,"href":"https:\/\/pb.edu.pl\/sjo\/wp-json\/wp\/v2\/users\/77"}],"replies":[{"embeddable":true,"href":"https:\/\/pb.edu.pl\/sjo\/wp-json\/wp\/v2\/comments?post=11460"}],"version-history":[{"count":0,"href":"https:\/\/pb.edu.pl\/sjo\/wp-json\/wp\/v2\/pages\/11460\/revisions"}],"up":[{"embeddable":true,"href":"https:\/\/pb.edu.pl\/sjo\/wp-json\/wp\/v2\/pages\/8281"}],"wp:attachment":[{"href":"https:\/\/pb.edu.pl\/sjo\/wp-json\/wp\/v2\/media?parent=11460"}],"curies":[{"name":"wp","href":"https:\/\/api.w.org\/{rel}","templated":true}]}}