{"id":114,"date":"2017-11-21T10:19:44","date_gmt":"2017-11-21T09:19:44","guid":{"rendered":"https:\/\/pb.edu.pl\/sjo\/?page_id=114"},"modified":"2026-02-12T12:38:45","modified_gmt":"2026-02-12T11:38:45","slug":"egzamin-na-ucj","status":"publish","type":"page","link":"https:\/\/pb.edu.pl\/sjo\/dla-studenta\/egzaminy\/egzamin-na-ucj\/","title":{"rendered":"Uczelniany Certyfikat J\u0119zykowy o profilu og\u00f3lnym"},"content":{"rendered":"<h2><img loading=\"lazy\" decoding=\"async\" class=\"alignleft wp-image-19680\" src=\"https:\/\/pb.edu.pl\/sjo\/wp-content\/uploads\/sites\/9\/2023\/03\/10-300x200.png\" alt=\"\" width=\"350\" height=\"233\" srcset=\"https:\/\/pb.edu.pl\/sjo\/wp-content\/uploads\/sites\/9\/2023\/03\/10-300x200.png 300w, https:\/\/pb.edu.pl\/sjo\/wp-content\/uploads\/sites\/9\/2023\/03\/10-768x512.png 768w, https:\/\/pb.edu.pl\/sjo\/wp-content\/uploads\/sites\/9\/2023\/03\/10-480x320.png 480w, https:\/\/pb.edu.pl\/sjo\/wp-content\/uploads\/sites\/9\/2023\/03\/10.png 799w\" sizes=\"auto, (max-width: 350px) 100vw, 350px\" \/>Egzamin na Uczelniany Certyfikat J\u0119zykowy o profilu og\u00f3lnym jest egzaminem potwierdzaj\u0105cym znajomo\u015b\u0107 j\u0119zyka obcego na poziomie B2<\/h2>\n<div style=\"clear: both\">&nbsp;<\/div>\n<p>Egzamin sk\u0142ada si\u0119 z cz\u0119\u015bci pisemnej i ustnej. W sk\u0142ad cz\u0119\u015bci pisemnej wchodz\u0105:<\/p>\n<ul>\n<li>s\u0142uchanie ze zrozumieniem<\/li>\n<li>czytanie ze zrozumieniem<\/li>\n<li>struktury j\u0119zykowe.<\/li>\n<\/ul>\n<p>Na egzaminie zdaj\u0105cy mo\u017ce zdoby\u0107 100 punkt\u00f3w, z czego 75 za cz\u0119\u015b\u0107 pisemn\u0105, po 25 za ka\u017cdy z wymienionych modu\u0142\u00f3w oraz 25 punkt\u00f3w za cz\u0119\u015b\u0107 ustn\u0105.<\/p>\n<p>Skala ocen:<\/p>\n<ul>\n<li>100 pkt &#8211; 86 pkt &#8211; bardzo dobry \/5\/<\/li>\n<li>85 pkt &#8211; 71 pkt &#8211; dobry \/4\/<\/li>\n<li>70 pkt &#8211; 55 pkt &#8211; dostateczny \/3\/<\/li>\n<\/ul>\n<p><a href=\"#ogolne\">Zapraszamy do zapoznania si\u0119 z informacjami dotycz\u0105cymi egzaminu o profilu og\u00f3lnym.<\/a><\/p>\n<p>Op\u0142ata za egzamin wynosi 99 z\u0142.<br \/>\nNa egzamin zapisywa\u0107 si\u0119 mo\u017cna drog\u0105 mailow\u0105 &#8211; adresy mailowe znajduj\u0105 si\u0119 poni\u017cej.<\/p>\n<p>Op\u0142aty egzamin nale\u017cy wp\u0142aca\u0107 na konto Politechniki Bia\u0142ostockiej:<\/p>\n<p><strong>BANK PEKAO SA 30 1240 1154 1111 0000 2148 7604<br \/>\n<\/strong>w tytule przelewu nale\u017cy wpisa\u0107: <strong>POLILINGUA &#8211; KURS I EGZAMIN UCJ<\/strong><\/p>\n<p>Koordynator egzaminu na UCJ &#8211; j\u0119zyk angielski, profil og\u00f3lny: mgr Beata Smolarczyk<br \/>\n<i class=\"fal fa-envelope\"> <\/i> <a href=\"#\" rel=\"nofollow\"  onclick=\"this.href='mailto:' + 'b.smolarczyk' + '@' + 'pb.edu.pl'\">b.smolarczyk [at] pb.edu.pl<\/a>\n<p>Koordynator egzaminu na UCJ &#8211; j\u0119zyk rosyjski i ukrai\u0144ski: mgr Dorota Szuper-Jakubiuk<br \/>\n<i class=\"fal fa-envelope\"> <\/i> <a href=\"#\" rel=\"nofollow\"  onclick=\"this.href='mailto:' + 'd.szuper' + '@' + 'pb.edu.pl'\">d.szuper [at] pb.edu.pl<\/a>\n<p>Koordynator egzaminu na UCJ &#8211; j\u0119zyk niemiecki: mgr Artur Ku\u017amicz<br \/>\n<i class=\"fal fa-envelope\"> <\/i> <a href=\"#\" rel=\"nofollow\"  onclick=\"this.href='mailto:' + 'a.kuzmicz' + '@' + 'pb.edu.pl'\">a.kuzmicz [at] pb.edu.pl<\/a>\n<div>&nbsp;<\/div>\n<p>Certyfikaty z egzaminu na UCJ mo\u017cna odbiera\u0107 w pokoju P2\/12 w CNK w godzinach 8:00-15:00.<\/p>\n<div>&nbsp;<\/div>\n<div>&nbsp;<\/div>\n<div><a id=\"ogolne\"><\/a><br \/>\n<strong>Egzamin w ramach UCJ z j\u0119zyka angielskiego o profilu og\u00f3lnym sk\u0142ada si\u0119 z nast\u0119puj\u0105cych cz\u0119\u015bci:<\/strong><\/p>\n<ol>\n<li><strong>Rozumienie ze s\u0142uchu (Listening)<\/strong>&nbsp;Dwa osobne zadania; polecenia mog\u0105 obejmowa\u0107 wyb\u00f3r w\u0142a\u015bciwej z kilku podanych odpowiedzi (a, b, c, d), uzupe\u0142nianie zda\u0144 czy dobieranie w\u0142a\u015bciwych stwierdze\u0144 do wypowiadaj\u0105cej je osoby.<\/li>\n<\/ol>\n<ol>\n<li value=\"2\"><strong>Rozumienie tekstu (Reading)&nbsp;<\/strong>Dwa osobne zadania; polecenia mog\u0105 obejmowa\u0107 wyb\u00f3r w\u0142a\u015bciwej z kilku podanych odpowiedzi (a, b, c, d), uzupe\u0142nianie tekstu podanymi zdaniami (do wyboru), dobieranie w\u0142a\u015bciwych nag\u0142\u00f3wk\u00f3w do tekst\u00f3w czy te\u017c dopasowywanie tekst\u00f3w do stwierdze\u0144, kt\u00f3re s\u0105 w nich zawarte.<\/li>\n<\/ol>\n<ol>\n<li value=\"3\"><strong>Gramatyka i s\u0142ownictwo (Use of English)&nbsp;<\/strong>Przyk\u0142adowe polecenia z tej cz\u0119\u015bci egzaminu znajduj\u0105 si\u0119 poni\u017cej w za\u0142\u0105czniku.<\/li>\n<\/ol>\n<ol>\n<li value=\"4\"><strong>Egzamin ustny<\/strong>. Egzamin zdawany jest pojedynczo przed komisj\u0105 sk\u0142adaj\u0105c\u0105 si\u0119 z dw\u00f3ch egzaminator\u00f3w. Czas przeznaczony na egzamin ustny to maksymalnie 15 minut. Oceniane b\u0119d\u0105: poprawno\u015b\u0107 gramatyczna, bogactwo s\u0142ownictwa, wymowa, p\u0142ynno\u015b\u0107 i tre\u015b\u0107 wypowiedzi. Wypowied\u017a zaczyna si\u0119 od kr\u00f3tkiej autoprezentacji. Nast\u0119pnie egzaminowany opisuje ilustracj\u0119 i odpowiada na pytania zadawane przez egzaminatora.<\/li>\n<\/ol>\n<p><a class=\"docx doc\" href=\"https:\/\/pb.edu.pl\/sjo\/wp-content\/uploads\/sites\/9\/2017\/11\/Use-of-English-profil-og%C3%B3lny.docx\" target=\"_blank\" rel=\"noopener\">Use of English \u2013 profil og\u00f3lny (17 KB)<\/a><\/p>\n<p><a title=\"\" href=\"https:\/\/pb.edu.pl\/sjo\/wp-content\/uploads\/sites\/9\/2023\/11\/UCJ-ogolny.pdf\" target=\"_blank\" rel=\"noopener\">UCJ o profilu og\u00f3lnym &#8211; wz\u00f3r certyfikatu z j\u0119zyka angielskiego<\/a><\/p>\n<p><a title=\"\" href=\"https:\/\/pb.edu.pl\/sjo\/wp-content\/uploads\/sites\/9\/2023\/11\/UCJ-rosyjski.pdf\">UCJ o profilu og\u00f3lnym &#8211; wz\u00f3r certyfikatu z j\u0119zyka rosyjskiego<\/a><\/p>\n<\/div>\n","protected":false},"excerpt":{"rendered":"<p>Egzamin na Uczelniany Certyfikat J\u0119zykowy o profilu og\u00f3lnym jest egzaminem potwierdzaj\u0105cym znajomo\u015b\u0107 j\u0119zyka obcego na<\/p>\n","protected":false},"author":2,"featured_media":0,"parent":18,"menu_order":0,"comment_status":"closed","ping_status":"closed","template":"","meta":{"_acf_changed":false,"ngg_post_thumbnail":0,"footnotes":""},"class_list":["post-114","page","type-page","status-publish","hentry"],"acf":[],"yoast_head":"<!-- This site is optimized with the Yoast SEO plugin v27.0 - https:\/\/yoast.com\/product\/yoast-seo-wordpress\/ -->\n<title>Uczelniany Certyfikat J\u0119zykowy o profilu og\u00f3lnym - Studium J\u0119zyk\u00f3w Obcych<\/title>\n<meta name=\"description\" content=\"Egzamin na Uczelniany Certyfikat J\u0119zykowy o profilu og\u00f3lnym jest egzaminem potwierdzaj\u0105cym znajomo\u015b\u0107 j\u0119zyka obcego na poziomie B2 &nbsp; Egzamin sk\u0142ada\" \/>\n<meta name=\"robots\" content=\"index, follow, max-snippet:-1, max-image-preview:large, max-video-preview:-1\" \/>\n<link rel=\"canonical\" href=\"https:\/\/pb.edu.pl\/sjo\/dla-studenta\/egzaminy\/egzamin-na-ucj\/\" \/>\n<meta property=\"og:locale\" content=\"pl_PL\" \/>\n<meta property=\"og:type\" content=\"article\" \/>\n<meta property=\"og:title\" content=\"Uczelniany Certyfikat J\u0119zykowy o profilu og\u00f3lnym - Studium J\u0119zyk\u00f3w Obcych\" \/>\n<meta property=\"og:description\" content=\"Egzamin na Uczelniany Certyfikat J\u0119zykowy o profilu og\u00f3lnym jest egzaminem potwierdzaj\u0105cym znajomo\u015b\u0107 j\u0119zyka obcego na poziomie B2 &nbsp; Egzamin sk\u0142ada\" \/>\n<meta property=\"og:url\" content=\"https:\/\/pb.edu.pl\/sjo\/dla-studenta\/egzaminy\/egzamin-na-ucj\/\" \/>\n<meta property=\"og:site_name\" content=\"Studium J\u0119zyk\u00f3w Obcych\" \/>\n<meta property=\"article:modified_time\" content=\"2026-02-12T11:38:45+00:00\" \/>\n<meta property=\"og:image\" content=\"https:\/\/pb.edu.pl\/sjo\/wp-content\/uploads\/sites\/9\/2023\/03\/10.png\" \/>\n\t<meta property=\"og:image:width\" content=\"799\" \/>\n\t<meta property=\"og:image:height\" content=\"533\" \/>\n\t<meta property=\"og:image:type\" content=\"image\/png\" \/>\n<meta name=\"twitter:label1\" content=\"Szacowany czas czytania\" \/>\n\t<meta name=\"twitter:data1\" content=\"3 minuty\" \/>\n<script type=\"application\/ld+json\" class=\"yoast-schema-graph\">{\"@context\":\"https:\/\/schema.org\",\"@graph\":[{\"@type\":\"WebPage\",\"@id\":\"https:\/\/pb.edu.pl\/sjo\/dla-studenta\/egzaminy\/egzamin-na-ucj\/\",\"url\":\"https:\/\/pb.edu.pl\/sjo\/dla-studenta\/egzaminy\/egzamin-na-ucj\/\",\"name\":\"Uczelniany Certyfikat J\u0119zykowy o profilu og\u00f3lnym - Studium J\u0119zyk\u00f3w Obcych\",\"isPartOf\":{\"@id\":\"https:\/\/pb.edu.pl\/sjo\/#website\"},\"primaryImageOfPage\":{\"@id\":\"https:\/\/pb.edu.pl\/sjo\/dla-studenta\/egzaminy\/egzamin-na-ucj\/#primaryimage\"},\"image\":{\"@id\":\"https:\/\/pb.edu.pl\/sjo\/dla-studenta\/egzaminy\/egzamin-na-ucj\/#primaryimage\"},\"thumbnailUrl\":\"https:\/\/pb.edu.pl\/sjo\/wp-content\/uploads\/sites\/9\/2023\/03\/10-300x200.png\",\"datePublished\":\"2017-11-21T09:19:44+00:00\",\"dateModified\":\"2026-02-12T11:38:45+00:00\",\"description\":\"Egzamin na Uczelniany Certyfikat J\u0119zykowy o profilu og\u00f3lnym jest egzaminem potwierdzaj\u0105cym znajomo\u015b\u0107 j\u0119zyka obcego na poziomie B2 &nbsp; Egzamin sk\u0142ada\",\"breadcrumb\":{\"@id\":\"https:\/\/pb.edu.pl\/sjo\/dla-studenta\/egzaminy\/egzamin-na-ucj\/#breadcrumb\"},\"inLanguage\":\"pl-PL\",\"potentialAction\":[{\"@type\":\"ReadAction\",\"target\":[\"https:\/\/pb.edu.pl\/sjo\/dla-studenta\/egzaminy\/egzamin-na-ucj\/\"]}]},{\"@type\":\"ImageObject\",\"inLanguage\":\"pl-PL\",\"@id\":\"https:\/\/pb.edu.pl\/sjo\/dla-studenta\/egzaminy\/egzamin-na-ucj\/#primaryimage\",\"url\":\"https:\/\/pb.edu.pl\/sjo\/wp-content\/uploads\/sites\/9\/2023\/03\/10.png\",\"contentUrl\":\"https:\/\/pb.edu.pl\/sjo\/wp-content\/uploads\/sites\/9\/2023\/03\/10.png\",\"width\":799,\"height\":533},{\"@type\":\"BreadcrumbList\",\"@id\":\"https:\/\/pb.edu.pl\/sjo\/dla-studenta\/egzaminy\/egzamin-na-ucj\/#breadcrumb\",\"itemListElement\":[{\"@type\":\"ListItem\",\"position\":1,\"name\":\"Home\",\"item\":\"https:\/\/pb.edu.pl\/sjo\/\"},{\"@type\":\"ListItem\",\"position\":2,\"name\":\"Studiuj\u0119 w PB\",\"item\":\"https:\/\/pb.edu.pl\/sjo\/dla-studenta\/\"},{\"@type\":\"ListItem\",\"position\":3,\"name\":\"Egzaminy\",\"item\":\"https:\/\/pb.edu.pl\/sjo\/dla-studenta\/egzaminy\/\"},{\"@type\":\"ListItem\",\"position\":4,\"name\":\"Uczelniany Certyfikat J\u0119zykowy o profilu og\u00f3lnym\"}]},{\"@type\":\"WebSite\",\"@id\":\"https:\/\/pb.edu.pl\/sjo\/#website\",\"url\":\"https:\/\/pb.edu.pl\/sjo\/\",\"name\":\"Studium J\u0119zyk\u00f3w Obcych\",\"description\":\"\",\"potentialAction\":[{\"@type\":\"SearchAction\",\"target\":{\"@type\":\"EntryPoint\",\"urlTemplate\":\"https:\/\/pb.edu.pl\/sjo\/?s={search_term_string}\"},\"query-input\":{\"@type\":\"PropertyValueSpecification\",\"valueRequired\":true,\"valueName\":\"search_term_string\"}}],\"inLanguage\":\"pl-PL\"}]}<\/script>\n<!-- \/ Yoast SEO plugin. -->","yoast_head_json":{"title":"Uczelniany Certyfikat J\u0119zykowy o profilu og\u00f3lnym - Studium J\u0119zyk\u00f3w Obcych","description":"Egzamin na Uczelniany Certyfikat J\u0119zykowy o profilu og\u00f3lnym jest egzaminem potwierdzaj\u0105cym znajomo\u015b\u0107 j\u0119zyka obcego na poziomie B2 &nbsp; Egzamin sk\u0142ada","robots":{"index":"index","follow":"follow","max-snippet":"max-snippet:-1","max-image-preview":"max-image-preview:large","max-video-preview":"max-video-preview:-1"},"canonical":"https:\/\/pb.edu.pl\/sjo\/dla-studenta\/egzaminy\/egzamin-na-ucj\/","og_locale":"pl_PL","og_type":"article","og_title":"Uczelniany Certyfikat J\u0119zykowy o profilu og\u00f3lnym - Studium J\u0119zyk\u00f3w Obcych","og_description":"Egzamin na Uczelniany Certyfikat J\u0119zykowy o profilu og\u00f3lnym jest egzaminem potwierdzaj\u0105cym znajomo\u015b\u0107 j\u0119zyka obcego na poziomie B2 &nbsp; Egzamin sk\u0142ada","og_url":"https:\/\/pb.edu.pl\/sjo\/dla-studenta\/egzaminy\/egzamin-na-ucj\/","og_site_name":"Studium J\u0119zyk\u00f3w Obcych","article_modified_time":"2026-02-12T11:38:45+00:00","og_image":[{"width":799,"height":533,"url":"https:\/\/pb.edu.pl\/sjo\/wp-content\/uploads\/sites\/9\/2023\/03\/10.png","type":"image\/png"}],"twitter_misc":{"Szacowany czas czytania":"3 minuty"},"schema":{"@context":"https:\/\/schema.org","@graph":[{"@type":"WebPage","@id":"https:\/\/pb.edu.pl\/sjo\/dla-studenta\/egzaminy\/egzamin-na-ucj\/","url":"https:\/\/pb.edu.pl\/sjo\/dla-studenta\/egzaminy\/egzamin-na-ucj\/","name":"Uczelniany Certyfikat J\u0119zykowy o profilu og\u00f3lnym - Studium J\u0119zyk\u00f3w Obcych","isPartOf":{"@id":"https:\/\/pb.edu.pl\/sjo\/#website"},"primaryImageOfPage":{"@id":"https:\/\/pb.edu.pl\/sjo\/dla-studenta\/egzaminy\/egzamin-na-ucj\/#primaryimage"},"image":{"@id":"https:\/\/pb.edu.pl\/sjo\/dla-studenta\/egzaminy\/egzamin-na-ucj\/#primaryimage"},"thumbnailUrl":"https:\/\/pb.edu.pl\/sjo\/wp-content\/uploads\/sites\/9\/2023\/03\/10-300x200.png","datePublished":"2017-11-21T09:19:44+00:00","dateModified":"2026-02-12T11:38:45+00:00","description":"Egzamin na Uczelniany Certyfikat J\u0119zykowy o profilu og\u00f3lnym jest egzaminem potwierdzaj\u0105cym znajomo\u015b\u0107 j\u0119zyka obcego na poziomie B2 &nbsp; Egzamin sk\u0142ada","breadcrumb":{"@id":"https:\/\/pb.edu.pl\/sjo\/dla-studenta\/egzaminy\/egzamin-na-ucj\/#breadcrumb"},"inLanguage":"pl-PL","potentialAction":[{"@type":"ReadAction","target":["https:\/\/pb.edu.pl\/sjo\/dla-studenta\/egzaminy\/egzamin-na-ucj\/"]}]},{"@type":"ImageObject","inLanguage":"pl-PL","@id":"https:\/\/pb.edu.pl\/sjo\/dla-studenta\/egzaminy\/egzamin-na-ucj\/#primaryimage","url":"https:\/\/pb.edu.pl\/sjo\/wp-content\/uploads\/sites\/9\/2023\/03\/10.png","contentUrl":"https:\/\/pb.edu.pl\/sjo\/wp-content\/uploads\/sites\/9\/2023\/03\/10.png","width":799,"height":533},{"@type":"BreadcrumbList","@id":"https:\/\/pb.edu.pl\/sjo\/dla-studenta\/egzaminy\/egzamin-na-ucj\/#breadcrumb","itemListElement":[{"@type":"ListItem","position":1,"name":"Home","item":"https:\/\/pb.edu.pl\/sjo\/"},{"@type":"ListItem","position":2,"name":"Studiuj\u0119 w PB","item":"https:\/\/pb.edu.pl\/sjo\/dla-studenta\/"},{"@type":"ListItem","position":3,"name":"Egzaminy","item":"https:\/\/pb.edu.pl\/sjo\/dla-studenta\/egzaminy\/"},{"@type":"ListItem","position":4,"name":"Uczelniany Certyfikat J\u0119zykowy o profilu og\u00f3lnym"}]},{"@type":"WebSite","@id":"https:\/\/pb.edu.pl\/sjo\/#website","url":"https:\/\/pb.edu.pl\/sjo\/","name":"Studium J\u0119zyk\u00f3w Obcych","description":"","potentialAction":[{"@type":"SearchAction","target":{"@type":"EntryPoint","urlTemplate":"https:\/\/pb.edu.pl\/sjo\/?s={search_term_string}"},"query-input":{"@type":"PropertyValueSpecification","valueRequired":true,"valueName":"search_term_string"}}],"inLanguage":"pl-PL"}]}},"_links":{"self":[{"href":"https:\/\/pb.edu.pl\/sjo\/wp-json\/wp\/v2\/pages\/114","targetHints":{"allow":["GET"]}}],"collection":[{"href":"https:\/\/pb.edu.pl\/sjo\/wp-json\/wp\/v2\/pages"}],"about":[{"href":"https:\/\/pb.edu.pl\/sjo\/wp-json\/wp\/v2\/types\/page"}],"author":[{"embeddable":true,"href":"https:\/\/pb.edu.pl\/sjo\/wp-json\/wp\/v2\/users\/2"}],"replies":[{"embeddable":true,"href":"https:\/\/pb.edu.pl\/sjo\/wp-json\/wp\/v2\/comments?post=114"}],"version-history":[{"count":1,"href":"https:\/\/pb.edu.pl\/sjo\/wp-json\/wp\/v2\/pages\/114\/revisions"}],"predecessor-version":[{"id":30648,"href":"https:\/\/pb.edu.pl\/sjo\/wp-json\/wp\/v2\/pages\/114\/revisions\/30648"}],"up":[{"embeddable":true,"href":"https:\/\/pb.edu.pl\/sjo\/wp-json\/wp\/v2\/pages\/18"}],"wp:attachment":[{"href":"https:\/\/pb.edu.pl\/sjo\/wp-json\/wp\/v2\/media?parent=114"}],"curies":[{"name":"wp","href":"https:\/\/api.w.org\/{rel}","templated":true}]}}