{"id":11278,"date":"2021-11-08T11:28:20","date_gmt":"2021-11-08T10:28:20","guid":{"rendered":"https:\/\/pb.edu.pl\/sjo\/?page_id=11278"},"modified":"2021-12-07T15:57:16","modified_gmt":"2021-12-07T14:57:16","slug":"formularz-rejestracyjny-na-xxiii-olimpiade-angielskiego","status":"publish","type":"page","link":"https:\/\/pb.edu.pl\/sjo\/formularz-rejestracyjny-na-xxiii-olimpiade-angielskiego\/","title":{"rendered":"Formularz rejestracyjny na XXIII Olimpiad\u0119 J\u0119zyka Angielskiego Wy\u017cszych Uczelni Technicznych"},"content":{"rendered":"<p>Zapraszamy do udzia\u0142u w XXIII Olimpiadzie J\u0119zyka Angielskiego Wy\u017cszych Uczelni Technicznych.<\/p>\n<p>W celu rejestracji prosimy o pobranie i wype\u0142nienie <a title=\"\" href=\"https:\/\/pb.edu.pl\/sjo\/wp-content\/uploads\/sites\/9\/2021\/12\/CJK_formularz-rejestracyjny-2.12.2021-z-poprawkami.docx\" target=\"_blank\" rel=\"noopener\">formularza rejestracyjnego<\/a>. Prosimy o wys\u0142anie zeskanowanego dokumentu na adres: <a href=\"mailto:olimpiada.cjk@put.poznan.pl\">olimpiada.cjk@put.poznan.pl<\/a><\/p>\n<p>Otrzymaj\u0105 Pa\u0144stwo potwierdzenie odebrania zg\u0142oszenia przez Centrum J\u0119zyk\u00f3w i Komunikacji Politechniki Pozna\u0144skiej.<\/p>\n<p>Ze wzgl\u0119d\u00f3w formalnych, jest to jedyna forma rejestracji.<\/p>\n<p>Wszystkie zg\u0142oszone osoby prosimy r\u00f3wnie\u017c o kontakt mailowy z Koordynatorem Olimpiady w Studium J\u0119zyk\u00f3w Obcych,<strong> mgr Ann\u0105 Kalisz<\/strong>: <a href=\"mailto:a.kalisz@pb.edu.pl\">a.kalisz@pb.edu.pl<\/a>, kt\u00f3ra przeka\u017ce Pa\u0144stwu informacje dotycz\u0105ce kwestii organizacyjnych.<\/p>\n","protected":false},"excerpt":{"rendered":"<p>Zapraszamy do udzia\u0142u w XXIII Olimpiadzie J\u0119zyka Angielskiego Wy\u017cszych Uczelni Technicznych. W celu rejestracji prosimy<\/p>\n","protected":false},"author":6,"featured_media":0,"parent":0,"menu_order":0,"comment_status":"closed","ping_status":"closed","template":"","meta":{"_acf_changed":false,"ngg_post_thumbnail":0,"footnotes":""},"class_list":["post-11278","page","type-page","status-publish","hentry"],"acf":[],"yoast_head":"<!-- This site is optimized with the Yoast SEO plugin v27.0 - https:\/\/yoast.com\/product\/yoast-seo-wordpress\/ -->\n<title>Formularz rejestracyjny na XXIII Olimpiad\u0119 J\u0119zyka Angielskiego Wy\u017cszych Uczelni Technicznych - Studium J\u0119zyk\u00f3w Obcych<\/title>\n<meta name=\"description\" content=\"Zapraszamy do udzia\u0142u w XXIII Olimpiadzie J\u0119zyka Angielskiego Wy\u017cszych Uczelni Technicznych. W celu rejestracji prosimy o pobranie i wype\u0142nienie\" \/>\n<meta name=\"robots\" content=\"index, follow, max-snippet:-1, max-image-preview:large, max-video-preview:-1\" \/>\n<link rel=\"canonical\" href=\"https:\/\/pb.edu.pl\/sjo\/formularz-rejestracyjny-na-xxiii-olimpiade-angielskiego\/\" \/>\n<meta property=\"og:locale\" content=\"pl_PL\" \/>\n<meta property=\"og:type\" content=\"article\" \/>\n<meta property=\"og:title\" content=\"Formularz rejestracyjny na XXIII Olimpiad\u0119 J\u0119zyka Angielskiego Wy\u017cszych Uczelni Technicznych - Studium J\u0119zyk\u00f3w Obcych\" \/>\n<meta property=\"og:description\" content=\"Zapraszamy do udzia\u0142u w XXIII Olimpiadzie J\u0119zyka Angielskiego Wy\u017cszych Uczelni Technicznych. W celu rejestracji prosimy o pobranie i wype\u0142nienie\" \/>\n<meta property=\"og:url\" content=\"https:\/\/pb.edu.pl\/sjo\/formularz-rejestracyjny-na-xxiii-olimpiade-angielskiego\/\" \/>\n<meta property=\"og:site_name\" content=\"Studium J\u0119zyk\u00f3w Obcych\" \/>\n<meta property=\"article:modified_time\" content=\"2021-12-07T14:57:16+00:00\" \/>\n<meta name=\"twitter:label1\" content=\"Szacowany czas czytania\" \/>\n\t<meta name=\"twitter:data1\" content=\"1 minuta\" \/>\n<script type=\"application\/ld+json\" class=\"yoast-schema-graph\">{\"@context\":\"https:\/\/schema.org\",\"@graph\":[{\"@type\":\"WebPage\",\"@id\":\"https:\/\/pb.edu.pl\/sjo\/formularz-rejestracyjny-na-xxiii-olimpiade-angielskiego\/\",\"url\":\"https:\/\/pb.edu.pl\/sjo\/formularz-rejestracyjny-na-xxiii-olimpiade-angielskiego\/\",\"name\":\"Formularz rejestracyjny na XXIII Olimpiad\u0119 J\u0119zyka Angielskiego Wy\u017cszych Uczelni Technicznych - Studium J\u0119zyk\u00f3w Obcych\",\"isPartOf\":{\"@id\":\"https:\/\/pb.edu.pl\/sjo\/#website\"},\"datePublished\":\"2021-11-08T10:28:20+00:00\",\"dateModified\":\"2021-12-07T14:57:16+00:00\",\"description\":\"Zapraszamy do udzia\u0142u w XXIII Olimpiadzie J\u0119zyka Angielskiego Wy\u017cszych Uczelni Technicznych. W celu rejestracji prosimy o pobranie i wype\u0142nienie\",\"breadcrumb\":{\"@id\":\"https:\/\/pb.edu.pl\/sjo\/formularz-rejestracyjny-na-xxiii-olimpiade-angielskiego\/#breadcrumb\"},\"inLanguage\":\"pl-PL\",\"potentialAction\":[{\"@type\":\"ReadAction\",\"target\":[\"https:\/\/pb.edu.pl\/sjo\/formularz-rejestracyjny-na-xxiii-olimpiade-angielskiego\/\"]}]},{\"@type\":\"BreadcrumbList\",\"@id\":\"https:\/\/pb.edu.pl\/sjo\/formularz-rejestracyjny-na-xxiii-olimpiade-angielskiego\/#breadcrumb\",\"itemListElement\":[{\"@type\":\"ListItem\",\"position\":1,\"name\":\"Home\",\"item\":\"https:\/\/pb.edu.pl\/sjo\/\"},{\"@type\":\"ListItem\",\"position\":2,\"name\":\"Formularz rejestracyjny na XXIII Olimpiad\u0119 J\u0119zyka Angielskiego Wy\u017cszych Uczelni Technicznych\"}]},{\"@type\":\"WebSite\",\"@id\":\"https:\/\/pb.edu.pl\/sjo\/#website\",\"url\":\"https:\/\/pb.edu.pl\/sjo\/\",\"name\":\"Studium J\u0119zyk\u00f3w Obcych\",\"description\":\"\",\"potentialAction\":[{\"@type\":\"SearchAction\",\"target\":{\"@type\":\"EntryPoint\",\"urlTemplate\":\"https:\/\/pb.edu.pl\/sjo\/?s={search_term_string}\"},\"query-input\":{\"@type\":\"PropertyValueSpecification\",\"valueRequired\":true,\"valueName\":\"search_term_string\"}}],\"inLanguage\":\"pl-PL\"}]}<\/script>\n<!-- \/ Yoast SEO plugin. -->","yoast_head_json":{"title":"Formularz rejestracyjny na XXIII Olimpiad\u0119 J\u0119zyka Angielskiego Wy\u017cszych Uczelni Technicznych - Studium J\u0119zyk\u00f3w Obcych","description":"Zapraszamy do udzia\u0142u w XXIII Olimpiadzie J\u0119zyka Angielskiego Wy\u017cszych Uczelni Technicznych. W celu rejestracji prosimy o pobranie i wype\u0142nienie","robots":{"index":"index","follow":"follow","max-snippet":"max-snippet:-1","max-image-preview":"max-image-preview:large","max-video-preview":"max-video-preview:-1"},"canonical":"https:\/\/pb.edu.pl\/sjo\/formularz-rejestracyjny-na-xxiii-olimpiade-angielskiego\/","og_locale":"pl_PL","og_type":"article","og_title":"Formularz rejestracyjny na XXIII Olimpiad\u0119 J\u0119zyka Angielskiego Wy\u017cszych Uczelni Technicznych - Studium J\u0119zyk\u00f3w Obcych","og_description":"Zapraszamy do udzia\u0142u w XXIII Olimpiadzie J\u0119zyka Angielskiego Wy\u017cszych Uczelni Technicznych. W celu rejestracji prosimy o pobranie i wype\u0142nienie","og_url":"https:\/\/pb.edu.pl\/sjo\/formularz-rejestracyjny-na-xxiii-olimpiade-angielskiego\/","og_site_name":"Studium J\u0119zyk\u00f3w Obcych","article_modified_time":"2021-12-07T14:57:16+00:00","twitter_misc":{"Szacowany czas czytania":"1 minuta"},"schema":{"@context":"https:\/\/schema.org","@graph":[{"@type":"WebPage","@id":"https:\/\/pb.edu.pl\/sjo\/formularz-rejestracyjny-na-xxiii-olimpiade-angielskiego\/","url":"https:\/\/pb.edu.pl\/sjo\/formularz-rejestracyjny-na-xxiii-olimpiade-angielskiego\/","name":"Formularz rejestracyjny na XXIII Olimpiad\u0119 J\u0119zyka Angielskiego Wy\u017cszych Uczelni Technicznych - Studium J\u0119zyk\u00f3w Obcych","isPartOf":{"@id":"https:\/\/pb.edu.pl\/sjo\/#website"},"datePublished":"2021-11-08T10:28:20+00:00","dateModified":"2021-12-07T14:57:16+00:00","description":"Zapraszamy do udzia\u0142u w XXIII Olimpiadzie J\u0119zyka Angielskiego Wy\u017cszych Uczelni Technicznych. W celu rejestracji prosimy o pobranie i wype\u0142nienie","breadcrumb":{"@id":"https:\/\/pb.edu.pl\/sjo\/formularz-rejestracyjny-na-xxiii-olimpiade-angielskiego\/#breadcrumb"},"inLanguage":"pl-PL","potentialAction":[{"@type":"ReadAction","target":["https:\/\/pb.edu.pl\/sjo\/formularz-rejestracyjny-na-xxiii-olimpiade-angielskiego\/"]}]},{"@type":"BreadcrumbList","@id":"https:\/\/pb.edu.pl\/sjo\/formularz-rejestracyjny-na-xxiii-olimpiade-angielskiego\/#breadcrumb","itemListElement":[{"@type":"ListItem","position":1,"name":"Home","item":"https:\/\/pb.edu.pl\/sjo\/"},{"@type":"ListItem","position":2,"name":"Formularz rejestracyjny na XXIII Olimpiad\u0119 J\u0119zyka Angielskiego Wy\u017cszych Uczelni Technicznych"}]},{"@type":"WebSite","@id":"https:\/\/pb.edu.pl\/sjo\/#website","url":"https:\/\/pb.edu.pl\/sjo\/","name":"Studium J\u0119zyk\u00f3w Obcych","description":"","potentialAction":[{"@type":"SearchAction","target":{"@type":"EntryPoint","urlTemplate":"https:\/\/pb.edu.pl\/sjo\/?s={search_term_string}"},"query-input":{"@type":"PropertyValueSpecification","valueRequired":true,"valueName":"search_term_string"}}],"inLanguage":"pl-PL"}]}},"_links":{"self":[{"href":"https:\/\/pb.edu.pl\/sjo\/wp-json\/wp\/v2\/pages\/11278","targetHints":{"allow":["GET"]}}],"collection":[{"href":"https:\/\/pb.edu.pl\/sjo\/wp-json\/wp\/v2\/pages"}],"about":[{"href":"https:\/\/pb.edu.pl\/sjo\/wp-json\/wp\/v2\/types\/page"}],"author":[{"embeddable":true,"href":"https:\/\/pb.edu.pl\/sjo\/wp-json\/wp\/v2\/users\/6"}],"replies":[{"embeddable":true,"href":"https:\/\/pb.edu.pl\/sjo\/wp-json\/wp\/v2\/comments?post=11278"}],"version-history":[{"count":0,"href":"https:\/\/pb.edu.pl\/sjo\/wp-json\/wp\/v2\/pages\/11278\/revisions"}],"wp:attachment":[{"href":"https:\/\/pb.edu.pl\/sjo\/wp-json\/wp\/v2\/media?parent=11278"}],"curies":[{"name":"wp","href":"https:\/\/api.w.org\/{rel}","templated":true}]}}