{"id":11261,"date":"2021-11-08T08:44:24","date_gmt":"2021-11-08T07:44:24","guid":{"rendered":"https:\/\/pb.edu.pl\/sjo\/?page_id=11261"},"modified":"2024-04-22T12:45:29","modified_gmt":"2024-04-22T10:45:29","slug":"olimpiada-jezyka-angielskiego","status":"publish","type":"page","link":"https:\/\/pb.edu.pl\/sjo\/wydarzenia-sjo\/olimpiada-jezyka-angielskiego\/","title":{"rendered":"Olimpiada J\u0119zyka Angielskiego"},"content":{"rendered":"<p>Politechnika Bia\u0142ostocka bierze udzia\u0142 w <strong>Olimpiadzie J\u0119zyka Angielskiego Wy\u017cszych Uczelni Technicznych<\/strong>&nbsp;organizowanej cyklicznie przez Centrum J\u0119zyk\u00f3w i Komunikacji Politechniki Pozna\u0144skiej.<\/p>\n<p>Serdecznie zapraszamy wszystkich student\u00f3w Politechniki Bia\u0142ostockiej do udzia\u0142u. To nie tylko fajna przygoda i okazja do prze\u0107wiczenia j\u0119zyka angielskiego, ale tak\u017ce szansa na atrakcyjne nagrody.<\/p>\n<p>Szczeg\u00f3\u0142owe informacje na temat Olimpiady: jej regulamin, kalendarium i przyk\u0142adowe testy z ubieg\u0142ych lat, mo\u017cna znale\u017a\u0107 <a href=\"https:\/\/clc.put.poznan.pl\/xxii-oja\">na stronie CJiK PP<\/a>.<\/p>\n<p><strong>Koordynatorem SJO jest mgr Dorota \u015aleszy\u0144ska<\/strong>: <i class=\"fa fa-envelope-o\" aria-hidden=\"true\"><\/i> <a href=\"mailto:d.sleszynska@pb.edu.pl\">d.sleszynska@pb.edu.pl<\/a><\/p>\n\t\t<div class=\"box news-box \">\n\t\t<div class=\"row\">\n\t\t\t\n\t\t\t\n\t\t\t\t\n\t\t\t\t\t\t\t\t\t\t<div class=\"col-sm-3\">\n\t\t\t\t\t\t\t\n<article class=\"format-standard\">\n    <span class=\"date text-right\"><i class=\"fal fa-calendar-alt\"><\/i> 03-03-2026<\/span>\n    <a href=\"https:\/\/pb.edu.pl\/sjo\/2026\/03\/03\/troje-studentow-pb-w-ii-etapie-27-olimpiady-jezyka-angielskiego\/\">\n      <div class=\"article-image\">\n        <img loading=\"lazy\" decoding=\"async\" width=\"480\" height=\"300\" src=\"https:\/\/pb.edu.pl\/sjo\/wp-content\/uploads\/sites\/9\/2023\/01\/olimpiada-480x300.png\" class=\"attachment-medium-image-16x10 size-medium-image-16x10 wp-post-image\" alt=\"\" \/>      <\/div>\n      <h3>Troje student\u00f3w PB w II etapie 27. Olimpiady J\u0119zyka Angielskiego!<\/h3>\n      Z rado\u015bci\u0105 informujemy, \u017ce a\u017c troje student\u00f3w Politechniki Bia\u0142ostockiej zakwalifikowa\u0142o si\u0119    <\/a>\n<\/article>\t\t\t\t\t\t<\/div>\n\t\t\t\t\t\t\t\t\t\t\t<div class=\"col-sm-3\">\n\t\t\t\t\t\t\t\n<article class=\"format-standard\">\n    <span class=\"date text-right\"><i class=\"fal fa-calendar-alt\"><\/i> 12-11-2025<\/span>\n    <a href=\"https:\/\/pb.edu.pl\/sjo\/2025\/11\/12\/xxvii-ogolnopolska-olimpiada-jezyka-angielskiego-wyzszych-uczelni-technicznych\/\">\n      <div class=\"article-image\">\n        <img loading=\"lazy\" decoding=\"async\" width=\"480\" height=\"300\" src=\"https:\/\/pb.edu.pl\/sjo\/wp-content\/uploads\/sites\/9\/2023\/01\/olimpiada-480x300.png\" class=\"attachment-medium-image-16x10 size-medium-image-16x10 wp-post-image\" alt=\"\" \/>      <\/div>\n      <h3>XXVII Og\u00f3lnopolska Olimpiada J\u0119zyka Angielskiego Wy\u017cszych Uczelni Technicznych<\/h3>\n      23 stycznia 2026r. odb\u0119dzie si\u0119 I Etap XXVII Og\u00f3lnopolskiej Olimpiady J\u0119zyka    <\/a>\n<\/article>\t\t\t\t\t\t<\/div>\n\t\t\t\t\t\t\t\t\t\t\t<div class=\"col-sm-3\">\n\t\t\t\t\t\t\t\n<article class=\"format-standard\">\n    <span class=\"date text-right\"><i class=\"fal fa-calendar-alt\"><\/i> 04-11-2024<\/span>\n    <a href=\"https:\/\/pb.edu.pl\/sjo\/2024\/11\/04\/xxvi-ogolnopolska-olimpiada-jezyka-angielskiego-wyzszych-uczelni-technicznych\/\">\n      <div class=\"article-image\">\n        <img loading=\"lazy\" decoding=\"async\" width=\"480\" height=\"300\" src=\"https:\/\/pb.edu.pl\/sjo\/wp-content\/uploads\/sites\/9\/2023\/01\/olimpiada-480x300.png\" class=\"attachment-medium-image-16x10 size-medium-image-16x10 wp-post-image\" alt=\"\" \/>      <\/div>\n      <h3>XXVI Og\u00f3lnopolska Olimpiada J\u0119zyka Angielskiego Wy\u017cszych Uczelni Technicznych<\/h3>\n      24 stycznia 2025r. odb\u0119dzie si\u0119 I Etap XXVI Og\u00f3lnopolskiej Olimpiady J\u0119zyka    <\/a>\n<\/article>\t\t\t\t\t\t<\/div>\n\t\t\t\t\t\t\t\t\t\t\t<div class=\"col-sm-3\">\n\t\t\t\t\t\t\t\n<article class=\"format-standard\">\n    <span class=\"date text-right\"><i class=\"fal fa-calendar-alt\"><\/i> 27-02-2024<\/span>\n    <a href=\"https:\/\/pb.edu.pl\/sjo\/2024\/02\/27\/nasze-studentki-w-kolejnym-etapie-olimpiady\/\">\n      <div class=\"article-image\">\n        <img loading=\"lazy\" decoding=\"async\" width=\"480\" height=\"300\" src=\"https:\/\/pb.edu.pl\/sjo\/wp-content\/uploads\/sites\/9\/2023\/11\/olimpiada-1.png-1-480x300.png\" class=\"attachment-medium-image-16x10 size-medium-image-16x10 wp-post-image\" alt=\"\" srcset=\"https:\/\/pb.edu.pl\/sjo\/wp-content\/uploads\/sites\/9\/2023\/11\/olimpiada-1.png-1-480x300.png 480w, https:\/\/pb.edu.pl\/sjo\/wp-content\/uploads\/sites\/9\/2023\/11\/olimpiada-1.png-1-300x188.png 300w, https:\/\/pb.edu.pl\/sjo\/wp-content\/uploads\/sites\/9\/2023\/11\/olimpiada-1.png-1-1024x640.png 1024w, https:\/\/pb.edu.pl\/sjo\/wp-content\/uploads\/sites\/9\/2023\/11\/olimpiada-1.png-1-768x480.png 768w, https:\/\/pb.edu.pl\/sjo\/wp-content\/uploads\/sites\/9\/2023\/11\/olimpiada-1.png-1.png 1080w\" sizes=\"auto, (max-width: 480px) 100vw, 480px\" \/>      <\/div>\n      <h3>Nasze studentki w kolejnym etapie olimpiady!<\/h3>\n      Z przyjemno\u015bci\u0105 informujemy, \u017ce dwie studentki naszej Uczelni zakwalifikowa\u0142y si\u0119 do    <\/a>\n<\/article>\t\t\t\t\t\t<\/div>\n\t\t\t\t\t\t\t\t\t\t\t<div class=\"col-sm-3\">\n\t\t\t\t\t\t\t\n<article class=\"format-standard\">\n    <span class=\"date text-right\"><i class=\"fal fa-calendar-alt\"><\/i> 15-11-2023<\/span>\n    <a href=\"https:\/\/pb.edu.pl\/sjo\/2023\/11\/15\/xxv-ogolnopolska-olimpiada-jezyka-angielskiego-wyzszych-uczelni-technicznych\/\">\n      <div class=\"article-image\">\n        <img loading=\"lazy\" decoding=\"async\" width=\"480\" height=\"300\" src=\"https:\/\/pb.edu.pl\/sjo\/wp-content\/uploads\/sites\/9\/2023\/11\/olimpiada-1.png-1-480x300.png\" class=\"attachment-medium-image-16x10 size-medium-image-16x10 wp-post-image\" alt=\"\" srcset=\"https:\/\/pb.edu.pl\/sjo\/wp-content\/uploads\/sites\/9\/2023\/11\/olimpiada-1.png-1-480x300.png 480w, https:\/\/pb.edu.pl\/sjo\/wp-content\/uploads\/sites\/9\/2023\/11\/olimpiada-1.png-1-300x188.png 300w, https:\/\/pb.edu.pl\/sjo\/wp-content\/uploads\/sites\/9\/2023\/11\/olimpiada-1.png-1-1024x640.png 1024w, https:\/\/pb.edu.pl\/sjo\/wp-content\/uploads\/sites\/9\/2023\/11\/olimpiada-1.png-1-768x480.png 768w, https:\/\/pb.edu.pl\/sjo\/wp-content\/uploads\/sites\/9\/2023\/11\/olimpiada-1.png-1.png 1080w\" sizes=\"auto, (max-width: 480px) 100vw, 480px\" \/>      <\/div>\n      <h3>XXV Og\u00f3lnopolska Olimpiada J\u0119zyka Angielskiego Wy\u017cszych Uczelni Technicznych<\/h3>\n      19 stycznia 2024 r. odb\u0119dzie si\u0119 I Etap XXV Og\u00f3lnopolskiej Olimpiady    <\/a>\n<\/article>\t\t\t\t\t\t<\/div>\n\t\t\t\t\t\t\t\t\t\t\t<div class=\"col-sm-3\">\n\t\t\t\t\t\t\t\n<article class=\"format-standard\">\n    <span class=\"date text-right\"><i class=\"fal fa-calendar-alt\"><\/i> 17-03-2023<\/span>\n    <a href=\"https:\/\/pb.edu.pl\/sjo\/2023\/03\/17\/student-pb-zakwalifikowal-sie-do-kolejnego-etapu\/\">\n      <div class=\"article-image\">\n        <img loading=\"lazy\" decoding=\"async\" width=\"480\" height=\"300\" src=\"https:\/\/pb.edu.pl\/sjo\/wp-content\/uploads\/sites\/9\/2023\/01\/olimpiada-480x300.png\" class=\"attachment-medium-image-16x10 size-medium-image-16x10 wp-post-image\" alt=\"\" \/>      <\/div>\n      <h3>Student PB zakwalifikowa\u0142 si\u0119 do kolejnego etapu!<\/h3>\n      Z przyjemno\u015bci\u0105 informujemy, \u017ce student III roku informatyki, Pan Patryk Or\u0142owski    <\/a>\n<\/article>\t\t\t\t\t\t<\/div>\n\t\t\t\t\t\t\t\t\t\t\t<div class=\"col-sm-3\">\n\t\t\t\t\t\t\t\n<article class=\"format-standard\">\n    <span class=\"date text-right\"><i class=\"fal fa-calendar-alt\"><\/i> 04-01-2023<\/span>\n    <a href=\"https:\/\/pb.edu.pl\/sjo\/2023\/01\/04\/i-etap-olimpiady\/\">\n      <div class=\"article-image\">\n        <img loading=\"lazy\" decoding=\"async\" width=\"480\" height=\"300\" src=\"https:\/\/pb.edu.pl\/sjo\/wp-content\/uploads\/sites\/9\/2023\/01\/olimpiada-480x300.png\" class=\"attachment-medium-image-16x10 size-medium-image-16x10 wp-post-image\" alt=\"\" \/>      <\/div>\n      <h3>I etap olimpiady<\/h3>\n      Ju\u017c 13 stycznia, w pi\u0105tek w godzinach 12.00-14.00, 19 student\u00f3w naszej    <\/a>\n<\/article>\t\t\t\t\t\t<\/div>\n\t\t\t\t\t\t\t\t\t\t\t<div class=\"col-sm-3\">\n\t\t\t\t\t\t\t\n<article class=\"format-standard\">\n    <span class=\"date text-right\"><i class=\"fal fa-calendar-alt\"><\/i> 09-11-2022<\/span>\n    <a href=\"https:\/\/pb.edu.pl\/sjo\/2022\/11\/09\/xxiv-ogolnopolska-olimpiada-jezyka-angielskiego-wyzszych-uczelni-technicznych\/\">\n      <div class=\"article-image\">\n        <img loading=\"lazy\" decoding=\"async\" width=\"480\" height=\"300\" src=\"https:\/\/pb.edu.pl\/sjo\/wp-content\/uploads\/sites\/9\/2021\/11\/Kopia-Projekt-bez-nazwy-1-1-480x300.png\" class=\"attachment-medium-image-16x10 size-medium-image-16x10 wp-post-image\" alt=\"\" \/>      <\/div>\n      <h3>XXIV Og\u00f3lnopolska Olimpiada J\u0119zyka Angielskiego Wy\u017cszych Uczelni Technicznych<\/h3>\n      13 stycznia 2023 r. odb\u0119dzie si\u0119 I Etap XXIV Og\u00f3lnopolskiej Olimpiady    <\/a>\n<\/article>\t\t\t\t\t\t<\/div>\n\t\t\t\t\t\t\t\t\t\t\t<div class=\"col-sm-3\">\n\t\t\t\t\t\t\t\n<article class=\"format-standard\">\n    <span class=\"date text-right\"><i class=\"fal fa-calendar-alt\"><\/i> 08-11-2021<\/span>\n    <a href=\"https:\/\/pb.edu.pl\/sjo\/2021\/11\/08\/xxiii-olimpiada-jezyka-angielskiego\/\">\n      <div class=\"article-image\">\n        <img loading=\"lazy\" decoding=\"async\" width=\"480\" height=\"300\" src=\"https:\/\/pb.edu.pl\/sjo\/wp-content\/uploads\/sites\/9\/2023\/01\/olimpiada-480x300.png\" class=\"attachment-medium-image-16x10 size-medium-image-16x10 wp-post-image\" alt=\"\" \/>      <\/div>\n      <h3>XXIII Olimpiada J\u0119zyka Angielskiego<\/h3>\n      Serdecznie zapraszamy do udzia\u0142u w XXIII Olimpiadzie J\u0119zyka Angielskiego Wy\u017cszych Uczelni    <\/a>\n<\/article>\t\t\t\t\t\t<\/div>\n\t\t\t\t\t\t\t\t\t\t\t<div class=\"col-sm-3\">\n\t\t\t\t\t\t\t\n<article class=\"format-standard\">\n    <span class=\"date text-right\"><i class=\"fal fa-calendar-alt\"><\/i> 10-02-2021<\/span>\n    <a href=\"https:\/\/pb.edu.pl\/sjo\/2021\/02\/10\/olimpiada-jezyka-angielskiego\/\">\n      <div class=\"article-image\">\n        <img loading=\"lazy\" decoding=\"async\" width=\"480\" height=\"300\" src=\"https:\/\/pb.edu.pl\/sjo\/wp-content\/uploads\/sites\/9\/2017\/11\/olimpiada_jezyka_angielskiego-480x300.png\" class=\"attachment-medium-image-16x10 size-medium-image-16x10 wp-post-image\" alt=\"\" \/>      <\/div>\n      <h3>Olimpiada J\u0119zyka Angielskiego<\/h3>\n      12 marca 2021r. odb\u0119dzie si\u0119 I Etap XXII Og\u00f3lnopolskiej Olimpiady J\u0119zyka    <\/a>\n<\/article>\t\t\t\t\t\t<\/div>\n\t\t\t\t\t\n\t\t\t\t\n\t\t\t\t\t<\/div>\n\t\t\t\t\t<\/div>\n\n","protected":false},"excerpt":{"rendered":"<p>Politechnika Bia\u0142ostocka bierze udzia\u0142 w Olimpiadzie J\u0119zyka Angielskiego Wy\u017cszych Uczelni Technicznych&nbsp;organizowanej cyklicznie przez Centrum J\u0119zyk\u00f3w<\/p>\n","protected":false},"author":38,"featured_media":0,"parent":10915,"menu_order":0,"comment_status":"closed","ping_status":"closed","template":"","meta":{"_acf_changed":false,"ngg_post_thumbnail":0,"footnotes":""},"class_list":["post-11261","page","type-page","status-publish","hentry"],"acf":[],"yoast_head":"<!-- This site is optimized with the Yoast SEO plugin v27.0 - https:\/\/yoast.com\/product\/yoast-seo-wordpress\/ -->\n<title>Olimpiada J\u0119zyka Angielskiego - Studium J\u0119zyk\u00f3w Obcych<\/title>\n<meta name=\"description\" content=\"Politechnika Bia\u0142ostocka bierze udzia\u0142 w Olimpiadzie J\u0119zyka Angielskiego Wy\u017cszych Uczelni Technicznych&nbsp;organizowanej cyklicznie przez Centrum J\u0119zyk\u00f3w\" \/>\n<meta name=\"robots\" content=\"index, follow, max-snippet:-1, max-image-preview:large, max-video-preview:-1\" \/>\n<link rel=\"canonical\" href=\"https:\/\/pb.edu.pl\/sjo\/wydarzenia-sjo\/olimpiada-jezyka-angielskiego\/\" \/>\n<meta property=\"og:locale\" content=\"pl_PL\" \/>\n<meta property=\"og:type\" content=\"article\" \/>\n<meta property=\"og:title\" content=\"Olimpiada J\u0119zyka Angielskiego - Studium J\u0119zyk\u00f3w Obcych\" \/>\n<meta property=\"og:description\" content=\"Politechnika Bia\u0142ostocka bierze udzia\u0142 w Olimpiadzie J\u0119zyka Angielskiego Wy\u017cszych Uczelni Technicznych&nbsp;organizowanej cyklicznie przez Centrum J\u0119zyk\u00f3w\" \/>\n<meta property=\"og:url\" content=\"https:\/\/pb.edu.pl\/sjo\/wydarzenia-sjo\/olimpiada-jezyka-angielskiego\/\" \/>\n<meta property=\"og:site_name\" content=\"Studium J\u0119zyk\u00f3w Obcych\" \/>\n<meta property=\"article:modified_time\" content=\"2024-04-22T10:45:29+00:00\" \/>\n<meta name=\"twitter:label1\" content=\"Szacowany czas czytania\" \/>\n\t<meta name=\"twitter:data1\" content=\"1 minuta\" \/>\n<script type=\"application\/ld+json\" class=\"yoast-schema-graph\">{\"@context\":\"https:\/\/schema.org\",\"@graph\":[{\"@type\":\"WebPage\",\"@id\":\"https:\/\/pb.edu.pl\/sjo\/wydarzenia-sjo\/olimpiada-jezyka-angielskiego\/\",\"url\":\"https:\/\/pb.edu.pl\/sjo\/wydarzenia-sjo\/olimpiada-jezyka-angielskiego\/\",\"name\":\"Olimpiada J\u0119zyka Angielskiego - Studium J\u0119zyk\u00f3w Obcych\",\"isPartOf\":{\"@id\":\"https:\/\/pb.edu.pl\/sjo\/#website\"},\"datePublished\":\"2021-11-08T07:44:24+00:00\",\"dateModified\":\"2024-04-22T10:45:29+00:00\",\"description\":\"Politechnika Bia\u0142ostocka bierze udzia\u0142 w Olimpiadzie J\u0119zyka Angielskiego Wy\u017cszych Uczelni Technicznych&nbsp;organizowanej cyklicznie przez Centrum J\u0119zyk\u00f3w\",\"breadcrumb\":{\"@id\":\"https:\/\/pb.edu.pl\/sjo\/wydarzenia-sjo\/olimpiada-jezyka-angielskiego\/#breadcrumb\"},\"inLanguage\":\"pl-PL\",\"potentialAction\":[{\"@type\":\"ReadAction\",\"target\":[\"https:\/\/pb.edu.pl\/sjo\/wydarzenia-sjo\/olimpiada-jezyka-angielskiego\/\"]}]},{\"@type\":\"BreadcrumbList\",\"@id\":\"https:\/\/pb.edu.pl\/sjo\/wydarzenia-sjo\/olimpiada-jezyka-angielskiego\/#breadcrumb\",\"itemListElement\":[{\"@type\":\"ListItem\",\"position\":1,\"name\":\"Home\",\"item\":\"https:\/\/pb.edu.pl\/sjo\/\"},{\"@type\":\"ListItem\",\"position\":2,\"name\":\"Wydarzenia SJO\",\"item\":\"https:\/\/pb.edu.pl\/sjo\/wydarzenia-sjo\/\"},{\"@type\":\"ListItem\",\"position\":3,\"name\":\"Olimpiada J\u0119zyka Angielskiego\"}]},{\"@type\":\"WebSite\",\"@id\":\"https:\/\/pb.edu.pl\/sjo\/#website\",\"url\":\"https:\/\/pb.edu.pl\/sjo\/\",\"name\":\"Studium J\u0119zyk\u00f3w Obcych\",\"description\":\"\",\"potentialAction\":[{\"@type\":\"SearchAction\",\"target\":{\"@type\":\"EntryPoint\",\"urlTemplate\":\"https:\/\/pb.edu.pl\/sjo\/?s={search_term_string}\"},\"query-input\":{\"@type\":\"PropertyValueSpecification\",\"valueRequired\":true,\"valueName\":\"search_term_string\"}}],\"inLanguage\":\"pl-PL\"}]}<\/script>\n<!-- \/ Yoast SEO plugin. -->","yoast_head_json":{"title":"Olimpiada J\u0119zyka Angielskiego - Studium J\u0119zyk\u00f3w Obcych","description":"Politechnika Bia\u0142ostocka bierze udzia\u0142 w Olimpiadzie J\u0119zyka Angielskiego Wy\u017cszych Uczelni Technicznych&nbsp;organizowanej cyklicznie przez Centrum J\u0119zyk\u00f3w","robots":{"index":"index","follow":"follow","max-snippet":"max-snippet:-1","max-image-preview":"max-image-preview:large","max-video-preview":"max-video-preview:-1"},"canonical":"https:\/\/pb.edu.pl\/sjo\/wydarzenia-sjo\/olimpiada-jezyka-angielskiego\/","og_locale":"pl_PL","og_type":"article","og_title":"Olimpiada J\u0119zyka Angielskiego - Studium J\u0119zyk\u00f3w Obcych","og_description":"Politechnika Bia\u0142ostocka bierze udzia\u0142 w Olimpiadzie J\u0119zyka Angielskiego Wy\u017cszych Uczelni Technicznych&nbsp;organizowanej cyklicznie przez Centrum J\u0119zyk\u00f3w","og_url":"https:\/\/pb.edu.pl\/sjo\/wydarzenia-sjo\/olimpiada-jezyka-angielskiego\/","og_site_name":"Studium J\u0119zyk\u00f3w Obcych","article_modified_time":"2024-04-22T10:45:29+00:00","twitter_misc":{"Szacowany czas czytania":"1 minuta"},"schema":{"@context":"https:\/\/schema.org","@graph":[{"@type":"WebPage","@id":"https:\/\/pb.edu.pl\/sjo\/wydarzenia-sjo\/olimpiada-jezyka-angielskiego\/","url":"https:\/\/pb.edu.pl\/sjo\/wydarzenia-sjo\/olimpiada-jezyka-angielskiego\/","name":"Olimpiada J\u0119zyka Angielskiego - Studium J\u0119zyk\u00f3w Obcych","isPartOf":{"@id":"https:\/\/pb.edu.pl\/sjo\/#website"},"datePublished":"2021-11-08T07:44:24+00:00","dateModified":"2024-04-22T10:45:29+00:00","description":"Politechnika Bia\u0142ostocka bierze udzia\u0142 w Olimpiadzie J\u0119zyka Angielskiego Wy\u017cszych Uczelni Technicznych&nbsp;organizowanej cyklicznie przez Centrum J\u0119zyk\u00f3w","breadcrumb":{"@id":"https:\/\/pb.edu.pl\/sjo\/wydarzenia-sjo\/olimpiada-jezyka-angielskiego\/#breadcrumb"},"inLanguage":"pl-PL","potentialAction":[{"@type":"ReadAction","target":["https:\/\/pb.edu.pl\/sjo\/wydarzenia-sjo\/olimpiada-jezyka-angielskiego\/"]}]},{"@type":"BreadcrumbList","@id":"https:\/\/pb.edu.pl\/sjo\/wydarzenia-sjo\/olimpiada-jezyka-angielskiego\/#breadcrumb","itemListElement":[{"@type":"ListItem","position":1,"name":"Home","item":"https:\/\/pb.edu.pl\/sjo\/"},{"@type":"ListItem","position":2,"name":"Wydarzenia SJO","item":"https:\/\/pb.edu.pl\/sjo\/wydarzenia-sjo\/"},{"@type":"ListItem","position":3,"name":"Olimpiada J\u0119zyka Angielskiego"}]},{"@type":"WebSite","@id":"https:\/\/pb.edu.pl\/sjo\/#website","url":"https:\/\/pb.edu.pl\/sjo\/","name":"Studium J\u0119zyk\u00f3w Obcych","description":"","potentialAction":[{"@type":"SearchAction","target":{"@type":"EntryPoint","urlTemplate":"https:\/\/pb.edu.pl\/sjo\/?s={search_term_string}"},"query-input":{"@type":"PropertyValueSpecification","valueRequired":true,"valueName":"search_term_string"}}],"inLanguage":"pl-PL"}]}},"_links":{"self":[{"href":"https:\/\/pb.edu.pl\/sjo\/wp-json\/wp\/v2\/pages\/11261","targetHints":{"allow":["GET"]}}],"collection":[{"href":"https:\/\/pb.edu.pl\/sjo\/wp-json\/wp\/v2\/pages"}],"about":[{"href":"https:\/\/pb.edu.pl\/sjo\/wp-json\/wp\/v2\/types\/page"}],"author":[{"embeddable":true,"href":"https:\/\/pb.edu.pl\/sjo\/wp-json\/wp\/v2\/users\/38"}],"replies":[{"embeddable":true,"href":"https:\/\/pb.edu.pl\/sjo\/wp-json\/wp\/v2\/comments?post=11261"}],"version-history":[{"count":0,"href":"https:\/\/pb.edu.pl\/sjo\/wp-json\/wp\/v2\/pages\/11261\/revisions"}],"up":[{"embeddable":true,"href":"https:\/\/pb.edu.pl\/sjo\/wp-json\/wp\/v2\/pages\/10915"}],"wp:attachment":[{"href":"https:\/\/pb.edu.pl\/sjo\/wp-json\/wp\/v2\/media?parent=11261"}],"curies":[{"name":"wp","href":"https:\/\/api.w.org\/{rel}","templated":true}]}}