{"id":11208,"date":"2021-11-05T10:51:31","date_gmt":"2021-11-05T09:51:31","guid":{"rendered":"https:\/\/pb.edu.pl\/sjo\/?page_id=11208"},"modified":"2024-04-22T12:44:19","modified_gmt":"2024-04-22T10:44:19","slug":"erasmus-days","status":"publish","type":"page","link":"https:\/\/pb.edu.pl\/sjo\/wydarzenia-sjo\/erasmus-days\/","title":{"rendered":"Erasmus Days"},"content":{"rendered":"<p><img loading=\"lazy\" decoding=\"async\" class=\"alignleft wp-image-16846\" src=\"https:\/\/pb.edu.pl\/sjo\/wp-content\/uploads\/sites\/9\/2022\/10\/Kopia-15.09-e1664960046316.png\" alt=\"\" width=\"350\" height=\"293\">My\u015blisz o wyje\u017adzie na studia lub praktyk\u0119 w ramach programu Erasmus+, ale nie jeste\u015b pewien czy poradzisz sobie j\u0119zykowo?<\/p>\n<p>Biuro ds. Wsp\u00f3\u0142pracy Mi\u0119dzynarodowej organizuje co roku <strong>uczelniane Erasmus Days<\/strong>, podczas kt\u00f3rych zach\u0119ca do skorzystania z programu.<\/p>\n<p><strong>Studium J\u0119zyk\u00f3w Obcych<\/strong> bierze aktywny udzia\u0142 w promocji programu Erasmus+. Na naszym stoisku mo\u017cesz pozna\u0107 ofert\u0119 SJO, zagra\u0107 w gry j\u0119zykowe, spr\u00f3bowa\u0107 swoich si\u0142 w testach j\u0119zykowych czy porozmawia\u0107 z native\u2019m.<\/p>\n\t\t<div class=\"box news-box \">\n\t\t<div class=\"row\">\n\t\t\t\n\t\t\t\n\t\t\t\t\n\t\t\t\t\t\t\t\t\t\t<div class=\"col-sm-3\">\n\t\t\t\t\t\t\t\n<article class=\"format-standard\">\n    <span class=\"date text-right\"><i class=\"fal fa-calendar-alt\"><\/i> 01-04-2026<\/span>\n    <a href=\"https:\/\/pb.edu.pl\/sjo\/2026\/04\/01\/wizyta-studyjna-erasmus-w-tallinnie-budowanie-mostow-dla-zrownowazonej-i-innowacyjnej-edukacji\/\">\n      <div class=\"article-image\">\n        <img loading=\"lazy\" decoding=\"async\" width=\"480\" height=\"300\" src=\"https:\/\/pb.edu.pl\/sjo\/wp-content\/uploads\/sites\/9\/2026\/04\/Tallina-Ulikool-480x300.png\" class=\"attachment-medium-image-16x10 size-medium-image-16x10 wp-post-image\" alt=\"\" srcset=\"https:\/\/pb.edu.pl\/sjo\/wp-content\/uploads\/sites\/9\/2026\/04\/Tallina-Ulikool-480x300.png 480w, https:\/\/pb.edu.pl\/sjo\/wp-content\/uploads\/sites\/9\/2026\/04\/Tallina-Ulikool-300x188.png 300w, https:\/\/pb.edu.pl\/sjo\/wp-content\/uploads\/sites\/9\/2026\/04\/Tallina-Ulikool-1024x640.png 1024w, https:\/\/pb.edu.pl\/sjo\/wp-content\/uploads\/sites\/9\/2026\/04\/Tallina-Ulikool-768x480.png 768w, https:\/\/pb.edu.pl\/sjo\/wp-content\/uploads\/sites\/9\/2026\/04\/Tallina-Ulikool.png 1080w\" sizes=\"auto, (max-width: 480px) 100vw, 480px\" \/>      <\/div>\n      <h3>Wizyta studyjna Erasmus w Tallinnie: budowanie most\u00f3w dla zr\u00f3wnowa\u017conej i innowacyjnej edukacji<\/h3>\n      W ubieg\u0142ym tygodniu mgr Aniela Staszewska uczestniczy\u0142a w mobilno\u015bci pracowniczej Erasmus+    <\/a>\n<\/article>\t\t\t\t\t\t<\/div>\n\t\t\t\t\t\t\t\t\t\t\t<div class=\"col-sm-3\">\n\t\t\t\t\t\t\t\n<article class=\"format-standard\">\n    <span class=\"date text-right\"><i class=\"fal fa-calendar-alt\"><\/i> 17-06-2025<\/span>\n    <a href=\"https:\/\/pb.edu.pl\/sjo\/2025\/06\/17\/warsztaty-sjo-w-ramach-xiv-international-staff-week\/\">\n      <div class=\"article-image\">\n        <img loading=\"lazy\" decoding=\"async\" width=\"480\" height=\"300\" src=\"https:\/\/pb.edu.pl\/sjo\/wp-content\/uploads\/sites\/9\/2025\/06\/14ISW2025AJD-480x300.png\" class=\"attachment-medium-image-16x10 size-medium-image-16x10 wp-post-image\" alt=\"\" srcset=\"https:\/\/pb.edu.pl\/sjo\/wp-content\/uploads\/sites\/9\/2025\/06\/14ISW2025AJD-480x300.png 480w, https:\/\/pb.edu.pl\/sjo\/wp-content\/uploads\/sites\/9\/2025\/06\/14ISW2025AJD-300x188.png 300w, https:\/\/pb.edu.pl\/sjo\/wp-content\/uploads\/sites\/9\/2025\/06\/14ISW2025AJD-1024x640.png 1024w, https:\/\/pb.edu.pl\/sjo\/wp-content\/uploads\/sites\/9\/2025\/06\/14ISW2025AJD-768x480.png 768w, https:\/\/pb.edu.pl\/sjo\/wp-content\/uploads\/sites\/9\/2025\/06\/14ISW2025AJD.png 1080w\" sizes=\"auto, (max-width: 480px) 100vw, 480px\" \/>      <\/div>\n      <h3>Warsztaty SJO w ramach XIV International Staff Week<\/h3>\n      W dniach 9\u201313 czerwca 2025 r. Politechnika Bia\u0142ostocka po raz czternasty    <\/a>\n<\/article>\t\t\t\t\t\t<\/div>\n\t\t\t\t\t\t\t\t\t\t\t<div class=\"col-sm-3\">\n\t\t\t\t\t\t\t\n<article class=\"format-standard\">\n    <span class=\"date text-right\"><i class=\"fal fa-calendar-alt\"><\/i> 03-06-2025<\/span>\n    <a href=\"https:\/\/pb.edu.pl\/sjo\/2025\/06\/03\/wyjazd-dydaktyczny-do-escola-universitaria-salesiana-de-sarria-school-of-engineering-barcelona-hiszpania\/\">\n      <div class=\"article-image\">\n        <img loading=\"lazy\" decoding=\"async\" width=\"480\" height=\"300\" src=\"https:\/\/pb.edu.pl\/sjo\/wp-content\/uploads\/sites\/9\/2025\/06\/esp2025-480x300.png\" class=\"attachment-medium-image-16x10 size-medium-image-16x10 wp-post-image\" alt=\"\" srcset=\"https:\/\/pb.edu.pl\/sjo\/wp-content\/uploads\/sites\/9\/2025\/06\/esp2025-480x300.png 480w, https:\/\/pb.edu.pl\/sjo\/wp-content\/uploads\/sites\/9\/2025\/06\/esp2025-300x188.png 300w, https:\/\/pb.edu.pl\/sjo\/wp-content\/uploads\/sites\/9\/2025\/06\/esp2025-1024x640.png 1024w, https:\/\/pb.edu.pl\/sjo\/wp-content\/uploads\/sites\/9\/2025\/06\/esp2025-768x480.png 768w, https:\/\/pb.edu.pl\/sjo\/wp-content\/uploads\/sites\/9\/2025\/06\/esp2025.png 1080w\" sizes=\"auto, (max-width: 480px) 100vw, 480px\" \/>      <\/div>\n      <h3>Wyjazd dydaktyczny do Escola Universit\u00e0ria Salesiana de Sarri\u00e0\/School of Engineering, Barcelona, Hiszpania<\/h3>\n      W dniach 19.05.2025-23.05.2025 przedstawicielki SJO PB mgr Beata Falkowska i mgr    <\/a>\n<\/article>\t\t\t\t\t\t<\/div>\n\t\t\t\t\t\t\t\t\t\t\t<div class=\"col-sm-3\">\n\t\t\t\t\t\t\t\n<article class=\"format-standard\">\n    <span class=\"date text-right\"><i class=\"fal fa-calendar-alt\"><\/i> 28-05-2025<\/span>\n    <a href=\"https:\/\/pb.edu.pl\/sjo\/2025\/05\/28\/przedstawicielki-sjo-z-erasmusowa-wizyta-w-porto-i-vila-do-conde\/\">\n      <div class=\"article-image\">\n        <img loading=\"lazy\" decoding=\"async\" width=\"480\" height=\"300\" src=\"https:\/\/pb.edu.pl\/sjo\/wp-content\/uploads\/sites\/9\/2025\/05\/Porto2025-480x300.png\" class=\"attachment-medium-image-16x10 size-medium-image-16x10 wp-post-image\" alt=\"\" srcset=\"https:\/\/pb.edu.pl\/sjo\/wp-content\/uploads\/sites\/9\/2025\/05\/Porto2025-480x300.png 480w, https:\/\/pb.edu.pl\/sjo\/wp-content\/uploads\/sites\/9\/2025\/05\/Porto2025-300x188.png 300w, https:\/\/pb.edu.pl\/sjo\/wp-content\/uploads\/sites\/9\/2025\/05\/Porto2025-1024x640.png 1024w, https:\/\/pb.edu.pl\/sjo\/wp-content\/uploads\/sites\/9\/2025\/05\/Porto2025-768x480.png 768w, https:\/\/pb.edu.pl\/sjo\/wp-content\/uploads\/sites\/9\/2025\/05\/Porto2025.png 1080w\" sizes=\"auto, (max-width: 480px) 100vw, 480px\" \/>      <\/div>\n      <h3>Przedstawicielki SJO z Erasmusow\u0105 wizyt\u0105 w Porto i Vila do Conde<\/h3>\n      W dniach 19-23.05.2025 r. mgr Halina Bramska i dr Monika \u015aleszy\u0144ska    <\/a>\n<\/article>\t\t\t\t\t\t<\/div>\n\t\t\t\t\t\t\t\t\t\t\t<div class=\"col-sm-3\">\n\t\t\t\t\t\t\t\n<article class=\"format-standard\">\n    <span class=\"date text-right\"><i class=\"fal fa-calendar-alt\"><\/i> 24-04-2025<\/span>\n    <a href=\"https:\/\/pb.edu.pl\/sjo\/2025\/04\/24\/wymiana-nauczycielska-w-ramach-programu-erasmus-w-alcoy-w-hiszpanii-universitat-politecnica-de-valencia-upv-politechnika-w-walencji\/\">\n      <div class=\"article-image\">\n        <img loading=\"lazy\" decoding=\"async\" width=\"480\" height=\"300\" src=\"https:\/\/pb.edu.pl\/sjo\/wp-content\/uploads\/sites\/9\/2025\/04\/valencja-24.04.2025-480x300.png\" class=\"attachment-medium-image-16x10 size-medium-image-16x10 wp-post-image\" alt=\"\" srcset=\"https:\/\/pb.edu.pl\/sjo\/wp-content\/uploads\/sites\/9\/2025\/04\/valencja-24.04.2025-480x300.png 480w, https:\/\/pb.edu.pl\/sjo\/wp-content\/uploads\/sites\/9\/2025\/04\/valencja-24.04.2025-300x188.png 300w, https:\/\/pb.edu.pl\/sjo\/wp-content\/uploads\/sites\/9\/2025\/04\/valencja-24.04.2025-1024x640.png 1024w, https:\/\/pb.edu.pl\/sjo\/wp-content\/uploads\/sites\/9\/2025\/04\/valencja-24.04.2025-768x480.png 768w, https:\/\/pb.edu.pl\/sjo\/wp-content\/uploads\/sites\/9\/2025\/04\/valencja-24.04.2025.png 1080w\" sizes=\"auto, (max-width: 480px) 100vw, 480px\" \/>      <\/div>\n      <h3>Wymiana nauczycielska w ramach ERASMUS+ &#8211; Universitat Polit\u00e8cnica de Val\u00e8ncia (UPV)<\/h3>\n      Joanna Nazarko i Aniela Staszewska ze Studium J\u0119zyk\u00f3w Obcych, odwiedzi\u0142y Universitat    <\/a>\n<\/article>\t\t\t\t\t\t<\/div>\n\t\t\t\t\t\t\t\t\t\t\t<div class=\"col-sm-3\">\n\t\t\t\t\t\t\t\n<article class=\"format-standard\">\n    <span class=\"date text-right\"><i class=\"fal fa-calendar-alt\"><\/i> 10-12-2024<\/span>\n    <a href=\"https:\/\/pb.edu.pl\/sjo\/2024\/12\/10\/warsztaty-sjo-w-ramach-xiii-international-staff-week\/\">\n      <div class=\"article-image\">\n        <img loading=\"lazy\" decoding=\"async\" width=\"480\" height=\"300\" src=\"https:\/\/pb.edu.pl\/sjo\/wp-content\/uploads\/sites\/9\/2024\/12\/2024-12-03-ISW-cultural-stands-fot-Dariusz-Piekut-63-480x300.jpg\" class=\"attachment-medium-image-16x10 size-medium-image-16x10 wp-post-image\" alt=\"\" srcset=\"https:\/\/pb.edu.pl\/sjo\/wp-content\/uploads\/sites\/9\/2024\/12\/2024-12-03-ISW-cultural-stands-fot-Dariusz-Piekut-63-480x300.jpg 480w, https:\/\/pb.edu.pl\/sjo\/wp-content\/uploads\/sites\/9\/2024\/12\/2024-12-03-ISW-cultural-stands-fot-Dariusz-Piekut-63-300x188.jpg 300w, https:\/\/pb.edu.pl\/sjo\/wp-content\/uploads\/sites\/9\/2024\/12\/2024-12-03-ISW-cultural-stands-fot-Dariusz-Piekut-63-1024x640.jpg 1024w, https:\/\/pb.edu.pl\/sjo\/wp-content\/uploads\/sites\/9\/2024\/12\/2024-12-03-ISW-cultural-stands-fot-Dariusz-Piekut-63-768x480.jpg 768w, https:\/\/pb.edu.pl\/sjo\/wp-content\/uploads\/sites\/9\/2024\/12\/2024-12-03-ISW-cultural-stands-fot-Dariusz-Piekut-63-1536x960.jpg 1536w, https:\/\/pb.edu.pl\/sjo\/wp-content\/uploads\/sites\/9\/2024\/12\/2024-12-03-ISW-cultural-stands-fot-Dariusz-Piekut-63-2048x1280.jpg 2048w, https:\/\/pb.edu.pl\/sjo\/wp-content\/uploads\/sites\/9\/2024\/12\/2024-12-03-ISW-cultural-stands-fot-Dariusz-Piekut-63-e1733815791235.jpg 1080w\" sizes=\"auto, (max-width: 480px) 100vw, 480px\" \/>      <\/div>\n      <h3>Warsztaty SJO w ramach XIII International Staff Week<\/h3>\n      Nauczycielki SJO zorganizowa\u0142y warsztaty dla przedstawicieli uczelni partnerskich Politechniki Bia\u0142ostockiej z    <\/a>\n<\/article>\t\t\t\t\t\t<\/div>\n\t\t\t\t\t\t\t\t\t\t\t<div class=\"col-sm-3\">\n\t\t\t\t\t\t\t\n<article class=\"format-standard\">\n    <span class=\"date text-right\"><i class=\"fal fa-calendar-alt\"><\/i> 17-10-2024<\/span>\n    <a href=\"https:\/\/pb.edu.pl\/sjo\/2024\/10\/17\/warsztaty-jezykowe-hola-espanol-dzien-hiszpanski-erasmusdays-2024\/\">\n      <div class=\"article-image\">\n        <img loading=\"lazy\" decoding=\"async\" width=\"480\" height=\"300\" src=\"https:\/\/pb.edu.pl\/sjo\/wp-content\/uploads\/sites\/9\/2024\/10\/Erasmus-Days-2024-www-dzien-hiszpanski-po-evencie-480x300.png\" class=\"attachment-medium-image-16x10 size-medium-image-16x10 wp-post-image\" alt=\"\" srcset=\"https:\/\/pb.edu.pl\/sjo\/wp-content\/uploads\/sites\/9\/2024\/10\/Erasmus-Days-2024-www-dzien-hiszpanski-po-evencie-480x300.png 480w, https:\/\/pb.edu.pl\/sjo\/wp-content\/uploads\/sites\/9\/2024\/10\/Erasmus-Days-2024-www-dzien-hiszpanski-po-evencie-300x188.png 300w, https:\/\/pb.edu.pl\/sjo\/wp-content\/uploads\/sites\/9\/2024\/10\/Erasmus-Days-2024-www-dzien-hiszpanski-po-evencie-1024x640.png 1024w, https:\/\/pb.edu.pl\/sjo\/wp-content\/uploads\/sites\/9\/2024\/10\/Erasmus-Days-2024-www-dzien-hiszpanski-po-evencie-768x480.png 768w, https:\/\/pb.edu.pl\/sjo\/wp-content\/uploads\/sites\/9\/2024\/10\/Erasmus-Days-2024-www-dzien-hiszpanski-po-evencie.png 1080w\" sizes=\"auto, (max-width: 480px) 100vw, 480px\" \/>      <\/div>\n      <h3>Warsztaty j\u0119zykowe Hola Espa\u00f1ol &#8211; Dzie\u0144 Hiszpa\u0144ski #ErasmusDays 2024<\/h3>\n      Bardzo dzi\u0119kujemy za udzia\u0142 w prowadzonych przez mgr Violett\u0119 Grabi\u0144sk\u0105 w    <\/a>\n<\/article>\t\t\t\t\t\t<\/div>\n\t\t\t\t\t\t\t\t\t\t\t<div class=\"col-sm-3\">\n\t\t\t\t\t\t\t\n<article class=\"format-standard\">\n    <span class=\"date text-right\"><i class=\"fal fa-calendar-alt\"><\/i> 15-10-2024<\/span>\n    <a href=\"https:\/\/pb.edu.pl\/sjo\/2024\/10\/15\/studium-jezykow-obcych-na-erasmus-days-2024\/\">\n      <div class=\"article-image\">\n        <img loading=\"lazy\" decoding=\"async\" width=\"480\" height=\"300\" src=\"https:\/\/pb.edu.pl\/sjo\/wp-content\/uploads\/sites\/9\/2024\/10\/Erasmus-Days-2024-po-evencie-www-480x300.png\" class=\"attachment-medium-image-16x10 size-medium-image-16x10 wp-post-image\" alt=\"\" srcset=\"https:\/\/pb.edu.pl\/sjo\/wp-content\/uploads\/sites\/9\/2024\/10\/Erasmus-Days-2024-po-evencie-www-480x300.png 480w, https:\/\/pb.edu.pl\/sjo\/wp-content\/uploads\/sites\/9\/2024\/10\/Erasmus-Days-2024-po-evencie-www-300x188.png 300w, https:\/\/pb.edu.pl\/sjo\/wp-content\/uploads\/sites\/9\/2024\/10\/Erasmus-Days-2024-po-evencie-www-1024x640.png 1024w, https:\/\/pb.edu.pl\/sjo\/wp-content\/uploads\/sites\/9\/2024\/10\/Erasmus-Days-2024-po-evencie-www-768x480.png 768w, https:\/\/pb.edu.pl\/sjo\/wp-content\/uploads\/sites\/9\/2024\/10\/Erasmus-Days-2024-po-evencie-www.png 1080w\" sizes=\"auto, (max-width: 480px) 100vw, 480px\" \/>      <\/div>\n      <h3>Studium J\u0119zyk\u00f3w Obcych na #Erasmus Days 2024<\/h3>\n      W poniedzia\u0142ek go\u015bcili\u015bmy Was na naszym stoisku podczas #ErasmusDays 2024 w    <\/a>\n<\/article>\t\t\t\t\t\t<\/div>\n\t\t\t\t\t\t\t\t\t\t\t<div class=\"col-sm-3\">\n\t\t\t\t\t\t\t\n<article class=\"format-standard\">\n    <span class=\"date text-right\"><i class=\"fal fa-calendar-alt\"><\/i> 15-05-2024<\/span>\n    <a href=\"https:\/\/pb.edu.pl\/sjo\/2024\/05\/15\/wymiana-nauczycieli-w-ramach-programu-erasmus-w-escola-universitaria-de-sarria-hiszpania\/\">\n      <div class=\"article-image\">\n        <img loading=\"lazy\" decoding=\"async\" width=\"480\" height=\"300\" src=\"https:\/\/pb.edu.pl\/sjo\/wp-content\/uploads\/sites\/9\/2024\/05\/1-480x300.png\" class=\"attachment-medium-image-16x10 size-medium-image-16x10 wp-post-image\" alt=\"\" srcset=\"https:\/\/pb.edu.pl\/sjo\/wp-content\/uploads\/sites\/9\/2024\/05\/1-480x300.png 480w, https:\/\/pb.edu.pl\/sjo\/wp-content\/uploads\/sites\/9\/2024\/05\/1-300x188.png 300w, https:\/\/pb.edu.pl\/sjo\/wp-content\/uploads\/sites\/9\/2024\/05\/1-1024x640.png 1024w, https:\/\/pb.edu.pl\/sjo\/wp-content\/uploads\/sites\/9\/2024\/05\/1-768x480.png 768w, https:\/\/pb.edu.pl\/sjo\/wp-content\/uploads\/sites\/9\/2024\/05\/1.png 1080w\" sizes=\"auto, (max-width: 480px) 100vw, 480px\" \/>      <\/div>\n      <h3>Wymiana nauczycieli w ramach programu Erasmus+ w Universit\u00e0ria Salesiana de Sarri\u00e0, Hiszpania<\/h3>\n      W dniach 6-10 maja 2024 r. uczestniczy\u0142am w programie Erasmus+ w    <\/a>\n<\/article>\t\t\t\t\t\t<\/div>\n\t\t\t\t\t\t\t\t\t\t\t<div class=\"col-sm-3\">\n\t\t\t\t\t\t\t\n<article class=\"format-standard\">\n    <span class=\"date text-right\"><i class=\"fal fa-calendar-alt\"><\/i> 09-05-2024<\/span>\n    <a href=\"https:\/\/pb.edu.pl\/sjo\/2024\/05\/09\/25832\/\">\n      <div class=\"article-image\">\n        <img loading=\"lazy\" decoding=\"async\" width=\"480\" height=\"300\" src=\"https:\/\/pb.edu.pl\/sjo\/wp-content\/uploads\/sites\/9\/2024\/05\/2-480x300.png\" class=\"attachment-medium-image-16x10 size-medium-image-16x10 wp-post-image\" alt=\"\" srcset=\"https:\/\/pb.edu.pl\/sjo\/wp-content\/uploads\/sites\/9\/2024\/05\/2-480x300.png 480w, https:\/\/pb.edu.pl\/sjo\/wp-content\/uploads\/sites\/9\/2024\/05\/2-300x188.png 300w, https:\/\/pb.edu.pl\/sjo\/wp-content\/uploads\/sites\/9\/2024\/05\/2-1024x640.png 1024w, https:\/\/pb.edu.pl\/sjo\/wp-content\/uploads\/sites\/9\/2024\/05\/2-768x480.png 768w, https:\/\/pb.edu.pl\/sjo\/wp-content\/uploads\/sites\/9\/2024\/05\/2.png 1080w\" sizes=\"auto, (max-width: 480px) 100vw, 480px\" \/>      <\/div>\n      <h3>Przedstawicielka SJO PB odwiedzi\u0142a Escola Universit\u00e0ria Salesiana de Sarri\u00e0<\/h3>\n      W dniach 22-26.04 2024 mgr Joanna Nazarko ze Studium J\u0119zyk\u00f3w Obcych    <\/a>\n<\/article>\t\t\t\t\t\t<\/div>\n\t\t\t\t\t\t\t\t\t\t\t<div class=\"col-sm-3\">\n\t\t\t\t\t\t\t\n<article class=\"format-standard\">\n    <span class=\"date text-right\"><i class=\"fal fa-calendar-alt\"><\/i> 20-10-2021<\/span>\n    <a href=\"https:\/\/pb.edu.pl\/sjo\/2021\/10\/20\/relacja-z-erasmus-days-2021\/\">\n      <div class=\"article-image\">\n        <img loading=\"lazy\" decoding=\"async\" width=\"480\" height=\"300\" src=\"https:\/\/pb.edu.pl\/sjo\/wp-content\/uploads\/sites\/9\/2021\/10\/2-480x300.jpeg\" class=\"attachment-medium-image-16x10 size-medium-image-16x10 wp-post-image\" alt=\"\" \/>      <\/div>\n      <h3>Relacja z Erasmus Days 2021<\/h3>\n      &nbsp; 15 pa\u017adziernika 2021r. Studium J\u0119zyk\u00f3w Obcych wzi\u0119\u0142o udzia\u0142 w wydarzeniu    <\/a>\n<\/article>\t\t\t\t\t\t<\/div>\n\t\t\t\t\t\n\t\t\t\t\n\t\t\t\t\t<\/div>\n\t\t\t\t\t<\/div>\n\n","protected":false},"excerpt":{"rendered":"<p>My\u015blisz o wyje\u017adzie na studia lub praktyk\u0119 w ramach programu Erasmus+, ale nie jeste\u015b pewien<\/p>\n","protected":false},"author":38,"featured_media":16846,"parent":10915,"menu_order":0,"comment_status":"closed","ping_status":"closed","template":"","meta":{"_acf_changed":false,"ngg_post_thumbnail":0,"footnotes":""},"class_list":["post-11208","page","type-page","status-publish","has-post-thumbnail","hentry"],"acf":[],"yoast_head":"<!-- This site is optimized with the Yoast SEO plugin v27.0 - https:\/\/yoast.com\/product\/yoast-seo-wordpress\/ -->\n<title>Erasmus Days - Studium J\u0119zyk\u00f3w Obcych<\/title>\n<meta name=\"description\" content=\"My\u015blisz o wyje\u017adzie na studia lub praktyk\u0119 w ramach programu Erasmus+, ale nie jeste\u015b pewien czy poradzisz sobie j\u0119zykowo? Biuro ds. Wsp\u00f3\u0142pracy\" \/>\n<meta name=\"robots\" content=\"index, follow, max-snippet:-1, max-image-preview:large, max-video-preview:-1\" \/>\n<link rel=\"canonical\" href=\"https:\/\/pb.edu.pl\/sjo\/wydarzenia-sjo\/erasmus-days\/\" \/>\n<meta property=\"og:locale\" content=\"pl_PL\" \/>\n<meta property=\"og:type\" content=\"article\" \/>\n<meta property=\"og:title\" content=\"Erasmus Days - Studium J\u0119zyk\u00f3w Obcych\" \/>\n<meta property=\"og:description\" content=\"My\u015blisz o wyje\u017adzie na studia lub praktyk\u0119 w ramach programu Erasmus+, ale nie jeste\u015b pewien czy poradzisz sobie j\u0119zykowo? Biuro ds. Wsp\u00f3\u0142pracy\" \/>\n<meta property=\"og:url\" content=\"https:\/\/pb.edu.pl\/sjo\/wydarzenia-sjo\/erasmus-days\/\" \/>\n<meta property=\"og:site_name\" content=\"Studium J\u0119zyk\u00f3w Obcych\" \/>\n<meta property=\"article:modified_time\" content=\"2024-04-22T10:44:19+00:00\" \/>\n<meta property=\"og:image\" content=\"https:\/\/pb.edu.pl\/sjo\/wp-content\/uploads\/sites\/9\/2022\/10\/Kopia-15.09-e1664960046316.png\" \/>\n\t<meta property=\"og:image:width\" content=\"798\" \/>\n\t<meta property=\"og:image:height\" content=\"533\" \/>\n\t<meta property=\"og:image:type\" content=\"image\/png\" \/>\n<meta name=\"twitter:label1\" content=\"Szacowany czas czytania\" \/>\n\t<meta name=\"twitter:data1\" content=\"1 minuta\" \/>\n<script type=\"application\/ld+json\" class=\"yoast-schema-graph\">{\"@context\":\"https:\/\/schema.org\",\"@graph\":[{\"@type\":\"WebPage\",\"@id\":\"https:\/\/pb.edu.pl\/sjo\/wydarzenia-sjo\/erasmus-days\/\",\"url\":\"https:\/\/pb.edu.pl\/sjo\/wydarzenia-sjo\/erasmus-days\/\",\"name\":\"Erasmus Days - Studium J\u0119zyk\u00f3w Obcych\",\"isPartOf\":{\"@id\":\"https:\/\/pb.edu.pl\/sjo\/#website\"},\"primaryImageOfPage\":{\"@id\":\"https:\/\/pb.edu.pl\/sjo\/wydarzenia-sjo\/erasmus-days\/#primaryimage\"},\"image\":{\"@id\":\"https:\/\/pb.edu.pl\/sjo\/wydarzenia-sjo\/erasmus-days\/#primaryimage\"},\"thumbnailUrl\":\"https:\/\/pb.edu.pl\/sjo\/wp-content\/uploads\/sites\/9\/2022\/10\/Kopia-15.09-e1664960046316.png\",\"datePublished\":\"2021-11-05T09:51:31+00:00\",\"dateModified\":\"2024-04-22T10:44:19+00:00\",\"description\":\"My\u015blisz o wyje\u017adzie na studia lub praktyk\u0119 w ramach programu Erasmus+, ale nie jeste\u015b pewien czy poradzisz sobie j\u0119zykowo? Biuro ds. Wsp\u00f3\u0142pracy\",\"breadcrumb\":{\"@id\":\"https:\/\/pb.edu.pl\/sjo\/wydarzenia-sjo\/erasmus-days\/#breadcrumb\"},\"inLanguage\":\"pl-PL\",\"potentialAction\":[{\"@type\":\"ReadAction\",\"target\":[\"https:\/\/pb.edu.pl\/sjo\/wydarzenia-sjo\/erasmus-days\/\"]}]},{\"@type\":\"ImageObject\",\"inLanguage\":\"pl-PL\",\"@id\":\"https:\/\/pb.edu.pl\/sjo\/wydarzenia-sjo\/erasmus-days\/#primaryimage\",\"url\":\"https:\/\/pb.edu.pl\/sjo\/wp-content\/uploads\/sites\/9\/2022\/10\/Kopia-15.09-e1664960046316.png\",\"contentUrl\":\"https:\/\/pb.edu.pl\/sjo\/wp-content\/uploads\/sites\/9\/2022\/10\/Kopia-15.09-e1664960046316.png\",\"width\":798,\"height\":533},{\"@type\":\"BreadcrumbList\",\"@id\":\"https:\/\/pb.edu.pl\/sjo\/wydarzenia-sjo\/erasmus-days\/#breadcrumb\",\"itemListElement\":[{\"@type\":\"ListItem\",\"position\":1,\"name\":\"Home\",\"item\":\"https:\/\/pb.edu.pl\/sjo\/\"},{\"@type\":\"ListItem\",\"position\":2,\"name\":\"Wydarzenia SJO\",\"item\":\"https:\/\/pb.edu.pl\/sjo\/wydarzenia-sjo\/\"},{\"@type\":\"ListItem\",\"position\":3,\"name\":\"Erasmus Days\"}]},{\"@type\":\"WebSite\",\"@id\":\"https:\/\/pb.edu.pl\/sjo\/#website\",\"url\":\"https:\/\/pb.edu.pl\/sjo\/\",\"name\":\"Studium J\u0119zyk\u00f3w Obcych\",\"description\":\"\",\"potentialAction\":[{\"@type\":\"SearchAction\",\"target\":{\"@type\":\"EntryPoint\",\"urlTemplate\":\"https:\/\/pb.edu.pl\/sjo\/?s={search_term_string}\"},\"query-input\":{\"@type\":\"PropertyValueSpecification\",\"valueRequired\":true,\"valueName\":\"search_term_string\"}}],\"inLanguage\":\"pl-PL\"}]}<\/script>\n<!-- \/ Yoast SEO plugin. -->","yoast_head_json":{"title":"Erasmus Days - Studium J\u0119zyk\u00f3w Obcych","description":"My\u015blisz o wyje\u017adzie na studia lub praktyk\u0119 w ramach programu Erasmus+, ale nie jeste\u015b pewien czy poradzisz sobie j\u0119zykowo? Biuro ds. Wsp\u00f3\u0142pracy","robots":{"index":"index","follow":"follow","max-snippet":"max-snippet:-1","max-image-preview":"max-image-preview:large","max-video-preview":"max-video-preview:-1"},"canonical":"https:\/\/pb.edu.pl\/sjo\/wydarzenia-sjo\/erasmus-days\/","og_locale":"pl_PL","og_type":"article","og_title":"Erasmus Days - Studium J\u0119zyk\u00f3w Obcych","og_description":"My\u015blisz o wyje\u017adzie na studia lub praktyk\u0119 w ramach programu Erasmus+, ale nie jeste\u015b pewien czy poradzisz sobie j\u0119zykowo? Biuro ds. Wsp\u00f3\u0142pracy","og_url":"https:\/\/pb.edu.pl\/sjo\/wydarzenia-sjo\/erasmus-days\/","og_site_name":"Studium J\u0119zyk\u00f3w Obcych","article_modified_time":"2024-04-22T10:44:19+00:00","og_image":[{"width":798,"height":533,"url":"https:\/\/pb.edu.pl\/sjo\/wp-content\/uploads\/sites\/9\/2022\/10\/Kopia-15.09-e1664960046316.png","type":"image\/png"}],"twitter_misc":{"Szacowany czas czytania":"1 minuta"},"schema":{"@context":"https:\/\/schema.org","@graph":[{"@type":"WebPage","@id":"https:\/\/pb.edu.pl\/sjo\/wydarzenia-sjo\/erasmus-days\/","url":"https:\/\/pb.edu.pl\/sjo\/wydarzenia-sjo\/erasmus-days\/","name":"Erasmus Days - Studium J\u0119zyk\u00f3w Obcych","isPartOf":{"@id":"https:\/\/pb.edu.pl\/sjo\/#website"},"primaryImageOfPage":{"@id":"https:\/\/pb.edu.pl\/sjo\/wydarzenia-sjo\/erasmus-days\/#primaryimage"},"image":{"@id":"https:\/\/pb.edu.pl\/sjo\/wydarzenia-sjo\/erasmus-days\/#primaryimage"},"thumbnailUrl":"https:\/\/pb.edu.pl\/sjo\/wp-content\/uploads\/sites\/9\/2022\/10\/Kopia-15.09-e1664960046316.png","datePublished":"2021-11-05T09:51:31+00:00","dateModified":"2024-04-22T10:44:19+00:00","description":"My\u015blisz o wyje\u017adzie na studia lub praktyk\u0119 w ramach programu Erasmus+, ale nie jeste\u015b pewien czy poradzisz sobie j\u0119zykowo? Biuro ds. Wsp\u00f3\u0142pracy","breadcrumb":{"@id":"https:\/\/pb.edu.pl\/sjo\/wydarzenia-sjo\/erasmus-days\/#breadcrumb"},"inLanguage":"pl-PL","potentialAction":[{"@type":"ReadAction","target":["https:\/\/pb.edu.pl\/sjo\/wydarzenia-sjo\/erasmus-days\/"]}]},{"@type":"ImageObject","inLanguage":"pl-PL","@id":"https:\/\/pb.edu.pl\/sjo\/wydarzenia-sjo\/erasmus-days\/#primaryimage","url":"https:\/\/pb.edu.pl\/sjo\/wp-content\/uploads\/sites\/9\/2022\/10\/Kopia-15.09-e1664960046316.png","contentUrl":"https:\/\/pb.edu.pl\/sjo\/wp-content\/uploads\/sites\/9\/2022\/10\/Kopia-15.09-e1664960046316.png","width":798,"height":533},{"@type":"BreadcrumbList","@id":"https:\/\/pb.edu.pl\/sjo\/wydarzenia-sjo\/erasmus-days\/#breadcrumb","itemListElement":[{"@type":"ListItem","position":1,"name":"Home","item":"https:\/\/pb.edu.pl\/sjo\/"},{"@type":"ListItem","position":2,"name":"Wydarzenia SJO","item":"https:\/\/pb.edu.pl\/sjo\/wydarzenia-sjo\/"},{"@type":"ListItem","position":3,"name":"Erasmus Days"}]},{"@type":"WebSite","@id":"https:\/\/pb.edu.pl\/sjo\/#website","url":"https:\/\/pb.edu.pl\/sjo\/","name":"Studium J\u0119zyk\u00f3w Obcych","description":"","potentialAction":[{"@type":"SearchAction","target":{"@type":"EntryPoint","urlTemplate":"https:\/\/pb.edu.pl\/sjo\/?s={search_term_string}"},"query-input":{"@type":"PropertyValueSpecification","valueRequired":true,"valueName":"search_term_string"}}],"inLanguage":"pl-PL"}]}},"_links":{"self":[{"href":"https:\/\/pb.edu.pl\/sjo\/wp-json\/wp\/v2\/pages\/11208","targetHints":{"allow":["GET"]}}],"collection":[{"href":"https:\/\/pb.edu.pl\/sjo\/wp-json\/wp\/v2\/pages"}],"about":[{"href":"https:\/\/pb.edu.pl\/sjo\/wp-json\/wp\/v2\/types\/page"}],"author":[{"embeddable":true,"href":"https:\/\/pb.edu.pl\/sjo\/wp-json\/wp\/v2\/users\/38"}],"replies":[{"embeddable":true,"href":"https:\/\/pb.edu.pl\/sjo\/wp-json\/wp\/v2\/comments?post=11208"}],"version-history":[{"count":0,"href":"https:\/\/pb.edu.pl\/sjo\/wp-json\/wp\/v2\/pages\/11208\/revisions"}],"up":[{"embeddable":true,"href":"https:\/\/pb.edu.pl\/sjo\/wp-json\/wp\/v2\/pages\/10915"}],"wp:featuredmedia":[{"embeddable":true,"href":"https:\/\/pb.edu.pl\/sjo\/wp-json\/wp\/v2\/media\/16846"}],"wp:attachment":[{"href":"https:\/\/pb.edu.pl\/sjo\/wp-json\/wp\/v2\/media?parent=11208"}],"curies":[{"name":"wp","href":"https:\/\/api.w.org\/{rel}","templated":true}]}}