{"id":11,"date":"2017-11-11T17:23:20","date_gmt":"2017-11-11T16:23:20","guid":{"rendered":"https:\/\/pb.edu.pl\/sjo\/?page_id=11"},"modified":"2025-10-22T10:46:16","modified_gmt":"2025-10-22T08:46:16","slug":"studium-jezykow-obcych","status":"publish","type":"page","link":"https:\/\/pb.edu.pl\/sjo\/","title":{"rendered":"Studium J\u0119zyk\u00f3w Obcych"},"content":{"rendered":"<div class=\"img-full\"><img loading=\"lazy\" decoding=\"async\" class=\"size-full wp-image-11017\" src=\"\/sjo\/wp-content\/uploads\/sites\/9\/2021\/11\/kursy-jezykowe-1.png\" alt=\"Baner\" width=\"1920\" height=\"450\"><\/div>\n<div class=\"row\">\n<div class=\"col-md-12\">\n<div class=\"image\"><a href=\"https:\/\/pb.edu.pl\/sjo\/to-musisz-wiedziec-o-lektoracie\/\" target=\"_blank\" rel=\"noopener noreferrer\"><img decoding=\"async\" class=\"alignleft\" src=\"https:\/\/pb.edu.pl\/sjo\/wp-content\/uploads\/sites\/9\/2023\/10\/to-musisz-wiedziec-1140-x-65-px1.png\" alt=\"\"><\/a><\/div>\n<div id=\"aktualnosci\" class=\"href\">&nbsp;<\/div>\n<\/div>\n<\/div>\n<h2 style=\"font-size: 3rem\"><a style=\"text-decoration: none\" title=\"poka\u017c wszystkie\" href=\"\/sjo\/aktualnosci\/\">Aktualno\u015bci <i class=\"fa fa-caret-right\" aria-hidden=\"true\"><\/i><\/a><\/h2>\n\t\t<div class=\"box news-box \">\n\t\t<div class=\"row\">\n\t\t\t\n\t\t\t\n\t\t\t\t\n\t\t\t\t\t\t\t\t\t\t<div class=\"col-sm-3\">\n\t\t\t\t\t\t\t\n<article class=\"format-standard\">\n    <span class=\"date text-right\"><i class=\"fal fa-calendar-alt\"><\/i> 02-04-2026<\/span>\n    <a href=\"https:\/\/pb.edu.pl\/sjo\/2026\/04\/02\/szkola-letnia-bup-science-and-sail-2026\/\">\n      <div class=\"article-image\">\n        <img loading=\"lazy\" decoding=\"async\" width=\"480\" height=\"300\" src=\"https:\/\/pb.edu.pl\/sjo\/wp-content\/uploads\/sites\/9\/2026\/04\/BUP-April-2026-480x300.png\" class=\"attachment-medium-image-16x10 size-medium-image-16x10 wp-post-image\" alt=\"\" srcset=\"https:\/\/pb.edu.pl\/sjo\/wp-content\/uploads\/sites\/9\/2026\/04\/BUP-April-2026-480x300.png 480w, https:\/\/pb.edu.pl\/sjo\/wp-content\/uploads\/sites\/9\/2026\/04\/BUP-April-2026-300x188.png 300w, https:\/\/pb.edu.pl\/sjo\/wp-content\/uploads\/sites\/9\/2026\/04\/BUP-April-2026-1024x640.png 1024w, https:\/\/pb.edu.pl\/sjo\/wp-content\/uploads\/sites\/9\/2026\/04\/BUP-April-2026-768x480.png 768w, https:\/\/pb.edu.pl\/sjo\/wp-content\/uploads\/sites\/9\/2026\/04\/BUP-April-2026.png 1080w\" sizes=\"auto, (max-width: 480px) 100vw, 480px\" \/>      <\/div>\n      <h3>Szko\u0142a Letnia BUP Science and Sail 2026<\/h3>\n      This BUP summer school has a focus on the Baltic Sea    <\/a>\n<\/article>\t\t\t\t\t\t<\/div>\n\t\t\t\t\t\t\t\t\t\t\t<div class=\"col-sm-3\">\n\t\t\t\t\t\t\t\n<article class=\"format-standard\">\n    <span class=\"date text-right\"><i class=\"fal fa-calendar-alt\"><\/i> 01-04-2026<\/span>\n    <a href=\"https:\/\/pb.edu.pl\/sjo\/2026\/04\/01\/wizyta-studyjna-erasmus-w-tallinnie-budowanie-mostow-dla-zrownowazonej-i-innowacyjnej-edukacji\/\">\n      <div class=\"article-image\">\n        <img loading=\"lazy\" decoding=\"async\" width=\"480\" height=\"300\" src=\"https:\/\/pb.edu.pl\/sjo\/wp-content\/uploads\/sites\/9\/2026\/04\/Tallina-Ulikool-480x300.png\" class=\"attachment-medium-image-16x10 size-medium-image-16x10 wp-post-image\" alt=\"\" srcset=\"https:\/\/pb.edu.pl\/sjo\/wp-content\/uploads\/sites\/9\/2026\/04\/Tallina-Ulikool-480x300.png 480w, https:\/\/pb.edu.pl\/sjo\/wp-content\/uploads\/sites\/9\/2026\/04\/Tallina-Ulikool-300x188.png 300w, https:\/\/pb.edu.pl\/sjo\/wp-content\/uploads\/sites\/9\/2026\/04\/Tallina-Ulikool-1024x640.png 1024w, https:\/\/pb.edu.pl\/sjo\/wp-content\/uploads\/sites\/9\/2026\/04\/Tallina-Ulikool-768x480.png 768w, https:\/\/pb.edu.pl\/sjo\/wp-content\/uploads\/sites\/9\/2026\/04\/Tallina-Ulikool.png 1080w\" sizes=\"auto, (max-width: 480px) 100vw, 480px\" \/>      <\/div>\n      <h3>Wizyta studyjna Erasmus w Tallinnie: budowanie most\u00f3w dla zr\u00f3wnowa\u017conej i innowacyjnej edukacji<\/h3>\n      W ubieg\u0142ym tygodniu mgr Aniela Staszewska uczestniczy\u0142a w mobilno\u015bci pracowniczej Erasmus+    <\/a>\n<\/article>\t\t\t\t\t\t<\/div>\n\t\t\t\t\t\t\t\t\t\t\t<div class=\"col-sm-3\">\n\t\t\t\t\t\t\t\n<article class=\"format-standard\">\n    <span class=\"date text-right\"><i class=\"fal fa-calendar-alt\"><\/i> 24-03-2026<\/span>\n    <a href=\"https:\/\/pb.edu.pl\/sjo\/2026\/03\/24\/wez-udzial-w-konkursie-a-story-in-one-moment\/\">\n      <div class=\"article-image\">\n        <img loading=\"lazy\" decoding=\"async\" width=\"480\" height=\"300\" src=\"https:\/\/pb.edu.pl\/sjo\/wp-content\/uploads\/sites\/9\/2026\/03\/konkurs-foto-2026-box-wydarzenia-480x300.png\" class=\"attachment-medium-image-16x10 size-medium-image-16x10 wp-post-image\" alt=\"\" srcset=\"https:\/\/pb.edu.pl\/sjo\/wp-content\/uploads\/sites\/9\/2026\/03\/konkurs-foto-2026-box-wydarzenia-480x300.png 480w, https:\/\/pb.edu.pl\/sjo\/wp-content\/uploads\/sites\/9\/2026\/03\/konkurs-foto-2026-box-wydarzenia-300x188.png 300w, https:\/\/pb.edu.pl\/sjo\/wp-content\/uploads\/sites\/9\/2026\/03\/konkurs-foto-2026-box-wydarzenia-1024x640.png 1024w, https:\/\/pb.edu.pl\/sjo\/wp-content\/uploads\/sites\/9\/2026\/03\/konkurs-foto-2026-box-wydarzenia-768x480.png 768w, https:\/\/pb.edu.pl\/sjo\/wp-content\/uploads\/sites\/9\/2026\/03\/konkurs-foto-2026-box-wydarzenia.png 1080w\" sizes=\"auto, (max-width: 480px) 100vw, 480px\" \/>      <\/div>\n      <h3>We\u017a udzia\u0142 w konkursie \u201eA story in one moment\u201d<\/h3>\n      Jedno zdj\u0119cie, jeden moment \u2013 a za nim ca\u0142a historia. Studium    <\/a>\n<\/article>\t\t\t\t\t\t<\/div>\n\t\t\t\t\t\t\t\t\t\t\t<div class=\"col-sm-3\">\n\t\t\t\t\t\t\t\n<article class=\"format-standard\">\n    <span class=\"date text-right\"><i class=\"fal fa-calendar-alt\"><\/i> 23-03-2026<\/span>\n    <a href=\"https:\/\/pb.edu.pl\/sjo\/2026\/03\/23\/dzien-otwarty-politechniki-bialostockiej-2026-juz-za-nami\/\">\n      <div class=\"article-image\">\n        <img loading=\"lazy\" decoding=\"async\" width=\"480\" height=\"300\" src=\"https:\/\/pb.edu.pl\/sjo\/wp-content\/uploads\/sites\/9\/2026\/03\/dzien-otwarty-pb-2026-480x300.png\" class=\"attachment-medium-image-16x10 size-medium-image-16x10 wp-post-image\" alt=\"\" srcset=\"https:\/\/pb.edu.pl\/sjo\/wp-content\/uploads\/sites\/9\/2026\/03\/dzien-otwarty-pb-2026-480x300.png 480w, https:\/\/pb.edu.pl\/sjo\/wp-content\/uploads\/sites\/9\/2026\/03\/dzien-otwarty-pb-2026-300x188.png 300w, https:\/\/pb.edu.pl\/sjo\/wp-content\/uploads\/sites\/9\/2026\/03\/dzien-otwarty-pb-2026-1024x640.png 1024w, https:\/\/pb.edu.pl\/sjo\/wp-content\/uploads\/sites\/9\/2026\/03\/dzien-otwarty-pb-2026-768x480.png 768w, https:\/\/pb.edu.pl\/sjo\/wp-content\/uploads\/sites\/9\/2026\/03\/dzien-otwarty-pb-2026.png 1080w\" sizes=\"auto, (max-width: 480px) 100vw, 480px\" \/>      <\/div>\n      <h3>Dzie\u0144 Otwarty Politechniki Bia\u0142ostockiej 2026 ju\u017c za nami!<\/h3>\n      Studium J\u0119zyk\u00f3w Obcych tradycyjnie w\u0142\u0105czy\u0142o si\u0119 w to wydarzenie, przygotowuj\u0105c dla    <\/a>\n<\/article>\t\t\t\t\t\t<\/div>\n\t\t\t\t\t\t\t\t\t\t\t<div class=\"col-sm-3\">\n\t\t\t\t\t\t\t\n<article class=\"format-standard\">\n    <span class=\"date text-right\"><i class=\"fal fa-calendar-alt\"><\/i> 09-03-2026<\/span>\n    <a href=\"https:\/\/pb.edu.pl\/sjo\/2026\/03\/09\/baltic-university-programme-w-maju-i-czerwcu-konferencje-i-szkola-letnia-dla-doktorantow\/\">\n      <div class=\"article-image\">\n        <img loading=\"lazy\" decoding=\"async\" width=\"480\" height=\"300\" src=\"https:\/\/pb.edu.pl\/sjo\/wp-content\/uploads\/sites\/9\/2026\/03\/BUP-03.2026-480x300.png\" class=\"attachment-medium-image-16x10 size-medium-image-16x10 wp-post-image\" alt=\"\" srcset=\"https:\/\/pb.edu.pl\/sjo\/wp-content\/uploads\/sites\/9\/2026\/03\/BUP-03.2026-480x300.png 480w, https:\/\/pb.edu.pl\/sjo\/wp-content\/uploads\/sites\/9\/2026\/03\/BUP-03.2026-300x188.png 300w, https:\/\/pb.edu.pl\/sjo\/wp-content\/uploads\/sites\/9\/2026\/03\/BUP-03.2026-1024x640.png 1024w, https:\/\/pb.edu.pl\/sjo\/wp-content\/uploads\/sites\/9\/2026\/03\/BUP-03.2026-768x480.png 768w, https:\/\/pb.edu.pl\/sjo\/wp-content\/uploads\/sites\/9\/2026\/03\/BUP-03.2026.png 1080w\" sizes=\"auto, (max-width: 480px) 100vw, 480px\" \/>      <\/div>\n      <h3>Baltic University Programme w maju i czerwcu \u2013 konferencje i szko\u0142a letnia dla doktorant\u00f3w<\/h3>\n      Poni\u017cej przedstawiamy informacje o nadchodz\u0105cych wydarzeniach Baltic University Programme, kt\u00f3re odb\u0119d\u0105    <\/a>\n<\/article>\t\t\t\t\t\t<\/div>\n\t\t\t\t\t\t\t\t\t\t\t<div class=\"col-sm-3\">\n\t\t\t\t\t\t\t\n<article class=\"format-standard\">\n    <span class=\"date text-right\"><i class=\"fal fa-calendar-alt\"><\/i> 03-03-2026<\/span>\n    <a href=\"https:\/\/pb.edu.pl\/sjo\/2026\/03\/03\/troje-studentow-pb-w-ii-etapie-27-olimpiady-jezyka-angielskiego\/\">\n      <div class=\"article-image\">\n        <img loading=\"lazy\" decoding=\"async\" width=\"480\" height=\"300\" src=\"https:\/\/pb.edu.pl\/sjo\/wp-content\/uploads\/sites\/9\/2023\/01\/olimpiada-480x300.png\" class=\"attachment-medium-image-16x10 size-medium-image-16x10 wp-post-image\" alt=\"\" \/>      <\/div>\n      <h3>Troje student\u00f3w PB w II etapie 27. Olimpiady J\u0119zyka Angielskiego!<\/h3>\n      Z rado\u015bci\u0105 informujemy, \u017ce a\u017c troje student\u00f3w Politechniki Bia\u0142ostockiej zakwalifikowa\u0142o si\u0119    <\/a>\n<\/article>\t\t\t\t\t\t<\/div>\n\t\t\t\t\t\t\t\t\t\t\t<div class=\"col-sm-3\">\n\t\t\t\t\t\t\t\n<article class=\"format-standard\">\n    <span class=\"date text-right\"><i class=\"fal fa-calendar-alt\"><\/i> 03-03-2026<\/span>\n    <a href=\"https:\/\/pb.edu.pl\/sjo\/2026\/03\/03\/wakacyjna-praca-w-niemczech-listonosz-kurier-w-deutsche-post-ag-lato-2026\/\">\n      <div class=\"article-image\">\n        <img loading=\"lazy\" decoding=\"async\" width=\"480\" height=\"300\" src=\"https:\/\/pb.edu.pl\/sjo\/wp-content\/uploads\/sites\/9\/2026\/03\/praca-wakacyjna-poczta-DE-480x300.png\" class=\"attachment-medium-image-16x10 size-medium-image-16x10 wp-post-image\" alt=\"\" srcset=\"https:\/\/pb.edu.pl\/sjo\/wp-content\/uploads\/sites\/9\/2026\/03\/praca-wakacyjna-poczta-DE-480x300.png 480w, https:\/\/pb.edu.pl\/sjo\/wp-content\/uploads\/sites\/9\/2026\/03\/praca-wakacyjna-poczta-DE-300x188.png 300w, https:\/\/pb.edu.pl\/sjo\/wp-content\/uploads\/sites\/9\/2026\/03\/praca-wakacyjna-poczta-DE-1024x640.png 1024w, https:\/\/pb.edu.pl\/sjo\/wp-content\/uploads\/sites\/9\/2026\/03\/praca-wakacyjna-poczta-DE-768x480.png 768w, https:\/\/pb.edu.pl\/sjo\/wp-content\/uploads\/sites\/9\/2026\/03\/praca-wakacyjna-poczta-DE.png 1080w\" sizes=\"auto, (max-width: 480px) 100vw, 480px\" \/>      <\/div>\n      <h3>Informacja o wakacyjnej pracy dla student\u00f3w w Niemczech \u2013 listonosz \/ kurier w Deutsche Post AG (Lato 2026)<\/h3>\n      Informujemy o mo\u017cliwo\u015bci podj\u0119cia wakacyjnej pracy w Niemczech w firmie Deutsche    <\/a>\n<\/article>\t\t\t\t\t\t<\/div>\n\t\t\t\t\t\t\t\t\t\t\t<div class=\"col-sm-3\">\n\t\t\t\t\t\t\t\n<article class=\"format-standard\">\n    <span class=\"date text-right\"><i class=\"fal fa-calendar-alt\"><\/i> 03-03-2026<\/span>\n    <a href=\"https:\/\/pb.edu.pl\/sjo\/2026\/03\/03\/rekrutacja-na-szkole-letnia-do-girony\/\">\n      <div class=\"article-image\">\n        <img loading=\"lazy\" decoding=\"async\" width=\"480\" height=\"300\" src=\"https:\/\/pb.edu.pl\/sjo\/wp-content\/uploads\/sites\/9\/2026\/03\/rekrutacja-na-Szkole-Letnia-Across-Girona-480x300.png\" class=\"attachment-medium-image-16x10 size-medium-image-16x10 wp-post-image\" alt=\"\" \/>      <\/div>\n      <h3>Rekrutacja na Szko\u0142\u0119 Letni\u0105 do Girony!<\/h3>\n      Studium J\u0119zyk\u00f3w Obcych og\u0142asza rekrutacj\u0119 student\u00f3w I stopnia kierunku Biotechnologia na    <\/a>\n<\/article>\t\t\t\t\t\t<\/div>\n\t\t\t\t\t\n\t\t\t\t\n\t\t\t\t\t<\/div>\n\t\t\t\t\t<\/div>\n\n<div id=\"box-menu\" class=\"href\">&nbsp;<\/div>\n<div>&nbsp;<\/div>\n<div class=\"row\">\n<div class=\"col-md-3\">\n\t<div class=\"boxlink animated zoomIn \">\n\t\t<a href=\"\/sjo\/dla-studenta\/\" class=\"no-icon\">\n\t\t\t<div class=\"boxlink-title\"><span>Studiuj\u0119 w PB<\/span><\/div>\n\t\t\t<div class=\"boxlink-content\">\n\t\t\t\t<img decoding=\"async\" class=\"aligncenter wp-image-534 size-full\" src=\"https:\/\/pb.edu.pl\/sjo\/wp-content\/uploads\/sites\/9\/2021\/10\/Dla-studenta.png\" alt=\"\">\t\t\t<\/div>\n\t\t<\/a>\n\t<\/div>\n\n<\/div>\n<div class=\"col-md-3\">\n\t<div class=\"boxlink animated zoomIn \">\n\t\t<a href=\"\/sjo\/dla-pracownika\/\" class=\"no-icon\">\n\t\t\t<div class=\"boxlink-title\"><span>Pracuj\u0119 w PB<\/span><\/div>\n\t\t\t<div class=\"boxlink-content\">\n\t\t\t\t<img decoding=\"async\" class=\"aligncenter wp-image-534 size-full\" src=\"\/sjo\/wp-content\/uploads\/sites\/9\/2021\/11\/Jestem-pracownikiem-PB.png\" alt=\"\">\t\t\t<\/div>\n\t\t<\/a>\n\t<\/div>\n\n<\/div>\n<div class=\"col-md-3\">\n\t<div class=\"boxlink animated zoomIn \">\n\t\t<a href=\"\/sjo\/jestem-spoza-uczelni\/\" class=\"no-icon\">\n\t\t\t<div class=\"boxlink-title\"><span>Jestem spoza PB<\/span><\/div>\n\t\t\t<div class=\"boxlink-content\">\n\t\t\t\t<img loading=\"lazy\" decoding=\"async\" width=\"799\" height=\"533\" class=\"size-medium wp-image-11367 aligncenter\" src=\"https:\/\/pb.edu.pl\/sjo\/wp-content\/uploads\/sites\/9\/2021\/11\/Boksy-na-www-1.png\" alt=\"\" srcset=\"https:\/\/pb.edu.pl\/sjo\/wp-content\/uploads\/sites\/9\/2021\/11\/Boksy-na-www-1.png 799w, https:\/\/pb.edu.pl\/sjo\/wp-content\/uploads\/sites\/9\/2021\/11\/Boksy-na-www-1-300x200.png 300w, https:\/\/pb.edu.pl\/sjo\/wp-content\/uploads\/sites\/9\/2021\/11\/Boksy-na-www-1-768x512.png 768w, https:\/\/pb.edu.pl\/sjo\/wp-content\/uploads\/sites\/9\/2021\/11\/Boksy-na-www-1-480x320.png 480w\" sizes=\"auto, (max-width: 799px) 100vw, 799px\" \/>\t\t\t<\/div>\n\t\t<\/a>\n\t<\/div>\n\n<\/div>\n<div class=\"col-md-3\">\n\t<div class=\"boxlink animated zoomIn \">\n\t\t<a href=\"\/sjo\/polish-lab\/\" class=\"no-icon\">\n\t\t\t<div class=\"boxlink-title\"><span>POLISH LAB<\/span><\/div>\n\t\t\t<div class=\"boxlink-content\">\n\t\t\t\t<img decoding=\"async\" class=\"size-medium wp-image-11367 aligncenter\" src=\"https:\/\/pb.edu.pl\/sjo\/wp-content\/uploads\/sites\/9\/2022\/06\/Dapper-799\u00d7533-px.png\" alt=\"\">\t\t\t<\/div>\n\t\t<\/a>\n\t<\/div>\n\n<\/div>\n<\/div>\n<div class=\"row\">\n<div class=\"col-md-3\">\n\t<div class=\"boxlink animated zoomIn \">\n\t\t<a href=\"\/sjo\/wydarzenia-sjo\/\" class=\"no-icon\">\n\t\t\t<div class=\"boxlink-title\"><span>Wydarzenia<\/span><\/div>\n\t\t\t<div class=\"boxlink-content\">\n\t\t\t\t<img decoding=\"async\" class=\"aligncenter wp-image-534 size-full\" src=\"\/sjo\/wp-content\/uploads\/sites\/9\/2021\/11\/Wydarzenia.png\" alt=\"\">\t\t\t<\/div>\n\t\t<\/a>\n\t<\/div>\n\n<\/div>\n<div class=\"col-md-3\">\n\t<div class=\"boxlink animated zoomIn \">\n\t\t<a href=\"\/sjo\/projekty-2-2\/\" class=\"no-icon\">\n\t\t\t<div class=\"boxlink-title\"><span>Projekty<\/span><\/div>\n\t\t\t<div class=\"boxlink-content\">\n\t\t\t\t<img decoding=\"async\" class=\"aligncenter wp-image-534 size-full\" src=\"\/sjo\/wp-content\/uploads\/sites\/9\/2021\/11\/Projekty.png\" alt=\"\">\t\t\t<\/div>\n\t\t<\/a>\n\t<\/div>\n\n<\/div>\n<div class=\"col-md-3\">\n\t<div class=\"boxlink animated zoomIn \">\n\t\t<a href=\"https:\/\/pb.edu.pl\/sjo\/polilingua\/\" class=\"no-icon\">\n\t\t\t<div class=\"boxlink-title\"><span>Polilingua<\/span><\/div>\n\t\t\t<div class=\"boxlink-content\">\n\t\t\t\t<img decoding=\"async\" class=\"aligncenter wp-image-534 size-full\" src=\"\/sjo\/wp-content\/uploads\/sites\/9\/2022\/05\/POLILINGUA-799\u00d7533-px.png\" alt=\"\">\t\t\t<\/div>\n\t\t<\/a>\n\t<\/div>\n\n<\/div>\n<div class=\"col-md-3\">\n\t<div class=\"boxlink animated zoomIn \">\n\t\t<a href=\"\/sjo\/o-nas\/\" class=\"no-icon\">\n\t\t\t<div class=\"boxlink-title\"><span>O nas<\/span><\/div>\n\t\t\t<div class=\"boxlink-content\">\n\t\t\t\t<img decoding=\"async\" class=\"aligncenter wp-image-534 size-full\" src=\"https:\/\/pb.edu.pl\/sjo\/wp-content\/uploads\/sites\/9\/2017\/11\/sjo-budynek.jpg\" alt=\"\">\t\t\t<\/div>\n\t\t<\/a>\n\t<\/div>\n\n<\/div>\n<\/div>\n","protected":false},"excerpt":{"rendered":"<p>Aktualno\u015bci &nbsp; &nbsp;<\/p>\n","protected":false},"author":2,"featured_media":0,"parent":0,"menu_order":0,"comment_status":"closed","ping_status":"closed","template":"templates\/dzial.php","meta":{"_acf_changed":false,"ngg_post_thumbnail":0,"footnotes":""},"class_list":["post-11","page","type-page","status-publish","hentry"],"acf":[],"yoast_head":"<!-- This site is optimized with the Yoast SEO plugin v27.0 - https:\/\/yoast.com\/product\/yoast-seo-wordpress\/ -->\n<title>Studium J\u0119zyk\u00f3w Obcych - Politechnika Bia\u0142ostocka<\/title>\n<meta name=\"description\" content=\"Studium J\u0119zyk\u00f3w Obcych \u2013 dydaktyka, kursy j\u0119zyka angielskiego, rosyjskiego, niemieckiego i polskiego jako obcego. Egzaminy B2, TOEIC, egzaminy doktorskie.\" \/>\n<meta name=\"robots\" content=\"index, follow, max-snippet:-1, max-image-preview:large, max-video-preview:-1\" \/>\n<link rel=\"canonical\" href=\"https:\/\/pb.edu.pl\/sjo\/\" \/>\n<meta property=\"og:locale\" content=\"pl_PL\" \/>\n<meta property=\"og:type\" content=\"article\" \/>\n<meta property=\"og:title\" content=\"Studium J\u0119zyk\u00f3w Obcych - Politechnika Bia\u0142ostocka\" \/>\n<meta property=\"og:description\" content=\"Studium J\u0119zyk\u00f3w Obcych \u2013 dydaktyka, kursy j\u0119zyka angielskiego, rosyjskiego, niemieckiego i polskiego jako obcego. Egzaminy B2, TOEIC, egzaminy doktorskie.\" \/>\n<meta property=\"og:url\" content=\"https:\/\/pb.edu.pl\/sjo\/\" \/>\n<meta property=\"og:site_name\" content=\"Studium J\u0119zyk\u00f3w Obcych\" \/>\n<meta property=\"article:modified_time\" content=\"2025-10-22T08:46:16+00:00\" \/>\n<meta property=\"og:image\" content=\"https:\/\/pb.edu.pl\/sjo\/wp-content\/uploads\/sites\/9\/2023\/10\/to-musisz-wiedziec-1140-x-65-px1.png\" \/>\n<meta name=\"twitter:label1\" content=\"Szacowany czas czytania\" \/>\n\t<meta name=\"twitter:data1\" content=\"3 minuty\" \/>\n<script type=\"application\/ld+json\" class=\"yoast-schema-graph\">{\"@context\":\"https:\/\/schema.org\",\"@graph\":[{\"@type\":\"WebPage\",\"@id\":\"https:\/\/pb.edu.pl\/sjo\/\",\"url\":\"https:\/\/pb.edu.pl\/sjo\/\",\"name\":\"Studium J\u0119zyk\u00f3w Obcych - Politechnika Bia\u0142ostocka\",\"isPartOf\":{\"@id\":\"https:\/\/pb.edu.pl\/sjo\/#website\"},\"primaryImageOfPage\":{\"@id\":\"https:\/\/pb.edu.pl\/sjo\/#primaryimage\"},\"image\":{\"@id\":\"https:\/\/pb.edu.pl\/sjo\/#primaryimage\"},\"thumbnailUrl\":\"https:\/\/pb.edu.pl\/sjo\/wp-content\/uploads\/sites\/9\/2023\/10\/to-musisz-wiedziec-1140-x-65-px1.png\",\"datePublished\":\"2017-11-11T16:23:20+00:00\",\"dateModified\":\"2025-10-22T08:46:16+00:00\",\"description\":\"Studium J\u0119zyk\u00f3w Obcych \u2013 dydaktyka, kursy j\u0119zyka angielskiego, rosyjskiego, niemieckiego i polskiego jako obcego. Egzaminy B2, TOEIC, egzaminy doktorskie.\",\"breadcrumb\":{\"@id\":\"https:\/\/pb.edu.pl\/sjo\/#breadcrumb\"},\"inLanguage\":\"pl-PL\",\"potentialAction\":[{\"@type\":\"ReadAction\",\"target\":[\"https:\/\/pb.edu.pl\/sjo\/\"]}]},{\"@type\":\"ImageObject\",\"inLanguage\":\"pl-PL\",\"@id\":\"https:\/\/pb.edu.pl\/sjo\/#primaryimage\",\"url\":\"https:\/\/pb.edu.pl\/sjo\/wp-content\/uploads\/sites\/9\/2023\/10\/to-musisz-wiedziec-1140-x-65-px1.png\",\"contentUrl\":\"https:\/\/pb.edu.pl\/sjo\/wp-content\/uploads\/sites\/9\/2023\/10\/to-musisz-wiedziec-1140-x-65-px1.png\",\"width\":1140,\"height\":65},{\"@type\":\"BreadcrumbList\",\"@id\":\"https:\/\/pb.edu.pl\/sjo\/#breadcrumb\",\"itemListElement\":[{\"@type\":\"ListItem\",\"position\":1,\"name\":\"Home\",\"item\":\"https:\/\/pb.edu.pl\/sjo\/\"},{\"@type\":\"ListItem\",\"position\":2,\"name\":\"Studium J\u0119zyk\u00f3w Obcych\"}]},{\"@type\":\"WebSite\",\"@id\":\"https:\/\/pb.edu.pl\/sjo\/#website\",\"url\":\"https:\/\/pb.edu.pl\/sjo\/\",\"name\":\"Studium J\u0119zyk\u00f3w Obcych\",\"description\":\"\",\"potentialAction\":[{\"@type\":\"SearchAction\",\"target\":{\"@type\":\"EntryPoint\",\"urlTemplate\":\"https:\/\/pb.edu.pl\/sjo\/?s={search_term_string}\"},\"query-input\":{\"@type\":\"PropertyValueSpecification\",\"valueRequired\":true,\"valueName\":\"search_term_string\"}}],\"inLanguage\":\"pl-PL\"}]}<\/script>\n<!-- \/ Yoast SEO plugin. -->","yoast_head_json":{"title":"Studium J\u0119zyk\u00f3w Obcych - Politechnika Bia\u0142ostocka","description":"Studium J\u0119zyk\u00f3w Obcych \u2013 dydaktyka, kursy j\u0119zyka angielskiego, rosyjskiego, niemieckiego i polskiego jako obcego. Egzaminy B2, TOEIC, egzaminy doktorskie.","robots":{"index":"index","follow":"follow","max-snippet":"max-snippet:-1","max-image-preview":"max-image-preview:large","max-video-preview":"max-video-preview:-1"},"canonical":"https:\/\/pb.edu.pl\/sjo\/","og_locale":"pl_PL","og_type":"article","og_title":"Studium J\u0119zyk\u00f3w Obcych - Politechnika Bia\u0142ostocka","og_description":"Studium J\u0119zyk\u00f3w Obcych \u2013 dydaktyka, kursy j\u0119zyka angielskiego, rosyjskiego, niemieckiego i polskiego jako obcego. Egzaminy B2, TOEIC, egzaminy doktorskie.","og_url":"https:\/\/pb.edu.pl\/sjo\/","og_site_name":"Studium J\u0119zyk\u00f3w Obcych","article_modified_time":"2025-10-22T08:46:16+00:00","og_image":[{"url":"https:\/\/pb.edu.pl\/sjo\/wp-content\/uploads\/sites\/9\/2023\/10\/to-musisz-wiedziec-1140-x-65-px1.png","type":"","width":"","height":""}],"twitter_misc":{"Szacowany czas czytania":"3 minuty"},"schema":{"@context":"https:\/\/schema.org","@graph":[{"@type":"WebPage","@id":"https:\/\/pb.edu.pl\/sjo\/","url":"https:\/\/pb.edu.pl\/sjo\/","name":"Studium J\u0119zyk\u00f3w Obcych - Politechnika Bia\u0142ostocka","isPartOf":{"@id":"https:\/\/pb.edu.pl\/sjo\/#website"},"primaryImageOfPage":{"@id":"https:\/\/pb.edu.pl\/sjo\/#primaryimage"},"image":{"@id":"https:\/\/pb.edu.pl\/sjo\/#primaryimage"},"thumbnailUrl":"https:\/\/pb.edu.pl\/sjo\/wp-content\/uploads\/sites\/9\/2023\/10\/to-musisz-wiedziec-1140-x-65-px1.png","datePublished":"2017-11-11T16:23:20+00:00","dateModified":"2025-10-22T08:46:16+00:00","description":"Studium J\u0119zyk\u00f3w Obcych \u2013 dydaktyka, kursy j\u0119zyka angielskiego, rosyjskiego, niemieckiego i polskiego jako obcego. Egzaminy B2, TOEIC, egzaminy doktorskie.","breadcrumb":{"@id":"https:\/\/pb.edu.pl\/sjo\/#breadcrumb"},"inLanguage":"pl-PL","potentialAction":[{"@type":"ReadAction","target":["https:\/\/pb.edu.pl\/sjo\/"]}]},{"@type":"ImageObject","inLanguage":"pl-PL","@id":"https:\/\/pb.edu.pl\/sjo\/#primaryimage","url":"https:\/\/pb.edu.pl\/sjo\/wp-content\/uploads\/sites\/9\/2023\/10\/to-musisz-wiedziec-1140-x-65-px1.png","contentUrl":"https:\/\/pb.edu.pl\/sjo\/wp-content\/uploads\/sites\/9\/2023\/10\/to-musisz-wiedziec-1140-x-65-px1.png","width":1140,"height":65},{"@type":"BreadcrumbList","@id":"https:\/\/pb.edu.pl\/sjo\/#breadcrumb","itemListElement":[{"@type":"ListItem","position":1,"name":"Home","item":"https:\/\/pb.edu.pl\/sjo\/"},{"@type":"ListItem","position":2,"name":"Studium J\u0119zyk\u00f3w Obcych"}]},{"@type":"WebSite","@id":"https:\/\/pb.edu.pl\/sjo\/#website","url":"https:\/\/pb.edu.pl\/sjo\/","name":"Studium J\u0119zyk\u00f3w Obcych","description":"","potentialAction":[{"@type":"SearchAction","target":{"@type":"EntryPoint","urlTemplate":"https:\/\/pb.edu.pl\/sjo\/?s={search_term_string}"},"query-input":{"@type":"PropertyValueSpecification","valueRequired":true,"valueName":"search_term_string"}}],"inLanguage":"pl-PL"}]}},"_links":{"self":[{"href":"https:\/\/pb.edu.pl\/sjo\/wp-json\/wp\/v2\/pages\/11","targetHints":{"allow":["GET"]}}],"collection":[{"href":"https:\/\/pb.edu.pl\/sjo\/wp-json\/wp\/v2\/pages"}],"about":[{"href":"https:\/\/pb.edu.pl\/sjo\/wp-json\/wp\/v2\/types\/page"}],"author":[{"embeddable":true,"href":"https:\/\/pb.edu.pl\/sjo\/wp-json\/wp\/v2\/users\/2"}],"replies":[{"embeddable":true,"href":"https:\/\/pb.edu.pl\/sjo\/wp-json\/wp\/v2\/comments?post=11"}],"version-history":[{"count":0,"href":"https:\/\/pb.edu.pl\/sjo\/wp-json\/wp\/v2\/pages\/11\/revisions"}],"wp:attachment":[{"href":"https:\/\/pb.edu.pl\/sjo\/wp-json\/wp\/v2\/media?parent=11"}],"curies":[{"name":"wp","href":"https:\/\/api.w.org\/{rel}","templated":true}]}}