{"id":10972,"date":"2021-11-15T11:35:06","date_gmt":"2021-11-15T10:35:06","guid":{"rendered":"https:\/\/pb.edu.pl\/sjo\/?page_id=10972"},"modified":"2021-11-25T11:02:55","modified_gmt":"2021-11-25T10:02:55","slug":"opis","status":"publish","type":"page","link":"https:\/\/pb.edu.pl\/sjo\/wydarzenia-sjo\/mock\/opis\/","title":{"rendered":"Mock Job Interview &#8211; przygotuj si\u0119 do rozmowy o prac\u0119 w j\u0119zyku angielskim"},"content":{"rendered":"<table style=\"border-collapse: collapse;width: 100.882%\">\n<tbody>\n<tr>\n<td style=\"width: 94.8116%;text-align: right;vertical-align: middle\">Do\u0142\u0105cz do wydarzenia<\/td>\n<td style=\"width: 322.312%;text-align: left;vertical-align: middle\"><a title=\"Otworzy si\u0119 w nowej karcie\" href=\"https:\/\/www.facebook.com\/events\/1061154744684436\" target=\"_blank\" rel=\"noopener\"><img loading=\"lazy\" decoding=\"async\" class=\"wp-image-8501 alignright\" src=\"https:\/\/pb.edu.pl\/wp-content\/uploads\/2020\/07\/PB_socialicon_fb.png\" alt=\"\" width=\"56\" height=\"56\"><\/a><\/td>\n<\/tr>\n<\/tbody>\n<\/table>\n<div>Czy zastanawia\u0142e\u015b\/a\u015b si\u0119 nad <strong>prac\u0105 w mi\u0119dzynarodowym \u015brodowisku<\/strong>?<\/div>\n<div>Czy wiesz, \u017ce w wielu firmach <strong>podczas rozmowy kwalifikacyjnej sprawdzany jest j\u0119zyk angielski<\/strong> (nawet je\u017celi p\u00f3\u017aniej nie jest wykorzystywany)?<\/div>\n<div>&nbsp;<\/div>\n<div>Niewa\u017cne czy planujesz mieszka\u0107 pod Bia\u0142ymstokiem, we Wroc\u0142awiu, w Wenecji czy na Hawajach, w obecnych czasach pracowa\u0107 mo\u017cesz z ka\u017cdego miejsca na ziemi. Stoj\u0105 przed Tob\u0105 otworem nie tylko firmy zagraniczne, ale te\u017c polskie, w kt\u00f3rych niejednokrotnie pracuj\u0105 osoby z ca\u0142ego \u015bwiata.<\/div>\n<div>Wiedza oraz kompetencje, kt\u00f3re zdobywasz na studiach na Politechnice Bia\u0142ostockiej to \u015bwietna przepustka do sta\u017cy i pracy w wielu ciekawych firmach.<\/div>\n<div>&nbsp;<\/div>\n<div>Rozmowy ze studentami wskazuj\u0105, \u017ce cz\u0119sto boimy si\u0119 tego pierwszego kroku, czyli rozmowy o prac\u0119.<\/div>\n<div>Chcemy Ci pokaza\u0107, \u017ce to \u0142atwiejsze ni\u017c Ci si\u0119 wydaje!<\/div>\n<div>&nbsp;<\/div>\n<div>Studium J\u0119zyk\u00f3w Obcych oraz Biuro Karier zapraszaj\u0105 na <strong>Mock Job Interview &#8211; wydarzenie, podczas kt\u00f3rego przygotujesz si\u0119 do rozmowy kwalifikacyjnej, a nast\u0119pnie we\u017amiesz udzia\u0142 w takiej rozmowie w j\u0119zyku angielskim z rekruterem z przedsi\u0119biorstwa.&nbsp; <\/strong><\/div>\n<div>Mock Job Interview to:<\/div>\n<ul>\n<li>warsztaty i prezentacje dotycz\u0105ce przygotowania si\u0119 do rozmowy o prac\u0119, stworzenia CV czy listu motywacyjnego<\/li>\n<li>indywidualne konsultacje z ekspertami<\/li>\n<li>symulacje rozm\u00f3w o prac\u0119 w j\u0119zyku angielskim z rekruterami z firm wsp\u00f3\u0142pracuj\u0105cych z PB<\/li>\n<li>profesjonalna sesja zdj\u0119ciowa &#8211; zdj\u0119cia do CV, LinkedIn<\/li>\n<li>specjalistyczne szkolenia z firmy BIAZET S.A.<\/li>\n<\/ul>\n<div>&nbsp;<\/div>\n<div><strong>Kiedy?<\/strong><\/div>\n<div>7 grudnia 2021 r. (wtorek) w godzinach 9.00 &#8211; 14.00.<\/div>\n<div>\n<div><strong>9.00 &#8211; 12.00 blok j\u0119zykowo-merytoryczny<\/strong> przygotowuj\u0105cy student\u00f3w do rozm\u00f3w &#8211; seria prezentacji i kr\u00f3tkich warsztat\u00f3w dot. zagadnie\u0144 zwi\u0105zanych z pisaniem CV, udzia\u0142em w rozmowach kwalifikacyjnych, poprawno\u015bci\u0105 j\u0119zykow\u0105, itd., przeprowadzona przez ekspert\u00f3w ze Studium J\u0119zyk\u00f3w Obcych oraz Biura Karier<\/div>\n<div><strong>12.00 &#8211; 14.00 blok praktyczny<\/strong> &#8211; symulacje rozm\u00f3w o prac\u0119 w j.angielskim z przedstawicielami zaproszonych firm.<\/div>\n<div>&nbsp;<\/div>\n<\/div>\n<div><strong>Gdzie?<\/strong><\/div>\n<div>Centrum Nowoczesnego Kszta\u0142cenia, ul. Zwierzyniecka 16, Bia\u0142ystok<\/div>\n<div>otwarta przestrze\u0144 oraz sale na II pi\u0119trze<\/div>\n<div>&nbsp;<\/div>\n<div><strong>Kto?<\/strong><\/div>\n<div>Wydarzenie skierowane jest do wszystkich <strong>student\u00f3w<\/strong>, <strong>doktorant\u00f3w<\/strong> i <strong>absolwent\u00f3w<\/strong> Politechniki Bia\u0142ostockiej.<\/div>\n<div>Poznaj <a href=\"https:\/\/pb.edu.pl\/sjo\/mock\/eksperci\/\">ekspert\u00f3w ze Studium J\u0119zyk\u00f3w Obcych i Biura Karier<\/a> oraz <a href=\"https:\/\/pb.edu.pl\/sjo\/mock\/mock-pracodawcy-2\/\">firmy<\/a>, kt\u00f3re wezm\u0105 udzia\u0142 w wydarzeniu.<\/div>\n<div>&nbsp;<\/div>\n<div><a href=\"https:\/\/pb.edu.pl\/sjo\/mock\/rejestracja\/\"><strong>Zarejestruj si\u0119<\/strong><\/a> na wydarzenie.<\/div>\n","protected":false},"excerpt":{"rendered":"<p>Do\u0142\u0105cz do wydarzenia Czy zastanawia\u0142e\u015b\/a\u015b si\u0119 nad prac\u0105 w mi\u0119dzynarodowym \u015brodowisku? Czy wiesz, \u017ce w<\/p>\n","protected":false},"author":6,"featured_media":0,"parent":10945,"menu_order":0,"comment_status":"closed","ping_status":"closed","template":"","meta":{"_acf_changed":false,"ngg_post_thumbnail":0,"footnotes":""},"class_list":["post-10972","page","type-page","status-publish","hentry"],"acf":[],"yoast_head":"<!-- This site is optimized with the Yoast SEO plugin v27.0 - https:\/\/yoast.com\/product\/yoast-seo-wordpress\/ -->\n<title>Mock Job Interview - przygotuj si\u0119 do rozmowy o prac\u0119 w j\u0119zyku angielskim - Studium J\u0119zyk\u00f3w Obcych<\/title>\n<meta name=\"description\" content=\"Do\u0142\u0105cz do wydarzenia Czy zastanawia\u0142e\u015b\/a\u015b si\u0119 nad prac\u0105 w mi\u0119dzynarodowym \u015brodowisku? Czy wiesz, \u017ce w wielu firmach podczas rozmowy kwalifikacyjnej\" \/>\n<meta name=\"robots\" content=\"index, follow, max-snippet:-1, max-image-preview:large, max-video-preview:-1\" \/>\n<link rel=\"canonical\" href=\"https:\/\/pb.edu.pl\/sjo\/wydarzenia-sjo\/mock\/opis\/\" \/>\n<meta property=\"og:locale\" content=\"pl_PL\" \/>\n<meta property=\"og:type\" content=\"article\" \/>\n<meta property=\"og:title\" content=\"Mock Job Interview - przygotuj si\u0119 do rozmowy o prac\u0119 w j\u0119zyku angielskim - Studium J\u0119zyk\u00f3w Obcych\" \/>\n<meta property=\"og:description\" content=\"Do\u0142\u0105cz do wydarzenia Czy zastanawia\u0142e\u015b\/a\u015b si\u0119 nad prac\u0105 w mi\u0119dzynarodowym \u015brodowisku? Czy wiesz, \u017ce w wielu firmach podczas rozmowy kwalifikacyjnej\" \/>\n<meta property=\"og:url\" content=\"https:\/\/pb.edu.pl\/sjo\/wydarzenia-sjo\/mock\/opis\/\" \/>\n<meta property=\"og:site_name\" content=\"Studium J\u0119zyk\u00f3w Obcych\" \/>\n<meta property=\"article:modified_time\" content=\"2021-11-25T10:02:55+00:00\" \/>\n<meta property=\"og:image\" content=\"https:\/\/pb.edu.pl\/wp-content\/uploads\/2020\/07\/PB_socialicon_fb.png\" \/>\n<meta name=\"twitter:label1\" content=\"Szacowany czas czytania\" \/>\n\t<meta name=\"twitter:data1\" content=\"2 minuty\" \/>\n<script type=\"application\/ld+json\" class=\"yoast-schema-graph\">{\"@context\":\"https:\/\/schema.org\",\"@graph\":[{\"@type\":\"WebPage\",\"@id\":\"https:\/\/pb.edu.pl\/sjo\/wydarzenia-sjo\/mock\/opis\/\",\"url\":\"https:\/\/pb.edu.pl\/sjo\/wydarzenia-sjo\/mock\/opis\/\",\"name\":\"Mock Job Interview - przygotuj si\u0119 do rozmowy o prac\u0119 w j\u0119zyku angielskim - Studium J\u0119zyk\u00f3w Obcych\",\"isPartOf\":{\"@id\":\"https:\/\/pb.edu.pl\/sjo\/#website\"},\"primaryImageOfPage\":{\"@id\":\"https:\/\/pb.edu.pl\/sjo\/wydarzenia-sjo\/mock\/opis\/#primaryimage\"},\"image\":{\"@id\":\"https:\/\/pb.edu.pl\/sjo\/wydarzenia-sjo\/mock\/opis\/#primaryimage\"},\"thumbnailUrl\":\"https:\/\/pb.edu.pl\/wp-content\/uploads\/2020\/07\/PB_socialicon_fb.png\",\"datePublished\":\"2021-11-15T10:35:06+00:00\",\"dateModified\":\"2021-11-25T10:02:55+00:00\",\"description\":\"Do\u0142\u0105cz do wydarzenia Czy zastanawia\u0142e\u015b\/a\u015b si\u0119 nad prac\u0105 w mi\u0119dzynarodowym \u015brodowisku? Czy wiesz, \u017ce w wielu firmach podczas rozmowy kwalifikacyjnej\",\"breadcrumb\":{\"@id\":\"https:\/\/pb.edu.pl\/sjo\/wydarzenia-sjo\/mock\/opis\/#breadcrumb\"},\"inLanguage\":\"pl-PL\",\"potentialAction\":[{\"@type\":\"ReadAction\",\"target\":[\"https:\/\/pb.edu.pl\/sjo\/wydarzenia-sjo\/mock\/opis\/\"]}]},{\"@type\":\"ImageObject\",\"inLanguage\":\"pl-PL\",\"@id\":\"https:\/\/pb.edu.pl\/sjo\/wydarzenia-sjo\/mock\/opis\/#primaryimage\",\"url\":\"https:\/\/pb.edu.pl\/wp-content\/uploads\/2020\/07\/PB_socialicon_fb.png\",\"contentUrl\":\"https:\/\/pb.edu.pl\/wp-content\/uploads\/2020\/07\/PB_socialicon_fb.png\"},{\"@type\":\"BreadcrumbList\",\"@id\":\"https:\/\/pb.edu.pl\/sjo\/wydarzenia-sjo\/mock\/opis\/#breadcrumb\",\"itemListElement\":[{\"@type\":\"ListItem\",\"position\":1,\"name\":\"Home\",\"item\":\"https:\/\/pb.edu.pl\/sjo\/\"},{\"@type\":\"ListItem\",\"position\":2,\"name\":\"Wydarzenia SJO\",\"item\":\"https:\/\/pb.edu.pl\/sjo\/wydarzenia-sjo\/\"},{\"@type\":\"ListItem\",\"position\":3,\"name\":\"Mock\",\"item\":\"https:\/\/pb.edu.pl\/sjo\/wydarzenia-sjo\/mock\/\"},{\"@type\":\"ListItem\",\"position\":4,\"name\":\"Mock Job Interview &#8211; przygotuj si\u0119 do rozmowy o prac\u0119 w j\u0119zyku angielskim\"}]},{\"@type\":\"WebSite\",\"@id\":\"https:\/\/pb.edu.pl\/sjo\/#website\",\"url\":\"https:\/\/pb.edu.pl\/sjo\/\",\"name\":\"Studium J\u0119zyk\u00f3w Obcych\",\"description\":\"\",\"potentialAction\":[{\"@type\":\"SearchAction\",\"target\":{\"@type\":\"EntryPoint\",\"urlTemplate\":\"https:\/\/pb.edu.pl\/sjo\/?s={search_term_string}\"},\"query-input\":{\"@type\":\"PropertyValueSpecification\",\"valueRequired\":true,\"valueName\":\"search_term_string\"}}],\"inLanguage\":\"pl-PL\"}]}<\/script>\n<!-- \/ Yoast SEO plugin. -->","yoast_head_json":{"title":"Mock Job Interview - przygotuj si\u0119 do rozmowy o prac\u0119 w j\u0119zyku angielskim - Studium J\u0119zyk\u00f3w Obcych","description":"Do\u0142\u0105cz do wydarzenia Czy zastanawia\u0142e\u015b\/a\u015b si\u0119 nad prac\u0105 w mi\u0119dzynarodowym \u015brodowisku? Czy wiesz, \u017ce w wielu firmach podczas rozmowy kwalifikacyjnej","robots":{"index":"index","follow":"follow","max-snippet":"max-snippet:-1","max-image-preview":"max-image-preview:large","max-video-preview":"max-video-preview:-1"},"canonical":"https:\/\/pb.edu.pl\/sjo\/wydarzenia-sjo\/mock\/opis\/","og_locale":"pl_PL","og_type":"article","og_title":"Mock Job Interview - przygotuj si\u0119 do rozmowy o prac\u0119 w j\u0119zyku angielskim - Studium J\u0119zyk\u00f3w Obcych","og_description":"Do\u0142\u0105cz do wydarzenia Czy zastanawia\u0142e\u015b\/a\u015b si\u0119 nad prac\u0105 w mi\u0119dzynarodowym \u015brodowisku? Czy wiesz, \u017ce w wielu firmach podczas rozmowy kwalifikacyjnej","og_url":"https:\/\/pb.edu.pl\/sjo\/wydarzenia-sjo\/mock\/opis\/","og_site_name":"Studium J\u0119zyk\u00f3w Obcych","article_modified_time":"2021-11-25T10:02:55+00:00","og_image":[{"url":"https:\/\/pb.edu.pl\/wp-content\/uploads\/2020\/07\/PB_socialicon_fb.png","type":"","width":"","height":""}],"twitter_misc":{"Szacowany czas czytania":"2 minuty"},"schema":{"@context":"https:\/\/schema.org","@graph":[{"@type":"WebPage","@id":"https:\/\/pb.edu.pl\/sjo\/wydarzenia-sjo\/mock\/opis\/","url":"https:\/\/pb.edu.pl\/sjo\/wydarzenia-sjo\/mock\/opis\/","name":"Mock Job Interview - przygotuj si\u0119 do rozmowy o prac\u0119 w j\u0119zyku angielskim - Studium J\u0119zyk\u00f3w Obcych","isPartOf":{"@id":"https:\/\/pb.edu.pl\/sjo\/#website"},"primaryImageOfPage":{"@id":"https:\/\/pb.edu.pl\/sjo\/wydarzenia-sjo\/mock\/opis\/#primaryimage"},"image":{"@id":"https:\/\/pb.edu.pl\/sjo\/wydarzenia-sjo\/mock\/opis\/#primaryimage"},"thumbnailUrl":"https:\/\/pb.edu.pl\/wp-content\/uploads\/2020\/07\/PB_socialicon_fb.png","datePublished":"2021-11-15T10:35:06+00:00","dateModified":"2021-11-25T10:02:55+00:00","description":"Do\u0142\u0105cz do wydarzenia Czy zastanawia\u0142e\u015b\/a\u015b si\u0119 nad prac\u0105 w mi\u0119dzynarodowym \u015brodowisku? Czy wiesz, \u017ce w wielu firmach podczas rozmowy kwalifikacyjnej","breadcrumb":{"@id":"https:\/\/pb.edu.pl\/sjo\/wydarzenia-sjo\/mock\/opis\/#breadcrumb"},"inLanguage":"pl-PL","potentialAction":[{"@type":"ReadAction","target":["https:\/\/pb.edu.pl\/sjo\/wydarzenia-sjo\/mock\/opis\/"]}]},{"@type":"ImageObject","inLanguage":"pl-PL","@id":"https:\/\/pb.edu.pl\/sjo\/wydarzenia-sjo\/mock\/opis\/#primaryimage","url":"https:\/\/pb.edu.pl\/wp-content\/uploads\/2020\/07\/PB_socialicon_fb.png","contentUrl":"https:\/\/pb.edu.pl\/wp-content\/uploads\/2020\/07\/PB_socialicon_fb.png"},{"@type":"BreadcrumbList","@id":"https:\/\/pb.edu.pl\/sjo\/wydarzenia-sjo\/mock\/opis\/#breadcrumb","itemListElement":[{"@type":"ListItem","position":1,"name":"Home","item":"https:\/\/pb.edu.pl\/sjo\/"},{"@type":"ListItem","position":2,"name":"Wydarzenia SJO","item":"https:\/\/pb.edu.pl\/sjo\/wydarzenia-sjo\/"},{"@type":"ListItem","position":3,"name":"Mock","item":"https:\/\/pb.edu.pl\/sjo\/wydarzenia-sjo\/mock\/"},{"@type":"ListItem","position":4,"name":"Mock Job Interview &#8211; przygotuj si\u0119 do rozmowy o prac\u0119 w j\u0119zyku angielskim"}]},{"@type":"WebSite","@id":"https:\/\/pb.edu.pl\/sjo\/#website","url":"https:\/\/pb.edu.pl\/sjo\/","name":"Studium J\u0119zyk\u00f3w Obcych","description":"","potentialAction":[{"@type":"SearchAction","target":{"@type":"EntryPoint","urlTemplate":"https:\/\/pb.edu.pl\/sjo\/?s={search_term_string}"},"query-input":{"@type":"PropertyValueSpecification","valueRequired":true,"valueName":"search_term_string"}}],"inLanguage":"pl-PL"}]}},"_links":{"self":[{"href":"https:\/\/pb.edu.pl\/sjo\/wp-json\/wp\/v2\/pages\/10972","targetHints":{"allow":["GET"]}}],"collection":[{"href":"https:\/\/pb.edu.pl\/sjo\/wp-json\/wp\/v2\/pages"}],"about":[{"href":"https:\/\/pb.edu.pl\/sjo\/wp-json\/wp\/v2\/types\/page"}],"author":[{"embeddable":true,"href":"https:\/\/pb.edu.pl\/sjo\/wp-json\/wp\/v2\/users\/6"}],"replies":[{"embeddable":true,"href":"https:\/\/pb.edu.pl\/sjo\/wp-json\/wp\/v2\/comments?post=10972"}],"version-history":[{"count":0,"href":"https:\/\/pb.edu.pl\/sjo\/wp-json\/wp\/v2\/pages\/10972\/revisions"}],"up":[{"embeddable":true,"href":"https:\/\/pb.edu.pl\/sjo\/wp-json\/wp\/v2\/pages\/10945"}],"wp:attachment":[{"href":"https:\/\/pb.edu.pl\/sjo\/wp-json\/wp\/v2\/media?parent=10972"}],"curies":[{"name":"wp","href":"https:\/\/api.w.org\/{rel}","templated":true}]}}