{"id":10701,"date":"2021-10-17T15:14:59","date_gmt":"2021-10-17T13:14:59","guid":{"rendered":"https:\/\/pb.edu.pl\/sjo\/?page_id=10701"},"modified":"2023-02-06T13:56:23","modified_gmt":"2023-02-06T12:56:23","slug":"jablko","status":"publish","type":"page","link":"https:\/\/pb.edu.pl\/sjo\/polish-lab\/czy-wiecie-ze\/jablko\/","title":{"rendered":"Ciekawe"},"content":{"rendered":"<p><span style=\"font-family: verdana, geneva, sans-serif;font-size: 12pt;color: #000000\">Czy wiecie, \u017ce co czwarte jab\u0142ko na europejskich sto\u0142ach pochodzi z naszego kraju?<\/span><\/p>\n<p><span style=\"font-family: verdana, geneva, sans-serif;font-size: 12pt;color: #000000\"><strong>Polska jest najwi\u0119kszym producentem jab\u0142ek w Unii Europejskiej<\/strong> i trzecim najwi\u0119kszym na \u015bwiecie, za Chinami&nbsp; i USA. Udzia\u0142 Polski w \u015bwiatowej produkcji jab\u0142ek wynosi 5 %, a w UE 27%.<\/span><\/p>\n<p><span style=\"font-family: verdana, geneva, sans-serif;font-size: 12pt;color: #000000\">Jab\u0142ka to r\u00f3wnie\u017c nasze ulubione owoce: statystyczny Polak rocznie zjada ich ok. 12-14 kg.<\/span><\/p>\n<p><span style=\"font-family: verdana, geneva, sans-serif;font-size: 12pt;color: #000000\">Oko\u0142o 40% polskich jab\u0142ek pochodzi z sad\u00f3w z okolic Gr\u00f3jca, w centralnej cz\u0119\u015bci Polski (rozleg\u0142y obszar na po\u0142udnie od Warszawy). Tradycje sadownicze maj\u0105 tam ponad 500 lat, g\u0142\u00f3wnie dzi\u0119ki unikalnym warunkom glebowym oraz klimatycznym, co sprawia, \u017ce jab\u0142ka s\u0105 o 5% bardziej rumiane i kwa\u015bniejsze ni\u017c te same odmiany z innych region\u00f3w.<\/span><\/p>\n<p><span style=\"font-family: verdana, geneva, sans-serif;font-size: 12pt;color: #000000\">Obecnie marka &#8222;gr\u00f3jeckie jab\u0142ka&#8221; obejmuje 27 odmian jab\u0142ek, m.in. Jonagold, Golden Delicious, Szampion, Red Jonaprince, Mutsu, Gala, Gloster i Lobo.<\/span><\/p>\n<div id='gallery-1' class='gallery galleryid-10701 gallery-columns-2 gallery-size-thumbnail'><figure class='gallery-item'>\n\t\t\t<div class='gallery-icon landscape'>\n\t\t\t\t<a href='https:\/\/pb.edu.pl\/sjo\/polish-lab\/czy-wiecie-ze\/jablko\/15-jablon-depositphotos_340348662_xl-2015\/'><img loading=\"lazy\" decoding=\"async\" width=\"300\" height=\"200\" src=\"https:\/\/pb.edu.pl\/sjo\/wp-content\/uploads\/sites\/9\/2021\/10\/15-jablon-Depositphotos_340348662_xl-2015-300x200.jpg\" class=\"attachment-thumbnail size-thumbnail\" alt=\"sa jab\u0142kowy\" srcset=\"https:\/\/pb.edu.pl\/sjo\/wp-content\/uploads\/sites\/9\/2021\/10\/15-jablon-Depositphotos_340348662_xl-2015-300x200.jpg 300w, https:\/\/pb.edu.pl\/sjo\/wp-content\/uploads\/sites\/9\/2021\/10\/15-jablon-Depositphotos_340348662_xl-2015-1024x683.jpg 1024w, https:\/\/pb.edu.pl\/sjo\/wp-content\/uploads\/sites\/9\/2021\/10\/15-jablon-Depositphotos_340348662_xl-2015-768x512.jpg 768w, https:\/\/pb.edu.pl\/sjo\/wp-content\/uploads\/sites\/9\/2021\/10\/15-jablon-Depositphotos_340348662_xl-2015-1536x1024.jpg 1536w, https:\/\/pb.edu.pl\/sjo\/wp-content\/uploads\/sites\/9\/2021\/10\/15-jablon-Depositphotos_340348662_xl-2015-2048x1365.jpg 2048w, https:\/\/pb.edu.pl\/sjo\/wp-content\/uploads\/sites\/9\/2021\/10\/15-jablon-Depositphotos_340348662_xl-2015-480x320.jpg 480w\" sizes=\"auto, (max-width: 300px) 100vw, 300px\" \/><\/a>\n\t\t\t<\/div><\/figure><figure class='gallery-item'>\n\t\t\t<div class='gallery-icon landscape'>\n\t\t\t\t<a href='https:\/\/pb.edu.pl\/sjo\/polish-lab\/czy-wiecie-ze\/jablko\/apple-tree-2\/'><img loading=\"lazy\" decoding=\"async\" width=\"300\" height=\"200\" src=\"https:\/\/pb.edu.pl\/sjo\/wp-content\/uploads\/sites\/9\/2021\/10\/15-jablka-Depositphotos_9452771_xl-2015-300x200.jpg\" class=\"attachment-thumbnail size-thumbnail\" alt=\"jab\u0142ka na jab\u0142oni\" srcset=\"https:\/\/pb.edu.pl\/sjo\/wp-content\/uploads\/sites\/9\/2021\/10\/15-jablka-Depositphotos_9452771_xl-2015-300x200.jpg 300w, https:\/\/pb.edu.pl\/sjo\/wp-content\/uploads\/sites\/9\/2021\/10\/15-jablka-Depositphotos_9452771_xl-2015-1024x680.jpg 1024w, https:\/\/pb.edu.pl\/sjo\/wp-content\/uploads\/sites\/9\/2021\/10\/15-jablka-Depositphotos_9452771_xl-2015-768x510.jpg 768w, https:\/\/pb.edu.pl\/sjo\/wp-content\/uploads\/sites\/9\/2021\/10\/15-jablka-Depositphotos_9452771_xl-2015-480x320.jpg 480w, https:\/\/pb.edu.pl\/sjo\/wp-content\/uploads\/sites\/9\/2021\/10\/15-jablka-Depositphotos_9452771_xl-2015.jpg 1368w\" sizes=\"auto, (max-width: 300px) 100vw, 300px\" \/><\/a>\n\t\t\t<\/div><\/figure><figure class='gallery-item'>\n\t\t\t<div class='gallery-icon landscape'>\n\t\t\t\t<a href='https:\/\/pb.edu.pl\/sjo\/polish-lab\/czy-wiecie-ze\/jablko\/apple-tree\/'><img loading=\"lazy\" decoding=\"async\" width=\"300\" height=\"200\" src=\"https:\/\/pb.edu.pl\/sjo\/wp-content\/uploads\/sites\/9\/2021\/10\/15-Depositphotos_9452771_xl-2015-300x200.jpg\" class=\"attachment-thumbnail size-thumbnail\" alt=\"jab\u0142ka na jab\u0142oni\" srcset=\"https:\/\/pb.edu.pl\/sjo\/wp-content\/uploads\/sites\/9\/2021\/10\/15-Depositphotos_9452771_xl-2015-300x200.jpg 300w, https:\/\/pb.edu.pl\/sjo\/wp-content\/uploads\/sites\/9\/2021\/10\/15-Depositphotos_9452771_xl-2015-1024x680.jpg 1024w, https:\/\/pb.edu.pl\/sjo\/wp-content\/uploads\/sites\/9\/2021\/10\/15-Depositphotos_9452771_xl-2015-768x510.jpg 768w, https:\/\/pb.edu.pl\/sjo\/wp-content\/uploads\/sites\/9\/2021\/10\/15-Depositphotos_9452771_xl-2015-1536x1020.jpg 1536w, https:\/\/pb.edu.pl\/sjo\/wp-content\/uploads\/sites\/9\/2021\/10\/15-Depositphotos_9452771_xl-2015-2048x1360.jpg 2048w, https:\/\/pb.edu.pl\/sjo\/wp-content\/uploads\/sites\/9\/2021\/10\/15-Depositphotos_9452771_xl-2015-480x320.jpg 480w\" sizes=\"auto, (max-width: 300px) 100vw, 300px\" \/><\/a>\n\t\t\t<\/div><\/figure><figure class='gallery-item'>\n\t\t\t<div class='gallery-icon landscape'>\n\t\t\t\t<a href='https:\/\/pb.edu.pl\/sjo\/polish-lab\/czy-wiecie-ze\/jablko\/apples\/'><img loading=\"lazy\" decoding=\"async\" width=\"300\" height=\"200\" src=\"https:\/\/pb.edu.pl\/sjo\/wp-content\/uploads\/sites\/9\/2021\/10\/15-jablka-Depositphotos_23996137_xl-2015-300x200.jpg\" class=\"attachment-thumbnail size-thumbnail\" alt=\"jab\u0142ka w skrzynce\" srcset=\"https:\/\/pb.edu.pl\/sjo\/wp-content\/uploads\/sites\/9\/2021\/10\/15-jablka-Depositphotos_23996137_xl-2015-300x200.jpg 300w, https:\/\/pb.edu.pl\/sjo\/wp-content\/uploads\/sites\/9\/2021\/10\/15-jablka-Depositphotos_23996137_xl-2015-1024x685.jpg 1024w, https:\/\/pb.edu.pl\/sjo\/wp-content\/uploads\/sites\/9\/2021\/10\/15-jablka-Depositphotos_23996137_xl-2015-768x514.jpg 768w, https:\/\/pb.edu.pl\/sjo\/wp-content\/uploads\/sites\/9\/2021\/10\/15-jablka-Depositphotos_23996137_xl-2015-1536x1028.jpg 1536w, https:\/\/pb.edu.pl\/sjo\/wp-content\/uploads\/sites\/9\/2021\/10\/15-jablka-Depositphotos_23996137_xl-2015-2048x1371.jpg 2048w, https:\/\/pb.edu.pl\/sjo\/wp-content\/uploads\/sites\/9\/2021\/10\/15-jablka-Depositphotos_23996137_xl-2015-480x320.jpg 480w\" sizes=\"auto, (max-width: 300px) 100vw, 300px\" \/><\/a>\n\t\t\t<\/div><\/figure>\n\t\t<\/div>\n\n","protected":false},"excerpt":{"rendered":"<p>Czy wiecie, \u017ce co czwarte jab\u0142ko na europejskich sto\u0142ach pochodzi z naszego kraju? Polska jest<\/p>\n","protected":false},"author":77,"featured_media":0,"parent":8281,"menu_order":0,"comment_status":"closed","ping_status":"closed","template":"","meta":{"_acf_changed":false,"ngg_post_thumbnail":0,"footnotes":""},"class_list":["post-10701","page","type-page","status-publish","hentry"],"acf":[],"yoast_head":"<!-- This site is optimized with the Yoast SEO plugin v27.0 - https:\/\/yoast.com\/product\/yoast-seo-wordpress\/ -->\n<title>Ciekawe - Studium J\u0119zyk\u00f3w Obcych<\/title>\n<meta name=\"description\" content=\"Czy wiecie, \u017ce co czwarte jab\u0142ko na europejskich sto\u0142ach pochodzi z naszego kraju? Polska jest najwi\u0119kszym producentem jab\u0142ek w Unii Europejskiej i\" \/>\n<meta name=\"robots\" content=\"index, follow, max-snippet:-1, max-image-preview:large, max-video-preview:-1\" \/>\n<link rel=\"canonical\" href=\"https:\/\/pb.edu.pl\/sjo\/polish-lab\/czy-wiecie-ze\/jablko\/\" \/>\n<meta property=\"og:locale\" content=\"pl_PL\" \/>\n<meta property=\"og:type\" content=\"article\" \/>\n<meta property=\"og:title\" content=\"Ciekawe - Studium J\u0119zyk\u00f3w Obcych\" \/>\n<meta property=\"og:description\" content=\"Czy wiecie, \u017ce co czwarte jab\u0142ko na europejskich sto\u0142ach pochodzi z naszego kraju? Polska jest najwi\u0119kszym producentem jab\u0142ek w Unii Europejskiej i\" \/>\n<meta property=\"og:url\" content=\"https:\/\/pb.edu.pl\/sjo\/polish-lab\/czy-wiecie-ze\/jablko\/\" \/>\n<meta property=\"og:site_name\" content=\"Studium J\u0119zyk\u00f3w Obcych\" \/>\n<meta property=\"article:modified_time\" content=\"2023-02-06T12:56:23+00:00\" \/>\n<meta property=\"og:image\" content=\"https:\/\/pb.edu.pl\/sjo\/wp-content\/uploads\/sites\/9\/2021\/10\/15-jablon-Depositphotos_340348662_xl-2015-300x200.jpg\" \/>\n<meta name=\"twitter:label1\" content=\"Szacowany czas czytania\" \/>\n\t<meta name=\"twitter:data1\" content=\"2 minuty\" \/>\n<script type=\"application\/ld+json\" class=\"yoast-schema-graph\">{\"@context\":\"https:\/\/schema.org\",\"@graph\":[{\"@type\":\"WebPage\",\"@id\":\"https:\/\/pb.edu.pl\/sjo\/polish-lab\/czy-wiecie-ze\/jablko\/\",\"url\":\"https:\/\/pb.edu.pl\/sjo\/polish-lab\/czy-wiecie-ze\/jablko\/\",\"name\":\"Ciekawe - Studium J\u0119zyk\u00f3w Obcych\",\"isPartOf\":{\"@id\":\"https:\/\/pb.edu.pl\/sjo\/#website\"},\"datePublished\":\"2021-10-17T13:14:59+00:00\",\"dateModified\":\"2023-02-06T12:56:23+00:00\",\"description\":\"Czy wiecie, \u017ce co czwarte jab\u0142ko na europejskich sto\u0142ach pochodzi z naszego kraju? Polska jest najwi\u0119kszym producentem jab\u0142ek w Unii Europejskiej i\",\"breadcrumb\":{\"@id\":\"https:\/\/pb.edu.pl\/sjo\/polish-lab\/czy-wiecie-ze\/jablko\/#breadcrumb\"},\"inLanguage\":\"pl-PL\",\"potentialAction\":[{\"@type\":\"ReadAction\",\"target\":[\"https:\/\/pb.edu.pl\/sjo\/polish-lab\/czy-wiecie-ze\/jablko\/\"]}]},{\"@type\":\"BreadcrumbList\",\"@id\":\"https:\/\/pb.edu.pl\/sjo\/polish-lab\/czy-wiecie-ze\/jablko\/#breadcrumb\",\"itemListElement\":[{\"@type\":\"ListItem\",\"position\":1,\"name\":\"Home\",\"item\":\"https:\/\/pb.edu.pl\/sjo\/\"},{\"@type\":\"ListItem\",\"position\":2,\"name\":\"Centrum J\u0119zyka i Kultury Polskiej POLISH LAB\",\"item\":\"https:\/\/pb.edu.pl\/sjo\/polish-lab\/\"},{\"@type\":\"ListItem\",\"position\":3,\"name\":\"O Polsce i Polakach\",\"item\":\"https:\/\/pb.edu.pl\/sjo\/polish-lab\/czy-wiecie-ze\/\"},{\"@type\":\"ListItem\",\"position\":4,\"name\":\"Ciekawe\"}]},{\"@type\":\"WebSite\",\"@id\":\"https:\/\/pb.edu.pl\/sjo\/#website\",\"url\":\"https:\/\/pb.edu.pl\/sjo\/\",\"name\":\"Studium J\u0119zyk\u00f3w Obcych\",\"description\":\"\",\"potentialAction\":[{\"@type\":\"SearchAction\",\"target\":{\"@type\":\"EntryPoint\",\"urlTemplate\":\"https:\/\/pb.edu.pl\/sjo\/?s={search_term_string}\"},\"query-input\":{\"@type\":\"PropertyValueSpecification\",\"valueRequired\":true,\"valueName\":\"search_term_string\"}}],\"inLanguage\":\"pl-PL\"}]}<\/script>\n<!-- \/ Yoast SEO plugin. -->","yoast_head_json":{"title":"Ciekawe - Studium J\u0119zyk\u00f3w Obcych","description":"Czy wiecie, \u017ce co czwarte jab\u0142ko na europejskich sto\u0142ach pochodzi z naszego kraju? Polska jest najwi\u0119kszym producentem jab\u0142ek w Unii Europejskiej i","robots":{"index":"index","follow":"follow","max-snippet":"max-snippet:-1","max-image-preview":"max-image-preview:large","max-video-preview":"max-video-preview:-1"},"canonical":"https:\/\/pb.edu.pl\/sjo\/polish-lab\/czy-wiecie-ze\/jablko\/","og_locale":"pl_PL","og_type":"article","og_title":"Ciekawe - Studium J\u0119zyk\u00f3w Obcych","og_description":"Czy wiecie, \u017ce co czwarte jab\u0142ko na europejskich sto\u0142ach pochodzi z naszego kraju? Polska jest najwi\u0119kszym producentem jab\u0142ek w Unii Europejskiej i","og_url":"https:\/\/pb.edu.pl\/sjo\/polish-lab\/czy-wiecie-ze\/jablko\/","og_site_name":"Studium J\u0119zyk\u00f3w Obcych","article_modified_time":"2023-02-06T12:56:23+00:00","og_image":[{"url":"https:\/\/pb.edu.pl\/sjo\/wp-content\/uploads\/sites\/9\/2021\/10\/15-jablon-Depositphotos_340348662_xl-2015-300x200.jpg","type":"","width":"","height":""}],"twitter_misc":{"Szacowany czas czytania":"2 minuty"},"schema":{"@context":"https:\/\/schema.org","@graph":[{"@type":"WebPage","@id":"https:\/\/pb.edu.pl\/sjo\/polish-lab\/czy-wiecie-ze\/jablko\/","url":"https:\/\/pb.edu.pl\/sjo\/polish-lab\/czy-wiecie-ze\/jablko\/","name":"Ciekawe - Studium J\u0119zyk\u00f3w Obcych","isPartOf":{"@id":"https:\/\/pb.edu.pl\/sjo\/#website"},"datePublished":"2021-10-17T13:14:59+00:00","dateModified":"2023-02-06T12:56:23+00:00","description":"Czy wiecie, \u017ce co czwarte jab\u0142ko na europejskich sto\u0142ach pochodzi z naszego kraju? Polska jest najwi\u0119kszym producentem jab\u0142ek w Unii Europejskiej i","breadcrumb":{"@id":"https:\/\/pb.edu.pl\/sjo\/polish-lab\/czy-wiecie-ze\/jablko\/#breadcrumb"},"inLanguage":"pl-PL","potentialAction":[{"@type":"ReadAction","target":["https:\/\/pb.edu.pl\/sjo\/polish-lab\/czy-wiecie-ze\/jablko\/"]}]},{"@type":"BreadcrumbList","@id":"https:\/\/pb.edu.pl\/sjo\/polish-lab\/czy-wiecie-ze\/jablko\/#breadcrumb","itemListElement":[{"@type":"ListItem","position":1,"name":"Home","item":"https:\/\/pb.edu.pl\/sjo\/"},{"@type":"ListItem","position":2,"name":"Centrum J\u0119zyka i Kultury Polskiej POLISH LAB","item":"https:\/\/pb.edu.pl\/sjo\/polish-lab\/"},{"@type":"ListItem","position":3,"name":"O Polsce i Polakach","item":"https:\/\/pb.edu.pl\/sjo\/polish-lab\/czy-wiecie-ze\/"},{"@type":"ListItem","position":4,"name":"Ciekawe"}]},{"@type":"WebSite","@id":"https:\/\/pb.edu.pl\/sjo\/#website","url":"https:\/\/pb.edu.pl\/sjo\/","name":"Studium J\u0119zyk\u00f3w Obcych","description":"","potentialAction":[{"@type":"SearchAction","target":{"@type":"EntryPoint","urlTemplate":"https:\/\/pb.edu.pl\/sjo\/?s={search_term_string}"},"query-input":{"@type":"PropertyValueSpecification","valueRequired":true,"valueName":"search_term_string"}}],"inLanguage":"pl-PL"}]}},"_links":{"self":[{"href":"https:\/\/pb.edu.pl\/sjo\/wp-json\/wp\/v2\/pages\/10701","targetHints":{"allow":["GET"]}}],"collection":[{"href":"https:\/\/pb.edu.pl\/sjo\/wp-json\/wp\/v2\/pages"}],"about":[{"href":"https:\/\/pb.edu.pl\/sjo\/wp-json\/wp\/v2\/types\/page"}],"author":[{"embeddable":true,"href":"https:\/\/pb.edu.pl\/sjo\/wp-json\/wp\/v2\/users\/77"}],"replies":[{"embeddable":true,"href":"https:\/\/pb.edu.pl\/sjo\/wp-json\/wp\/v2\/comments?post=10701"}],"version-history":[{"count":0,"href":"https:\/\/pb.edu.pl\/sjo\/wp-json\/wp\/v2\/pages\/10701\/revisions"}],"up":[{"embeddable":true,"href":"https:\/\/pb.edu.pl\/sjo\/wp-json\/wp\/v2\/pages\/8281"}],"wp:attachment":[{"href":"https:\/\/pb.edu.pl\/sjo\/wp-json\/wp\/v2\/media?parent=10701"}],"curies":[{"name":"wp","href":"https:\/\/api.w.org\/{rel}","templated":true}]}}