{"id":10671,"date":"2021-10-17T12:37:18","date_gmt":"2021-10-17T10:37:18","guid":{"rendered":"https:\/\/pb.edu.pl\/sjo\/?page_id=10671"},"modified":"2023-02-06T13:54:48","modified_gmt":"2023-02-06T12:54:48","slug":"kosciol-pokoju-w-swidnicy","status":"publish","type":"page","link":"https:\/\/pb.edu.pl\/sjo\/polish-lab\/czy-wiecie-ze\/kosciol-pokoju-w-swidnicy\/","title":{"rendered":"Niezwyk\u0142e"},"content":{"rendered":"<p><span style=\"font-family: verdana, geneva, sans-serif;font-size: 12pt\"><span style=\"font-size: 14pt\"><strong>Ko\u015bci\u00f3\u0142 Pokoju<\/strong> <strong>w \u015awidnicy<\/strong><\/span>, na Dolnym \u015al\u0105sku \u2013 ewangelicka \u015bwi\u0105tynia z XVII wieku, jeden z najwi\u0119kszych drewnianych ko\u015bcio\u0142\u00f3w w Europie, wpisany na List\u0119 \u015awiatowego Dziedzictwa UNESCO.<\/span><\/p>\n<p><span style=\"font-family: verdana, geneva, sans-serif;font-size: 12pt\">Kiedy w XVII w. \u015al\u0105sk znalaz\u0142 si\u0119 pod panowaniem austriackim, katolicki cesarz nie zezwala\u0142 na wznoszenie \u015bwi\u0105ty\u0144 innym wyznaniom. Wyda\u0142 jednak zgod\u0119 \u015bl\u0105skim luteranom na budow\u0119 trzech ko\u015bcio\u0142\u00f3w, ale \u2026 musia\u0142y sta\u0107 za murami miast i by\u0107 zbudowane z nietrwa\u0142ych materia\u0142\u00f3w, takich jak drewno, glina, piasek i s\u0142oma. Z takich w\u0142a\u015bnie materia\u0142\u00f3w zbudowany zosta\u0142 Ko\u015bci\u00f3\u0142 Pokoju w \u015awidnicy i drugi podobny, w Jaworze. Oba nale\u017c\u0105 obecnie do najcenniejszych zabytk\u00f3w regionu.<\/span><\/p>\n<div id='gallery-1' class='gallery galleryid-10671 gallery-columns-3 gallery-size-medium'><figure class='gallery-item'>\n\t\t\t<div class='gallery-icon landscape'>\n\t\t\t\t<a href='https:\/\/pb.edu.pl\/sjo\/polish-lab\/czy-wiecie-ze\/kosciol-pokoju-w-swidnicy\/79-archiwum-parafii-kpokoju\/'><img loading=\"lazy\" decoding=\"async\" width=\"300\" height=\"190\" src=\"https:\/\/pb.edu.pl\/sjo\/wp-content\/uploads\/sites\/9\/2021\/10\/79-archiwum-parafii-KPokoju-300x190.jpg\" class=\"attachment-medium size-medium\" alt=\"Ko\u015bci\u00f3\u0142 Pokoju w \u015awidnicy\" aria-describedby=\"gallery-1-10688\" srcset=\"https:\/\/pb.edu.pl\/sjo\/wp-content\/uploads\/sites\/9\/2021\/10\/79-archiwum-parafii-KPokoju-300x190.jpg 300w, https:\/\/pb.edu.pl\/sjo\/wp-content\/uploads\/sites\/9\/2021\/10\/79-archiwum-parafii-KPokoju-1024x650.jpg 1024w, https:\/\/pb.edu.pl\/sjo\/wp-content\/uploads\/sites\/9\/2021\/10\/79-archiwum-parafii-KPokoju-768x487.jpg 768w, https:\/\/pb.edu.pl\/sjo\/wp-content\/uploads\/sites\/9\/2021\/10\/79-archiwum-parafii-KPokoju-1536x974.jpg 1536w, https:\/\/pb.edu.pl\/sjo\/wp-content\/uploads\/sites\/9\/2021\/10\/79-archiwum-parafii-KPokoju-2048x1299.jpg 2048w\" sizes=\"auto, (max-width: 300px) 100vw, 300px\" \/><\/a>\n\t\t\t<\/div>\n\t\t\t\t<figcaption class='wp-caption-text gallery-caption' id='gallery-1-10688'>\n\t\t\t\tfot. z archiwum parafii Ko\u015bcio\u0142a Pokoju\n\t\t\t\t<\/figcaption><\/figure><figure class='gallery-item'>\n\t\t\t<div class='gallery-icon landscape'>\n\t\t\t\t<a href='https:\/\/pb.edu.pl\/sjo\/polish-lab\/czy-wiecie-ze\/kosciol-pokoju-w-swidnicy\/dsc_8755\/'><img loading=\"lazy\" decoding=\"async\" width=\"300\" height=\"199\" src=\"https:\/\/pb.edu.pl\/sjo\/wp-content\/uploads\/sites\/9\/2021\/10\/DSC_8755-300x199.jpg\" class=\"attachment-medium size-medium\" alt=\"rze\u017aby na o\u0142atarzu Ko\u015bcio\u0142a Pokoju w \u015awidnicy\" aria-describedby=\"gallery-1-10683\" srcset=\"https:\/\/pb.edu.pl\/sjo\/wp-content\/uploads\/sites\/9\/2021\/10\/DSC_8755-300x200.jpg 300w, https:\/\/pb.edu.pl\/sjo\/wp-content\/uploads\/sites\/9\/2021\/10\/DSC_8755-1024x678.jpg 1024w, https:\/\/pb.edu.pl\/sjo\/wp-content\/uploads\/sites\/9\/2021\/10\/DSC_8755-768x509.jpg 768w, https:\/\/pb.edu.pl\/sjo\/wp-content\/uploads\/sites\/9\/2021\/10\/DSC_8755-1536x1017.jpg 1536w, https:\/\/pb.edu.pl\/sjo\/wp-content\/uploads\/sites\/9\/2021\/10\/DSC_8755-2048x1356.jpg 2048w, https:\/\/pb.edu.pl\/sjo\/wp-content\/uploads\/sites\/9\/2021\/10\/DSC_8755-480x320.jpg 480w\" sizes=\"auto, (max-width: 300px) 100vw, 300px\" \/><\/a>\n\t\t\t<\/div>\n\t\t\t\t<figcaption class='wp-caption-text gallery-caption' id='gallery-1-10683'>\n\t\t\t\tfot. A. Jab\u0142o\u0144ska Domurat\n\t\t\t\t<\/figcaption><\/figure><figure class='gallery-item'>\n\t\t\t<div class='gallery-icon landscape'>\n\t\t\t\t<a href='https:\/\/pb.edu.pl\/sjo\/polish-lab\/czy-wiecie-ze\/kosciol-pokoju-w-swidnicy\/dsc_8748-2-2\/'><img loading=\"lazy\" decoding=\"async\" width=\"300\" height=\"199\" src=\"https:\/\/pb.edu.pl\/sjo\/wp-content\/uploads\/sites\/9\/2021\/10\/DSC_8748-2-1-300x199.jpg\" class=\"attachment-medium size-medium\" alt=\"wn\u0119trze Ko\u015bcio\u0142a Pokoju w \u015awidnicy\" aria-describedby=\"gallery-1-10682\" srcset=\"https:\/\/pb.edu.pl\/sjo\/wp-content\/uploads\/sites\/9\/2021\/10\/DSC_8748-2-1-300x200.jpg 300w, https:\/\/pb.edu.pl\/sjo\/wp-content\/uploads\/sites\/9\/2021\/10\/DSC_8748-2-1-1024x678.jpg 1024w, https:\/\/pb.edu.pl\/sjo\/wp-content\/uploads\/sites\/9\/2021\/10\/DSC_8748-2-1-768x509.jpg 768w, https:\/\/pb.edu.pl\/sjo\/wp-content\/uploads\/sites\/9\/2021\/10\/DSC_8748-2-1-1536x1017.jpg 1536w, https:\/\/pb.edu.pl\/sjo\/wp-content\/uploads\/sites\/9\/2021\/10\/DSC_8748-2-1-2048x1356.jpg 2048w, https:\/\/pb.edu.pl\/sjo\/wp-content\/uploads\/sites\/9\/2021\/10\/DSC_8748-2-1-480x320.jpg 480w\" sizes=\"auto, (max-width: 300px) 100vw, 300px\" \/><\/a>\n\t\t\t<\/div>\n\t\t\t\t<figcaption class='wp-caption-text gallery-caption' id='gallery-1-10682'>\n\t\t\t\tfot. A. Jab\u0142o\u0144ska Domurat\n\t\t\t\t<\/figcaption><\/figure>\n\t\t<\/div>\n\n<div id='gallery-2' class='gallery galleryid-10671 gallery-columns-3 gallery-size-medium'><figure class='gallery-item'>\n\t\t\t<div class='gallery-icon landscape'>\n\t\t\t\t<a href='https:\/\/pb.edu.pl\/sjo\/polish-lab\/czy-wiecie-ze\/kosciol-pokoju-w-swidnicy\/interior-of-magnificently-decorated-wooden-protestant-church-of-peace-in-swidnica-unesco-world-cultural-heritage-poland\/'><img loading=\"lazy\" decoding=\"async\" width=\"300\" height=\"200\" src=\"https:\/\/pb.edu.pl\/sjo\/wp-content\/uploads\/sites\/9\/2021\/10\/13-AdobeStock_205400787-300x200.jpeg\" class=\"attachment-medium size-medium\" alt=\"wn\u0119trze Ko\u015bcio\u0142a Pokoju w \u015awidnicywn\u0119trze Ko\u015bcio\u0142a Pokoju w \u015awidnicy\" aria-describedby=\"gallery-2-10672\" srcset=\"https:\/\/pb.edu.pl\/sjo\/wp-content\/uploads\/sites\/9\/2021\/10\/13-AdobeStock_205400787-300x200.jpeg 300w, https:\/\/pb.edu.pl\/sjo\/wp-content\/uploads\/sites\/9\/2021\/10\/13-AdobeStock_205400787-1024x683.jpeg 1024w, https:\/\/pb.edu.pl\/sjo\/wp-content\/uploads\/sites\/9\/2021\/10\/13-AdobeStock_205400787-768x512.jpeg 768w, https:\/\/pb.edu.pl\/sjo\/wp-content\/uploads\/sites\/9\/2021\/10\/13-AdobeStock_205400787-1536x1024.jpeg 1536w, https:\/\/pb.edu.pl\/sjo\/wp-content\/uploads\/sites\/9\/2021\/10\/13-AdobeStock_205400787-2048x1365.jpeg 2048w, https:\/\/pb.edu.pl\/sjo\/wp-content\/uploads\/sites\/9\/2021\/10\/13-AdobeStock_205400787-480x320.jpeg 480w\" sizes=\"auto, (max-width: 300px) 100vw, 300px\" \/><\/a>\n\t\t\t<\/div>\n\t\t\t\t<figcaption class='wp-caption-text gallery-caption' id='gallery-2-10672'>\n\t\t\t\tfot. Adobe Stock\n\t\t\t\t<\/figcaption><\/figure><figure class='gallery-item'>\n\t\t\t<div class='gallery-icon landscape'>\n\t\t\t\t<a href='https:\/\/pb.edu.pl\/sjo\/polish-lab\/czy-wiecie-ze\/kosciol-pokoju-w-swidnicy\/dsc_8739-2\/'><img loading=\"lazy\" decoding=\"async\" width=\"300\" height=\"199\" src=\"https:\/\/pb.edu.pl\/sjo\/wp-content\/uploads\/sites\/9\/2021\/10\/DSC_8739-2-300x199.jpg\" class=\"attachment-medium size-medium\" alt=\"wn\u0119trze Ko\u015bcio\u0142a Pokoju w \u015awidnicy\" aria-describedby=\"gallery-2-10679\" srcset=\"https:\/\/pb.edu.pl\/sjo\/wp-content\/uploads\/sites\/9\/2021\/10\/DSC_8739-2-300x200.jpg 300w, https:\/\/pb.edu.pl\/sjo\/wp-content\/uploads\/sites\/9\/2021\/10\/DSC_8739-2-1024x678.jpg 1024w, https:\/\/pb.edu.pl\/sjo\/wp-content\/uploads\/sites\/9\/2021\/10\/DSC_8739-2-768x509.jpg 768w, https:\/\/pb.edu.pl\/sjo\/wp-content\/uploads\/sites\/9\/2021\/10\/DSC_8739-2-1536x1017.jpg 1536w, https:\/\/pb.edu.pl\/sjo\/wp-content\/uploads\/sites\/9\/2021\/10\/DSC_8739-2-2048x1356.jpg 2048w, https:\/\/pb.edu.pl\/sjo\/wp-content\/uploads\/sites\/9\/2021\/10\/DSC_8739-2-480x320.jpg 480w\" sizes=\"auto, (max-width: 300px) 100vw, 300px\" \/><\/a>\n\t\t\t<\/div>\n\t\t\t\t<figcaption class='wp-caption-text gallery-caption' id='gallery-2-10679'>\n\t\t\t\tfot. A. Jab\u0142o\u0144ska Domurat\n\t\t\t\t<\/figcaption><\/figure><figure class='gallery-item'>\n\t\t\t<div class='gallery-icon landscape'>\n\t\t\t\t<a href='https:\/\/pb.edu.pl\/sjo\/polish-lab\/czy-wiecie-ze\/kosciol-pokoju-w-swidnicy\/dsc_8772\/'><img loading=\"lazy\" decoding=\"async\" width=\"300\" height=\"199\" src=\"https:\/\/pb.edu.pl\/sjo\/wp-content\/uploads\/sites\/9\/2021\/10\/DSC_8772-300x199.jpg\" class=\"attachment-medium size-medium\" alt=\"wn\u0119trze Ko\u015bcio\u0142a Pokoju w \u015awidnicy\" aria-describedby=\"gallery-2-10685\" srcset=\"https:\/\/pb.edu.pl\/sjo\/wp-content\/uploads\/sites\/9\/2021\/10\/DSC_8772-300x200.jpg 300w, https:\/\/pb.edu.pl\/sjo\/wp-content\/uploads\/sites\/9\/2021\/10\/DSC_8772-1024x678.jpg 1024w, https:\/\/pb.edu.pl\/sjo\/wp-content\/uploads\/sites\/9\/2021\/10\/DSC_8772-768x509.jpg 768w, https:\/\/pb.edu.pl\/sjo\/wp-content\/uploads\/sites\/9\/2021\/10\/DSC_8772-1536x1017.jpg 1536w, https:\/\/pb.edu.pl\/sjo\/wp-content\/uploads\/sites\/9\/2021\/10\/DSC_8772-2048x1356.jpg 2048w, https:\/\/pb.edu.pl\/sjo\/wp-content\/uploads\/sites\/9\/2021\/10\/DSC_8772-480x320.jpg 480w\" sizes=\"auto, (max-width: 300px) 100vw, 300px\" \/><\/a>\n\t\t\t<\/div>\n\t\t\t\t<figcaption class='wp-caption-text gallery-caption' id='gallery-2-10685'>\n\t\t\t\tfot. A. Jab\u0142o\u0144ska Domurat\n\t\t\t\t<\/figcaption><\/figure>\n\t\t<\/div>\n\n<p><span style=\"font-family: verdana, geneva, sans-serif;font-size: 12pt\"><span style=\"font-size: 14pt\"><strong>\u0425\u0440\u0430\u043c \u041c\u0438\u0440\u0430 \u0432 \u0421\u0432\u0438\u0434\u043d\u0438\u0446\u0435<\/strong><\/span>, \u041d\u0438\u0436\u043d\u044f\u044f \u0421\u0438\u043b\u0435\u0437\u0438\u044f &#8211; \u0435\u0432\u0430\u043d\u0433\u0435\u043b\u0438\u0447\u0435\u0441\u043a\u0438\u0439 \u0445\u0440\u0430\u043c XVII \u0432\u0435\u043a\u0430, \u043e\u0434\u043d\u0430 \u0438\u0437 \u043a\u0440\u0443\u043f\u043d\u0435\u0439\u0448\u0438\u0445 \u0434\u0435\u0440\u0435\u0432\u044f\u043d\u043d\u044b\u0445 \u0445\u0440\u0430\u043c\u043e\u0432 \u0432 \u0415\u0432\u0440\u043e\u043f\u0435, \u043e\u0431\u044a\u0435\u043a\u0442 \u0412\u0441\u0435\u043c\u0438\u0440\u043d\u043e\u0433\u043e \u043d\u0430\u0441\u043b\u0435\u0434\u0438\u044f \u042e\u041d\u0415\u0421\u041a\u041e.<\/span><\/p>\n<p><span style=\"font-family: verdana, geneva, sans-serif;font-size: 12pt\">\u041a\u043e\u0433\u0434\u0430 \u0432 XVII \u0432\u0435\u043a\u0435 \u0421\u0438\u043b\u0435\u0437\u0438\u044f \u043f\u0435\u0440\u0435\u0448\u043b\u0430 \u043f\u043e\u0434 \u0432\u043b\u0430\u0441\u0442\u044c \u0410\u0432\u0441\u0442\u0440\u0438\u0438, \u043a\u0430\u0442\u043e\u043b\u0438\u0447\u0435\u0441\u043a\u0438\u0439 \u0438\u043c\u043f\u0435\u0440\u0430\u0442\u043e\u0440 \u043d\u0435 \u0440\u0430\u0437\u0440\u0435\u0448\u0438\u043b \u0434\u0440\u0443\u0433\u0438\u043c \u043a\u043e\u043d\u0444\u0435\u0441\u0441\u0438\u044f\u043c \u0441\u0442\u0440\u043e\u0438\u0442\u044c \u0446\u0435\u0440\u043a\u0432\u0435\u0439. \u041e\u0434\u043d\u0430\u043a\u043e \u043e\u043d \u0440\u0430\u0437\u0440\u0435\u0448\u0438\u043b \u0441\u0438\u043b\u0435\u0437\u0441\u043a\u0438\u043c \u043b\u044e\u0442\u0435\u0440\u0430\u043d\u0430\u043c \u043f\u043e\u0441\u0442\u0440\u043e\u0438\u0442\u044c \u0442\u0440\u0438 \u0445\u0440\u0430\u043c\u0430, \u043d\u043e &#8230; \u043e\u043d\u0438 \u0434\u043e\u043b\u0436\u043d\u044b \u0431\u044b\u043b\u0438 \u0441\u0442\u043e\u044f\u0442\u044c \u0437\u0430 \u043f\u0440\u0435\u0434\u0435\u043b\u0430\u043c\u0438 \u0433\u043e\u0440\u043e\u0434\u0441\u043a\u0438\u0445 \u0441\u0442\u0435\u043d \u0438 \u0441\u0442\u0440\u043e\u0438\u0442\u044c\u0441\u044f \u0438\u0437 \u0441\u043a\u043e\u0440\u043e\u043f\u043e\u0440\u0442\u044f\u0449\u0438\u0445\u0441\u044f \u043c\u0430\u0442\u0435\u0440\u0438\u0430\u043b\u043e\u0432, \u0442\u0430\u043a\u0438\u0445 \u043a\u0430\u043a \u0434\u0435\u0440\u0435\u0432\u043e, \u0433\u043b\u0438\u043d\u0430, \u043f\u0435\u0441\u043e\u043a \u0438 \u0441\u043e\u043b\u043e\u043c\u0430. \u0418\u0437 \u044d\u0442\u0438\u0445 \u043c\u0430\u0442\u0435\u0440\u0438\u0430\u043b\u043e\u0432 \u0431\u044b\u043b \u043f\u043e\u0441\u0442\u0440\u043e\u0435\u043d \u0445\u0440\u0430\u043c \u041c\u0438\u0440\u0430 \u0432 \u0421\u0432\u0438\u0434\u043d\u0438\u0446\u0435 \u0438 \u0434\u0440\u0443\u0433\u043e\u0439 \u043f\u043e\u0434\u043e\u0431\u043d\u044b\u0439 \u0445\u0440\u0430\u043c \u0432 \u042f\u0432\u043e\u0440\u0435. \u041e\u0431\u0430 \u043e\u043d\u0438 \u0441\u0435\u0433\u043e\u0434\u043d\u044f \u044f\u0432\u043b\u044f\u044e\u0442\u0441\u044f \u043e\u0434\u043d\u0438\u043c\u0438 \u0438\u0437 \u0441\u0430\u043c\u044b\u0445 \u0446\u0435\u043d\u043d\u044b\u0445 \u043f\u0430\u043c\u044f\u0442\u043d\u0438\u043a\u043e\u0432 \u0440\u0435\u0433\u0438\u043e\u043d\u0430.<\/span><\/p>\n<div id='gallery-3' class='gallery galleryid-10671 gallery-columns-3 gallery-size-medium'><figure class='gallery-item'>\n\t\t\t<div class='gallery-icon landscape'>\n\t\t\t\t<a href='https:\/\/pb.edu.pl\/sjo\/polish-lab\/czy-wiecie-ze\/kosciol-pokoju-w-swidnicy\/timbered-church-of-swidnica-silesia-poland\/'><img loading=\"lazy\" decoding=\"async\" width=\"300\" height=\"200\" src=\"https:\/\/pb.edu.pl\/sjo\/wp-content\/uploads\/sites\/9\/2021\/10\/13-AdobeStock_38512148-300x200.jpeg\" class=\"attachment-medium size-medium\" alt=\"wn\u0119trze Ko\u015bcio\u0142a Pokoju w \u015awidnicy\" aria-describedby=\"gallery-3-10674\" srcset=\"https:\/\/pb.edu.pl\/sjo\/wp-content\/uploads\/sites\/9\/2021\/10\/13-AdobeStock_38512148-300x200.jpeg 300w, https:\/\/pb.edu.pl\/sjo\/wp-content\/uploads\/sites\/9\/2021\/10\/13-AdobeStock_38512148-1024x683.jpeg 1024w, https:\/\/pb.edu.pl\/sjo\/wp-content\/uploads\/sites\/9\/2021\/10\/13-AdobeStock_38512148-768x512.jpeg 768w, https:\/\/pb.edu.pl\/sjo\/wp-content\/uploads\/sites\/9\/2021\/10\/13-AdobeStock_38512148-1536x1024.jpeg 1536w, https:\/\/pb.edu.pl\/sjo\/wp-content\/uploads\/sites\/9\/2021\/10\/13-AdobeStock_38512148-2048x1365.jpeg 2048w, https:\/\/pb.edu.pl\/sjo\/wp-content\/uploads\/sites\/9\/2021\/10\/13-AdobeStock_38512148-480x320.jpeg 480w\" sizes=\"auto, (max-width: 300px) 100vw, 300px\" \/><\/a>\n\t\t\t<\/div>\n\t\t\t\t<figcaption class='wp-caption-text gallery-caption' id='gallery-3-10674'>\n\t\t\t\tfot. Adobe Stock\n\t\t\t\t<\/figcaption><\/figure><figure class='gallery-item'>\n\t\t\t<div class='gallery-icon portrait'>\n\t\t\t\t<a href='https:\/\/pb.edu.pl\/sjo\/polish-lab\/czy-wiecie-ze\/kosciol-pokoju-w-swidnicy\/dsc_8736-1-2\/'><img loading=\"lazy\" decoding=\"async\" width=\"199\" height=\"300\" src=\"https:\/\/pb.edu.pl\/sjo\/wp-content\/uploads\/sites\/9\/2021\/10\/DSC_8736-1-2-199x300.jpg\" class=\"attachment-medium size-medium\" alt=\"wn\u0119trze Ko\u015bcio\u0142a Pokoju w \u015awidnicy\" aria-describedby=\"gallery-3-10678\" srcset=\"https:\/\/pb.edu.pl\/sjo\/wp-content\/uploads\/sites\/9\/2021\/10\/DSC_8736-1-2-199x300.jpg 199w, https:\/\/pb.edu.pl\/sjo\/wp-content\/uploads\/sites\/9\/2021\/10\/DSC_8736-1-2-678x1024.jpg 678w, https:\/\/pb.edu.pl\/sjo\/wp-content\/uploads\/sites\/9\/2021\/10\/DSC_8736-1-2-768x1160.jpg 768w, https:\/\/pb.edu.pl\/sjo\/wp-content\/uploads\/sites\/9\/2021\/10\/DSC_8736-1-2-1017x1536.jpg 1017w, https:\/\/pb.edu.pl\/sjo\/wp-content\/uploads\/sites\/9\/2021\/10\/DSC_8736-1-2-1356x2048.jpg 1356w, https:\/\/pb.edu.pl\/sjo\/wp-content\/uploads\/sites\/9\/2021\/10\/DSC_8736-1-2-scaled.jpg 1696w\" sizes=\"auto, (max-width: 199px) 100vw, 199px\" \/><\/a>\n\t\t\t<\/div>\n\t\t\t\t<figcaption class='wp-caption-text gallery-caption' id='gallery-3-10678'>\n\t\t\t\tfot. A. Jab\u0142o\u0144ska Domurat\n\t\t\t\t<\/figcaption><\/figure><figure class='gallery-item'>\n\t\t\t<div class='gallery-icon portrait'>\n\t\t\t\t<a href='https:\/\/pb.edu.pl\/sjo\/polish-lab\/czy-wiecie-ze\/kosciol-pokoju-w-swidnicy\/dsc_8762\/'><img loading=\"lazy\" decoding=\"async\" width=\"199\" height=\"300\" src=\"https:\/\/pb.edu.pl\/sjo\/wp-content\/uploads\/sites\/9\/2021\/10\/DSC_8762-199x300.jpg\" class=\"attachment-medium size-medium\" alt=\"wn\u0119trze Ko\u015bcio\u0142a Pokoju w \u015awidnicy\" aria-describedby=\"gallery-3-10684\" srcset=\"https:\/\/pb.edu.pl\/sjo\/wp-content\/uploads\/sites\/9\/2021\/10\/DSC_8762-199x300.jpg 199w, https:\/\/pb.edu.pl\/sjo\/wp-content\/uploads\/sites\/9\/2021\/10\/DSC_8762-678x1024.jpg 678w, https:\/\/pb.edu.pl\/sjo\/wp-content\/uploads\/sites\/9\/2021\/10\/DSC_8762-768x1160.jpg 768w, https:\/\/pb.edu.pl\/sjo\/wp-content\/uploads\/sites\/9\/2021\/10\/DSC_8762-1017x1536.jpg 1017w, https:\/\/pb.edu.pl\/sjo\/wp-content\/uploads\/sites\/9\/2021\/10\/DSC_8762-1356x2048.jpg 1356w, https:\/\/pb.edu.pl\/sjo\/wp-content\/uploads\/sites\/9\/2021\/10\/DSC_8762-scaled.jpg 1696w\" sizes=\"auto, (max-width: 199px) 100vw, 199px\" \/><\/a>\n\t\t\t<\/div>\n\t\t\t\t<figcaption class='wp-caption-text gallery-caption' id='gallery-3-10684'>\n\t\t\t\tfot. A. Jab\u0142o\u0144ska Domurat\n\t\t\t\t<\/figcaption><\/figure>\n\t\t<\/div>\n\n","protected":false},"excerpt":{"rendered":"<p>Ko\u015bci\u00f3\u0142 Pokoju w \u015awidnicy, na Dolnym \u015al\u0105sku \u2013 ewangelicka \u015bwi\u0105tynia z XVII wieku, jeden z<\/p>\n","protected":false},"author":77,"featured_media":0,"parent":8281,"menu_order":0,"comment_status":"closed","ping_status":"closed","template":"","meta":{"_acf_changed":false,"ngg_post_thumbnail":0,"footnotes":""},"class_list":["post-10671","page","type-page","status-publish","hentry"],"acf":[],"yoast_head":"<!-- This site is optimized with the Yoast SEO plugin v27.0 - https:\/\/yoast.com\/product\/yoast-seo-wordpress\/ -->\n<title>Niezwyk\u0142e - Studium J\u0119zyk\u00f3w Obcych<\/title>\n<meta name=\"description\" content=\"Ko\u015bci\u00f3\u0142 Pokoju w \u015awidnicy, na Dolnym \u015al\u0105sku \u2013 ewangelicka \u015bwi\u0105tynia z XVII wieku, jeden z najwi\u0119kszych drewnianych ko\u015bcio\u0142\u00f3w w Europie, wpisany na List\u0119\" \/>\n<meta name=\"robots\" content=\"index, follow, max-snippet:-1, max-image-preview:large, max-video-preview:-1\" \/>\n<link rel=\"canonical\" href=\"https:\/\/pb.edu.pl\/sjo\/polish-lab\/czy-wiecie-ze\/kosciol-pokoju-w-swidnicy\/\" \/>\n<meta property=\"og:locale\" content=\"pl_PL\" \/>\n<meta property=\"og:type\" content=\"article\" \/>\n<meta property=\"og:title\" content=\"Niezwyk\u0142e - Studium J\u0119zyk\u00f3w Obcych\" \/>\n<meta property=\"og:description\" content=\"Ko\u015bci\u00f3\u0142 Pokoju w \u015awidnicy, na Dolnym \u015al\u0105sku \u2013 ewangelicka \u015bwi\u0105tynia z XVII wieku, jeden z najwi\u0119kszych drewnianych ko\u015bcio\u0142\u00f3w w Europie, wpisany na List\u0119\" \/>\n<meta property=\"og:url\" content=\"https:\/\/pb.edu.pl\/sjo\/polish-lab\/czy-wiecie-ze\/kosciol-pokoju-w-swidnicy\/\" \/>\n<meta property=\"og:site_name\" content=\"Studium J\u0119zyk\u00f3w Obcych\" \/>\n<meta property=\"article:modified_time\" content=\"2023-02-06T12:54:48+00:00\" \/>\n<meta property=\"og:image\" content=\"https:\/\/pb.edu.pl\/sjo\/wp-content\/uploads\/sites\/9\/2021\/10\/79-archiwum-parafii-KPokoju-300x190.jpg\" \/>\n<meta name=\"twitter:label1\" content=\"Szacowany czas czytania\" \/>\n\t<meta name=\"twitter:data1\" content=\"2 minuty\" \/>\n<script type=\"application\/ld+json\" class=\"yoast-schema-graph\">{\"@context\":\"https:\/\/schema.org\",\"@graph\":[{\"@type\":\"WebPage\",\"@id\":\"https:\/\/pb.edu.pl\/sjo\/polish-lab\/czy-wiecie-ze\/kosciol-pokoju-w-swidnicy\/\",\"url\":\"https:\/\/pb.edu.pl\/sjo\/polish-lab\/czy-wiecie-ze\/kosciol-pokoju-w-swidnicy\/\",\"name\":\"Niezwyk\u0142e - Studium J\u0119zyk\u00f3w Obcych\",\"isPartOf\":{\"@id\":\"https:\/\/pb.edu.pl\/sjo\/#website\"},\"datePublished\":\"2021-10-17T10:37:18+00:00\",\"dateModified\":\"2023-02-06T12:54:48+00:00\",\"description\":\"Ko\u015bci\u00f3\u0142 Pokoju w \u015awidnicy, na Dolnym \u015al\u0105sku \u2013 ewangelicka \u015bwi\u0105tynia z XVII wieku, jeden z najwi\u0119kszych drewnianych ko\u015bcio\u0142\u00f3w w Europie, wpisany na List\u0119\",\"breadcrumb\":{\"@id\":\"https:\/\/pb.edu.pl\/sjo\/polish-lab\/czy-wiecie-ze\/kosciol-pokoju-w-swidnicy\/#breadcrumb\"},\"inLanguage\":\"pl-PL\",\"potentialAction\":[{\"@type\":\"ReadAction\",\"target\":[\"https:\/\/pb.edu.pl\/sjo\/polish-lab\/czy-wiecie-ze\/kosciol-pokoju-w-swidnicy\/\"]}]},{\"@type\":\"BreadcrumbList\",\"@id\":\"https:\/\/pb.edu.pl\/sjo\/polish-lab\/czy-wiecie-ze\/kosciol-pokoju-w-swidnicy\/#breadcrumb\",\"itemListElement\":[{\"@type\":\"ListItem\",\"position\":1,\"name\":\"Home\",\"item\":\"https:\/\/pb.edu.pl\/sjo\/\"},{\"@type\":\"ListItem\",\"position\":2,\"name\":\"Centrum J\u0119zyka i Kultury Polskiej POLISH LAB\",\"item\":\"https:\/\/pb.edu.pl\/sjo\/polish-lab\/\"},{\"@type\":\"ListItem\",\"position\":3,\"name\":\"O Polsce i Polakach\",\"item\":\"https:\/\/pb.edu.pl\/sjo\/polish-lab\/czy-wiecie-ze\/\"},{\"@type\":\"ListItem\",\"position\":4,\"name\":\"Niezwyk\u0142e\"}]},{\"@type\":\"WebSite\",\"@id\":\"https:\/\/pb.edu.pl\/sjo\/#website\",\"url\":\"https:\/\/pb.edu.pl\/sjo\/\",\"name\":\"Studium J\u0119zyk\u00f3w Obcych\",\"description\":\"\",\"potentialAction\":[{\"@type\":\"SearchAction\",\"target\":{\"@type\":\"EntryPoint\",\"urlTemplate\":\"https:\/\/pb.edu.pl\/sjo\/?s={search_term_string}\"},\"query-input\":{\"@type\":\"PropertyValueSpecification\",\"valueRequired\":true,\"valueName\":\"search_term_string\"}}],\"inLanguage\":\"pl-PL\"}]}<\/script>\n<!-- \/ Yoast SEO plugin. -->","yoast_head_json":{"title":"Niezwyk\u0142e - Studium J\u0119zyk\u00f3w Obcych","description":"Ko\u015bci\u00f3\u0142 Pokoju w \u015awidnicy, na Dolnym \u015al\u0105sku \u2013 ewangelicka \u015bwi\u0105tynia z XVII wieku, jeden z najwi\u0119kszych drewnianych ko\u015bcio\u0142\u00f3w w Europie, wpisany na List\u0119","robots":{"index":"index","follow":"follow","max-snippet":"max-snippet:-1","max-image-preview":"max-image-preview:large","max-video-preview":"max-video-preview:-1"},"canonical":"https:\/\/pb.edu.pl\/sjo\/polish-lab\/czy-wiecie-ze\/kosciol-pokoju-w-swidnicy\/","og_locale":"pl_PL","og_type":"article","og_title":"Niezwyk\u0142e - Studium J\u0119zyk\u00f3w Obcych","og_description":"Ko\u015bci\u00f3\u0142 Pokoju w \u015awidnicy, na Dolnym \u015al\u0105sku \u2013 ewangelicka \u015bwi\u0105tynia z XVII wieku, jeden z najwi\u0119kszych drewnianych ko\u015bcio\u0142\u00f3w w Europie, wpisany na List\u0119","og_url":"https:\/\/pb.edu.pl\/sjo\/polish-lab\/czy-wiecie-ze\/kosciol-pokoju-w-swidnicy\/","og_site_name":"Studium J\u0119zyk\u00f3w Obcych","article_modified_time":"2023-02-06T12:54:48+00:00","og_image":[{"url":"https:\/\/pb.edu.pl\/sjo\/wp-content\/uploads\/sites\/9\/2021\/10\/79-archiwum-parafii-KPokoju-300x190.jpg","type":"","width":"","height":""}],"twitter_misc":{"Szacowany czas czytania":"2 minuty"},"schema":{"@context":"https:\/\/schema.org","@graph":[{"@type":"WebPage","@id":"https:\/\/pb.edu.pl\/sjo\/polish-lab\/czy-wiecie-ze\/kosciol-pokoju-w-swidnicy\/","url":"https:\/\/pb.edu.pl\/sjo\/polish-lab\/czy-wiecie-ze\/kosciol-pokoju-w-swidnicy\/","name":"Niezwyk\u0142e - Studium J\u0119zyk\u00f3w Obcych","isPartOf":{"@id":"https:\/\/pb.edu.pl\/sjo\/#website"},"datePublished":"2021-10-17T10:37:18+00:00","dateModified":"2023-02-06T12:54:48+00:00","description":"Ko\u015bci\u00f3\u0142 Pokoju w \u015awidnicy, na Dolnym \u015al\u0105sku \u2013 ewangelicka \u015bwi\u0105tynia z XVII wieku, jeden z najwi\u0119kszych drewnianych ko\u015bcio\u0142\u00f3w w Europie, wpisany na List\u0119","breadcrumb":{"@id":"https:\/\/pb.edu.pl\/sjo\/polish-lab\/czy-wiecie-ze\/kosciol-pokoju-w-swidnicy\/#breadcrumb"},"inLanguage":"pl-PL","potentialAction":[{"@type":"ReadAction","target":["https:\/\/pb.edu.pl\/sjo\/polish-lab\/czy-wiecie-ze\/kosciol-pokoju-w-swidnicy\/"]}]},{"@type":"BreadcrumbList","@id":"https:\/\/pb.edu.pl\/sjo\/polish-lab\/czy-wiecie-ze\/kosciol-pokoju-w-swidnicy\/#breadcrumb","itemListElement":[{"@type":"ListItem","position":1,"name":"Home","item":"https:\/\/pb.edu.pl\/sjo\/"},{"@type":"ListItem","position":2,"name":"Centrum J\u0119zyka i Kultury Polskiej POLISH LAB","item":"https:\/\/pb.edu.pl\/sjo\/polish-lab\/"},{"@type":"ListItem","position":3,"name":"O Polsce i Polakach","item":"https:\/\/pb.edu.pl\/sjo\/polish-lab\/czy-wiecie-ze\/"},{"@type":"ListItem","position":4,"name":"Niezwyk\u0142e"}]},{"@type":"WebSite","@id":"https:\/\/pb.edu.pl\/sjo\/#website","url":"https:\/\/pb.edu.pl\/sjo\/","name":"Studium J\u0119zyk\u00f3w Obcych","description":"","potentialAction":[{"@type":"SearchAction","target":{"@type":"EntryPoint","urlTemplate":"https:\/\/pb.edu.pl\/sjo\/?s={search_term_string}"},"query-input":{"@type":"PropertyValueSpecification","valueRequired":true,"valueName":"search_term_string"}}],"inLanguage":"pl-PL"}]}},"_links":{"self":[{"href":"https:\/\/pb.edu.pl\/sjo\/wp-json\/wp\/v2\/pages\/10671","targetHints":{"allow":["GET"]}}],"collection":[{"href":"https:\/\/pb.edu.pl\/sjo\/wp-json\/wp\/v2\/pages"}],"about":[{"href":"https:\/\/pb.edu.pl\/sjo\/wp-json\/wp\/v2\/types\/page"}],"author":[{"embeddable":true,"href":"https:\/\/pb.edu.pl\/sjo\/wp-json\/wp\/v2\/users\/77"}],"replies":[{"embeddable":true,"href":"https:\/\/pb.edu.pl\/sjo\/wp-json\/wp\/v2\/comments?post=10671"}],"version-history":[{"count":0,"href":"https:\/\/pb.edu.pl\/sjo\/wp-json\/wp\/v2\/pages\/10671\/revisions"}],"up":[{"embeddable":true,"href":"https:\/\/pb.edu.pl\/sjo\/wp-json\/wp\/v2\/pages\/8281"}],"wp:attachment":[{"href":"https:\/\/pb.edu.pl\/sjo\/wp-json\/wp\/v2\/media?parent=10671"}],"curies":[{"name":"wp","href":"https:\/\/api.w.org\/{rel}","templated":true}]}}