{"id":10657,"date":"2021-10-17T11:44:53","date_gmt":"2021-10-17T09:44:53","guid":{"rendered":"https:\/\/pb.edu.pl\/sjo\/?page_id=10657"},"modified":"2023-03-12T16:46:43","modified_gmt":"2023-03-12T15:46:43","slug":"kopalnia-soli-w-wieliczce","status":"publish","type":"page","link":"https:\/\/pb.edu.pl\/sjo\/polish-lab\/czy-wiecie-ze\/kopalnia-soli-w-wieliczce\/","title":{"rendered":"Niezwyk\u0142e"},"content":{"rendered":"<p><span style=\"font-family: verdana, geneva, sans-serif;font-size: 12pt\"><strong><span style=\"font-size: 14pt\">Kopalnia Soli w Wieliczce<\/span> <\/strong>jest jedn\u0105 z najstarszych kopal\u0144 soli kamiennej na \u015bwiecie i najd\u0142u\u017cej czynnym zak\u0142adem przemys\u0142owym. Istnia\u0142a ju\u017c w\u00f3wczas, gdy Kolumb odkrywa\u0142 Ameryk\u0119; jest starsza od Zakazanego Miasta w Pekinie i od peruwia\u0144skiego Machu Picchu. S\u00f3l z Wieliczki by\u0142a przez wieki na sto\u0142ach niemal ca\u0142ej Europy! <\/span><\/p>\n<p><span style=\"font-family: verdana, geneva, sans-serif;font-size: 12pt\">Kopalnia zosta\u0142a wpisana na List\u0119 \u015awiatowego Dziedzictwa UNESCO w 1978 roku jako jeden z pierwszych 12 obiekt\u00f3w na \u015bwiecie.&nbsp;&nbsp;&nbsp;&nbsp;<\/span><\/p>\n<p><span style=\"font-family: verdana, geneva, sans-serif;font-size: 12pt\">S\u00f3l w Wieliczce wydobywano nieprzerwanie przez 700 lat, od XII wieku a\u017c do roku 1996.&nbsp; W\u00f3wczas ostatecznie kopalni\u0119 zamkni\u0119to i przystosowano do zwiedzania ok. 3-kilometrow\u0105 tras\u0119. Jest to obiekt wyj\u0105tkowy: opr\u00f3cz wydobywania soli, w podziemnych komorach g\u00f3rnicy-arty\u015bci wykuwali w \u015bcianach i bry\u0142ach solnych arcydzie\u0142a, takie jak o\u0142tarze, pos\u0105gi \u015bwi\u0119tych, p\u0142askorze\u017aby, a nawet \u017cyrandole.<\/span><\/p>\n<p><span style=\"font-family: verdana, geneva, sans-serif;font-size: 12pt\">Podczas zwiedzania mo\u017cna obejrze\u0107 kr\u00f3tki film w jedynym na \u015bwiecie podziemnym kinie 5D!<\/span><\/p>\n<div id='gallery-1' class='gallery galleryid-10657 gallery-columns-3 gallery-size-medium'><figure class='gallery-item'>\n\t\t\t<div class='gallery-icon landscape'>\n\t\t\t\t<a href='https:\/\/pb.edu.pl\/sjo\/polish-lab\/czy-wiecie-ze\/kopalnia-soli-w-wieliczce\/chapel-in-the-main-hall-in-the-wieliczka\/'><img loading=\"lazy\" decoding=\"async\" width=\"300\" height=\"200\" src=\"https:\/\/pb.edu.pl\/sjo\/wp-content\/uploads\/sites\/9\/2021\/10\/66-wiel-AdobeStock_163793735-300x200.jpeg\" class=\"attachment-medium size-medium\" alt=\"podziemny o\u0142tarz w kopalni soli w Wieliczce\" srcset=\"https:\/\/pb.edu.pl\/sjo\/wp-content\/uploads\/sites\/9\/2021\/10\/66-wiel-AdobeStock_163793735-300x200.jpeg 300w, https:\/\/pb.edu.pl\/sjo\/wp-content\/uploads\/sites\/9\/2021\/10\/66-wiel-AdobeStock_163793735-1024x683.jpeg 1024w, https:\/\/pb.edu.pl\/sjo\/wp-content\/uploads\/sites\/9\/2021\/10\/66-wiel-AdobeStock_163793735-768x513.jpeg 768w, https:\/\/pb.edu.pl\/sjo\/wp-content\/uploads\/sites\/9\/2021\/10\/66-wiel-AdobeStock_163793735-1536x1025.jpeg 1536w, https:\/\/pb.edu.pl\/sjo\/wp-content\/uploads\/sites\/9\/2021\/10\/66-wiel-AdobeStock_163793735-2048x1367.jpeg 2048w, https:\/\/pb.edu.pl\/sjo\/wp-content\/uploads\/sites\/9\/2021\/10\/66-wiel-AdobeStock_163793735-480x320.jpeg 480w\" sizes=\"auto, (max-width: 300px) 100vw, 300px\" \/><\/a>\n\t\t\t<\/div><\/figure><figure class='gallery-item'>\n\t\t\t<div class='gallery-icon landscape'>\n\t\t\t\t<a href='https:\/\/pb.edu.pl\/sjo\/polish-lab\/czy-wiecie-ze\/kopalnia-soli-w-wieliczce\/kopalnia-soli-kamiennej-wieliczka\/'><img loading=\"lazy\" decoding=\"async\" width=\"300\" height=\"199\" src=\"https:\/\/pb.edu.pl\/sjo\/wp-content\/uploads\/sites\/9\/2021\/10\/65-AdobeStock_22412681-300x199.jpeg\" class=\"attachment-medium size-medium\" alt=\"p\u0142askorze\u017cva przedstawiaj\u0105ca Ostatni\u0105 Wieczerz\u0119 w kopalni soli w Wieliczce\" srcset=\"https:\/\/pb.edu.pl\/sjo\/wp-content\/uploads\/sites\/9\/2021\/10\/65-AdobeStock_22412681-300x200.jpeg 300w, https:\/\/pb.edu.pl\/sjo\/wp-content\/uploads\/sites\/9\/2021\/10\/65-AdobeStock_22412681-1024x680.jpeg 1024w, https:\/\/pb.edu.pl\/sjo\/wp-content\/uploads\/sites\/9\/2021\/10\/65-AdobeStock_22412681-768x510.jpeg 768w, https:\/\/pb.edu.pl\/sjo\/wp-content\/uploads\/sites\/9\/2021\/10\/65-AdobeStock_22412681-1536x1020.jpeg 1536w, https:\/\/pb.edu.pl\/sjo\/wp-content\/uploads\/sites\/9\/2021\/10\/65-AdobeStock_22412681-2048x1360.jpeg 2048w, https:\/\/pb.edu.pl\/sjo\/wp-content\/uploads\/sites\/9\/2021\/10\/65-AdobeStock_22412681-480x320.jpeg 480w\" sizes=\"auto, (max-width: 300px) 100vw, 300px\" \/><\/a>\n\t\t\t<\/div><\/figure><figure class='gallery-item'>\n\t\t\t<div class='gallery-icon landscape'>\n\t\t\t\t<a href='https:\/\/pb.edu.pl\/sjo\/polish-lab\/czy-wiecie-ze\/kopalnia-soli-w-wieliczce\/wieliczka-poland-june-2-2018-st-kingas-chapel-in-the-wieliczka-salt-mine-opened-in-the-13th-century-the-mine-produced-table-salt-is-as-one-of-the-worlds-oldest-salt-mines\/'><img loading=\"lazy\" decoding=\"async\" width=\"300\" height=\"200\" src=\"https:\/\/pb.edu.pl\/sjo\/wp-content\/uploads\/sites\/9\/2021\/10\/66-AdobeStock_363320269_Editorial_Use_Only-300x200.jpeg\" class=\"attachment-medium size-medium\" alt=\"podziemna kaplica w kopalni soli w Wieliczce\" srcset=\"https:\/\/pb.edu.pl\/sjo\/wp-content\/uploads\/sites\/9\/2021\/10\/66-AdobeStock_363320269_Editorial_Use_Only-300x200.jpeg 300w, https:\/\/pb.edu.pl\/sjo\/wp-content\/uploads\/sites\/9\/2021\/10\/66-AdobeStock_363320269_Editorial_Use_Only-1024x683.jpeg 1024w, https:\/\/pb.edu.pl\/sjo\/wp-content\/uploads\/sites\/9\/2021\/10\/66-AdobeStock_363320269_Editorial_Use_Only-768x512.jpeg 768w, https:\/\/pb.edu.pl\/sjo\/wp-content\/uploads\/sites\/9\/2021\/10\/66-AdobeStock_363320269_Editorial_Use_Only-1536x1024.jpeg 1536w, https:\/\/pb.edu.pl\/sjo\/wp-content\/uploads\/sites\/9\/2021\/10\/66-AdobeStock_363320269_Editorial_Use_Only-2048x1365.jpeg 2048w, https:\/\/pb.edu.pl\/sjo\/wp-content\/uploads\/sites\/9\/2021\/10\/66-AdobeStock_363320269_Editorial_Use_Only-480x320.jpeg 480w\" sizes=\"auto, (max-width: 300px) 100vw, 300px\" \/><\/a>\n\t\t\t<\/div><\/figure><figure class='gallery-item'>\n\t\t\t<div class='gallery-icon landscape'>\n\t\t\t\t<a href='https:\/\/pb.edu.pl\/sjo\/polish-lab\/czy-wiecie-ze\/kopalnia-soli-w-wieliczce\/underground-lake-in-the-wieliczka-salt-mine-poland\/'><img loading=\"lazy\" decoding=\"async\" width=\"300\" height=\"200\" src=\"https:\/\/pb.edu.pl\/sjo\/wp-content\/uploads\/sites\/9\/2021\/10\/65-wiel-Depositphotos_81911924_ds-300x200.jpg\" class=\"attachment-medium size-medium\" alt=\"podziemne jezioro w kopalni soli w Wieliczce\" srcset=\"https:\/\/pb.edu.pl\/sjo\/wp-content\/uploads\/sites\/9\/2021\/10\/65-wiel-Depositphotos_81911924_ds-300x200.jpg 300w, https:\/\/pb.edu.pl\/sjo\/wp-content\/uploads\/sites\/9\/2021\/10\/65-wiel-Depositphotos_81911924_ds-1024x683.jpg 1024w, https:\/\/pb.edu.pl\/sjo\/wp-content\/uploads\/sites\/9\/2021\/10\/65-wiel-Depositphotos_81911924_ds-768x512.jpg 768w, https:\/\/pb.edu.pl\/sjo\/wp-content\/uploads\/sites\/9\/2021\/10\/65-wiel-Depositphotos_81911924_ds-1536x1024.jpg 1536w, https:\/\/pb.edu.pl\/sjo\/wp-content\/uploads\/sites\/9\/2021\/10\/65-wiel-Depositphotos_81911924_ds-2048x1366.jpg 2048w, https:\/\/pb.edu.pl\/sjo\/wp-content\/uploads\/sites\/9\/2021\/10\/65-wiel-Depositphotos_81911924_ds-480x320.jpg 480w\" sizes=\"auto, (max-width: 300px) 100vw, 300px\" \/><\/a>\n\t\t\t<\/div><\/figure><figure class='gallery-item'>\n\t\t\t<div class='gallery-icon landscape'>\n\t\t\t\t<a href='https:\/\/pb.edu.pl\/sjo\/polish-lab\/czy-wiecie-ze\/kopalnia-soli-w-wieliczce\/underground-corridor-in-the-wieliczka-salt-mine-poland\/'><img loading=\"lazy\" decoding=\"async\" width=\"300\" height=\"200\" src=\"https:\/\/pb.edu.pl\/sjo\/wp-content\/uploads\/sites\/9\/2021\/10\/65-wiel-AdobeStock_44466505-300x200.jpeg\" class=\"attachment-medium size-medium\" alt=\"korytarz w kopalni soli w Wieliczce\" srcset=\"https:\/\/pb.edu.pl\/sjo\/wp-content\/uploads\/sites\/9\/2021\/10\/65-wiel-AdobeStock_44466505-300x200.jpeg 300w, https:\/\/pb.edu.pl\/sjo\/wp-content\/uploads\/sites\/9\/2021\/10\/65-wiel-AdobeStock_44466505-1024x683.jpeg 1024w, https:\/\/pb.edu.pl\/sjo\/wp-content\/uploads\/sites\/9\/2021\/10\/65-wiel-AdobeStock_44466505-768x512.jpeg 768w, https:\/\/pb.edu.pl\/sjo\/wp-content\/uploads\/sites\/9\/2021\/10\/65-wiel-AdobeStock_44466505-1536x1024.jpeg 1536w, https:\/\/pb.edu.pl\/sjo\/wp-content\/uploads\/sites\/9\/2021\/10\/65-wiel-AdobeStock_44466505-2048x1365.jpeg 2048w, https:\/\/pb.edu.pl\/sjo\/wp-content\/uploads\/sites\/9\/2021\/10\/65-wiel-AdobeStock_44466505-480x320.jpeg 480w\" sizes=\"auto, (max-width: 300px) 100vw, 300px\" \/><\/a>\n\t\t\t<\/div><\/figure><figure class='gallery-item'>\n\t\t\t<div class='gallery-icon landscape'>\n\t\t\t\t<a href='https:\/\/pb.edu.pl\/sjo\/polish-lab\/czy-wiecie-ze\/kopalnia-soli-w-wieliczce\/wall-in-salt-mine-in-wieliczka-poland\/'><img loading=\"lazy\" decoding=\"async\" width=\"300\" height=\"199\" src=\"https:\/\/pb.edu.pl\/sjo\/wp-content\/uploads\/sites\/9\/2021\/10\/65-AdobeStock_62397980-300x199.jpeg\" class=\"attachment-medium size-medium\" alt=\"wn\u0119trze kopalni soli w Wieliczce\" srcset=\"https:\/\/pb.edu.pl\/sjo\/wp-content\/uploads\/sites\/9\/2021\/10\/65-AdobeStock_62397980-300x200.jpeg 300w, https:\/\/pb.edu.pl\/sjo\/wp-content\/uploads\/sites\/9\/2021\/10\/65-AdobeStock_62397980-1024x681.jpeg 1024w, https:\/\/pb.edu.pl\/sjo\/wp-content\/uploads\/sites\/9\/2021\/10\/65-AdobeStock_62397980-768x511.jpeg 768w, https:\/\/pb.edu.pl\/sjo\/wp-content\/uploads\/sites\/9\/2021\/10\/65-AdobeStock_62397980-1536x1021.jpeg 1536w, https:\/\/pb.edu.pl\/sjo\/wp-content\/uploads\/sites\/9\/2021\/10\/65-AdobeStock_62397980-2048x1362.jpeg 2048w, https:\/\/pb.edu.pl\/sjo\/wp-content\/uploads\/sites\/9\/2021\/10\/65-AdobeStock_62397980-480x320.jpeg 480w\" sizes=\"auto, (max-width: 300px) 100vw, 300px\" \/><\/a>\n\t\t\t<\/div><\/figure>\n\t\t<\/div>\n\n<p><em>photos: Adobe Stock and Alina Jab\u0142o\u0144ska Domurat<\/em><\/p>\n<p>&nbsp;<\/p>\n<p><span style=\"font-family: verdana, geneva, sans-serif;font-size: 12pt\"><strong>T<\/strong><strong>he Wieliczka Salt Mine<\/strong> is one of the oldest rock salt mines in the world and the longest operating industrial plant. It already existed when Columbus discovered America; it is older than the Forbidden City in Beijing and Peru&#8217;s Machu Picchu. Salt from Wieliczka was on the tables of almost all of Europe for centuries!<\/span><\/p>\n<p><span style=\"font-family: verdana, geneva, sans-serif;font-size: 12pt\">The mine was placed on the UNESCO World Heritage List in 1978 as one of the first 12 sites in the world.<\/span><\/p>\n<p><span style=\"font-family: verdana, geneva, sans-serif;font-size: 12pt\">Salt in Wieliczka was mined continuously for 700 years, from 13th century until 1996, when the mine was finally closed down and a 3-kilometre-long route was adapted for visitors. It is a unique site: in addition to salt mining, in the underground chambers miners-artists forged masterpieces such as altars, statues of saints, bas-reliefs and even chandeliers in the walls and salt blocks.<\/span><\/p>\n<p><span style=\"font-family: verdana, geneva, sans-serif;font-size: 12pt\">During the tour, you can watch a short film in the world&#8217;s one and only underground 5D cinema!<\/span><\/p>\n<p>&nbsp;<\/p>\n<p>&nbsp;<\/p>\n","protected":false},"excerpt":{"rendered":"<p>Kopalnia Soli w Wieliczce jest jedn\u0105 z najstarszych kopal\u0144 soli kamiennej na \u015bwiecie i najd\u0142u\u017cej<\/p>\n","protected":false},"author":77,"featured_media":0,"parent":8281,"menu_order":0,"comment_status":"closed","ping_status":"closed","template":"","meta":{"_acf_changed":false,"ngg_post_thumbnail":0,"footnotes":""},"class_list":["post-10657","page","type-page","status-publish","hentry"],"acf":[],"yoast_head":"<!-- This site is optimized with the Yoast SEO plugin v27.0 - https:\/\/yoast.com\/product\/yoast-seo-wordpress\/ -->\n<title>Niezwyk\u0142e - Studium J\u0119zyk\u00f3w Obcych<\/title>\n<meta name=\"description\" content=\"Kopalnia Soli w Wieliczce jest jedn\u0105 z najstarszych kopal\u0144 soli kamiennej na \u015bwiecie i najd\u0142u\u017cej czynnym zak\u0142adem przemys\u0142owym. Istnia\u0142a ju\u017c w\u00f3wczas, gdy\" \/>\n<meta name=\"robots\" content=\"index, follow, max-snippet:-1, max-image-preview:large, max-video-preview:-1\" \/>\n<link rel=\"canonical\" href=\"https:\/\/pb.edu.pl\/sjo\/polish-lab\/czy-wiecie-ze\/kopalnia-soli-w-wieliczce\/\" \/>\n<meta property=\"og:locale\" content=\"pl_PL\" \/>\n<meta property=\"og:type\" content=\"article\" \/>\n<meta property=\"og:title\" content=\"Niezwyk\u0142e - Studium J\u0119zyk\u00f3w Obcych\" \/>\n<meta property=\"og:description\" content=\"Kopalnia Soli w Wieliczce jest jedn\u0105 z najstarszych kopal\u0144 soli kamiennej na \u015bwiecie i najd\u0142u\u017cej czynnym zak\u0142adem przemys\u0142owym. Istnia\u0142a ju\u017c w\u00f3wczas, gdy\" \/>\n<meta property=\"og:url\" content=\"https:\/\/pb.edu.pl\/sjo\/polish-lab\/czy-wiecie-ze\/kopalnia-soli-w-wieliczce\/\" \/>\n<meta property=\"og:site_name\" content=\"Studium J\u0119zyk\u00f3w Obcych\" \/>\n<meta property=\"article:modified_time\" content=\"2023-03-12T15:46:43+00:00\" \/>\n<meta property=\"og:image\" content=\"https:\/\/pb.edu.pl\/sjo\/wp-content\/uploads\/sites\/9\/2021\/10\/66-wiel-AdobeStock_163793735-300x200.jpeg\" \/>\n<meta name=\"twitter:label1\" content=\"Szacowany czas czytania\" \/>\n\t<meta name=\"twitter:data1\" content=\"2 minuty\" \/>\n<script type=\"application\/ld+json\" class=\"yoast-schema-graph\">{\"@context\":\"https:\/\/schema.org\",\"@graph\":[{\"@type\":\"WebPage\",\"@id\":\"https:\/\/pb.edu.pl\/sjo\/polish-lab\/czy-wiecie-ze\/kopalnia-soli-w-wieliczce\/\",\"url\":\"https:\/\/pb.edu.pl\/sjo\/polish-lab\/czy-wiecie-ze\/kopalnia-soli-w-wieliczce\/\",\"name\":\"Niezwyk\u0142e - Studium J\u0119zyk\u00f3w Obcych\",\"isPartOf\":{\"@id\":\"https:\/\/pb.edu.pl\/sjo\/#website\"},\"datePublished\":\"2021-10-17T09:44:53+00:00\",\"dateModified\":\"2023-03-12T15:46:43+00:00\",\"description\":\"Kopalnia Soli w Wieliczce jest jedn\u0105 z najstarszych kopal\u0144 soli kamiennej na \u015bwiecie i najd\u0142u\u017cej czynnym zak\u0142adem przemys\u0142owym. Istnia\u0142a ju\u017c w\u00f3wczas, gdy\",\"breadcrumb\":{\"@id\":\"https:\/\/pb.edu.pl\/sjo\/polish-lab\/czy-wiecie-ze\/kopalnia-soli-w-wieliczce\/#breadcrumb\"},\"inLanguage\":\"pl-PL\",\"potentialAction\":[{\"@type\":\"ReadAction\",\"target\":[\"https:\/\/pb.edu.pl\/sjo\/polish-lab\/czy-wiecie-ze\/kopalnia-soli-w-wieliczce\/\"]}]},{\"@type\":\"BreadcrumbList\",\"@id\":\"https:\/\/pb.edu.pl\/sjo\/polish-lab\/czy-wiecie-ze\/kopalnia-soli-w-wieliczce\/#breadcrumb\",\"itemListElement\":[{\"@type\":\"ListItem\",\"position\":1,\"name\":\"Home\",\"item\":\"https:\/\/pb.edu.pl\/sjo\/\"},{\"@type\":\"ListItem\",\"position\":2,\"name\":\"Centrum J\u0119zyka i Kultury Polskiej POLISH LAB\",\"item\":\"https:\/\/pb.edu.pl\/sjo\/polish-lab\/\"},{\"@type\":\"ListItem\",\"position\":3,\"name\":\"O Polsce i Polakach\",\"item\":\"https:\/\/pb.edu.pl\/sjo\/polish-lab\/czy-wiecie-ze\/\"},{\"@type\":\"ListItem\",\"position\":4,\"name\":\"Niezwyk\u0142e\"}]},{\"@type\":\"WebSite\",\"@id\":\"https:\/\/pb.edu.pl\/sjo\/#website\",\"url\":\"https:\/\/pb.edu.pl\/sjo\/\",\"name\":\"Studium J\u0119zyk\u00f3w Obcych\",\"description\":\"\",\"potentialAction\":[{\"@type\":\"SearchAction\",\"target\":{\"@type\":\"EntryPoint\",\"urlTemplate\":\"https:\/\/pb.edu.pl\/sjo\/?s={search_term_string}\"},\"query-input\":{\"@type\":\"PropertyValueSpecification\",\"valueRequired\":true,\"valueName\":\"search_term_string\"}}],\"inLanguage\":\"pl-PL\"}]}<\/script>\n<!-- \/ Yoast SEO plugin. -->","yoast_head_json":{"title":"Niezwyk\u0142e - Studium J\u0119zyk\u00f3w Obcych","description":"Kopalnia Soli w Wieliczce jest jedn\u0105 z najstarszych kopal\u0144 soli kamiennej na \u015bwiecie i najd\u0142u\u017cej czynnym zak\u0142adem przemys\u0142owym. Istnia\u0142a ju\u017c w\u00f3wczas, gdy","robots":{"index":"index","follow":"follow","max-snippet":"max-snippet:-1","max-image-preview":"max-image-preview:large","max-video-preview":"max-video-preview:-1"},"canonical":"https:\/\/pb.edu.pl\/sjo\/polish-lab\/czy-wiecie-ze\/kopalnia-soli-w-wieliczce\/","og_locale":"pl_PL","og_type":"article","og_title":"Niezwyk\u0142e - Studium J\u0119zyk\u00f3w Obcych","og_description":"Kopalnia Soli w Wieliczce jest jedn\u0105 z najstarszych kopal\u0144 soli kamiennej na \u015bwiecie i najd\u0142u\u017cej czynnym zak\u0142adem przemys\u0142owym. Istnia\u0142a ju\u017c w\u00f3wczas, gdy","og_url":"https:\/\/pb.edu.pl\/sjo\/polish-lab\/czy-wiecie-ze\/kopalnia-soli-w-wieliczce\/","og_site_name":"Studium J\u0119zyk\u00f3w Obcych","article_modified_time":"2023-03-12T15:46:43+00:00","og_image":[{"url":"https:\/\/pb.edu.pl\/sjo\/wp-content\/uploads\/sites\/9\/2021\/10\/66-wiel-AdobeStock_163793735-300x200.jpeg","type":"","width":"","height":""}],"twitter_misc":{"Szacowany czas czytania":"2 minuty"},"schema":{"@context":"https:\/\/schema.org","@graph":[{"@type":"WebPage","@id":"https:\/\/pb.edu.pl\/sjo\/polish-lab\/czy-wiecie-ze\/kopalnia-soli-w-wieliczce\/","url":"https:\/\/pb.edu.pl\/sjo\/polish-lab\/czy-wiecie-ze\/kopalnia-soli-w-wieliczce\/","name":"Niezwyk\u0142e - Studium J\u0119zyk\u00f3w Obcych","isPartOf":{"@id":"https:\/\/pb.edu.pl\/sjo\/#website"},"datePublished":"2021-10-17T09:44:53+00:00","dateModified":"2023-03-12T15:46:43+00:00","description":"Kopalnia Soli w Wieliczce jest jedn\u0105 z najstarszych kopal\u0144 soli kamiennej na \u015bwiecie i najd\u0142u\u017cej czynnym zak\u0142adem przemys\u0142owym. Istnia\u0142a ju\u017c w\u00f3wczas, gdy","breadcrumb":{"@id":"https:\/\/pb.edu.pl\/sjo\/polish-lab\/czy-wiecie-ze\/kopalnia-soli-w-wieliczce\/#breadcrumb"},"inLanguage":"pl-PL","potentialAction":[{"@type":"ReadAction","target":["https:\/\/pb.edu.pl\/sjo\/polish-lab\/czy-wiecie-ze\/kopalnia-soli-w-wieliczce\/"]}]},{"@type":"BreadcrumbList","@id":"https:\/\/pb.edu.pl\/sjo\/polish-lab\/czy-wiecie-ze\/kopalnia-soli-w-wieliczce\/#breadcrumb","itemListElement":[{"@type":"ListItem","position":1,"name":"Home","item":"https:\/\/pb.edu.pl\/sjo\/"},{"@type":"ListItem","position":2,"name":"Centrum J\u0119zyka i Kultury Polskiej POLISH LAB","item":"https:\/\/pb.edu.pl\/sjo\/polish-lab\/"},{"@type":"ListItem","position":3,"name":"O Polsce i Polakach","item":"https:\/\/pb.edu.pl\/sjo\/polish-lab\/czy-wiecie-ze\/"},{"@type":"ListItem","position":4,"name":"Niezwyk\u0142e"}]},{"@type":"WebSite","@id":"https:\/\/pb.edu.pl\/sjo\/#website","url":"https:\/\/pb.edu.pl\/sjo\/","name":"Studium J\u0119zyk\u00f3w Obcych","description":"","potentialAction":[{"@type":"SearchAction","target":{"@type":"EntryPoint","urlTemplate":"https:\/\/pb.edu.pl\/sjo\/?s={search_term_string}"},"query-input":{"@type":"PropertyValueSpecification","valueRequired":true,"valueName":"search_term_string"}}],"inLanguage":"pl-PL"}]}},"_links":{"self":[{"href":"https:\/\/pb.edu.pl\/sjo\/wp-json\/wp\/v2\/pages\/10657","targetHints":{"allow":["GET"]}}],"collection":[{"href":"https:\/\/pb.edu.pl\/sjo\/wp-json\/wp\/v2\/pages"}],"about":[{"href":"https:\/\/pb.edu.pl\/sjo\/wp-json\/wp\/v2\/types\/page"}],"author":[{"embeddable":true,"href":"https:\/\/pb.edu.pl\/sjo\/wp-json\/wp\/v2\/users\/77"}],"replies":[{"embeddable":true,"href":"https:\/\/pb.edu.pl\/sjo\/wp-json\/wp\/v2\/comments?post=10657"}],"version-history":[{"count":0,"href":"https:\/\/pb.edu.pl\/sjo\/wp-json\/wp\/v2\/pages\/10657\/revisions"}],"up":[{"embeddable":true,"href":"https:\/\/pb.edu.pl\/sjo\/wp-json\/wp\/v2\/pages\/8281"}],"wp:attachment":[{"href":"https:\/\/pb.edu.pl\/sjo\/wp-json\/wp\/v2\/media?parent=10657"}],"curies":[{"name":"wp","href":"https:\/\/api.w.org\/{rel}","templated":true}]}}