{"id":10594,"date":"2021-10-15T08:46:13","date_gmt":"2021-10-15T06:46:13","guid":{"rendered":"https:\/\/pb.edu.pl\/sjo\/?page_id=10594"},"modified":"2025-11-14T08:21:34","modified_gmt":"2025-11-14T07:21:34","slug":"szkola-doktorska","status":"publish","type":"page","link":"https:\/\/pb.edu.pl\/sjo\/dla-studenta\/egzaminy\/szkola-doktorska\/","title":{"rendered":"Szko\u0142a doktorska"},"content":{"rendered":"<h2><strong>Szko\u0142a Doktorska<\/strong><\/h2>\n<p>Od roku akademickiego 2019\/2020 Studium J\u0119zyk\u00f3w Obcych PB prowadzi&nbsp;zaj\u0119cia w Szkole Doktorskiej&nbsp;Politechniki Bia\u0142ostockiej&nbsp;(SDPB) w formie lektoratu j\u0119zyka angielskiego (<em>J\u0119zyk angielski w komunikacji akademickiej<\/em>). Od roku akademickiego 2021\/2022, lektorat obejmuje semestry 1-8 i \u0142\u0105cznie wynosi 160 h. Ka\u017cdy semestr ko\u0144czy si\u0119 zaliczeniem bez oceny (ZAL [zaliczony]\/NZAL [niezaliczony]).<\/p>\n<h2><strong>Lektorat j\u0119zyka angielskiego<\/strong><\/h2>\n<p>Lektorat w SDPB ma na celu rozwijanie kompetencji j\u0119zykowych w zakresie m\u00f3wienia, s\u0142uchania, czytania i pisania, by wspom\u00f3c aktywno\u015b\u0107 naukow\u0105 doktorant\u00f3w na konferencjach mi\u0119dzynarodowych oraz w angloj\u0119zycznych czasopismach.<\/p>\n<p>Karty przedmiotu do pobrania: <a href=\"https:\/\/sdpb.pb.edu.pl\/app\/uploads\/2021\/05\/PL-s1-8-Jezyk-angielski-w-komunikacji-akademickiej.pdf\">tutaj<\/a><\/p>\n<p>Zgodnie z&nbsp; <a href=\"https:\/\/sdpb.pb.edu.pl\/app\/uploads\/2025\/04\/Uchwala-nr-23-Regulamin-Szkoly-Doktorskiej-Politechniki-Bialostockiej.pdf\">Regulaminem SDPB<\/a> obowi\u0105zuj\u0105cym wszystkich doktorant\u00f3w od 2025\/2026, posiadanie wa\u017cnego certyfikatu potwierdzaj\u0105cego znajomo\u015b\u0107 j\u0119zyka angielskiego na poziomie co najmniej B2 w skali <em>Europejskiego Opisu Systemu Kszta\u0142cenia J\u0119zykowego<\/em> zwalnia z obowi\u0105zku uczestnictwa w lektoracie (\u00a7 12, pkt 1.14). Wykaz dokument\u00f3w potwierdzaj\u0105cych znajomo\u015b\u0107 j\u0119zyka angielskiego na poziomie B2 lub wy\u017cszym znajduje si\u0119 w Za\u0142\u0105czniku nr 9. W za\u0142\u0105czniku znajduj\u0105 si\u0119 certyfikaty egzamin\u00f3w j\u0119zykowych dost\u0119pnych dla doktorant\u00f3w w SJO:<\/p>\n<ul>\n<li><a href=\"https:\/\/pb.edu.pl\/sjo\/dla-studenta\/egzaminy\/egzamin-na-ucj\/\">https:\/\/pb.edu.pl\/sjo\/dla-studenta\/egzaminy\/egzamin-na-ucj\/<\/a>,&nbsp;<\/li>\n<li><a href=\"https:\/\/pb.edu.pl\/sjo\/dla-studenta\/egzaminy\/ucj-o-profilu-biznesowym\/\">https:\/\/pb.edu.pl\/sjo\/dla-studenta\/egzaminy\/ucj-o-profilu-biznesowym\/<\/a>,&nbsp;<\/li>\n<li><a href=\"https:\/\/pb.edu.pl\/sjo\/dla-studenta\/egzaminy\/technical-english-certificate\/\">https:\/\/pb.edu.pl\/sjo\/dla-studenta\/egzaminy\/technical-english-certificate\/<\/a>,&nbsp;<\/li>\n<li><a href=\"https:\/\/pb.edu.pl\/sjo\/dla-studenta\/egzaminy\/languagecert\/\">https:\/\/pb.edu.pl\/sjo\/dla-studenta\/egzaminy\/languagecert\/<\/a>,&nbsp;<\/li>\n<li><a href=\"https:\/\/pb.edu.pl\/sjo\/dla-studenta\/egzaminy\/egzamin-toeic\/\">https:\/\/pb.edu.pl\/sjo\/dla-studenta\/egzaminy\/egzamin-toeic\/<\/a>.<\/li>\n<\/ul>\n<p>Zgodnie z Regulaminem SDPB, doktoranci, kt\u00f3rzy nie zostali zwolnieni z obowi\u0105zku uczestnictwa w lektoracie s\u0105 zobowi\u0105zani do udzia\u0142u w zaj\u0119ciach obowi\u0105zkowych wynikaj\u0105cych z programu kszta\u0142cenia z frekwencj\u0105 minimum 80% oraz 100% w zaj\u0119ciach fakultatywnych z uwzgl\u0119dnieniem nieobecno\u015bci (\u00a7 12, pkt 2.6).<\/p>\n<h2><strong>Egzamin doktorski<\/strong><\/h2>\n<p>Zgodnie z Ustaw\u0105 \u201ePrawo o szkolnictwie wy\u017cszym i nauce\u201d z dnia 20 lipca 2018 r., stopie\u0144 doktora nadaje si\u0119 osobie, kt\u00f3ra uzyska\u0142a efekty uczenia si\u0119 dla kwalifikacji na poziomie 8 PRK, przy czym efekty uczenia si\u0119 w zakresie znajomo\u015bci nowo\u017cytnego j\u0119zyka obcego s\u0105 potwierdzone certyfikatem lub dyplomem uko\u0144czenia studi\u00f3w, po\u015bwiadczaj\u0105cymi znajomo\u015b\u0107 tego j\u0119zyka na poziomie bieg\u0142o\u015bci j\u0119zykowej co najmniej B2 (art. 186, ust. 1 pkt 2). <span data-teams=\"true\"> Zapis ustawy potwierdza&nbsp;\u00a7 2 pkt 2.2 Uchwa\u0142y Senatu PB Nr 68\/XII\/XVII\/2025 z dnia 16 pa\u017adziernika 2025 r. (<a id=\"menurtt\" class=\"fui-Link ___1q1shib f2hkw1w f3rmtva f1ewtqcl fyind8e f1k6fduh f1w7gpdv fk6fouc fjoy568 figsok6 f1s184ao f1mk8lai fnbmjn9 f1o700av f13mvf36 f1cmlufx f9n3di6 f1ids18y f1tx3yz7 f1deo86v f1eh06m1 f1iescvh fhgqx19 f1olyrje f1p93eir f1nev41a f1h8hb77 f1lqvz6u f10aw75t fsle3fq f17ae5zn\" title=\"https:\/\/bip.pb.edu.pl\/?event=informacja&amp;id=22648\" href=\"https:\/\/bip.pb.edu.pl\/?event=informacja&amp;id=22648\" target=\"_blank\" rel=\"noreferrer noopener\" aria-label=\"Link Biuletyn Informacji Publicznej Politechnika Bia\u0142ostocka\">Biuletyn Informacji Publicznej Politechnika Bia\u0142ostocka<\/a>). <\/span>Komisja doktorska powo\u0142ana przez Rad\u0119 Naukow\u0105 wydzia\u0142u weryfikuje z\u0142o\u017cone przez doktoranta dokumenty dot. znajomo\u015bci j\u0119zyka obcego nowo\u017cytnego.<\/p>\n<p>W przypadku osoby ubiegaj\u0105cej si\u0119 o nadanie stopnia doktora, kt\u00f3ra nie posiada odpowiedniego dokumentu, SJO przeprowadza egzamin potwierdzaj\u0105cy znajomo\u015b\u0107 j\u0119zyka angielskiego lub rosyjskiego, lub niemieckiego na poziomie bieg\u0142o\u015bci j\u0119zykowej co najmniej B2.&nbsp;<\/p>\n<p>W trakcie egzaminu zdaj\u0105cy otrzymuje trzy zadania:<\/p>\n<ul>\n<li>test j\u0119zykowy (gramatyczno-leksykalny) lub&nbsp;t\u0142umaczenie fragmentu tekstu specjalistycznego na j\u0119zyk polski (do wyboru)<\/li>\n<li>wypowied\u017a ustna na temat pracy zawodowej<\/li>\n<li>prezentacja projektu doktorskiego<\/li>\n<\/ul>\n<p>W trakcie egzaminu cz\u0142onkowie komisji egzaminacyjnej mog\u0105 zadawa\u0107 pytania dodatkowe\/pomocnicze.<\/p>\n<p>Oceniana jest odpowied\u017a na ka\u017cde z zada\u0144, st\u0105d komisja wystawia trzy oceny cz\u0105stkowe w skali 2,0 (niedostateczny)-5,0 (bardzo dobry) oraz ocen\u0119 ko\u0144cow\u0105 w tej samej skali lub ocen\u0119 opisow\u0105: pozytywna\/negatywna.<\/p>\n<p>&nbsp;<\/p>\n<h3><strong>Kontakt<\/strong><\/h3>\n<p>Je\u015bli maj\u0105 Pa\u0144stwo jakiekolwiek pytania, zapraszamy do kontaktu z dr Monik\u0105 \u015aleszy\u0144sk\u0105 \u2013 koordynatork\u0105 lektoratu j\u0119zyka angielskiego w SDPB: <a href=\"https:\/\/pb.edu.pl\/sjo\/dla-studenta\/szkola-doktorska\/\">m.sleszynska [at] pb.edu.pl<\/a>.<\/p>\n","protected":false},"excerpt":{"rendered":"<p>Szko\u0142a Doktorska Od roku akademickiego 2019\/2020 Studium J\u0119zyk\u00f3w Obcych PB prowadzi&nbsp;zaj\u0119cia w Szkole Doktorskiej&nbsp;Politechniki Bia\u0142ostockiej&nbsp;(SDPB)<\/p>\n","protected":false},"author":6,"featured_media":0,"parent":18,"menu_order":0,"comment_status":"closed","ping_status":"closed","template":"","meta":{"_acf_changed":false,"ngg_post_thumbnail":0,"footnotes":""},"class_list":["post-10594","page","type-page","status-publish","hentry"],"acf":[],"yoast_head":"<!-- This site is optimized with the Yoast SEO plugin v27.0 - https:\/\/yoast.com\/product\/yoast-seo-wordpress\/ -->\n<title>Szko\u0142a doktorska - Studium J\u0119zyk\u00f3w Obcych<\/title>\n<meta name=\"description\" content=\"Szko\u0142a Doktorska Od roku akademickiego 2019\/2020 Studium J\u0119zyk\u00f3w Obcych PB prowadzi&nbsp;zaj\u0119cia w Szkole Doktorskiej&nbsp;Politechniki\" \/>\n<meta name=\"robots\" content=\"index, follow, max-snippet:-1, max-image-preview:large, max-video-preview:-1\" \/>\n<link rel=\"canonical\" href=\"https:\/\/pb.edu.pl\/sjo\/dla-studenta\/egzaminy\/szkola-doktorska\/\" \/>\n<meta property=\"og:locale\" content=\"pl_PL\" \/>\n<meta property=\"og:type\" content=\"article\" \/>\n<meta property=\"og:title\" content=\"Szko\u0142a doktorska - Studium J\u0119zyk\u00f3w Obcych\" \/>\n<meta property=\"og:description\" content=\"Szko\u0142a Doktorska Od roku akademickiego 2019\/2020 Studium J\u0119zyk\u00f3w Obcych PB prowadzi&nbsp;zaj\u0119cia w Szkole Doktorskiej&nbsp;Politechniki\" \/>\n<meta property=\"og:url\" content=\"https:\/\/pb.edu.pl\/sjo\/dla-studenta\/egzaminy\/szkola-doktorska\/\" \/>\n<meta property=\"og:site_name\" content=\"Studium J\u0119zyk\u00f3w Obcych\" \/>\n<meta property=\"article:modified_time\" content=\"2025-11-14T07:21:34+00:00\" \/>\n<meta name=\"twitter:label1\" content=\"Szacowany czas czytania\" \/>\n\t<meta name=\"twitter:data1\" content=\"3 minuty\" \/>\n<script type=\"application\/ld+json\" class=\"yoast-schema-graph\">{\"@context\":\"https:\/\/schema.org\",\"@graph\":[{\"@type\":\"WebPage\",\"@id\":\"https:\/\/pb.edu.pl\/sjo\/dla-studenta\/egzaminy\/szkola-doktorska\/\",\"url\":\"https:\/\/pb.edu.pl\/sjo\/dla-studenta\/egzaminy\/szkola-doktorska\/\",\"name\":\"Szko\u0142a doktorska - Studium J\u0119zyk\u00f3w Obcych\",\"isPartOf\":{\"@id\":\"https:\/\/pb.edu.pl\/sjo\/#website\"},\"datePublished\":\"2021-10-15T06:46:13+00:00\",\"dateModified\":\"2025-11-14T07:21:34+00:00\",\"description\":\"Szko\u0142a Doktorska Od roku akademickiego 2019\/2020 Studium J\u0119zyk\u00f3w Obcych PB prowadzi&nbsp;zaj\u0119cia w Szkole Doktorskiej&nbsp;Politechniki\",\"breadcrumb\":{\"@id\":\"https:\/\/pb.edu.pl\/sjo\/dla-studenta\/egzaminy\/szkola-doktorska\/#breadcrumb\"},\"inLanguage\":\"pl-PL\",\"potentialAction\":[{\"@type\":\"ReadAction\",\"target\":[\"https:\/\/pb.edu.pl\/sjo\/dla-studenta\/egzaminy\/szkola-doktorska\/\"]}]},{\"@type\":\"BreadcrumbList\",\"@id\":\"https:\/\/pb.edu.pl\/sjo\/dla-studenta\/egzaminy\/szkola-doktorska\/#breadcrumb\",\"itemListElement\":[{\"@type\":\"ListItem\",\"position\":1,\"name\":\"Home\",\"item\":\"https:\/\/pb.edu.pl\/sjo\/\"},{\"@type\":\"ListItem\",\"position\":2,\"name\":\"Studiuj\u0119 w PB\",\"item\":\"https:\/\/pb.edu.pl\/sjo\/dla-studenta\/\"},{\"@type\":\"ListItem\",\"position\":3,\"name\":\"Egzaminy\",\"item\":\"https:\/\/pb.edu.pl\/sjo\/dla-studenta\/egzaminy\/\"},{\"@type\":\"ListItem\",\"position\":4,\"name\":\"Szko\u0142a doktorska\"}]},{\"@type\":\"WebSite\",\"@id\":\"https:\/\/pb.edu.pl\/sjo\/#website\",\"url\":\"https:\/\/pb.edu.pl\/sjo\/\",\"name\":\"Studium J\u0119zyk\u00f3w Obcych\",\"description\":\"\",\"potentialAction\":[{\"@type\":\"SearchAction\",\"target\":{\"@type\":\"EntryPoint\",\"urlTemplate\":\"https:\/\/pb.edu.pl\/sjo\/?s={search_term_string}\"},\"query-input\":{\"@type\":\"PropertyValueSpecification\",\"valueRequired\":true,\"valueName\":\"search_term_string\"}}],\"inLanguage\":\"pl-PL\"}]}<\/script>\n<!-- \/ Yoast SEO plugin. -->","yoast_head_json":{"title":"Szko\u0142a doktorska - Studium J\u0119zyk\u00f3w Obcych","description":"Szko\u0142a Doktorska Od roku akademickiego 2019\/2020 Studium J\u0119zyk\u00f3w Obcych PB prowadzi&nbsp;zaj\u0119cia w Szkole Doktorskiej&nbsp;Politechniki","robots":{"index":"index","follow":"follow","max-snippet":"max-snippet:-1","max-image-preview":"max-image-preview:large","max-video-preview":"max-video-preview:-1"},"canonical":"https:\/\/pb.edu.pl\/sjo\/dla-studenta\/egzaminy\/szkola-doktorska\/","og_locale":"pl_PL","og_type":"article","og_title":"Szko\u0142a doktorska - Studium J\u0119zyk\u00f3w Obcych","og_description":"Szko\u0142a Doktorska Od roku akademickiego 2019\/2020 Studium J\u0119zyk\u00f3w Obcych PB prowadzi&nbsp;zaj\u0119cia w Szkole Doktorskiej&nbsp;Politechniki","og_url":"https:\/\/pb.edu.pl\/sjo\/dla-studenta\/egzaminy\/szkola-doktorska\/","og_site_name":"Studium J\u0119zyk\u00f3w Obcych","article_modified_time":"2025-11-14T07:21:34+00:00","twitter_misc":{"Szacowany czas czytania":"3 minuty"},"schema":{"@context":"https:\/\/schema.org","@graph":[{"@type":"WebPage","@id":"https:\/\/pb.edu.pl\/sjo\/dla-studenta\/egzaminy\/szkola-doktorska\/","url":"https:\/\/pb.edu.pl\/sjo\/dla-studenta\/egzaminy\/szkola-doktorska\/","name":"Szko\u0142a doktorska - Studium J\u0119zyk\u00f3w Obcych","isPartOf":{"@id":"https:\/\/pb.edu.pl\/sjo\/#website"},"datePublished":"2021-10-15T06:46:13+00:00","dateModified":"2025-11-14T07:21:34+00:00","description":"Szko\u0142a Doktorska Od roku akademickiego 2019\/2020 Studium J\u0119zyk\u00f3w Obcych PB prowadzi&nbsp;zaj\u0119cia w Szkole Doktorskiej&nbsp;Politechniki","breadcrumb":{"@id":"https:\/\/pb.edu.pl\/sjo\/dla-studenta\/egzaminy\/szkola-doktorska\/#breadcrumb"},"inLanguage":"pl-PL","potentialAction":[{"@type":"ReadAction","target":["https:\/\/pb.edu.pl\/sjo\/dla-studenta\/egzaminy\/szkola-doktorska\/"]}]},{"@type":"BreadcrumbList","@id":"https:\/\/pb.edu.pl\/sjo\/dla-studenta\/egzaminy\/szkola-doktorska\/#breadcrumb","itemListElement":[{"@type":"ListItem","position":1,"name":"Home","item":"https:\/\/pb.edu.pl\/sjo\/"},{"@type":"ListItem","position":2,"name":"Studiuj\u0119 w PB","item":"https:\/\/pb.edu.pl\/sjo\/dla-studenta\/"},{"@type":"ListItem","position":3,"name":"Egzaminy","item":"https:\/\/pb.edu.pl\/sjo\/dla-studenta\/egzaminy\/"},{"@type":"ListItem","position":4,"name":"Szko\u0142a doktorska"}]},{"@type":"WebSite","@id":"https:\/\/pb.edu.pl\/sjo\/#website","url":"https:\/\/pb.edu.pl\/sjo\/","name":"Studium J\u0119zyk\u00f3w Obcych","description":"","potentialAction":[{"@type":"SearchAction","target":{"@type":"EntryPoint","urlTemplate":"https:\/\/pb.edu.pl\/sjo\/?s={search_term_string}"},"query-input":{"@type":"PropertyValueSpecification","valueRequired":true,"valueName":"search_term_string"}}],"inLanguage":"pl-PL"}]}},"_links":{"self":[{"href":"https:\/\/pb.edu.pl\/sjo\/wp-json\/wp\/v2\/pages\/10594","targetHints":{"allow":["GET"]}}],"collection":[{"href":"https:\/\/pb.edu.pl\/sjo\/wp-json\/wp\/v2\/pages"}],"about":[{"href":"https:\/\/pb.edu.pl\/sjo\/wp-json\/wp\/v2\/types\/page"}],"author":[{"embeddable":true,"href":"https:\/\/pb.edu.pl\/sjo\/wp-json\/wp\/v2\/users\/6"}],"replies":[{"embeddable":true,"href":"https:\/\/pb.edu.pl\/sjo\/wp-json\/wp\/v2\/comments?post=10594"}],"version-history":[{"count":0,"href":"https:\/\/pb.edu.pl\/sjo\/wp-json\/wp\/v2\/pages\/10594\/revisions"}],"up":[{"embeddable":true,"href":"https:\/\/pb.edu.pl\/sjo\/wp-json\/wp\/v2\/pages\/18"}],"wp:attachment":[{"href":"https:\/\/pb.edu.pl\/sjo\/wp-json\/wp\/v2\/media?parent=10594"}],"curies":[{"name":"wp","href":"https:\/\/api.w.org\/{rel}","templated":true}]}}