{"id":103,"date":"2017-11-21T10:10:57","date_gmt":"2017-11-21T09:10:57","guid":{"rendered":"https:\/\/pb.edu.pl\/sjo\/?page_id=103"},"modified":"2021-11-19T11:54:32","modified_gmt":"2021-11-19T10:54:32","slug":"konkursy-jezykowe","status":"publish","type":"page","link":"https:\/\/pb.edu.pl\/sjo\/dla-studenta\/ciekawe-uzyteczne\/konkursy-jezykowe\/","title":{"rendered":"Konkursy j\u0119zykowe"},"content":{"rendered":"<p><a href=\"https:\/\/pb.edu.pl\/sjo\/dla-studenta\/konkursy-jezykowe\/olimpiada-jezyka-angielskiego-2021\/\">Olimpiada J\u0119zyka Angielskiego 2021<\/a><\/p>\n<p><span style=\"font-family: verdana, geneva, sans-serif;font-size: 12pt\"><a href=\"https:\/\/pb.edu.pl\/sjo\/dla-studenta\/konkursy-jezykowe\/pb-talks-2018\/\">PB Talks 2018<\/a><\/span><\/p>\n<p><span style=\"font-family: verdana, geneva, sans-serif;font-size: 12pt\"><a href=\"https:\/\/pb.edu.pl\/sjo\/o-nas\/wydarzenia\/konkurs-piosenki-obcojezycznej-2018\/\">Konkurs piosenki obcoj\u0119zycznej 2018<\/a><\/span><\/p>\n<p><span style=\"font-family: verdana, geneva, sans-serif;font-size: 12pt\"><a href=\"https:\/\/pb.edu.pl\/sjo\/dla-studenta\/konkursy-jezykowe\/olimpiada-jezyka-niemieckiego\/\">Olimpiada J\u0119zyka Niemieckiego 2016<\/a><\/span><\/p>\n<p><span style=\"font-family: verdana, geneva, sans-serif;font-size: 12pt\"><a href=\"https:\/\/pb.edu.pl\/sjo\/konkurs-na-prezentacje-2017\/\">Konkurs na prezentacj\u0119 2017<\/a><\/span><\/p>\n<p><span style=\"font-family: verdana, geneva, sans-serif;font-size: 12pt\"><a href=\"https:\/\/pb.edu.pl\/sjo\/o-nas\/wydarzenia\/wtja-2016\/\">Wielki Test J\u0119zyka Angielskiego 2016<\/a><\/span><\/p>\n<p><span style=\"font-family: verdana, geneva, sans-serif;font-size: 12pt\"><a href=\"https:\/\/pb.edu.pl\/sjo\/o-nas\/wydarzenia\/konkurs-piosenki-obcojezycznej-2016\/\">Konkurs piosenki obcoj\u0119zycznej 2016<\/a><\/span><\/p>\n<p><span style=\"font-family: verdana, geneva, sans-serif;font-size: 12pt\"><a href=\"https:\/\/pb.edu.pl\/sjo\/quiz-z-jezyka-angielskiego-2014\/\">Quiz z j\u0119zyka angielskiego 2014<\/a><\/span><\/p>\n<p>&nbsp;<\/p>\n","protected":false},"excerpt":{"rendered":"<p>Olimpiada J\u0119zyka Angielskiego 2021 PB Talks 2018 Konkurs piosenki obcoj\u0119zycznej 2018 Olimpiada J\u0119zyka Niemieckiego 2016<\/p>\n","protected":false},"author":2,"featured_media":0,"parent":58,"menu_order":4,"comment_status":"closed","ping_status":"closed","template":"","meta":{"_acf_changed":false,"ngg_post_thumbnail":0,"footnotes":""},"class_list":["post-103","page","type-page","status-publish","hentry"],"acf":[],"yoast_head":"<!-- This site is optimized with the Yoast SEO plugin v27.0 - https:\/\/yoast.com\/product\/yoast-seo-wordpress\/ -->\n<title>Konkursy j\u0119zykowe - Studium J\u0119zyk\u00f3w Obcych<\/title>\n<meta name=\"description\" content=\"Olimpiada J\u0119zyka Angielskiego 2021 PB Talks 2018 Konkurs piosenki obcoj\u0119zycznej 2018 Olimpiada J\u0119zyka Niemieckiego 2016 Konkurs na prezentacj\u0119 2017 Wielki\" \/>\n<meta name=\"robots\" content=\"index, follow, max-snippet:-1, max-image-preview:large, max-video-preview:-1\" \/>\n<link rel=\"canonical\" href=\"https:\/\/pb.edu.pl\/sjo\/dla-studenta\/ciekawe-uzyteczne\/konkursy-jezykowe\/\" \/>\n<meta property=\"og:locale\" content=\"pl_PL\" \/>\n<meta property=\"og:type\" content=\"article\" \/>\n<meta property=\"og:title\" content=\"Konkursy j\u0119zykowe - Studium J\u0119zyk\u00f3w Obcych\" \/>\n<meta property=\"og:description\" content=\"Olimpiada J\u0119zyka Angielskiego 2021 PB Talks 2018 Konkurs piosenki obcoj\u0119zycznej 2018 Olimpiada J\u0119zyka Niemieckiego 2016 Konkurs na prezentacj\u0119 2017 Wielki\" \/>\n<meta property=\"og:url\" content=\"https:\/\/pb.edu.pl\/sjo\/dla-studenta\/ciekawe-uzyteczne\/konkursy-jezykowe\/\" \/>\n<meta property=\"og:site_name\" content=\"Studium J\u0119zyk\u00f3w Obcych\" \/>\n<meta property=\"article:modified_time\" content=\"2021-11-19T10:54:32+00:00\" \/>\n<meta name=\"twitter:label1\" content=\"Szacowany czas czytania\" \/>\n\t<meta name=\"twitter:data1\" content=\"1 minuta\" \/>\n<script type=\"application\/ld+json\" class=\"yoast-schema-graph\">{\"@context\":\"https:\/\/schema.org\",\"@graph\":[{\"@type\":\"WebPage\",\"@id\":\"https:\/\/pb.edu.pl\/sjo\/dla-studenta\/ciekawe-uzyteczne\/konkursy-jezykowe\/\",\"url\":\"https:\/\/pb.edu.pl\/sjo\/dla-studenta\/ciekawe-uzyteczne\/konkursy-jezykowe\/\",\"name\":\"Konkursy j\u0119zykowe - Studium J\u0119zyk\u00f3w Obcych\",\"isPartOf\":{\"@id\":\"https:\/\/pb.edu.pl\/sjo\/#website\"},\"datePublished\":\"2017-11-21T09:10:57+00:00\",\"dateModified\":\"2021-11-19T10:54:32+00:00\",\"description\":\"Olimpiada J\u0119zyka Angielskiego 2021 PB Talks 2018 Konkurs piosenki obcoj\u0119zycznej 2018 Olimpiada J\u0119zyka Niemieckiego 2016 Konkurs na prezentacj\u0119 2017 Wielki\",\"breadcrumb\":{\"@id\":\"https:\/\/pb.edu.pl\/sjo\/dla-studenta\/ciekawe-uzyteczne\/konkursy-jezykowe\/#breadcrumb\"},\"inLanguage\":\"pl-PL\",\"potentialAction\":[{\"@type\":\"ReadAction\",\"target\":[\"https:\/\/pb.edu.pl\/sjo\/dla-studenta\/ciekawe-uzyteczne\/konkursy-jezykowe\/\"]}]},{\"@type\":\"BreadcrumbList\",\"@id\":\"https:\/\/pb.edu.pl\/sjo\/dla-studenta\/ciekawe-uzyteczne\/konkursy-jezykowe\/#breadcrumb\",\"itemListElement\":[{\"@type\":\"ListItem\",\"position\":1,\"name\":\"Home\",\"item\":\"https:\/\/pb.edu.pl\/sjo\/\"},{\"@type\":\"ListItem\",\"position\":2,\"name\":\"Studiuj\u0119 w PB\",\"item\":\"https:\/\/pb.edu.pl\/sjo\/dla-studenta\/\"},{\"@type\":\"ListItem\",\"position\":3,\"name\":\"Ciekawe i u\u017cyteczne\",\"item\":\"https:\/\/pb.edu.pl\/sjo\/dla-studenta\/ciekawe-uzyteczne\/\"},{\"@type\":\"ListItem\",\"position\":4,\"name\":\"Konkursy j\u0119zykowe\"}]},{\"@type\":\"WebSite\",\"@id\":\"https:\/\/pb.edu.pl\/sjo\/#website\",\"url\":\"https:\/\/pb.edu.pl\/sjo\/\",\"name\":\"Studium J\u0119zyk\u00f3w Obcych\",\"description\":\"\",\"potentialAction\":[{\"@type\":\"SearchAction\",\"target\":{\"@type\":\"EntryPoint\",\"urlTemplate\":\"https:\/\/pb.edu.pl\/sjo\/?s={search_term_string}\"},\"query-input\":{\"@type\":\"PropertyValueSpecification\",\"valueRequired\":true,\"valueName\":\"search_term_string\"}}],\"inLanguage\":\"pl-PL\"}]}<\/script>\n<!-- \/ Yoast SEO plugin. -->","yoast_head_json":{"title":"Konkursy j\u0119zykowe - Studium J\u0119zyk\u00f3w Obcych","description":"Olimpiada J\u0119zyka Angielskiego 2021 PB Talks 2018 Konkurs piosenki obcoj\u0119zycznej 2018 Olimpiada J\u0119zyka Niemieckiego 2016 Konkurs na prezentacj\u0119 2017 Wielki","robots":{"index":"index","follow":"follow","max-snippet":"max-snippet:-1","max-image-preview":"max-image-preview:large","max-video-preview":"max-video-preview:-1"},"canonical":"https:\/\/pb.edu.pl\/sjo\/dla-studenta\/ciekawe-uzyteczne\/konkursy-jezykowe\/","og_locale":"pl_PL","og_type":"article","og_title":"Konkursy j\u0119zykowe - Studium J\u0119zyk\u00f3w Obcych","og_description":"Olimpiada J\u0119zyka Angielskiego 2021 PB Talks 2018 Konkurs piosenki obcoj\u0119zycznej 2018 Olimpiada J\u0119zyka Niemieckiego 2016 Konkurs na prezentacj\u0119 2017 Wielki","og_url":"https:\/\/pb.edu.pl\/sjo\/dla-studenta\/ciekawe-uzyteczne\/konkursy-jezykowe\/","og_site_name":"Studium J\u0119zyk\u00f3w Obcych","article_modified_time":"2021-11-19T10:54:32+00:00","twitter_misc":{"Szacowany czas czytania":"1 minuta"},"schema":{"@context":"https:\/\/schema.org","@graph":[{"@type":"WebPage","@id":"https:\/\/pb.edu.pl\/sjo\/dla-studenta\/ciekawe-uzyteczne\/konkursy-jezykowe\/","url":"https:\/\/pb.edu.pl\/sjo\/dla-studenta\/ciekawe-uzyteczne\/konkursy-jezykowe\/","name":"Konkursy j\u0119zykowe - Studium J\u0119zyk\u00f3w Obcych","isPartOf":{"@id":"https:\/\/pb.edu.pl\/sjo\/#website"},"datePublished":"2017-11-21T09:10:57+00:00","dateModified":"2021-11-19T10:54:32+00:00","description":"Olimpiada J\u0119zyka Angielskiego 2021 PB Talks 2018 Konkurs piosenki obcoj\u0119zycznej 2018 Olimpiada J\u0119zyka Niemieckiego 2016 Konkurs na prezentacj\u0119 2017 Wielki","breadcrumb":{"@id":"https:\/\/pb.edu.pl\/sjo\/dla-studenta\/ciekawe-uzyteczne\/konkursy-jezykowe\/#breadcrumb"},"inLanguage":"pl-PL","potentialAction":[{"@type":"ReadAction","target":["https:\/\/pb.edu.pl\/sjo\/dla-studenta\/ciekawe-uzyteczne\/konkursy-jezykowe\/"]}]},{"@type":"BreadcrumbList","@id":"https:\/\/pb.edu.pl\/sjo\/dla-studenta\/ciekawe-uzyteczne\/konkursy-jezykowe\/#breadcrumb","itemListElement":[{"@type":"ListItem","position":1,"name":"Home","item":"https:\/\/pb.edu.pl\/sjo\/"},{"@type":"ListItem","position":2,"name":"Studiuj\u0119 w PB","item":"https:\/\/pb.edu.pl\/sjo\/dla-studenta\/"},{"@type":"ListItem","position":3,"name":"Ciekawe i u\u017cyteczne","item":"https:\/\/pb.edu.pl\/sjo\/dla-studenta\/ciekawe-uzyteczne\/"},{"@type":"ListItem","position":4,"name":"Konkursy j\u0119zykowe"}]},{"@type":"WebSite","@id":"https:\/\/pb.edu.pl\/sjo\/#website","url":"https:\/\/pb.edu.pl\/sjo\/","name":"Studium J\u0119zyk\u00f3w Obcych","description":"","potentialAction":[{"@type":"SearchAction","target":{"@type":"EntryPoint","urlTemplate":"https:\/\/pb.edu.pl\/sjo\/?s={search_term_string}"},"query-input":{"@type":"PropertyValueSpecification","valueRequired":true,"valueName":"search_term_string"}}],"inLanguage":"pl-PL"}]}},"_links":{"self":[{"href":"https:\/\/pb.edu.pl\/sjo\/wp-json\/wp\/v2\/pages\/103","targetHints":{"allow":["GET"]}}],"collection":[{"href":"https:\/\/pb.edu.pl\/sjo\/wp-json\/wp\/v2\/pages"}],"about":[{"href":"https:\/\/pb.edu.pl\/sjo\/wp-json\/wp\/v2\/types\/page"}],"author":[{"embeddable":true,"href":"https:\/\/pb.edu.pl\/sjo\/wp-json\/wp\/v2\/users\/2"}],"replies":[{"embeddable":true,"href":"https:\/\/pb.edu.pl\/sjo\/wp-json\/wp\/v2\/comments?post=103"}],"version-history":[{"count":0,"href":"https:\/\/pb.edu.pl\/sjo\/wp-json\/wp\/v2\/pages\/103\/revisions"}],"up":[{"embeddable":true,"href":"https:\/\/pb.edu.pl\/sjo\/wp-json\/wp\/v2\/pages\/58"}],"wp:attachment":[{"href":"https:\/\/pb.edu.pl\/sjo\/wp-json\/wp\/v2\/media?parent=103"}],"curies":[{"name":"wp","href":"https:\/\/api.w.org\/{rel}","templated":true}]}}