{"id":10194,"date":"2021-09-01T21:46:37","date_gmt":"2021-09-01T19:46:37","guid":{"rendered":"https:\/\/pb.edu.pl\/sjo\/?page_id=10194"},"modified":"2023-02-16T18:52:02","modified_gmt":"2023-02-16T17:52:02","slug":"paczki","status":"publish","type":"page","link":"https:\/\/pb.edu.pl\/sjo\/polish-lab\/czy-wiecie-ze\/paczki\/","title":{"rendered":"SMACZNE"},"content":{"rendered":"<p><span style=\"font-family: verdana, geneva, sans-serif;font-size: 12pt\"><strong>P\u0105czki <\/strong>to jeden z najbardziej tradycyjnych i ulubionych polskich deser\u00f3w.<\/span><\/p>\n<p><span style=\"font-family: verdana, geneva, sans-serif;font-size: 12pt\">Tradycja sma\u017cenia p\u0105czk\u00f3w z nadzieniem owocowym lub r\u00f3\u017canym si\u0119ga pocz\u0105tk\u00f3w XVIII wieku. Ale najwi\u0119cej p\u0105czk\u00f3w zjadamy w <strong>T\u0142usty Czwartek<\/strong>, czyli w ostatni czwartek przed Wielkim Postem. Wtedy smakuj\u0105 najlepiej! Przes\u0105d g\u0142osi, \u017ce kto nie zje p\u0105czka w T\u0142usty Czwartek, spotka go nieszcz\u0119\u015bcie w nadchodz\u0105cym roku.<\/span><\/p>\n<p><span style=\"font-family: verdana, geneva, sans-serif;font-size: 12pt\">Szacuje si\u0119, \u017ce ok. 100 milion\u00f3w p\u0105czk\u00f3w zjadamy tylko w ten jeden dzie\u0144!<\/span><\/p>\n<div id='gallery-1' class='gallery galleryid-10194 gallery-columns-3 gallery-size-full'><figure class='gallery-item'>\n\t\t\t<div class='gallery-icon landscape'>\n\t\t\t\t<a href='https:\/\/pb.edu.pl\/sjo\/polish-lab\/czy-wiecie-ze\/paczki\/doughnut-4\/'><img loading=\"lazy\" decoding=\"async\" width=\"2560\" height=\"1652\" src=\"https:\/\/pb.edu.pl\/sjo\/wp-content\/uploads\/sites\/9\/2021\/09\/12-Depositphotos_paczki-scaled.jpg\" class=\"attachment-full size-full\" alt=\"\" srcset=\"https:\/\/pb.edu.pl\/sjo\/wp-content\/uploads\/sites\/9\/2021\/09\/12-Depositphotos_paczki-scaled.jpg 2560w, https:\/\/pb.edu.pl\/sjo\/wp-content\/uploads\/sites\/9\/2021\/09\/12-Depositphotos_paczki-300x194.jpg 300w, https:\/\/pb.edu.pl\/sjo\/wp-content\/uploads\/sites\/9\/2021\/09\/12-Depositphotos_paczki-1024x661.jpg 1024w, https:\/\/pb.edu.pl\/sjo\/wp-content\/uploads\/sites\/9\/2021\/09\/12-Depositphotos_paczki-768x496.jpg 768w, https:\/\/pb.edu.pl\/sjo\/wp-content\/uploads\/sites\/9\/2021\/09\/12-Depositphotos_paczki-1536x991.jpg 1536w, https:\/\/pb.edu.pl\/sjo\/wp-content\/uploads\/sites\/9\/2021\/09\/12-Depositphotos_paczki-2048x1322.jpg 2048w\" sizes=\"auto, (max-width: 2560px) 100vw, 2560px\" \/><\/a>\n\t\t\t<\/div><\/figure><figure class='gallery-item'>\n\t\t\t<div class='gallery-icon landscape'>\n\t\t\t\t<a href='https:\/\/pb.edu.pl\/sjo\/polish-lab\/czy-wiecie-ze\/paczki\/11-paczki-2-2\/'><img loading=\"lazy\" decoding=\"async\" width=\"2560\" height=\"1719\" src=\"https:\/\/pb.edu.pl\/sjo\/wp-content\/uploads\/sites\/9\/2021\/09\/11-paczki-2-1-scaled.jpg\" class=\"attachment-full size-full\" alt=\"\" srcset=\"https:\/\/pb.edu.pl\/sjo\/wp-content\/uploads\/sites\/9\/2021\/09\/11-paczki-2-1-scaled.jpg 2560w, https:\/\/pb.edu.pl\/sjo\/wp-content\/uploads\/sites\/9\/2021\/09\/11-paczki-2-1-300x200.jpg 300w, https:\/\/pb.edu.pl\/sjo\/wp-content\/uploads\/sites\/9\/2021\/09\/11-paczki-2-1-1024x688.jpg 1024w, https:\/\/pb.edu.pl\/sjo\/wp-content\/uploads\/sites\/9\/2021\/09\/11-paczki-2-1-768x516.jpg 768w, https:\/\/pb.edu.pl\/sjo\/wp-content\/uploads\/sites\/9\/2021\/09\/11-paczki-2-1-1536x1032.jpg 1536w, https:\/\/pb.edu.pl\/sjo\/wp-content\/uploads\/sites\/9\/2021\/09\/11-paczki-2-1-2048x1376.jpg 2048w\" sizes=\"auto, (max-width: 2560px) 100vw, 2560px\" \/><\/a>\n\t\t\t<\/div><\/figure><figure class='gallery-item'>\n\t\t\t<div class='gallery-icon landscape'>\n\t\t\t\t<a href='https:\/\/pb.edu.pl\/sjo\/polish-lab\/czy-wiecie-ze\/paczki\/krapfen-berliner\/'><img loading=\"lazy\" decoding=\"async\" width=\"1800\" height=\"1190\" src=\"https:\/\/pb.edu.pl\/sjo\/wp-content\/uploads\/sites\/9\/2021\/09\/paczki-2AdobeStock_321334782-scaled-e1630525575926.jpeg\" class=\"attachment-full size-full\" alt=\"\" srcset=\"https:\/\/pb.edu.pl\/sjo\/wp-content\/uploads\/sites\/9\/2021\/09\/paczki-2AdobeStock_321334782-scaled-e1630525575926.jpeg 1800w, https:\/\/pb.edu.pl\/sjo\/wp-content\/uploads\/sites\/9\/2021\/09\/paczki-2AdobeStock_321334782-scaled-e1630525575926-300x198.jpeg 300w, https:\/\/pb.edu.pl\/sjo\/wp-content\/uploads\/sites\/9\/2021\/09\/paczki-2AdobeStock_321334782-scaled-e1630525575926-1024x677.jpeg 1024w, https:\/\/pb.edu.pl\/sjo\/wp-content\/uploads\/sites\/9\/2021\/09\/paczki-2AdobeStock_321334782-scaled-e1630525575926-768x508.jpeg 768w, https:\/\/pb.edu.pl\/sjo\/wp-content\/uploads\/sites\/9\/2021\/09\/paczki-2AdobeStock_321334782-scaled-e1630525575926-1536x1015.jpeg 1536w\" sizes=\"auto, (max-width: 1800px) 100vw, 1800px\" \/><\/a>\n\t\t\t<\/div><\/figure>\n\t\t<\/div>\n\n<table style=\"border-collapse: collapse;width: 100%\">\n<tbody>\n<tr>\n<td style=\"width: 33.3333%\"><span style=\"font-size: 8pt\">fot. Depositphotos<\/span><\/td>\n<td style=\"width: 33.3333%\"><span style=\"font-size: 8pt\">&nbsp;&nbsp;&nbsp; fot. A.J. Domurat<\/span><\/td>\n<td style=\"width: 33.3333%\"><span style=\"font-size: 8pt\">&nbsp;&nbsp;&nbsp;&nbsp;&nbsp;&nbsp; fot. Adobe Stock<\/span><\/td>\n<\/tr>\n<\/tbody>\n<\/table>\n<p>&nbsp;<\/p>\n<p><span style=\"font-family: verdana, geneva, sans-serif;font-size: 12pt\"><strong>P\u0105czki<\/strong> is one of the most traditional and favorite Polish desserts.<\/span><\/p>\n<p><span style=\"font-family: verdana, geneva, sans-serif;font-size: 12pt\">The tradition of frying donuts with fruit or rose filling dates back to the early 18th century. But most donuts are eaten on <strong>Fat Thursday<\/strong>, the last Thursday before Lent. That is when they taste the best! Superstition has it that whoever does not eat a donut on Fat Thursday will meet misfortune in the coming year.<\/span><\/p>\n<p><span style=\"font-family: verdana, geneva, sans-serif;font-size: 12pt\">It is estimated that in Poland about 100 million donuts are eaten on this one day alone!<\/span><\/p>\n<p>&nbsp;<\/p>\n","protected":false},"excerpt":{"rendered":"<p>P\u0105czki to jeden z najbardziej tradycyjnych i ulubionych polskich deser\u00f3w. Tradycja sma\u017cenia p\u0105czk\u00f3w z nadzieniem<\/p>\n","protected":false},"author":77,"featured_media":0,"parent":8281,"menu_order":0,"comment_status":"closed","ping_status":"closed","template":"","meta":{"_acf_changed":false,"ngg_post_thumbnail":0,"footnotes":""},"class_list":["post-10194","page","type-page","status-publish","hentry"],"acf":[],"yoast_head":"<!-- This site is optimized with the Yoast SEO plugin v27.0 - https:\/\/yoast.com\/product\/yoast-seo-wordpress\/ -->\n<title>SMACZNE - Studium J\u0119zyk\u00f3w Obcych<\/title>\n<meta name=\"description\" content=\"P\u0105czki to jeden z najbardziej tradycyjnych i ulubionych polskich deser\u00f3w. Tradycja sma\u017cenia p\u0105czk\u00f3w z nadzieniem owocowym lub r\u00f3\u017canym si\u0119ga pocz\u0105tk\u00f3w\" \/>\n<meta name=\"robots\" content=\"index, follow, max-snippet:-1, max-image-preview:large, max-video-preview:-1\" \/>\n<link rel=\"canonical\" href=\"https:\/\/pb.edu.pl\/sjo\/polish-lab\/czy-wiecie-ze\/paczki\/\" \/>\n<meta property=\"og:locale\" content=\"pl_PL\" \/>\n<meta property=\"og:type\" content=\"article\" \/>\n<meta property=\"og:title\" content=\"SMACZNE - Studium J\u0119zyk\u00f3w Obcych\" \/>\n<meta property=\"og:description\" content=\"P\u0105czki to jeden z najbardziej tradycyjnych i ulubionych polskich deser\u00f3w. Tradycja sma\u017cenia p\u0105czk\u00f3w z nadzieniem owocowym lub r\u00f3\u017canym si\u0119ga pocz\u0105tk\u00f3w\" \/>\n<meta property=\"og:url\" content=\"https:\/\/pb.edu.pl\/sjo\/polish-lab\/czy-wiecie-ze\/paczki\/\" \/>\n<meta property=\"og:site_name\" content=\"Studium J\u0119zyk\u00f3w Obcych\" \/>\n<meta property=\"article:modified_time\" content=\"2023-02-16T17:52:02+00:00\" \/>\n<meta property=\"og:image\" content=\"https:\/\/pb.edu.pl\/sjo\/wp-content\/uploads\/sites\/9\/2021\/09\/12-Depositphotos_paczki-scaled.jpg\" \/>\n<meta name=\"twitter:label1\" content=\"Szacowany czas czytania\" \/>\n\t<meta name=\"twitter:data1\" content=\"1 minuta\" \/>\n<script type=\"application\/ld+json\" class=\"yoast-schema-graph\">{\"@context\":\"https:\/\/schema.org\",\"@graph\":[{\"@type\":\"WebPage\",\"@id\":\"https:\/\/pb.edu.pl\/sjo\/polish-lab\/czy-wiecie-ze\/paczki\/\",\"url\":\"https:\/\/pb.edu.pl\/sjo\/polish-lab\/czy-wiecie-ze\/paczki\/\",\"name\":\"SMACZNE - Studium J\u0119zyk\u00f3w Obcych\",\"isPartOf\":{\"@id\":\"https:\/\/pb.edu.pl\/sjo\/#website\"},\"datePublished\":\"2021-09-01T19:46:37+00:00\",\"dateModified\":\"2023-02-16T17:52:02+00:00\",\"description\":\"P\u0105czki to jeden z najbardziej tradycyjnych i ulubionych polskich deser\u00f3w. Tradycja sma\u017cenia p\u0105czk\u00f3w z nadzieniem owocowym lub r\u00f3\u017canym si\u0119ga pocz\u0105tk\u00f3w\",\"breadcrumb\":{\"@id\":\"https:\/\/pb.edu.pl\/sjo\/polish-lab\/czy-wiecie-ze\/paczki\/#breadcrumb\"},\"inLanguage\":\"pl-PL\",\"potentialAction\":[{\"@type\":\"ReadAction\",\"target\":[\"https:\/\/pb.edu.pl\/sjo\/polish-lab\/czy-wiecie-ze\/paczki\/\"]}]},{\"@type\":\"BreadcrumbList\",\"@id\":\"https:\/\/pb.edu.pl\/sjo\/polish-lab\/czy-wiecie-ze\/paczki\/#breadcrumb\",\"itemListElement\":[{\"@type\":\"ListItem\",\"position\":1,\"name\":\"Home\",\"item\":\"https:\/\/pb.edu.pl\/sjo\/\"},{\"@type\":\"ListItem\",\"position\":2,\"name\":\"Centrum J\u0119zyka i Kultury Polskiej POLISH LAB\",\"item\":\"https:\/\/pb.edu.pl\/sjo\/polish-lab\/\"},{\"@type\":\"ListItem\",\"position\":3,\"name\":\"O Polsce i Polakach\",\"item\":\"https:\/\/pb.edu.pl\/sjo\/polish-lab\/czy-wiecie-ze\/\"},{\"@type\":\"ListItem\",\"position\":4,\"name\":\"SMACZNE\"}]},{\"@type\":\"WebSite\",\"@id\":\"https:\/\/pb.edu.pl\/sjo\/#website\",\"url\":\"https:\/\/pb.edu.pl\/sjo\/\",\"name\":\"Studium J\u0119zyk\u00f3w Obcych\",\"description\":\"\",\"potentialAction\":[{\"@type\":\"SearchAction\",\"target\":{\"@type\":\"EntryPoint\",\"urlTemplate\":\"https:\/\/pb.edu.pl\/sjo\/?s={search_term_string}\"},\"query-input\":{\"@type\":\"PropertyValueSpecification\",\"valueRequired\":true,\"valueName\":\"search_term_string\"}}],\"inLanguage\":\"pl-PL\"}]}<\/script>\n<!-- \/ Yoast SEO plugin. -->","yoast_head_json":{"title":"SMACZNE - Studium J\u0119zyk\u00f3w Obcych","description":"P\u0105czki to jeden z najbardziej tradycyjnych i ulubionych polskich deser\u00f3w. Tradycja sma\u017cenia p\u0105czk\u00f3w z nadzieniem owocowym lub r\u00f3\u017canym si\u0119ga pocz\u0105tk\u00f3w","robots":{"index":"index","follow":"follow","max-snippet":"max-snippet:-1","max-image-preview":"max-image-preview:large","max-video-preview":"max-video-preview:-1"},"canonical":"https:\/\/pb.edu.pl\/sjo\/polish-lab\/czy-wiecie-ze\/paczki\/","og_locale":"pl_PL","og_type":"article","og_title":"SMACZNE - Studium J\u0119zyk\u00f3w Obcych","og_description":"P\u0105czki to jeden z najbardziej tradycyjnych i ulubionych polskich deser\u00f3w. Tradycja sma\u017cenia p\u0105czk\u00f3w z nadzieniem owocowym lub r\u00f3\u017canym si\u0119ga pocz\u0105tk\u00f3w","og_url":"https:\/\/pb.edu.pl\/sjo\/polish-lab\/czy-wiecie-ze\/paczki\/","og_site_name":"Studium J\u0119zyk\u00f3w Obcych","article_modified_time":"2023-02-16T17:52:02+00:00","og_image":[{"url":"https:\/\/pb.edu.pl\/sjo\/wp-content\/uploads\/sites\/9\/2021\/09\/12-Depositphotos_paczki-scaled.jpg","type":"","width":"","height":""}],"twitter_misc":{"Szacowany czas czytania":"1 minuta"},"schema":{"@context":"https:\/\/schema.org","@graph":[{"@type":"WebPage","@id":"https:\/\/pb.edu.pl\/sjo\/polish-lab\/czy-wiecie-ze\/paczki\/","url":"https:\/\/pb.edu.pl\/sjo\/polish-lab\/czy-wiecie-ze\/paczki\/","name":"SMACZNE - Studium J\u0119zyk\u00f3w Obcych","isPartOf":{"@id":"https:\/\/pb.edu.pl\/sjo\/#website"},"datePublished":"2021-09-01T19:46:37+00:00","dateModified":"2023-02-16T17:52:02+00:00","description":"P\u0105czki to jeden z najbardziej tradycyjnych i ulubionych polskich deser\u00f3w. Tradycja sma\u017cenia p\u0105czk\u00f3w z nadzieniem owocowym lub r\u00f3\u017canym si\u0119ga pocz\u0105tk\u00f3w","breadcrumb":{"@id":"https:\/\/pb.edu.pl\/sjo\/polish-lab\/czy-wiecie-ze\/paczki\/#breadcrumb"},"inLanguage":"pl-PL","potentialAction":[{"@type":"ReadAction","target":["https:\/\/pb.edu.pl\/sjo\/polish-lab\/czy-wiecie-ze\/paczki\/"]}]},{"@type":"BreadcrumbList","@id":"https:\/\/pb.edu.pl\/sjo\/polish-lab\/czy-wiecie-ze\/paczki\/#breadcrumb","itemListElement":[{"@type":"ListItem","position":1,"name":"Home","item":"https:\/\/pb.edu.pl\/sjo\/"},{"@type":"ListItem","position":2,"name":"Centrum J\u0119zyka i Kultury Polskiej POLISH LAB","item":"https:\/\/pb.edu.pl\/sjo\/polish-lab\/"},{"@type":"ListItem","position":3,"name":"O Polsce i Polakach","item":"https:\/\/pb.edu.pl\/sjo\/polish-lab\/czy-wiecie-ze\/"},{"@type":"ListItem","position":4,"name":"SMACZNE"}]},{"@type":"WebSite","@id":"https:\/\/pb.edu.pl\/sjo\/#website","url":"https:\/\/pb.edu.pl\/sjo\/","name":"Studium J\u0119zyk\u00f3w Obcych","description":"","potentialAction":[{"@type":"SearchAction","target":{"@type":"EntryPoint","urlTemplate":"https:\/\/pb.edu.pl\/sjo\/?s={search_term_string}"},"query-input":{"@type":"PropertyValueSpecification","valueRequired":true,"valueName":"search_term_string"}}],"inLanguage":"pl-PL"}]}},"_links":{"self":[{"href":"https:\/\/pb.edu.pl\/sjo\/wp-json\/wp\/v2\/pages\/10194","targetHints":{"allow":["GET"]}}],"collection":[{"href":"https:\/\/pb.edu.pl\/sjo\/wp-json\/wp\/v2\/pages"}],"about":[{"href":"https:\/\/pb.edu.pl\/sjo\/wp-json\/wp\/v2\/types\/page"}],"author":[{"embeddable":true,"href":"https:\/\/pb.edu.pl\/sjo\/wp-json\/wp\/v2\/users\/77"}],"replies":[{"embeddable":true,"href":"https:\/\/pb.edu.pl\/sjo\/wp-json\/wp\/v2\/comments?post=10194"}],"version-history":[{"count":0,"href":"https:\/\/pb.edu.pl\/sjo\/wp-json\/wp\/v2\/pages\/10194\/revisions"}],"up":[{"embeddable":true,"href":"https:\/\/pb.edu.pl\/sjo\/wp-json\/wp\/v2\/pages\/8281"}],"wp:attachment":[{"href":"https:\/\/pb.edu.pl\/sjo\/wp-json\/wp\/v2\/media?parent=10194"}],"curies":[{"name":"wp","href":"https:\/\/api.w.org\/{rel}","templated":true}]}}