{"id":10176,"date":"2021-09-01T20:57:39","date_gmt":"2021-09-01T18:57:39","guid":{"rendered":"https:\/\/pb.edu.pl\/sjo\/?page_id=10176"},"modified":"2023-02-06T13:58:54","modified_gmt":"2023-02-06T12:58:54","slug":"olga-tokarczuk","status":"publish","type":"page","link":"https:\/\/pb.edu.pl\/sjo\/polish-lab\/czy-wiecie-ze\/olga-tokarczuk\/","title":{"rendered":"INSPIRUJ\u0104CE"},"content":{"rendered":"<p style=\"text-align: left\"><span style=\"font-family: verdana, geneva, sans-serif;font-size: 12pt\"><strong>Olga Tokarczuk<\/strong> (ur. 1962), pisarka, intelektualistka i aktywistka. Laureatka Literackiej Nagrody Nobla za rok 2018. Szwedzka Akademia doceni\u0142a jej &#8222;narracyjn\u0105 wyobra\u017ani\u0119, kt\u00f3ra z encyklopedyczn\u0105 dok\u0142adno\u015bci\u0105 oddaje przekraczanie granic jako form\u0119 \u017cycia&#8221;.<\/span><\/p>\n<p style=\"text-align: left\"><span style=\"font-family: verdana, geneva, sans-serif;font-size: 12pt\">W swoich ksi\u0105\u017ckach, kt\u00f3re przet\u0142umaczono na 37 j\u0119zyk\u00f3w, wykazuje niezwyk\u0142\u0105 wra\u017cliwo\u015b\u0107 na drugiego cz\u0142owieka, ale te\u017c na los zwierz\u0105t. Jej proza cz\u0119sto jest okre\u015blana mianem \u2018realizm magiczny\u2019, poniewa\u017c w swoje historie cz\u0119sto wplata motywy metafizyczne.<\/span><\/p>\n<p style=\"text-align: left\"><span style=\"font-family: verdana, geneva, sans-serif;font-size: 12pt\">Olga Tokarczuk jest uwa\u017cn\u0105 obserwatork\u0105 rzeczywisto\u015bci, ale r\u00f3wnie\u017c aktywn\u0105 uczestniczk\u0105 \u017cycia spo\u0142ecznego. Zabiera g\u0142os w sprawie obrony uchod\u017ac\u00f3w, praw obywatelskich i praw mniejszo\u015bci, popiera zwi\u0105zki homoseksualne partnerskie, bierze udzia\u0142 w marszach r\u00f3wno\u015bci.<\/span><\/p>\n<p style=\"text-align: left\"><span style=\"font-family: verdana, geneva, sans-serif;font-size: 12pt\">Na podstawie jej powie\u015bci pt. &#8222;Prowad\u017a sw\u00f3j p\u0142ug przez ko\u015bci umar\u0142ych&#8221; Agnieszka Holland nakr\u0119ci\u0142a niezwyk\u0142y film pt. &#8222;Pokot&#8221;, w kt\u00f3rym bohaterka, nauczycielka w miejscowej szkole, bierze odwet na kilku wp\u0142ywowych lokalnych mieszka\u0144cach za barbarzy\u0144skie traktowanie przyrody i zwierz\u0105t.<\/span><\/p>\n<div id='gallery-1' class='gallery galleryid-10176 gallery-columns-3 gallery-size-medium'><figure class='gallery-item'>\n\t\t\t<div class='gallery-icon portrait'>\n\t\t\t\t<a href='https:\/\/pb.edu.pl\/sjo\/polish-lab\/czy-wiecie-ze\/olga-tokarczuk\/9-olga_tokarczuk-martin-kraft-cc-by-sa-3-0\/'><img loading=\"lazy\" decoding=\"async\" width=\"200\" height=\"300\" src=\"https:\/\/pb.edu.pl\/sjo\/wp-content\/uploads\/sites\/9\/2021\/09\/9-Olga_Tokarczuk-Martin-Kraft-CC-BY-SA-3.0-200x300.jpg\" class=\"attachment-medium size-medium\" alt=\"fotografie pisarki Olgi Tokarczuk\" srcset=\"https:\/\/pb.edu.pl\/sjo\/wp-content\/uploads\/sites\/9\/2021\/09\/9-Olga_Tokarczuk-Martin-Kraft-CC-BY-SA-3.0-200x300.jpg 200w, https:\/\/pb.edu.pl\/sjo\/wp-content\/uploads\/sites\/9\/2021\/09\/9-Olga_Tokarczuk-Martin-Kraft-CC-BY-SA-3.0-683x1024.jpg 683w, https:\/\/pb.edu.pl\/sjo\/wp-content\/uploads\/sites\/9\/2021\/09\/9-Olga_Tokarczuk-Martin-Kraft-CC-BY-SA-3.0-768x1152.jpg 768w, https:\/\/pb.edu.pl\/sjo\/wp-content\/uploads\/sites\/9\/2021\/09\/9-Olga_Tokarczuk-Martin-Kraft-CC-BY-SA-3.0-1024x1536.jpg 1024w, https:\/\/pb.edu.pl\/sjo\/wp-content\/uploads\/sites\/9\/2021\/09\/9-Olga_Tokarczuk-Martin-Kraft-CC-BY-SA-3.0-1366x2048.jpg 1366w, https:\/\/pb.edu.pl\/sjo\/wp-content\/uploads\/sites\/9\/2021\/09\/9-Olga_Tokarczuk-Martin-Kraft-CC-BY-SA-3.0.jpg 1695w\" sizes=\"auto, (max-width: 200px) 100vw, 200px\" \/><\/a>\n\t\t\t<\/div><\/figure><figure class='gallery-item'>\n\t\t\t<div class='gallery-icon portrait'>\n\t\t\t\t<a href='https:\/\/pb.edu.pl\/sjo\/polish-lab\/czy-wiecie-ze\/olga-tokarczuk\/9-tokarczuk-photo-kevin-fitzgerald-cc-attribution-sharealike-3-0-igo-license\/'><img loading=\"lazy\" decoding=\"async\" width=\"225\" height=\"300\" src=\"https:\/\/pb.edu.pl\/sjo\/wp-content\/uploads\/sites\/9\/2021\/09\/9-Tokarczuk-Photo-Kevin-Fitzgerald-cc-Attribution-ShareAlike-3.0-IGO-License-225x300.jpg\" class=\"attachment-medium size-medium\" alt=\"\" srcset=\"https:\/\/pb.edu.pl\/sjo\/wp-content\/uploads\/sites\/9\/2021\/09\/9-Tokarczuk-Photo-Kevin-Fitzgerald-cc-Attribution-ShareAlike-3.0-IGO-License-225x300.jpg 225w, https:\/\/pb.edu.pl\/sjo\/wp-content\/uploads\/sites\/9\/2021\/09\/9-Tokarczuk-Photo-Kevin-Fitzgerald-cc-Attribution-ShareAlike-3.0-IGO-License-768x1023.jpg 768w, https:\/\/pb.edu.pl\/sjo\/wp-content\/uploads\/sites\/9\/2021\/09\/9-Tokarczuk-Photo-Kevin-Fitzgerald-cc-Attribution-ShareAlike-3.0-IGO-License.jpg 986w\" sizes=\"auto, (max-width: 225px) 100vw, 225px\" \/><\/a>\n\t\t\t<\/div><\/figure><figure class='gallery-item'>\n\t\t\t<div class='gallery-icon portrait'>\n\t\t\t\t<a href='https:\/\/pb.edu.pl\/sjo\/polish-lab\/czy-wiecie-ze\/olga-tokarczuk\/9-olga_tokarczuk-2018-fryta-73-from-strzegom-cc-by-sa-2-0\/'><img loading=\"lazy\" decoding=\"async\" width=\"200\" height=\"300\" src=\"https:\/\/pb.edu.pl\/sjo\/wp-content\/uploads\/sites\/9\/2021\/09\/9-Olga_Tokarczuk-2018-Fryta-73-from-Strzegom-CC-BY-SA-2.0-200x300.jpg\" class=\"attachment-medium size-medium\" alt=\"\" srcset=\"https:\/\/pb.edu.pl\/sjo\/wp-content\/uploads\/sites\/9\/2021\/09\/9-Olga_Tokarczuk-2018-Fryta-73-from-Strzegom-CC-BY-SA-2.0-200x300.jpg 200w, https:\/\/pb.edu.pl\/sjo\/wp-content\/uploads\/sites\/9\/2021\/09\/9-Olga_Tokarczuk-2018-Fryta-73-from-Strzegom-CC-BY-SA-2.0.jpg 448w\" sizes=\"auto, (max-width: 200px) 100vw, 200px\" \/><\/a>\n\t\t\t<\/div><\/figure>\n\t\t<\/div>\n\n<p>&nbsp;&nbsp;&nbsp;&nbsp;&nbsp;&nbsp; <span style=\"font-size: 10pt\">fot. Martin Kraft, CC BY-SA 3.0&nbsp;&nbsp;&nbsp;&nbsp;&nbsp;&nbsp;&nbsp;&nbsp;&nbsp;&nbsp;&nbsp;&nbsp;&nbsp;&nbsp;&nbsp;&nbsp;&nbsp;&nbsp;&nbsp;&nbsp;&nbsp;&nbsp;&nbsp;&nbsp;&nbsp;&nbsp;&nbsp;&nbsp;&nbsp;&nbsp;&nbsp;&nbsp; fot. Kevin Fitzgerald, CC BY-SA3.0 IGO License&nbsp; &nbsp;&nbsp;&nbsp;&nbsp; &nbsp; &nbsp;&nbsp;&nbsp;&nbsp;&nbsp;&nbsp;&nbsp;&nbsp;&nbsp;&nbsp;&nbsp;&nbsp;&nbsp;&nbsp;&nbsp;&nbsp;&nbsp;&nbsp; fot. Fryta 73 from Strzegom, CC BY-SA 2.0&nbsp;<br \/>\n<\/span><\/p>\n<p>&nbsp;<\/p>\n<div id='gallery-2' class='gallery galleryid-10176 gallery-columns-5 gallery-size-medium'><figure class='gallery-item'>\n\t\t\t<div class='gallery-icon portrait'>\n\t\t\t\t<a href='https:\/\/pb.edu.pl\/sjo\/polish-lab\/czy-wiecie-ze\/olga-tokarczuk\/untitled\/'><img loading=\"lazy\" decoding=\"async\" width=\"200\" height=\"300\" src=\"https:\/\/pb.edu.pl\/sjo\/wp-content\/uploads\/sites\/9\/2021\/09\/9-tokarczuk-ksiegi-200x300.jpg\" class=\"attachment-medium size-medium\" alt=\"\" srcset=\"https:\/\/pb.edu.pl\/sjo\/wp-content\/uploads\/sites\/9\/2021\/09\/9-tokarczuk-ksiegi-200x300.jpg 200w, https:\/\/pb.edu.pl\/sjo\/wp-content\/uploads\/sites\/9\/2021\/09\/9-tokarczuk-ksiegi-683x1024.jpg 683w, https:\/\/pb.edu.pl\/sjo\/wp-content\/uploads\/sites\/9\/2021\/09\/9-tokarczuk-ksiegi.jpg 709w\" sizes=\"auto, (max-width: 200px) 100vw, 200px\" \/><\/a>\n\t\t\t<\/div><\/figure><figure class='gallery-item'>\n\t\t\t<div class='gallery-icon portrait'>\n\t\t\t\t<a href='https:\/\/pb.edu.pl\/sjo\/polish-lab\/czy-wiecie-ze\/olga-tokarczuk\/9-tokarczuk-czuly\/'><img loading=\"lazy\" decoding=\"async\" width=\"192\" height=\"300\" src=\"https:\/\/pb.edu.pl\/sjo\/wp-content\/uploads\/sites\/9\/2021\/09\/9-tokarczuk-czuly-192x300.jpg\" class=\"attachment-medium size-medium\" alt=\"\" srcset=\"https:\/\/pb.edu.pl\/sjo\/wp-content\/uploads\/sites\/9\/2021\/09\/9-tokarczuk-czuly-192x300.jpg 192w, https:\/\/pb.edu.pl\/sjo\/wp-content\/uploads\/sites\/9\/2021\/09\/9-tokarczuk-czuly.jpg 568w\" sizes=\"auto, (max-width: 192px) 100vw, 192px\" \/><\/a>\n\t\t\t<\/div><\/figure><figure class='gallery-item'>\n\t\t\t<div class='gallery-icon portrait'>\n\t\t\t\t<a href='https:\/\/pb.edu.pl\/sjo\/polish-lab\/czy-wiecie-ze\/olga-tokarczuk\/ot-bieguni-okl-2018_e37-5_wrzesien-indd\/'><img loading=\"lazy\" decoding=\"async\" width=\"191\" height=\"300\" src=\"https:\/\/pb.edu.pl\/sjo\/wp-content\/uploads\/sites\/9\/2021\/09\/9-tokarczuk-bieguni-191x300.jpg\" class=\"attachment-medium size-medium\" alt=\"\" srcset=\"https:\/\/pb.edu.pl\/sjo\/wp-content\/uploads\/sites\/9\/2021\/09\/9-tokarczuk-bieguni-191x300.jpg 191w, https:\/\/pb.edu.pl\/sjo\/wp-content\/uploads\/sites\/9\/2021\/09\/9-tokarczuk-bieguni-651x1024.jpg 651w, https:\/\/pb.edu.pl\/sjo\/wp-content\/uploads\/sites\/9\/2021\/09\/9-tokarczuk-bieguni.jpg 709w\" sizes=\"auto, (max-width: 191px) 100vw, 191px\" \/><\/a>\n\t\t\t<\/div><\/figure><figure class='gallery-item'>\n\t\t\t<div class='gallery-icon portrait'>\n\t\t\t\t<a href='https:\/\/pb.edu.pl\/sjo\/polish-lab\/czy-wiecie-ze\/olga-tokarczuk\/9-tokarczuk-prawiek\/'><img loading=\"lazy\" decoding=\"async\" width=\"190\" height=\"300\" src=\"https:\/\/pb.edu.pl\/sjo\/wp-content\/uploads\/sites\/9\/2021\/09\/9-tokarczuk-prawiek-190x300.jpg\" class=\"attachment-medium size-medium\" alt=\"\" srcset=\"https:\/\/pb.edu.pl\/sjo\/wp-content\/uploads\/sites\/9\/2021\/09\/9-tokarczuk-prawiek-190x300.jpg 190w, https:\/\/pb.edu.pl\/sjo\/wp-content\/uploads\/sites\/9\/2021\/09\/9-tokarczuk-prawiek-650x1024.jpg 650w, https:\/\/pb.edu.pl\/sjo\/wp-content\/uploads\/sites\/9\/2021\/09\/9-tokarczuk-prawiek.jpg 709w\" sizes=\"auto, (max-width: 190px) 100vw, 190px\" \/><\/a>\n\t\t\t<\/div><\/figure><figure class='gallery-item'>\n\t\t\t<div class='gallery-icon portrait'>\n\t\t\t\t<a href='https:\/\/pb.edu.pl\/sjo\/polish-lab\/czy-wiecie-ze\/olga-tokarczuk\/9-prowadz-swoj-plug-przez-kosci-umarlych\/'><img loading=\"lazy\" decoding=\"async\" width=\"192\" height=\"300\" src=\"https:\/\/pb.edu.pl\/sjo\/wp-content\/uploads\/sites\/9\/2021\/09\/9-prowadz-swoj-plug-przez-kosci-umarlych--192x300.jpg\" class=\"attachment-medium size-medium\" alt=\"\" srcset=\"https:\/\/pb.edu.pl\/sjo\/wp-content\/uploads\/sites\/9\/2021\/09\/9-prowadz-swoj-plug-przez-kosci-umarlych--192x300.jpg 192w, https:\/\/pb.edu.pl\/sjo\/wp-content\/uploads\/sites\/9\/2021\/09\/9-prowadz-swoj-plug-przez-kosci-umarlych-.jpg 224w\" sizes=\"auto, (max-width: 192px) 100vw, 192px\" \/><\/a>\n\t\t\t<\/div><\/figure>\n\t\t<\/div>\n\n<p>&nbsp;<\/p>\n","protected":false},"excerpt":{"rendered":"<p>Olga Tokarczuk (ur. 1962), pisarka, intelektualistka i aktywistka. Laureatka Literackiej Nagrody Nobla za rok 2018.<\/p>\n","protected":false},"author":77,"featured_media":0,"parent":8281,"menu_order":0,"comment_status":"closed","ping_status":"closed","template":"","meta":{"_acf_changed":false,"ngg_post_thumbnail":0,"footnotes":""},"class_list":["post-10176","page","type-page","status-publish","hentry"],"acf":[],"yoast_head":"<!-- This site is optimized with the Yoast SEO plugin v27.0 - https:\/\/yoast.com\/product\/yoast-seo-wordpress\/ -->\n<title>INSPIRUJ\u0104CE - Studium J\u0119zyk\u00f3w Obcych<\/title>\n<meta name=\"description\" content=\"Olga Tokarczuk (ur. 1962), pisarka, intelektualistka i aktywistka. Laureatka Literackiej Nagrody Nobla za rok 2018. Szwedzka Akademia doceni\u0142a jej\" \/>\n<meta name=\"robots\" content=\"index, follow, max-snippet:-1, max-image-preview:large, max-video-preview:-1\" \/>\n<link rel=\"canonical\" href=\"https:\/\/pb.edu.pl\/sjo\/polish-lab\/czy-wiecie-ze\/olga-tokarczuk\/\" \/>\n<meta property=\"og:locale\" content=\"pl_PL\" \/>\n<meta property=\"og:type\" content=\"article\" \/>\n<meta property=\"og:title\" content=\"INSPIRUJ\u0104CE - Studium J\u0119zyk\u00f3w Obcych\" \/>\n<meta property=\"og:description\" content=\"Olga Tokarczuk (ur. 1962), pisarka, intelektualistka i aktywistka. Laureatka Literackiej Nagrody Nobla za rok 2018. Szwedzka Akademia doceni\u0142a jej\" \/>\n<meta property=\"og:url\" content=\"https:\/\/pb.edu.pl\/sjo\/polish-lab\/czy-wiecie-ze\/olga-tokarczuk\/\" \/>\n<meta property=\"og:site_name\" content=\"Studium J\u0119zyk\u00f3w Obcych\" \/>\n<meta property=\"article:modified_time\" content=\"2023-02-06T12:58:54+00:00\" \/>\n<meta property=\"og:image\" content=\"https:\/\/pb.edu.pl\/sjo\/wp-content\/uploads\/sites\/9\/2021\/09\/9-Olga_Tokarczuk-Martin-Kraft-CC-BY-SA-3.0-200x300.jpg\" \/>\n<meta name=\"twitter:label1\" content=\"Szacowany czas czytania\" \/>\n\t<meta name=\"twitter:data1\" content=\"1 minuta\" \/>\n<script type=\"application\/ld+json\" class=\"yoast-schema-graph\">{\"@context\":\"https:\/\/schema.org\",\"@graph\":[{\"@type\":\"WebPage\",\"@id\":\"https:\/\/pb.edu.pl\/sjo\/polish-lab\/czy-wiecie-ze\/olga-tokarczuk\/\",\"url\":\"https:\/\/pb.edu.pl\/sjo\/polish-lab\/czy-wiecie-ze\/olga-tokarczuk\/\",\"name\":\"INSPIRUJ\u0104CE - Studium J\u0119zyk\u00f3w Obcych\",\"isPartOf\":{\"@id\":\"https:\/\/pb.edu.pl\/sjo\/#website\"},\"datePublished\":\"2021-09-01T18:57:39+00:00\",\"dateModified\":\"2023-02-06T12:58:54+00:00\",\"description\":\"Olga Tokarczuk (ur. 1962), pisarka, intelektualistka i aktywistka. Laureatka Literackiej Nagrody Nobla za rok 2018. Szwedzka Akademia doceni\u0142a jej\",\"breadcrumb\":{\"@id\":\"https:\/\/pb.edu.pl\/sjo\/polish-lab\/czy-wiecie-ze\/olga-tokarczuk\/#breadcrumb\"},\"inLanguage\":\"pl-PL\",\"potentialAction\":[{\"@type\":\"ReadAction\",\"target\":[\"https:\/\/pb.edu.pl\/sjo\/polish-lab\/czy-wiecie-ze\/olga-tokarczuk\/\"]}]},{\"@type\":\"BreadcrumbList\",\"@id\":\"https:\/\/pb.edu.pl\/sjo\/polish-lab\/czy-wiecie-ze\/olga-tokarczuk\/#breadcrumb\",\"itemListElement\":[{\"@type\":\"ListItem\",\"position\":1,\"name\":\"Home\",\"item\":\"https:\/\/pb.edu.pl\/sjo\/\"},{\"@type\":\"ListItem\",\"position\":2,\"name\":\"Centrum J\u0119zyka i Kultury Polskiej POLISH LAB\",\"item\":\"https:\/\/pb.edu.pl\/sjo\/polish-lab\/\"},{\"@type\":\"ListItem\",\"position\":3,\"name\":\"O Polsce i Polakach\",\"item\":\"https:\/\/pb.edu.pl\/sjo\/polish-lab\/czy-wiecie-ze\/\"},{\"@type\":\"ListItem\",\"position\":4,\"name\":\"INSPIRUJ\u0104CE\"}]},{\"@type\":\"WebSite\",\"@id\":\"https:\/\/pb.edu.pl\/sjo\/#website\",\"url\":\"https:\/\/pb.edu.pl\/sjo\/\",\"name\":\"Studium J\u0119zyk\u00f3w Obcych\",\"description\":\"\",\"potentialAction\":[{\"@type\":\"SearchAction\",\"target\":{\"@type\":\"EntryPoint\",\"urlTemplate\":\"https:\/\/pb.edu.pl\/sjo\/?s={search_term_string}\"},\"query-input\":{\"@type\":\"PropertyValueSpecification\",\"valueRequired\":true,\"valueName\":\"search_term_string\"}}],\"inLanguage\":\"pl-PL\"}]}<\/script>\n<!-- \/ Yoast SEO plugin. -->","yoast_head_json":{"title":"INSPIRUJ\u0104CE - Studium J\u0119zyk\u00f3w Obcych","description":"Olga Tokarczuk (ur. 1962), pisarka, intelektualistka i aktywistka. Laureatka Literackiej Nagrody Nobla za rok 2018. Szwedzka Akademia doceni\u0142a jej","robots":{"index":"index","follow":"follow","max-snippet":"max-snippet:-1","max-image-preview":"max-image-preview:large","max-video-preview":"max-video-preview:-1"},"canonical":"https:\/\/pb.edu.pl\/sjo\/polish-lab\/czy-wiecie-ze\/olga-tokarczuk\/","og_locale":"pl_PL","og_type":"article","og_title":"INSPIRUJ\u0104CE - Studium J\u0119zyk\u00f3w Obcych","og_description":"Olga Tokarczuk (ur. 1962), pisarka, intelektualistka i aktywistka. Laureatka Literackiej Nagrody Nobla za rok 2018. Szwedzka Akademia doceni\u0142a jej","og_url":"https:\/\/pb.edu.pl\/sjo\/polish-lab\/czy-wiecie-ze\/olga-tokarczuk\/","og_site_name":"Studium J\u0119zyk\u00f3w Obcych","article_modified_time":"2023-02-06T12:58:54+00:00","og_image":[{"url":"https:\/\/pb.edu.pl\/sjo\/wp-content\/uploads\/sites\/9\/2021\/09\/9-Olga_Tokarczuk-Martin-Kraft-CC-BY-SA-3.0-200x300.jpg","type":"","width":"","height":""}],"twitter_misc":{"Szacowany czas czytania":"1 minuta"},"schema":{"@context":"https:\/\/schema.org","@graph":[{"@type":"WebPage","@id":"https:\/\/pb.edu.pl\/sjo\/polish-lab\/czy-wiecie-ze\/olga-tokarczuk\/","url":"https:\/\/pb.edu.pl\/sjo\/polish-lab\/czy-wiecie-ze\/olga-tokarczuk\/","name":"INSPIRUJ\u0104CE - Studium J\u0119zyk\u00f3w Obcych","isPartOf":{"@id":"https:\/\/pb.edu.pl\/sjo\/#website"},"datePublished":"2021-09-01T18:57:39+00:00","dateModified":"2023-02-06T12:58:54+00:00","description":"Olga Tokarczuk (ur. 1962), pisarka, intelektualistka i aktywistka. Laureatka Literackiej Nagrody Nobla za rok 2018. Szwedzka Akademia doceni\u0142a jej","breadcrumb":{"@id":"https:\/\/pb.edu.pl\/sjo\/polish-lab\/czy-wiecie-ze\/olga-tokarczuk\/#breadcrumb"},"inLanguage":"pl-PL","potentialAction":[{"@type":"ReadAction","target":["https:\/\/pb.edu.pl\/sjo\/polish-lab\/czy-wiecie-ze\/olga-tokarczuk\/"]}]},{"@type":"BreadcrumbList","@id":"https:\/\/pb.edu.pl\/sjo\/polish-lab\/czy-wiecie-ze\/olga-tokarczuk\/#breadcrumb","itemListElement":[{"@type":"ListItem","position":1,"name":"Home","item":"https:\/\/pb.edu.pl\/sjo\/"},{"@type":"ListItem","position":2,"name":"Centrum J\u0119zyka i Kultury Polskiej POLISH LAB","item":"https:\/\/pb.edu.pl\/sjo\/polish-lab\/"},{"@type":"ListItem","position":3,"name":"O Polsce i Polakach","item":"https:\/\/pb.edu.pl\/sjo\/polish-lab\/czy-wiecie-ze\/"},{"@type":"ListItem","position":4,"name":"INSPIRUJ\u0104CE"}]},{"@type":"WebSite","@id":"https:\/\/pb.edu.pl\/sjo\/#website","url":"https:\/\/pb.edu.pl\/sjo\/","name":"Studium J\u0119zyk\u00f3w Obcych","description":"","potentialAction":[{"@type":"SearchAction","target":{"@type":"EntryPoint","urlTemplate":"https:\/\/pb.edu.pl\/sjo\/?s={search_term_string}"},"query-input":{"@type":"PropertyValueSpecification","valueRequired":true,"valueName":"search_term_string"}}],"inLanguage":"pl-PL"}]}},"_links":{"self":[{"href":"https:\/\/pb.edu.pl\/sjo\/wp-json\/wp\/v2\/pages\/10176","targetHints":{"allow":["GET"]}}],"collection":[{"href":"https:\/\/pb.edu.pl\/sjo\/wp-json\/wp\/v2\/pages"}],"about":[{"href":"https:\/\/pb.edu.pl\/sjo\/wp-json\/wp\/v2\/types\/page"}],"author":[{"embeddable":true,"href":"https:\/\/pb.edu.pl\/sjo\/wp-json\/wp\/v2\/users\/77"}],"replies":[{"embeddable":true,"href":"https:\/\/pb.edu.pl\/sjo\/wp-json\/wp\/v2\/comments?post=10176"}],"version-history":[{"count":0,"href":"https:\/\/pb.edu.pl\/sjo\/wp-json\/wp\/v2\/pages\/10176\/revisions"}],"up":[{"embeddable":true,"href":"https:\/\/pb.edu.pl\/sjo\/wp-json\/wp\/v2\/pages\/8281"}],"wp:attachment":[{"href":"https:\/\/pb.edu.pl\/sjo\/wp-json\/wp\/v2\/media?parent=10176"}],"curies":[{"name":"wp","href":"https:\/\/api.w.org\/{rel}","templated":true}]}}