{"id":10118,"date":"2021-08-27T11:52:54","date_gmt":"2021-08-27T09:52:54","guid":{"rendered":"https:\/\/pb.edu.pl\/sjo\/?page_id=10118"},"modified":"2023-09-05T14:20:50","modified_gmt":"2023-09-05T12:20:50","slug":"igor-mitoraj-artysta","status":"publish","type":"page","link":"https:\/\/pb.edu.pl\/sjo\/polish-lab\/czy-wiecie-ze\/igor-mitoraj-artysta\/","title":{"rendered":"Inspiruj\u0105ce"},"content":{"rendered":"<p><span style=\"font-family: verdana, geneva, sans-serif;font-size: 12pt\"><strong>Igor Mitoraj<\/strong> (1944-2014) to wyj\u0105tkowy artysta i rze\u017abiarz, kt\u00f3rego prace mo\u017cna ogl\u0105da\u0107 na ulicach wielu miast na \u015bwiecie: w Krakowie na Rynku Starego Miasta (Eros sp\u0119tany), przed British Museum w Londynie, w Madrycie przed Museo Nacional del <\/span><span style=\"font-family: verdana, geneva, sans-serif;font-size: 12pt\">Prado<\/span><span style=\"font-family: verdana, geneva, sans-serif;font-size: 12pt\">, w Warszawie, Poznaniu, Pary\u017cu, Rzymie, Florencji, Mediolanie, Walencji\u2026<\/span><\/p>\n<p><span style=\"font-family: verdana, geneva, sans-serif;font-size: 12pt\">Tworzy\u0142 marmurowe pos\u0105gi, ale te\u017c odlewy z br\u0105zu, g\u0142ownie monumentalne korpusy, popiersia, g\u0142owy, przypominaj\u0105ce rze\u017aby antyczne, ale jakby niedoko\u0144czone lub naruszone z\u0119bem czasu, z poobcinanymi ko\u0144czynami i uszkodzonymi partiami. Jego prace zapadaj\u0105 w pami\u0119ci widza na d\u0142ugo. Na zawsze.<\/span><\/p>\n<div id='gallery-1' class='gallery galleryid-10118 gallery-columns-3 gallery-size-medium'><figure class='gallery-item'>\n\t\t\t<div class='gallery-icon landscape'>\n\t\t\t\t<a href='https:\/\/pb.edu.pl\/sjo\/5-igor_mitoraj_valencia_2006-no-machine-readable-author-provided-chosovi-assumed-based-on-copyright-claims-cc-by-sa-2-5\/'><img loading=\"lazy\" decoding=\"async\" width=\"300\" height=\"225\" src=\"https:\/\/pb.edu.pl\/sjo\/wp-content\/uploads\/sites\/9\/2021\/08\/5.-Igor_Mitoraj_Valencia_2006-No-machine-readable-author-provided.-Chosovi-assumed-based-on-copyright-claims.-CC-BY-SA-2.5-300x225.jpg\" class=\"attachment-medium size-medium\" alt=\"\" aria-describedby=\"gallery-1-10107\" srcset=\"https:\/\/pb.edu.pl\/sjo\/wp-content\/uploads\/sites\/9\/2021\/08\/5.-Igor_Mitoraj_Valencia_2006-No-machine-readable-author-provided.-Chosovi-assumed-based-on-copyright-claims.-CC-BY-SA-2.5-300x225.jpg 300w, https:\/\/pb.edu.pl\/sjo\/wp-content\/uploads\/sites\/9\/2021\/08\/5.-Igor_Mitoraj_Valencia_2006-No-machine-readable-author-provided.-Chosovi-assumed-based-on-copyright-claims.-CC-BY-SA-2.5-1024x768.jpg 1024w, https:\/\/pb.edu.pl\/sjo\/wp-content\/uploads\/sites\/9\/2021\/08\/5.-Igor_Mitoraj_Valencia_2006-No-machine-readable-author-provided.-Chosovi-assumed-based-on-copyright-claims.-CC-BY-SA-2.5-768x576.jpg 768w, https:\/\/pb.edu.pl\/sjo\/wp-content\/uploads\/sites\/9\/2021\/08\/5.-Igor_Mitoraj_Valencia_2006-No-machine-readable-author-provided.-Chosovi-assumed-based-on-copyright-claims.-CC-BY-SA-2.5-1536x1152.jpg 1536w, https:\/\/pb.edu.pl\/sjo\/wp-content\/uploads\/sites\/9\/2021\/08\/5.-Igor_Mitoraj_Valencia_2006-No-machine-readable-author-provided.-Chosovi-assumed-based-on-copyright-claims.-CC-BY-SA-2.5.jpg 2048w\" sizes=\"auto, (max-width: 300px) 100vw, 300px\" \/><\/a>\n\t\t\t<\/div>\n\t\t\t\t<figcaption class='wp-caption-text gallery-caption' id='gallery-1-10107'>\n\t\t\t\tWalencja, Hiszpania, fot. Chosovi, CC BY-SA 2.5\n\t\t\t\t<\/figcaption><\/figure><figure class='gallery-item'>\n\t\t\t<div class='gallery-icon landscape'>\n\t\t\t\t<a href='https:\/\/pb.edu.pl\/sjo\/milan-italy-february-24-2019-outdoor-sculpture-chest-in-half-by-igor-mitoraj-in-front-of-church-chiesa-di-santa-maria-del-carmine-in-brera-district-of-milan-city\/'><img loading=\"lazy\" decoding=\"async\" width=\"300\" height=\"225\" src=\"https:\/\/pb.edu.pl\/sjo\/wp-content\/uploads\/sites\/9\/2021\/08\/5.-mitoraj-AdobeStock_312038591_Editorial_Use_Only-300x225.jpeg\" class=\"attachment-medium size-medium\" alt=\"\" aria-describedby=\"gallery-1-10102\" srcset=\"https:\/\/pb.edu.pl\/sjo\/wp-content\/uploads\/sites\/9\/2021\/08\/5.-mitoraj-AdobeStock_312038591_Editorial_Use_Only-300x225.jpeg 300w, https:\/\/pb.edu.pl\/sjo\/wp-content\/uploads\/sites\/9\/2021\/08\/5.-mitoraj-AdobeStock_312038591_Editorial_Use_Only-1024x768.jpeg 1024w, https:\/\/pb.edu.pl\/sjo\/wp-content\/uploads\/sites\/9\/2021\/08\/5.-mitoraj-AdobeStock_312038591_Editorial_Use_Only-768x576.jpeg 768w, https:\/\/pb.edu.pl\/sjo\/wp-content\/uploads\/sites\/9\/2021\/08\/5.-mitoraj-AdobeStock_312038591_Editorial_Use_Only-1536x1152.jpeg 1536w, https:\/\/pb.edu.pl\/sjo\/wp-content\/uploads\/sites\/9\/2021\/08\/5.-mitoraj-AdobeStock_312038591_Editorial_Use_Only-2048x1536.jpeg 2048w\" sizes=\"auto, (max-width: 300px) 100vw, 300px\" \/><\/a>\n\t\t\t<\/div>\n\t\t\t\t<figcaption class='wp-caption-text gallery-caption' id='gallery-1-10102'>\n\t\t\t\tMediolan, W\u0142ochy, fot. Adobe Stock\n\t\t\t\t<\/figcaption><\/figure><figure class='gallery-item'>\n\t\t\t<div class='gallery-icon landscape'>\n\t\t\t\t<a href='https:\/\/pb.edu.pl\/sjo\/5-1280px-thsuki_no_hikari_mitoraj_poznan-cc-by-sa-4-0\/'><img loading=\"lazy\" decoding=\"async\" width=\"300\" height=\"225\" src=\"https:\/\/pb.edu.pl\/sjo\/wp-content\/uploads\/sites\/9\/2021\/08\/5.-1280px-Thsuki_no_hikari_Mitoraj_Poznan-CC-BY-SA-4.0-300x225.jpg\" class=\"attachment-medium size-medium\" alt=\"\" aria-describedby=\"gallery-1-10108\" srcset=\"https:\/\/pb.edu.pl\/sjo\/wp-content\/uploads\/sites\/9\/2021\/08\/5.-1280px-Thsuki_no_hikari_Mitoraj_Poznan-CC-BY-SA-4.0-300x225.jpg 300w, https:\/\/pb.edu.pl\/sjo\/wp-content\/uploads\/sites\/9\/2021\/08\/5.-1280px-Thsuki_no_hikari_Mitoraj_Poznan-CC-BY-SA-4.0-1024x768.jpg 1024w, https:\/\/pb.edu.pl\/sjo\/wp-content\/uploads\/sites\/9\/2021\/08\/5.-1280px-Thsuki_no_hikari_Mitoraj_Poznan-CC-BY-SA-4.0-768x576.jpg 768w, https:\/\/pb.edu.pl\/sjo\/wp-content\/uploads\/sites\/9\/2021\/08\/5.-1280px-Thsuki_no_hikari_Mitoraj_Poznan-CC-BY-SA-4.0.jpg 1280w\" sizes=\"auto, (max-width: 300px) 100vw, 300px\" \/><\/a>\n\t\t\t<\/div>\n\t\t\t\t<figcaption class='wp-caption-text gallery-caption' id='gallery-1-10108'>\n\t\t\t\tStary Browar, Pozna\u0144, Polska. fot.CC BY-SA 4.0\n\t\t\t\t<\/figcaption><\/figure><figure class='gallery-item'>\n\t\t\t<div class='gallery-icon landscape'>\n\t\t\t\t<a href='https:\/\/pb.edu.pl\/sjo\/polish-lab\/czy-wiecie-ze\/igor-mitoraj-artysta\/5-dsc_6885-2\/'><img loading=\"lazy\" decoding=\"async\" width=\"300\" height=\"199\" src=\"https:\/\/pb.edu.pl\/sjo\/wp-content\/uploads\/sites\/9\/2021\/09\/5.-DSC_6885--300x199.jpg\" class=\"attachment-medium size-medium\" alt=\"\" aria-describedby=\"gallery-1-10207\" srcset=\"https:\/\/pb.edu.pl\/sjo\/wp-content\/uploads\/sites\/9\/2021\/09\/5.-DSC_6885--300x200.jpg 300w, https:\/\/pb.edu.pl\/sjo\/wp-content\/uploads\/sites\/9\/2021\/09\/5.-DSC_6885--1024x678.jpg 1024w, https:\/\/pb.edu.pl\/sjo\/wp-content\/uploads\/sites\/9\/2021\/09\/5.-DSC_6885--768x508.jpg 768w, https:\/\/pb.edu.pl\/sjo\/wp-content\/uploads\/sites\/9\/2021\/09\/5.-DSC_6885--1536x1017.jpg 1536w, https:\/\/pb.edu.pl\/sjo\/wp-content\/uploads\/sites\/9\/2021\/09\/5.-DSC_6885--2048x1356.jpg 2048w, https:\/\/pb.edu.pl\/sjo\/wp-content\/uploads\/sites\/9\/2021\/09\/5.-DSC_6885--480x320.jpg 480w\" sizes=\"auto, (max-width: 300px) 100vw, 300px\" \/><\/a>\n\t\t\t<\/div>\n\t\t\t\t<figcaption class='wp-caption-text gallery-caption' id='gallery-1-10207'>\n\t\t\t\tStary Rynek, Krak\u00f3w. Polska, fot. A.J. Domurat\n\t\t\t\t<\/figcaption><\/figure><figure class='gallery-item'>\n\t\t\t<div class='gallery-icon landscape'>\n\t\t\t\t<a href='https:\/\/pb.edu.pl\/sjo\/bamberg-germany-july-15-2019-statue-centurion-i-from-igor-mitoraj-on-the-lower-bridge-in-bamberg-germany-on-a-blue-sky\/'><img loading=\"lazy\" decoding=\"async\" width=\"300\" height=\"272\" src=\"https:\/\/pb.edu.pl\/sjo\/wp-content\/uploads\/sites\/9\/2021\/08\/5.-Mitoraj-w-Bamberg-Niemcy-AdobeStock_312038591_Editorial_Use_Only-scaled-e1630054752739-300x272.jpeg\" class=\"attachment-medium size-medium\" alt=\"\" aria-describedby=\"gallery-1-10100\" srcset=\"https:\/\/pb.edu.pl\/sjo\/wp-content\/uploads\/sites\/9\/2021\/08\/5.-Mitoraj-w-Bamberg-Niemcy-AdobeStock_312038591_Editorial_Use_Only-scaled-e1630054752739-300x272.jpeg 300w, https:\/\/pb.edu.pl\/sjo\/wp-content\/uploads\/sites\/9\/2021\/08\/5.-Mitoraj-w-Bamberg-Niemcy-AdobeStock_312038591_Editorial_Use_Only-scaled-e1630054752739-1024x928.jpeg 1024w, https:\/\/pb.edu.pl\/sjo\/wp-content\/uploads\/sites\/9\/2021\/08\/5.-Mitoraj-w-Bamberg-Niemcy-AdobeStock_312038591_Editorial_Use_Only-scaled-e1630054752739-768x696.jpeg 768w, https:\/\/pb.edu.pl\/sjo\/wp-content\/uploads\/sites\/9\/2021\/08\/5.-Mitoraj-w-Bamberg-Niemcy-AdobeStock_312038591_Editorial_Use_Only-scaled-e1630054752739-1536x1392.jpeg 1536w, https:\/\/pb.edu.pl\/sjo\/wp-content\/uploads\/sites\/9\/2021\/08\/5.-Mitoraj-w-Bamberg-Niemcy-AdobeStock_312038591_Editorial_Use_Only-scaled-e1630054752739.jpeg 1708w\" sizes=\"auto, (max-width: 300px) 100vw, 300px\" \/><\/a>\n\t\t\t<\/div>\n\t\t\t\t<figcaption class='wp-caption-text gallery-caption' id='gallery-1-10100'>\n\t\t\t\tBamberg, Niemcy, fot. Adobe Stock\n\t\t\t\t<\/figcaption><\/figure><figure class='gallery-item'>\n\t\t\t<div class='gallery-icon landscape'>\n\t\t\t\t<a href='https:\/\/pb.edu.pl\/sjo\/the-icare-sculpture-by-igor-mitoraj-among-the-skyscrapers-in-financial-district-of-la-defense-in-paris-france\/'><img loading=\"lazy\" decoding=\"async\" width=\"300\" height=\"200\" src=\"https:\/\/pb.edu.pl\/sjo\/wp-content\/uploads\/sites\/9\/2021\/08\/5.-mitoraj-la-defence-paris-AdobeStock_292501460_Editorial_Use_Only-300x200.jpeg\" class=\"attachment-medium size-medium\" alt=\"\" aria-describedby=\"gallery-1-10103\" srcset=\"https:\/\/pb.edu.pl\/sjo\/wp-content\/uploads\/sites\/9\/2021\/08\/5.-mitoraj-la-defence-paris-AdobeStock_292501460_Editorial_Use_Only-300x200.jpeg 300w, https:\/\/pb.edu.pl\/sjo\/wp-content\/uploads\/sites\/9\/2021\/08\/5.-mitoraj-la-defence-paris-AdobeStock_292501460_Editorial_Use_Only-1024x683.jpeg 1024w, https:\/\/pb.edu.pl\/sjo\/wp-content\/uploads\/sites\/9\/2021\/08\/5.-mitoraj-la-defence-paris-AdobeStock_292501460_Editorial_Use_Only-768x512.jpeg 768w, https:\/\/pb.edu.pl\/sjo\/wp-content\/uploads\/sites\/9\/2021\/08\/5.-mitoraj-la-defence-paris-AdobeStock_292501460_Editorial_Use_Only-1536x1024.jpeg 1536w, https:\/\/pb.edu.pl\/sjo\/wp-content\/uploads\/sites\/9\/2021\/08\/5.-mitoraj-la-defence-paris-AdobeStock_292501460_Editorial_Use_Only-2048x1365.jpeg 2048w, https:\/\/pb.edu.pl\/sjo\/wp-content\/uploads\/sites\/9\/2021\/08\/5.-mitoraj-la-defence-paris-AdobeStock_292501460_Editorial_Use_Only-480x320.jpeg 480w\" sizes=\"auto, (max-width: 300px) 100vw, 300px\" \/><\/a>\n\t\t\t<\/div>\n\t\t\t\t<figcaption class='wp-caption-text gallery-caption' id='gallery-1-10103'>\n\t\t\t\tPary\u017c, Francja, fot. Adobe Stock\n\t\t\t\t<\/figcaption><\/figure><figure class='gallery-item'>\n\t\t\t<div class='gallery-icon portrait'>\n\t\t\t\t<a href='https:\/\/pb.edu.pl\/sjo\/5-mitoraj_i-_rzym-maciek-malec-cc-by-sa-4-0\/'><img loading=\"lazy\" decoding=\"async\" width=\"258\" height=\"300\" src=\"https:\/\/pb.edu.pl\/sjo\/wp-content\/uploads\/sites\/9\/2021\/08\/5.-Mitoraj_I._Rzym-Maciek.malec-CC-BY-SA-4.0-258x300.jpg\" class=\"attachment-medium size-medium\" alt=\"\" aria-describedby=\"gallery-1-10104\" srcset=\"https:\/\/pb.edu.pl\/sjo\/wp-content\/uploads\/sites\/9\/2021\/08\/5.-Mitoraj_I._Rzym-Maciek.malec-CC-BY-SA-4.0-258x300.jpg 258w, https:\/\/pb.edu.pl\/sjo\/wp-content\/uploads\/sites\/9\/2021\/08\/5.-Mitoraj_I._Rzym-Maciek.malec-CC-BY-SA-4.0-768x893.jpg 768w, https:\/\/pb.edu.pl\/sjo\/wp-content\/uploads\/sites\/9\/2021\/08\/5.-Mitoraj_I._Rzym-Maciek.malec-CC-BY-SA-4.0.jpg 881w\" sizes=\"auto, (max-width: 258px) 100vw, 258px\" \/><\/a>\n\t\t\t<\/div>\n\t\t\t\t<figcaption class='wp-caption-text gallery-caption' id='gallery-1-10104'>\n\t\t\t\tRzym, W\u0142ochy, fot. Maciek.malec, CC BY-SA 4.0\n\t\t\t\t<\/figcaption><\/figure><figure class='gallery-item'>\n\t\t\t<div class='gallery-icon landscape'>\n\t\t\t\t<a href='https:\/\/pb.edu.pl\/sjo\/sculpture-tindaro-screpolato-by-igor-mitoraj-in-boboli-gardens\/'><img loading=\"lazy\" decoding=\"async\" width=\"300\" height=\"300\" src=\"https:\/\/pb.edu.pl\/sjo\/wp-content\/uploads\/sites\/9\/2021\/08\/5.-mitoraj-AdobeStock_79982258-300x300.jpeg\" class=\"attachment-medium size-medium\" alt=\"\" aria-describedby=\"gallery-1-10101\" srcset=\"https:\/\/pb.edu.pl\/sjo\/wp-content\/uploads\/sites\/9\/2021\/08\/5.-mitoraj-AdobeStock_79982258-300x300.jpeg 300w, https:\/\/pb.edu.pl\/sjo\/wp-content\/uploads\/sites\/9\/2021\/08\/5.-mitoraj-AdobeStock_79982258-1024x1024.jpeg 1024w, https:\/\/pb.edu.pl\/sjo\/wp-content\/uploads\/sites\/9\/2021\/08\/5.-mitoraj-AdobeStock_79982258-768x768.jpeg 768w, https:\/\/pb.edu.pl\/sjo\/wp-content\/uploads\/sites\/9\/2021\/08\/5.-mitoraj-AdobeStock_79982258-1536x1536.jpeg 1536w, https:\/\/pb.edu.pl\/sjo\/wp-content\/uploads\/sites\/9\/2021\/08\/5.-mitoraj-AdobeStock_79982258-2048x2048.jpeg 2048w\" sizes=\"auto, (max-width: 300px) 100vw, 300px\" \/><\/a>\n\t\t\t<\/div>\n\t\t\t\t<figcaption class='wp-caption-text gallery-caption' id='gallery-1-10101'>\n\t\t\t\tOgrody Boboli, Florencja, W\u0142ochy, fot. Adobe Stock\n\t\t\t\t<\/figcaption><\/figure><figure class='gallery-item'>\n\t\t\t<div class='gallery-icon portrait'>\n\t\t\t\t<a href='https:\/\/pb.edu.pl\/sjo\/5-igor_mitoraj_2014-r-andrea-bosio-from-florence-italy-cc-by-sa-2-0\/'><img loading=\"lazy\" decoding=\"async\" width=\"200\" height=\"300\" src=\"https:\/\/pb.edu.pl\/sjo\/wp-content\/uploads\/sites\/9\/2021\/08\/5.-Igor_Mitoraj_2014-r-Andrea-Bosio-from-Florence-ITALY-CC-BY-SA-2.0-200x300.jpg\" class=\"attachment-medium size-medium\" alt=\"\" aria-describedby=\"gallery-1-10099\" srcset=\"https:\/\/pb.edu.pl\/sjo\/wp-content\/uploads\/sites\/9\/2021\/08\/5.-Igor_Mitoraj_2014-r-Andrea-Bosio-from-Florence-ITALY-CC-BY-SA-2.0-200x300.jpg 200w, https:\/\/pb.edu.pl\/sjo\/wp-content\/uploads\/sites\/9\/2021\/08\/5.-Igor_Mitoraj_2014-r-Andrea-Bosio-from-Florence-ITALY-CC-BY-SA-2.0-683x1024.jpg 683w, https:\/\/pb.edu.pl\/sjo\/wp-content\/uploads\/sites\/9\/2021\/08\/5.-Igor_Mitoraj_2014-r-Andrea-Bosio-from-Florence-ITALY-CC-BY-SA-2.0-768x1152.jpg 768w, https:\/\/pb.edu.pl\/sjo\/wp-content\/uploads\/sites\/9\/2021\/08\/5.-Igor_Mitoraj_2014-r-Andrea-Bosio-from-Florence-ITALY-CC-BY-SA-2.0.jpg 1024w\" sizes=\"auto, (max-width: 200px) 100vw, 200px\" \/><\/a>\n\t\t\t<\/div>\n\t\t\t\t<figcaption class='wp-caption-text gallery-caption' id='gallery-1-10099'>\n\t\t\t\tIgor Mitoraj, portret z 2014r., fot. Andrea Bosio from Florence Italy, CC BY-SA 2.0\n\t\t\t\t<\/figcaption><\/figure>\n\t\t<\/div>\n\n<p>&nbsp; A Simple Tribute to the Artist:<\/p>\n<div class=\"embed-responsive embed-responsive-16by9\"><iframe loading=\"lazy\" title=\"Igor Mitoraj \u25cf A Simple Tribute\" width=\"500\" height=\"281\" src=\"https:\/\/www.youtube.com\/embed\/odS2deDktcE?feature=oembed\" frameborder=\"0\" allow=\"accelerometer; autoplay; clipboard-write; encrypted-media; gyroscope; picture-in-picture; web-share\" referrerpolicy=\"strict-origin-when-cross-origin\" allowfullscreen><\/iframe><\/div>\n","protected":false},"excerpt":{"rendered":"<p>Igor Mitoraj (1944-2014) to wyj\u0105tkowy artysta i rze\u017abiarz, kt\u00f3rego prace mo\u017cna ogl\u0105da\u0107 na ulicach wielu<\/p>\n","protected":false},"author":2,"featured_media":0,"parent":8281,"menu_order":5,"comment_status":"closed","ping_status":"closed","template":"","meta":{"_acf_changed":false,"ngg_post_thumbnail":0,"footnotes":""},"class_list":["post-10118","page","type-page","status-publish","hentry"],"acf":[],"yoast_head":"<!-- This site is optimized with the Yoast SEO plugin v27.0 - https:\/\/yoast.com\/product\/yoast-seo-wordpress\/ -->\n<title>Inspiruj\u0105ce - Studium J\u0119zyk\u00f3w Obcych<\/title>\n<meta name=\"description\" content=\"Igor Mitoraj (1944-2014) to wyj\u0105tkowy artysta i rze\u017abiarz, kt\u00f3rego prace mo\u017cna ogl\u0105da\u0107 na ulicach wielu miast na \u015bwiecie: w Krakowie na Rynku Starego\" \/>\n<meta name=\"robots\" content=\"index, follow, max-snippet:-1, max-image-preview:large, max-video-preview:-1\" \/>\n<link rel=\"canonical\" href=\"https:\/\/pb.edu.pl\/sjo\/polish-lab\/czy-wiecie-ze\/igor-mitoraj-artysta\/\" \/>\n<meta property=\"og:locale\" content=\"pl_PL\" \/>\n<meta property=\"og:type\" content=\"article\" \/>\n<meta property=\"og:title\" content=\"Inspiruj\u0105ce - Studium J\u0119zyk\u00f3w Obcych\" \/>\n<meta property=\"og:description\" content=\"Igor Mitoraj (1944-2014) to wyj\u0105tkowy artysta i rze\u017abiarz, kt\u00f3rego prace mo\u017cna ogl\u0105da\u0107 na ulicach wielu miast na \u015bwiecie: w Krakowie na Rynku Starego\" \/>\n<meta property=\"og:url\" content=\"https:\/\/pb.edu.pl\/sjo\/polish-lab\/czy-wiecie-ze\/igor-mitoraj-artysta\/\" \/>\n<meta property=\"og:site_name\" content=\"Studium J\u0119zyk\u00f3w Obcych\" \/>\n<meta property=\"article:modified_time\" content=\"2023-09-05T12:20:50+00:00\" \/>\n<meta property=\"og:image\" content=\"https:\/\/pb.edu.pl\/sjo\/wp-content\/uploads\/sites\/9\/2021\/08\/5.-Igor_Mitoraj_Valencia_2006-No-machine-readable-author-provided.-Chosovi-assumed-based-on-copyright-claims.-CC-BY-SA-2.5-300x225.jpg\" \/>\n<meta name=\"twitter:label1\" content=\"Szacowany czas czytania\" \/>\n\t<meta name=\"twitter:data1\" content=\"1 minuta\" \/>\n<script type=\"application\/ld+json\" class=\"yoast-schema-graph\">{\"@context\":\"https:\/\/schema.org\",\"@graph\":[{\"@type\":\"WebPage\",\"@id\":\"https:\/\/pb.edu.pl\/sjo\/polish-lab\/czy-wiecie-ze\/igor-mitoraj-artysta\/\",\"url\":\"https:\/\/pb.edu.pl\/sjo\/polish-lab\/czy-wiecie-ze\/igor-mitoraj-artysta\/\",\"name\":\"Inspiruj\u0105ce - Studium J\u0119zyk\u00f3w Obcych\",\"isPartOf\":{\"@id\":\"https:\/\/pb.edu.pl\/sjo\/#website\"},\"datePublished\":\"2021-08-27T09:52:54+00:00\",\"dateModified\":\"2023-09-05T12:20:50+00:00\",\"description\":\"Igor Mitoraj (1944-2014) to wyj\u0105tkowy artysta i rze\u017abiarz, kt\u00f3rego prace mo\u017cna ogl\u0105da\u0107 na ulicach wielu miast na \u015bwiecie: w Krakowie na Rynku Starego\",\"breadcrumb\":{\"@id\":\"https:\/\/pb.edu.pl\/sjo\/polish-lab\/czy-wiecie-ze\/igor-mitoraj-artysta\/#breadcrumb\"},\"inLanguage\":\"pl-PL\",\"potentialAction\":[{\"@type\":\"ReadAction\",\"target\":[\"https:\/\/pb.edu.pl\/sjo\/polish-lab\/czy-wiecie-ze\/igor-mitoraj-artysta\/\"]}]},{\"@type\":\"BreadcrumbList\",\"@id\":\"https:\/\/pb.edu.pl\/sjo\/polish-lab\/czy-wiecie-ze\/igor-mitoraj-artysta\/#breadcrumb\",\"itemListElement\":[{\"@type\":\"ListItem\",\"position\":1,\"name\":\"Home\",\"item\":\"https:\/\/pb.edu.pl\/sjo\/\"},{\"@type\":\"ListItem\",\"position\":2,\"name\":\"Centrum J\u0119zyka i Kultury Polskiej POLISH LAB\",\"item\":\"https:\/\/pb.edu.pl\/sjo\/polish-lab\/\"},{\"@type\":\"ListItem\",\"position\":3,\"name\":\"O Polsce i Polakach\",\"item\":\"https:\/\/pb.edu.pl\/sjo\/polish-lab\/czy-wiecie-ze\/\"},{\"@type\":\"ListItem\",\"position\":4,\"name\":\"Inspiruj\u0105ce\"}]},{\"@type\":\"WebSite\",\"@id\":\"https:\/\/pb.edu.pl\/sjo\/#website\",\"url\":\"https:\/\/pb.edu.pl\/sjo\/\",\"name\":\"Studium J\u0119zyk\u00f3w Obcych\",\"description\":\"\",\"potentialAction\":[{\"@type\":\"SearchAction\",\"target\":{\"@type\":\"EntryPoint\",\"urlTemplate\":\"https:\/\/pb.edu.pl\/sjo\/?s={search_term_string}\"},\"query-input\":{\"@type\":\"PropertyValueSpecification\",\"valueRequired\":true,\"valueName\":\"search_term_string\"}}],\"inLanguage\":\"pl-PL\"}]}<\/script>\n<!-- \/ Yoast SEO plugin. -->","yoast_head_json":{"title":"Inspiruj\u0105ce - Studium J\u0119zyk\u00f3w Obcych","description":"Igor Mitoraj (1944-2014) to wyj\u0105tkowy artysta i rze\u017abiarz, kt\u00f3rego prace mo\u017cna ogl\u0105da\u0107 na ulicach wielu miast na \u015bwiecie: w Krakowie na Rynku Starego","robots":{"index":"index","follow":"follow","max-snippet":"max-snippet:-1","max-image-preview":"max-image-preview:large","max-video-preview":"max-video-preview:-1"},"canonical":"https:\/\/pb.edu.pl\/sjo\/polish-lab\/czy-wiecie-ze\/igor-mitoraj-artysta\/","og_locale":"pl_PL","og_type":"article","og_title":"Inspiruj\u0105ce - Studium J\u0119zyk\u00f3w Obcych","og_description":"Igor Mitoraj (1944-2014) to wyj\u0105tkowy artysta i rze\u017abiarz, kt\u00f3rego prace mo\u017cna ogl\u0105da\u0107 na ulicach wielu miast na \u015bwiecie: w Krakowie na Rynku Starego","og_url":"https:\/\/pb.edu.pl\/sjo\/polish-lab\/czy-wiecie-ze\/igor-mitoraj-artysta\/","og_site_name":"Studium J\u0119zyk\u00f3w Obcych","article_modified_time":"2023-09-05T12:20:50+00:00","og_image":[{"url":"https:\/\/pb.edu.pl\/sjo\/wp-content\/uploads\/sites\/9\/2021\/08\/5.-Igor_Mitoraj_Valencia_2006-No-machine-readable-author-provided.-Chosovi-assumed-based-on-copyright-claims.-CC-BY-SA-2.5-300x225.jpg","type":"","width":"","height":""}],"twitter_misc":{"Szacowany czas czytania":"1 minuta"},"schema":{"@context":"https:\/\/schema.org","@graph":[{"@type":"WebPage","@id":"https:\/\/pb.edu.pl\/sjo\/polish-lab\/czy-wiecie-ze\/igor-mitoraj-artysta\/","url":"https:\/\/pb.edu.pl\/sjo\/polish-lab\/czy-wiecie-ze\/igor-mitoraj-artysta\/","name":"Inspiruj\u0105ce - Studium J\u0119zyk\u00f3w Obcych","isPartOf":{"@id":"https:\/\/pb.edu.pl\/sjo\/#website"},"datePublished":"2021-08-27T09:52:54+00:00","dateModified":"2023-09-05T12:20:50+00:00","description":"Igor Mitoraj (1944-2014) to wyj\u0105tkowy artysta i rze\u017abiarz, kt\u00f3rego prace mo\u017cna ogl\u0105da\u0107 na ulicach wielu miast na \u015bwiecie: w Krakowie na Rynku Starego","breadcrumb":{"@id":"https:\/\/pb.edu.pl\/sjo\/polish-lab\/czy-wiecie-ze\/igor-mitoraj-artysta\/#breadcrumb"},"inLanguage":"pl-PL","potentialAction":[{"@type":"ReadAction","target":["https:\/\/pb.edu.pl\/sjo\/polish-lab\/czy-wiecie-ze\/igor-mitoraj-artysta\/"]}]},{"@type":"BreadcrumbList","@id":"https:\/\/pb.edu.pl\/sjo\/polish-lab\/czy-wiecie-ze\/igor-mitoraj-artysta\/#breadcrumb","itemListElement":[{"@type":"ListItem","position":1,"name":"Home","item":"https:\/\/pb.edu.pl\/sjo\/"},{"@type":"ListItem","position":2,"name":"Centrum J\u0119zyka i Kultury Polskiej POLISH LAB","item":"https:\/\/pb.edu.pl\/sjo\/polish-lab\/"},{"@type":"ListItem","position":3,"name":"O Polsce i Polakach","item":"https:\/\/pb.edu.pl\/sjo\/polish-lab\/czy-wiecie-ze\/"},{"@type":"ListItem","position":4,"name":"Inspiruj\u0105ce"}]},{"@type":"WebSite","@id":"https:\/\/pb.edu.pl\/sjo\/#website","url":"https:\/\/pb.edu.pl\/sjo\/","name":"Studium J\u0119zyk\u00f3w Obcych","description":"","potentialAction":[{"@type":"SearchAction","target":{"@type":"EntryPoint","urlTemplate":"https:\/\/pb.edu.pl\/sjo\/?s={search_term_string}"},"query-input":{"@type":"PropertyValueSpecification","valueRequired":true,"valueName":"search_term_string"}}],"inLanguage":"pl-PL"}]}},"_links":{"self":[{"href":"https:\/\/pb.edu.pl\/sjo\/wp-json\/wp\/v2\/pages\/10118","targetHints":{"allow":["GET"]}}],"collection":[{"href":"https:\/\/pb.edu.pl\/sjo\/wp-json\/wp\/v2\/pages"}],"about":[{"href":"https:\/\/pb.edu.pl\/sjo\/wp-json\/wp\/v2\/types\/page"}],"author":[{"embeddable":true,"href":"https:\/\/pb.edu.pl\/sjo\/wp-json\/wp\/v2\/users\/2"}],"replies":[{"embeddable":true,"href":"https:\/\/pb.edu.pl\/sjo\/wp-json\/wp\/v2\/comments?post=10118"}],"version-history":[{"count":0,"href":"https:\/\/pb.edu.pl\/sjo\/wp-json\/wp\/v2\/pages\/10118\/revisions"}],"up":[{"embeddable":true,"href":"https:\/\/pb.edu.pl\/sjo\/wp-json\/wp\/v2\/pages\/8281"}],"wp:attachment":[{"href":"https:\/\/pb.edu.pl\/sjo\/wp-json\/wp\/v2\/media?parent=10118"}],"curies":[{"name":"wp","href":"https:\/\/api.w.org\/{rel}","templated":true}]}}