{"id":10023,"date":"2021-08-20T22:11:20","date_gmt":"2021-08-20T20:11:20","guid":{"rendered":"https:\/\/pb.edu.pl\/sjo\/?page_id=10023"},"modified":"2023-02-23T13:37:28","modified_gmt":"2023-02-23T12:37:28","slug":"pustynia-bledowska","status":"publish","type":"page","link":"https:\/\/pb.edu.pl\/sjo\/polish-lab\/czy-wiecie-ze\/pustynia-bledowska\/","title":{"rendered":"Niezwyk\u0142e"},"content":{"rendered":"<p><span style=\"font-family: verdana, geneva, sans-serif;font-size: 12pt\">W Polsce znajduje si\u0119 prawdziwa pustynia!<\/span><\/p>\n<p><span style=\"font-family: verdana, geneva, sans-serif;font-size: 12pt\"><strong>Pustynia B\u0142\u0119dowska<\/strong> to najwi\u0119ksze w kraju skupisko lotnych piask\u00f3w si\u0119gaj\u0105ce 70 m w g\u0142\u0105b ziemi. Zajmuje ok. 33 km2; le\u017cy na wschodnich obrze\u017cach G\u00f3rnego \u015al\u0105ska (po\u0142udnie Polski). Pustynia nie powsta\u0142a w spos\u00f3b naturalny, lecz w wyniku dzia\u0142alno\u015bci cz\u0142owieka: obni\u017cony zosta\u0142 poziom w\u00f3d gruntowych do tego stopnia, \u017ce ziemia nie mog\u0142a ju\u017c podtrzymywa\u0107 \u017cycia ro\u015blinnego. Pocz\u0105wszy od \u015bredniowiecza, okoliczne lasy by\u0142y agresywnie wycinane na potrzeby lokalnego g\u00f3rnictwa i przemys\u0142u metalurgicznego. Wycinka ta ods\u0142oni\u0142a wiele hektar\u00f3w piasku.<br \/>\n<\/span><\/p>\n<p><span style=\"font-family: verdana, geneva, sans-serif;font-size: 12pt\">Wed\u0142ug legendy pustyni\u0119 stworzy\u0142 diabe\u0142, kt\u00f3ry chcia\u0142 zasypa\u0107 piaskiem poblisk\u0105 kopalni\u0119 srebra w Olkuszu.<br \/>\n<\/span><\/p>\n<p><span style=\"font-family: verdana, geneva, sans-serif;font-size: 12pt\">Pustynia od pocz\u0105tku XX wieku by\u0142a wykorzystywana jako poligon wojskowy. Od czas\u00f3w II wojny \u015bwiatowej na tym terenie co jaki\u015b czas przeprowadzano testy i szkolenia wojskowe. Ale przede wszystkim jest to atrakcyjny teren do uprawiania turystyki pieszej i konnej.<br \/>\n<\/span><\/p>\n<p>&nbsp;<br \/>\n<img loading=\"lazy\" decoding=\"async\" class=\"alignnone wp-image-10049 size-large\" src=\"https:\/\/pb.edu.pl\/sjo\/wp-content\/uploads\/sites\/9\/2021\/08\/2.-Pustynia-Bledowska-AdobeStock_136441400-1024x307.jpeg\" alt=\"Pustynia b\u0142\u0119dowska ze sk\u0105p\u0105 ro\u015blinno\u015bci\u0105\" width=\"1024\" height=\"307\" srcset=\"https:\/\/pb.edu.pl\/sjo\/wp-content\/uploads\/sites\/9\/2021\/08\/2.-Pustynia-Bledowska-AdobeStock_136441400-1024x307.jpeg 1024w, https:\/\/pb.edu.pl\/sjo\/wp-content\/uploads\/sites\/9\/2021\/08\/2.-Pustynia-Bledowska-AdobeStock_136441400-300x90.jpeg 300w, https:\/\/pb.edu.pl\/sjo\/wp-content\/uploads\/sites\/9\/2021\/08\/2.-Pustynia-Bledowska-AdobeStock_136441400-768x230.jpeg 768w, https:\/\/pb.edu.pl\/sjo\/wp-content\/uploads\/sites\/9\/2021\/08\/2.-Pustynia-Bledowska-AdobeStock_136441400-1536x461.jpeg 1536w, https:\/\/pb.edu.pl\/sjo\/wp-content\/uploads\/sites\/9\/2021\/08\/2.-Pustynia-Bledowska-AdobeStock_136441400-2048x614.jpeg 2048w\" sizes=\"auto, (max-width: 1024px) 100vw, 1024px\" \/> &nbsp;&nbsp;<\/p>\n<p><img loading=\"lazy\" decoding=\"async\" class=\"alignnone wp-image-10048 size-large\" src=\"https:\/\/pb.edu.pl\/sjo\/wp-content\/uploads\/sites\/9\/2021\/08\/2.-Pustynia-Bledowska-AdobeStock_136441230-1024x311.jpeg\" alt=\"\" width=\"1024\" height=\"311\" srcset=\"https:\/\/pb.edu.pl\/sjo\/wp-content\/uploads\/sites\/9\/2021\/08\/2.-Pustynia-Bledowska-AdobeStock_136441230-1024x311.jpeg 1024w, https:\/\/pb.edu.pl\/sjo\/wp-content\/uploads\/sites\/9\/2021\/08\/2.-Pustynia-Bledowska-AdobeStock_136441230-300x91.jpeg 300w, https:\/\/pb.edu.pl\/sjo\/wp-content\/uploads\/sites\/9\/2021\/08\/2.-Pustynia-Bledowska-AdobeStock_136441230-768x233.jpeg 768w, https:\/\/pb.edu.pl\/sjo\/wp-content\/uploads\/sites\/9\/2021\/08\/2.-Pustynia-Bledowska-AdobeStock_136441230-1536x466.jpeg 1536w, https:\/\/pb.edu.pl\/sjo\/wp-content\/uploads\/sites\/9\/2021\/08\/2.-Pustynia-Bledowska-AdobeStock_136441230-2048x622.jpeg 2048w\" sizes=\"auto, (max-width: 1024px) 100vw, 1024px\" \/><\/p>\n<p><span style=\"font-family: verdana, geneva, sans-serif;font-size: 12pt\">Poland is home to a true desert!<\/span><\/p>\n<p><span style=\"font-family: verdana, geneva, sans-serif;font-size: 12pt\">The B\u0142\u0119d\u00f3w Desert is the largest concentration of windblown sands forming dunes in the country, reaching 70 metres into the ground. It covers about 33 km2. The desert lies on the eastern outskirts of Upper Silesia (southern Poland).<br \/>\n<\/span><\/p>\n<p><span style=\"font-family: verdana, geneva, sans-serif;font-size: 12pt\">The desert was not created naturally, but as a result of human activity: the groundwater level was lowered to such an extent that the land could no longer support plant life. Beginning in the Middle Ages, the surrounding forests were aggressively cleared for local mining and metallurgical industries. This deforestation exposed many hectares of sand.<\/span><\/p>\n<p><span style=\"font-family: verdana, geneva, sans-serif;font-size: 12pt\">According to the legend, the desert was created by the devil, who wanted to cover the nearby Olkusz silver mine with sand.<\/span><\/p>\n<p><span style=\"font-family: verdana, geneva, sans-serif;font-size: 12pt\">The B\u0142\u0119d\u00f3w Desert has been used as a military training ground since the early 20th century. Since the Second World War, military tests and training have been carried out in the area from time to time. But above all it is an attractive area for hiking and horse riding.<\/span><\/p>\n<p><img loading=\"lazy\" decoding=\"async\" class=\"alignnone wp-image-10050 size-large\" src=\"https:\/\/pb.edu.pl\/sjo\/wp-content\/uploads\/sites\/9\/2021\/08\/2a.-Pustynia-Bledowska-AdobeStock_358345736-1024x768.jpeg\" alt=\"\" width=\"1024\" height=\"768\" srcset=\"https:\/\/pb.edu.pl\/sjo\/wp-content\/uploads\/sites\/9\/2021\/08\/2a.-Pustynia-Bledowska-AdobeStock_358345736-1024x768.jpeg 1024w, https:\/\/pb.edu.pl\/sjo\/wp-content\/uploads\/sites\/9\/2021\/08\/2a.-Pustynia-Bledowska-AdobeStock_358345736-300x225.jpeg 300w, https:\/\/pb.edu.pl\/sjo\/wp-content\/uploads\/sites\/9\/2021\/08\/2a.-Pustynia-Bledowska-AdobeStock_358345736-768x576.jpeg 768w, https:\/\/pb.edu.pl\/sjo\/wp-content\/uploads\/sites\/9\/2021\/08\/2a.-Pustynia-Bledowska-AdobeStock_358345736-1536x1152.jpeg 1536w, https:\/\/pb.edu.pl\/sjo\/wp-content\/uploads\/sites\/9\/2021\/08\/2a.-Pustynia-Bledowska-AdobeStock_358345736-2048x1536.jpeg 2048w\" sizes=\"auto, (max-width: 1024px) 100vw, 1024px\" \/><\/p>\n<p><em>zdj\u0119cia\/ photos: Adobe Stock<\/em><\/p>\n","protected":false},"excerpt":{"rendered":"<p>W Polsce znajduje si\u0119 prawdziwa pustynia! Pustynia B\u0142\u0119dowska to najwi\u0119ksze w kraju skupisko lotnych piask\u00f3w<\/p>\n","protected":false},"author":2,"featured_media":0,"parent":8281,"menu_order":3,"comment_status":"closed","ping_status":"closed","template":"","meta":{"_acf_changed":false,"ngg_post_thumbnail":0,"footnotes":""},"class_list":["post-10023","page","type-page","status-publish","hentry"],"acf":[],"yoast_head":"<!-- This site is optimized with the Yoast SEO plugin v27.0 - https:\/\/yoast.com\/product\/yoast-seo-wordpress\/ -->\n<title>Niezwyk\u0142e - Studium J\u0119zyk\u00f3w Obcych<\/title>\n<meta name=\"description\" content=\"W Polsce znajduje si\u0119 prawdziwa pustynia! Pustynia B\u0142\u0119dowska to najwi\u0119ksze w kraju skupisko lotnych piask\u00f3w si\u0119gaj\u0105ce 70 m w g\u0142\u0105b ziemi. Zajmuje ok. 33\" \/>\n<meta name=\"robots\" content=\"index, follow, max-snippet:-1, max-image-preview:large, max-video-preview:-1\" \/>\n<link rel=\"canonical\" href=\"https:\/\/pb.edu.pl\/sjo\/polish-lab\/czy-wiecie-ze\/pustynia-bledowska\/\" \/>\n<meta property=\"og:locale\" content=\"pl_PL\" \/>\n<meta property=\"og:type\" content=\"article\" \/>\n<meta property=\"og:title\" content=\"Niezwyk\u0142e - Studium J\u0119zyk\u00f3w Obcych\" \/>\n<meta property=\"og:description\" content=\"W Polsce znajduje si\u0119 prawdziwa pustynia! Pustynia B\u0142\u0119dowska to najwi\u0119ksze w kraju skupisko lotnych piask\u00f3w si\u0119gaj\u0105ce 70 m w g\u0142\u0105b ziemi. Zajmuje ok. 33\" \/>\n<meta property=\"og:url\" content=\"https:\/\/pb.edu.pl\/sjo\/polish-lab\/czy-wiecie-ze\/pustynia-bledowska\/\" \/>\n<meta property=\"og:site_name\" content=\"Studium J\u0119zyk\u00f3w Obcych\" \/>\n<meta property=\"article:modified_time\" content=\"2023-02-23T12:37:28+00:00\" \/>\n<meta property=\"og:image\" content=\"https:\/\/pb.edu.pl\/sjo\/wp-content\/uploads\/sites\/9\/2021\/08\/2.-Pustynia-Bledowska-AdobeStock_136441400-1024x307.jpeg\" \/>\n<meta name=\"twitter:label1\" content=\"Szacowany czas czytania\" \/>\n\t<meta name=\"twitter:data1\" content=\"2 minuty\" \/>\n<script type=\"application\/ld+json\" class=\"yoast-schema-graph\">{\"@context\":\"https:\/\/schema.org\",\"@graph\":[{\"@type\":\"WebPage\",\"@id\":\"https:\/\/pb.edu.pl\/sjo\/polish-lab\/czy-wiecie-ze\/pustynia-bledowska\/\",\"url\":\"https:\/\/pb.edu.pl\/sjo\/polish-lab\/czy-wiecie-ze\/pustynia-bledowska\/\",\"name\":\"Niezwyk\u0142e - Studium J\u0119zyk\u00f3w Obcych\",\"isPartOf\":{\"@id\":\"https:\/\/pb.edu.pl\/sjo\/#website\"},\"primaryImageOfPage\":{\"@id\":\"https:\/\/pb.edu.pl\/sjo\/polish-lab\/czy-wiecie-ze\/pustynia-bledowska\/#primaryimage\"},\"image\":{\"@id\":\"https:\/\/pb.edu.pl\/sjo\/polish-lab\/czy-wiecie-ze\/pustynia-bledowska\/#primaryimage\"},\"thumbnailUrl\":\"https:\/\/pb.edu.pl\/sjo\/wp-content\/uploads\/sites\/9\/2021\/08\/2.-Pustynia-Bledowska-AdobeStock_136441400-1024x307.jpeg\",\"datePublished\":\"2021-08-20T20:11:20+00:00\",\"dateModified\":\"2023-02-23T12:37:28+00:00\",\"description\":\"W Polsce znajduje si\u0119 prawdziwa pustynia! Pustynia B\u0142\u0119dowska to najwi\u0119ksze w kraju skupisko lotnych piask\u00f3w si\u0119gaj\u0105ce 70 m w g\u0142\u0105b ziemi. Zajmuje ok. 33\",\"breadcrumb\":{\"@id\":\"https:\/\/pb.edu.pl\/sjo\/polish-lab\/czy-wiecie-ze\/pustynia-bledowska\/#breadcrumb\"},\"inLanguage\":\"pl-PL\",\"potentialAction\":[{\"@type\":\"ReadAction\",\"target\":[\"https:\/\/pb.edu.pl\/sjo\/polish-lab\/czy-wiecie-ze\/pustynia-bledowska\/\"]}]},{\"@type\":\"ImageObject\",\"inLanguage\":\"pl-PL\",\"@id\":\"https:\/\/pb.edu.pl\/sjo\/polish-lab\/czy-wiecie-ze\/pustynia-bledowska\/#primaryimage\",\"url\":\"https:\/\/pb.edu.pl\/sjo\/wp-content\/uploads\/sites\/9\/2021\/08\/2.-Pustynia-Bledowska-AdobeStock_136441400-scaled.jpeg\",\"contentUrl\":\"https:\/\/pb.edu.pl\/sjo\/wp-content\/uploads\/sites\/9\/2021\/08\/2.-Pustynia-Bledowska-AdobeStock_136441400-scaled.jpeg\",\"width\":2560,\"height\":768},{\"@type\":\"BreadcrumbList\",\"@id\":\"https:\/\/pb.edu.pl\/sjo\/polish-lab\/czy-wiecie-ze\/pustynia-bledowska\/#breadcrumb\",\"itemListElement\":[{\"@type\":\"ListItem\",\"position\":1,\"name\":\"Home\",\"item\":\"https:\/\/pb.edu.pl\/sjo\/\"},{\"@type\":\"ListItem\",\"position\":2,\"name\":\"Centrum J\u0119zyka i Kultury Polskiej POLISH LAB\",\"item\":\"https:\/\/pb.edu.pl\/sjo\/polish-lab\/\"},{\"@type\":\"ListItem\",\"position\":3,\"name\":\"O Polsce i Polakach\",\"item\":\"https:\/\/pb.edu.pl\/sjo\/polish-lab\/czy-wiecie-ze\/\"},{\"@type\":\"ListItem\",\"position\":4,\"name\":\"Niezwyk\u0142e\"}]},{\"@type\":\"WebSite\",\"@id\":\"https:\/\/pb.edu.pl\/sjo\/#website\",\"url\":\"https:\/\/pb.edu.pl\/sjo\/\",\"name\":\"Studium J\u0119zyk\u00f3w Obcych\",\"description\":\"\",\"potentialAction\":[{\"@type\":\"SearchAction\",\"target\":{\"@type\":\"EntryPoint\",\"urlTemplate\":\"https:\/\/pb.edu.pl\/sjo\/?s={search_term_string}\"},\"query-input\":{\"@type\":\"PropertyValueSpecification\",\"valueRequired\":true,\"valueName\":\"search_term_string\"}}],\"inLanguage\":\"pl-PL\"}]}<\/script>\n<!-- \/ Yoast SEO plugin. -->","yoast_head_json":{"title":"Niezwyk\u0142e - Studium J\u0119zyk\u00f3w Obcych","description":"W Polsce znajduje si\u0119 prawdziwa pustynia! Pustynia B\u0142\u0119dowska to najwi\u0119ksze w kraju skupisko lotnych piask\u00f3w si\u0119gaj\u0105ce 70 m w g\u0142\u0105b ziemi. Zajmuje ok. 33","robots":{"index":"index","follow":"follow","max-snippet":"max-snippet:-1","max-image-preview":"max-image-preview:large","max-video-preview":"max-video-preview:-1"},"canonical":"https:\/\/pb.edu.pl\/sjo\/polish-lab\/czy-wiecie-ze\/pustynia-bledowska\/","og_locale":"pl_PL","og_type":"article","og_title":"Niezwyk\u0142e - Studium J\u0119zyk\u00f3w Obcych","og_description":"W Polsce znajduje si\u0119 prawdziwa pustynia! Pustynia B\u0142\u0119dowska to najwi\u0119ksze w kraju skupisko lotnych piask\u00f3w si\u0119gaj\u0105ce 70 m w g\u0142\u0105b ziemi. Zajmuje ok. 33","og_url":"https:\/\/pb.edu.pl\/sjo\/polish-lab\/czy-wiecie-ze\/pustynia-bledowska\/","og_site_name":"Studium J\u0119zyk\u00f3w Obcych","article_modified_time":"2023-02-23T12:37:28+00:00","og_image":[{"url":"https:\/\/pb.edu.pl\/sjo\/wp-content\/uploads\/sites\/9\/2021\/08\/2.-Pustynia-Bledowska-AdobeStock_136441400-1024x307.jpeg","type":"","width":"","height":""}],"twitter_misc":{"Szacowany czas czytania":"2 minuty"},"schema":{"@context":"https:\/\/schema.org","@graph":[{"@type":"WebPage","@id":"https:\/\/pb.edu.pl\/sjo\/polish-lab\/czy-wiecie-ze\/pustynia-bledowska\/","url":"https:\/\/pb.edu.pl\/sjo\/polish-lab\/czy-wiecie-ze\/pustynia-bledowska\/","name":"Niezwyk\u0142e - Studium J\u0119zyk\u00f3w Obcych","isPartOf":{"@id":"https:\/\/pb.edu.pl\/sjo\/#website"},"primaryImageOfPage":{"@id":"https:\/\/pb.edu.pl\/sjo\/polish-lab\/czy-wiecie-ze\/pustynia-bledowska\/#primaryimage"},"image":{"@id":"https:\/\/pb.edu.pl\/sjo\/polish-lab\/czy-wiecie-ze\/pustynia-bledowska\/#primaryimage"},"thumbnailUrl":"https:\/\/pb.edu.pl\/sjo\/wp-content\/uploads\/sites\/9\/2021\/08\/2.-Pustynia-Bledowska-AdobeStock_136441400-1024x307.jpeg","datePublished":"2021-08-20T20:11:20+00:00","dateModified":"2023-02-23T12:37:28+00:00","description":"W Polsce znajduje si\u0119 prawdziwa pustynia! Pustynia B\u0142\u0119dowska to najwi\u0119ksze w kraju skupisko lotnych piask\u00f3w si\u0119gaj\u0105ce 70 m w g\u0142\u0105b ziemi. Zajmuje ok. 33","breadcrumb":{"@id":"https:\/\/pb.edu.pl\/sjo\/polish-lab\/czy-wiecie-ze\/pustynia-bledowska\/#breadcrumb"},"inLanguage":"pl-PL","potentialAction":[{"@type":"ReadAction","target":["https:\/\/pb.edu.pl\/sjo\/polish-lab\/czy-wiecie-ze\/pustynia-bledowska\/"]}]},{"@type":"ImageObject","inLanguage":"pl-PL","@id":"https:\/\/pb.edu.pl\/sjo\/polish-lab\/czy-wiecie-ze\/pustynia-bledowska\/#primaryimage","url":"https:\/\/pb.edu.pl\/sjo\/wp-content\/uploads\/sites\/9\/2021\/08\/2.-Pustynia-Bledowska-AdobeStock_136441400-scaled.jpeg","contentUrl":"https:\/\/pb.edu.pl\/sjo\/wp-content\/uploads\/sites\/9\/2021\/08\/2.-Pustynia-Bledowska-AdobeStock_136441400-scaled.jpeg","width":2560,"height":768},{"@type":"BreadcrumbList","@id":"https:\/\/pb.edu.pl\/sjo\/polish-lab\/czy-wiecie-ze\/pustynia-bledowska\/#breadcrumb","itemListElement":[{"@type":"ListItem","position":1,"name":"Home","item":"https:\/\/pb.edu.pl\/sjo\/"},{"@type":"ListItem","position":2,"name":"Centrum J\u0119zyka i Kultury Polskiej POLISH LAB","item":"https:\/\/pb.edu.pl\/sjo\/polish-lab\/"},{"@type":"ListItem","position":3,"name":"O Polsce i Polakach","item":"https:\/\/pb.edu.pl\/sjo\/polish-lab\/czy-wiecie-ze\/"},{"@type":"ListItem","position":4,"name":"Niezwyk\u0142e"}]},{"@type":"WebSite","@id":"https:\/\/pb.edu.pl\/sjo\/#website","url":"https:\/\/pb.edu.pl\/sjo\/","name":"Studium J\u0119zyk\u00f3w Obcych","description":"","potentialAction":[{"@type":"SearchAction","target":{"@type":"EntryPoint","urlTemplate":"https:\/\/pb.edu.pl\/sjo\/?s={search_term_string}"},"query-input":{"@type":"PropertyValueSpecification","valueRequired":true,"valueName":"search_term_string"}}],"inLanguage":"pl-PL"}]}},"_links":{"self":[{"href":"https:\/\/pb.edu.pl\/sjo\/wp-json\/wp\/v2\/pages\/10023","targetHints":{"allow":["GET"]}}],"collection":[{"href":"https:\/\/pb.edu.pl\/sjo\/wp-json\/wp\/v2\/pages"}],"about":[{"href":"https:\/\/pb.edu.pl\/sjo\/wp-json\/wp\/v2\/types\/page"}],"author":[{"embeddable":true,"href":"https:\/\/pb.edu.pl\/sjo\/wp-json\/wp\/v2\/users\/2"}],"replies":[{"embeddable":true,"href":"https:\/\/pb.edu.pl\/sjo\/wp-json\/wp\/v2\/comments?post=10023"}],"version-history":[{"count":0,"href":"https:\/\/pb.edu.pl\/sjo\/wp-json\/wp\/v2\/pages\/10023\/revisions"}],"up":[{"embeddable":true,"href":"https:\/\/pb.edu.pl\/sjo\/wp-json\/wp\/v2\/pages\/8281"}],"wp:attachment":[{"href":"https:\/\/pb.edu.pl\/sjo\/wp-json\/wp\/v2\/media?parent=10023"}],"curies":[{"name":"wp","href":"https:\/\/api.w.org\/{rel}","templated":true}]}}