{"id":10017,"date":"2021-08-20T22:05:08","date_gmt":"2021-08-20T20:05:08","guid":{"rendered":"https:\/\/pb.edu.pl\/sjo\/?page_id=10017"},"modified":"2023-02-06T13:59:32","modified_gmt":"2023-02-06T12:59:32","slug":"cis-henrykowski","status":"publish","type":"page","link":"https:\/\/pb.edu.pl\/sjo\/polish-lab\/czy-wiecie-ze\/cis-henrykowski\/","title":{"rendered":"Ciekawe"},"content":{"rendered":"<p><span style=\"font-family: verdana, geneva, sans-serif;font-size: 12pt\">Najstarszym drzewem w Polsce jest <strong>cis Henrykowski<\/strong>, popularnie znany jako cis \u2018Henryk\u2019, kt\u00f3ry ro\u015bnie obok \u015bciany szczytowej stodo\u0142y we wsi <strong>Henryk\u00f3w Luba\u0144ski<\/strong> w wojew\u00f3dztwie dolno\u015bl\u0105skim, w po\u0142udniowo-zachodniej Polsce.<\/span><\/p>\n<p><span style=\"font-family: verdana, geneva, sans-serif;font-size: 12pt\">Jego wiek oszacowano na oko\u0142o 1300 lat, a wysoko\u015b\u0107 si\u0119ga 15 m.<\/span><\/p>\n<p><span style=\"font-family: verdana, geneva, sans-serif;font-size: 12pt\">\u2018Henryk\u2019 zosta\u0142 kilka razy powa\u017cnie uszkodzony: przez \u017co\u0142nierzy kozackich w XIX wieku, przez pocisk artyleryjski w czasie II Wojny \u015awiatowej oraz przez huragan w 1989 roku, kiedy to straci\u0142 odnog\u0119, dlatego jego obw\u00f3d zmniejszy\u0142 si\u0119 z 5 m do 1,5 m.<\/span><\/p>\n<div id='gallery-1' class='gallery galleryid-10017 gallery-columns-3 gallery-size-medium'><figure class='gallery-item'>\n\t\t\t<div class='gallery-icon portrait'>\n\t\t\t\t<a href='https:\/\/pb.edu.pl\/sjo\/polish-lab\/czy-wiecie-ze\/cis-henrykowski\/1-henrykow_lubanski_cis-fot-jacek-magryta\/'><img loading=\"lazy\" decoding=\"async\" width=\"225\" height=\"300\" src=\"https:\/\/pb.edu.pl\/sjo\/wp-content\/uploads\/sites\/9\/2021\/08\/1.Henrykow_Lubanski_cis-fot.-Jacek-Magryta-225x300.jpg\" class=\"attachment-medium size-medium\" alt=\"zbli\u017cenie pnika drzewa znanego jako Cis Henrykowski\" srcset=\"https:\/\/pb.edu.pl\/sjo\/wp-content\/uploads\/sites\/9\/2021\/08\/1.Henrykow_Lubanski_cis-fot.-Jacek-Magryta-225x300.jpg 225w, https:\/\/pb.edu.pl\/sjo\/wp-content\/uploads\/sites\/9\/2021\/08\/1.Henrykow_Lubanski_cis-fot.-Jacek-Magryta-768x1024.jpg 768w, https:\/\/pb.edu.pl\/sjo\/wp-content\/uploads\/sites\/9\/2021\/08\/1.Henrykow_Lubanski_cis-fot.-Jacek-Magryta-1152x1536.jpg 1152w, https:\/\/pb.edu.pl\/sjo\/wp-content\/uploads\/sites\/9\/2021\/08\/1.Henrykow_Lubanski_cis-fot.-Jacek-Magryta.jpg 1536w\" sizes=\"auto, (max-width: 225px) 100vw, 225px\" \/><\/a>\n\t\t\t<\/div><\/figure><figure class='gallery-item'>\n\t\t\t<div class='gallery-icon portrait'>\n\t\t\t\t<a href='https:\/\/pb.edu.pl\/sjo\/polish-lab\/czy-wiecie-ze\/cis-henrykowski\/1-najstarszy_cis_w_polsce_01-antosh-cc-by-sa-2-5\/'><img loading=\"lazy\" decoding=\"async\" width=\"225\" height=\"300\" src=\"https:\/\/pb.edu.pl\/sjo\/wp-content\/uploads\/sites\/9\/2021\/08\/1.Najstarszy_cis_w_Polsce_01-Antosh-CC-BY-SA-2.5-225x300.jpg\" class=\"attachment-medium size-medium\" alt=\"drzewo znane jako Cis Henrykowski\" srcset=\"https:\/\/pb.edu.pl\/sjo\/wp-content\/uploads\/sites\/9\/2021\/08\/1.Najstarszy_cis_w_Polsce_01-Antosh-CC-BY-SA-2.5-225x300.jpg 225w, https:\/\/pb.edu.pl\/sjo\/wp-content\/uploads\/sites\/9\/2021\/08\/1.Najstarszy_cis_w_Polsce_01-Antosh-CC-BY-SA-2.5-768x1024.jpg 768w, https:\/\/pb.edu.pl\/sjo\/wp-content\/uploads\/sites\/9\/2021\/08\/1.Najstarszy_cis_w_Polsce_01-Antosh-CC-BY-SA-2.5-1152x1536.jpg 1152w, https:\/\/pb.edu.pl\/sjo\/wp-content\/uploads\/sites\/9\/2021\/08\/1.Najstarszy_cis_w_Polsce_01-Antosh-CC-BY-SA-2.5.jpg 1200w\" sizes=\"auto, (max-width: 225px) 100vw, 225px\" \/><\/a>\n\t\t\t<\/div><\/figure><figure class='gallery-item'>\n\t\t\t<div class='gallery-icon portrait'>\n\t\t\t\t<a href='https:\/\/pb.edu.pl\/sjo\/polish-lab\/czy-wiecie-ze\/cis-henrykowski\/1-henrykow_lubanski_cis-adam-kliczek-cc-by-sa-3-0\/'><img loading=\"lazy\" decoding=\"async\" width=\"213\" height=\"300\" src=\"https:\/\/pb.edu.pl\/sjo\/wp-content\/uploads\/sites\/9\/2021\/08\/1.Henrykow_Lubanski_cis-Adam-Kliczek-CC-BY-SA-3.0-213x300.jpg\" class=\"attachment-medium size-medium\" alt=\"Cis Henrykowski na tle stodo\u0142y\" srcset=\"https:\/\/pb.edu.pl\/sjo\/wp-content\/uploads\/sites\/9\/2021\/08\/1.Henrykow_Lubanski_cis-Adam-Kliczek-CC-BY-SA-3.0-213x300.jpg 213w, https:\/\/pb.edu.pl\/sjo\/wp-content\/uploads\/sites\/9\/2021\/08\/1.Henrykow_Lubanski_cis-Adam-Kliczek-CC-BY-SA-3.0-727x1024.jpg 727w, https:\/\/pb.edu.pl\/sjo\/wp-content\/uploads\/sites\/9\/2021\/08\/1.Henrykow_Lubanski_cis-Adam-Kliczek-CC-BY-SA-3.0-768x1082.jpg 768w, https:\/\/pb.edu.pl\/sjo\/wp-content\/uploads\/sites\/9\/2021\/08\/1.Henrykow_Lubanski_cis-Adam-Kliczek-CC-BY-SA-3.0-1090x1536.jpg 1090w, https:\/\/pb.edu.pl\/sjo\/wp-content\/uploads\/sites\/9\/2021\/08\/1.Henrykow_Lubanski_cis-Adam-Kliczek-CC-BY-SA-3.0.jpg 1258w\" sizes=\"auto, (max-width: 213px) 100vw, 213px\" \/><\/a>\n\t\t\t<\/div><\/figure>\n\t\t<\/div>\n\n<table style=\"border-collapse: collapse;width: 100%\">\n<tbody>\n<tr>\n<td style=\"width: 30.3087%\"><span style=\"font-size: 10pt\">fot. Jacek Magryta, <\/span><a href=\"https:\/\/www.flickr.com\/photos\/jmagryta\/15741350954\"><span style=\"font-size: 10pt\">https:\/\/www.flickr.com\/photos\/jmagryta\/15741350954<\/span><\/a><\/td>\n<td style=\"width: 36.3579%\">&nbsp;&nbsp;&nbsp;&nbsp;&nbsp;&nbsp;&nbsp;&nbsp;&nbsp;&nbsp;&nbsp;&nbsp;&nbsp;&nbsp;&nbsp;&nbsp;&nbsp;&nbsp;&nbsp;&nbsp;&nbsp; &nbsp; &nbsp; <span style=\"font-size: 10pt\">fot. Antosh, CC BY-SA 2.5<\/span><\/td>\n<td style=\"width: 33.3333%\">&nbsp;&nbsp;&nbsp;&nbsp;&nbsp;&nbsp;&nbsp;&nbsp;&nbsp;&nbsp;&nbsp; &nbsp;&nbsp; &nbsp;&nbsp;&nbsp;<span style=\"font-size: 10pt\"> fot. Adam Kliczek, CC BY-SA 3.0<\/span><\/td>\n<\/tr>\n<\/tbody>\n<\/table>\n<p>&nbsp;<\/p>\n","protected":false},"excerpt":{"rendered":"<p>Najstarszym drzewem w Polsce jest cis Henrykowski, popularnie znany jako cis \u2018Henryk\u2019, kt\u00f3ry ro\u015bnie obok<\/p>\n","protected":false},"author":2,"featured_media":0,"parent":8281,"menu_order":2,"comment_status":"closed","ping_status":"closed","template":"","meta":{"_acf_changed":false,"ngg_post_thumbnail":0,"footnotes":""},"class_list":["post-10017","page","type-page","status-publish","hentry"],"acf":[],"yoast_head":"<!-- This site is optimized with the Yoast SEO plugin v27.0 - https:\/\/yoast.com\/product\/yoast-seo-wordpress\/ -->\n<title>Ciekawe - Studium J\u0119zyk\u00f3w Obcych<\/title>\n<meta name=\"description\" content=\"Najstarszym drzewem w Polsce jest cis Henrykowski, popularnie znany jako cis \u2018Henryk\u2019, kt\u00f3ry ro\u015bnie obok \u015bciany szczytowej stodo\u0142y we wsi Henryk\u00f3w\" \/>\n<meta name=\"robots\" content=\"index, follow, max-snippet:-1, max-image-preview:large, max-video-preview:-1\" \/>\n<link rel=\"canonical\" href=\"https:\/\/pb.edu.pl\/sjo\/polish-lab\/czy-wiecie-ze\/cis-henrykowski\/\" \/>\n<meta property=\"og:locale\" content=\"pl_PL\" \/>\n<meta property=\"og:type\" content=\"article\" \/>\n<meta property=\"og:title\" content=\"Ciekawe - Studium J\u0119zyk\u00f3w Obcych\" \/>\n<meta property=\"og:description\" content=\"Najstarszym drzewem w Polsce jest cis Henrykowski, popularnie znany jako cis \u2018Henryk\u2019, kt\u00f3ry ro\u015bnie obok \u015bciany szczytowej stodo\u0142y we wsi Henryk\u00f3w\" \/>\n<meta property=\"og:url\" content=\"https:\/\/pb.edu.pl\/sjo\/polish-lab\/czy-wiecie-ze\/cis-henrykowski\/\" \/>\n<meta property=\"og:site_name\" content=\"Studium J\u0119zyk\u00f3w Obcych\" \/>\n<meta property=\"article:modified_time\" content=\"2023-02-06T12:59:32+00:00\" \/>\n<meta property=\"og:image\" content=\"https:\/\/pb.edu.pl\/sjo\/wp-content\/uploads\/sites\/9\/2021\/08\/1.Henrykow_Lubanski_cis-fot.-Jacek-Magryta-225x300.jpg\" \/>\n<meta name=\"twitter:label1\" content=\"Szacowany czas czytania\" \/>\n\t<meta name=\"twitter:data1\" content=\"1 minuta\" \/>\n<script type=\"application\/ld+json\" class=\"yoast-schema-graph\">{\"@context\":\"https:\/\/schema.org\",\"@graph\":[{\"@type\":\"WebPage\",\"@id\":\"https:\/\/pb.edu.pl\/sjo\/polish-lab\/czy-wiecie-ze\/cis-henrykowski\/\",\"url\":\"https:\/\/pb.edu.pl\/sjo\/polish-lab\/czy-wiecie-ze\/cis-henrykowski\/\",\"name\":\"Ciekawe - Studium J\u0119zyk\u00f3w Obcych\",\"isPartOf\":{\"@id\":\"https:\/\/pb.edu.pl\/sjo\/#website\"},\"datePublished\":\"2021-08-20T20:05:08+00:00\",\"dateModified\":\"2023-02-06T12:59:32+00:00\",\"description\":\"Najstarszym drzewem w Polsce jest cis Henrykowski, popularnie znany jako cis \u2018Henryk\u2019, kt\u00f3ry ro\u015bnie obok \u015bciany szczytowej stodo\u0142y we wsi Henryk\u00f3w\",\"breadcrumb\":{\"@id\":\"https:\/\/pb.edu.pl\/sjo\/polish-lab\/czy-wiecie-ze\/cis-henrykowski\/#breadcrumb\"},\"inLanguage\":\"pl-PL\",\"potentialAction\":[{\"@type\":\"ReadAction\",\"target\":[\"https:\/\/pb.edu.pl\/sjo\/polish-lab\/czy-wiecie-ze\/cis-henrykowski\/\"]}]},{\"@type\":\"BreadcrumbList\",\"@id\":\"https:\/\/pb.edu.pl\/sjo\/polish-lab\/czy-wiecie-ze\/cis-henrykowski\/#breadcrumb\",\"itemListElement\":[{\"@type\":\"ListItem\",\"position\":1,\"name\":\"Home\",\"item\":\"https:\/\/pb.edu.pl\/sjo\/\"},{\"@type\":\"ListItem\",\"position\":2,\"name\":\"Centrum J\u0119zyka i Kultury Polskiej POLISH LAB\",\"item\":\"https:\/\/pb.edu.pl\/sjo\/polish-lab\/\"},{\"@type\":\"ListItem\",\"position\":3,\"name\":\"O Polsce i Polakach\",\"item\":\"https:\/\/pb.edu.pl\/sjo\/polish-lab\/czy-wiecie-ze\/\"},{\"@type\":\"ListItem\",\"position\":4,\"name\":\"Ciekawe\"}]},{\"@type\":\"WebSite\",\"@id\":\"https:\/\/pb.edu.pl\/sjo\/#website\",\"url\":\"https:\/\/pb.edu.pl\/sjo\/\",\"name\":\"Studium J\u0119zyk\u00f3w Obcych\",\"description\":\"\",\"potentialAction\":[{\"@type\":\"SearchAction\",\"target\":{\"@type\":\"EntryPoint\",\"urlTemplate\":\"https:\/\/pb.edu.pl\/sjo\/?s={search_term_string}\"},\"query-input\":{\"@type\":\"PropertyValueSpecification\",\"valueRequired\":true,\"valueName\":\"search_term_string\"}}],\"inLanguage\":\"pl-PL\"}]}<\/script>\n<!-- \/ Yoast SEO plugin. -->","yoast_head_json":{"title":"Ciekawe - Studium J\u0119zyk\u00f3w Obcych","description":"Najstarszym drzewem w Polsce jest cis Henrykowski, popularnie znany jako cis \u2018Henryk\u2019, kt\u00f3ry ro\u015bnie obok \u015bciany szczytowej stodo\u0142y we wsi Henryk\u00f3w","robots":{"index":"index","follow":"follow","max-snippet":"max-snippet:-1","max-image-preview":"max-image-preview:large","max-video-preview":"max-video-preview:-1"},"canonical":"https:\/\/pb.edu.pl\/sjo\/polish-lab\/czy-wiecie-ze\/cis-henrykowski\/","og_locale":"pl_PL","og_type":"article","og_title":"Ciekawe - Studium J\u0119zyk\u00f3w Obcych","og_description":"Najstarszym drzewem w Polsce jest cis Henrykowski, popularnie znany jako cis \u2018Henryk\u2019, kt\u00f3ry ro\u015bnie obok \u015bciany szczytowej stodo\u0142y we wsi Henryk\u00f3w","og_url":"https:\/\/pb.edu.pl\/sjo\/polish-lab\/czy-wiecie-ze\/cis-henrykowski\/","og_site_name":"Studium J\u0119zyk\u00f3w Obcych","article_modified_time":"2023-02-06T12:59:32+00:00","og_image":[{"url":"https:\/\/pb.edu.pl\/sjo\/wp-content\/uploads\/sites\/9\/2021\/08\/1.Henrykow_Lubanski_cis-fot.-Jacek-Magryta-225x300.jpg","type":"","width":"","height":""}],"twitter_misc":{"Szacowany czas czytania":"1 minuta"},"schema":{"@context":"https:\/\/schema.org","@graph":[{"@type":"WebPage","@id":"https:\/\/pb.edu.pl\/sjo\/polish-lab\/czy-wiecie-ze\/cis-henrykowski\/","url":"https:\/\/pb.edu.pl\/sjo\/polish-lab\/czy-wiecie-ze\/cis-henrykowski\/","name":"Ciekawe - Studium J\u0119zyk\u00f3w Obcych","isPartOf":{"@id":"https:\/\/pb.edu.pl\/sjo\/#website"},"datePublished":"2021-08-20T20:05:08+00:00","dateModified":"2023-02-06T12:59:32+00:00","description":"Najstarszym drzewem w Polsce jest cis Henrykowski, popularnie znany jako cis \u2018Henryk\u2019, kt\u00f3ry ro\u015bnie obok \u015bciany szczytowej stodo\u0142y we wsi Henryk\u00f3w","breadcrumb":{"@id":"https:\/\/pb.edu.pl\/sjo\/polish-lab\/czy-wiecie-ze\/cis-henrykowski\/#breadcrumb"},"inLanguage":"pl-PL","potentialAction":[{"@type":"ReadAction","target":["https:\/\/pb.edu.pl\/sjo\/polish-lab\/czy-wiecie-ze\/cis-henrykowski\/"]}]},{"@type":"BreadcrumbList","@id":"https:\/\/pb.edu.pl\/sjo\/polish-lab\/czy-wiecie-ze\/cis-henrykowski\/#breadcrumb","itemListElement":[{"@type":"ListItem","position":1,"name":"Home","item":"https:\/\/pb.edu.pl\/sjo\/"},{"@type":"ListItem","position":2,"name":"Centrum J\u0119zyka i Kultury Polskiej POLISH LAB","item":"https:\/\/pb.edu.pl\/sjo\/polish-lab\/"},{"@type":"ListItem","position":3,"name":"O Polsce i Polakach","item":"https:\/\/pb.edu.pl\/sjo\/polish-lab\/czy-wiecie-ze\/"},{"@type":"ListItem","position":4,"name":"Ciekawe"}]},{"@type":"WebSite","@id":"https:\/\/pb.edu.pl\/sjo\/#website","url":"https:\/\/pb.edu.pl\/sjo\/","name":"Studium J\u0119zyk\u00f3w Obcych","description":"","potentialAction":[{"@type":"SearchAction","target":{"@type":"EntryPoint","urlTemplate":"https:\/\/pb.edu.pl\/sjo\/?s={search_term_string}"},"query-input":{"@type":"PropertyValueSpecification","valueRequired":true,"valueName":"search_term_string"}}],"inLanguage":"pl-PL"}]}},"_links":{"self":[{"href":"https:\/\/pb.edu.pl\/sjo\/wp-json\/wp\/v2\/pages\/10017","targetHints":{"allow":["GET"]}}],"collection":[{"href":"https:\/\/pb.edu.pl\/sjo\/wp-json\/wp\/v2\/pages"}],"about":[{"href":"https:\/\/pb.edu.pl\/sjo\/wp-json\/wp\/v2\/types\/page"}],"author":[{"embeddable":true,"href":"https:\/\/pb.edu.pl\/sjo\/wp-json\/wp\/v2\/users\/2"}],"replies":[{"embeddable":true,"href":"https:\/\/pb.edu.pl\/sjo\/wp-json\/wp\/v2\/comments?post=10017"}],"version-history":[{"count":0,"href":"https:\/\/pb.edu.pl\/sjo\/wp-json\/wp\/v2\/pages\/10017\/revisions"}],"up":[{"embeddable":true,"href":"https:\/\/pb.edu.pl\/sjo\/wp-json\/wp\/v2\/pages\/8281"}],"wp:attachment":[{"href":"https:\/\/pb.edu.pl\/sjo\/wp-json\/wp\/v2\/media?parent=10017"}],"curies":[{"name":"wp","href":"https:\/\/api.w.org\/{rel}","templated":true}]}}