{"id":10004,"date":"2021-08-19T19:55:02","date_gmt":"2021-08-19T17:55:02","guid":{"rendered":"https:\/\/pb.edu.pl\/sjo\/?page_id=10004"},"modified":"2023-02-06T13:57:43","modified_gmt":"2023-02-06T12:57:43","slug":"lokalne","status":"publish","type":"page","link":"https:\/\/pb.edu.pl\/sjo\/polish-lab\/czy-wiecie-ze\/lokalne\/","title":{"rendered":"\u017bubr"},"content":{"rendered":"<p><span style=\"font-size: 12pt;font-family: verdana, geneva, sans-serif\"><strong>\u017bubr \u2013 kr\u00f3l puszczy<\/strong><\/span><\/p>\n<p><span style=\"font-size: 12pt;font-family: verdana, geneva, sans-serif\">Ma\u0142o kto wie, \u017ce po I Wojnie \u015awiatowej w Puszczy Bia\u0142owieskiej, kt\u00f3ra by\u0142a w\u00f3wczas jedyn\u0105 ostoj\u0105 tego gatunku, zosta\u0142 zastrzelony ostatni \u017cubr. Inne \u017cubry \u2013 \u0142\u0105cznie 54 &#8211; \u017cy\u0142y tylko w ogrodach zoologicznych, rozsianych po ca\u0142ym \u015bwiece.<\/span><\/p>\n<p><span style=\"font-size: 12pt;font-family: verdana, geneva, sans-serif\">Na szcz\u0119\u015bcie znalaz\u0142a si\u0119 grupa zaanga\u017cowanych naukowc\u00f3w z Polski i zagranicy, kt\u00f3ra powi\u0119ci\u0142a wiele lat na przywr\u00f3cenie tego gatunku do jego naturalnego \u015brodowiska. Prace naukowc\u00f3w prowadzone by\u0142y w Bia\u0142owie\u017cy, dlatego te\u017c \u017cubr jest obecnie tak bardzo rozpoznawalnym symbolem Puszczy Bia\u0142owieskiej.<\/span><\/p>\n<p><span style=\"font-size: 12pt;font-family: verdana, geneva, sans-serif\">Wielki i oci\u0119\u017ca\u0142y zwierz, kt\u00f3rego waga wynosi \u015brednio 700 kg, potrafi biec z pr\u0119dko\u015bci\u0105 50 km\/h, gdy poczuje zagro\u017cenie. Przeskakuje rowy i p\u0142oty tak zwinnie, \u017ce nikt by go o to nie podejrzewa\u0142. Lepiej nie wchodzi\u0107 mu w drog\u0119!<\/span><\/p>\n<p><span style=\"font-size: 12pt;font-family: verdana, geneva, sans-serif\">Dzisiaj mo\u017cna i koniecznie trzeba zobaczy\u0107 \u017cubry w ich naturalnym \u015brodowisku, w Puszczy Bia\u0142owieskiej, na terenie naszego wojew\u00f3dztwa.<\/span><\/p>\n<p>zdj\u0119cia: Adobe Stock<\/p>\n<div id='gallery-1' class='gallery galleryid-10004 gallery-columns-3 gallery-size-large'><figure class='gallery-item'>\n\t\t\t<div class='gallery-icon landscape'>\n\t\t\t\t<a href='https:\/\/pb.edu.pl\/sjo\/polish-lab\/czy-wiecie-ze\/lokalne\/zubr-w-bialowieskim-parku-narodowym-2\/'><img loading=\"lazy\" decoding=\"async\" width=\"1024\" height=\"683\" src=\"https:\/\/pb.edu.pl\/sjo\/wp-content\/uploads\/sites\/9\/2021\/09\/8-AdobeStock_242880665-1-1024x683.jpeg\" class=\"attachment-large size-large\" alt=\"\" srcset=\"https:\/\/pb.edu.pl\/sjo\/wp-content\/uploads\/sites\/9\/2021\/09\/8-AdobeStock_242880665-1-1024x683.jpeg 1024w, https:\/\/pb.edu.pl\/sjo\/wp-content\/uploads\/sites\/9\/2021\/09\/8-AdobeStock_242880665-1-300x200.jpeg 300w, https:\/\/pb.edu.pl\/sjo\/wp-content\/uploads\/sites\/9\/2021\/09\/8-AdobeStock_242880665-1-768x512.jpeg 768w, https:\/\/pb.edu.pl\/sjo\/wp-content\/uploads\/sites\/9\/2021\/09\/8-AdobeStock_242880665-1-1536x1024.jpeg 1536w, https:\/\/pb.edu.pl\/sjo\/wp-content\/uploads\/sites\/9\/2021\/09\/8-AdobeStock_242880665-1-2048x1365.jpeg 2048w, https:\/\/pb.edu.pl\/sjo\/wp-content\/uploads\/sites\/9\/2021\/09\/8-AdobeStock_242880665-1-480x320.jpeg 480w\" sizes=\"auto, (max-width: 1024px) 100vw, 1024px\" \/><\/a>\n\t\t\t<\/div><\/figure><figure class='gallery-item'>\n\t\t\t<div class='gallery-icon landscape'>\n\t\t\t\t<a href='https:\/\/pb.edu.pl\/sjo\/polish-lab\/czy-wiecie-ze\/lokalne\/european-bison-bison-bonasus-in-the-knyszyn-forest-poland\/'><img loading=\"lazy\" decoding=\"async\" width=\"1024\" height=\"683\" src=\"https:\/\/pb.edu.pl\/sjo\/wp-content\/uploads\/sites\/9\/2021\/09\/8-AdobeStock_246889383-1024x683.jpeg\" class=\"attachment-large size-large\" alt=\"\" srcset=\"https:\/\/pb.edu.pl\/sjo\/wp-content\/uploads\/sites\/9\/2021\/09\/8-AdobeStock_246889383-1024x683.jpeg 1024w, https:\/\/pb.edu.pl\/sjo\/wp-content\/uploads\/sites\/9\/2021\/09\/8-AdobeStock_246889383-300x200.jpeg 300w, https:\/\/pb.edu.pl\/sjo\/wp-content\/uploads\/sites\/9\/2021\/09\/8-AdobeStock_246889383-768x512.jpeg 768w, https:\/\/pb.edu.pl\/sjo\/wp-content\/uploads\/sites\/9\/2021\/09\/8-AdobeStock_246889383-1536x1024.jpeg 1536w, https:\/\/pb.edu.pl\/sjo\/wp-content\/uploads\/sites\/9\/2021\/09\/8-AdobeStock_246889383-2048x1365.jpeg 2048w, https:\/\/pb.edu.pl\/sjo\/wp-content\/uploads\/sites\/9\/2021\/09\/8-AdobeStock_246889383-480x320.jpeg 480w\" sizes=\"auto, (max-width: 1024px) 100vw, 1024px\" \/><\/a>\n\t\t\t<\/div><\/figure><figure class='gallery-item'>\n\t\t\t<div class='gallery-icon landscape'>\n\t\t\t\t<a href='https:\/\/pb.edu.pl\/sjo\/polish-lab\/czy-wiecie-ze\/lokalne\/zubr-w-bialowieskim-parku-narodowym\/'><img loading=\"lazy\" decoding=\"async\" width=\"1024\" height=\"683\" src=\"https:\/\/pb.edu.pl\/sjo\/wp-content\/uploads\/sites\/9\/2021\/09\/8-AdobeStock_242879819-1024x683.jpeg\" class=\"attachment-large size-large\" alt=\"\" srcset=\"https:\/\/pb.edu.pl\/sjo\/wp-content\/uploads\/sites\/9\/2021\/09\/8-AdobeStock_242879819-1024x683.jpeg 1024w, https:\/\/pb.edu.pl\/sjo\/wp-content\/uploads\/sites\/9\/2021\/09\/8-AdobeStock_242879819-300x200.jpeg 300w, https:\/\/pb.edu.pl\/sjo\/wp-content\/uploads\/sites\/9\/2021\/09\/8-AdobeStock_242879819-768x512.jpeg 768w, https:\/\/pb.edu.pl\/sjo\/wp-content\/uploads\/sites\/9\/2021\/09\/8-AdobeStock_242879819-1536x1024.jpeg 1536w, https:\/\/pb.edu.pl\/sjo\/wp-content\/uploads\/sites\/9\/2021\/09\/8-AdobeStock_242879819-2048x1365.jpeg 2048w, https:\/\/pb.edu.pl\/sjo\/wp-content\/uploads\/sites\/9\/2021\/09\/8-AdobeStock_242879819-480x320.jpeg 480w\" sizes=\"auto, (max-width: 1024px) 100vw, 1024px\" \/><\/a>\n\t\t\t<\/div><\/figure>\n\t\t<\/div>\n\n<p><img loading=\"lazy\" decoding=\"async\" class=\"alignleft wp-image-10239\" src=\"https:\/\/pb.edu.pl\/sjo\/wp-content\/uploads\/sites\/9\/2021\/09\/8-AdobeStock_99403831-scaled-e1630795448216-300x132.jpeg\" alt=\"\u017cubry na sniegu\" width=\"770\" height=\"340\" srcset=\"https:\/\/pb.edu.pl\/sjo\/wp-content\/uploads\/sites\/9\/2021\/09\/8-AdobeStock_99403831-scaled-e1630795448216-300x132.jpeg 300w, https:\/\/pb.edu.pl\/sjo\/wp-content\/uploads\/sites\/9\/2021\/09\/8-AdobeStock_99403831-scaled-e1630795448216-1024x452.jpeg 1024w, https:\/\/pb.edu.pl\/sjo\/wp-content\/uploads\/sites\/9\/2021\/09\/8-AdobeStock_99403831-scaled-e1630795448216-768x339.jpeg 768w, https:\/\/pb.edu.pl\/sjo\/wp-content\/uploads\/sites\/9\/2021\/09\/8-AdobeStock_99403831-scaled-e1630795448216-1536x678.jpeg 1536w, https:\/\/pb.edu.pl\/sjo\/wp-content\/uploads\/sites\/9\/2021\/09\/8-AdobeStock_99403831-scaled-e1630795448216-2048x904.jpeg 2048w\" sizes=\"auto, (max-width: 770px) 100vw, 770px\" \/><span style=\"font-size: 8pt\">&nbsp; <img loading=\"lazy\" decoding=\"async\" class=\"alignnone wp-image-10242\" src=\"https:\/\/pb.edu.pl\/sjo\/wp-content\/uploads\/sites\/9\/2021\/09\/8-AdobeStock_242880665-zbliz-e1640954831920-218x300.jpeg\" alt=\"zdj\u0119cie \u017cubra\" width=\"247\" height=\"340\" srcset=\"https:\/\/pb.edu.pl\/sjo\/wp-content\/uploads\/sites\/9\/2021\/09\/8-AdobeStock_242880665-zbliz-e1640954831920-218x300.jpeg 218w, https:\/\/pb.edu.pl\/sjo\/wp-content\/uploads\/sites\/9\/2021\/09\/8-AdobeStock_242880665-zbliz-e1640954831920.jpeg 500w\" sizes=\"auto, (max-width: 247px) 100vw, 247px\" \/><br \/>\n<\/span><\/p>\n","protected":false},"excerpt":{"rendered":"<p>\u017bubr \u2013 kr\u00f3l puszczy Ma\u0142o kto wie, \u017ce po I Wojnie \u015awiatowej w Puszczy Bia\u0142owieskiej,<\/p>\n","protected":false},"author":2,"featured_media":0,"parent":8281,"menu_order":1,"comment_status":"closed","ping_status":"closed","template":"","meta":{"_acf_changed":false,"ngg_post_thumbnail":0,"footnotes":""},"class_list":["post-10004","page","type-page","status-publish","hentry"],"acf":[],"yoast_head":"<!-- This site is optimized with the Yoast SEO plugin v27.0 - https:\/\/yoast.com\/product\/yoast-seo-wordpress\/ -->\n<title>\u017bubr - Studium J\u0119zyk\u00f3w Obcych<\/title>\n<meta name=\"description\" content=\"\u017bubr \u2013 kr\u00f3l puszczy Ma\u0142o kto wie, \u017ce po I Wojnie \u015awiatowej w Puszczy Bia\u0142owieskiej, kt\u00f3ra by\u0142a w\u00f3wczas jedyn\u0105 ostoj\u0105 tego gatunku, zosta\u0142 zastrzelony\" \/>\n<meta name=\"robots\" content=\"index, follow, max-snippet:-1, max-image-preview:large, max-video-preview:-1\" \/>\n<link rel=\"canonical\" href=\"https:\/\/pb.edu.pl\/sjo\/polish-lab\/czy-wiecie-ze\/lokalne\/\" \/>\n<meta property=\"og:locale\" content=\"pl_PL\" \/>\n<meta property=\"og:type\" content=\"article\" \/>\n<meta property=\"og:title\" content=\"\u017bubr - Studium J\u0119zyk\u00f3w Obcych\" \/>\n<meta property=\"og:description\" content=\"\u017bubr \u2013 kr\u00f3l puszczy Ma\u0142o kto wie, \u017ce po I Wojnie \u015awiatowej w Puszczy Bia\u0142owieskiej, kt\u00f3ra by\u0142a w\u00f3wczas jedyn\u0105 ostoj\u0105 tego gatunku, zosta\u0142 zastrzelony\" \/>\n<meta property=\"og:url\" content=\"https:\/\/pb.edu.pl\/sjo\/polish-lab\/czy-wiecie-ze\/lokalne\/\" \/>\n<meta property=\"og:site_name\" content=\"Studium J\u0119zyk\u00f3w Obcych\" \/>\n<meta property=\"article:modified_time\" content=\"2023-02-06T12:57:43+00:00\" \/>\n<meta property=\"og:image\" content=\"https:\/\/pb.edu.pl\/sjo\/wp-content\/uploads\/sites\/9\/2021\/09\/8-AdobeStock_242880665-1-1024x683.jpeg\" \/>\n<meta name=\"twitter:label1\" content=\"Szacowany czas czytania\" \/>\n\t<meta name=\"twitter:data1\" content=\"2 minuty\" \/>\n<script type=\"application\/ld+json\" class=\"yoast-schema-graph\">{\"@context\":\"https:\/\/schema.org\",\"@graph\":[{\"@type\":\"WebPage\",\"@id\":\"https:\/\/pb.edu.pl\/sjo\/polish-lab\/czy-wiecie-ze\/lokalne\/\",\"url\":\"https:\/\/pb.edu.pl\/sjo\/polish-lab\/czy-wiecie-ze\/lokalne\/\",\"name\":\"\u017bubr - Studium J\u0119zyk\u00f3w Obcych\",\"isPartOf\":{\"@id\":\"https:\/\/pb.edu.pl\/sjo\/#website\"},\"primaryImageOfPage\":{\"@id\":\"https:\/\/pb.edu.pl\/sjo\/polish-lab\/czy-wiecie-ze\/lokalne\/#primaryimage\"},\"image\":{\"@id\":\"https:\/\/pb.edu.pl\/sjo\/polish-lab\/czy-wiecie-ze\/lokalne\/#primaryimage\"},\"thumbnailUrl\":\"https:\/\/pb.edu.pl\/sjo\/wp-content\/uploads\/sites\/9\/2021\/09\/8-AdobeStock_99403831-scaled-e1630795448216-300x132.jpeg\",\"datePublished\":\"2021-08-19T17:55:02+00:00\",\"dateModified\":\"2023-02-06T12:57:43+00:00\",\"description\":\"\u017bubr \u2013 kr\u00f3l puszczy Ma\u0142o kto wie, \u017ce po I Wojnie \u015awiatowej w Puszczy Bia\u0142owieskiej, kt\u00f3ra by\u0142a w\u00f3wczas jedyn\u0105 ostoj\u0105 tego gatunku, zosta\u0142 zastrzelony\",\"breadcrumb\":{\"@id\":\"https:\/\/pb.edu.pl\/sjo\/polish-lab\/czy-wiecie-ze\/lokalne\/#breadcrumb\"},\"inLanguage\":\"pl-PL\",\"potentialAction\":[{\"@type\":\"ReadAction\",\"target\":[\"https:\/\/pb.edu.pl\/sjo\/polish-lab\/czy-wiecie-ze\/lokalne\/\"]}]},{\"@type\":\"ImageObject\",\"inLanguage\":\"pl-PL\",\"@id\":\"https:\/\/pb.edu.pl\/sjo\/polish-lab\/czy-wiecie-ze\/lokalne\/#primaryimage\",\"url\":\"https:\/\/pb.edu.pl\/sjo\/wp-content\/uploads\/sites\/9\/2021\/09\/8-AdobeStock_99403831-scaled-e1630795448216.jpeg\",\"contentUrl\":\"https:\/\/pb.edu.pl\/sjo\/wp-content\/uploads\/sites\/9\/2021\/09\/8-AdobeStock_99403831-scaled-e1630795448216.jpeg\",\"width\":2560,\"height\":1130,\"caption\":\"\u017cubry na sniegu\"},{\"@type\":\"BreadcrumbList\",\"@id\":\"https:\/\/pb.edu.pl\/sjo\/polish-lab\/czy-wiecie-ze\/lokalne\/#breadcrumb\",\"itemListElement\":[{\"@type\":\"ListItem\",\"position\":1,\"name\":\"Home\",\"item\":\"https:\/\/pb.edu.pl\/sjo\/\"},{\"@type\":\"ListItem\",\"position\":2,\"name\":\"Centrum J\u0119zyka i Kultury Polskiej POLISH LAB\",\"item\":\"https:\/\/pb.edu.pl\/sjo\/polish-lab\/\"},{\"@type\":\"ListItem\",\"position\":3,\"name\":\"O Polsce i Polakach\",\"item\":\"https:\/\/pb.edu.pl\/sjo\/polish-lab\/czy-wiecie-ze\/\"},{\"@type\":\"ListItem\",\"position\":4,\"name\":\"\u017bubr\"}]},{\"@type\":\"WebSite\",\"@id\":\"https:\/\/pb.edu.pl\/sjo\/#website\",\"url\":\"https:\/\/pb.edu.pl\/sjo\/\",\"name\":\"Studium J\u0119zyk\u00f3w Obcych\",\"description\":\"\",\"potentialAction\":[{\"@type\":\"SearchAction\",\"target\":{\"@type\":\"EntryPoint\",\"urlTemplate\":\"https:\/\/pb.edu.pl\/sjo\/?s={search_term_string}\"},\"query-input\":{\"@type\":\"PropertyValueSpecification\",\"valueRequired\":true,\"valueName\":\"search_term_string\"}}],\"inLanguage\":\"pl-PL\"}]}<\/script>\n<!-- \/ Yoast SEO plugin. -->","yoast_head_json":{"title":"\u017bubr - Studium J\u0119zyk\u00f3w Obcych","description":"\u017bubr \u2013 kr\u00f3l puszczy Ma\u0142o kto wie, \u017ce po I Wojnie \u015awiatowej w Puszczy Bia\u0142owieskiej, kt\u00f3ra by\u0142a w\u00f3wczas jedyn\u0105 ostoj\u0105 tego gatunku, zosta\u0142 zastrzelony","robots":{"index":"index","follow":"follow","max-snippet":"max-snippet:-1","max-image-preview":"max-image-preview:large","max-video-preview":"max-video-preview:-1"},"canonical":"https:\/\/pb.edu.pl\/sjo\/polish-lab\/czy-wiecie-ze\/lokalne\/","og_locale":"pl_PL","og_type":"article","og_title":"\u017bubr - Studium J\u0119zyk\u00f3w Obcych","og_description":"\u017bubr \u2013 kr\u00f3l puszczy Ma\u0142o kto wie, \u017ce po I Wojnie \u015awiatowej w Puszczy Bia\u0142owieskiej, kt\u00f3ra by\u0142a w\u00f3wczas jedyn\u0105 ostoj\u0105 tego gatunku, zosta\u0142 zastrzelony","og_url":"https:\/\/pb.edu.pl\/sjo\/polish-lab\/czy-wiecie-ze\/lokalne\/","og_site_name":"Studium J\u0119zyk\u00f3w Obcych","article_modified_time":"2023-02-06T12:57:43+00:00","og_image":[{"url":"https:\/\/pb.edu.pl\/sjo\/wp-content\/uploads\/sites\/9\/2021\/09\/8-AdobeStock_242880665-1-1024x683.jpeg","type":"","width":"","height":""}],"twitter_misc":{"Szacowany czas czytania":"2 minuty"},"schema":{"@context":"https:\/\/schema.org","@graph":[{"@type":"WebPage","@id":"https:\/\/pb.edu.pl\/sjo\/polish-lab\/czy-wiecie-ze\/lokalne\/","url":"https:\/\/pb.edu.pl\/sjo\/polish-lab\/czy-wiecie-ze\/lokalne\/","name":"\u017bubr - Studium J\u0119zyk\u00f3w Obcych","isPartOf":{"@id":"https:\/\/pb.edu.pl\/sjo\/#website"},"primaryImageOfPage":{"@id":"https:\/\/pb.edu.pl\/sjo\/polish-lab\/czy-wiecie-ze\/lokalne\/#primaryimage"},"image":{"@id":"https:\/\/pb.edu.pl\/sjo\/polish-lab\/czy-wiecie-ze\/lokalne\/#primaryimage"},"thumbnailUrl":"https:\/\/pb.edu.pl\/sjo\/wp-content\/uploads\/sites\/9\/2021\/09\/8-AdobeStock_99403831-scaled-e1630795448216-300x132.jpeg","datePublished":"2021-08-19T17:55:02+00:00","dateModified":"2023-02-06T12:57:43+00:00","description":"\u017bubr \u2013 kr\u00f3l puszczy Ma\u0142o kto wie, \u017ce po I Wojnie \u015awiatowej w Puszczy Bia\u0142owieskiej, kt\u00f3ra by\u0142a w\u00f3wczas jedyn\u0105 ostoj\u0105 tego gatunku, zosta\u0142 zastrzelony","breadcrumb":{"@id":"https:\/\/pb.edu.pl\/sjo\/polish-lab\/czy-wiecie-ze\/lokalne\/#breadcrumb"},"inLanguage":"pl-PL","potentialAction":[{"@type":"ReadAction","target":["https:\/\/pb.edu.pl\/sjo\/polish-lab\/czy-wiecie-ze\/lokalne\/"]}]},{"@type":"ImageObject","inLanguage":"pl-PL","@id":"https:\/\/pb.edu.pl\/sjo\/polish-lab\/czy-wiecie-ze\/lokalne\/#primaryimage","url":"https:\/\/pb.edu.pl\/sjo\/wp-content\/uploads\/sites\/9\/2021\/09\/8-AdobeStock_99403831-scaled-e1630795448216.jpeg","contentUrl":"https:\/\/pb.edu.pl\/sjo\/wp-content\/uploads\/sites\/9\/2021\/09\/8-AdobeStock_99403831-scaled-e1630795448216.jpeg","width":2560,"height":1130,"caption":"\u017cubry na sniegu"},{"@type":"BreadcrumbList","@id":"https:\/\/pb.edu.pl\/sjo\/polish-lab\/czy-wiecie-ze\/lokalne\/#breadcrumb","itemListElement":[{"@type":"ListItem","position":1,"name":"Home","item":"https:\/\/pb.edu.pl\/sjo\/"},{"@type":"ListItem","position":2,"name":"Centrum J\u0119zyka i Kultury Polskiej POLISH LAB","item":"https:\/\/pb.edu.pl\/sjo\/polish-lab\/"},{"@type":"ListItem","position":3,"name":"O Polsce i Polakach","item":"https:\/\/pb.edu.pl\/sjo\/polish-lab\/czy-wiecie-ze\/"},{"@type":"ListItem","position":4,"name":"\u017bubr"}]},{"@type":"WebSite","@id":"https:\/\/pb.edu.pl\/sjo\/#website","url":"https:\/\/pb.edu.pl\/sjo\/","name":"Studium J\u0119zyk\u00f3w Obcych","description":"","potentialAction":[{"@type":"SearchAction","target":{"@type":"EntryPoint","urlTemplate":"https:\/\/pb.edu.pl\/sjo\/?s={search_term_string}"},"query-input":{"@type":"PropertyValueSpecification","valueRequired":true,"valueName":"search_term_string"}}],"inLanguage":"pl-PL"}]}},"_links":{"self":[{"href":"https:\/\/pb.edu.pl\/sjo\/wp-json\/wp\/v2\/pages\/10004","targetHints":{"allow":["GET"]}}],"collection":[{"href":"https:\/\/pb.edu.pl\/sjo\/wp-json\/wp\/v2\/pages"}],"about":[{"href":"https:\/\/pb.edu.pl\/sjo\/wp-json\/wp\/v2\/types\/page"}],"author":[{"embeddable":true,"href":"https:\/\/pb.edu.pl\/sjo\/wp-json\/wp\/v2\/users\/2"}],"replies":[{"embeddable":true,"href":"https:\/\/pb.edu.pl\/sjo\/wp-json\/wp\/v2\/comments?post=10004"}],"version-history":[{"count":0,"href":"https:\/\/pb.edu.pl\/sjo\/wp-json\/wp\/v2\/pages\/10004\/revisions"}],"up":[{"embeddable":true,"href":"https:\/\/pb.edu.pl\/sjo\/wp-json\/wp\/v2\/pages\/8281"}],"wp:attachment":[{"href":"https:\/\/pb.edu.pl\/sjo\/wp-json\/wp\/v2\/media?parent=10004"}],"curies":[{"name":"wp","href":"https:\/\/api.w.org\/{rel}","templated":true}]}}