{"id":31141,"date":"2026-03-23T12:54:04","date_gmt":"2026-03-23T11:54:04","guid":{"rendered":"https:\/\/pb.edu.pl\/sjo\/?page_id=31141"},"modified":"2026-03-31T12:41:40","modified_gmt":"2026-03-31T10:41:40","slug":"photography-and-language-contest-a-story-in-one-moment","status":"publish","type":"page","link":"https:\/\/pb.edu.pl\/sjo\/en\/events\/photography-and-language-contest-a-story-in-one-moment\/","title":{"rendered":"Photography and language contest \u2018A story in one moment\u2019"},"content":{"rendered":"<h2><img loading=\"lazy\" decoding=\"async\" class=\"alignleft wp-image-28108\" src=\"https:\/\/pb.edu.pl\/sjo\/wp-content\/uploads\/sites\/9\/2026\/03\/photo-contest-2026.png\" alt=\"\" width=\"350\" height=\"219\"><\/h2>\n<p data-start=\"141\" data-end=\"201\"><strong data-start=\"141\" data-end=\"201\">Photography and language contest \u2018A story in one moment\u2019<\/strong><\/p>\n<p data-start=\"203\" data-end=\"353\">The Foreign Language Centre of Bialystok University of Technology invites you to take part in the 5th edition of the photography and language contest.<\/p>\n<p data-start=\"355\" data-end=\"512\">One photo, one moment \u2013 and a whole story behind it. Capture a moment that speaks louder than words and tell your story in a foreign language of your choice.<\/p>\n<p data-start=\"514\" data-end=\"535\"><strong data-start=\"514\" data-end=\"535\">How to take part?<\/strong><\/p>\n<ul>\n<li data-start=\"537\" data-end=\"580\">Take a photo inspired by this year\u2019s theme.<\/li>\n<li data-start=\"582\" data-end=\"673\">Add a title and a short description (200\u2013500 characters) in one of the following languages:\n<ul>\n<li data-start=\"675\" data-end=\"713\">English<\/li>\n<li data-start=\"675\" data-end=\"713\">German<\/li>\n<li data-start=\"675\" data-end=\"713\">Spanish<\/li>\n<li data-start=\"675\" data-end=\"713\">Russian<\/li>\n<\/ul>\n<\/li>\n<li data-start=\"715\" data-end=\"759\">Fill in the entry form and submit your work.<\/li>\n<\/ul>\n<p data-start=\"761\" data-end=\"781\"><strong data-start=\"761\" data-end=\"781\">Contest timeline<\/strong><\/p>\n<ul>\n<li data-start=\"783\" data-end=\"817\">Submissions: until 24 April 2026<\/li>\n<li data-start=\"819\" data-end=\"855\">Public Vote: 29 April \u2013 7 May 2026<\/li>\n<li data-start=\"857\" data-end=\"892\">Results announcement: 11 May 2026<\/li>\n<li data-start=\"894\" data-end=\"924\">Awards ceremony: 12 May 2026<\/li>\n<\/ul>\n<p data-start=\"926\" data-end=\"1160\">Entries will be judged by a jury based on relevance to the theme, language quality and artistic value. In addition to the main awards, one photo will win the Audience Award \u2014 determined by the number of votes cast via Microsoft Forms.<\/p>\n<p data-start=\"1162\" data-end=\"1223\">Don\u2019t wait \u2014 capture your story in one moment and win prizes!<\/p>\n<p data-start=\"1225\" data-end=\"1319\"><a href=\"https:\/\/pb.edu.pl\/sjo\/wp-content\/uploads\/sites\/9\/2026\/03\/Regulations-of-the-contest-A-story-in-one-moment-2026-1.pdf\">Regulations of the contest \u201cA story in one moment\u201d 2026 (PDF, 349 KB, opens in a new tab)<\/a><\/p>\n<p>&nbsp;<br \/>\n\n<div class=\"wpcf7 no-js\" id=\"wpcf7-f31162-o1\" lang=\"en-US\" dir=\"ltr\" data-wpcf7-id=\"31162\">\n<div class=\"screen-reader-response\"><p role=\"status\" aria-live=\"polite\" aria-atomic=\"true\"><\/p> <ul><\/ul><\/div>\n<form action=\"\/sjo\/en\/wp-json\/wp\/v2\/pages\/31141#wpcf7-f31162-o1\" method=\"post\" class=\"wpcf7-form init\" aria-label=\"Contact form\" enctype=\"multipart\/form-data\" novalidate=\"novalidate\" data-status=\"init\">\n<fieldset class=\"hidden-fields-container\"><input type=\"hidden\" name=\"_wpcf7\" value=\"31162\" \/><input type=\"hidden\" name=\"_wpcf7_version\" value=\"6.1.5\" \/><input type=\"hidden\" name=\"_wpcf7_locale\" value=\"en_US\" \/><input type=\"hidden\" name=\"_wpcf7_unit_tag\" value=\"wpcf7-f31162-o1\" \/><input type=\"hidden\" name=\"_wpcf7_container_post\" value=\"0\" \/><input type=\"hidden\" name=\"_wpcf7_posted_data_hash\" value=\"\" \/><input type=\"hidden\" name=\"_wpcf7cf_hidden_group_fields\" value=\"[]\" \/><input type=\"hidden\" name=\"_wpcf7cf_hidden_groups\" value=\"[]\" \/><input type=\"hidden\" name=\"_wpcf7cf_visible_groups\" value=\"[]\" \/><input type=\"hidden\" name=\"_wpcf7cf_repeaters\" value=\"[]\" \/><input type=\"hidden\" name=\"_wpcf7cf_steps\" value=\"{}\" \/><input type=\"hidden\" name=\"_wpcf7cf_options\" value=\"{&quot;form_id&quot;:31162,&quot;conditions&quot;:[],&quot;settings&quot;:{&quot;animation&quot;:&quot;yes&quot;,&quot;animation_intime&quot;:200,&quot;animation_outtime&quot;:200,&quot;conditions_ui&quot;:&quot;normal&quot;,&quot;notice_dismissed&quot;:false,&quot;notice_dismissed_update-cf7-5.6.2&quot;:true,&quot;notice_dismissed_update-cf7-6.0.2&quot;:true}}\" \/>\n<\/fieldset>\n<div class=\"wpcf7-turnstile cf-turnstile\" data-sitekey=\"0x4AAAAAACDP-G-k0g-pygWP\" data-response-field-name=\"_wpcf7_turnstile_response\"><\/div>\n\n<div class=\"row\">\n\t<div class=\"col-md-6\">\n\t\t<p><label> Imi\u0119\/Name: *<\/label><br \/>\n<span class=\"wpcf7-form-control-wrap\" data-name=\"imie\"><input size=\"40\" maxlength=\"400\" class=\"wpcf7-form-control wpcf7-text wpcf7-validates-as-required\" aria-required=\"true\" aria-invalid=\"false\" value=\"\" type=\"text\" name=\"imie\" \/><\/span>\n\t\t<\/p>\n\t<\/div>\n<\/div>\n<div class=\"row\">\n\t<div class=\"col-md-6\">\n\t\t<p><label> Nazwisko\/Surname: *<\/label><br \/>\n<span class=\"wpcf7-form-control-wrap\" data-name=\"nazwisko\"><input size=\"40\" maxlength=\"400\" class=\"wpcf7-form-control wpcf7-text wpcf7-validates-as-required\" aria-required=\"true\" aria-invalid=\"false\" value=\"\" type=\"text\" name=\"nazwisko\" \/><\/span>\n\t\t<\/p>\n\t<\/div>\n<\/div>\n<div class=\"row\">\n\t<div class=\"col-md-6\">\n\t\t<p><label> Wydzia\u0142\/Faculty: *<\/label><br \/>\n<span class=\"wpcf7-form-control-wrap\" data-name=\"wydzial\"><select class=\"wpcf7-form-control wpcf7-select\" aria-invalid=\"false\" name=\"wydzial\"><option value=\"\">&#8212;Please choose an option&#8212;<\/option><option value=\"Wydzia\u0142 Architektury\/Faculty of Architecture\">Wydzia\u0142 Architektury\/Faculty of Architecture<\/option><option value=\"Wydzia\u0142 Budownictwa i Nauk o \u015arodowisku\/Faculty of Civil Engineering and Environmental Sciences\">Wydzia\u0142 Budownictwa i Nauk o \u015arodowisku\/Faculty of Civil Engineering and Environmental Sciences<\/option><option value=\"Wydzia\u0142 Elektryczny\/Faculty of Electrical Engineering\">Wydzia\u0142 Elektryczny\/Faculty of Electrical Engineering<\/option><option value=\"Wydzia\u0142 Informatyki\/Faculty of Computer Science\">Wydzia\u0142 Informatyki\/Faculty of Computer Science<\/option><option value=\"Wydzia\u0142 In\u017cynierii Zarz\u0105dzania\/Faculty of Engineering Management\">Wydzia\u0142 In\u017cynierii Zarz\u0105dzania\/Faculty of Engineering Management<\/option><option value=\"Wydzia\u0142 Mechaniczny\/Faculty of Mechanical Engineering\">Wydzia\u0142 Mechaniczny\/Faculty of Mechanical Engineering<\/option><\/select><\/span>\n\t\t<\/p>\n\t<\/div>\n<\/div>\n<div class=\"row\">\n\t<div class=\"col-md-12\">\n\t\t<p><label>Tytu\u0142 zdj\u0119cia (w j\u0119zyku angielskim, niemieckim, rosyjskim lub hiszpa\u0144skim)\/Title of the photograph (in English, German, Russian or Spanish): *<\/label><br \/>\n<span class=\"wpcf7-form-control-wrap\" data-name=\"tytul\"><input size=\"40\" maxlength=\"400\" class=\"wpcf7-form-control wpcf7-text wpcf7-validates-as-required\" aria-required=\"true\" aria-invalid=\"false\" value=\"\" type=\"text\" name=\"tytul\" \/><\/span>\n\t\t<\/p>\n\t<\/div>\n<\/div>\n<div class=\"row\">\n\t<div class=\"col-md-12\">\n\t\t<p><label>Opis zdj\u0119cia (w j\u0119zyku angielskim, niemieckim, rosyjskim lub hiszpa\u0144skim)<br \/>\nDescription of the photograph (in English, German, Russian or Spanish): *<\/label><br \/>\n<span class=\"wpcf7-form-control-wrap\" data-name=\"opis\"><textarea cols=\"40\" rows=\"10\" maxlength=\"500\" minlength=\"200\" class=\"wpcf7-form-control wpcf7-textarea wpcf7-validates-as-required\" aria-required=\"true\" aria-invalid=\"false\" placeholder=\"200-500\" name=\"opis\"><\/textarea><\/span>\n\t\t<\/p>\n\t<\/div>\n<\/div>\n<p><span class=\"wpcf7-character-count up\" data-target-name=\"opis\" data-starting-value=\"0\" data-current-value=\"0\" data-maximum-value=\"500\" data-minimum-value=\"200\">0<\/span>\n<\/p>\n<div class=\"row\">\n\t<div class=\"col-md-6\">\n\t\t<p><label>Zdj\u0119cie\/Photo *<\/label>\n\t\t<\/p>\n\t<\/div>\n<\/div>\n<div class=\"row\">\n\t<div class=\"col-md-6\">\n\t\t<p>Format: jpg, png<br \/>\n<span class=\"wpcf7-form-control-wrap\" data-name=\"file-397\"><input size=\"40\" class=\"wpcf7-form-control wpcf7-file wpcf7-validates-as-required\" accept=\".png,.jpg\" aria-required=\"true\" aria-invalid=\"false\" type=\"file\" name=\"file-397\" \/><\/span>\n\t\t<\/p>\n\t<\/div>\n<\/div>\n<div class=\"row\">\n\t<div class=\"col-md-12\">\n\t\t<p><label> Uczelniany adres e-mail\/University e-mail address: *<\/label><br \/>\n<span class=\"wpcf7-form-control-wrap\" data-name=\"email\"><input size=\"40\" maxlength=\"400\" class=\"wpcf7-form-control wpcf7-email wpcf7-validates-as-required wpcf7-text wpcf7-validates-as-email\" aria-required=\"true\" aria-invalid=\"false\" value=\"\" type=\"email\" name=\"email\" \/><\/span>\n\t\t<\/p>\n\t<\/div>\n<\/div>\n<p><label>Pola oznaczone gwiazdk\u0105 (*) s\u0105 obowi\u0105zkowe\/Fields with (*) are obligatory.<\/label>\n<\/p>\n<p><label>Regulamin konkursu fotograficzno-leksykalnego \u201eA story in one moment\u201d\/Regulations of the 'A story in one moment\u2019 photo contest<\/label><br \/>\n<span class=\"wpcf7-form-control-wrap\" data-name=\"acceptance-107\"><span class=\"wpcf7-form-control wpcf7-acceptance\"><span class=\"wpcf7-list-item\"><label><input type=\"checkbox\" name=\"acceptance-107\" value=\"1\" aria-invalid=\"false\" \/><span class=\"wpcf7-list-item-label\">* Zapozna\u0142em\/am si\u0119 z Regulaminem konkursu fotograficzno-leksykalnego \u201eA story in one moment\u201d\n<br>I have read and understood the Regulations of the \u201eA story in one moment\u201d photo contest<\/span><\/label><\/span><\/span><\/span>\n<\/p>\n<p style=\"text-indent: 32px\"><a title=\"otworzy si\u0119 w nowej karcie\" href=\"https:\/\/pb.edu.pl\/sjo\/wp-content\/uploads\/sites\/9\/2026\/03\/Reguklamin-Konkurs-fotograficzno-jezykowy-A-story-in-one-moment-2026-1.pdf\" target=\"_blank\">Regulamin konkursu \u201eA story in one moment\u201d<\/a>\n<\/p>\n<p style=\"text-indent: 32px\"><a title=\"It will open in a new tab\" href=\"https:\/\/pb.edu.pl\/sjo\/wp-content\/uploads\/sites\/9\/2026\/03\/Regulations-of-the-contest-A-story-in-one-moment-2026-1.pdf\" target=\"_blank\">Regulations of the \u201eA story in one moment\u201d photo contest<\/a>\n<\/p>\n<div class=\"row\">\n\t<div class=\"col-md-12 text-right\">\n\t\t<p><input class=\"wpcf7-form-control wpcf7-submit has-spinner\" type=\"submit\" value=\"Wy\u015blij zg\u0142oszenie\/Send your application\" \/>\n\t\t<\/p>\n\t<\/div>\n<\/div><div class=\"wpcf7-response-output\" aria-hidden=\"true\"><\/div>\n<\/form>\n<\/div>\n\n","protected":false},"excerpt":{"rendered":"<p>Photography and language contest \u2018A story in one moment\u2019 The Foreign Language Centre of Bialystok<\/p>\n","protected":false},"author":132,"featured_media":0,"parent":16510,"menu_order":0,"comment_status":"closed","ping_status":"closed","template":"","meta":{"_acf_changed":false,"ngg_post_thumbnail":0,"footnotes":""},"class_list":["post-31141","page","type-page","status-publish","hentry"],"acf":[],"yoast_head":"<!-- This site is optimized with the Yoast SEO plugin v27.0 - https:\/\/yoast.com\/product\/yoast-seo-wordpress\/ -->\n<title>Photography and language contest \u2018A story in one moment\u2019 - Foreign Language Centre<\/title>\n<meta name=\"description\" content=\"Photography and language contest \u2018A story in one moment\u2019 The Foreign Language Centre of Bialystok University of Technology invites you to take part in the\" \/>\n<meta name=\"robots\" content=\"index, follow, max-snippet:-1, max-image-preview:large, max-video-preview:-1\" \/>\n<link rel=\"canonical\" href=\"https:\/\/pb.edu.pl\/sjo\/en\/events\/photography-and-language-contest-a-story-in-one-moment\/\" \/>\n<meta property=\"og:locale\" content=\"en_US\" \/>\n<meta property=\"og:type\" content=\"article\" \/>\n<meta property=\"og:title\" content=\"Photography and language contest \u2018A story in one moment\u2019 - Foreign Language Centre\" \/>\n<meta property=\"og:description\" content=\"Photography and language contest \u2018A story in one moment\u2019 The Foreign Language Centre of Bialystok University of Technology invites you to take part in the\" \/>\n<meta property=\"og:url\" content=\"https:\/\/pb.edu.pl\/sjo\/en\/events\/photography-and-language-contest-a-story-in-one-moment\/\" \/>\n<meta property=\"og:site_name\" content=\"Foreign Language Centre\" \/>\n<meta property=\"article:modified_time\" content=\"2026-03-31T10:41:40+00:00\" \/>\n<meta property=\"og:image\" content=\"https:\/\/pb.edu.pl\/sjo\/wp-content\/uploads\/sites\/9\/2025\/03\/photo-contest-2025-www.png\" \/>\n\t<meta property=\"og:image:width\" content=\"1080\" \/>\n\t<meta property=\"og:image:height\" content=\"675\" \/>\n\t<meta property=\"og:image:type\" content=\"image\/png\" \/>\n<meta name=\"twitter:label1\" content=\"Est. reading time\" \/>\n\t<meta name=\"twitter:data1\" content=\"2 minutes\" \/>\n<script type=\"application\/ld+json\" class=\"yoast-schema-graph\">{\"@context\":\"https:\/\/schema.org\",\"@graph\":[{\"@type\":\"WebPage\",\"@id\":\"https:\/\/pb.edu.pl\/sjo\/en\/events\/photography-and-language-contest-a-story-in-one-moment\/\",\"url\":\"https:\/\/pb.edu.pl\/sjo\/en\/events\/photography-and-language-contest-a-story-in-one-moment\/\",\"name\":\"Photography and language contest \u2018A story in one moment\u2019 - Foreign Language Centre\",\"isPartOf\":{\"@id\":\"https:\/\/pb.edu.pl\/sjo\/#website\"},\"primaryImageOfPage\":{\"@id\":\"https:\/\/pb.edu.pl\/sjo\/en\/events\/photography-and-language-contest-a-story-in-one-moment\/#primaryimage\"},\"image\":{\"@id\":\"https:\/\/pb.edu.pl\/sjo\/en\/events\/photography-and-language-contest-a-story-in-one-moment\/#primaryimage\"},\"thumbnailUrl\":\"https:\/\/pb.edu.pl\/sjo\/wp-content\/uploads\/sites\/9\/2026\/03\/photo-contest-2026.png\",\"datePublished\":\"2026-03-23T11:54:04+00:00\",\"dateModified\":\"2026-03-31T10:41:40+00:00\",\"description\":\"Photography and language contest \u2018A story in one moment\u2019 The Foreign Language Centre of Bialystok University of Technology invites you to take part in the\",\"breadcrumb\":{\"@id\":\"https:\/\/pb.edu.pl\/sjo\/en\/events\/photography-and-language-contest-a-story-in-one-moment\/#breadcrumb\"},\"inLanguage\":\"en-US\",\"potentialAction\":[{\"@type\":\"ReadAction\",\"target\":[\"https:\/\/pb.edu.pl\/sjo\/en\/events\/photography-and-language-contest-a-story-in-one-moment\/\"]}]},{\"@type\":\"ImageObject\",\"inLanguage\":\"en-US\",\"@id\":\"https:\/\/pb.edu.pl\/sjo\/en\/events\/photography-and-language-contest-a-story-in-one-moment\/#primaryimage\",\"url\":\"https:\/\/pb.edu.pl\/sjo\/wp-content\/uploads\/sites\/9\/2026\/03\/photo-contest-2026.png\",\"contentUrl\":\"https:\/\/pb.edu.pl\/sjo\/wp-content\/uploads\/sites\/9\/2026\/03\/photo-contest-2026.png\"},{\"@type\":\"BreadcrumbList\",\"@id\":\"https:\/\/pb.edu.pl\/sjo\/en\/events\/photography-and-language-contest-a-story-in-one-moment\/#breadcrumb\",\"itemListElement\":[{\"@type\":\"ListItem\",\"position\":1,\"name\":\"Home\",\"item\":\"https:\/\/pb.edu.pl\/sjo\/en\/\"},{\"@type\":\"ListItem\",\"position\":2,\"name\":\"Events\",\"item\":\"https:\/\/pb.edu.pl\/sjo\/en\/events\/\"},{\"@type\":\"ListItem\",\"position\":3,\"name\":\"Photography and language contest \u2018A story in one moment\u2019\"}]},{\"@type\":\"WebSite\",\"@id\":\"https:\/\/pb.edu.pl\/sjo\/#website\",\"url\":\"https:\/\/pb.edu.pl\/sjo\/\",\"name\":\"Foreign Language Centre\",\"description\":\"\",\"potentialAction\":[{\"@type\":\"SearchAction\",\"target\":{\"@type\":\"EntryPoint\",\"urlTemplate\":\"https:\/\/pb.edu.pl\/sjo\/?s={search_term_string}\"},\"query-input\":{\"@type\":\"PropertyValueSpecification\",\"valueRequired\":true,\"valueName\":\"search_term_string\"}}],\"inLanguage\":\"en-US\"}]}<\/script>\n<!-- \/ Yoast SEO plugin. -->","yoast_head_json":{"title":"Photography and language contest \u2018A story in one moment\u2019 - Foreign Language Centre","description":"Photography and language contest \u2018A story in one moment\u2019 The Foreign Language Centre of Bialystok University of Technology invites you to take part in the","robots":{"index":"index","follow":"follow","max-snippet":"max-snippet:-1","max-image-preview":"max-image-preview:large","max-video-preview":"max-video-preview:-1"},"canonical":"https:\/\/pb.edu.pl\/sjo\/en\/events\/photography-and-language-contest-a-story-in-one-moment\/","og_locale":"en_US","og_type":"article","og_title":"Photography and language contest \u2018A story in one moment\u2019 - Foreign Language Centre","og_description":"Photography and language contest \u2018A story in one moment\u2019 The Foreign Language Centre of Bialystok University of Technology invites you to take part in the","og_url":"https:\/\/pb.edu.pl\/sjo\/en\/events\/photography-and-language-contest-a-story-in-one-moment\/","og_site_name":"Foreign Language Centre","article_modified_time":"2026-03-31T10:41:40+00:00","og_image":[{"width":1080,"height":675,"url":"https:\/\/pb.edu.pl\/sjo\/wp-content\/uploads\/sites\/9\/2025\/03\/photo-contest-2025-www.png","type":"image\/png"}],"twitter_misc":{"Est. reading time":"2 minutes"},"schema":{"@context":"https:\/\/schema.org","@graph":[{"@type":"WebPage","@id":"https:\/\/pb.edu.pl\/sjo\/en\/events\/photography-and-language-contest-a-story-in-one-moment\/","url":"https:\/\/pb.edu.pl\/sjo\/en\/events\/photography-and-language-contest-a-story-in-one-moment\/","name":"Photography and language contest \u2018A story in one moment\u2019 - Foreign Language Centre","isPartOf":{"@id":"https:\/\/pb.edu.pl\/sjo\/#website"},"primaryImageOfPage":{"@id":"https:\/\/pb.edu.pl\/sjo\/en\/events\/photography-and-language-contest-a-story-in-one-moment\/#primaryimage"},"image":{"@id":"https:\/\/pb.edu.pl\/sjo\/en\/events\/photography-and-language-contest-a-story-in-one-moment\/#primaryimage"},"thumbnailUrl":"https:\/\/pb.edu.pl\/sjo\/wp-content\/uploads\/sites\/9\/2026\/03\/photo-contest-2026.png","datePublished":"2026-03-23T11:54:04+00:00","dateModified":"2026-03-31T10:41:40+00:00","description":"Photography and language contest \u2018A story in one moment\u2019 The Foreign Language Centre of Bialystok University of Technology invites you to take part in the","breadcrumb":{"@id":"https:\/\/pb.edu.pl\/sjo\/en\/events\/photography-and-language-contest-a-story-in-one-moment\/#breadcrumb"},"inLanguage":"en-US","potentialAction":[{"@type":"ReadAction","target":["https:\/\/pb.edu.pl\/sjo\/en\/events\/photography-and-language-contest-a-story-in-one-moment\/"]}]},{"@type":"ImageObject","inLanguage":"en-US","@id":"https:\/\/pb.edu.pl\/sjo\/en\/events\/photography-and-language-contest-a-story-in-one-moment\/#primaryimage","url":"https:\/\/pb.edu.pl\/sjo\/wp-content\/uploads\/sites\/9\/2026\/03\/photo-contest-2026.png","contentUrl":"https:\/\/pb.edu.pl\/sjo\/wp-content\/uploads\/sites\/9\/2026\/03\/photo-contest-2026.png"},{"@type":"BreadcrumbList","@id":"https:\/\/pb.edu.pl\/sjo\/en\/events\/photography-and-language-contest-a-story-in-one-moment\/#breadcrumb","itemListElement":[{"@type":"ListItem","position":1,"name":"Home","item":"https:\/\/pb.edu.pl\/sjo\/en\/"},{"@type":"ListItem","position":2,"name":"Events","item":"https:\/\/pb.edu.pl\/sjo\/en\/events\/"},{"@type":"ListItem","position":3,"name":"Photography and language contest \u2018A story in one moment\u2019"}]},{"@type":"WebSite","@id":"https:\/\/pb.edu.pl\/sjo\/#website","url":"https:\/\/pb.edu.pl\/sjo\/","name":"Foreign Language Centre","description":"","potentialAction":[{"@type":"SearchAction","target":{"@type":"EntryPoint","urlTemplate":"https:\/\/pb.edu.pl\/sjo\/?s={search_term_string}"},"query-input":{"@type":"PropertyValueSpecification","valueRequired":true,"valueName":"search_term_string"}}],"inLanguage":"en-US"}]}},"_links":{"self":[{"href":"https:\/\/pb.edu.pl\/sjo\/en\/wp-json\/wp\/v2\/pages\/31141","targetHints":{"allow":["GET"]}}],"collection":[{"href":"https:\/\/pb.edu.pl\/sjo\/en\/wp-json\/wp\/v2\/pages"}],"about":[{"href":"https:\/\/pb.edu.pl\/sjo\/en\/wp-json\/wp\/v2\/types\/page"}],"author":[{"embeddable":true,"href":"https:\/\/pb.edu.pl\/sjo\/en\/wp-json\/wp\/v2\/users\/132"}],"replies":[{"embeddable":true,"href":"https:\/\/pb.edu.pl\/sjo\/en\/wp-json\/wp\/v2\/comments?post=31141"}],"version-history":[{"count":6,"href":"https:\/\/pb.edu.pl\/sjo\/en\/wp-json\/wp\/v2\/pages\/31141\/revisions"}],"predecessor-version":[{"id":31230,"href":"https:\/\/pb.edu.pl\/sjo\/en\/wp-json\/wp\/v2\/pages\/31141\/revisions\/31230"}],"up":[{"embeddable":true,"href":"https:\/\/pb.edu.pl\/sjo\/en\/wp-json\/wp\/v2\/pages\/16510"}],"wp:attachment":[{"href":"https:\/\/pb.edu.pl\/sjo\/en\/wp-json\/wp\/v2\/media?parent=31141"}],"curies":[{"name":"wp","href":"https:\/\/api.w.org\/{rel}","templated":true}]}}