{"id":28653,"date":"2025-05-06T14:42:47","date_gmt":"2025-05-06T12:42:47","guid":{"rendered":"https:\/\/pb.edu.pl\/sjo\/events\/mock-job-interview-2025\/companies\/lbpro\/"},"modified":"2025-05-23T12:19:25","modified_gmt":"2025-05-23T10:19:25","slug":"lbpro","status":"publish","type":"page","link":"https:\/\/pb.edu.pl\/sjo\/en\/events\/mock-job-interview-2025\/companies\/lbpro\/","title":{"rendered":"LBPro"},"content":{"rendered":"<h2><a href=\"https:\/\/pb.edu.pl\/sjo\/wp-content\/uploads\/sites\/9\/2025\/05\/lbpro-300x200.png\"><img loading=\"lazy\" decoding=\"async\" class=\"size-medium wp-image-28400 alignleft\" src=\"https:\/\/pb.edu.pl\/sjo\/wp-content\/uploads\/sites\/9\/2025\/05\/lbpro-300x200.png\" alt=\"\" width=\"300\" height=\"200\" srcset=\"https:\/\/pb.edu.pl\/sjo\/wp-content\/uploads\/sites\/9\/2025\/05\/lbpro-300x200.png 300w, https:\/\/pb.edu.pl\/sjo\/wp-content\/uploads\/sites\/9\/2025\/05\/lbpro-768x512.png 768w, https:\/\/pb.edu.pl\/sjo\/wp-content\/uploads\/sites\/9\/2025\/05\/lbpro-480x320.png 480w, https:\/\/pb.edu.pl\/sjo\/wp-content\/uploads\/sites\/9\/2025\/05\/lbpro.png 799w\" sizes=\"auto, (max-width: 300px) 100vw, 300px\" \/><\/a><\/h2>\n<h3 data-start=\"114\" data-end=\"152\"><strong data-start=\"118\" data-end=\"152\">Bia\u0142ystok-based Software House<\/strong><\/h3>\n<p data-start=\"154\" data-end=\"377\"><strong data-start=\"154\" data-end=\"163\">LBPro<\/strong> is a Polish technology company specialising in custom software development and comprehensive IT project support \u2013 from analysis and design, through development and deployment, to maintenance and technical support.<\/p>\n<p data-start=\"379\" data-end=\"769\">The company has offices in <strong data-start=\"406\" data-end=\"419\">Bia\u0142ystok<\/strong> and <strong data-start=\"424\" data-end=\"432\">\u0141\u00f3d\u017a<\/strong>, but its operations go far beyond Poland. A team of over 100 professionals delivers projects for clients across Europe and the United States.<br data-start=\"574\" data-end=\"577\">Thanks to proven technological and organisational resources, LBPro successfully handles both smaller initiatives and large-scale systems requiring integration with the client\u2019s infrastructure.<\/p>\n<hr data-start=\"771\" data-end=\"774\">\n<h3 data-start=\"776\" data-end=\"801\"><strong data-start=\"780\" data-end=\"801\">Scope of Services<\/strong><\/h3>\n<ul data-start=\"803\" data-end=\"1115\">\n<li data-start=\"803\" data-end=\"874\">\n<p data-start=\"805\" data-end=\"874\">Development of software from scratch or using ready-made components<\/p>\n<\/li>\n<li data-start=\"875\" data-end=\"948\">\n<p data-start=\"877\" data-end=\"948\">Scaling and optimisation of systems that grow along with the business<\/p>\n<\/li>\n<li data-start=\"949\" data-end=\"1050\">\n<p data-start=\"951\" data-end=\"1050\">Hosting and maintenance of production environments \u2013 with a focus on reliability and availability<\/p>\n<\/li>\n<li data-start=\"1051\" data-end=\"1115\">\n<p data-start=\"1053\" data-end=\"1115\">24\/7 technical support and security throughout the entire year<\/p>\n<\/li>\n<\/ul>\n<p data-start=\"1117\" data-end=\"1353\">LBPro also offers <strong data-start=\"1135\" data-end=\"1153\">graphic design<\/strong>, <strong data-start=\"1155\" data-end=\"1178\">business consulting<\/strong>, <strong data-start=\"1180\" data-end=\"1197\">sales support<\/strong>, and <strong data-start=\"1203\" data-end=\"1222\">post-sales care<\/strong> \u2013 everything clients need to focus on their business with full confidence that their technology foundation will not let them down.<\/p>\n<hr data-start=\"1355\" data-end=\"1358\">\n<h3 data-start=\"1360\" data-end=\"1391\"><strong data-start=\"1364\" data-end=\"1391\">Industries and Projects<\/strong><\/h3>\n<p data-start=\"1393\" data-end=\"1691\">LBPro\u2019s portfolio includes solutions for various sectors, such as <strong data-start=\"1459\" data-end=\"1470\">parking<\/strong>, <strong data-start=\"1472\" data-end=\"1482\">HoReCa<\/strong>, <strong data-start=\"1484\" data-end=\"1501\">manufacturing<\/strong>, and <strong data-start=\"1507\" data-end=\"1523\">self-storage<\/strong>.<br data-start=\"1524\" data-end=\"1527\">Completed systems include parking management platforms, warehouse software, loyalty programmes, donation collection systems, and solutions for self-service devices.<\/p>\n<p>More information: <a href=\"https:\/\/lbpro.net\">https:\/\/lbpro.net<\/a><\/p>\n<p>&nbsp;<\/p>\n","protected":false},"excerpt":{"rendered":"<p>Bia\u0142ystok-based Software House LBPro is a Polish technology company specialising in custom software development and<\/p>\n","protected":false},"author":6,"featured_media":0,"parent":28649,"menu_order":0,"comment_status":"closed","ping_status":"closed","template":"","meta":{"_acf_changed":false,"ngg_post_thumbnail":0,"footnotes":""},"class_list":["post-28653","page","type-page","status-publish","hentry"],"acf":[],"yoast_head":"<!-- This site is optimized with the Yoast SEO plugin v27.0 - https:\/\/yoast.com\/product\/yoast-seo-wordpress\/ -->\n<title>LBPro - Foreign Language Centre<\/title>\n<meta name=\"description\" content=\"Bia\u0142ystok-based Software House LBPro is a Polish technology company specialising in custom software development and comprehensive IT project support \u2013\" \/>\n<meta name=\"robots\" content=\"index, follow, max-snippet:-1, max-image-preview:large, max-video-preview:-1\" \/>\n<link rel=\"canonical\" href=\"https:\/\/pb.edu.pl\/sjo\/en\/events\/mock-job-interview-2025\/companies\/lbpro\/\" \/>\n<meta property=\"og:locale\" content=\"en_US\" \/>\n<meta property=\"og:type\" content=\"article\" \/>\n<meta property=\"og:title\" content=\"LBPro - Foreign Language Centre\" \/>\n<meta property=\"og:description\" content=\"Bia\u0142ystok-based Software House LBPro is a Polish technology company specialising in custom software development and comprehensive IT project support \u2013\" \/>\n<meta property=\"og:url\" content=\"https:\/\/pb.edu.pl\/sjo\/en\/events\/mock-job-interview-2025\/companies\/lbpro\/\" \/>\n<meta property=\"og:site_name\" content=\"Foreign Language Centre\" \/>\n<meta property=\"article:modified_time\" content=\"2025-05-23T10:19:25+00:00\" \/>\n<meta property=\"og:image\" content=\"https:\/\/pb.edu.pl\/sjo\/wp-content\/uploads\/sites\/9\/2025\/05\/lbpro.png\" \/>\n\t<meta property=\"og:image:width\" content=\"799\" \/>\n\t<meta property=\"og:image:height\" content=\"533\" \/>\n\t<meta property=\"og:image:type\" content=\"image\/png\" \/>\n<meta name=\"twitter:label1\" content=\"Est. reading time\" \/>\n\t<meta name=\"twitter:data1\" content=\"2 minutes\" \/>\n<script type=\"application\/ld+json\" class=\"yoast-schema-graph\">{\"@context\":\"https:\/\/schema.org\",\"@graph\":[{\"@type\":\"WebPage\",\"@id\":\"https:\/\/pb.edu.pl\/sjo\/en\/events\/mock-job-interview-2025\/companies\/lbpro\/\",\"url\":\"https:\/\/pb.edu.pl\/sjo\/en\/events\/mock-job-interview-2025\/companies\/lbpro\/\",\"name\":\"LBPro - Foreign Language Centre\",\"isPartOf\":{\"@id\":\"https:\/\/pb.edu.pl\/sjo\/#website\"},\"primaryImageOfPage\":{\"@id\":\"https:\/\/pb.edu.pl\/sjo\/en\/events\/mock-job-interview-2025\/companies\/lbpro\/#primaryimage\"},\"image\":{\"@id\":\"https:\/\/pb.edu.pl\/sjo\/en\/events\/mock-job-interview-2025\/companies\/lbpro\/#primaryimage\"},\"thumbnailUrl\":\"https:\/\/pb.edu.pl\/sjo\/wp-content\/uploads\/sites\/9\/2025\/05\/lbpro-300x200.png\",\"datePublished\":\"2025-05-06T12:42:47+00:00\",\"dateModified\":\"2025-05-23T10:19:25+00:00\",\"description\":\"Bia\u0142ystok-based Software House LBPro is a Polish technology company specialising in custom software development and comprehensive IT project support \u2013\",\"breadcrumb\":{\"@id\":\"https:\/\/pb.edu.pl\/sjo\/en\/events\/mock-job-interview-2025\/companies\/lbpro\/#breadcrumb\"},\"inLanguage\":\"en-US\",\"potentialAction\":[{\"@type\":\"ReadAction\",\"target\":[\"https:\/\/pb.edu.pl\/sjo\/en\/events\/mock-job-interview-2025\/companies\/lbpro\/\"]}]},{\"@type\":\"ImageObject\",\"inLanguage\":\"en-US\",\"@id\":\"https:\/\/pb.edu.pl\/sjo\/en\/events\/mock-job-interview-2025\/companies\/lbpro\/#primaryimage\",\"url\":\"https:\/\/pb.edu.pl\/sjo\/wp-content\/uploads\/sites\/9\/2025\/05\/lbpro-300x200.png\",\"contentUrl\":\"https:\/\/pb.edu.pl\/sjo\/wp-content\/uploads\/sites\/9\/2025\/05\/lbpro-300x200.png\"},{\"@type\":\"BreadcrumbList\",\"@id\":\"https:\/\/pb.edu.pl\/sjo\/en\/events\/mock-job-interview-2025\/companies\/lbpro\/#breadcrumb\",\"itemListElement\":[{\"@type\":\"ListItem\",\"position\":1,\"name\":\"Home\",\"item\":\"https:\/\/pb.edu.pl\/sjo\/en\/\"},{\"@type\":\"ListItem\",\"position\":2,\"name\":\"Events\",\"item\":\"https:\/\/pb.edu.pl\/sjo\/en\/events\/\"},{\"@type\":\"ListItem\",\"position\":3,\"name\":\"Mock Job Interview 2025\",\"item\":\"https:\/\/pb.edu.pl\/sjo\/en\/events\/mock-job-interview-2025\/\"},{\"@type\":\"ListItem\",\"position\":4,\"name\":\"Companies\",\"item\":\"https:\/\/pb.edu.pl\/sjo\/en\/events\/mock-job-interview-2025\/companies\/\"},{\"@type\":\"ListItem\",\"position\":5,\"name\":\"LBPro\"}]},{\"@type\":\"WebSite\",\"@id\":\"https:\/\/pb.edu.pl\/sjo\/#website\",\"url\":\"https:\/\/pb.edu.pl\/sjo\/\",\"name\":\"Foreign Language Centre\",\"description\":\"\",\"potentialAction\":[{\"@type\":\"SearchAction\",\"target\":{\"@type\":\"EntryPoint\",\"urlTemplate\":\"https:\/\/pb.edu.pl\/sjo\/?s={search_term_string}\"},\"query-input\":{\"@type\":\"PropertyValueSpecification\",\"valueRequired\":true,\"valueName\":\"search_term_string\"}}],\"inLanguage\":\"en-US\"}]}<\/script>\n<!-- \/ Yoast SEO plugin. -->","yoast_head_json":{"title":"LBPro - Foreign Language Centre","description":"Bia\u0142ystok-based Software House LBPro is a Polish technology company specialising in custom software development and comprehensive IT project support \u2013","robots":{"index":"index","follow":"follow","max-snippet":"max-snippet:-1","max-image-preview":"max-image-preview:large","max-video-preview":"max-video-preview:-1"},"canonical":"https:\/\/pb.edu.pl\/sjo\/en\/events\/mock-job-interview-2025\/companies\/lbpro\/","og_locale":"en_US","og_type":"article","og_title":"LBPro - Foreign Language Centre","og_description":"Bia\u0142ystok-based Software House LBPro is a Polish technology company specialising in custom software development and comprehensive IT project support \u2013","og_url":"https:\/\/pb.edu.pl\/sjo\/en\/events\/mock-job-interview-2025\/companies\/lbpro\/","og_site_name":"Foreign Language Centre","article_modified_time":"2025-05-23T10:19:25+00:00","og_image":[{"width":799,"height":533,"url":"https:\/\/pb.edu.pl\/sjo\/wp-content\/uploads\/sites\/9\/2025\/05\/lbpro.png","type":"image\/png"}],"twitter_misc":{"Est. reading time":"2 minutes"},"schema":{"@context":"https:\/\/schema.org","@graph":[{"@type":"WebPage","@id":"https:\/\/pb.edu.pl\/sjo\/en\/events\/mock-job-interview-2025\/companies\/lbpro\/","url":"https:\/\/pb.edu.pl\/sjo\/en\/events\/mock-job-interview-2025\/companies\/lbpro\/","name":"LBPro - Foreign Language Centre","isPartOf":{"@id":"https:\/\/pb.edu.pl\/sjo\/#website"},"primaryImageOfPage":{"@id":"https:\/\/pb.edu.pl\/sjo\/en\/events\/mock-job-interview-2025\/companies\/lbpro\/#primaryimage"},"image":{"@id":"https:\/\/pb.edu.pl\/sjo\/en\/events\/mock-job-interview-2025\/companies\/lbpro\/#primaryimage"},"thumbnailUrl":"https:\/\/pb.edu.pl\/sjo\/wp-content\/uploads\/sites\/9\/2025\/05\/lbpro-300x200.png","datePublished":"2025-05-06T12:42:47+00:00","dateModified":"2025-05-23T10:19:25+00:00","description":"Bia\u0142ystok-based Software House LBPro is a Polish technology company specialising in custom software development and comprehensive IT project support \u2013","breadcrumb":{"@id":"https:\/\/pb.edu.pl\/sjo\/en\/events\/mock-job-interview-2025\/companies\/lbpro\/#breadcrumb"},"inLanguage":"en-US","potentialAction":[{"@type":"ReadAction","target":["https:\/\/pb.edu.pl\/sjo\/en\/events\/mock-job-interview-2025\/companies\/lbpro\/"]}]},{"@type":"ImageObject","inLanguage":"en-US","@id":"https:\/\/pb.edu.pl\/sjo\/en\/events\/mock-job-interview-2025\/companies\/lbpro\/#primaryimage","url":"https:\/\/pb.edu.pl\/sjo\/wp-content\/uploads\/sites\/9\/2025\/05\/lbpro-300x200.png","contentUrl":"https:\/\/pb.edu.pl\/sjo\/wp-content\/uploads\/sites\/9\/2025\/05\/lbpro-300x200.png"},{"@type":"BreadcrumbList","@id":"https:\/\/pb.edu.pl\/sjo\/en\/events\/mock-job-interview-2025\/companies\/lbpro\/#breadcrumb","itemListElement":[{"@type":"ListItem","position":1,"name":"Home","item":"https:\/\/pb.edu.pl\/sjo\/en\/"},{"@type":"ListItem","position":2,"name":"Events","item":"https:\/\/pb.edu.pl\/sjo\/en\/events\/"},{"@type":"ListItem","position":3,"name":"Mock Job Interview 2025","item":"https:\/\/pb.edu.pl\/sjo\/en\/events\/mock-job-interview-2025\/"},{"@type":"ListItem","position":4,"name":"Companies","item":"https:\/\/pb.edu.pl\/sjo\/en\/events\/mock-job-interview-2025\/companies\/"},{"@type":"ListItem","position":5,"name":"LBPro"}]},{"@type":"WebSite","@id":"https:\/\/pb.edu.pl\/sjo\/#website","url":"https:\/\/pb.edu.pl\/sjo\/","name":"Foreign Language Centre","description":"","potentialAction":[{"@type":"SearchAction","target":{"@type":"EntryPoint","urlTemplate":"https:\/\/pb.edu.pl\/sjo\/?s={search_term_string}"},"query-input":{"@type":"PropertyValueSpecification","valueRequired":true,"valueName":"search_term_string"}}],"inLanguage":"en-US"}]}},"_links":{"self":[{"href":"https:\/\/pb.edu.pl\/sjo\/en\/wp-json\/wp\/v2\/pages\/28653","targetHints":{"allow":["GET"]}}],"collection":[{"href":"https:\/\/pb.edu.pl\/sjo\/en\/wp-json\/wp\/v2\/pages"}],"about":[{"href":"https:\/\/pb.edu.pl\/sjo\/en\/wp-json\/wp\/v2\/types\/page"}],"author":[{"embeddable":true,"href":"https:\/\/pb.edu.pl\/sjo\/en\/wp-json\/wp\/v2\/users\/6"}],"replies":[{"embeddable":true,"href":"https:\/\/pb.edu.pl\/sjo\/en\/wp-json\/wp\/v2\/comments?post=28653"}],"version-history":[{"count":0,"href":"https:\/\/pb.edu.pl\/sjo\/en\/wp-json\/wp\/v2\/pages\/28653\/revisions"}],"up":[{"embeddable":true,"href":"https:\/\/pb.edu.pl\/sjo\/en\/wp-json\/wp\/v2\/pages\/28649"}],"wp:attachment":[{"href":"https:\/\/pb.edu.pl\/sjo\/en\/wp-json\/wp\/v2\/media?parent=28653"}],"curies":[{"name":"wp","href":"https:\/\/api.w.org\/{rel}","templated":true}]}}