{"id":28571,"date":"2025-04-25T12:55:04","date_gmt":"2025-04-25T10:55:04","guid":{"rendered":"https:\/\/pb.edu.pl\/sjo\/events\/mock-job-interview-2025\/wydarzenie\/"},"modified":"2025-05-21T10:58:02","modified_gmt":"2025-05-21T08:58:02","slug":"event","status":"publish","type":"page","link":"https:\/\/pb.edu.pl\/sjo\/en\/events\/mock-job-interview-2025\/event\/","title":{"rendered":"Event"},"content":{"rendered":"<h3 class=\"\" data-start=\"172\" data-end=\"244\"><strong data-start=\"176\" data-end=\"244\">Mock Job Interview 2025 \u2013 Prepare for a Job Interview in English<\/strong><\/h3>\n<div class=\"row\">\n<div class=\"col-sm-4\">\n<div class=\"embed-responsive embed-responsive-16by9\"><iframe loading=\"lazy\" title=\"Ju\u017c wiedz\u0105, jak przygotowa\u0107 si\u0119 do rozmowy kwalifikacyjnej\" width=\"500\" height=\"281\" src=\"https:\/\/www.youtube.com\/embed\/fF9cLvdqt0g?feature=oembed\" frameborder=\"0\" allow=\"accelerometer; autoplay; clipboard-write; encrypted-media; gyroscope; picture-in-picture; web-share\" referrerpolicy=\"strict-origin-when-cross-origin\" allowfullscreen><\/iframe><\/div>\n<\/div>\n<p class=\"\" data-start=\"246\" data-end=\"436\">Have you ever considered working in an international environment?<br data-start=\"311\" data-end=\"314\">Did you know that many companies assess your English during a job interview \u2013 even if the language won\u2019t be used later on?<\/p>\n<p class=\"\" data-start=\"438\" data-end=\"740\">It doesn\u2019t matter whether you\u2019re planning to live near Bialystok, in Wroc\u0142aw, Venice, or Hawaii \u2013 nowadays, you can work from almost anywhere in the world.<br data-start=\"593\" data-end=\"596\">Opportunities are open not only in international companies but also in Polish ones where people from all over the world often work side by side.<\/p>\n<p class=\"\" data-start=\"742\" data-end=\"906\">The knowledge and skills you gain while studying at Bialystok University of Technology are a great gateway to internships and employment in many exciting companies.<\/p>\n<p class=\"\" data-start=\"908\" data-end=\"1072\">Conversations with students show that the first step \u2013 the job interview \u2013 often feels the most intimidating.<br data-start=\"1017\" data-end=\"1020\">We want to show you that it\u2019s easier than you think!<\/p>\n<p class=\"\" data-start=\"1074\" data-end=\"1335\">The <strong data-start=\"1078\" data-end=\"1105\">Foreign Language Centre<\/strong> and the <strong data-start=\"1114\" data-end=\"1164\">Career Development and Alumni Relations Office<\/strong> invite you to <strong data-start=\"1179\" data-end=\"1206\">Mock Job Interview 2025<\/strong> \u2013 an event where you\u2019ll prepare for a job interview and then take part in a real simulation in English with a company recruiter.<\/p>\n<hr class=\"\" data-start=\"1337\" data-end=\"1340\">\n<h3 class=\"\" data-start=\"1342\" data-end=\"1378\"><strong data-start=\"1346\" data-end=\"1378\">Mock Job Interview includes:<\/strong><\/h3>\n<ul data-start=\"1380\" data-end=\"1836\">\n<li class=\"\" data-start=\"1380\" data-end=\"1449\">\n<p class=\"\" data-start=\"1382\" data-end=\"1449\">workshops and presentations on how to prepare for job interviews,<\/p>\n<\/li>\n<li class=\"\" data-start=\"1450\" data-end=\"1527\">\n<p class=\"\" data-start=\"1452\" data-end=\"1527\">individual consultations with a career advisor on creating a valuable CV,<\/p>\n<\/li>\n<li class=\"\" data-start=\"1528\" data-end=\"1623\">\n<p class=\"\" data-start=\"1530\" data-end=\"1623\">job interview simulations in English with native speakers from the Foreign Language Centre,<\/p>\n<\/li>\n<li class=\"\" data-start=\"1624\" data-end=\"1713\">\n<p class=\"\" data-start=\"1626\" data-end=\"1713\">job interview simulations in Russian with lecturers from the Foreign Language Centre,<\/p>\n<\/li>\n<li class=\"\" data-start=\"1714\" data-end=\"1836\">\n<p class=\"\" data-start=\"1716\" data-end=\"1836\">job interview simulations in English with recruiters from companies cooperating with Bialystok University of Technology.<\/p>\n<\/li>\n<\/ul>\n<hr class=\"\" data-start=\"1838\" data-end=\"1841\">\n<h3 class=\"\" data-start=\"1843\" data-end=\"1858\"><strong data-start=\"1847\" data-end=\"1856\">When?<\/strong><\/h3>\n<p class=\"\" data-start=\"1859\" data-end=\"1913\">?\ufe0f <strong data-start=\"1863\" data-end=\"1890\">4 June 2025 (Wednesday)<\/strong><br data-start=\"1890\" data-end=\"1893\">? 9:00 AM \u2013 2:00 PM<\/p>\n<p class=\"\" data-start=\"1915\" data-end=\"2147\"><strong data-start=\"1915\" data-end=\"1959\">9:00\u201312:00 \u2013 Language and Skills Session<\/strong><br data-start=\"1959\" data-end=\"1962\">A series of presentations and short workshops led by experts from the Foreign Language Centre, covering language accuracy, interview strategies and key issues related to job interviews.<\/p>\n<p class=\"\" data-start=\"2149\" data-end=\"2255\"><strong data-start=\"2149\" data-end=\"2183\">12:00\u201314:00 \u2013 Practice Session<\/strong><br data-start=\"2183\" data-end=\"2186\">Mock interviews in English with representatives of invited companies.<\/p>\n<hr class=\"\" data-start=\"2257\" data-end=\"2260\">\n<h3 class=\"\" data-start=\"2262\" data-end=\"2278\"><strong data-start=\"2266\" data-end=\"2276\">Where?<\/strong><\/h3>\n<p class=\"\" data-start=\"2279\" data-end=\"2386\">? Centre for Modern Education,<br data-start=\"2310\" data-end=\"2313\">ul. Zwierzyniecka 16, Bia\u0142ystok<br data-start=\"2344\" data-end=\"2347\">(open space and rooms on the 2nd floor)<\/p>\n<hr class=\"\" data-start=\"2388\" data-end=\"2391\">\n<h3 class=\"\" data-start=\"2393\" data-end=\"2423\"><strong data-start=\"2397\" data-end=\"2421\">Who can participate?<\/strong><\/h3>\n<p class=\"\" data-start=\"2424\" data-end=\"2555\">The event is open to all students, doctoral candidates, and graduates of Bialystok University of Technology and other universities.<\/p>\n","protected":false},"excerpt":{"rendered":"<p>Mock Job Interview 2025 \u2013 Prepare for a Job Interview in English Have you ever<\/p>\n","protected":false},"author":6,"featured_media":0,"parent":28570,"menu_order":0,"comment_status":"closed","ping_status":"closed","template":"","meta":{"_acf_changed":false,"ngg_post_thumbnail":0,"footnotes":""},"class_list":["post-28571","page","type-page","status-publish","hentry"],"acf":[],"yoast_head":"<!-- This site is optimized with the Yoast SEO plugin v27.0 - https:\/\/yoast.com\/product\/yoast-seo-wordpress\/ -->\n<title>Event - Foreign Language Centre<\/title>\n<meta name=\"description\" content=\"Mock Job Interview 2025 \u2013 Prepare for a Job Interview in English Have you ever considered working in an international environment?Did you know that many\" \/>\n<meta name=\"robots\" content=\"index, follow, max-snippet:-1, max-image-preview:large, max-video-preview:-1\" \/>\n<link rel=\"canonical\" href=\"https:\/\/pb.edu.pl\/sjo\/en\/events\/mock-job-interview-2025\/event\/\" \/>\n<meta property=\"og:locale\" content=\"en_US\" \/>\n<meta property=\"og:type\" content=\"article\" \/>\n<meta property=\"og:title\" content=\"Event - Foreign Language Centre\" \/>\n<meta property=\"og:description\" content=\"Mock Job Interview 2025 \u2013 Prepare for a Job Interview in English Have you ever considered working in an international environment?Did you know that many\" \/>\n<meta property=\"og:url\" content=\"https:\/\/pb.edu.pl\/sjo\/en\/events\/mock-job-interview-2025\/event\/\" \/>\n<meta property=\"og:site_name\" content=\"Foreign Language Centre\" \/>\n<meta property=\"article:modified_time\" content=\"2025-05-21T08:58:02+00:00\" \/>\n<meta name=\"twitter:label1\" content=\"Est. reading time\" \/>\n\t<meta name=\"twitter:data1\" content=\"3 minutes\" \/>\n<script type=\"application\/ld+json\" class=\"yoast-schema-graph\">{\"@context\":\"https:\/\/schema.org\",\"@graph\":[{\"@type\":\"WebPage\",\"@id\":\"https:\/\/pb.edu.pl\/sjo\/en\/events\/mock-job-interview-2025\/event\/\",\"url\":\"https:\/\/pb.edu.pl\/sjo\/en\/events\/mock-job-interview-2025\/event\/\",\"name\":\"Event - Foreign Language Centre\",\"isPartOf\":{\"@id\":\"https:\/\/pb.edu.pl\/sjo\/#website\"},\"datePublished\":\"2025-04-25T10:55:04+00:00\",\"dateModified\":\"2025-05-21T08:58:02+00:00\",\"description\":\"Mock Job Interview 2025 \u2013 Prepare for a Job Interview in English Have you ever considered working in an international environment?Did you know that many\",\"breadcrumb\":{\"@id\":\"https:\/\/pb.edu.pl\/sjo\/en\/events\/mock-job-interview-2025\/event\/#breadcrumb\"},\"inLanguage\":\"en-US\",\"potentialAction\":[{\"@type\":\"ReadAction\",\"target\":[\"https:\/\/pb.edu.pl\/sjo\/en\/events\/mock-job-interview-2025\/event\/\"]}]},{\"@type\":\"BreadcrumbList\",\"@id\":\"https:\/\/pb.edu.pl\/sjo\/en\/events\/mock-job-interview-2025\/event\/#breadcrumb\",\"itemListElement\":[{\"@type\":\"ListItem\",\"position\":1,\"name\":\"Home\",\"item\":\"https:\/\/pb.edu.pl\/sjo\/en\/\"},{\"@type\":\"ListItem\",\"position\":2,\"name\":\"Events\",\"item\":\"https:\/\/pb.edu.pl\/sjo\/en\/events\/\"},{\"@type\":\"ListItem\",\"position\":3,\"name\":\"Mock Job Interview 2025\",\"item\":\"https:\/\/pb.edu.pl\/sjo\/en\/events\/mock-job-interview-2025\/\"},{\"@type\":\"ListItem\",\"position\":4,\"name\":\"Event\"}]},{\"@type\":\"WebSite\",\"@id\":\"https:\/\/pb.edu.pl\/sjo\/#website\",\"url\":\"https:\/\/pb.edu.pl\/sjo\/\",\"name\":\"Foreign Language Centre\",\"description\":\"\",\"potentialAction\":[{\"@type\":\"SearchAction\",\"target\":{\"@type\":\"EntryPoint\",\"urlTemplate\":\"https:\/\/pb.edu.pl\/sjo\/?s={search_term_string}\"},\"query-input\":{\"@type\":\"PropertyValueSpecification\",\"valueRequired\":true,\"valueName\":\"search_term_string\"}}],\"inLanguage\":\"en-US\"}]}<\/script>\n<!-- \/ Yoast SEO plugin. -->","yoast_head_json":{"title":"Event - Foreign Language Centre","description":"Mock Job Interview 2025 \u2013 Prepare for a Job Interview in English Have you ever considered working in an international environment?Did you know that many","robots":{"index":"index","follow":"follow","max-snippet":"max-snippet:-1","max-image-preview":"max-image-preview:large","max-video-preview":"max-video-preview:-1"},"canonical":"https:\/\/pb.edu.pl\/sjo\/en\/events\/mock-job-interview-2025\/event\/","og_locale":"en_US","og_type":"article","og_title":"Event - Foreign Language Centre","og_description":"Mock Job Interview 2025 \u2013 Prepare for a Job Interview in English Have you ever considered working in an international environment?Did you know that many","og_url":"https:\/\/pb.edu.pl\/sjo\/en\/events\/mock-job-interview-2025\/event\/","og_site_name":"Foreign Language Centre","article_modified_time":"2025-05-21T08:58:02+00:00","twitter_misc":{"Est. reading time":"3 minutes"},"schema":{"@context":"https:\/\/schema.org","@graph":[{"@type":"WebPage","@id":"https:\/\/pb.edu.pl\/sjo\/en\/events\/mock-job-interview-2025\/event\/","url":"https:\/\/pb.edu.pl\/sjo\/en\/events\/mock-job-interview-2025\/event\/","name":"Event - Foreign Language Centre","isPartOf":{"@id":"https:\/\/pb.edu.pl\/sjo\/#website"},"datePublished":"2025-04-25T10:55:04+00:00","dateModified":"2025-05-21T08:58:02+00:00","description":"Mock Job Interview 2025 \u2013 Prepare for a Job Interview in English Have you ever considered working in an international environment?Did you know that many","breadcrumb":{"@id":"https:\/\/pb.edu.pl\/sjo\/en\/events\/mock-job-interview-2025\/event\/#breadcrumb"},"inLanguage":"en-US","potentialAction":[{"@type":"ReadAction","target":["https:\/\/pb.edu.pl\/sjo\/en\/events\/mock-job-interview-2025\/event\/"]}]},{"@type":"BreadcrumbList","@id":"https:\/\/pb.edu.pl\/sjo\/en\/events\/mock-job-interview-2025\/event\/#breadcrumb","itemListElement":[{"@type":"ListItem","position":1,"name":"Home","item":"https:\/\/pb.edu.pl\/sjo\/en\/"},{"@type":"ListItem","position":2,"name":"Events","item":"https:\/\/pb.edu.pl\/sjo\/en\/events\/"},{"@type":"ListItem","position":3,"name":"Mock Job Interview 2025","item":"https:\/\/pb.edu.pl\/sjo\/en\/events\/mock-job-interview-2025\/"},{"@type":"ListItem","position":4,"name":"Event"}]},{"@type":"WebSite","@id":"https:\/\/pb.edu.pl\/sjo\/#website","url":"https:\/\/pb.edu.pl\/sjo\/","name":"Foreign Language Centre","description":"","potentialAction":[{"@type":"SearchAction","target":{"@type":"EntryPoint","urlTemplate":"https:\/\/pb.edu.pl\/sjo\/?s={search_term_string}"},"query-input":{"@type":"PropertyValueSpecification","valueRequired":true,"valueName":"search_term_string"}}],"inLanguage":"en-US"}]}},"_links":{"self":[{"href":"https:\/\/pb.edu.pl\/sjo\/en\/wp-json\/wp\/v2\/pages\/28571","targetHints":{"allow":["GET"]}}],"collection":[{"href":"https:\/\/pb.edu.pl\/sjo\/en\/wp-json\/wp\/v2\/pages"}],"about":[{"href":"https:\/\/pb.edu.pl\/sjo\/en\/wp-json\/wp\/v2\/types\/page"}],"author":[{"embeddable":true,"href":"https:\/\/pb.edu.pl\/sjo\/en\/wp-json\/wp\/v2\/users\/6"}],"replies":[{"embeddable":true,"href":"https:\/\/pb.edu.pl\/sjo\/en\/wp-json\/wp\/v2\/comments?post=28571"}],"version-history":[{"count":0,"href":"https:\/\/pb.edu.pl\/sjo\/en\/wp-json\/wp\/v2\/pages\/28571\/revisions"}],"up":[{"embeddable":true,"href":"https:\/\/pb.edu.pl\/sjo\/en\/wp-json\/wp\/v2\/pages\/28570"}],"wp:attachment":[{"href":"https:\/\/pb.edu.pl\/sjo\/en\/wp-json\/wp\/v2\/media?parent=28571"}],"curies":[{"name":"wp","href":"https:\/\/api.w.org\/{rel}","templated":true}]}}