{"id":27318,"date":"2018-11-18T10:00:00","date_gmt":"2018-11-18T09:00:00","guid":{"rendered":"https:\/\/pb.edu.pl\/sjo\/foreign-students\/exams\/technical-english-certificate\/"},"modified":"2024-10-31T11:50:03","modified_gmt":"2024-10-31T10:50:03","slug":"technical-english-certificate","status":"publish","type":"page","link":"https:\/\/pb.edu.pl\/sjo\/en\/foreign-students\/exams\/technical-english-certificate\/","title":{"rendered":"Technical English Certificate"},"content":{"rendered":"<p><strong><span style=\"font-size: 18pt\"><img loading=\"lazy\" decoding=\"async\" class=\"size-medium wp-image-495 alignleft\" src=\"https:\/\/pb.edu.pl\/sjo\/wp-content\/uploads\/sites\/9\/2023\/03\/technical-english-certificate-799\u00d7533-px1.png\" alt=\"\" width=\"300\" height=\"200\"><\/span><\/strong><\/p>\n<ul>\n<li><span style=\"font-weight: 400\">the only technical exam in the region<\/span><\/li>\n<li><span style=\"font-weight: 400\">verifies the competences and skills required by employers<\/span><\/li>\n<li><span style=\"font-weight: 400\">consists of two parts &#8211; a written and oral part<\/span><\/li>\n<li><span style=\"font-weight: 400\">the certificate includes a detailed description of the tested competences<\/span><\/li>\n<li><span style=\"font-weight: 400\">affordable price<\/span><\/li>\n<li><span style=\"font-weight: 400\">it exempts students from the examination at the end of the language course<\/span><\/li>\n<\/ul>\n<p><b>&nbsp;TEC exam &#8211; worth taking if&#8230;<\/b><\/p>\n<p><span style=\"font-weight: 400\">\u2013 you plan on working in the technical\/industrial field,<\/span><\/p>\n<p><span style=\"font-weight: 400\">\u2013 your English level is B2 or higher,<\/span><\/p>\n<p><span style=\"font-weight: 400\">\u2013 you want to verify your verbal and written language skills.<\/span><\/p>\n<p>&nbsp;<\/p>\n<p><span style=\"font-size: 18pt\"><strong>The next exam date is 23 November 2024 and we also offer one-to-one sessions on a date of the examinee&#8217;s choice.<\/strong><\/span><\/p>\n<p>&nbsp;<\/p>\n<p><b>Sign up via e-mail:<\/b><span style=\"font-weight: 400\"> Urszula Socho\u0144, MA,<\/span> <i class=\"fa fa-envelope-o\" aria-hidden=\"true\"><\/i> <a href=\"#\" rel=\"nofollow\"  onclick=\"this.href='mailto:' + 'u.sochon' + '@' + 'pb.edu.pl'\">u.sochon [at] pb.edu.pl<\/a>\n<p><span style=\"font-weight: 400\">The examination fee is PLN 199.<\/span><\/p>\n<p><span style=\"font-weight: 400\">The examination fee should be paid to the account of Bialystok University of Technology:<\/span><\/p>\n<p><b>BANK PEKAO SA 30 1240 1154 1111 0000 2148 7604<\/b><\/p>\n<p><span style=\"font-weight: 400\">The examination will take place with a minimum of five examinees.<\/span><\/p>\n<p>&nbsp;<br \/>\n<a class=\"pdf\" href=\"https:\/\/pb.edu.pl\/sjo\/wp-content\/uploads\/sites\/9\/2018\/11\/TEC-opis-poszczeg\u00f3lnych-cz\u0119\u015bci-i-przyk\u0142ady-polece\u0144.pdf\" target=\"_blank\" rel=\"noopener noreferrer\"><strong>TEC &#8211; description of the individual parts and exercise examples (233 KB)<\/strong><\/a><\/p>\n<p><a class=\"jpg\" href=\"https:\/\/pb.edu.pl\/sjo\/wp-content\/uploads\/sites\/9\/2018\/11\/TEC-pierwsza-strona-certyfikatu-1.jpg\" target=\"_blank\" rel=\"noopener noreferrer\">TEC &#8211; the front of the certificate (131 KB)<\/a><\/p>\n<p><a class=\"jpg\" href=\"https:\/\/pb.edu.pl\/sjo\/wp-content\/uploads\/sites\/9\/2018\/11\/TEC-druga-strona-certyfikatu-1.jpg\" target=\"_blank\" rel=\"noopener noreferrer\">TEC &#8211; the back of the certificate (204 KB)<\/a><\/p>\n","protected":false},"excerpt":{"rendered":"<p>the only technical exam in the region verifies the competences and skills required by employers<\/p>\n","protected":false},"author":6,"featured_media":0,"parent":16545,"menu_order":0,"comment_status":"closed","ping_status":"closed","template":"","meta":{"_acf_changed":false,"ngg_post_thumbnail":0,"footnotes":""},"class_list":["post-27318","page","type-page","status-publish","hentry"],"acf":[],"yoast_head":"<!-- This site is optimized with the Yoast SEO plugin v27.0 - https:\/\/yoast.com\/product\/yoast-seo-wordpress\/ -->\n<title>Technical English Certificate - Foreign Language Centre<\/title>\n<meta name=\"description\" content=\"the only technical exam in the region verifies the competences and skills required by employers consists of two parts - a written and oral part the\" \/>\n<meta name=\"robots\" content=\"index, follow, max-snippet:-1, max-image-preview:large, max-video-preview:-1\" \/>\n<link rel=\"canonical\" href=\"https:\/\/pb.edu.pl\/sjo\/en\/foreign-students\/exams\/technical-english-certificate\/\" \/>\n<meta property=\"og:locale\" content=\"en_US\" \/>\n<meta property=\"og:type\" content=\"article\" \/>\n<meta property=\"og:title\" content=\"Technical English Certificate - Foreign Language Centre\" \/>\n<meta property=\"og:description\" content=\"the only technical exam in the region verifies the competences and skills required by employers consists of two parts - a written and oral part the\" \/>\n<meta property=\"og:url\" content=\"https:\/\/pb.edu.pl\/sjo\/en\/foreign-students\/exams\/technical-english-certificate\/\" \/>\n<meta property=\"og:site_name\" content=\"Foreign Language Centre\" \/>\n<meta property=\"article:modified_time\" content=\"2024-10-31T10:50:03+00:00\" \/>\n<meta name=\"twitter:label1\" content=\"Est. reading time\" \/>\n\t<meta name=\"twitter:data1\" content=\"2 minutes\" \/>\n<script type=\"application\/ld+json\" class=\"yoast-schema-graph\">{\"@context\":\"https:\/\/schema.org\",\"@graph\":[{\"@type\":\"WebPage\",\"@id\":\"https:\/\/pb.edu.pl\/sjo\/en\/foreign-students\/exams\/technical-english-certificate\/\",\"url\":\"https:\/\/pb.edu.pl\/sjo\/en\/foreign-students\/exams\/technical-english-certificate\/\",\"name\":\"Technical English Certificate - Foreign Language Centre\",\"isPartOf\":{\"@id\":\"https:\/\/pb.edu.pl\/sjo\/#website\"},\"datePublished\":\"2018-11-18T09:00:00+00:00\",\"dateModified\":\"2024-10-31T10:50:03+00:00\",\"description\":\"the only technical exam in the region verifies the competences and skills required by employers consists of two parts - a written and oral part the\",\"breadcrumb\":{\"@id\":\"https:\/\/pb.edu.pl\/sjo\/en\/foreign-students\/exams\/technical-english-certificate\/#breadcrumb\"},\"inLanguage\":\"en-US\",\"potentialAction\":[{\"@type\":\"ReadAction\",\"target\":[\"https:\/\/pb.edu.pl\/sjo\/en\/foreign-students\/exams\/technical-english-certificate\/\"]}]},{\"@type\":\"BreadcrumbList\",\"@id\":\"https:\/\/pb.edu.pl\/sjo\/en\/foreign-students\/exams\/technical-english-certificate\/#breadcrumb\",\"itemListElement\":[{\"@type\":\"ListItem\",\"position\":1,\"name\":\"Home\",\"item\":\"https:\/\/pb.edu.pl\/sjo\/en\/\"},{\"@type\":\"ListItem\",\"position\":2,\"name\":\"Foreign students\",\"item\":\"https:\/\/pb.edu.pl\/sjo\/en\/foreign-students\/\"},{\"@type\":\"ListItem\",\"position\":3,\"name\":\"Exams\",\"item\":\"https:\/\/pb.edu.pl\/sjo\/en\/foreign-students\/exams\/\"},{\"@type\":\"ListItem\",\"position\":4,\"name\":\"Technical English Certificate\"}]},{\"@type\":\"WebSite\",\"@id\":\"https:\/\/pb.edu.pl\/sjo\/#website\",\"url\":\"https:\/\/pb.edu.pl\/sjo\/\",\"name\":\"Foreign Language Centre\",\"description\":\"\",\"potentialAction\":[{\"@type\":\"SearchAction\",\"target\":{\"@type\":\"EntryPoint\",\"urlTemplate\":\"https:\/\/pb.edu.pl\/sjo\/?s={search_term_string}\"},\"query-input\":{\"@type\":\"PropertyValueSpecification\",\"valueRequired\":true,\"valueName\":\"search_term_string\"}}],\"inLanguage\":\"en-US\"}]}<\/script>\n<!-- \/ Yoast SEO plugin. -->","yoast_head_json":{"title":"Technical English Certificate - Foreign Language Centre","description":"the only technical exam in the region verifies the competences and skills required by employers consists of two parts - a written and oral part the","robots":{"index":"index","follow":"follow","max-snippet":"max-snippet:-1","max-image-preview":"max-image-preview:large","max-video-preview":"max-video-preview:-1"},"canonical":"https:\/\/pb.edu.pl\/sjo\/en\/foreign-students\/exams\/technical-english-certificate\/","og_locale":"en_US","og_type":"article","og_title":"Technical English Certificate - Foreign Language Centre","og_description":"the only technical exam in the region verifies the competences and skills required by employers consists of two parts - a written and oral part the","og_url":"https:\/\/pb.edu.pl\/sjo\/en\/foreign-students\/exams\/technical-english-certificate\/","og_site_name":"Foreign Language Centre","article_modified_time":"2024-10-31T10:50:03+00:00","twitter_misc":{"Est. reading time":"2 minutes"},"schema":{"@context":"https:\/\/schema.org","@graph":[{"@type":"WebPage","@id":"https:\/\/pb.edu.pl\/sjo\/en\/foreign-students\/exams\/technical-english-certificate\/","url":"https:\/\/pb.edu.pl\/sjo\/en\/foreign-students\/exams\/technical-english-certificate\/","name":"Technical English Certificate - Foreign Language Centre","isPartOf":{"@id":"https:\/\/pb.edu.pl\/sjo\/#website"},"datePublished":"2018-11-18T09:00:00+00:00","dateModified":"2024-10-31T10:50:03+00:00","description":"the only technical exam in the region verifies the competences and skills required by employers consists of two parts - a written and oral part the","breadcrumb":{"@id":"https:\/\/pb.edu.pl\/sjo\/en\/foreign-students\/exams\/technical-english-certificate\/#breadcrumb"},"inLanguage":"en-US","potentialAction":[{"@type":"ReadAction","target":["https:\/\/pb.edu.pl\/sjo\/en\/foreign-students\/exams\/technical-english-certificate\/"]}]},{"@type":"BreadcrumbList","@id":"https:\/\/pb.edu.pl\/sjo\/en\/foreign-students\/exams\/technical-english-certificate\/#breadcrumb","itemListElement":[{"@type":"ListItem","position":1,"name":"Home","item":"https:\/\/pb.edu.pl\/sjo\/en\/"},{"@type":"ListItem","position":2,"name":"Foreign students","item":"https:\/\/pb.edu.pl\/sjo\/en\/foreign-students\/"},{"@type":"ListItem","position":3,"name":"Exams","item":"https:\/\/pb.edu.pl\/sjo\/en\/foreign-students\/exams\/"},{"@type":"ListItem","position":4,"name":"Technical English Certificate"}]},{"@type":"WebSite","@id":"https:\/\/pb.edu.pl\/sjo\/#website","url":"https:\/\/pb.edu.pl\/sjo\/","name":"Foreign Language Centre","description":"","potentialAction":[{"@type":"SearchAction","target":{"@type":"EntryPoint","urlTemplate":"https:\/\/pb.edu.pl\/sjo\/?s={search_term_string}"},"query-input":{"@type":"PropertyValueSpecification","valueRequired":true,"valueName":"search_term_string"}}],"inLanguage":"en-US"}]}},"_links":{"self":[{"href":"https:\/\/pb.edu.pl\/sjo\/en\/wp-json\/wp\/v2\/pages\/27318","targetHints":{"allow":["GET"]}}],"collection":[{"href":"https:\/\/pb.edu.pl\/sjo\/en\/wp-json\/wp\/v2\/pages"}],"about":[{"href":"https:\/\/pb.edu.pl\/sjo\/en\/wp-json\/wp\/v2\/types\/page"}],"author":[{"embeddable":true,"href":"https:\/\/pb.edu.pl\/sjo\/en\/wp-json\/wp\/v2\/users\/6"}],"replies":[{"embeddable":true,"href":"https:\/\/pb.edu.pl\/sjo\/en\/wp-json\/wp\/v2\/comments?post=27318"}],"version-history":[{"count":0,"href":"https:\/\/pb.edu.pl\/sjo\/en\/wp-json\/wp\/v2\/pages\/27318\/revisions"}],"up":[{"embeddable":true,"href":"https:\/\/pb.edu.pl\/sjo\/en\/wp-json\/wp\/v2\/pages\/16545"}],"wp:attachment":[{"href":"https:\/\/pb.edu.pl\/sjo\/en\/wp-json\/wp\/v2\/media?parent=27318"}],"curies":[{"name":"wp","href":"https:\/\/api.w.org\/{rel}","templated":true}]}}